{"id":13086,"date":"2024-10-23T13:10:57","date_gmt":"2024-10-23T11:10:57","guid":{"rendered":"https:\/\/paradox24.com\/product\/paradox-by-fellow-black\/"},"modified":"2024-10-23T13:10:57","modified_gmt":"2024-10-23T11:10:57","slug":"paradox-by-fellow-black","status":"publish","type":"product","link":"https:\/\/paradox24.com\/sv\/produkt\/paradox-by-fellow-black\/","title":{"rendered":"Paradox Termomugg fr\u00e5n Fellow &#8211; Svart"},"content":{"rendered":"","protected":false},"excerpt":{"rendered":"<p><span data-sheets-root=\"1\">Paradox fr\u00e5n Fellow \u2013 f\u00f6r att livet \u00e4r ett spel, och varje spelare f\u00f6rtj\u00e4nar en power-up. Utvecklad f\u00f6r dj\u00e4rva drag och of\u00f6rgl\u00f6mliga \u00f6gonblick, denna eleganta, st\u00e4nks\u00e4kra mugg l\u00e5ter dig njuta av kaffets fulla smak p\u00e5 spr\u00e5ng. Spela h\u00e5rt och ta dig an dagen som en \u00e4kta m\u00e4stare!  <\/span><\/p>\n","protected":false},"featured_media":13087,"template":"","meta":[],"product_cat":[100],"product_tag":[],"class_list":{"0":"post-13086","1":"product","2":"type-product","3":"status-publish","4":"has-post-thumbnail","6":"product_cat-thermal-mugs","7":"","9":"first","10":"instock","11":"taxable","12":"shipping-taxable","13":"purchasable","14":"product-type-simple"},"_links":{"self":[{"href":"https:\/\/paradox24.com\/sv\/wp-json\/wp\/v2\/product\/13086","targetHints":{"allow":["GET"]}}],"collection":[{"href":"https:\/\/paradox24.com\/sv\/wp-json\/wp\/v2\/product"}],"about":[{"href":"https:\/\/paradox24.com\/sv\/wp-json\/wp\/v2\/types\/product"}],"wp:featuredmedia":[{"embeddable":true,"href":"https:\/\/paradox24.com\/sv\/wp-json\/wp\/v2\/media\/13087"}],"wp:attachment":[{"href":"https:\/\/paradox24.com\/sv\/wp-json\/wp\/v2\/media?parent=13086"}],"wp:term":[{"taxonomy":"product_cat","embeddable":true,"href":"https:\/\/paradox24.com\/sv\/wp-json\/wp\/v2\/product_cat?post=13086"},{"taxonomy":"product_tag","embeddable":true,"href":"https:\/\/paradox24.com\/sv\/wp-json\/wp\/v2\/product_tag?post=13086"}],"curies":[{"name":"wp","href":"https:\/\/api.w.org\/{rel}","templated":true}]}}