{"id":12278,"date":"2024-10-21T12:30:36","date_gmt":"2024-10-21T11:30:36","guid":{"rendered":"https:\/\/paradox24.com\/product\/paradox-ultimate-space-force-black-w-red\/"},"modified":"2026-04-30T11:32:24","modified_gmt":"2026-04-30T10:32:24","slug":"paradox-ultimate-space-force-black-w-red","status":"publish","type":"product","link":"https:\/\/paradox24.com\/sv\/produkt\/paradox-ultimate-space-force-black-w-red\/","title":{"rendered":"Gamingstol Paradox Ultimate Space Force"},"content":{"rendered":"<div class=\"wpb-content-wrapper\"><p>[vc_row full_width=&#8221;stretch_row&#8221; equal_height=&#8221;yes&#8221; content_placement=&#8221;middle&#8221; css=&#8221;.vc_custom_1736683150728{margin-right: 10% !important;margin-left: 10% !important;}&#8221;][vc_column][vc_column_text css=&#8221;&#8221;]<\/p>\n<h3 style=\"text-align: center\">Paradox Ultimate: Det Professionella Essentiella<\/h3>\n<p>[\/vc_column_text][vc_empty_space height=&#8221;16px&#8221;][vc_row_inner equal_height=&#8221;yes&#8221; content_placement=&#8221;middle&#8221;][vc_column_inner width=&#8221;1\/2&#8243;][vc_single_image image=&#8221;8027&#8243; img_size=&#8221;500&#215;500&#8243; alignment=&#8221;center&#8221; onclick=&#8221;link_image&#8221; css=&#8221;&#8221;][\/vc_column_inner][vc_column_inner width=&#8221;1\/2&#8243;][vc_column_text css=&#8221;&#8221;]<\/p>\n<h4 style=\"text-align: center\"><strong>Kvalitet hela v\u00e4gen<\/strong><\/h4>\n<p style=\"text-align: center\">Det h\u00f6gkvalitativa Next-Gen eco-l\u00e4dret \u00e4r h\u00e5llbart, behagligt att r\u00f6ra vid och milj\u00f6v\u00e4nligt. Alcantara-accenterna ger dig den d\u00e4r sportk\u00e4nslan. Precis som de distinkta kontrasts\u00f6mmarna som p\u00e5minner om racingbilar eller lyxiga modeaccessoarer. <\/p>\n<p>[\/vc_column_text][\/vc_column_inner][\/vc_row_inner][vc_row_inner equal_height=&#8221;yes&#8221; content_placement=&#8221;middle&#8221; el_class=&#8221;swap-on-mobile&#8221;][vc_column_inner width=&#8221;1\/2&#8243;][vc_column_text css=&#8221;&#8221;]<\/p>\n<h4 style=\"text-align: center\">Inbyggd LumbarPro<\/h4>\n<p style=\"text-align: center\">Paradox Ultimate-serien har LumbarPro, ett justerbart tv\u00e5dimensionellt st\u00f6dsystem utformat f\u00f6r att justera din ryggrad och l\u00e4tta p\u00e5 l\u00e4ndryggens sp\u00e4nningar. Diskret inbyggt i ryggst\u00f6det kombinerar det elegans med ergonomisk excellens. <\/p>\n<p>[\/vc_column_text][\/vc_column_inner][vc_column_inner width=&#8221;1\/2&#8243;][vc_single_image image=&#8221;8007&#8243; img_size=&#8221;500&#215;500&#8243; alignment=&#8221;center&#8221; onclick=&#8221;link_image&#8221; css=&#8221;&#8221;][\/vc_column_inner][\/vc_row_inner][vc_row_inner equal_height=&#8221;yes&#8221; content_placement=&#8221;middle&#8221;][vc_column_inner width=&#8221;1\/2&#8243;][vc_single_image image=&#8221;7995&#8243; img_size=&#8221;500&#215;500&#8243; alignment=&#8221;center&#8221; onclick=&#8221;link_image&#8221; css=&#8221;&#8221;][\/vc_column_inner][vc_column_inner width=&#8221;1\/2&#8243;][vc_column_text css=&#8221;&#8221;]<\/p>\n<h4 style=\"text-align: center\"><strong>H\u00f6jdjusterbar Sits<\/strong><\/h4>\n<p style=\"text-align: center\"><span style=\"font-weight: 400\">Perfekt anpassad f\u00f6r personer mellan 165 och 185 cm, v\u00e5r helt justerbara sits s\u00e4kerst\u00e4ller en skr\u00e4ddarsydd passform. Den avancerade pneumatiska mekanismen m\u00f6jligg\u00f6r enkel h\u00f6jdjustering: dra bara i spaken och lyft l\u00e4tt f\u00f6r att h\u00f6ja sitsen, eller tryck ner medan du sitter f\u00f6r att s\u00e4nka den.  Uppn\u00e5 enkelt den ideala ergonomiska positionen &#8211; dina kn\u00e4n b\u00f6r bilda en 90-graders vinkel, och dina armb\u00e5gar b\u00f6r vila bekv\u00e4mt i en 90-graders vinkel p\u00e5 ditt skrivbord. Prioritera placeringen av armb\u00e5garna f\u00f6r att optimera b\u00e5de komfort och produktivitet.<br \/>\n<\/span><\/p>\n<p>[\/vc_column_text][\/vc_column_inner][\/vc_row_inner][vc_row_inner equal_height=&#8221;yes&#8221; content_placement=&#8221;middle&#8221; el_class=&#8221;swap-on-mobile&#8221;][vc_column_inner width=&#8221;1\/2&#8243;][vc_column_text css=&#8221;&#8221;]<\/p>\n<h4 style=\"text-align: center\"><strong>Justerbara Ryggst\u00f6dspositioner upp till Plant L\u00e4ge<\/strong><\/h4>\n<p style=\"text-align: center\">Justera och l\u00e5s ryggst\u00f6det i fyra positioner efter dina behov. Oavsett om du spelar, arbetar eller tar en paus hj\u00e4lper \u00e4ndringen av ryggst\u00f6dets vinkel till att minska p\u00e5frestningen, f\u00f6rb\u00e4ttra h\u00e5llningen och h\u00e5lla dina muskler avslappnade under hela dagen. Du kan justera ryggst\u00f6dets lutningsmost\u00e5nd baserat p\u00e5 din vikt och preferenser. Vrid helt enkelt ratten under s\u00e4tet \u00e5t v\u00e4nster eller h\u00f6ger!   <\/p>\n<p>[\/vc_column_text][\/vc_column_inner][vc_column_inner width=&#8221;1\/2&#8243;][vc_single_image image=&#8221;8035&#8243; img_size=&#8221;500&#215;500&#8243; alignment=&#8221;center&#8221; onclick=&#8221;link_image&#8221; css=&#8221;&#8221;][\/vc_column_inner][\/vc_row_inner][vc_row_inner equal_height=&#8221;yes&#8221; rtl_reverse=&#8221;yes&#8221; content_placement=&#8221;middle&#8221;][vc_column_inner width=&#8221;1\/2&#8243;][vc_single_image image=&#8221;7987&#8243; img_size=&#8221;500&#215;500&#8243; alignment=&#8221;center&#8221; onclick=&#8221;link_image&#8221; css=&#8221;&#8221;][\/vc_column_inner][vc_column_inner width=&#8221;1\/2&#8243;][vc_column_text css=&#8221;&#8221;]<\/p>\n<h4 style=\"text-align: center\">Nackst\u00f6d med stark magnet<\/h4>\n<p style=\"text-align: center\">Den smarta huvudkudden har dubbel funktion &#8211; ger dig perfekt st\u00f6d samtidigt som den adderar stil till din stol. Tack vare starka inbyggda magneter kan du enkelt klicka fast och loss den n\u00e4r du vill. <\/p>\n<p>[\/vc_column_text][\/vc_column_inner][\/vc_row_inner][vc_row_inner equal_height=&#8221;yes&#8221; content_placement=&#8221;middle&#8221; el_class=&#8221;swap-on-mobile&#8221;][vc_column_inner width=&#8221;1\/2&#8243;][vc_column_text css=&#8221;&#8221;]<\/p>\n<h4 style=\"text-align: center\"><strong>FlexMotion 4D Armst\u00f6d<\/strong><\/h4>\n<p style=\"text-align: center\">Justera dem upp och ner f\u00f6r perfekt h\u00f6jd, skjut dem fram\u00e5t och bak\u00e5t f\u00f6r optimal r\u00e4ckvidd, flytta dem i sidled f\u00f6r ideal lateral position och rotera dem f\u00f6r att hitta den b\u00e4sta vinkeln f\u00f6r dina armar och handleder.<\/p>\n<p>[\/vc_column_text][\/vc_column_inner][vc_column_inner el_class=&#8221;twoje-kolumny-selector&#8221; width=&#8221;1\/2&#8243; el_id=&#8221;twoje-kolumny-selector&#8221;][vc_single_image image=&#8221;7999&#8243; img_size=&#8221;500&#215;500&#8243; onclick=&#8221;link_image&#8221; css=&#8221;&#8221;][\/vc_column_inner][\/vc_row_inner][vc_row_inner equal_height=&#8221;yes&#8221; content_placement=&#8221;middle&#8221;][vc_column_inner width=&#8221;1\/2&#8243;][vc_single_image image=&#8221;7983&#8243; img_size=&#8221;500&#215;500&#8243; alignment=&#8221;center&#8221; onclick=&#8221;link_image&#8221; css=&#8221;&#8221;][\/vc_column_inner][vc_column_inner width=&#8221;1\/2&#8243;][vc_column_text css=&#8221;&#8221;]<\/p>\n<h4 style=\"text-align: center\"><strong>TitanCore Bas<\/strong><\/h4>\n<p style=\"text-align: center\">Byggd f\u00f6r att klara upp till 135 kilogram garanterar denna stol l\u00e5ngvarig tillf\u00f6rlitlighet och s\u00e4kerhet, vilket g\u00f6r den till ett utm\u00e4rkt val f\u00f6r b\u00e5de professionellt och personligt bruk.<\/p>\n<p>[\/vc_column_text][\/vc_column_inner][\/vc_row_inner][vc_row_inner equal_height=&#8221;yes&#8221; content_placement=&#8221;middle&#8221;][vc_column_inner width=&#8221;1\/2&#8243;][vc_column_text css=&#8221;&#8221;]<\/p>\n<h4 style=\"text-align: center\"><strong>QuickSpin 360\u00b0 Hjul<\/strong><\/h4>\n<p style=\"text-align: center\">360-graders sv\u00e4ngfunktionen l\u00e5ter dig rotera utan anstr\u00e4ngning i alla riktningar, vilket ger maximal flexibilitet och enkel \u00e5tkomst till alla omr\u00e5den av ditt skrivbord och omgivning &#8211; allt i tystnad.<\/p>\n<p>[\/vc_column_text][\/vc_column_inner][vc_column_inner width=&#8221;1\/2&#8243;][vc_single_image image=&#8221;8059&#8243; img_size=&#8221;500&#215;500&#8243; alignment=&#8221;center&#8221; css=&#8221;&#8221;][\/vc_column_inner][\/vc_row_inner][vc_row_inner equal_height=&#8221;yes&#8221; content_placement=&#8221;middle&#8221; el_class=&#8221;swap-on-mobile&#8221;][vc_column_inner width=&#8221;1\/2&#8243;][vc_single_image image=&#8221;7975&#8243; img_size=&#8221;500&#215;500&#8243; alignment=&#8221;center&#8221; onclick=&#8221;link_image&#8221; css=&#8221;&#8221;][\/vc_column_inner][vc_column_inner width=&#8221;1\/2&#8243;][vc_column_text css=&#8221;&#8221;]<\/p>\n<h4 style=\"text-align: center\"><strong>Enkel Montering<\/strong><\/h4>\n<p style=\"text-align: center\">Tydliga visuella instruktioner g\u00f6r det m\u00f6jligt att montera stolen p\u00e5 mindre \u00e4n 20 minuter. Oavsett om du g\u00f6r det sj\u00e4lv eller med en v\u00e4n &#8211; vi har sett till att det \u00e4r enkelt. <\/p>\n<p>[\/vc_column_text][\/vc_column_inner][\/vc_row_inner][vc_column_text css=&#8221;&#8221;][\/vc_column_text][vc_empty_space height=&#8221;16px&#8221;][vc_column_text css=&#8221;&#8221;]<\/p>\n<h4 style=\"text-align: center\"><strong>Leveransinformation<\/strong><\/h4>\n<p style=\"text-align: center\"><span style=\"font-weight: 400\">Alla v\u00e5ra produkter skickas fr\u00e5n lagret i Polen. Vi anv\u00e4nder specialiserade leveransf\u00f6retag (DHL, DPD, Geis). Leveranstiden beror p\u00e5 din plats, men tar vanligtvis 2-3 arbetsdagar (max 5 dagar). Ditt paket kan delas upp och skickas i flera l\u00e5dor\/leveranser (s\u00e4rskilt om du best\u00e4ller mer \u00e4n en artikel). Alla paket \u00e4r f\u00f6rs\u00e4krade. Vid mottagandet av paketet, kontrollera paketets skick och skriv protokollet med budet.     <\/span><\/p>\n<h4 style=\"text-align: center\"><strong>Garanti<\/strong><\/h4>\n<p style=\"text-align: center\"><span style=\"font-weight: 400\">Vi erbjuder standardgaranti p\u00e5 2 \u00e5r f\u00f6r privatpersoner och 1 \u00e5r f\u00f6r f\u00f6retagskunder.<\/span><\/p>\n<h4 style=\"text-align: center\"><strong>Kvalitetss\u00e4kring <\/strong><\/h4>\n<p style=\"text-align: center\"><span style=\"font-weight: 400\">Alla v\u00e5ra stolar uppfyller mycket strikta EU-standarder (EN) och amerikanska standarder (BIFMA &#8211; Business and Institutional Furniture Manufacturer&#8217;s Association). Alla v\u00e5ra stolar har genomg\u00e5tt 200 000 testcykler, inklusive dynamiska och statiska belastningstest (f\u00f6rest\u00e4ll dig en tung person som s\u00e4tter sig p\u00e5 en stol 200 000 g\u00e5nger!!!), h\u00e5llbarhetstest av sits och ryggst\u00f6d, armst\u00f6dsh\u00e5llfasthetstest, sv\u00e4ngtest, lutningsmekanismtest, hjultest och stabilitetstest. <\/span><\/p>\n<p>[\/vc_column_text][\/vc_column][\/vc_row]<\/p>\n<p>[product_images images=&#8221;17382&#8243;]<\/p>\n<\/div>","protected":false},"excerpt":{"rendered":"<p><span style=\"font-weight: 400\">Minimalistisk men distinkt design, h\u00f6gkvalitativa material och komfort f\u00f6r att hj\u00e4lpa dig n\u00e5 dina m\u00e5l. <\/span><\/p>\n<ul>\n<li style=\"font-weight: 400\"><b>F\u00f6r dem som kr\u00e4ver nedtonad excellens: <\/b><span style=\"font-weight: 400\">Perfekt f\u00f6r proffs och entusiastiska gamers som s\u00f6ker lyx och f\u00f6rfining.<br \/><\/span><\/li>\n<li style=\"font-weight: 400\"><b>Minimalistisk, tidl\u00f6s design: <\/b><span style=\"font-weight: 400\">Elegant och diskret, passar s\u00f6ml\u00f6st in i alla professionella eller high-end gaming-setupper.<br \/><\/span><\/li>\n<li style=\"font-weight: 400\"><b>Material av h\u00f6gsta kvalitet:<\/b><span style=\"font-weight: 400\"> Tillverkad med de finaste materialen f\u00f6r h\u00e5llbarhet och premium komfort.<br \/><\/span><\/li>\n<li style=\"font-weight: 400\"><b>\u00d6verl\u00e4gsna mekanismer f\u00f6r perfekt ergonomi:<\/b><span style=\"font-weight: 400\"> Avancerad justerbarhet f\u00f6r en mycket personlig upplevelse.<br \/><\/span><\/li>\n<li><b>Kallformad h\u00f6gdensitetsskum:<\/b> \u00d6verl\u00e4gsen sittd\u00e4mpning som h\u00e5ller formen i \u00e5ratal \u2014 ingen h\u00e4ngning, inga platta fl\u00e4ckar.<\/li>\n<\/ul>\n","protected":false},"featured_media":12279,"template":"","meta":[],"product_cat":[52,104],"product_tag":[],"class_list":{"0":"post-12278","1":"product","2":"type-product","3":"status-publish","4":"has-post-thumbnail","6":"product_cat-gaming-chairs","7":"product_cat-ultimate-collection","8":"","10":"first","11":"instock","12":"taxable","13":"shipping-taxable","14":"purchasable","15":"product-type-simple"},"_links":{"self":[{"href":"https:\/\/paradox24.com\/sv\/wp-json\/wp\/v2\/product\/12278","targetHints":{"allow":["GET"]}}],"collection":[{"href":"https:\/\/paradox24.com\/sv\/wp-json\/wp\/v2\/product"}],"about":[{"href":"https:\/\/paradox24.com\/sv\/wp-json\/wp\/v2\/types\/product"}],"wp:featuredmedia":[{"embeddable":true,"href":"https:\/\/paradox24.com\/sv\/wp-json\/wp\/v2\/media\/12279"}],"wp:attachment":[{"href":"https:\/\/paradox24.com\/sv\/wp-json\/wp\/v2\/media?parent=12278"}],"wp:term":[{"taxonomy":"product_cat","embeddable":true,"href":"https:\/\/paradox24.com\/sv\/wp-json\/wp\/v2\/product_cat?post=12278"},{"taxonomy":"product_tag","embeddable":true,"href":"https:\/\/paradox24.com\/sv\/wp-json\/wp\/v2\/product_tag?post=12278"}],"curies":[{"name":"wp","href":"https:\/\/api.w.org\/{rel}","templated":true}]}}