{"id":11670,"date":"2024-10-21T12:30:38","date_gmt":"2024-10-21T11:30:38","guid":{"rendered":"https:\/\/paradox24.com\/product\/paradox-vanguard-red-runiq-fabric\/"},"modified":"2026-04-30T11:38:43","modified_gmt":"2026-04-30T10:38:43","slug":"paradox-vanguard-red-runiq-fabric","status":"publish","type":"product","link":"https:\/\/paradox24.com\/sv\/produkt\/paradox-vanguard-red-runiq-fabric\/","title":{"rendered":"Gamingstol Paradox Vanguard Red Runiq Fabric"},"content":{"rendered":"<div class=\"wpb-content-wrapper\"><p>[vc_row full_width=&#8221;stretch_row&#8221; equal_height=&#8221;yes&#8221; content_placement=&#8221;middle&#8221; css=&#8221;.vc_custom_1736350206512{margin-right: 10% !important;margin-left: 10% !important;}&#8221;][vc_column][vc_column_text css=&#8221;&#8221;]<\/p>\n<h3 style=\"text-align: center\">Vanguard: Prestandavalet<\/h3>\n<p>[\/vc_column_text][vc_empty_space height=&#8221;16px&#8221;][vc_row_inner equal_height=&#8221;yes&#8221; content_placement=&#8221;middle&#8221;][vc_column_inner width=&#8221;1\/2&#8243;][vc_single_image image=&#8221;7489&#8243; img_size=&#8221;500&#215;500&#8243; alignment=&#8221;center&#8221; onclick=&#8221;link_image&#8221; css=&#8221;&#8221;][\/vc_column_inner][vc_column_inner width=&#8221;1\/2&#8243;][vc_column_text css=&#8221;&#8221;]<\/p>\n<h4 style=\"text-align: center\"><strong>Kvalitet hela v\u00e4gen<\/strong><\/h4>\n<p style=\"text-align: center\"><span style=\"font-weight: 400\">AeroDur\u2122-tyget \u00e4r ett perfekt material f\u00f6r en gamingstol, mycket h\u00e5llbart (Martindale-tester \u00f6ver 50 000 cykler), erbjuder extra andningsf\u00f6rm\u00e5ga och ser elegant ut. Sammetaccenter s\u00e4kerst\u00e4ller en prestandak\u00e4nsla. Liksom de distinkta kontrasts\u00f6mmarna som p\u00e5minner om racingbilar eller lyxiga modeaccessoarer.   <\/span><\/p>\n<p>[\/vc_column_text][\/vc_column_inner][\/vc_row_inner][vc_row_inner equal_height=&#8221;yes&#8221; content_placement=&#8221;middle&#8221; el_class=&#8221;swap-on-mobile&#8221;][vc_column_inner width=&#8221;1\/2&#8243;][vc_column_text css=&#8221;&#8221;]<\/p>\n<h4 style=\"text-align: center\"><strong>Svankst\u00f6d<\/strong><\/h4>\n<p style=\"text-align: center\">Vanguard-serien har en svankdyna som riktar in din ryggrad och lindrar sp\u00e4nningar i l\u00e4ndryggen. Tillverkad av responsivt minnesskum och kl\u00e4dd i f\u00e4rgmatchad sammet, kombinerar den s\u00f6ml\u00f6st ergonomiskt st\u00f6d med estetisk f\u00f6rfining. <\/p>\n<p>[\/vc_column_text][\/vc_column_inner][vc_column_inner width=&#8221;1\/2&#8243;][vc_single_image image=&#8221;11697&#8243; img_size=&#8221;500&#215;500&#8243; alignment=&#8221;center&#8221; onclick=&#8221;link_image&#8221; css=&#8221;&#8221;][\/vc_column_inner][\/vc_row_inner][vc_row_inner equal_height=&#8221;yes&#8221; content_placement=&#8221;middle&#8221;][vc_column_inner width=&#8221;1\/2&#8243;][vc_single_image image=&#8221;11692&#8243; img_size=&#8221;500&#215;500&#8243; alignment=&#8221;center&#8221; onclick=&#8221;link_image&#8221; css=&#8221;&#8221;][\/vc_column_inner][vc_column_inner width=&#8221;1\/2&#8243;][vc_column_text css=&#8221;&#8221;]<\/p>\n<h4 style=\"text-align: center\"><strong>H\u00f6jdjusterbar Sits<\/strong><\/h4>\n<p style=\"text-align: center\"><span style=\"font-weight: 400\">Perfekt anpassad f\u00f6r personer mellan 165 och 185 cm, v\u00e5r helt justerbara sits s\u00e4kerst\u00e4ller en skr\u00e4ddarsydd passform. Den avancerade pneumatiska TitanCore-mekanismen m\u00f6jligg\u00f6r enkel h\u00f6jdjustering: dra bara i spaken och lyft l\u00e4tt f\u00f6r att h\u00f6ja sitsen, eller tryck ner medan du sitter f\u00f6r att s\u00e4nka den. Uppn\u00e5 enkelt den ideala ergonomiska positionen &#8211; dina kn\u00e4n b\u00f6r bilda en 90-graders vinkel, och dina armb\u00e5gar b\u00f6r vila bekv\u00e4mt i en 90-graders vinkel p\u00e5 ditt skrivbord. Prioritera placeringen av armb\u00e5garna f\u00f6r att optimera b\u00e5de komfort och produktivitet.<br \/>\n<\/span><\/p>\n<p>[\/vc_column_text][\/vc_column_inner][\/vc_row_inner][vc_row_inner equal_height=&#8221;yes&#8221; content_placement=&#8221;middle&#8221; el_class=&#8221;swap-on-mobile&#8221;][vc_column_inner width=&#8221;1\/2&#8243;][vc_column_text css=&#8221;&#8221;]<\/p>\n<h4 style=\"text-align: center\"><strong>Justerbara Ryggst\u00f6dspositioner upp till Plant L\u00e4ge<\/strong><\/h4>\n<p style=\"text-align: center\"><span style=\"font-weight: 400\">Justera och l\u00e5s ryggst\u00f6det i fyra positioner &#8211; fr\u00e5n uppr\u00e4tt fokus till avslappnad lutning. \u00c4ndra din position fritt under dagen f\u00f6r att h\u00e5lla musklerna avslappnade, medan sidost\u00f6den h\u00e5ller dig s\u00e4kert p\u00e5 plats. Finjustera lutningsmotst\u00e5ndet f\u00f6r att matcha din vikt och komfortpreferens med en enkel vridning p\u00e5 ratten.  <\/span><\/p>\n<p>[\/vc_column_text][\/vc_column_inner][vc_column_inner width=&#8221;1\/2&#8243;][vc_single_image image=&#8221;11690&#8243; img_size=&#8221;500&#215;500&#8243; alignment=&#8221;center&#8221; onclick=&#8221;link_image&#8221; css=&#8221;&#8221;][\/vc_column_inner][\/vc_row_inner][vc_row_inner equal_height=&#8221;yes&#8221; rtl_reverse=&#8221;yes&#8221; content_placement=&#8221;middle&#8221;][vc_column_inner width=&#8221;1\/2&#8243;][vc_single_image image=&#8221;7517&#8243; img_size=&#8221;500&#215;500&#8243; alignment=&#8221;center&#8221; onclick=&#8221;link_image&#8221; css=&#8221;&#8221;][\/vc_column_inner][vc_column_inner width=&#8221;1\/2&#8243;][vc_column_text css=&#8221;&#8221;]<\/p>\n<h4 style=\"text-align: center\"><strong>Nackst\u00f6d<\/strong><\/h4>\n<p style=\"text-align: center\">Den smarta huvudkudden har dubbel funktion &#8211; ger dig perfekt st\u00f6d samtidigt som den adderar stil till din stol. Tack vare starka inbyggda magneter kan du enkelt klicka fast och loss den n\u00e4r du vill. <\/p>\n<p>[\/vc_column_text][\/vc_column_inner][\/vc_row_inner][vc_row_inner equal_height=&#8221;yes&#8221; content_placement=&#8221;middle&#8221; el_class=&#8221;swap-on-mobile&#8221;][vc_column_inner width=&#8221;1\/2&#8243;][vc_column_text css=&#8221;&#8221;]<\/p>\n<h4 style=\"text-align: center\"><strong>FlexMotion 2D Armrests<\/strong><\/h4>\n<p style=\"text-align: center\">Justera dem upp och ner f\u00f6r att uppn\u00e5 perfekt h\u00f6jd och hitta b\u00e4sta vinkeln f\u00f6r dina armar och handleder.<\/p>\n<p>[\/vc_column_text][\/vc_column_inner][vc_column_inner el_class=&#8221;twoje-kolumny-selector&#8221; width=&#8221;1\/2&#8243; el_id=&#8221;twoje-kolumny-selector&#8221;][vc_single_image image=&#8221;11703&#8243; img_size=&#8221;500&#215;500&#8243; onclick=&#8221;link_image&#8221; css=&#8221;&#8221;][\/vc_column_inner][\/vc_row_inner][vc_row_inner equal_height=&#8221;yes&#8221; content_placement=&#8221;middle&#8221;][vc_column_inner width=&#8221;1\/2&#8243;][vc_single_image image=&#8221;11691&#8243; img_size=&#8221;500&#215;500&#8243; alignment=&#8221;center&#8221; onclick=&#8221;link_image&#8221; css=&#8221;&#8221;][\/vc_column_inner][vc_column_inner width=&#8221;1\/2&#8243;][vc_column_text css=&#8221;&#8221;]<\/p>\n<h4 style=\"text-align: center\"><strong>TitanCore Bas<\/strong><\/h4>\n<p style=\"text-align: center\">Byggd f\u00f6r att b\u00e4ra upp till 120 kilogram, denna stol garanterar l\u00e5ngvarig tillf\u00f6rlitlighet och s\u00e4kerhet, vilket g\u00f6r den till ett utm\u00e4rkt val f\u00f6r b\u00e5de professionellt och personligt bruk.<\/p>\n<p>[\/vc_column_text][\/vc_column_inner][\/vc_row_inner][vc_row_inner equal_height=&#8221;yes&#8221; content_placement=&#8221;middle&#8221;][vc_column_inner width=&#8221;1\/2&#8243;][vc_column_text css=&#8221;&#8221;]<\/p>\n<h4 style=\"text-align: center\"><strong>QuickSpin 360\u00b0 Hjul<\/strong><\/h4>\n<p style=\"text-align: center\">360-graders sv\u00e4ngfunktionen l\u00e5ter dig rotera utan anstr\u00e4ngning i alla riktningar, vilket ger maximal flexibilitet och enkel \u00e5tkomst till alla omr\u00e5den av ditt skrivbord och omgivning &#8211; allt i tystnad.<\/p>\n<p>[\/vc_column_text][\/vc_column_inner][vc_column_inner width=&#8221;1\/2&#8243;][vc_single_image image=&#8221;7485&#8243; img_size=&#8221;500&#215;500&#8243; alignment=&#8221;center&#8221; css=&#8221;&#8221;][\/vc_column_inner][\/vc_row_inner][vc_row_inner equal_height=&#8221;yes&#8221; content_placement=&#8221;middle&#8221; el_class=&#8221;swap-on-mobile&#8221;][vc_column_inner width=&#8221;1\/2&#8243;][vc_single_image image=&#8221;11693&#8243; img_size=&#8221;500&#215;500&#8243; alignment=&#8221;center&#8221; onclick=&#8221;link_image&#8221; css=&#8221;&#8221;][\/vc_column_inner][vc_column_inner width=&#8221;1\/2&#8243;][vc_column_text css=&#8221;&#8221;]<\/p>\n<h4 style=\"text-align: center\"><strong>Enkel Montering<\/strong><\/h4>\n<p style=\"text-align: center\">Tydliga visuella instruktioner g\u00f6r det m\u00f6jligt att montera stolen p\u00e5 mindre \u00e4n 20 minuter. Oavsett om du g\u00f6r det sj\u00e4lv eller med en v\u00e4n &#8211; vi har sett till att det \u00e4r enkelt. <\/p>\n<p>[\/vc_column_text][\/vc_column_inner][\/vc_row_inner][vc_column_text css=&#8221;&#8221;][\/vc_column_text][vc_empty_space height=&#8221;16px&#8221;][vc_column_text css=&#8221;&#8221;]<\/p>\n<h4 style=\"text-align: center\"><strong>Leveransinformation<\/strong><\/h4>\n<p style=\"text-align: center\"><span style=\"font-weight: 400\">Alla v\u00e5ra produkter skickas fr\u00e5n lagret i Polen. Vi anv\u00e4nder specialiserade leveransf\u00f6retag (DHL, DPD, Geis). Leveranstiden beror p\u00e5 din plats, men tar vanligtvis 2-3 arbetsdagar (max 5 dagar). Ditt paket kan delas upp och skickas i flera l\u00e5dor\/leveranser (s\u00e4rskilt om du best\u00e4ller mer \u00e4n en artikel). Alla paket \u00e4r f\u00f6rs\u00e4krade. Vid mottagandet av paketet, kontrollera paketets skick och skriv protokollet med budet.     <\/span><\/p>\n<h4 style=\"text-align: center\"><strong>Garanti<\/strong><\/h4>\n<p style=\"text-align: center\"><span style=\"font-weight: 400\">Vi erbjuder standardgaranti p\u00e5 2 \u00e5r f\u00f6r privatpersoner och 1 \u00e5r f\u00f6r f\u00f6retagskunder.<\/span><\/p>\n<h4 style=\"text-align: center\"><strong>Kvalitetss\u00e4kring <\/strong><\/h4>\n<p style=\"text-align: center\"><span style=\"font-weight: 400\">Alla v\u00e5ra stolar uppfyller mycket strikta EU-standarder (EN) och amerikanska standarder (BIFMA &#8211; Business and Institutional Furniture Manufacturer&#8217;s Association). Alla v\u00e5ra stolar har genomg\u00e5tt 200 000 testcykler, inklusive dynamiska och statiska belastningstest (f\u00f6rest\u00e4ll dig en tung person som s\u00e4tter sig p\u00e5 en stol 200 000 g\u00e5nger!!!), h\u00e5llbarhetstest av sits och ryggst\u00f6d, armst\u00f6dsh\u00e5llfasthetstest, sv\u00e4ngtest, lutningsmekanismtest, hjultest och stabilitetstest. <\/span><\/p>\n<p>[\/vc_column_text][\/vc_column][\/vc_row]<\/p>\n<p>[product_images images=&#8221;19104&#8243;]<\/p>\n<\/div>","protected":false},"excerpt":{"rendered":"<ul>\n<li style=\"font-weight: 400;\" aria-level=\"1\"><b>F\u00f6r Spelare Som Vill Ha Premiumkvalitet utan Kompromisser:<\/b><span style=\"font-weight: 400;\"> Idealisk f\u00f6r dem som s\u00f6ker p\u00e5litlig, stilfull komfort till rimligt pris. <\/span><\/li>\n<li style=\"font-weight: 400;\" aria-level=\"1\"><b>Perfekt Balans mellan Stil och Funktionalitet: <\/b><span style=\"font-weight: 400;\">Erbjuder en dj\u00e4rv design f\u00f6r att uttrycka personlighet utan att offra kvalitet.<br \/><\/span><\/li>\n<li style=\"font-weight: 400;\" aria-level=\"1\"><b>H\u00f6gkvalitativa Material till Smart Prispunkt: <\/b><span style=\"font-weight: 400;\">Byggd med h\u00e5llbara material f\u00f6r komfort och st\u00f6d. <\/span><\/li>\n<li style=\"font-weight: 400;\" aria-level=\"1\"><b>M\u00e5ngsidiga Estetiska Alternativ:<\/b><span style=\"font-weight: 400;\">Str\u00e4cker sig fr\u00e5n minimalistiska till mer elaborerade designer, tillgodoser olika smaker.<br \/><\/span><\/li>\n<\/ul>\n","protected":false},"featured_media":11671,"template":"","meta":[],"product_cat":[160,165],"product_tag":[],"class_list":{"0":"post-11670","1":"product","2":"type-product","3":"status-publish","4":"has-post-thumbnail","6":"product_cat-gamingstolar","7":"product_cat-vanguard-kollektionen","8":"","10":"first","11":"instock","12":"taxable","13":"shipping-taxable","14":"purchasable","15":"product-type-simple"},"_links":{"self":[{"href":"https:\/\/paradox24.com\/sv\/wp-json\/wp\/v2\/product\/11670","targetHints":{"allow":["GET"]}}],"collection":[{"href":"https:\/\/paradox24.com\/sv\/wp-json\/wp\/v2\/product"}],"about":[{"href":"https:\/\/paradox24.com\/sv\/wp-json\/wp\/v2\/types\/product"}],"wp:featuredmedia":[{"embeddable":true,"href":"https:\/\/paradox24.com\/sv\/wp-json\/wp\/v2\/media\/11671"}],"wp:attachment":[{"href":"https:\/\/paradox24.com\/sv\/wp-json\/wp\/v2\/media?parent=11670"}],"wp:term":[{"taxonomy":"product_cat","embeddable":true,"href":"https:\/\/paradox24.com\/sv\/wp-json\/wp\/v2\/product_cat?post=11670"},{"taxonomy":"product_tag","embeddable":true,"href":"https:\/\/paradox24.com\/sv\/wp-json\/wp\/v2\/product_tag?post=11670"}],"curies":[{"name":"wp","href":"https:\/\/api.w.org\/{rel}","templated":true}]}}