{"id":11432,"date":"2024-10-21T12:30:37","date_gmt":"2024-10-21T11:30:37","guid":{"rendered":"https:\/\/paradox24.com\/product\/paradox-vanguard-red-tuxs\/"},"modified":"2026-04-30T11:38:53","modified_gmt":"2026-04-30T10:38:53","slug":"paradox-vanguard-red-tuxs","status":"publish","type":"product","link":"https:\/\/paradox24.com\/sv\/produkt\/paradox-vanguard-red-tuxs\/","title":{"rendered":"Gaming Chair Paradox Vanguard Red Tuxs"},"content":{"rendered":"<div class=\"wpb-content-wrapper\"><p>[vc_row full_width=&#8221;stretch_row_content_no_spaces&#8221;][vc_column][product_info text_color=&#8221;product-info&#8211;white&#8221; text_position=&#8221;product-info__content&#8211;left&#8221; header=&#8221;Paradox Vanguard&#8221; text_1=&#8221;Prestandavalet&#8221; main_image=&#8221;16196&#8243; mobile_image=&#8221;16205&#8243;][\/product_info][product_element position=&#8221;left&#8221; header=&#8221;Kvalitet hela v\u00e4gen&#8221; images=&#8221;16341&#8243;]Det h\u00f6gkvalitativa TechRX II eko-l\u00e4dret \u00e4r h\u00e5llbart, sl\u00e4tt och milj\u00f6v\u00e4nligt. Sammetsdetaljer s\u00e4kerst\u00e4ller denna prestanda-k\u00e4nsla. Liksom den distinkta kontrast-s\u00f6mnaden som p\u00e5minner om racingbilar eller exklusiva modeaccessoarer.[\/product_element][product_element header=&#8221;L\u00e4ndryggskudde St\u00f6d&#8221; images=&#8221;16332&#8243;]Vanguard-serien har en svankdyna som riktar in din ryggrad och lindrar sp\u00e4nningar i l\u00e4ndryggen. Tillverkad av responsivt minnesskum och kl\u00e4dd i f\u00e4rgmatchad sammet, kombinerar den s\u00f6ml\u00f6st ergonomiskt st\u00f6d med estetisk f\u00f6rfining. [\/product_element][product_info main_image=&#8221;16323&#8243; mobile_image=&#8221;16350&#8243;][\/product_info][product_element position=&#8221;left&#8221; header=&#8221;H\u00f6jdjusterbar Sits&#8221; images=&#8221;16314&#8243;]Perfekt anpassad f\u00f6r personer mellan 165 och 185 cm, v\u00e5r helt justerbara sits s\u00e4kerst\u00e4ller en skr\u00e4ddarsydd passform. Den avancerade pneumatiska TitanCore-mekanismen m\u00f6jligg\u00f6r enkel h\u00f6jdjustering: dra bara i spaken och lyft l\u00e4tt f\u00f6r att h\u00f6ja sitsen, eller tryck ner medan du sitter f\u00f6r att s\u00e4nka den. Uppn\u00e5 enkelt den ideala ergonomiska positionen &#8211; dina kn\u00e4n b\u00f6r bilda en 90-graders vinkel, och dina armb\u00e5gar b\u00f6r vila bekv\u00e4mt i en 90-graders vinkel p\u00e5 ditt skrivbord. Prioritera placeringen av armb\u00e5garna f\u00f6r att optimera b\u00e5de komfort och produktivitet.   [\/product_element][product_element header=&#8221;Anpassningsbara ryggst\u00f6dspositioner \u00e4nda till platt l\u00e4ge&#8221; images=&#8221;16305&#8243;]Justera och l\u00e5s ryggst\u00f6det i fyra positioner \u2013 fr\u00e5n uppr\u00e4tt fokus till avslappnad lutning. \u00c4ndra din position fritt under dagen f\u00f6r att h\u00e5lla dina muskler avslappnade, medan sidost\u00f6den h\u00e5ller dig s\u00e4kert p\u00e5 plats. Finjustera lutningsmotst\u00e5ndet f\u00f6r att matcha din vikt och komfortpreferens med en enkel vridning av en ratt.  [\/product_element][product_element position=&#8221;left&#8221; header=&#8221;Nackst\u00f6d Kudde&#8221; images=&#8221;16296&#8243;]Den smarta huvudkudden g\u00f6r dubbelt arbete \u2013 ger dig perfekt st\u00f6d samtidigt som den tillf\u00f6r stil till din stol. Tack vare starka inbyggda magneter kan du enkelt f\u00e4sta eller ta bort den n\u00e4r du vill. [\/product_element][product_info main_image=&#8221;16287&#8243; mobile_image=&#8221;16223&#8243;][\/product_info][product_element header=&#8221;FlexMotion 2D Armst\u00f6d&#8221; images=&#8221;16278&#8243;]Justera dem upp och ner f\u00f6r att uppn\u00e5 den perfekta h\u00f6jden och hitta den b\u00e4sta vinkeln f\u00f6r dina armar och handleder[\/product_element]. [product_element position=&#8221;left&#8221; header=&#8221;TitanCore Bas&#8221; images=&#8221;16269&#8243;]Byggd f\u00f6r att b\u00e4ra upp till 135 kilogram, garanterar denna stol l\u00e5ngvarig tillf\u00f6rlitlighet och s\u00e4kerhet, vilket g\u00f6r den till ett utm\u00e4rkt val f\u00f6r b\u00e5de professionell och personlig anv\u00e4ndning[\/product_element]. [product_element header=&#8221;QuickSpin 360\u00b0 Hjul&#8221; images=&#8221;16260&#8243;]360-graders sv\u00e4ngfunktionen l\u00e5ter dig rotera utan anstr\u00e4ngning i vilken riktning som helst, vilket ger maximal flexibilitet och enkel \u00e5tkomst till alla omr\u00e5den av ditt skrivbord och omgivning \u2013 allt i tystnad. [\/product_element][product_element position=&#8221;left&#8221; header=&#8221;Enkel Montering&#8221; images=&#8221;16251&#8243;]Tydliga visuella instruktioner l\u00e5ter dig montera stolen p\u00e5 under 20 minuter. Oavsett om du g\u00f6r jobbet sj\u00e4lv eller med en v\u00e4n \u2013 vi har sett till att det \u00e4r enkelt. [\/product_element][product_images images=&#8221;19104&#8243;][product_action header=&#8221;Uppgradera din sittupplevelse idag!&#8221; text=&#8221;Revolutionera din arbetsplats och gaming-setup med v\u00e5r Vanguard-stol. Upplev o\u00f6vertr\u00e4ffad komfort och premiumkvalitet.&#8221; button_text=&#8221;Add VANGUARD Red Tuxs to cart&#8221; main_image=&#8221;16242&#8243; mobile_image=&#8221;16233&#8243;][\/vc_column][\/vc_row]<\/p>\n<\/div>","protected":false},"excerpt":{"rendered":"<ul>\n<li style=\"font-weight: 400;\" aria-level=\"1\"><b>F\u00f6r Spelare Som Vill Ha Premiumkvalitet utan Kompromisser:<\/b><span style=\"font-weight: 400;\"> Idealisk f\u00f6r dem som s\u00f6ker p\u00e5litlig, stilfull komfort till rimligt pris. <\/span><\/li>\n<li style=\"font-weight: 400;\" aria-level=\"1\"><b>Perfekt Balans mellan Stil och Funktionalitet: <\/b><span style=\"font-weight: 400;\">Erbjuder en dj\u00e4rv design f\u00f6r att uttrycka personlighet utan att offra kvalitet.<br \/><\/span><\/li>\n<li style=\"font-weight: 400;\" aria-level=\"1\"><b>H\u00f6gkvalitativa Material till Smart Prispunkt: <\/b><span style=\"font-weight: 400;\">Byggd med h\u00e5llbara material f\u00f6r komfort och st\u00f6d. <\/span><\/li>\n<\/ul>\n<p><b>M\u00e5ngsidiga Estetiska Alternativ:<\/b><span style=\"font-weight: 400;\">Str\u00e4cker sig fr\u00e5n minimalistiska till mer elaborerade designer, tillgodoser olika smaker.<br \/><\/span><\/p>\n","protected":false},"featured_media":11433,"template":"","meta":[],"product_cat":[160,165],"product_tag":[],"class_list":{"0":"post-11432","1":"product","2":"type-product","3":"status-publish","4":"has-post-thumbnail","6":"product_cat-gamingstolar","7":"product_cat-vanguard-kollektionen","8":"","10":"first","11":"instock","12":"taxable","13":"shipping-taxable","14":"purchasable","15":"product-type-simple"},"_links":{"self":[{"href":"https:\/\/paradox24.com\/sv\/wp-json\/wp\/v2\/product\/11432","targetHints":{"allow":["GET"]}}],"collection":[{"href":"https:\/\/paradox24.com\/sv\/wp-json\/wp\/v2\/product"}],"about":[{"href":"https:\/\/paradox24.com\/sv\/wp-json\/wp\/v2\/types\/product"}],"wp:featuredmedia":[{"embeddable":true,"href":"https:\/\/paradox24.com\/sv\/wp-json\/wp\/v2\/media\/11433"}],"wp:attachment":[{"href":"https:\/\/paradox24.com\/sv\/wp-json\/wp\/v2\/media?parent=11432"}],"wp:term":[{"taxonomy":"product_cat","embeddable":true,"href":"https:\/\/paradox24.com\/sv\/wp-json\/wp\/v2\/product_cat?post=11432"},{"taxonomy":"product_tag","embeddable":true,"href":"https:\/\/paradox24.com\/sv\/wp-json\/wp\/v2\/product_tag?post=11432"}],"curies":[{"name":"wp","href":"https:\/\/api.w.org\/{rel}","templated":true}]}}