{"id":11128,"date":"2024-10-21T12:30:39","date_gmt":"2024-10-21T11:30:39","guid":{"rendered":"https:\/\/paradox24.com\/product\/paradox-commander-grey-eminence\/"},"modified":"2026-04-30T11:38:56","modified_gmt":"2026-04-30T10:38:56","slug":"paradox-commander-grey-eminence","status":"publish","type":"product","link":"https:\/\/paradox24.com\/sv\/produkt\/paradox-commander-grey-eminence\/","title":{"rendered":"Gamingstol Paradox Commander Grey Eminence"},"content":{"rendered":"<div class=\"wpb-content-wrapper\"><p>[vc_row full_width=&#8221;stretch_row&#8221; equal_height=&#8221;yes&#8221; content_placement=&#8221;middle&#8221; css=&#8221;.vc_custom_1736350206512{margin-right: 10% !important;margin-left: 10% !important;}&#8221;][vc_column][vc_column_text css=&#8221;&#8221;]<\/p>\n<h3 style=\"text-align: center\"><span style=\"font-weight: 400\">Paradox Commander &#8211; Kommandantstolen<\/span><\/h3>\n<p>[\/vc_column_text][vc_empty_space][vc_row_inner equal_height=&#8221;yes&#8221; content_placement=&#8221;middle&#8221;][vc_column_inner width=&#8221;1\/2&#8243;][vc_single_image image=&#8221;7380&#8243; img_size=&#8221;500&#215;500&#8243; alignment=&#8221;center&#8221; onclick=&#8221;link_image&#8221; css=&#8221;&#8221;][\/vc_column_inner][vc_column_inner width=&#8221;1\/2&#8243;][vc_column_text css=&#8221;&#8221;]<\/p>\n<h4 style=\"text-align: center\"><strong>Kvalitet hela v\u00e4gen<\/strong><\/h4>\n<p style=\"text-align: center\">Next-Gen eco-l\u00e4dret kombinerar h\u00e5llbarhet med en lyxig k\u00e4nsla, samtidigt som det respekterar milj\u00f6v\u00e4rden. Raffinerade sammetdetaljer och precisa kontrasts\u00f6mmar framkallar hantverket fr\u00e5n high-end racingbilar och lyxmode, vilket skapar en sofistikerad prestanda-estetik.<\/p>\n<p>[\/vc_column_text][\/vc_column_inner][\/vc_row_inner][vc_row_inner equal_height=&#8221;yes&#8221; content_placement=&#8221;middle&#8221; el_class=&#8221;swap-on-mobile&#8221;][vc_column_inner width=&#8221;1\/2&#8243;][vc_column_text css=&#8221;&#8221;]<\/p>\n<h4 style=\"text-align: center\"><strong>Svankst\u00f6d<\/strong><\/h4>\n<p style=\"text-align: center\">Paradox Commander-serien har ett svankst\u00f6d som riktar in din ryggrad och lindrar sp\u00e4nningar i l\u00e4ndryggen. Tillverkad av responsivt minnesskum och kl\u00e4dd i f\u00e4rgmatchad sammet, kombinerar den s\u00f6ml\u00f6st ergonomiskt st\u00f6d med estetisk f\u00f6rfining.<\/p>\n<p>[\/vc_column_text][\/vc_column_inner][vc_column_inner width=&#8221;1\/2&#8243;][vc_single_image image=&#8221;11139&#8243; img_size=&#8221;500&#215;500&#8243; alignment=&#8221;center&#8221; onclick=&#8221;link_image&#8221; css=&#8221;&#8221;][\/vc_column_inner][\/vc_row_inner][vc_row_inner equal_height=&#8221;yes&#8221; content_placement=&#8221;middle&#8221;][vc_column_inner width=&#8221;1\/2&#8243;][vc_single_image image=&#8221;7344&#8243; img_size=&#8221;500&#215;500&#8243; alignment=&#8221;center&#8221; onclick=&#8221;link_image&#8221; css=&#8221;&#8221;][\/vc_column_inner][vc_column_inner width=&#8221;1\/2&#8243;][vc_column_text css=&#8221;&#8221;]<\/p>\n<h4 style=\"text-align: center\"><strong>H\u00f6jdjusterbar Sits<\/strong><\/h4>\n<p style=\"text-align: center\">Perfekt anpassad f\u00f6r personer mellan 165 och 185 cm, v\u00e5r helt justerbara sits s\u00e4kerst\u00e4ller en skr\u00e4ddarsydd passform. Den avancerade pneumatiska mekanismen m\u00f6jligg\u00f6r enkel h\u00f6jdjustering: dra bara i spaken och lyft l\u00e4tt f\u00f6r att h\u00f6ja sitsen, eller tryck ner medan du sitter f\u00f6r att s\u00e4nka den. Uppn\u00e5 enkelt den ideala ergonomiska positionen &#8211; dina kn\u00e4n b\u00f6r bilda en 90-graders vinkel, och dina armb\u00e5gar b\u00f6r vila bekv\u00e4mt i en 90-graders vinkel p\u00e5 ditt skrivbord. Prioritera placeringen av armb\u00e5garna f\u00f6r att optimera b\u00e5de komfort och produktivitet.<\/p>\n<p>[\/vc_column_text][\/vc_column_inner][\/vc_row_inner][vc_row_inner equal_height=&#8221;yes&#8221; content_placement=&#8221;middle&#8221; el_class=&#8221;swap-on-mobile&#8221;][vc_column_inner width=&#8221;1\/2&#8243;][vc_column_text css=&#8221;&#8221;]<\/p>\n<h4 style=\"text-align: center\"><strong>Justerbara Ryggst\u00f6dspositioner upp till Plant L\u00e4ge<\/strong><\/h4>\n<p style=\"text-align: center\">Justera och l\u00e5s ryggst\u00f6det i fyra positioner efter dina behov. Oavsett om du spelar, arbetar eller tar en paus hj\u00e4lper \u00e4ndring av ryggst\u00f6dsvinkeln till att minska sp\u00e4nningar, f\u00f6rb\u00e4ttra h\u00e5llningen och h\u00e5lla musklerna avslappnade under dagen.<br \/>\nDu kan justera ryggst\u00f6dets lutningsmots\u00e5nd baserat p\u00e5 din vikt och preferenser. Vrid bara ratten under s\u00e4tet \u00e5t v\u00e4nster eller h\u00f6ger![\/vc_column_text][\/vc_column_inner][vc_column_inner width=&#8221;1\/2&#8243;][vc_single_image image=&#8221;7332&#8243; img_size=&#8221;500&#215;500&#8243; alignment=&#8221;center&#8221; onclick=&#8221;link_image&#8221; css=&#8221;&#8221;][\/vc_column_inner][\/vc_row_inner][vc_row_inner equal_height=&#8221;yes&#8221; rtl_reverse=&#8221;yes&#8221; content_placement=&#8221;middle&#8221;][vc_column_inner width=&#8221;1\/2&#8243;][vc_single_image image=&#8221;11130&#8243; img_size=&#8221;500&#215;500&#8243; alignment=&#8221;center&#8221; onclick=&#8221;link_image&#8221; css=&#8221;&#8221;][\/vc_column_inner][vc_column_inner width=&#8221;1\/2&#8243;][vc_column_text css=&#8221;&#8221;]<\/p>\n<h4 style=\"text-align: center\"><strong>Nackst\u00f6d<\/strong><\/h4>\n<p style=\"text-align: center\">Det smarta nackst\u00f6det har dubbel funktion &#8211; det ger dig perfekt st\u00f6d samtidigt som det adderar stil till din stol. Du kan snabbt s\u00e4tta fast eller ta bort det n\u00e4r du beh\u00f6ver.<\/p>\n<p>[\/vc_column_text][\/vc_column_inner][\/vc_row_inner][vc_row_inner equal_height=&#8221;yes&#8221; content_placement=&#8221;middle&#8221; el_class=&#8221;swap-on-mobile&#8221;][vc_column_inner width=&#8221;1\/2&#8243;][vc_column_text css=&#8221;&#8221;]<\/p>\n<h4 style=\"text-align: center\"><strong>FlexMotion 4D Armst\u00f6d<\/strong><\/h4>\n<p style=\"text-align: center\">Justera dem upp och ner f\u00f6r perfekt h\u00f6jd, skjut dem fram\u00e5t och bak\u00e5t f\u00f6r optimal r\u00e4ckvidd, flytta dem i sidled f\u00f6r ideal lateral position och rotera dem f\u00f6r att hitta den b\u00e4sta vinkeln f\u00f6r dina armar och handleder.<\/p>\n<p>[\/vc_column_text][\/vc_column_inner][vc_column_inner el_class=&#8221;twoje-kolumny-selector&#8221; width=&#8221;1\/2&#8243; el_id=&#8221;twoje-kolumny-selector&#8221;][vc_single_image image=&#8221;11139&#8243; img_size=&#8221;500&#215;500&#8243; onclick=&#8221;link_image&#8221; css=&#8221;&#8221;][\/vc_column_inner][\/vc_row_inner][vc_row_inner equal_height=&#8221;yes&#8221; content_placement=&#8221;middle&#8221;][vc_column_inner width=&#8221;1\/2&#8243;][vc_single_image image=&#8221;7344&#8243; img_size=&#8221;500&#215;500&#8243; alignment=&#8221;center&#8221; onclick=&#8221;link_image&#8221; css=&#8221;&#8221;][\/vc_column_inner][vc_column_inner width=&#8221;1\/2&#8243;][vc_column_text css=&#8221;&#8221;]<\/p>\n<h4 style=\"text-align: center\"><strong>TitanCore Bas<\/strong><\/h4>\n<p style=\"text-align: center\">Byggd f\u00f6r att b\u00e4ra upp till 125 kilogram, denna stol garanterar l\u00e5ngvarig tillf\u00f6rlitlighet och s\u00e4kerhet, vilket g\u00f6r den till ett utm\u00e4rkt val f\u00f6r b\u00e5de professionellt och personligt bruk.<\/p>\n<p>[\/vc_column_text][\/vc_column_inner][\/vc_row_inner][vc_row_inner equal_height=&#8221;yes&#8221; content_placement=&#8221;middle&#8221;][vc_column_inner width=&#8221;1\/2&#8243;][vc_column_text css=&#8221;&#8221;]<\/p>\n<h4 style=\"text-align: center\"><strong>QuickSpin 360\u00b0 Hjul<\/strong><\/h4>\n<p style=\"text-align: center\">360-graders sv\u00e4ngfunktionen l\u00e5ter dig rotera utan anstr\u00e4ngning i alla riktningar, vilket ger maximal flexibilitet och enkel \u00e5tkomst till alla omr\u00e5den av ditt skrivbord och omgivning &#8211; allt i tystnad.<\/p>\n<p>[\/vc_column_text][\/vc_column_inner][vc_column_inner width=&#8221;1\/2&#8243;][vc_single_image image=&#8221;7328&#8243; img_size=&#8221;500&#215;500&#8243; alignment=&#8221;center&#8221; css=&#8221;&#8221;][\/vc_column_inner][\/vc_row_inner][vc_row_inner equal_height=&#8221;yes&#8221; content_placement=&#8221;middle&#8221;][vc_column_inner width=&#8221;1\/2&#8243;][vc_single_image image=&#8221;7372&#8243; img_size=&#8221;500&#215;500&#8243; alignment=&#8221;center&#8221; onclick=&#8221;link_image&#8221; css=&#8221;&#8221;][\/vc_column_inner][vc_column_inner width=&#8221;1\/2&#8243;][vc_column_text css=&#8221;&#8221;]<\/p>\n<h4 style=\"text-align: center\"><strong>Enkel Montering<\/strong><\/h4>\n<p style=\"text-align: center\">Tydliga visuella instruktioner g\u00f6r det m\u00f6jligt att montera stolen p\u00e5 mindre \u00e4n 20 minuter. Oavsett om du g\u00f6r det sj\u00e4lv eller med en v\u00e4n &#8211; vi har sett till att det \u00e4r enkelt.<\/p>\n<p>[\/vc_column_text][\/vc_column_inner][\/vc_row_inner][vc_column_text css=&#8221;&#8221;][\/vc_column_text][vc_empty_space height=&#8221;16px&#8221;][vc_column_text css=&#8221;&#8221;]<\/p>\n<h4 style=\"text-align: center\"><strong>Leveransinformation<\/strong><\/h4>\n<p style=\"text-align: center\"><span style=\"font-weight: 400\">Alla v\u00e5ra produkter skickas fr\u00e5n lagret i Polen. Vi anv\u00e4nder specialiserade leveransf\u00f6retag (DHL, DPD, Geis). Leveranstiden beror p\u00e5 din plats, men tar vanligtvis 2-3 arbetsdagar (max 5 dagar). Ditt paket kan delas upp och skickas i flera l\u00e5dor\/leveranser (s\u00e4rskilt om du best\u00e4ller mer \u00e4n en artikel). Alla paket \u00e4r f\u00f6rs\u00e4krade. Vid mottagandet av paketet, kontrollera paketets skick och skriv protokollet med budet. <\/span><\/p>\n<h4 style=\"text-align: center\"><strong>Garanti<\/strong><\/h4>\n<p style=\"text-align: center\"><span style=\"font-weight: 400\">Vi erbjuder standardgaranti p\u00e5 2 \u00e5r f\u00f6r privatpersoner och 1 \u00e5r f\u00f6r f\u00f6retagskunder.<\/span><\/p>\n<h4 style=\"text-align: center\"><strong>Kvalitetss\u00e4kring <\/strong><\/h4>\n<p style=\"text-align: center\"><span style=\"font-weight: 400\">Alla v\u00e5ra stolar uppfyller mycket strikta EU-standarder (EN) och amerikanska standarder (BIFMA &#8211; Business and Institutional Furniture Manufacturer&#8217;s Association). Alla v\u00e5ra stolar har genomg\u00e5tt 200 000 testcykler, inklusive dynamiska och statiska belastningstest (f\u00f6rest\u00e4ll dig en tung person som s\u00e4tter sig p\u00e5 en stol 200 000 g\u00e5nger!!!), h\u00e5llbarhetstest av sits och ryggst\u00f6d, armst\u00f6dsh\u00e5llfasthetstest, sv\u00e4ngtest, lutningsmekanismtest, hjultest och stabilitetstest. <\/span><\/p>\n<p>[\/vc_column_text][\/vc_column][\/vc_row]<\/p>\n<p>[product_images images=&#8221;19117&#8243;]<\/p>\n<\/div>","protected":false},"excerpt":{"rendered":"<p><span style=\"font-weight: 400;\">L\u00e5t \u00e4ventyren b\u00f6rja! <\/span><\/p>\n<ul>\n<li style=\"font-weight: 400;\" aria-level=\"1\"><b>Sci-Fi-inspirerad Rymdskeppskommandant Estetik<\/b>: <span style=\"font-weight: 400;\">Dj\u00e4rv, immersiv design inspirerad av en kommandostol, perfekt f\u00f6r unika setupper.<\/span><\/li>\n<li style=\"font-weight: 400;\" aria-level=\"1\"><b>Jordtoner f\u00f6r Sofistikerade Gaming-setupper:<\/b><span style=\"font-weight: 400;\"> Kombinerar en dramatisk silhuett med en jordn\u00e4ra, raffinerad f\u00e4rgpalett. <\/span><\/li>\n<li style=\"font-weight: 400;\" aria-level=\"1\"><b>Ergonomisk Komfort med Karakt\u00e4r:<\/b><span style=\"font-weight: 400;\"> Byggd f\u00f6r dem som vill ha stil och funktion i lika m\u00e5tt. <\/span><\/li>\n<\/ul>\n<p><b>F\u00f6r Spelare som S\u00f6ker Unik Karakt\u00e4r med Mognad:<\/b><span style=\"font-weight: 400;\"> En balans mellan dj\u00e4rv estetik och kvalitet utan att n\u00e5 premium-prisniv\u00e5n.<br \/>\n<\/span><\/p>\n","protected":false},"featured_media":11129,"template":"","meta":[],"product_cat":[161,160],"product_tag":[],"class_list":{"0":"post-11128","1":"product","2":"type-product","3":"status-publish","4":"has-post-thumbnail","6":"product_cat-commander-kollektionen","7":"product_cat-gamingstolar","8":"","10":"first","11":"instock","12":"sale","13":"taxable","14":"shipping-taxable","15":"purchasable","16":"product-type-simple"},"_links":{"self":[{"href":"https:\/\/paradox24.com\/sv\/wp-json\/wp\/v2\/product\/11128","targetHints":{"allow":["GET"]}}],"collection":[{"href":"https:\/\/paradox24.com\/sv\/wp-json\/wp\/v2\/product"}],"about":[{"href":"https:\/\/paradox24.com\/sv\/wp-json\/wp\/v2\/types\/product"}],"wp:featuredmedia":[{"embeddable":true,"href":"https:\/\/paradox24.com\/sv\/wp-json\/wp\/v2\/media\/11129"}],"wp:attachment":[{"href":"https:\/\/paradox24.com\/sv\/wp-json\/wp\/v2\/media?parent=11128"}],"wp:term":[{"taxonomy":"product_cat","embeddable":true,"href":"https:\/\/paradox24.com\/sv\/wp-json\/wp\/v2\/product_cat?post=11128"},{"taxonomy":"product_tag","embeddable":true,"href":"https:\/\/paradox24.com\/sv\/wp-json\/wp\/v2\/product_tag?post=11128"}],"curies":[{"name":"wp","href":"https:\/\/api.w.org\/{rel}","templated":true}]}}