{"id":11098,"date":"2024-10-21T12:30:38","date_gmt":"2024-10-21T11:30:38","guid":{"rendered":"https:\/\/paradox24.com\/product\/paradox-commander-obsidian-blade\/"},"modified":"2026-04-30T11:38:34","modified_gmt":"2026-04-30T10:38:34","slug":"paradox-commander-obsidian-blade","status":"publish","type":"product","link":"https:\/\/paradox24.com\/sv\/produkt\/paradox-commander-obsidian-blade\/","title":{"rendered":"Gaming Chair Paradox Commander Obsidian Blade"},"content":{"rendered":"<div class=\"wpb-content-wrapper\"><p>[vc_row full_width=&#8221;stretch_row_content_no_spaces&#8221;][vc_column][product_info text_color=&#8221;product-info&#8211;white&#8221; text_position=&#8221;product-info__content&#8211;left&#8221; header=&#8221;Paradox Commander&#8221; text_1=&#8221;the Commander\u2019s seat&#8221; main_image=&#8221;17111&#8243; mobile_image=&#8221;17238&#8243;][\/product_info][product_element position=&#8221;left&#8221; header=&#8221;Quality all the way&#8221; images=&#8221;17229&#8243;]Next-Gen eco-l\u00e4dret kombinerar h\u00e5llbarhet med en lyxig k\u00e4nsla, samtidigt som det respekterar milj\u00f6v\u00e4rden. Raffinerade sammetdetaljer och precisa kontrasts\u00f6mmar framkallar hantverket fr\u00e5n high-end racingbilar och lyxmode, vilket skapar en sofistikerad prestanda-estetik. [\/product_element][product_element header=&#8221;Lumbar pIllow support&#8221; images=&#8221;17220&#8243;]Paradox Commander-serien har ett svankst\u00f6d som riktar in din ryggrad och lindrar sp\u00e4nningar i l\u00e4ndryggen. Tillverkad av responsivt minnesskum och kl\u00e4dd i f\u00e4rgmatchad sammet, kombinerar den s\u00f6ml\u00f6st ergonomiskt st\u00f6d med estetisk f\u00f6rfining. [\/product_element][product_element position=&#8221;left&#8221; header=&#8221;Height-adjustable seat&#8221; images=&#8221;17211&#8243;]Perfekt anpassad f\u00f6r personer mellan 165 och 185 cm, v\u00e5r helt justerbara sits s\u00e4kerst\u00e4ller en skr\u00e4ddarsydd passform. Den avancerade pneumatiska mekanismen m\u00f6jligg\u00f6r enkel h\u00f6jdjustering: dra bara i spaken och lyft l\u00e4tt f\u00f6r att h\u00f6ja sitsen, eller tryck ner medan du sitter f\u00f6r att s\u00e4nka den.  Uppn\u00e5 enkelt den ideala ergonomiska positionen &#8211; dina kn\u00e4n b\u00f6r bilda en 90-graders vinkel, och dina armb\u00e5gar b\u00f6r vila bekv\u00e4mt i en 90-graders vinkel p\u00e5 ditt skrivbord. Prioritera placeringen av armb\u00e5garna f\u00f6r att optimera b\u00e5de komfort och produktivitet. [\/product_element][product_element header=&#8221;Customizable backrest positions up to flat&#8221; images=&#8221;17202&#8243;]Justera och l\u00e5s ryggst\u00f6det i fyra positioner f\u00f6r att passa dina behov. Oavsett om du spelar, arbetar eller tar en paus, hj\u00e4lper f\u00f6r\u00e4ndring av ryggst\u00f6dets vinkel till att minska sp\u00e4nning, f\u00f6rb\u00e4ttra h\u00e5llningen och h\u00e5lla dina muskler avslappnade hela dagen. Du kan justera ryggst\u00f6dets lutningsresistens baserat p\u00e5 din kroppsvikt och preferenser. Vrid helt enkelt vredet under din stol \u00e5t v\u00e4nster eller h\u00f6ger!   [\/product_element][product_element position=&#8221;left&#8221; header=&#8221;Headrest pillow&#8221; images=&#8221;17193&#8243;]Den smarta huvudkudden g\u00f6r dubbelt arbete \u2013 ger dig perfekt st\u00f6d samtidigt som den tillf\u00f6r stil till din stol. Tack vare starka inbyggda magneter kan du enkelt f\u00e4sta eller ta bort den n\u00e4r du vill. [\/product_element][product_info main_image=&#8221;17184&#8243; mobile_image=&#8221;17166&#8243;][\/product_info][product_element header=&#8221;FlexMotion 4D Armrests&#8221; images=&#8221;17175&#8243;]Justera dem upp och ner f\u00f6r att uppn\u00e5 den perfekta h\u00f6jden, skjut dem fram\u00e5t och bak\u00e5t f\u00f6r optimal r\u00e4ckvidd, flytta dem \u00e5t sidan f\u00f6r den ideala sidopositionen och rotera dem f\u00f6r att hitta den b\u00e4sta vinkeln f\u00f6r dina armar och handleder[\/product_element]. [product_element position=&#8221;left&#8221; header=&#8221;TitanCore base&#8221; images=&#8221;17157&#8243;]Byggd f\u00f6r att st\u00f6dja upp till 135 kilogram, garanterar denna stol l\u00e5ngvarig tillf\u00f6rlitlighet och s\u00e4kerhet, vilket g\u00f6r den till ett utm\u00e4rkt val f\u00f6r b\u00e5de professionell och personlig anv\u00e4ndning[\/product_element]. [product_element header=&#8221;QuickSpin 360\u00b0 Casters&#8221; images=&#8221;17148&#8243;]360-graders sv\u00e4ngfunktionen l\u00e5ter dig rotera utan anstr\u00e4ngning i alla riktningar, vilket ger maximal flexibilitet och enkel \u00e5tkomst till alla omr\u00e5den av ditt skrivbord och omgivningar\u2014allt i tystnad.[\/product_element][product_element position=&#8221;left&#8221; header=&#8221;Easy Assembly&#8221; images=&#8221;17139&#8243;]Tydliga visuella instruktioner l\u00e5ter dig montera stolen p\u00e5 under 20 minuter. Oavsett om du g\u00f6r jobbet sj\u00e4lv eller med en v\u00e4n \u2013 vi har sett till att det \u00e4r enkelt. [\/product_element][product_images images=&#8221;19117&#8243;][product_action header=&#8221;Upgrade your seating experience today!&#8221; text=&#8221;Revolutionera din arbetsplats och gaming-setup med v\u00e5r Commander-stol. Upplev o\u00f6vertr\u00e4ffad komfort och \u00f6verl\u00e4gsen design.&#8221; button_text=&#8221;Add COMMANDER Obsidian Blade to cart&#8221; main_image=&#8221;17130&#8243; mobile_image=&#8221;17121&#8243;][\/vc_column][\/vc_row]<\/p>\n<\/div>","protected":false},"excerpt":{"rendered":"<p><span style=\"font-weight: 400;\">L\u00e5t \u00e4ventyren b\u00f6rja! <\/span><\/p>\n<ul>\n<li style=\"font-weight: 400;\" aria-level=\"1\"><b>Sci-Fi-inspirerad Rymdskeppskommandant Estetik<\/b>: <span style=\"font-weight: 400;\">Dj\u00e4rv, immersiv design inspirerad av en kommandostol, perfekt f\u00f6r unika setupper.<\/span><\/li>\n<li style=\"font-weight: 400;\" aria-level=\"1\"><b>Jordtoner f\u00f6r Sofistikerade Gaming-setupper:<\/b><span style=\"font-weight: 400;\"> Kombinerar en dramatisk silhuett med en jordn\u00e4ra, raffinerad f\u00e4rgpalett. <\/span><\/li>\n<li style=\"font-weight: 400;\" aria-level=\"1\"><b>Ergonomisk Komfort med Karakt\u00e4r:<\/b><span style=\"font-weight: 400;\"> Byggd f\u00f6r dem som vill ha stil och funktion i lika m\u00e5tt. <\/span><\/li>\n<\/ul>\n<p><b>F\u00f6r Spelare som S\u00f6ker Unik Karakt\u00e4r med Mognad:<\/b><span style=\"font-weight: 400;\"> En balans mellan dj\u00e4rv estetik och kvalitet utan att n\u00e5 premium-prisniv\u00e5n.<br \/><\/span><\/p>\n","protected":false},"featured_media":11099,"template":"","meta":[],"product_cat":[161,160],"product_tag":[],"class_list":{"0":"post-11098","1":"product","2":"type-product","3":"status-publish","4":"has-post-thumbnail","6":"product_cat-commander-kollektionen","7":"product_cat-gamingstolar","8":"","10":"first","11":"instock","12":"taxable","13":"shipping-taxable","14":"purchasable","15":"product-type-simple"},"_links":{"self":[{"href":"https:\/\/paradox24.com\/sv\/wp-json\/wp\/v2\/product\/11098","targetHints":{"allow":["GET"]}}],"collection":[{"href":"https:\/\/paradox24.com\/sv\/wp-json\/wp\/v2\/product"}],"about":[{"href":"https:\/\/paradox24.com\/sv\/wp-json\/wp\/v2\/types\/product"}],"wp:featuredmedia":[{"embeddable":true,"href":"https:\/\/paradox24.com\/sv\/wp-json\/wp\/v2\/media\/11099"}],"wp:attachment":[{"href":"https:\/\/paradox24.com\/sv\/wp-json\/wp\/v2\/media?parent=11098"}],"wp:term":[{"taxonomy":"product_cat","embeddable":true,"href":"https:\/\/paradox24.com\/sv\/wp-json\/wp\/v2\/product_cat?post=11098"},{"taxonomy":"product_tag","embeddable":true,"href":"https:\/\/paradox24.com\/sv\/wp-json\/wp\/v2\/product_tag?post=11098"}],"curies":[{"name":"wp","href":"https:\/\/api.w.org\/{rel}","templated":true}]}}