{"id":30612,"date":"2018-06-01T08:19:29","date_gmt":"2018-06-01T07:19:29","guid":{"rendered":"https:\/\/paradox24.com\/about\/"},"modified":"2026-02-23T16:51:00","modified_gmt":"2026-02-23T15:51:00","slug":"about","status":"publish","type":"page","link":"https:\/\/paradox24.com\/sv\/about\/","title":{"rendered":"Om"},"content":{"rendered":"<div class=\"wpb-content-wrapper\"><p>[vc_row full_width=&#8221;stretch_row_content_no_spaces&#8221; el_class=&#8221;supro-no-padding-left supro-no-padding-right&#8221;][vc_column][vc_column_text css=&#8221;.vc_custom_1729797872336{margin-bottom: 0px !important;}&#8221;]<\/p>\n<div class=\"about-us heading\">\n<div class=\"heading-content\">\n<h2>Hej!<\/h2>\n<p><strong>Vi \u00e4r Paradox!<\/strong> Vi skapar <strong>h\u00f6gpresterande sittplatser<\/strong> f\u00f6r att hj\u00e4lpa dig <strong>maximera din potential<\/strong> i b\u00e5de arbete och spel. V\u00e5ra designer blandar <strong>ergonomiskt st\u00f6d<\/strong>, <strong>premium kvalitet<\/strong> och <strong>inspirerande estetik<\/strong> f\u00f6r att lyfta varje utrymme.<\/p>\n<\/div>\n<p><img decoding=\"async\" src=\"https:\/\/paradox24.com\/wp-content\/uploads\/2024\/10\/3-razem_01-1.png\" alt=\"Bakgrundsbild\" \/><\/p>\n<\/div>\n<p>[\/vc_column_text][vc_column_text css=&#8221;.vc_custom_1729798099020{margin-bottom: 0px !important;background-color: #222222 !important;}&#8221; el_class=&#8221;.about-us .info .info&#8211;white&#8221;]<\/p>\n<h2>Vilka vi \u00e4r.<\/h2>\n<p>P\u00e5 Paradox Gaming \u00e4r vi en <strong>grupp passionerade entrepren\u00f6rer<\/strong> med totalt <strong>250 \u00e5r<\/strong> av erfarenhet fr\u00e5n olika branscher. V\u00e5ra m\u00e5ngsidiga bakgrunder inom <strong>produktutveckling<\/strong>, <strong>design<\/strong>, <strong>e-handel<\/strong>, konsulting, reklam, hotell, evenemang, urban arkitektur, kosmetika och konsumentprodukter har gett oss ett unikt perspektiv p\u00e5 produktdesign och kundbehov.[\/vc_column_text][vc_column_text css=&#8221;.vc_custom_1729798671318{margin-bottom: 0px !important;background-color: #ffffff !important;}&#8221; el_class=&#8221;.about-us .info&#8221;]<\/p>\n<h3>M\u00f6t grundarteamet:<\/h3>\n<div class=\"founder\">\n<div class=\"founder-image\"><img loading=\"lazy\" decoding=\"async\" src=\"https:\/\/paradox24.com\/wp-content\/uploads\/2024\/10\/IMG_9627-BW-1.png\" alt=\"Przemek Kowalewski\" width=\"400\" height=\"400\" \/><\/div>\n<div class=\"founder-content\">\n<p><strong>Przemek Kowalewski, CEO<\/strong><\/p>\n<p>Den strategiska vision\u00e4ren och e-handelsinnovat\u00f6ren. Przemek, tidigare chef p\u00e5 Westwing (e-handel f\u00f6r hem och inredning), bidrar med expertis inom produktutveckling, ink\u00f6p och tillverkning samt e-handel och digital marknadsf\u00f6ring. Tidigare McKinsey-konsult med ett skarpt \u00f6ga f\u00f6r aff\u00e4rsstrategi och drift.<\/p>\n<\/div>\n<\/div>\n<div class=\"founder\">\n<div class=\"founder-image\"><img loading=\"lazy\" decoding=\"async\" src=\"https:\/\/paradox24.com\/wp-content\/uploads\/2024\/10\/IMG_9627-BW-1-2.png\" alt=\"Pawe\u0142 Miklaszewski\" width=\"400\" height=\"400\" \/><\/div>\n<div class=\"founder-content\">\n<p><strong>Pawe\u0142 Miklaszewski, Chief Creative Officer<\/strong><\/p>\n<p>Den kreativa kraften p\u00e5 Paradox. Pawe\u0142 \u00e4r ocks\u00e5 grundare av den prisbel\u00f6nta 360-byr\u00e5n &#8221;Walk Group&#8221; och designbutiken &#8221;Walk with David&#8221;, och tar med sig en rikedom av design- och kreativ expertis till Paradox. Hans imponerande samling av utm\u00e4rkelser, inklusive en Cannes Lion, flera KTR Awards, Effies och m\u00e5nga fler, vittnar om hans konsumentfokuserade approach.<\/p>\n<\/div>\n<\/div>\n<h3>V\u00e5r Chief Designer:<\/h3>\n<div class=\"founder\">\n<div class=\"founder-image\"><img loading=\"lazy\" decoding=\"async\" src=\"https:\/\/paradox24.com\/wp-content\/uploads\/2024\/10\/IMG_9627-BW-1-1.png\" alt=\"David Racchi\" width=\"400\" height=\"400\" \/><\/div>\n<div class=\"founder-content\">\n<p><strong>David Racchi, Chief Designer<\/strong><\/p>\n<p>David, en australiensare med globalt perspektiv, tar med internationell flair till sitt arbete, format av erfarenheter i Melbourne, Spanien och Argentina. Hans designer sp\u00e4nner \u00f6ver produktdesign, f\u00f6rpackningsdesign, branding, reklam och mer, varje stycke speglar hans unika approach att gifta enkelhet med storytelling. Hans talang har erk\u00e4nts p\u00e5 den globala scenen, inklusive med en prestigefylld Gold Cannes Lion.<\/p>\n<\/div>\n<\/div>\n<p>[\/vc_column_text][vc_column_text css=&#8221;.vc_custom_1729542358975{margin-bottom: 0px !important;background-color: #222222 !important;}&#8221; el_class=&#8221;.about-us .info .info&#8211;white&#8221;]<\/p>\n<h2>V\u00e5r historia.<\/h2>\n<p>F\u00f6delsen av Paradox Gaming var inte en Hollywood-thriller, men vi tycker det \u00e4r en ber\u00e4ttelse v\u00e4rd att ber\u00e4tta.<\/p>\n<p>Allt b\u00f6rjade med en enkel jakt: att hitta den perfekta kontorsstolen.<br \/>\nMedan vi s\u00f6kte, ins\u00e5g vi att marknaden erbj\u00f6d tv\u00e5 otillfredsst\u00e4llande extremer \u2013 formella, icke-ergonomiska stolar<br \/>\neller gaming-stolar med oattraktiva designer. Denna lucka p\u00e5 marknaden t\u00e4nde en id\u00e9.<\/p>\n<p>V\u00e5r k\u00e4rlek till design och skapandet av fysiska produkter drev v\u00e5r passion. Sedan, sommaren 2022,<br \/>\n presenterade sig en m\u00f6jlighet. Vi f\u00f6rv\u00e4rvade ett f\u00f6retag med en liten aff\u00e4rsenhet som s\u00e5lde om\u00e4rkta gaming-stolar. Detta f\u00f6rv\u00e4rv var katalysatorn vi beh\u00f6vde.<\/p>\n<p>Vi beslutade att helt omarbeta produktportf\u00f6ljen och skapa ett varum\u00e4rke som skulle revolutionera konceptet med gaming-stolar. Och precis s\u00e5 f\u00f6ddes Paradox.<\/p>\n<p>Sedan v\u00e5r grundande 2022 har vi \u00e4gnat oss helt \u00e5t att perfektionera Paradox-upplevelsen!<br \/>\nVi har skapat \u00f6ver 200 unika stol-designer och \u00f6ver 30 prototyper, rest \u00f6ver tre kontinenter<br \/>\nf\u00f6r att bes\u00f6ka 10+ tillverkningsanl\u00e4ggningar och pratat med hundratals anv\u00e4ndare.<\/p>\n<p class=\"motto\"><strong>Men viktigast av allt, vi skapade stolar som vi \u00e4lskar och anv\u00e4nder varje dag.<\/strong><\/p>\n<p>[\/vc_column_text][vc_column_text css=&#8221;.vc_custom_1729542370996{margin-bottom: 0px !important;background-color: #e3e3e3 !important;}&#8221; el_class=&#8221;.about-us .info&#8221;]<\/p>\n<h2>V\u00e5r filosofi.<\/h2>\n<p>Kommer du ih\u00e5g n\u00e4r sneakers bara var f\u00f6r l\u00f6pning? Sedan kom Nike och sa: &#8221;Hej, du kan b\u00e4ra dessa skor varje dag! De \u00e4r stiliga, bekv\u00e4ma och h\u00e5llbara.&#8221;<\/p>\n<p>Vi tar en liknande approach med gaming-stolar. Vi tror att en bra stol f\u00f6r arbete och spel ska vara mer \u00e4n bara funktionell. Den ska vara:<\/p>\n<ul>\n<li>Ergonomisk och bekv\u00e4m f\u00f6r de l\u00e5nga sittsessionerna<\/li>\n<li>En statement-piece med extraordin\u00e4r design<\/li>\n<li>H\u00e5llbar och av h\u00f6g kvalitet f\u00f6r att st\u00e5 emot tidens tand<\/li>\n<\/ul>\n<p class=\"motto\"><strong>P\u00e5 Paradox utmanar vi f\u00f6rest\u00e4llningen att gaming-stolar bara \u00e4r f\u00f6r gamers. Vi skapar stolar som st\u00f6djer din livsstil, oavsett om du er\u00f6vrar virtuella v\u00e4rldar eller din arbetsdag.<\/strong><\/p>\n<p>[\/vc_column_text][vc_column_text css=&#8221;.vc_custom_1729541822753{margin-bottom: 0px !important;background-color: #ffffff !important;}&#8221; el_class=&#8221;.about-us .info&#8221;]<\/p>\n<h2>V\u00e5rt uppdrag.<\/h2>\n<p>V\u00e5rt uppdrag \u00e4r enkelt men ambiti\u00f6st:<\/p>\n<ol>\n<li>Erbjuda dig en ergonomisk, h\u00f6gkvalitativ stol med exceptionell design.<\/li>\n<li>St\u00f6dja dig under l\u00e5nga sittimmar och f\u00f6rb\u00e4ttra din prestanda.<\/li>\n<li>Ge dig gl\u00e4dje varje g\u00e5ng du tittar p\u00e5 din stol.<\/li>\n<li>Skapa produkter som st\u00e5r emot tidens tand.<\/li>\n<\/ol>\n<p><strong>Men det handlar inte bara om slutprodukten. Vi \u00e4r engagerade i att ha kul genom hela processen &#8211; fr\u00e5n design och tillverkning till leverans. Vi tror att n\u00e4r vi njuter av vad vi g\u00f6r, \u00e5terspeglas det i kvaliteten p\u00e5 v\u00e5ra produkter och v\u00e5ra kunders tillfredsst\u00e4llelse.<\/strong>[\/vc_column_text][vc_column_text css=&#8221;.vc_custom_1729542376551{margin-bottom: 0px !important;background-color: #e3e3e3 !important;}&#8221; el_class=&#8221;.about-us .info&#8221;]<\/p>\n<h2>V\u00e5ra v\u00e4rderingar.<\/h2>\n<p>I k\u00e4rnan av Paradox Gaming finns v\u00e5ra v\u00e4gledande principer:<\/p>\n<ol>\n<li><strong>Innovation<\/strong>: Vi driver st\u00e4ndigt gr\u00e4nserna f\u00f6r stol-design och funktionalitet.<\/li>\n<li><strong>Kvalitet<\/strong>: Vi kompromissar aldrig med material eller hantverk i v\u00e5ra produkter.<\/li>\n<li><strong>Kundn\u00f6jdhet<\/strong>: Din komfort och lycka \u00e4r v\u00e5ra h\u00f6gsta prioriteringar.<\/li>\n<li><strong>H\u00e5llbarhet<\/strong>: Vi \u00e4r engagerade i milj\u00f6v\u00e4nliga tillverkningspraktiker.<\/li>\n<li><strong>Transparens<\/strong>: Vi tror p\u00e5 \u00f6ppen kommunikation med v\u00e5ra kunder och partners.<\/li>\n<\/ol>\n<p class=\"motto\"><strong>Dessa v\u00e4rderingar informerar varje beslut vi tar, fr\u00e5n designval till kundservicepraktiker.<\/strong><\/p>\n<p>[\/vc_column_text][vc_column_text css=&#8221;.vc_custom_1729544085070{margin-bottom: 0px !important;background-color: #ffffff !important;}&#8221; el_class=&#8221;.about-us .info&#8221;]<\/p>\n<h3>Del av eco24 Group.<\/h3>\n<p>Som del av eco24 Group drar Paradox nytta av en bredare mission: att skapa innovativa, h\u00e5llbara och designinriktade produkter \u00f6ver en rad branscher.[\/vc_column_text][vc_column_text css=&#8221;.vc_custom_1729542300549{margin-bottom: 0px !important;background-color: #bf403a !important;}&#8221; el_class=&#8221;.about-us .info .info&#8211;center .info&#8211;white&#8221;]<\/p>\n<h2>G\u00e5 med i Paradox-revolutionen.<\/h2>\n<p>Redo att uppleva den perfekta blandningen av stil, komfort och funktionalitet?<br \/>\nUtforska v\u00e5rt sortiment av Paradox gaming-stolar och hitta den som talar till dig.<\/p>\n<p>Har du fr\u00e5gor eller beh\u00f6ver du hj\u00e4lp? V\u00e5rt team \u00e4r alltid h\u00e4r f\u00f6r att hj\u00e4lpa till.<br \/>\nKontakta oss idag och l\u00e5t oss starta en konversation om din perfekta stol<br \/>\np\u00e5 <a href=\"mailto:hello@paradox24.com\">hello@paradox24.com<\/a><\/p>\n<p class=\"motto\"><strong>V\u00e4lkommen till Paradox \u2013 d\u00e4r komfort m\u00f6ter stil, och funktion m\u00f6ter form!<\/strong><\/p>\n<p>[\/vc_column_text][\/vc_column][\/vc_row]<\/p>\n<\/div>","protected":false},"excerpt":{"rendered":"<p>[vc_row full_width=&#8221;stretch_row_content_no_spaces&#8221; el_class=&#8221;supro-no-padding-left supro-no-padding-right&#8221;][vc_column][vc_column_text css=&#8221;.vc_custom_1729797872336{margin-bottom: 0px !important;}&#8221;] Hej! Vi \u00e4r Paradox! Vi skapar h\u00f6gpresterande sittplatser f\u00f6r att hj\u00e4lpa dig maximera din potential i b\u00e5de arbete och spel. V\u00e5ra designer blandar ergonomiskt st\u00f6d, premium kvalitet och inspirerande estetik f\u00f6r att lyfta varje utrymme. [\/vc_column_text][vc_column_text css=&#8221;.vc_custom_1729798099020{margin-bottom: 0px !important;background-color: #222222 !important;}&#8221; el_class=&#8221;.about-us .info .info&#8211;white&#8221;] Vilka vi \u00e4r. P\u00e5 [&hellip;]<\/p>\n","protected":false},"author":2,"featured_media":0,"parent":0,"menu_order":0,"comment_status":"closed","ping_status":"closed","template":"template-fullwidth.php","meta":{"footnotes":""},"class_list":["post-30612","page","type-page","status-publish","hentry","no-thumb"],"_links":{"self":[{"href":"https:\/\/paradox24.com\/sv\/wp-json\/wp\/v2\/pages\/30612","targetHints":{"allow":["GET"]}}],"collection":[{"href":"https:\/\/paradox24.com\/sv\/wp-json\/wp\/v2\/pages"}],"about":[{"href":"https:\/\/paradox24.com\/sv\/wp-json\/wp\/v2\/types\/page"}],"author":[{"embeddable":true,"href":"https:\/\/paradox24.com\/sv\/wp-json\/wp\/v2\/users\/2"}],"replies":[{"embeddable":true,"href":"https:\/\/paradox24.com\/sv\/wp-json\/wp\/v2\/comments?post=30612"}],"version-history":[{"count":7,"href":"https:\/\/paradox24.com\/sv\/wp-json\/wp\/v2\/pages\/30612\/revisions"}],"predecessor-version":[{"id":30800,"href":"https:\/\/paradox24.com\/sv\/wp-json\/wp\/v2\/pages\/30612\/revisions\/30800"}],"wp:attachment":[{"href":"https:\/\/paradox24.com\/sv\/wp-json\/wp\/v2\/media?parent=30612"}],"curies":[{"name":"wp","href":"https:\/\/api.w.org\/{rel}","templated":true}]}}