{"id":12661,"date":"2024-07-25T08:58:11","date_gmt":"2024-07-25T07:58:11","guid":{"rendered":"https:\/\/paradox24.com\/privacy-policy\/"},"modified":"2025-02-04T23:09:55","modified_gmt":"2025-02-04T21:09:55","slug":"privacy-policy","status":"publish","type":"page","link":"https:\/\/paradox24.com\/sv\/privacy-policy\/","title":{"rendered":"Integritetspolicy"},"content":{"rendered":"<p><\/p><h2 class=\"wp-block-heading\">K\u00e4ra anv\u00e4ndare!<\/h2><p>Vi v\u00e4rnar om din integritet och vill att du ska k\u00e4nna dig bekv\u00e4m n\u00e4r du anv\u00e4nder v\u00e5ra tj\u00e4nster. D\u00e4rf\u00f6r presenterar vi nedan den viktigaste informationen om policyn f\u00f6r behandling av dina personuppgifter och om cookies som anv\u00e4nds av v\u00e5r butik. Denna information har utarbetats med h\u00e4nsyn till GDPR, dvs. den allm\u00e4nna dataskyddsf\u00f6rordningen.  <\/p><h2 class=\"wp-block-heading\">PERSONUPPGIFTSANSVARIG<\/h2><p>ECO24 SP\u00d3\u0141KA Z OGRANICZON\u0104 ODPOWIEDZIALNO\u015aCI\u0104 med registrerat s\u00e4te p\u00e5 ul. Algierska 17K, 03-977 Warszawa, Polen, inf\u00f6rd i det nationella domstolsregistret &#8211; registret \u00f6ver f\u00f6retagare av S\u0104D REJONOWY DLA M.ST.WARSZAWY W WARSZAWIE,XIII WYDZIA\u0141 GOSPODARCZY KRAJOWEGO REJESTRU S\u0104DOWEGO, under KRS-nummer (nationella domstolsregistret) 0001061741, Europeiska unionens momsregistreringsnummer PL5214039048, REGON-nummer (nationella officiella f\u00f6retagsregistret) 52659871100000, startkapital PLN 100000,00. <\/p><p>Om du vill kontakta oss med anledning av v\u00e5r behandling av dina personuppgifter, v\u00e4nligen skicka ett e-postmeddelande till oss p\u00e5: contact@paradox24.com.<\/p><h2 class=\"wp-block-heading\">DINA R\u00c4TTIGHETER<\/h2><p>Du har r\u00e4tt att beg\u00e4ra:<\/p><ul class=\"wp-block-list\"><li>tillg\u00e5ng till dina personuppgifter, inklusive att f\u00e5 en kopia av dina uppgifter (artikel 15 i GDPR eller, i till\u00e4mpliga fall, artikel 13 sek. 1(f) i dataskyddsf\u00f6rordningen),<\/li>\n\n<li>r\u00e4ttelse (artikel 16 i dataskyddsf\u00f6rordningen),<\/li>\n\n<li>radering (artikel 17 i dataskyddsf\u00f6rordningen),<\/li>\n\n<li>begr\u00e4nsning av behandlingen (artikel 18 i dataskyddsf\u00f6rordningen),<\/li>\n\n<li>\u00f6verf\u00f6ring av uppgifter till en annan personuppgiftsansvarig (artikel 20 i GDPR),<\/li><\/ul><p>och r\u00e4tten till:<\/p><ul class=\"wp-block-list\"><li>n\u00e4r som helst inv\u00e4nda mot behandlingen av dina personuppgifter:<ul class=\"wp-block-list\"><li>av sk\u00e4l som h\u00e4nf\u00f6r sig till din s\u00e4rskilda situation &#8211; med avseende p\u00e5 behandlingen av dina personuppgifter enligt artikel 6.1 f i GDPR (dvs. 1(f) i GDPR (d.v.s. de legitima intressen som vi efterstr\u00e4var);<\/li>\n\n<li>om dina personuppgifter behandlas f\u00f6r direktmarknadsf\u00f6ring, i den utstr\u00e4ckning som s\u00e5dan behandling \u00e4r relaterad till s\u00e5dan direktmarknadsf\u00f6ring (art. 21 sek. 2 i GDPR).<\/li><\/ul><\/li><\/ul><p>Kontakta oss om du vill ut\u00f6va dina r\u00e4ttigheter. Du kan inv\u00e4nda mot v\u00e5r anv\u00e4ndning av cookies (som du kan l\u00e4sa mer om nedan), i synnerhet genom att anv\u00e4nda l\u00e4mpliga inst\u00e4llningar i din webbl\u00e4sare. <\/p><p>Om du anser att dina uppgifter behandlas p\u00e5 ett olagligt s\u00e4tt kan du l\u00e4mna in ett klagom\u00e5l till den beh\u00f6riga dataskyddsmyndigheten.<\/p><h2 class=\"wp-block-heading\">PERSONUPPGIFTER OCH INTEGRITET<\/h2><p>Dina uppgifter behandlas av oss f\u00f6r \u00e4ndam\u00e5l som \u00e4r relaterade till driften av butiken och tillhandah\u00e5llandet av de tj\u00e4nster som erbjuds d\u00e4r. Nedan hittar du detaljerad information om behandlingen av dina uppgifter beroende p\u00e5 dina aktiviteter. <\/p><h3 class=\"wp-block-heading\">1. L\u00e4gga en order i butiken &#8211; del 1<\/h3><figure class=\"wp-block-table\"><table class=\"has-fixed-layout\"><tbody><tr><th>I vilket syfte behandlar vi dina uppgifter?<\/th><\/tr><tr><td>f\u00f6r att behandla din best\u00e4llning<\/td><\/tr><tr><th>P\u00e5 vilken grund behandlar vi dina uppgifter?<\/th><\/tr><tr><td>ett f\u00f6rs\u00e4ljningsavtal (artikel 6 sek. 1(b) i dataskyddsf\u00f6rordningen)<\/td><td>r\u00e4ttslig f\u00f6rpliktelse, relaterad till bokf\u00f6ring, som tvingar oss att behandla dina personuppgifter (artikel 6 sek. 1(c) i dataskyddsf\u00f6rordningen)<\/td><\/tr><tr><th>Hur l\u00e4nge kommer vi att behandla dina uppgifter?<\/th><\/tr><tr><td>under den tid som det ovann\u00e4mnda avtalet g\u00e4ller<\/td><td>till dess att v\u00e5ra r\u00e4ttsliga f\u00f6rpliktelser avseende redovisning upph\u00f6r att g\u00e4lla<\/td><\/tr><tr><td>dessutom kommer dina uppgifter att behandlas fram till utg\u00e5ngen av den period under vilken anspr\u00e5k kan g\u00f6ras g\u00e4llande &#8211; antingen av dig eller av oss<br\/>(se den sista tabellen i denna del f\u00f6r mer information)<\/td><\/tr><tr><th>Vad h\u00e4nder om du inte tillhandah\u00e5ller uppgifterna?<\/th><\/tr><tr><td>du inte kommer att kunna g\u00f6ra en best\u00e4llning<\/td><\/tr><\/tbody><\/table><\/figure><h3 class=\"wp-block-heading\">2. L\u00e4gga en order i butiken &#8211; del 2<\/h3><figure class=\"wp-block-table\"><table class=\"has-fixed-layout\"><tbody><tr><th>I vilket syfte behandlar vi dina uppgifter?<\/th><\/tr><tr><td>f\u00f6rb\u00e4ttra kvaliteten p\u00e5 v\u00e5ra tj\u00e4nster tack vare den feedback som anv\u00e4ndarna ger via tj\u00e4nsten f\u00f6r n\u00f6jdhetsunders\u00f6kningar<\/td><\/tr><tr><th>P\u00e5 vilken grund behandlar vi dina uppgifter?<\/th><\/tr><tr><td>v\u00e5rt ber\u00e4ttigade intresse av att behandla dina uppgifter i syfte att genomf\u00f6ra unders\u00f6kningar av hur n\u00f6jd du \u00e4r med v\u00e5ra tj\u00e4nster (artikel 6 sek. 1(f) i dataskyddsf\u00f6rordningen)<\/td><\/tr><tr><th>Hur l\u00e4nge kommer vi att behandla dina uppgifter?<\/th><\/tr><tr><td>om du inte l\u00e4mnar feedback, under en period p\u00e5 30 dagar fr\u00e5n ditt k\u00f6p eller tills vi tar h\u00e4nsyn till din inv\u00e4ndning mot behandlingen; och om du l\u00e4mnar feedback &#8211; tills den raderas eller tills vi tar h\u00e4nsyn till din inv\u00e4ndning mot behandlingen*<\/td><\/tr><tr><td>dessutom kommer dina uppgifter att behandlas fram till utg\u00e5ngen av den period under vilken anspr\u00e5k kan g\u00f6ras g\u00e4llande &#8211; antingen av dig eller av oss<br\/>(se den sista tabellen i denna del f\u00f6r mer information)<\/td><\/tr><tr><th>Vad h\u00e4nder om du inte tillhandah\u00e5ller uppgifterna?<\/th><\/tr><tr><td>vi inte kommer att ta h\u00e4nsyn till din \u00e5sikt om v\u00e5ra tj\u00e4nster i den fortsatta utvecklingen av v\u00e5ra tj\u00e4nster<\/td><\/tr><\/tbody><\/table><\/figure><p>*vad som \u00e4r till\u00e4mpligt i det enskilda fallet<\/p><h3 class=\"wp-block-heading\">3. Skapa ett konto i butiken<\/h3><figure class=\"wp-block-table\"><table class=\"has-fixed-layout\"><tbody><tr><th>I vilket syfte behandlar vi dina uppgifter?<\/th><\/tr><tr><td>f\u00f6r att genomf\u00f6ra ett avtal om tillhandah\u00e5llande av ett konto i butiken<\/td><\/tr><tr><th>P\u00e5 vilken grund behandlar vi dina uppgifter?<\/th><\/tr><tr><td>ett avtal om tillhandah\u00e5llande av tj\u00e4nster (artikel 6 sek. 1(b) i dataskyddsf\u00f6rordningen)<\/td><\/tr><tr><th>Hur l\u00e4nge kommer vi att behandla dina uppgifter?<\/th><\/tr><tr><td>under den tid som det ovann\u00e4mnda avtalet g\u00e4ller<\/td><\/tr><tr><td>dessutom kommer dina uppgifter att behandlas fram till utg\u00e5ngen av den period under vilken anspr\u00e5k kan g\u00f6ras g\u00e4llande &#8211; antingen av dig eller av oss<br\/>(se den sista tabellen i denna del f\u00f6r mer information)<\/td><\/tr><tr><th>Vad h\u00e4nder om du inte tillhandah\u00e5ller uppgifterna?<\/th><\/tr><tr><td>du inte kommer att kunna skapa ett konto och anv\u00e4nda dess funktioner, s\u00e5som att se din orderhistorik eller kontrollera din orderstatus<\/td><\/tr><\/tbody><\/table><\/figure><h3 class=\"wp-block-heading\">4. Kontakta oss (t.ex. f\u00f6r att st\u00e4lla en fr\u00e5ga)<\/h3><figure class=\"wp-block-table\"><table class=\"has-fixed-layout\"><tbody><tr><th>I vilket syfte behandlar vi dina uppgifter?<\/th><\/tr><tr><td>f\u00f6r att svara p\u00e5 dina fr\u00e5gor eller f\u00f6rfr\u00e5gningar<\/td><\/tr><tr><th>P\u00e5 vilken grund behandlar vi dina uppgifter?<\/th><\/tr><tr><td>ett avtal eller \u00e5tg\u00e4rder som vidtas p\u00e5 din beg\u00e4ran innan ett avtal ing\u00e5s (artikel 6 sek. 1(b) i GDPR) &#8211; om din f\u00f6rfr\u00e5gan eller beg\u00e4ran avser ett avtal som vi \u00e4r eller kan vara part i<\/td><td>v\u00e5rt ber\u00e4ttigade intresse av att behandla dina uppgifter i syfte att kommunicera med dig (artikel 6 sek. 1(f) i GDPR) &#8211; om din f\u00f6rfr\u00e5gan eller beg\u00e4ran inte \u00e4r relaterad till ett avtal<\/td><\/tr><tr><th>Hur l\u00e4nge kommer vi att behandla dina uppgifter?<\/th><\/tr><tr><td>under den tid som avtalet binder oss eller, om inget avtal ing\u00e5s &#8211; till utg\u00e5ngen av reklamationsperioden &#8211; se den sista tabellen i denna del<\/td><td>fram till utg\u00e5ngen av reklamationsperioden &#8211; se den sista tabellen i denna del eller fram till dess att vi har tagit h\u00e4nsyn till din inv\u00e4ndning mot behandlingen*<\/td><\/tr><tr><td>dessutom kommer dina uppgifter att behandlas fram till utg\u00e5ngen av den period under vilken anspr\u00e5k kan g\u00f6ras g\u00e4llande &#8211; antingen av dig eller av oss<br\/>(se den sista tabellen i denna del f\u00f6r mer information)<\/td><\/tr><tr><th>Vad h\u00e4nder om du inte tillhandah\u00e5ller uppgifterna?<\/th><\/tr><tr><td>vi inte kommer att kunna svara p\u00e5 din f\u00f6rfr\u00e5gan eller beg\u00e4ran<\/td><\/tr><\/tbody><\/table><\/figure><p>*vad som \u00e4r till\u00e4mpligt i det enskilda fallet<br\/><\/p><h3 class=\"wp-block-heading\">5. Webbl\u00e4sarinst\u00e4llningar eller andra liknande \u00e5tg\u00e4rder som m\u00f6jligg\u00f6r analytiska aktiviteter<\/h3><figure class=\"wp-block-table\"><table class=\"has-fixed-layout\"><tbody><tr><th>I vilket syfte behandlar vi dina uppgifter?<\/th><\/tr><tr><td>f\u00f6r att analysera hur du anv\u00e4nder och navigerar genom butiken f\u00f6r att f\u00f6rb\u00e4ttra dess funktionalitet<br\/>(l\u00e4s mer i delarna &#8221;Analytics&#8221; och &#8221;Cookies&#8221; i v\u00e5r integritetspolicy)<\/td><\/tr><tr><th>P\u00e5 vilken grund behandlar vi dina uppgifter?<\/th><\/tr><tr><td>v\u00e5rt ber\u00e4ttigade intresse av att behandla uppgifterna f\u00f6r det \u00e4ndam\u00e5l som anges ovan<br\/>(artikel 6 sek. 1(f) i dataskyddsf\u00f6rordningen)<\/td><\/tr><tr><th>Hur l\u00e4nge kommer vi att behandla dina uppgifter?<\/th><\/tr><tr><td>tills de cookies som anv\u00e4nds f\u00f6r analytiska \u00e4ndam\u00e5l upph\u00f6r att g\u00e4lla eller raderas av dig*.<\/td><\/tr><tr><th>Vad h\u00e4nder om du inte tillhandah\u00e5ller uppgifterna?<\/th><\/tr><tr><td>vi kommer inte att ta h\u00e4nsyn till hur du anv\u00e4nder och navigerar genom butiken n\u00e4r vi arbetar med dess utveckling<\/td><\/tr><\/tbody><\/table><\/figure><p>*vad som \u00e4r till\u00e4mpligt i det enskilda fallet<br\/><\/p><h3 class=\"wp-block-heading\">6. Ditt samtycke till att f\u00e5 marknadsf\u00f6ringsinneh\u00e5ll fr\u00e5n oss (t.ex. information om specialerbjudanden)<\/h3><figure class=\"wp-block-table\"><table class=\"has-fixed-layout\"><tbody><tr><th>I vilket syfte behandlar vi dina uppgifter?<\/th><\/tr><tr><td>f\u00f6r att skicka marknadsf\u00f6ringsinformation, s\u00e4rskilt specialerbjudanden<\/td><td>f\u00f6r att analysera effektiviteten i de meddelanden vi skickar, i syfte att fastst\u00e4lla allm\u00e4nna principer f\u00f6r effektiv meddelandehantering i v\u00e5r aff\u00e4rsverksamhet<br\/>(l\u00e4s mer i avsnittet &#8221;Analysaktiviteter&#8221; i integritetspolicyn)<\/td><\/tr><tr><th>P\u00e5 vilken grund behandlar vi dina uppgifter?<\/th><\/tr><tr><td>ditt samtycke till v\u00e5ra marknadsf\u00f6ringsaktiviteter (artikel 6 sek. 1(a) i dataskyddsf\u00f6rordningen)<\/td><td>v\u00e5rt ber\u00e4ttigade intresse av att behandla uppgifterna f\u00f6r det \u00e4ndam\u00e5l som anges ovan<br\/>(artikel 6 sek. 1(f) i dataskyddsf\u00f6rordningen)<\/td><\/tr><tr><th>Hur l\u00e4nge kommer vi att behandla dina uppgifter?<\/th><\/tr><tr><td>tills du \u00e5terkallar ditt samtycke &#8211; kom ih\u00e5g att du kan \u00e5terkalla ditt samtycke n\u00e4r som helst. \u00c5terkallandet av samtycket p\u00e5verkar inte lagligheten av den behandling som grundar sig p\u00e5 samtycket innan det \u00e5terkallades. <\/td><td>tills vi har tagit h\u00e4nsyn till din inv\u00e4ndning mot behandlingen<\/td><\/tr><tr><td>dessutom kommer dina uppgifter att behandlas fram till utg\u00e5ngen av den period under vilken anspr\u00e5k kan g\u00f6ras g\u00e4llande &#8211; antingen av dig eller av oss<br\/>(se den sista tabellen i denna del f\u00f6r mer information)<\/td><\/tr><tr><th>Vad h\u00e4nder om du inte tillhandah\u00e5ller uppgifterna?<\/th><\/tr><tr><td>du inte kommer att f\u00e5 v\u00e5rt marknadsf\u00f6ringsmaterial, inklusive information om v\u00e5ra specialerbjudanden<\/td><\/tr><\/tbody><\/table><\/figure><h3 class=\"wp-block-heading\">7. Anm\u00e4lan till nyhetsbrevet<\/h3><figure class=\"wp-block-table\"><table class=\"has-fixed-layout\"><tbody><tr><th>I vilket syfte behandlar vi dina uppgifter?<\/th><\/tr><tr><td>f\u00f6r att skicka dig v\u00e5rt nyhetsbrev<\/td><td>f\u00f6r att analysera effektiviteten i de meddelanden vi skickar, i syfte att fastst\u00e4lla allm\u00e4nna principer f\u00f6r effektiv meddelandehantering i v\u00e5r aff\u00e4rsverksamhet<br\/>(l\u00e4s mer i avsnittet &#8221;Analysaktiviteter&#8221; i integritetspolicyn)<\/td><\/tr><tr><th>P\u00e5 vilken grund behandlar vi dina uppgifter?<\/th><\/tr><tr><td>ett avtal om tj\u00e4nster f\u00f6r att skicka ett nyhetsbrev (artikel 6 sek. 1(b) i dataskyddsf\u00f6rordningen)<\/td><td>v\u00e5rt ber\u00e4ttigade intresse av att behandla uppgifterna f\u00f6r det \u00e4ndam\u00e5l som anges ovan<br\/>(artikel 6 sek. 1(f) i dataskyddsf\u00f6rordningen)<\/td><\/tr><tr><th>Hur l\u00e4nge kommer vi att behandla dina uppgifter?<\/th><\/tr><tr><td>tills du avregistrerar dig fr\u00e5n v\u00e5rt nyhetsbrev<\/td><td>tills vi har tagit h\u00e4nsyn till din inv\u00e4ndning mot behandlingen<\/td><\/tr><tr><td>dessutom kommer dina uppgifter att behandlas fram till utg\u00e5ngen av den period under vilken anspr\u00e5k kan g\u00f6ras g\u00e4llande &#8211; antingen av dig eller av oss<br\/>(se den sista tabellen i denna del f\u00f6r mer information)<\/td><\/tr><tr><th>Vad h\u00e4nder om du inte tillhandah\u00e5ller uppgifterna?<\/th><\/tr><tr><td>du inte kommer att kunna ta emot information om butiken och v\u00e5ra tj\u00e4nster<\/td><\/tr><\/tbody><\/table><\/figure><h3 class=\"wp-block-heading\">8. Varje handling eller underl\u00e5tenhet som kan ge upphov till ett anspr\u00e5k som r\u00f6r butiken eller v\u00e5ra tj\u00e4nster<\/h3><figure class=\"wp-block-table\"><table class=\"has-fixed-layout\"><tbody><tr><th>I vilket syfte behandlar vi dina uppgifter?<\/th><\/tr><tr><td>f\u00f6r att fastst\u00e4lla, g\u00f6ra g\u00e4llande eller f\u00f6rsvara eventuella anspr\u00e5k som r\u00f6r det ing\u00e5ngna avtalet eller de tillhandah\u00e5llna tj\u00e4nsterna<\/td><\/tr><tr><th>P\u00e5 vilken grund behandlar vi dina uppgifter?<\/th><\/tr><tr><td>v\u00e5rt ber\u00e4ttigade intresse av att behandla dina personuppgifter f\u00f6r det \u00e4ndam\u00e5l som anges ovan (artikel 6 sek. 1(f) i dataskyddsf\u00f6rordningen)<\/td><\/tr><tr><th>Hur l\u00e4nge kommer vi att behandla dina uppgifter?<\/th><\/tr><tr><td>tills reklamationsperioden l\u00f6per ut eller tills vi tar h\u00e4nsyn till din inv\u00e4ndning mot databehandlingen*.<\/td><\/tr><tr><th>Vad h\u00e4nder om du inte tillhandah\u00e5ller uppgifterna?<\/th><\/tr><tr><td>of\u00f6rm\u00e5ga att fastst\u00e4lla, g\u00f6ra g\u00e4llande eller f\u00f6rsvara anspr\u00e5k<\/td><\/tr><\/tbody><\/table><\/figure><p>*vad som \u00e4r till\u00e4mpligt i det enskilda fallet<br\/><\/p><h2 class=\"wp-block-heading\">PUBLICERING AV DATA<\/h2><p>Om du v\u00e4ljer att l\u00e4mna en kommentar kommer den, liksom ditt smeknamn, att vara synlig f\u00f6r andra Shop-anv\u00e4ndare.<\/p><p>Vi l\u00e4mnar inte ut din e-postadress till andra anv\u00e4ndare &#8211; s\u00e5vida du inte sj\u00e4lv g\u00f6r det.<\/p><h2 class=\"wp-block-heading\">ANALYTISKA AKTIVITETER<\/h2><p>Som en del av butikens webbplats utf\u00f6r vi analytiska aktiviteter f\u00f6r att g\u00f6ra den mer intuitiv och tillg\u00e4nglig &#8211; vi kommer att g\u00f6ra det om du till\u00e5ter s\u00e5dana aktiviteter. Som en del av analysen kommer vi att ta h\u00e4nsyn till hur du navigerar i butiken, till exempel hur mycket tid du tillbringar p\u00e5 en viss undersida eller var i butiken du klickar. Detta g\u00f6r det m\u00f6jligt f\u00f6r oss att optimera butikens layout, utseende och inneh\u00e5ll n\u00e4r vi arbetar med dess utveckling, f\u00f6r att f\u00f6rb\u00e4ttra dess funktionalitet.  <\/p><p>Om du vill f\u00e5 marknadsf\u00f6ringsmeddelanden eller nyhetsbrev fr\u00e5n oss kan vi dessutom analysera effektiviteten i det utskick vi har genomf\u00f6rt. Vi kan t.ex. kontrollera om och hur det p\u00e5verkade aktiviteten i v\u00e5r butik. S\u00e5dana aktiviteter kommer att hj\u00e4lpa oss att fastst\u00e4lla allm\u00e4nna regler f\u00f6r att skicka s\u00e5dana meddelanden &#8211; till exempel n\u00e4r det g\u00e4ller optimala s\u00e4ndningstider eller att best\u00e4mma hur man formulerar ett effektivt inneh\u00e5ll.  <\/p><h2 class=\"wp-block-heading\">DATAS\u00c4KERHET<\/h2><p>Vid behandlingen av dina personuppgifter anv\u00e4nder vi organisatoriska och tekniska medel i enlighet med g\u00e4llande lagstiftning, inklusive kryptering av anslutningen med SSL\/TLS-protokollet.<\/p><h2 class=\"wp-block-heading\">KAKOR<\/h2><p>V\u00e5r Shop anv\u00e4nder, som de flesta webbplatser, s\u00e5 kallade cookies. Dessa cookies: <\/p><ul class=\"wp-block-list\"><li>sparas i minnet p\u00e5 din enhet (dator, telefon etc.);<\/li>\n\n<li>\u00e4ndra inte inst\u00e4llningarna f\u00f6r din enhet.<\/li><\/ul><p>I v\u00e5r butik anv\u00e4nds cookies f\u00f6r:<\/p><ul class=\"wp-block-list\"><li>statistiska \u00e4ndam\u00e5l,<\/li>\n\n<li>marknadsf\u00f6rings\u00e4ndam\u00e5l,<\/li><\/ul><p>F\u00f6r att l\u00e4ra dig hur du hanterar cookies, inklusive hur du st\u00e4nger av dem i din webbl\u00e4sare, kan du anv\u00e4nda hj\u00e4lpfilen i din webbl\u00e4sare. Du kan l\u00e4sa mer om detta genom att trycka p\u00e5 F1 i din webbl\u00e4sare. P\u00e5 f\u00f6ljande sidor finns dessutom l\u00e4mpliga tips beroende p\u00e5 vilken webbl\u00e4sare du anv\u00e4nder:  <\/p><ul class=\"wp-block-list\"><li><a href=\"https:\/\/support.google.com\/chrome\/answer\/95647?hl=en\" target=\"_blank\" rel=\"noreferrer noopener\">Google Chrome<\/a><\/li>\n\n<li><a href=\"https:\/\/help.opera.com\/en\/latest\/web-preferences\/#cookies\" target=\"_blank\" rel=\"noreferrer noopener\">Opera<\/a><\/li>\n\n<li><a href=\"https:\/\/support.apple.com\/en-gb\/guide\/safari\/sfri11471\/mac\" target=\"_blank\" rel=\"noreferrer noopener\">Safari<\/a><\/li>\n\n<li><a href=\"https:\/\/support.mozilla.org\/en-US\/kb\/cookies-information-websites-store-on-your-computer\" target=\"_blank\" rel=\"noreferrer noopener\">Mozilla Firefox<\/a><\/li>\n\n<li><a href=\"https:\/\/support.microsoft.com\/en-gb\/help\/4468242\/microsoft-edge-browsing-data-and-privacy\" target=\"_blank\" rel=\"noreferrer noopener\">Microsoft Edge<\/a><\/li><\/ul><p>Nedan hittar du information om funktionerna f\u00f6r de cookies vi behandlar och deras giltighetstid.<\/p><figure class=\"wp-block-table\"><table class=\"has-fixed-layout\"><tbody><tr><th>Namn p\u00e5 cookie<\/th><th>Giltighetstid f\u00f6r cookien<\/th><th>Funktion f\u00f6r kakor<\/th><\/tr><tr><td>&#8221;_ga&#8221;<\/td><td>sessionens l\u00e4ngd<\/td><td>sp\u00e5rning av anv\u00e4ndaraktivitet f\u00f6r statistiska \u00e4ndam\u00e5l<\/td><\/tr><\/tbody><\/table><\/figure><p>Genom att anv\u00e4nda l\u00e4mpliga alternativ i din webbl\u00e4sare kan du n\u00e4r som helst:<\/p><ul class=\"wp-block-list\"><li>radera cookies,<\/li>\n\n<li>blockera anv\u00e4ndningen av cookies i framtiden.<\/li><\/ul><p>I s\u00e5dana fall kommer vi inte l\u00e4ngre att behandla dem.<\/p><h2 class=\"wp-block-heading\">EXTERNA TJ\u00c4NSTER\/DATAMOTTAGARE<\/h2><p>Vi anv\u00e4nder externa tj\u00e4nster f\u00f6r att hj\u00e4lpa oss i v\u00e5r verksamhet. Vi anf\u00f6rtror dem behandlingen av dina uppgifter &#8211; dessa personuppgiftsbitr\u00e4den behandlar endast uppgifter p\u00e5 v\u00e5r dokumenterade beg\u00e4ran. <\/p><p>Nedan hittar du en lista \u00f6ver mottagarna av dina uppgifter:<\/p><figure class=\"wp-block-table\"><table class=\"has-fixed-layout\"><tbody><tr><th>\u00c5TG\u00c4RD<\/th><th>MOTTAGARE AV DATA<\/th><th>\u00d6VERF\u00d6RING AV PERSONUPPGIFTER TILL L\u00c4NDER UTANF\u00d6R EUROPEISKA UNIONEN<\/th><\/tr><tr><th rowspan=\"4\">alla \u00e5tg\u00e4rder i samband med butiken<\/th><td>hostingleverant\u00f6r<\/td><td>inte \u00e4ger rum<\/td><\/tr><tr><td>enhet som f\u00f6rser oss med teknisk\/IT-support<\/td><td>inte \u00e4ger rum<\/td><\/tr><tr><td>personer som samarbetar med oss p\u00e5 grundval av civilr\u00e4ttsliga avtal och som st\u00f6der v\u00e5r nuvarande verksamhet<\/td><td>inte \u00e4ger rum<\/td><\/tr><tr><td>leverant\u00f6r av programvara f\u00f6r f\u00f6rs\u00e4ljning<\/td><td>inte \u00e4ger rum<\/td><\/tr><tr><th>bes\u00f6ka butiken med inst\u00e4llningar som g\u00f6r det m\u00f6jligt att genomf\u00f6ra marknadsf\u00f6ringsaktiviteter<\/th><td>leverant\u00f6r av marknadsf\u00f6ringstj\u00e4nster<\/td><td>inte \u00e4ger rum<\/td><\/tr><tr><th>bes\u00f6ka butiken med inst\u00e4llningar som g\u00f6r det m\u00f6jligt att utf\u00f6ra analytiska aktiviteter<\/th><td>enhet som m\u00f6jligg\u00f6r analytiska aktiviteter i Shop<\/td><td>inte \u00e4ger rum<\/td><\/tr><tr><th rowspan=\"7\">g\u00f6ra en best\u00e4llning i butiken<\/th><td>Betalningsf\u00f6rmedlare<\/td><td>inte \u00e4ger rum<\/td><\/tr><tr><td>enhet som levererar produkten till dig<\/td><td>inte \u00e4ger rum<\/td><\/tr><tr><td>leverant\u00f6r av programvara f\u00f6r att underl\u00e4tta aff\u00e4rsverksamhet (t.ex. programvara f\u00f6r redovisning)<\/td><td>inte \u00e4ger rum<\/td><\/tr><tr><td>leverant\u00f6r av standardprogramvara f\u00f6r kontor (inklusive e-postl\u00e5dor)<\/td><td>inte \u00e4ger rum<\/td><\/tr><tr><td>Grossisten<\/td><td>inte \u00e4ger rum<\/td><\/tr><tr><td>bokf\u00f6ringsbyr\u00e5<\/td><td>inte \u00e4ger rum<\/td><\/tr><tr><td>leverant\u00f6r av avbetalningstj\u00e4nster<\/td><td>inte \u00e4ger rum<\/td><\/tr><tr><th>prenumerera p\u00e5 nyhetsbrevet eller samtycka till marknadsf\u00f6ring<\/th><td>enhet som tillhandah\u00e5ller tj\u00e4nster f\u00f6r nyhetsbrev eller marknadsf\u00f6ringsmeddelanden<\/td><td>inte \u00e4ger rum<\/td><\/tr><tr><th>anv\u00e4ndning av onlinechatten som finns tillg\u00e4nglig i butiken<\/th><td>leverant\u00f6r av den onlinechatt som finns tillg\u00e4nglig i butiken<\/td><td>inte \u00e4ger rum<\/td><\/tr><tr><th>din anv\u00e4ndning av tj\u00e4nster som tillhandah\u00e5lls oss i samband med butiken via sociala medieplattformar<\/th><td>plattformar f\u00f6r sociala medier<\/td><td>inte \u00e4ger rum<\/td><\/tr><tr><th>delta i en n\u00f6jdhetsunders\u00f6kning om v\u00e5ra tj\u00e4nster eller produkter<\/th><td>enheter som m\u00f6jligg\u00f6r publicering av \u00e5sikter om butiken eller produkter och j\u00e4mf\u00f6relse av dessa<\/td><td>inte \u00e4ger rum<\/td><\/tr><tr><th>kontakta oss (t.ex. f\u00f6r att st\u00e4lla en fr\u00e5ga)<\/th><td>leverant\u00f6r av standardprogramvara f\u00f6r kontor (inklusive e-postl\u00e5dor)<\/td><td>inte \u00e4ger rum<\/td><\/tr><\/tbody><\/table><\/figure><p>D\u00e4rut\u00f6ver:<\/p><p>relevanta offentliga myndigheter i den utstr\u00e4ckning som vi \u00e4r skyldiga att f\u00f6rse dem med uppgifterna.<\/p>","protected":false},"excerpt":{"rendered":"<p>K\u00e4ra anv\u00e4ndare! Vi v\u00e4rnar om din integritet och vill att du ska k\u00e4nna dig bekv\u00e4m n\u00e4r du anv\u00e4nder v\u00e5ra tj\u00e4nster. D\u00e4rf\u00f6r presenterar vi nedan den viktigaste informationen om policyn f\u00f6r behandling av dina personuppgifter och om cookies som anv\u00e4nds av v\u00e5r butik. Denna information har utarbetats med h\u00e4nsyn till GDPR, dvs. den allm\u00e4nna dataskyddsf\u00f6rordningen. PERSONUPPGIFTSANSVARIG [&hellip;]<\/p>\n","protected":false},"author":2,"featured_media":0,"parent":0,"menu_order":0,"comment_status":"closed","ping_status":"closed","template":"","meta":{"footnotes":""},"class_list":["post-12661","page","type-page","status-publish","hentry","no-thumb"],"_links":{"self":[{"href":"https:\/\/paradox24.com\/sv\/wp-json\/wp\/v2\/pages\/12661","targetHints":{"allow":["GET"]}}],"collection":[{"href":"https:\/\/paradox24.com\/sv\/wp-json\/wp\/v2\/pages"}],"about":[{"href":"https:\/\/paradox24.com\/sv\/wp-json\/wp\/v2\/types\/page"}],"author":[{"embeddable":true,"href":"https:\/\/paradox24.com\/sv\/wp-json\/wp\/v2\/users\/2"}],"replies":[{"embeddable":true,"href":"https:\/\/paradox24.com\/sv\/wp-json\/wp\/v2\/comments?post=12661"}],"version-history":[{"count":0,"href":"https:\/\/paradox24.com\/sv\/wp-json\/wp\/v2\/pages\/12661\/revisions"}],"wp:attachment":[{"href":"https:\/\/paradox24.com\/sv\/wp-json\/wp\/v2\/media?parent=12661"}],"curies":[{"name":"wp","href":"https:\/\/api.w.org\/{rel}","templated":true}]}}