{"id":12647,"date":"2024-07-25T08:58:12","date_gmt":"2024-07-25T07:58:12","guid":{"rendered":"https:\/\/paradox24.com\/aterbetalningspolicy\/"},"modified":"2026-01-12T21:18:02","modified_gmt":"2026-01-12T20:18:02","slug":"aterbetalningspolicy","status":"publish","type":"page","link":"https:\/\/paradox24.com\/sv\/aterbetalningspolicy\/","title":{"rendered":"\u00c5terbetalningspolicy"},"content":{"rendered":"<div class=\"wpb-content-wrapper\"><p>[vc_row][vc_column][vc_column_text css=&#8221;&#8221;]<\/p>\n<p>Vi har en returpolicy p\u00e5 100 dagar, vilket inneb\u00e4r att du har 100 dagar p\u00e5 dig efter att du mottagit din vara att beg\u00e4ra en retur.<\/p>\n<p>F\u00f6r att starta en retur kan du kontakta oss p\u00e5 <a href=\"mailto:hello@paradox24.com\">hello@paradox24.com<\/a>. Observera att returer m\u00e5ste skickas till f\u00f6ljande adress: Omnipack Fulfillment Center, hall DC04 ramp 55, Aleja Katowicka 66, 05-830 Nadarzyn, Poland<\/p>\n<p>Varor som skickas tillbaka till oss utan att f\u00f6rst ha beg\u00e4rt en retur kommer inte att accepteras.<\/p>\n<p>Du kan alltid kontakta oss f\u00f6r fr\u00e5gor om returer p\u00e5 <a href=\"mailto:hello@paradox24.com\">hello@paradox24.com<\/a><\/p>\n<p><strong>Skador och problem<\/strong><br \/>Inspektera din best\u00e4llning vid mottagandet och kontakta oss omedelbart om varan \u00e4r defekt, skadad eller om du f\u00e5tt fel vara, s\u00e5 att vi kan utv\u00e4rdera problemet och \u00e5tg\u00e4rda det.<\/p>\n<p><strong>Undantag \/ varor som inte kan returneras<\/strong><br \/>Vissa typer av varor kan inte returneras, som t.ex. f\u00e4rskvaror (som mat, blommor eller v\u00e4xter), specialtillverkade produkter (som specialbest\u00e4llningar eller personliga varor) och hygienartiklar (som sk\u00f6nhetsprodukter). Vi accepterar inte heller returer av farliga material, brandfarliga v\u00e4tskor eller gaser. H\u00f6r av dig om du har fr\u00e5gor eller funderingar kring en specifik vara.<\/p>\n<p><strong>Byten<\/strong><br \/>Det snabbaste s\u00e4ttet att f\u00e5 det du vill ha \u00e4r att returnera varan du har, och n\u00e4r returen har godk\u00e4nts g\u00f6ra ett separat k\u00f6p av den nya varan.<\/p>\n<p><strong>\u00c5ngerr\u00e4tt inom EU p\u00e5 14 dagar<\/strong><br \/>Oaktat ovanst\u00e5ende, om varorna skickas till Europeiska unionen har du r\u00e4tt att \u00e5ngra eller returnera din best\u00e4llning inom 14 dagar, oavsett anledning och utan motivering.<\/p>\n<p>[\/vc_column_text][\/vc_column][\/vc_row]<\/p>\n<\/div>","protected":false},"excerpt":{"rendered":"<p>[vc_row][vc_column][vc_column_text css=&#8221;&#8221;] Vi har en returpolicy p\u00e5 100 dagar, vilket inneb\u00e4r att du har 100 dagar p\u00e5 dig efter att du mottagit din vara att beg\u00e4ra en retur. F\u00f6r att starta en retur kan du kontakta oss p\u00e5 hello@paradox24.com. Observera att returer m\u00e5ste skickas till f\u00f6ljande adress: Omnipack Fulfillment Center, hall DC04 ramp 55, Aleja [&hellip;]<\/p>\n","protected":false},"author":2,"featured_media":0,"parent":0,"menu_order":0,"comment_status":"closed","ping_status":"closed","template":"","meta":{"footnotes":""},"class_list":["post-12647","page","type-page","status-publish","hentry","no-thumb"],"_links":{"self":[{"href":"https:\/\/paradox24.com\/sv\/wp-json\/wp\/v2\/pages\/12647","targetHints":{"allow":["GET"]}}],"collection":[{"href":"https:\/\/paradox24.com\/sv\/wp-json\/wp\/v2\/pages"}],"about":[{"href":"https:\/\/paradox24.com\/sv\/wp-json\/wp\/v2\/types\/page"}],"author":[{"embeddable":true,"href":"https:\/\/paradox24.com\/sv\/wp-json\/wp\/v2\/users\/2"}],"replies":[{"embeddable":true,"href":"https:\/\/paradox24.com\/sv\/wp-json\/wp\/v2\/comments?post=12647"}],"version-history":[{"count":3,"href":"https:\/\/paradox24.com\/sv\/wp-json\/wp\/v2\/pages\/12647\/revisions"}],"predecessor-version":[{"id":26971,"href":"https:\/\/paradox24.com\/sv\/wp-json\/wp\/v2\/pages\/12647\/revisions\/26971"}],"wp:attachment":[{"href":"https:\/\/paradox24.com\/sv\/wp-json\/wp\/v2\/media?parent=12647"}],"curies":[{"name":"wp","href":"https:\/\/api.w.org\/{rel}","templated":true}]}}