{"id":10735,"date":"2025-01-16T23:42:03","date_gmt":"2025-01-16T22:42:03","guid":{"rendered":"https:\/\/paradox24.com\/vanguard-kollektionen\/"},"modified":"2026-02-23T23:02:38","modified_gmt":"2026-02-23T22:02:38","slug":"vanguard-kollektionen","status":"publish","type":"page","link":"https:\/\/paradox24.com\/sv\/vanguard-kollektionen\/","title":{"rendered":"Vanguard-kollektionen"},"content":{"rendered":"<div class=\"wpb-content-wrapper\"><p>[vc_row full_width=&#8221;stretch_row_content_no_spaces&#8221;][vc_column][vc_raw_html css=&#8221;&#8221;]ICAgIDxkaXYgY2xhc3M9Im1haW4tbGFuZGluZyI+CiAgICAgICAgPGRpdiBjbGFzcz0ibWFpbi1sYW5kaW5nX19jb250ZW50Ij4KICAgICAgICAgICAgPGgyPlByZXN0YW5kYXZhbGV0PC9oMj4KICAgICAgICAgICAgPHA+LTwvcD4KICAgICAgICAgICAgPGltZyBzcmM9Ii93cC1jb250ZW50L3VwbG9hZHMvMjAyNS8wMS92YW5ndWFyZC5zdmciPgogICAgICAgIDwvZGl2PgogICAgICAgIDxpbWcgY2xhc3M9Im1haW4tbGFuZGluZ19fYmFja2dyb3VuZCIgc3JjPSIvd3AtY29udGVudC91cGxvYWRzLzIwMjUvMDEvTWFzay1ncm91cC0zMS5wbmciPgogICAgICAgIDxpbWcgY2xhc3M9Im1haW4tbGFuZGluZ19fYmFja2dyb3VuZCBtYWluLWxhbmRpbmdfX2JhY2tncm91bmQtLW1vYmlsZSIgc3JjPSIvd3AtY29udGVudC91cGxvYWRzLzIwMjUvMDEvTWFzay1ncm91cC0zMC0yLnBuZyI+CiAgICA8L2Rpdj4K[\/vc_raw_html][\/vc_column][\/vc_row][vc_row full_width=&#8221;stretch_row_content_no_spaces&#8221; el_class=&#8221;collection-container collection-container&#8211;white&#8221;][vc_column][vc_raw_html css=&#8221;&#8221;]PGRpdiBjbGFzcz0iY29sbGVjdGlvbi1zbG9nYW4gY29sbGVjdGlvbi1zbG9nYW4tLWJsYWNrIj4KICAgPGgxPlBhcmFkb3ggVmFuZ3VhcmQta29sbGVrdGlvbjwvaDE+CiAgIDxwPlByZXN0YW5kYSBoYXIgYWxkcmlnIHNldHQgYsOkdHRyZSB1dDwvcD4KICAgPHAgY2xhc3M9ImNvbGxlY3Rpb24tc2xvZ2FuLS1zbWFsbCI+RMOkciBkasOkcnYgZXN0ZXRpayBtw7Z0ZXIga29tcHJvbWlzc2zDtnMga29tZm9ydC4gVmFuZ3VhcmQtc2VyaWVuIGxldmVyZXJhciBwcmVtaXVta3ZhbGl0ZXQgdGlsbCBldHQgcHJpcyBzb20gaMOlbGxlciBkaW4gcGzDpW5ib2sgYmVrdsOkbSBvY2tzw6UuIDwvcD4KPC9kaXY+[\/vc_raw_html][vc_raw_html css=&#8221;&#8221;]CiAgICA8ZGl2IGNsYXNzPSJjb2xsZWN0aW9uLWluZm8iPgogICAgICAgIAogICAgICAgIDxkaXYgY2xhc3M9ImNvbGxlY3Rpb24taW5mb19fY29udGVudCBjb2xsZWN0aW9uLWluZm9fX2xvZ28iPgogICAgICAgICAgICA8aW1nIHNyYz0iL3dwLWNvbnRlbnQvdXBsb2Fkcy8yMDI1LzAxL3NwYWNlLWNvbW1zLnN2ZyI+CiAgICAgICAgPC9kaXY+CiAgICAgICAgCiAgICAgICAgPGltZyBjbGFzcz0iY29sbGVjdGlvbi1pbmZvX19pbWFnZSBjb2xsZWN0aW9uLWluZm9fX2ltYWdlLS1tb2JpbGUiIHNyYz0iL3dwLWNvbnRlbnQvdXBsb2Fkcy8yMDI1LzAxL0VzY2VuYXJpby1SZWQtUnVuaXEtMS0zLnBuZyI+CiAgICAKICAgICAgICA8ZGl2IGNsYXNzPSJjb2xsZWN0aW9uLWluZm9fX2NvbnRlbnQiPgogICAgICAgICAgICA8aDI+RGl0dCBkcmFnLCBkaXR0IHPDpHR0PC9oMj4KICAgICAgICAgICAgPHA+VXR0cnljayBkaW4gc3RpbCBtZWQgZGVuIHNtaWRpZ2EgZWxlZ2Fuc2VuIGhvcyBwcmVtaXVtIFRlY2hSWCBJSSBlY28tbMOkZGVyIGVsbGVyIGRlbiBhbmRuaW5nc2JhcmEgcHJlc3RhbmRhbiBob3MgQWVyb0R1cuKEoi10eWcuIFNhbW1hIGRqw6RydmEgZGVzaWduLCB0dsOlIGRpc3Rpbmt0YSBwZXJzb25saWdoZXRlci4gRsO2ciBhdHQgbcOkc3RhcmUgYWxkcmlnIHNrYSBiZWjDtnZhIGtvbXByb21pc3NhIG1lZCBzaW5hIHByZWZlcmVuc2VyLiAgPC9wPgogICAgICAgICAgICAgW3Byb2R1Y3RfdXJsIGlkPSIzOTE2IiBuYW1lPSJMZWFybiBtb3JlIiBjbGFzcz0iY29sbGVjdGlvbi1pbmZvX19hY3Rpb24iIC9dCiAgICAgICAgPC9kaXY+CgogICAgICAgCiAgICAgICAgPGltZyBjbGFzcz0iY29sbGVjdGlvbi1pbmZvX19pbWFnZSIgc3JjPSIvd3AtY29udGVudC91cGxvYWRzLzIwMjUvMDEvRXNjZW5hcmlvLVJlZC1SdW5pcS0xLTQucG5nIj4KICAgIDwvZGl2PgogICAg[\/vc_raw_html][vc_raw_html css=&#8221;&#8221;]ICAgICAgICA8ZGl2IGNsYXNzPSJjb2xsZWN0aW9uLXRocmVlIj4KICAgICAgICAgICAgICAgICAgICAgICAgPGRpdiBjbGFzcz0iY29sbGVjdGlvbi10aHJlZV9faXRlbSBjb2xsZWN0aW9uLXRocmVlX19pdGVtLS1sYXJnZSI+CiAgICAgICAgICAgICAgICA8aW1nIGNsYXNzPSJjb2xsZWN0aW9uLXRocmVlX19pbWFnZSIgc3JjPSIvd3AtY29udGVudC91cGxvYWRzLzIwMjUvMDEvR3JvdXAtOTkucG5nIj4KICAgICAgICAgICAgICAgIDxpbWcgY2xhc3M9ImNvbGxlY3Rpb24tdGhyZWVfX2ltYWdlIGNvbGxlY3Rpb24tdGhyZWVfX2ltYWdlLS1tb2JpbGUiIHNyYz0iL3dwLWNvbnRlbnQvdXBsb2Fkcy8yMDI1LzAxL01hc2stZ3JvdXAtMzgucG5nIj4KICAgICAgICAgICAgPC9kaXY+CiAgICAgICAgICAgIAogICAgICAgICAgICAgIDxkaXYgY2xhc3M9ImNvbGxlY3Rpb24tdGhyZWVfX2l0ZW0iPgogICAgICAgICAgICAgICAgW3Byb2R1Y3RfdXJsIGlkPSIzOTE3Il0KICAgICAgICAgICAgICAgIDxpbWcgY2xhc3M9ImNvbGxlY3Rpb24tdGhyZWVfX2ltYWdlIiBzcmM9Ii93cC1jb250ZW50L3VwbG9hZHMvMjAyNS8wMS9Hcm91cC0xOTQtMS5wbmciPgogICAgICAgICAgICAgICAgWy9wcm9kdWN0X3VybF0KICAgICAgICAgICAgICAgIFtwcm9kdWN0X3VybCBpZD0iMzkxNyJdCiAgICAgICAgICAgICAgICA8aW1nIGNsYXNzPSJjb2xsZWN0aW9uLXRocmVlX19pbWFnZSBjb2xsZWN0aW9uLXRocmVlX19pbWFnZS0tbW9iaWxlIiBzcmM9Ii93cC1jb250ZW50L3VwbG9hZHMvMjAyNS8wMS9Hcm91cC0xOTQtOC5wbmciPgogICAgICAgICAgICAgICAgWy9wcm9kdWN0X3VybF0KICAgICAgICAgICAgICAgIDxkaXYgY2xhc3M9ImNvbGxlY3Rpb24tdGhyZWVfX2FjdGlvbiI+CiAgICAgICAgICAgICAgICAgICAgPGg0Pltwcm9kdWN0X3VybCBpZD0iMzkxNyIgbmFtZT0iVkFOR1VBUkQgUmVkIFJ1bmlxIExlYXRoZXIiIC9dPC9oND4KICAgICAgICAgICAgICAgICAgICBbcHJvZHVjdF9wcmljZSBpZD0iMzkxNyIgL10KICAgICAgICAgICAgICAgIDwvZGl2PgogICAgICAgICAgICA8L2Rpdj4KCgogICAgICAgICAgICA8ZGl2IGNsYXNzPSJjb2xsZWN0aW9uLXRocmVlX19pdGVtIj4KICAgICAgICAgICAgICAgW3Byb2R1Y3RfdXJsIGlkPSIzOTIzIl08aW1nIGNsYXNzPSJjb2xsZWN0aW9uLXRocmVlX19pbWFnZSIgc3JjPSIvd3AtY29udGVudC91cGxvYWRzLzIwMjUvMDEvR3JvdXAtMTk0LTIucG5nIj48L2E+Wy9wcm9kdWN0X3VybF0KICAgICAgICAgICAgICAgICAgICAgICAgICAgICAgW3Byb2R1Y3RfdXJsIGlkPSIzOTIzIl0KICAgICAgICAgICAgICAgIDxhIGhyZWY9Imh0dHBzOi8vcGFyYWRveDI0LmNvbS9wbC9wcm9kdWt0L3BhcmFkb3gtdmFuZ3VhcmQtcmVkLXJ1bmlxLWZhYnJpYy8iPjxpbWcgY2xhc3M9ImNvbGxlY3Rpb24tdGhyZWVfX2ltYWdlIGNvbGxlY3Rpb24tdGhyZWVfX2ltYWdlLS1tb2JpbGUiIHNyYz0iL3dwLWNvbnRlbnQvdXBsb2Fkcy8yMDI1LzAxL0dyb3VwLTE5NC05LnBuZyI+PC9hPgogICAgICAgICAgICAgICAgWy9wcm9kdWN0X3VybF0KICAgICAgICAgICAgICAgIDxkaXYgY2xhc3M9ImNvbGxlY3Rpb24tdGhyZWVfX2FjdGlvbiI+CiAgICAgICAgICAgICAgICAgICAgPGg0Pltwcm9kdWN0X3VybCBpZD0iMzkyMyIgbmFtZT0iVkFOR1VBUkQgUmVkIFJ1bmlxIEZhYnJpYyIgL108L2g0PgogICAgICAgICAgICAgICAgICAgIFtwcm9kdWN0X3ByaWNlIGlkPSIzOTIzIiAvXQogICAgICAgICAgICAgICAgPC9kaXY+CiAgICAgICAgICAgIDwvZGl2PgoKCiAgICAgICAgPC9kaXY+Cgo=[\/vc_raw_html][vc_raw_html css=&#8221;&#8221;]ICAgICAgICA8ZGl2IGNsYXNzPSJjb2xsZWN0aW9uLXRocmVlIj4KCiAgICAgICAgICAgIDxkaXYgY2xhc3M9ImNvbGxlY3Rpb24tdGhyZWVfX2l0ZW0iPgogICAgICAgICAgICAgICAgW3Byb2R1Y3RfdXJsIGlkPSIzOTE2Il0KICAgICAgICAgICAgICAgIDxpbWcgY2xhc3M9ImNvbGxlY3Rpb24tdGhyZWVfX2ltYWdlIiBzcmM9Ii93cC1jb250ZW50L3VwbG9hZHMvMjAyNS8wMS9Hcm91cC0xOTQtMy5wbmciPgogICAgICAgICAgICAgICAgWy9wcm9kdWN0X3VybF0KICAgICAgICAgICAgICAgIFtwcm9kdWN0X3VybCBpZD0iMzkxNiJdCiAgICAgICAgICAgICAgICA8aW1nIGNsYXNzPSJjb2xsZWN0aW9uLXRocmVlX19pbWFnZSBjb2xsZWN0aW9uLXRocmVlX19pbWFnZS0tbW9iaWxlIiBzcmM9Ii93cC1jb250ZW50L3VwbG9hZHMvMjAyNS8wMS9Hcm91cC0xOTQtMTAucG5nIj4KICAgICAgICAgICAgICAgIFsvcHJvZHVjdF91cmxdCiAgICAgICAgICAgICAgICA8ZGl2IGNsYXNzPSJjb2xsZWN0aW9uLXRocmVlX19hY3Rpb24iPgogICAgICAgICAgICAgICAgICAgIDxoND5bcHJvZHVjdF91cmwgaWQ9IjM5MTYiIG5hbWU9IlZBTkdVQVJEIFNwYWNlIENvbW1zIExlYXRoZXIiIC9dPC9oND4KICAgICAgICAgICAgICAgICAgICBbcHJvZHVjdF9wcmljZSBpZD0iMzkxNiIgL10KICAgICAgICAgICAgICAgIDwvZGl2PgogICAgICAgICAgICA8L2Rpdj4KCiAgICAgICAgICAgIDxkaXYgY2xhc3M9ImNvbGxlY3Rpb24tdGhyZWVfX2l0ZW0iPgogICAgICAgICAgICAgICAgW3Byb2R1Y3RfdXJsIGlkPSIzOTIyIl0KICAgICAgICAgICAgICAgIDxpbWcgY2xhc3M9ImNvbGxlY3Rpb24tdGhyZWVfX2ltYWdlIiBzcmM9Ii93cC1jb250ZW50L3VwbG9hZHMvMjAyNS8wMS9Hcm91cC0xOTQtNC5wbmciPgogICAgICAgICAgICAgICAgWy9wcm9kdWN0X3VybF0KICAgICAgICAgICAgICAgIFtwcm9kdWN0X3VybCBpZD0iMzkyMiJdCiAgICAgICAgICAgICAgICA8aW1nIGNsYXNzPSJjb2xsZWN0aW9uLXRocmVlX19pbWFnZSBjb2xsZWN0aW9uLXRocmVlX19pbWFnZS0tbW9iaWxlIiBzcmM9Ii93cC1jb250ZW50L3VwbG9hZHMvMjAyNS8wMS9Hcm91cC0xOTQtMTEucG5nIj4KICAgICAgICAgICAgICAgIFsvcHJvZHVjdF91cmxdCiAgICAgICAgICAgICAgICA8ZGl2IGNsYXNzPSJjb2xsZWN0aW9uLXRocmVlX19hY3Rpb24iPgogICAgICAgICAgICAgICAgICAgIDxoND5bcHJvZHVjdF91cmwgaWQ9IjM5MjIiIG5hbWU9IlZBTkdVQVJEIFNwYWNlIENvbW1zIEZhYnJpYyIgL108L2g0PgogICAgICAgICAgICAgICAgICAgIFtwcm9kdWN0X3ByaWNlIGlkPSIzOTIyIiAvXQogICAgICAgICAgICAgICAgPC9kaXY+CiAgICAgICAgICAgIDwvZGl2PgogICAgICAgICAgICAKICAgICAgICAgICA8ZGl2IGNsYXNzPSJjb2xsZWN0aW9uLXRocmVlX19pdGVtIGNvbGxlY3Rpb24tdGhyZWVfX2l0ZW0tLWxhcmdlIj4KICAgICAgICAgICAgICAgIDxpbWcgY2xhc3M9ImNvbGxlY3Rpb24tdGhyZWVfX2ltYWdlIiBzcmM9Ii93cC1jb250ZW50L3VwbG9hZHMvMjAyNS8wMS9Hcm91cC05OS0yLTEucG5nIj4KICAgICAgICAgICAgICAgIDxpbWcgY2xhc3M9ImNvbGxlY3Rpb24tdGhyZWVfX2ltYWdlIGNvbGxlY3Rpb24tdGhyZWVfX2ltYWdlLS1tb2JpbGUiIHNyYz0iL3dwLWNvbnRlbnQvdXBsb2Fkcy8yMDI1LzAxL01hc2stZ3JvdXAtMzkucG5nIj4KICAgICAgICAgICAgPC9kaXY+CgoKICAgICAgICA8L2Rpdj4=[\/vc_raw_html][vc_raw_html css=&#8221;&#8221;]CiAgICA8ZGl2IGNsYXNzPSJjb2xsZWN0aW9uLWluZm8gY29sbGVjdGlvbi1pbmZvLS1yZXZlcnNlIj4KICAgICAgICAKICAgICAgICA8ZGl2IGNsYXNzPSJjb2xsZWN0aW9uLWluZm9fX2NvbnRlbnQgY29sbGVjdGlvbi1pbmZvX19sb2dvIj4KICAgICAgICAgICAgPGltZyBzcmM9Ii93cC1jb250ZW50L3VwbG9hZHMvMjAyNS8wMS9jcmltc29tLWFyb3ZzLnN2ZyI+CiAgICAgICAgPC9kaXY+CiAgICAgICAgCiAgICAgICAgPGltZyBjbGFzcz0iY29sbGVjdGlvbi1pbmZvX19pbWFnZSBjb2xsZWN0aW9uLWluZm9fX2ltYWdlLS1tb2JpbGUiIHNyYz0iL3dwLWNvbnRlbnQvdXBsb2Fkcy8yMDI1LzAxL0VzY2VuYXJpby1SZWQtUnVuaXEtMi5wbmciPgogICAgCiAgICAgICAgPGRpdiBjbGFzcz0iY29sbGVjdGlvbi1pbmZvX19jb250ZW50Ij4KICAgICAgICAgICAgPGgyPkJ5Z2dkIGbDtnIgZGV0IGzDpW5nYSBsb3BwZXQ8L2gyPgogICAgICAgICAgICA8cD5Ow6RyIGFuZHJhIGdlciB1cHAsIGZvcnRzw6R0dGVyIGR1LiBEw6RyZsO2ciB1dHPDpHR0ZXIgdmkgdsOlcmEgc3RvbGFyIGbDtnIgMjAwLjAwMCB0ZXN0Y3lrbGVyLiBFdHQgc3TDtmQgc29tIGbDtnJibGlyIHN0YXJrdCwgcHJlY2lzIHNvbSBkdS4gIDwvcD4KW3Byb2R1Y3RfdXJsIGlkPSIzOTE4IiBuYW1lPSJMZWFybiBtb3JlIiBjbGFzcz0iY29sbGVjdGlvbi1pbmZvX19hY3Rpb24iIC9dCiAgICAgICAgPC9kaXY+CgogICAgICAgCiAgICAgICAgPGltZyBjbGFzcz0iY29sbGVjdGlvbi1pbmZvX19pbWFnZSIgc3JjPSIvd3AtY29udGVudC91cGxvYWRzLzIwMjUvMDEvRXNjZW5hcmlvLVJlZC1SdW5pcS0xLnBuZyI+CiAgICA8L2Rpdj4KICAgIA==[\/vc_raw_html][vc_raw_html css=&#8221;&#8221;]ICAgICAgICA8ZGl2IGNsYXNzPSJjb2xsZWN0aW9uLXRocmVlIj4KCiAgICAgICAgICAgIDxkaXYgY2xhc3M9ImNvbGxlY3Rpb24tdGhyZWVfX2l0ZW0iPgogICAgICAgICAgICAgICAgW3Byb2R1Y3RfdXJsIGlkPSIzOTE5Il0KICAgICAgICAgICAgICAgIDxpbWcgY2xhc3M9ImNvbGxlY3Rpb24tdGhyZWVfX2ltYWdlIiBzcmM9Ii93cC1jb250ZW50L3VwbG9hZHMvMjAyNS8wMS9Hcm91cC0xOTQtNS5wbmciPgogICAgICAgICAgICAgICAgWy9wcm9kdWN0X3VybF0KICAgICAgICAgICAgICAgIFtwcm9kdWN0X3VybCBpZD0iMzkxOSJdCiAgICAgICAgICAgICAgICA8aW1nIGNsYXNzPSJjb2xsZWN0aW9uLXRocmVlX19pbWFnZSBjb2xsZWN0aW9uLXRocmVlX19pbWFnZS0tbW9iaWxlIiBzcmM9Ii93cC1jb250ZW50L3VwbG9hZHMvMjAyNS8wMS9Hcm91cC0xOTQtMTIucG5nIj4KICAgICAgICAgICAgICAgIFsvcHJvZHVjdF91cmxdCiAgICAgICAgICAgICAgICA8ZGl2IGNsYXNzPSJjb2xsZWN0aW9uLXRocmVlX19hY3Rpb24iPgogICAgICAgICAgICAgICAgPGg0Pltwcm9kdWN0X3VybCBpZD0iMzkxOSIgbmFtZT0iVkFOR1VBUkQgUmVkIFR1eHMiIC9dPC9oND4KICAgICAgICAgICAgICAgICAgICBbcHJvZHVjdF9wcmljZSBpZD0iMzkxOSIgL10KICAgICAgICAgICAgICAgIDwvZGl2PgogICAgICAgICAgICA8L2Rpdj4KICAgICAgICAgICAgCiAgICAgICAgICAgICAgICAgICAgICAgIDxkaXYgY2xhc3M9ImNvbGxlY3Rpb24tdGhyZWVfX2l0ZW0iPgogICAgICAgICAgICAgICAgPGltZyBjbGFzcz0iY29sbGVjdGlvbi10aHJlZV9faW1hZ2UiIHNyYz0iL3dwLWNvbnRlbnQvdXBsb2Fkcy8yMDI1LzAxL01hc2stZ3JvdXAtMzIucG5nIj4KICAgICAgICAgICAgICAgIDxpbWcgY2xhc3M9ImNvbGxlY3Rpb24tdGhyZWVfX2ltYWdlIGNvbGxlY3Rpb24tdGhyZWVfX2ltYWdlLS1tb2JpbGUiIHNyYz0iL3dwLWNvbnRlbnQvdXBsb2Fkcy8yMDI1LzAxL01hc2stZ3JvdXAtNDAucG5nIj4KICAgICAgICAgICAgPC9kaXY+CiAgICAgICAgICAgIAogICAgICAgICAgICAgICAgICAgICAgICA8ZGl2IGNsYXNzPSJjb2xsZWN0aW9uLXRocmVlX19pdGVtIGNvbGxlY3Rpb24tdGhyZWVfX2l0ZW0tLWxhcmdlIj4KICAgICAgICAgICAgICAgIDxpbWcgY2xhc3M9ImNvbGxlY3Rpb24tdGhyZWVfX2ltYWdlIiBzcmM9Ii93cC1jb250ZW50L3VwbG9hZHMvMjAyNS8wMS9Hcm91cC0xMDAucG5nIj4KICAgICAgICAgICAgICAgIDxpbWcgY2xhc3M9ImNvbGxlY3Rpb24tdGhyZWVfX2ltYWdlIGNvbGxlY3Rpb24tdGhyZWVfX2ltYWdlLS1tb2JpbGUiIHNyYz0iL3dwLWNvbnRlbnQvdXBsb2Fkcy8yMDI1LzAxLzI0MTEyNl9wYXJhZG94TEY4OTI3LWNvcGlhLTItMS5wbmciPgogICAgICAgICAgICA8L2Rpdj4KICAgICAgICA8L2Rpdj4=[\/vc_raw_html][vc_raw_html css=&#8221;&#8221;]CiAgICA8ZGl2IGNsYXNzPSJjb2xsZWN0aW9uLWluZm8gY29sbGVjdGlvbi1pbmZvLS1yZXZlcnNlIj4KICAgICAgICAKICAgIDxkaXYgY2xhc3M9ImNvbGxlY3Rpb24taW5mb19fY29udGVudCBjb2xsZWN0aW9uLWluZm9fX2xvZ28iPgogICAgICAgICAgICA8aW1nIHNyYz0iL3dwLWNvbnRlbnQvdXBsb2Fkcy8yMDI1LzAxL3JlZC10dXhzLnN2ZyI+CiAgICAgICAgPC9kaXY+CiAgICAgICAgCiAgICAgICAgPGltZyBjbGFzcz0iY29sbGVjdGlvbi1pbmZvX19pbWFnZSBjb2xsZWN0aW9uLWluZm9fX2ltYWdlLS1tb2JpbGUiIHNyYz0iL3dwLWNvbnRlbnQvdXBsb2Fkcy8yMDI1LzAxL0VzY2VuYXJpby1SZWQtUnVuaXEtMy0yLnBuZyI+CiAgICAKICAgICAgICA8ZGl2IGNsYXNzPSJjb2xsZWN0aW9uLWluZm9fX2NvbnRlbnQiPgogICAgICAgICAgICA8aDI+QW5kYXMsIHLDtnIgZGlnLCBlcsO2dnJhPC9oMj4KICAgICAgICAgICAgPHA+UHJlbWl1bSBUZWNoUlggSUkgZWNvLWzDpGRlciBtw7Z0ZXIgaW5ub3ZhdGl2IGRlc2lnbi4gVmFyamUgZGV0YWxqIMOkciBrb25zdHJ1ZXJhZCBmw7ZyIGF0dCBow6VsbGEgZGlnIGkgem9uZW4sIHRpbW1lIGVmdGVyIHRpbW1lLjxicj4gPC9wPgpbcHJvZHVjdF91cmwgaWQ9IjM5MTkiIG5hbWU9IkxlYXJuIG1vcmUiIGNsYXNzPSJjb2xsZWN0aW9uLWluZm9fX2FjdGlvbiIgL10KICAgICAgICA8L2Rpdj4KCiAgICAgICAKICAgICAgICA8aW1nIGNsYXNzPSJjb2xsZWN0aW9uLWluZm9fX2ltYWdlIiBzcmM9Ii93cC1jb250ZW50L3VwbG9hZHMvMjAyNS8wMS9Fc2NlbmFyaW8tUmVkLVJ1bmlxLTEtMS0xLnBuZyI+CiAgICA8L2Rpdj4KICAgIA==[\/vc_raw_html][vc_raw_html css=&#8221;&#8221;]ICAgICAgICA8ZGl2IGNsYXNzPSJjb2xsZWN0aW9uLXRocmVlIj4KICAgICAgICAgICAgPGRpdiBjbGFzcz0iY29sbGVjdGlvbi10aHJlZV9faXRlbSI+CiAgICAgICAgICAgICAgICBbcHJvZHVjdF91cmwgaWQ9IjM5MTgiXQogICAgICAgICAgICAgICAgPGltZyBjbGFzcz0iY29sbGVjdGlvbi10aHJlZV9faW1hZ2UiIHNyYz0iL3dwLWNvbnRlbnQvdXBsb2Fkcy8yMDI1LzAxL0dyb3VwLTE5NC02LnBuZyI+CiAgICAgICAgICAgICAgICBbL3Byb2R1Y3RfdXJsXQogICAgICAgICAgICAgICAgW3Byb2R1Y3RfdXJsIGlkPSIzOTE4Il0KICAgICAgICAgICAgICAgIDxpbWcgY2xhc3M9ImNvbGxlY3Rpb24tdGhyZWVfX2ltYWdlIGNvbGxlY3Rpb24tdGhyZWVfX2ltYWdlLS1tb2JpbGUiIHNyYz0iL3dwLWNvbnRlbnQvdXBsb2Fkcy8yMDI1LzAxL0dyb3VwLTE5NC0xMy5wbmciPgogICAgICAgICAgICAgICAgWy9wcm9kdWN0X3VybF0KICAgICAgICAgICAgICAgIDxkaXYgY2xhc3M9ImNvbGxlY3Rpb24tdGhyZWVfX2FjdGlvbiI+CiAgICAgICAgICAgICAgICAgICAgPGg0Pltwcm9kdWN0X3VybCBpZD0iMzkxOCIgbmFtZT0iVkFOR1VBUkQgQ3JpbXNvbiBBcm92cyIgL108L2g0PgogICAgICAgICAgICAgICAgICAgIFtwcm9kdWN0X3ByaWNlIGlkPSIzOTE4IiAvXQogICAgICAgICAgICAgICAgPC9kaXY+CiAgICAgICAgICAgIDwvZGl2PgoKICAgICAgICAgICAgPGRpdiBjbGFzcz0iY29sbGVjdGlvbi10aHJlZV9faXRlbSBjb2xsZWN0aW9uLXRocmVlX19pdGVtLS1sYXJnZSI+CiAgICAgICAgICAgICAgICA8aW1nIGNsYXNzPSJjb2xsZWN0aW9uLXRocmVlX19pbWFnZSIgc3JjPSIvd3AtY29udGVudC91cGxvYWRzLzIwMjUvMDEvTWFzay1ncm91cC0zMy5wbmciPgogICAgICAgICAgICAgICAgPGltZyBjbGFzcz0iY29sbGVjdGlvbi10aHJlZV9faW1hZ2UgY29sbGVjdGlvbi10aHJlZV9faW1hZ2UtLW1vYmlsZSIgc3JjPSIvd3AtY29udGVudC91cGxvYWRzLzIwMjUvMDEvTWFzay1ncm91cC00MS5wbmciPgogICAgICAgICAgICA8L2Rpdj4KCiAgICAgICAgICAgIDxkaXYgY2xhc3M9ImNvbGxlY3Rpb24tdGhyZWVfX2l0ZW0iPgogICAgICAgICAgICAgICAgPGltZyBjbGFzcz0iY29sbGVjdGlvbi10aHJlZV9faW1hZ2UiIHNyYz0iL3dwLWNvbnRlbnQvdXBsb2Fkcy8yMDI1LzAxL01hc2stZ3JvdXAtMzQucG5nIj4KICAgICAgICAgICAgICAgIDxpbWcgY2xhc3M9ImNvbGxlY3Rpb24tdGhyZWVfX2ltYWdlIGNvbGxlY3Rpb24tdGhyZWVfX2ltYWdlLS1tb2JpbGUiIHNyYz0iL3dwLWNvbnRlbnQvdXBsb2Fkcy8yMDI1LzAxL01hc2stZ3JvdXAtNDIucG5nIj4KICAgICAgICAgICAgPC9kaXY+CiAgICAgICAgPC9kaXY+[\/vc_raw_html][vc_raw_html css=&#8221;&#8221;]CiAgICA8ZGl2IGNsYXNzPSJjb2xsZWN0aW9uLWluZm8iPgogICAgPGRpdiBjbGFzcz0iY29sbGVjdGlvbi1pbmZvX19jb250ZW50IGNvbGxlY3Rpb24taW5mb19fbG9nbyI+CiAgICAgICAgICAgIDxpbWcgc3JjPSIvd3AtY29udGVudC91cGxvYWRzLzIwMjUvMDEvcGluay1wcmluY2Vzcy5zdmciPgogICAgPC9kaXY+CiAgICAgICAgCiAgICAgICAgPGltZyBjbGFzcz0iY29sbGVjdGlvbi1pbmZvX19pbWFnZSBjb2xsZWN0aW9uLWluZm9fX2ltYWdlLS1tb2JpbGUiIHNyYz0iL3dwLWNvbnRlbnQvdXBsb2Fkcy8yMDI1LzAxL0VzY2VuYXJpby1SZWQtUnVuaXEtMy0xLnBuZyI+CiAgICAKICAgICAgICA8ZGl2IGNsYXNzPSJjb2xsZWN0aW9uLWluZm9fX2NvbnRlbnQiPgogICAgICAgICAgICA8aDI+S29tZm9ydCB1dGFuIGtvbXByb21pc3M8L2gyPgogICAgICAgICAgICA8cD5QcmVtaXVtIFRlY2hSWCBJSSBlY28tbMOkZGVyIG3DtnRlciBpbm5vdmF0aXYgZGVzaWduLiBWYXJqZSBkZXRhbGogw6RyIGtvbnN0cnVlcmFkIGbDtnIgYXR0IGjDpWxsYSBkaWcgaSB6b25lbiwgdGltbWUgZWZ0ZXIgdGltbWUuPGJyPjxicj4gPC9wPgpbcHJvZHVjdF91cmwgaWQ9IjM5MjEiIG5hbWU9IkxlYXJuIG1vcmUiIGNsYXNzPSJjb2xsZWN0aW9uLWluZm9fX2FjdGlvbiIgL10KICAgICAgICA8L2Rpdj4KCiAgICAgICAKICAgICAgICA8aW1nIGNsYXNzPSJjb2xsZWN0aW9uLWluZm9fX2ltYWdlIiBzcmM9Ii93cC1jb250ZW50L3VwbG9hZHMvMjAyNS8wMS9Fc2NlbmFyaW8tUmVkLVJ1bmlxLTEtMi5wbmciPgogICAgPC9kaXY+CiAgICA=[\/vc_raw_html][vc_raw_html css=&#8221;&#8221;]ICAgICAgICA8ZGl2IGNsYXNzPSJjb2xsZWN0aW9uLXRocmVlIj4KICAgICAgICAgICAgCiAgICAgICAgICAgICAgICAgICAgICAgIDxkaXYgY2xhc3M9ImNvbGxlY3Rpb24tdGhyZWVfX2l0ZW0gY29sbGVjdGlvbi10aHJlZV9faXRlbS0tbGFyZ2UiPgogICAgICAgICAgICAgICAgPGltZyBjbGFzcz0iY29sbGVjdGlvbi10aHJlZV9faW1hZ2UiIHNyYz0iL3dwLWNvbnRlbnQvdXBsb2Fkcy8yMDI1LzAxLzI0MTEyNl9wYXJhZG94TEY5MDg1LWNvcGlhLTMtMS5wbmciPgogICAgICAgICAgICAgICAgPGltZyBjbGFzcz0iY29sbGVjdGlvbi10aHJlZV9faW1hZ2UgY29sbGVjdGlvbi10aHJlZV9faW1hZ2UtLW1vYmlsZSIgc3JjPSIvd3AtY29udGVudC91cGxvYWRzLzIwMjUvMDEvMjQxMTI2X3BhcmFkb3hMRjkwODUtY29waWEtMy0xLTEucG5nIj4KICAgICAgICAgICAgPC9kaXY+CiAgICAgICAgICAgIAogICAgICAgICAgICAKICAgICAgICAgICAgPGRpdiBjbGFzcz0iY29sbGVjdGlvbi10aHJlZV9faXRlbSI+CiAgICAgICAgICAgICAgICA8aW1nIGNsYXNzPSJjb2xsZWN0aW9uLXRocmVlX19pbWFnZSIgc3JjPSIvd3AtY29udGVudC91cGxvYWRzLzIwMjUvMDEvTWFzay1ncm91cC0zNi5wbmciPgogICAgICAgICAgICAgICAgPGltZyBjbGFzcz0iY29sbGVjdGlvbi10aHJlZV9faW1hZ2UgY29sbGVjdGlvbi10aHJlZV9faW1hZ2UtLW1vYmlsZSIgc3JjPSIvd3AtY29udGVudC91cGxvYWRzLzIwMjUvMDEvTWFzay1ncm91cC00My5wbmciPgogICAgICAgICAgICA8L2Rpdj4KCiAgICAgICAgICAgIDxkaXYgY2xhc3M9ImNvbGxlY3Rpb24tdGhyZWVfX2l0ZW0iPgogICAgICAgICAgICAgICAgW3Byb2R1Y3RfdXJsIGlkPSIzOTIxIl0KICAgICAgICAgICAgICAgIDxpbWcgY2xhc3M9ImNvbGxlY3Rpb24tdGhyZWVfX2ltYWdlIiBzcmM9Ii93cC1jb250ZW50L3VwbG9hZHMvMjAyNS8wMS9Hcm91cC0xOTQtNy5wbmciPgogICAgICAgICAgICAgICAgWy9wcm9kdWN0X3VybF0KICAgICAgICAgICAgICAgIFtwcm9kdWN0X3VybCBpZD0iMzkyMSJdCiAgICAgICAgICAgICAgICA8aW1nIGNsYXNzPSJjb2xsZWN0aW9uLXRocmVlX19pbWFnZSBjb2xsZWN0aW9uLXRocmVlX19pbWFnZS0tbW9iaWxlIiBzcmM9Ii93cC1jb250ZW50L3VwbG9hZHMvMjAyNS8wMS9Hcm91cC0xOTQtMTQucG5nIj4KICAgICAgICAgICAgICAgIFsvcHJvZHVjdF91cmxdCiAgICAgICAgICAgICAgICAgICAgICAgICAgICAgICAgPGRpdiBjbGFzcz0iY29sbGVjdGlvbi10aHJlZV9fYWN0aW9uIj4KICAgICAgICAgICAgICAgICAgICA8aDQ+W3Byb2R1Y3RfdXJsIGlkPSIzOTIxIiBuYW1lPSJWQU5HVUFSRCBQaW5rIFByaW5jZXNzIiAvXTwvaDQ+CiAgICAgICAgICAgICAgICAgICAgW3Byb2R1Y3RfcHJpY2UgaWQ9IjM5MjEiIC9dCiAgICAgICAgICAgICAgICA8L2Rpdj4KICAgICAgICAgICAgPC9kaXY+CgogICAgICAgIDwvZGl2Pg==[\/vc_raw_html][\/vc_column][\/vc_row]<\/p>\n<\/div>","protected":false},"excerpt":{"rendered":"<p>Paradox Vanguard Kollektion \u2014 mid-range gamingstolar med premium eco-l\u00e4der. Memory-foam l\u00e4ndryggsst\u00f6d, inf\u00e4llbar fotst\u00f6d, 150\u00b0 lutning, lutningsmekanism. Tillg\u00e4nglig i 7 f\u00e4rger inklusive limited editions. 100-dagars retur.<\/p>\n","protected":false},"author":1,"featured_media":0,"parent":0,"menu_order":0,"comment_status":"closed","ping_status":"closed","template":"template-fullwidth.php","meta":{"footnotes":""},"class_list":["post-10735","page","type-page","status-publish","hentry","no-thumb"],"_links":{"self":[{"href":"https:\/\/paradox24.com\/sv\/wp-json\/wp\/v2\/pages\/10735","targetHints":{"allow":["GET"]}}],"collection":[{"href":"https:\/\/paradox24.com\/sv\/wp-json\/wp\/v2\/pages"}],"about":[{"href":"https:\/\/paradox24.com\/sv\/wp-json\/wp\/v2\/types\/page"}],"author":[{"embeddable":true,"href":"https:\/\/paradox24.com\/sv\/wp-json\/wp\/v2\/users\/1"}],"replies":[{"embeddable":true,"href":"https:\/\/paradox24.com\/sv\/wp-json\/wp\/v2\/comments?post=10735"}],"version-history":[{"count":1,"href":"https:\/\/paradox24.com\/sv\/wp-json\/wp\/v2\/pages\/10735\/revisions"}],"predecessor-version":[{"id":30901,"href":"https:\/\/paradox24.com\/sv\/wp-json\/wp\/v2\/pages\/10735\/revisions\/30901"}],"wp:attachment":[{"href":"https:\/\/paradox24.com\/sv\/wp-json\/wp\/v2\/media?parent=10735"}],"curies":[{"name":"wp","href":"https:\/\/api.w.org\/{rel}","templated":true}]}}