{"id":25592,"date":"2024-10-21T12:30:36","date_gmt":"2024-10-21T11:30:36","guid":{"rendered":"https:\/\/paradox24.com\/product\/paradox-ultimate-lunar-trace\/"},"modified":"2026-04-30T11:32:10","modified_gmt":"2026-04-30T10:32:10","slug":"paradox-ultimate-lunar-trace","status":"publish","type":"product","link":"https:\/\/paradox24.com\/sk\/produkt\/paradox-ultimate-lunar-trace\/","title":{"rendered":"Hern\u00e1 stoli\u010dka Paradox Ultimate Lunar Trace"},"content":{"rendered":"<div class=\"wpb-content-wrapper\"><p>[vc_row full_width=&#8220;stretch_row_content_no_spaces&#8220;][vc_column][product_info text_color=&#8220;product-info&#8211;white&#8220; text_position=&#8220;product-info__content&#8211;left&#8220; header=&#8220;Paradox Ultimate&#8220; text_1=&#8220;Nevyhnutnos\u0165 pre profesion\u00e1lov&#8220; main_image=&#8220;16368&#8243; mobile_image=&#8220;16512&#8243;][\/product_info][product_element position=&#8220;left&#8220; header=&#8220;Kvalita a\u017e do konca&#8220; images=&#8220;16503&#8243;]The high-quality Next-Gen eco-leather is durable, nice to touch and eco-friendly.Alcantara accents give you this sporty performance feel. So does the distinctive contrast stitching reminiscent of racing cars or high end fashion accessories.<\/p>\n<p class=\"whitespace-normal break-words\"><strong>Cold-molded high-density foam<\/strong> \u2014 the same production technique used in automotive seats and premium furniture. Unlike standard foam, cold-molded foam retains its shape and resilience over thousands of hours of use. Combined with the memory-foam lumbar and headrest pillows, it delivers comfort that lasts.<\/p>\n<p>[\/product_element][product_element header=&#8220;Integrovan\u00e9 LumbarPro&#8220; images=&#8220;16494&#8243;]S\u00e9ria Paradox Ultimate obsahuje LumbarPro, nastavite\u013en\u00fd dvojrozmern\u00fd podporn\u00fd syst\u00e9m navrhnut\u00fd na zarovnanie chrbtice a zmiernenie nap\u00e4tia v kr\u00ed\u017eoch. Diskr\u00e9tne zabudovan\u00fd v operadle sp\u00e1ja eleganciu s ergonomickou dokonalos\u0165ou.[\/product_element][product_info main_image=&#8220;16485&#8243; mobile_image=&#8220;16476&#8243;][\/product_info][product_element position=&#8220;left&#8220; header=&#8220;V\u00fd\u0161kovo nastavite\u013en\u00e9 sedadlo&#8220; images=&#8220;16467&#8243;]Na\u0161e plne nastavite\u013en\u00e9 sedadlo, dokonale prisp\u00f4soben\u00e9 pre osoby s v\u00fd\u0161kou od 165 do 185 cm, zais\u0165uje individu\u00e1lne prisp\u00f4sobenie. Pokro\u010dil\u00fd pneumatick\u00fd mechanizmus umo\u017e\u0148uje jednoduch\u00e9 nastavenie v\u00fd\u0161ky: jednoducho potiahni p\u00e1\u010dku a mierne nadvihni sedadlo, alebo zatla\u010d nadol, ke\u010f sed\u00ed\u0161, aby si ho zn\u00ed\u017eil.  \u013dahko dosiahni ide\u00e1lnu ergonomick\u00fa polohu \u2013 tvoje kolen\u00e1 by mali tvori\u0165 90-stup\u0148ov\u00fd uhol a lakte by mali pohodlne spo\u010d\u00edva\u0165 na stole v 90-stup\u0148ovom uhle. Uprednostni polohu lak\u0165ov, aby si optimalizoval pohodlie aj produktivitu.[\/product_element][product_element header=&#8220;Prisp\u00f4sobite\u013en\u00e9 polohy operadla a\u017e do roviny&#8220; images=&#8220;16458&#8243;]Nastav a zaisti operadlo v \u0161tyroch poloh\u00e1ch pod\u013ea svojich potrieb. \u010ci u\u017e hr\u00e1\u0161, pracuje\u0161 alebo si rob\u00ed\u0161 prest\u00e1vku, zmena uhla operadla pom\u00e1ha zni\u017eova\u0165 n\u00e1mahu, zlep\u0161ova\u0165 dr\u017eanie tela a udr\u017eiava\u0165 tvoje svaly uvo\u013enen\u00e9 po cel\u00fd de\u0148.  Odpor sklonu operadla si m\u00f4\u017ee\u0161 nastavi\u0165 pod\u013ea svojej telesnej hmotnosti a preferenci\u00ed. Jednoducho oto\u010d gomb\u00edkom pod sedadlom do\u013eava alebo doprava![\/product_element][product_element position=&#8220;left&#8220; header=&#8220;Vank\u00fa\u0161 na opierku hlavy so siln\u00fdm magnetom&#8220; images=&#8220;16449&#8243;]Inteligentn\u00fd hlavov\u00fd vank\u00fa\u0161 pln\u00ed dvojit\u00fa funkciu \u2013 poskytuje ti dokonal\u00fa podporu a z\u00e1rove\u0148 dod\u00e1va \u0161t\u00fdl tvojej stoli\u010dke. V\u010faka siln\u00fdm vstavan\u00fdm magnetom ho m\u00f4\u017ee\u0161 \u013eahko pripevni\u0165 alebo od\u0148a\u0165, kedyko\u013evek chce\u0161.[\/product_element][product_info main_image=&#8220;16440&#8243; mobile_image=&#8220;16431&#8243;][\/product_info][product_element header=&#8220;Opierky r\u00fak FlexMotion 4D&#8220; images=&#8220;16422&#8243;]Nastav ich hore a dole, aby si dosiahol ide\u00e1lnu v\u00fd\u0161ku, posu\u0148 ich dopredu a dozadu pre optim\u00e1lny dosah, pos\u00favaj ich zo strany na stranu pre ide\u00e1lnu bo\u010dn\u00fa polohu a ot\u00e1\u010daj ich, aby si na\u0161iel najlep\u0161\u00ed uhol pre svoje ruky a z\u00e1p\u00e4stia.[\/product_element][product_element position=&#8220;left&#8220; header=&#8220;Z\u00e1klad\u0148a TitanCore&#8220; images=&#8220;16413&#8243;]T\u00e1to stoli\u010dka, navrhnut\u00e1 tak, aby uniesla a\u017e 135 kg, zaru\u010duje dlhotrvaj\u00facu spo\u013eahlivos\u0165 a bezpe\u010dnos\u0165, \u010do z nej rob\u00ed vynikaj\u00facu vo\u013ebu pre profesion\u00e1lne aj osobn\u00e9 pou\u017eitie.[\/product_element][product_element header=&#8220;Kolieska QuickSpin 360\u00b0&#8220; images=&#8220;16404&#8243;]Funkcia ot\u00e1\u010dania o 360 stup\u0148ov ti umo\u017e\u0148uje bez n\u00e1mahy sa ot\u00e1\u010da\u0165 v akomko\u013evek smere, \u010d\u00edm poskytuje maxim\u00e1lnu flexibilitu a \u013eahk\u00fd pr\u00edstup ku v\u0161etk\u00fdm oblastiam tvojho stola a okolia \u2013 a to v\u0161etko v tichosti.[\/product_element][product_element position=&#8220;left&#8220; header=&#8220;Jednoduch\u00e1 mont\u00e1\u017e&#8220; images=&#8220;16395&#8243;]Jasn\u00e9 vizu\u00e1lne pokyny ti umo\u017enia zostavi\u0165 stoli\u010dku za menej ako 20 min\u00fat. \u010ci u\u017e to urob\u00ed\u0161 s\u00e1m alebo s priate\u013eom \u2013 postarali sme sa o to, aby to bolo jednoduch\u00e9.[\/product_element][vc_raw_html css=&#8220;&#8220;]ICAgIDxkaXYgY2xhc3M9ImRldGFpbGVkLXJldmlldyI+CiAgICAgICAgPGgyPlByZcSNw610YWogc2kgcG9kcm9ibsOpIHJlY2VuemllIHY8L2gyPgogICAgICAgIDxkaXYgY2xhc3M9ImRldGFpbGVkLXJldmlld19fY29udGVudCI+CiAgICAgICAgICAgIDxkaXYgY2xhc3M9ImRldGFpbGVkLXJldmlld19faW1hZ2UiPgogICAgICAgICAgICAgICAgPGEgaHJlZj0iaHR0cHM6Ly9wYXJhZG94MjQuY29tL3NrL3BhcmFkb3gtdGVzdGltb25pYWxzLyI+PGltZyBzcmM9Ii93cC1jb250ZW50L3VwbG9hZHMvMjAyNS8wOS9IYXJkWm9uZS0xLnBuZyIgYWx0PSJIYXJkWm9uZSI+PC9hPgogICAgICAgICAgICA8L2Rpdj4KICAgICAgICAgICAgPGRpdiBjbGFzcz0iZGV0YWlsZWQtcmV2aWV3X19pbWFnZSI+CiAgICAgICAgICAgICAgICA8YSBocmVmPSJodHRwczovL3BhcmFkb3gyNC5jb20vc2svcGFyYWRveC10ZXN0aW1vbmlhbHMvIj48aW1nIHNyYz0iL3dwLWNvbnRlbnQvdXBsb2Fkcy8yMDI1LzA5L0dyb3VwLTc0Ny5wbmciIGFsdD0iQ0hJUCI+PC9hPgogICAgICAgICAgICA8L2Rpdj4KICAgICAgICAgICAgPGRpdiBjbGFzcz0iZGV0YWlsZWQtcmV2aWV3X19pbWFnZSI+CiAgICAgICAgICAgICAgICA8YSBocmVmPSJodHRwczovL3BhcmFkb3gyNC5jb20vc2svcGFyYWRveC10ZXN0aW1vbmlhbHMvIj48aW1nIHNyYz0iL3dwLWNvbnRlbnQvdXBsb2Fkcy8yMDI1LzA5L05leHRQbGF5ZXIuaXQtMS5wbmciIGFsdD0iTmV4dFBsYXllciI+PC9hPgogICAgICAgICAgICA8L2Rpdj4KICAgICAgICAgICAgPGRpdiBjbGFzcz0iZGV0YWlsZWQtcmV2aWV3X19pbWFnZSI+CiAgICAgICAgICAgICAgICA8YSBocmVmPSJodHRwczovL3BhcmFkb3gyNC5jb20vc2svcGFyYWRveC10ZXN0aW1vbmlhbHMvIj48aW1nIHNyYz0iL3dwLWNvbnRlbnQvdXBsb2Fkcy8yMDI1LzA5L0NoYWlyUEMtMS5wbmciIGFsdD0iUEMgc3RvbGnEjWthIj48L2E+CiAgICAgICAgICAgIDwvZGl2PgogICAgICAgIDwvZGl2PgoKICAgIDwvZGl2Pgo=[\/vc_raw_html][product_images images=&#8220;17382&#8243;][product_action header=&#8220;Vylep\u0161i si svoj z\u00e1\u017eitok zo sedenia e\u0161te dnes!&#8220; text=&#8220;Zme\u0148 svoj pracovn\u00fd a hern\u00fd priestor s na\u0161ou stoli\u010dkou Ultimate. Za\u017ei bezkonkuren\u010dn\u00e9 pohodlie a profesion\u00e1lnu dokonalos\u0165.&#8220; button_text=&#8220;Prida\u0165 ULTIMATE Lunar Trace do ko\u0161\u00edka&#8220; main_image=&#8220;16386&#8243; mobile_image=&#8220;16377&#8243;][testimontial_review_list header=&#8220;Recenzie &amp; tla\u010d&#8220; review_0=&#8220;Pozri si recenziu Ultimate Lunar Trace od Alexis Prieto na Youtube&#8220; background_image_0=&#8220;19917&#8243; play_image_0=&#8220;19926&#8243; flag_image_0=&#8220;19935&#8243; link_0=&#8220;https:\/\/www.youtube.com\/watch?v=yQZF2XwK89c&#8220; review_1=&#8220;Ultimate Black Raven recenzovan\u00fd t\u00edmom CHIP na Youtube&#8220; background_image_1=&#8220;20033&#8243; play_image_1=&#8220;19926&#8243; flag_image_1=&#8220;20105&#8243; link_1=&#8220;https:\/\/www.youtube.com\/watch?v=WTlwHwej9C0&#8243; review_2=&#8220;N\u00e1zor na Commander Sunrise Hero od NextPlayer.it&#8220; background_image_2=&#8220;20006&#8243; play_image_2=&#8220;20117&#8243; flag_image_2=&#8220;20096&#8243; link_2=&#8220;https:\/\/www.nextplayer.it\/paradox-sedia-gaming-serie-commander-recensione\/&#8220;][\/vc_column][\/vc_row]<\/p>\n<\/div>","protected":false},"excerpt":{"rendered":"<p><span style=\"font-weight: 400\">Minimalistick\u00fd, no v\u00fdrazn\u00fd dizajn, vysokokvalitn\u00e9 materi\u00e1ly a pohodlie, ktor\u00e9 ti pom\u00f4\u017eu dosiahnu\u0165 tvoje ciele. <\/span><\/p>\n<ul>\n<li style=\"font-weight: 400\"><b>Pre t\u00fdch, ktor\u00ed vy\u017eaduj\u00fa nen\u00e1padn\u00fa dokonalos\u0165: <\/b><span style=\"font-weight: 400\">Ide\u00e1lne pre profesion\u00e1lov a v\u00e1\u0161niv\u00fdch hr\u00e1\u010dov, ktor\u00ed h\u013eadaj\u00fa luxus a rafinovanos\u0165.<\/span><\/li>\n<li style=\"font-weight: 400\"><b>Minimalistick\u00fd, nad\u010dasov\u00fd dizajn: <\/b><span style=\"font-weight: 400\">Elegantn\u00fd a decentn\u00fd, bez n\u00e1mahy zapadne do ak\u00e9hoko\u013evek profesion\u00e1lneho alebo \u0161pi\u010dkov\u00e9ho hern\u00e9ho prostredia.<\/span><\/li>\n<li style=\"font-weight: 400\"><b>Materi\u00e1ly najvy\u0161\u0161ej kvality:<\/b><span style=\"font-weight: 400\"> Vyroben\u00e9 z najlep\u0161\u00edch materi\u00e1lov pre dlh\u00fa \u017eivotnos\u0165 a pr\u00e9miov\u00e9 pohodlie.<\/span><\/li>\n<li style=\"font-weight: 400\"><b>\u0160pi\u010dkov\u00e9 mechanizmy pre dokonal\u00fa ergon\u00f3miu:<\/b><span style=\"font-weight: 400\"> Pokro\u010dil\u00e9 mo\u017enosti nastavenia pre vysoko personalizovan\u00fd z\u00e1\u017eitok.<\/span><\/li>\n<li><b>Lisovan\u00e1 pena vysokej hustoty za studena:<\/b> Vynikaj\u00faca tlmenie sedadla, ktor\u00e9 si dr\u017e\u00ed tvar roky \u2014 \u017eiadne prev\u00edsanie, \u017eiadne ploch\u00e9 miesta.<\/li>\n<\/ul>\n","protected":false},"featured_media":25593,"template":"","meta":[],"product_cat":[52,104],"product_tag":[],"class_list":{"0":"post-25592","1":"product","2":"type-product","3":"status-publish","4":"has-post-thumbnail","6":"product_cat-gaming-chairs","7":"product_cat-ultimate-collection","8":"","10":"first","11":"instock","12":"taxable","13":"shipping-taxable","14":"purchasable","15":"product-type-simple"},"_links":{"self":[{"href":"https:\/\/paradox24.com\/sk\/wp-json\/wp\/v2\/product\/25592","targetHints":{"allow":["GET"]}}],"collection":[{"href":"https:\/\/paradox24.com\/sk\/wp-json\/wp\/v2\/product"}],"about":[{"href":"https:\/\/paradox24.com\/sk\/wp-json\/wp\/v2\/types\/product"}],"wp:featuredmedia":[{"embeddable":true,"href":"https:\/\/paradox24.com\/sk\/wp-json\/wp\/v2\/media\/25593"}],"wp:attachment":[{"href":"https:\/\/paradox24.com\/sk\/wp-json\/wp\/v2\/media?parent=25592"}],"wp:term":[{"taxonomy":"product_cat","embeddable":true,"href":"https:\/\/paradox24.com\/sk\/wp-json\/wp\/v2\/product_cat?post=25592"},{"taxonomy":"product_tag","embeddable":true,"href":"https:\/\/paradox24.com\/sk\/wp-json\/wp\/v2\/product_tag?post=25592"}],"curies":[{"name":"wp","href":"https:\/\/api.w.org\/{rel}","templated":true}]}}