{"id":25480,"date":"2024-10-21T12:30:37","date_gmt":"2024-10-21T11:30:37","guid":{"rendered":"https:\/\/paradox24.com\/product\/paradox-vanguard-red-tuxs\/"},"modified":"2026-04-30T11:38:53","modified_gmt":"2026-04-30T10:38:53","slug":"paradox-vanguard-red-tuxs","status":"publish","type":"product","link":"https:\/\/paradox24.com\/sk\/produkt\/paradox-vanguard-red-tuxs\/","title":{"rendered":"Hern\u00e1 stoli\u010dka Paradox Vanguard Red Tuxs"},"content":{"rendered":"<div class=\"wpb-content-wrapper\"><p>[vc_row full_width=&#8220;stretch_row_content_no_spaces&#8220;][vc_column][product_info text_color=&#8220;product-info&#8211;white&#8220; text_position=&#8220;product-info__content&#8211;left&#8220; header=&#8220;Paradox Vanguard&#8220; text_1=&#8220;Vo\u013eba pre v\u00fdkon&#8220; main_image=&#8220;16196&#8243; mobile_image=&#8220;16205&#8243;][\/product_info][product_element position=&#8220;left&#8220; header=&#8220;Kvalita a\u017e do konca&#8220; images=&#8220;16341&#8243;]Vysokokvalitn\u00e1 ekoko\u017ea TechRX II je odoln\u00e1, hladk\u00e1 a ekologick\u00e1.<br \/>\nZamatov\u00e9 akcenty zais\u0165uj\u00fa tento pocit v\u00fdkonu. Rovnako ako v\u00fdrazn\u00e9 kontrastn\u00e9 pre\u0161\u00edvanie pripom\u00ednaj\u00face pretek\u00e1rske aut\u00e1 alebo luxusn\u00e9 m\u00f3dne doplnky.[\/product_element][product_element header=&#8220;Podpora bedrov\u00e9ho vank\u00fa\u0161a&#8220; images=&#8220;16332&#8243;]S\u00e9ria Vanguard obsahuje bedrov\u00fd vank\u00fa\u0161, ktor\u00fd zarovn\u00e1va tvoju chrbticu a uvo\u013e\u0148uje nap\u00e4tie v kr\u00ed\u017eoch. Vyroben\u00fd z citlivej pam\u00e4\u0165ovej peny a potiahnut\u00fd zamatom vo zladen\u00fdch farb\u00e1ch, bezprobl\u00e9movo sp\u00e1ja ergonomick\u00fa podporu s estetickou rafinovanos\u0165ou.[\/product_element][product_info main_image=&#8220;16323&#8243; mobile_image=&#8220;16350&#8243;][\/product_info][product_element position=&#8220;left&#8220; header=&#8220;V\u00fd\u0161kovo nastavite\u013en\u00e9 sedadlo&#8220; images=&#8220;16314&#8243;]Dokonale prisp\u00f4soben\u00e9 pre osoby s v\u00fd\u0161kou medzi 165 a 185 cm, na\u0161e plne nastavite\u013en\u00e9 sedadlo zais\u0165uje prisp\u00f4sobenie na mieru. Pokro\u010dil\u00fd pneumatick\u00fd mechanizmus TitanCore umo\u017e\u0148uje jednoduch\u00e9 nastavenie v\u00fd\u0161ky: jednoducho potiahni p\u00e1\u010dku a mierne zdvihni, aby si sedadlo zdvihol, alebo zatla\u010d, ke\u010f sed\u00ed\u0161, aby si ho spustil. Dosiahni ide\u00e1lnu ergonomick\u00fa polohu s \u013eahkos\u0165ou \u2013 tvoje kolen\u00e1 by mali tvori\u0165 90-stup\u0148ov\u00fd uhol a tvoje lakte by mali pohodlne spo\u010d\u00edva\u0165 v 90-stup\u0148ovom uhle na tvojom stole. Uprednostni polohu lak\u0165ov, aby si optimalizoval pohodlie aj produktivitu.[\/product_element][product_element header=&#8220;Prisp\u00f4sobite\u013en\u00e9 polohy operadla a\u017e do roviny&#8220; images=&#8220;16305&#8243;]Nastav a zaisti operadlo v \u0161tyroch poloh\u00e1ch \u2013 od vzpriamen\u00e9ho s\u00fastredenia po uvo\u013enen\u00e9 sklopenie. M\u00f4\u017ee\u0161 vo\u013ene meni\u0165 polohu po\u010das d\u0148a, aby si udr\u017eal svaly uvo\u013enen\u00e9, zatia\u013e \u010do bo\u010dn\u00e9 opierky \u0165a bezpe\u010dne dr\u017eia na mieste. Jemne dola\u010f odpor nakl\u00e1pania pod\u013ea tvojej hmotnosti a preferenci\u00ed pohodlia jednoduch\u00fdm oto\u010den\u00edm gomb\u00edka.[\/product_element][product_element position=&#8220;left&#8220; header=&#8220;Hlavov\u00fd vank\u00fa\u0161&#8220; images=&#8220;16296&#8243;]Inteligentn\u00fd hlavov\u00fd vank\u00fa\u0161 pln\u00ed dvojit\u00fa funkciu \u2013 poskytuje ti dokonal\u00fa podporu a z\u00e1rove\u0148 dod\u00e1va \u0161t\u00fdl tvojej stoli\u010dke. V\u010faka siln\u00fdm vstavan\u00fdm magnetom ho m\u00f4\u017ee\u0161 \u013eahko pripevni\u0165 alebo od\u0148a\u0165, kedyko\u013evek chce\u0161.[\/product_element][product_info main_image=&#8220;16287&#8243; mobile_image=&#8220;16223&#8243;][\/product_info][product_element header=&#8220;Opierky r\u00fak FlexMotion 2D&#8220; images=&#8220;16278&#8243;]Nastav ich hore a dole, aby si dosiahol ide\u00e1lnu v\u00fd\u0161ku a na\u0161iel najlep\u0161\u00ed uhol pre tvoje ruky a z\u00e1p\u00e4stia.[\/product_element][product_element position=&#8220;left&#8220; header=&#8220;Z\u00e1klad\u0148a TitanCore&#8220; images=&#8220;16269&#8243;]T\u00e1to stoli\u010dka, navrhnut\u00e1 tak, aby uniesla a\u017e 135 kg, zaru\u010duje dlhotrvaj\u00facu spo\u013eahlivos\u0165 a bezpe\u010dnos\u0165, \u010do z nej rob\u00ed vynikaj\u00facu vo\u013ebu pre profesion\u00e1lne aj osobn\u00e9 pou\u017eitie.[\/product_element][product_element header=&#8220;Kolieska QuickSpin 360\u00b0&#8220; images=&#8220;16260&#8243;]Funkcia ot\u00e1\u010dania o 360 stup\u0148ov ti umo\u017e\u0148uje bez n\u00e1mahy sa ot\u00e1\u010da\u0165 v akomko\u013evek smere, \u010d\u00edm poskytuje maxim\u00e1lnu flexibilitu a \u013eahk\u00fd pr\u00edstup ku v\u0161etk\u00fdm oblastiam tvojho stola a okolia \u2013 a to v\u0161etko v tichosti.[\/product_element][product_element position=&#8220;left&#8220; header=&#8220;Jednoduch\u00e1 mont\u00e1\u017e&#8220; images=&#8220;16251&#8243;]Jasn\u00e9 vizu\u00e1lne pokyny ti umo\u017enia zostavi\u0165 stoli\u010dku za menej ako 20 min\u00fat. \u010ci u\u017e to urob\u00ed\u0161 s\u00e1m alebo s priate\u013eom \u2013 postarali sme sa o to, aby to bolo jednoduch\u00e9.[\/product_element][vc_raw_html css=&#8220;&#8220;]ICAgIDxkaXYgY2xhc3M9ImRldGFpbGVkLXJldmlldyI+CiAgICAgICAgPGgyPlByZcSNw610YWogc2kgcG9kcm9ibsOpIHJlY2VuemllIHY8L2gyPgogICAgICAgIDxkaXYgY2xhc3M9ImRldGFpbGVkLXJldmlld19fY29udGVudCI+CiAgICAgICAgICAgIDxkaXYgY2xhc3M9ImRldGFpbGVkLXJldmlld19faW1hZ2UiPgogICAgICAgICAgICAgICAgPGEgaHJlZj0iaHR0cHM6Ly9wYXJhZG94MjQuY29tL3NrL3BhcmFkb3gtdGVzdGltb25pYWxzLyI+PGltZyBzcmM9Ii93cC1jb250ZW50L3VwbG9hZHMvMjAyNS8wOS9IYXJkWm9uZS0xLnBuZyIgYWx0PSJIYXJkWm9uZSI+PC9hPgogICAgICAgICAgICA8L2Rpdj4KICAgICAgICAgICAgPGRpdiBjbGFzcz0iZGV0YWlsZWQtcmV2aWV3X19pbWFnZSI+CiAgICAgICAgICAgICAgICA8YSBocmVmPSJodHRwczovL3BhcmFkb3gyNC5jb20vc2svcGFyYWRveC10ZXN0aW1vbmlhbHMvIj48aW1nIHNyYz0iL3dwLWNvbnRlbnQvdXBsb2Fkcy8yMDI1LzA5L0dyb3VwLTc0Ny5wbmciIGFsdD0iQ0hJUCI+PC9hPgogICAgICAgICAgICA8L2Rpdj4KICAgICAgICAgICAgPGRpdiBjbGFzcz0iZGV0YWlsZWQtcmV2aWV3X19pbWFnZSI+CiAgICAgICAgICAgICAgICA8YSBocmVmPSJodHRwczovL3BhcmFkb3gyNC5jb20vc2svcGFyYWRveC10ZXN0aW1vbmlhbHMvIj48aW1nIHNyYz0iL3dwLWNvbnRlbnQvdXBsb2Fkcy8yMDI1LzA5L05leHRQbGF5ZXIuaXQtMS5wbmciIGFsdD0iTmV4dFBsYXllciI+PC9hPgogICAgICAgICAgICA8L2Rpdj4KICAgICAgICAgICAgPGRpdiBjbGFzcz0iZGV0YWlsZWQtcmV2aWV3X19pbWFnZSI+CiAgICAgICAgICAgICAgICA8YSBocmVmPSJodHRwczovL3BhcmFkb3gyNC5jb20vc2svcGFyYWRveC10ZXN0aW1vbmlhbHMvIj48aW1nIHNyYz0iL3dwLWNvbnRlbnQvdXBsb2Fkcy8yMDI1LzA5L0NoYWlyUEMtMS5wbmciIGFsdD0iUEMgc3RvbGnEjWthIj48L2E+CiAgICAgICAgICAgIDwvZGl2PgogICAgICAgIDwvZGl2PgoKICAgIDwvZGl2Pgo=[\/vc_raw_html][product_images images=&#8220;19104&#8243;][product_action header=&#8220;Vylep\u0161i si svoj z\u00e1\u017eitok zo sedenia e\u0161te dnes!&#8220; text=&#8220;Zme\u0148 svoj pracovn\u00fd priestor a hern\u00e9 nastavenie s na\u0161ou stoli\u010dkou Vanguard. Za\u017ei bezkonkuren\u010dn\u00e9 pohodlie a pr\u00e9miov\u00fa kvalitu.&#8220; button_text=&#8220;Pridaj VANGUARD Red Tuxs do ko\u0161\u00edka&#8220; main_image=&#8220;16242&#8243; mobile_image=&#8220;16233&#8243;][testimontial_review_list header=&#8220;Recenzie &amp; tla\u010d&#8220; review_0=&#8220;Pozri si recenziu Ultimate Lunar Trace od Alexis Prieto na Youtube&#8220; background_image_0=&#8220;19917&#8243; play_image_0=&#8220;19926&#8243; flag_image_0=&#8220;19935&#8243; link_0=&#8220;https:\/\/www.youtube.com\/watch?v=yQZF2XwK89c&#8220; review_1=&#8220;Ultimate Black Raven recenzovan\u00fd t\u00edmom CHIP na Youtube&#8220; background_image_1=&#8220;20033&#8243; play_image_1=&#8220;19926&#8243; flag_image_1=&#8220;20105&#8243; link_1=&#8220;https:\/\/www.youtube.com\/watch?v=WTlwHwej9C0&#8243; review_2=&#8220;N\u00e1zor na Commander Sunrise Hero od NextPlayer.it&#8220; background_image_2=&#8220;20006&#8243; play_image_2=&#8220;20117&#8243; flag_image_2=&#8220;20096&#8243; link_2=&#8220;https:\/\/www.nextplayer.it\/paradox-sedia-gaming-serie-commander-recensione\/&#8220;][\/vc_column][\/vc_row]<\/p>\n<\/div>","protected":false},"excerpt":{"rendered":"<ul>\n<li style=\"font-weight: 400;\" aria-level=\"1\"><b>Pre hr\u00e1\u010dov, ktor\u00ed chc\u00fa pr\u00e9miov\u00fa kvalitu bez kompromisov:<\/b><span style=\"font-weight: 400;\"> Ide\u00e1lne pre t\u00fdch, ktor\u00ed h\u013eadaj\u00fa spo\u013eahliv\u00fd, \u0161t\u00fdlov\u00fd komfort za dostupn\u00fa cenu.<\/span><\/li>\n<li style=\"font-weight: 400;\" aria-level=\"1\"><b>Dokonal\u00e1 rovnov\u00e1ha \u0161t\u00fdlu a funk\u010dnosti: <\/b><span style=\"font-weight: 400;\">Pon\u00faka odv\u00e1\u017eny dizajn na vyjadrenie osobnosti bez obetovania kvality.<\/span><\/li>\n<li style=\"font-weight: 400;\" aria-level=\"1\"><b>Vysokokvalitn\u00e9 materi\u00e1ly za rozumn\u00fa cenu: <\/b><span style=\"font-weight: 400;\">Vyroben\u00e9 z odoln\u00fdch materi\u00e1lov pre pohodlie a podporu.<\/span><\/li>\n<\/ul>\n<p><b>V\u0161estrann\u00e9 estetick\u00e9 mo\u017enosti:<\/b><span style=\"font-weight: 400;\"> Od minimalistick\u00fdch a\u017e po prepracovanej\u0161ie dizajny, ktor\u00e9 uspokoja r\u00f4zne chute.<\/span><\/p>\n","protected":false},"featured_media":25498,"template":"","meta":[],"product_cat":[383,387],"product_tag":[],"class_list":{"0":"post-25480","1":"product","2":"type-product","3":"status-publish","4":"has-post-thumbnail","6":"product_cat-herne-stolicky","7":"product_cat-kolekcia-vanguard","8":"","10":"first","11":"instock","12":"sale","13":"taxable","14":"shipping-taxable","15":"purchasable","16":"product-type-simple"},"_links":{"self":[{"href":"https:\/\/paradox24.com\/sk\/wp-json\/wp\/v2\/product\/25480","targetHints":{"allow":["GET"]}}],"collection":[{"href":"https:\/\/paradox24.com\/sk\/wp-json\/wp\/v2\/product"}],"about":[{"href":"https:\/\/paradox24.com\/sk\/wp-json\/wp\/v2\/types\/product"}],"wp:featuredmedia":[{"embeddable":true,"href":"https:\/\/paradox24.com\/sk\/wp-json\/wp\/v2\/media\/25498"}],"wp:attachment":[{"href":"https:\/\/paradox24.com\/sk\/wp-json\/wp\/v2\/media?parent=25480"}],"wp:term":[{"taxonomy":"product_cat","embeddable":true,"href":"https:\/\/paradox24.com\/sk\/wp-json\/wp\/v2\/product_cat?post=25480"},{"taxonomy":"product_tag","embeddable":true,"href":"https:\/\/paradox24.com\/sk\/wp-json\/wp\/v2\/product_tag?post=25480"}],"curies":[{"name":"wp","href":"https:\/\/api.w.org\/{rel}","templated":true}]}}