{"id":25410,"date":"2024-10-21T12:30:39","date_gmt":"2024-10-21T11:30:39","guid":{"rendered":"https:\/\/paradox24.com\/product\/paradox-commander-burgundy-beige\/"},"modified":"2026-04-30T11:53:32","modified_gmt":"2026-04-30T10:53:32","slug":"paradox-commander-burgundy-beige","status":"publish","type":"product","link":"https:\/\/paradox24.com\/sk\/produkt\/paradox-commander-burgundy-beige\/","title":{"rendered":"Hern\u00e1 stoli\u010dka Paradox Commander Bordov\u00e1 B\u00e9\u017eov\u00e1"},"content":{"rendered":"<div class=\"wpb-content-wrapper\"><p>[vc_row full_width=&#8220;stretch_row_content_no_spaces&#8220;][vc_column][product_info text_color=&#8220;product-info&#8211;white&#8220; header=&#8220;Paradox Commander&#8220; text_1=&#8220;velite\u013esk\u00e9 sedadlo&#8220; main_image=&#8220;16061&#8243; mobile_image=&#8220;16187&#8243;][\/product_info][product_element position=&#8220;left&#8220; header=&#8220;Kvalita a\u017e do konca&#8220; images=&#8220;16178&#8243;]Ekoko\u017ea novej gener\u00e1cie kombinuje odolnos\u0165 s luxusn\u00fdm dotykom, pri\u010dom re\u0161pektuje environment\u00e1lne hodnoty. Rafinovan\u00e9 zamatov\u00e9 akcenty a prec\u00edzne kontrastn\u00e9 pre\u0161\u00edvanie evokuj\u00fa remeseln\u00fa zru\u010dnos\u0165 \u0161pi\u010dkov\u00fdch pretek\u00e1rskych \u00e1ut a luxusnej m\u00f3dy, \u010d\u00edm vytv\u00e1raj\u00fa sofistikovan\u00fa estetiku v\u00fdkonu.[\/product_element][product_element header=&#8220;Podpora bedrov\u00e9ho vank\u00fa\u0161a&#8220; images=&#8220;16169&#8243;]S\u00e9ria Paradox Commander obsahuje bedrov\u00fd vank\u00fa\u0161, ktor\u00fd ti zarovn\u00e1 chrbticu a u\u013eav\u00ed od nap\u00e4tia v kr\u00ed\u017eoch. Vyroben\u00fd z citlivej pam\u00e4\u0165ovej peny a potiahnut\u00fd zamatom vo zhodnej farbe, bez probl\u00e9mov sp\u00e1ja ergonomick\u00fa podporu s estetickou rafinovanos\u0165ou.[\/product_element][product_element position=&#8220;left&#8220; header=&#8220;V\u00fd\u0161kovo nastavite\u013en\u00e9 sedadlo&#8220; images=&#8220;16160&#8243;]Na\u0161e plne nastavite\u013en\u00e9 sedadlo, dokonale prisp\u00f4soben\u00e9 pre osoby s v\u00fd\u0161kou od 165 do 185 cm, zais\u0165uje individu\u00e1lne prisp\u00f4sobenie. Pokro\u010dil\u00fd pneumatick\u00fd mechanizmus umo\u017e\u0148uje jednoduch\u00e9 nastavenie v\u00fd\u0161ky: jednoducho potiahni p\u00e1\u010dku a mierne nadvihni sedadlo, alebo zatla\u010d nadol, ke\u010f sed\u00ed\u0161, aby si ho zn\u00ed\u017eil.  \u013dahko dosiahni ide\u00e1lnu ergonomick\u00fa polohu \u2013 tvoje kolen\u00e1 by mali tvori\u0165 90-stup\u0148ov\u00fd uhol a lakte by mali pohodlne spo\u010d\u00edva\u0165 na stole v 90-stup\u0148ovom uhle. Uprednostni polohu lak\u0165ov, aby si optimalizoval pohodlie aj produktivitu.[\/product_element][product_element header=&#8220;Prisp\u00f4sobite\u013en\u00e9 polohy operadla a\u017e do roviny&#8220; images=&#8220;16151&#8243;]Nastav a zaisti operadlo v \u0161tyroch poloh\u00e1ch pod\u013ea svojich potrieb. \u010ci u\u017e hr\u00e1\u0161, pracuje\u0161 alebo si rob\u00ed\u0161 prest\u00e1vku, zmena uhla operadla pom\u00e1ha zni\u017eova\u0165 n\u00e1mahu, zlep\u0161ova\u0165 dr\u017eanie tela a udr\u017eiava\u0165 tvoje svaly uvo\u013enen\u00e9 po cel\u00fd de\u0148.  Odpor sklonu operadla si m\u00f4\u017ee\u0161 nastavi\u0165 pod\u013ea svojej telesnej hmotnosti a preferenci\u00ed. Jednoducho oto\u010d gomb\u00edkom pod sedadlom do\u013eava alebo doprava![\/product_element][product_element position=&#8220;left&#8220; header=&#8220;Hlavov\u00fd vank\u00fa\u0161&#8220; images=&#8220;16142&#8243;]Inteligentn\u00fd hlavov\u00fd vank\u00fa\u0161 pln\u00ed dvojit\u00fa funkciu \u2013 poskytuje ti dokonal\u00fa oporu a z\u00e1rove\u0148 dod\u00e1va tvojej stoli\u010dke \u0161t\u00fdl. M\u00f4\u017ee\u0161 ho \u013eahko pripn\u00fa\u0165 alebo odopn\u00fa\u0165, kedyko\u013evek chce\u0161.[\/product_element][product_info text_position=&#8220;product-info__content&#8211;left&#8220; main_image=&#8220;16133&#8243; mobile_image=&#8220;16124&#8243;][\/product_info][product_element header=&#8220;Opierky r\u00fak FlexMotion 4D&#8220; images=&#8220;16115&#8243;]Nastav ich hore a dole, aby si dosiahol ide\u00e1lnu v\u00fd\u0161ku, posu\u0148 ich dopredu a dozadu pre optim\u00e1lny dosah, pos\u00favaj ich zo strany na stranu pre ide\u00e1lnu bo\u010dn\u00fa polohu a ot\u00e1\u010daj ich, aby si na\u0161iel najlep\u0161\u00ed uhol pre svoje ruky a z\u00e1p\u00e4stia.[\/product_element][product_element position=&#8220;left&#8220; header=&#8220;Z\u00e1klad\u0148a TitanCore&#8220; images=&#8220;16106&#8243;]T\u00e1to stoli\u010dka, navrhnut\u00e1 tak, aby uniesla a\u017e 135 kg, zaru\u010duje dlhotrvaj\u00facu spo\u013eahlivos\u0165 a bezpe\u010dnos\u0165, \u010do z nej rob\u00ed vynikaj\u00facu vo\u013ebu pre profesion\u00e1lne aj osobn\u00e9 pou\u017eitie.[\/product_element][product_element header=&#8220;Kolieska QuickSpin 360\u00b0&#8220; images=&#8220;16097&#8243;]Funkcia ot\u00e1\u010dania o 360 stup\u0148ov ti umo\u017e\u0148uje bez n\u00e1mahy sa ot\u00e1\u010da\u0165 v akomko\u013evek smere, \u010d\u00edm poskytuje maxim\u00e1lnu flexibilitu a \u013eahk\u00fd pr\u00edstup ku v\u0161etk\u00fdm oblastiam tvojho stola a okolia \u2013 a to v\u0161etko v tichosti.[\/product_element][product_element position=&#8220;left&#8220; header=&#8220;Jednoduch\u00e1 mont\u00e1\u017e&#8220; images=&#8220;16088&#8243;]Jasn\u00e9 vizu\u00e1lne pokyny ti umo\u017enia zostavi\u0165 stoli\u010dku za menej ako 20 min\u00fat. \u010ci u\u017e to urob\u00ed\u0161 s\u00e1m alebo s priate\u013eom \u2013 postarali sme sa o to, aby to bolo jednoduch\u00e9.[\/product_element][vc_raw_html css=&#8220;&#8220;]ICAgIDxkaXYgY2xhc3M9ImRldGFpbGVkLXJldmlldyI+CiAgICAgICAgPGgyPlByZcSNw610YWogc2kgcG9kcm9ibsOpIHJlY2VuemllIHY8L2gyPgogICAgICAgIDxkaXYgY2xhc3M9ImRldGFpbGVkLXJldmlld19fY29udGVudCI+CiAgICAgICAgICAgIDxkaXYgY2xhc3M9ImRldGFpbGVkLXJldmlld19faW1hZ2UiPgogICAgICAgICAgICAgICAgPGEgaHJlZj0iaHR0cHM6Ly9wYXJhZG94MjQuY29tL3NrL3BhcmFkb3gtdGVzdGltb25pYWxzLyI+PGltZyBzcmM9Ii93cC1jb250ZW50L3VwbG9hZHMvMjAyNS8wOS9IYXJkWm9uZS0xLnBuZyIgYWx0PSJIYXJkWm9uZSI+PC9hPgogICAgICAgICAgICA8L2Rpdj4KICAgICAgICAgICAgPGRpdiBjbGFzcz0iZGV0YWlsZWQtcmV2aWV3X19pbWFnZSI+CiAgICAgICAgICAgICAgICA8YSBocmVmPSJodHRwczovL3BhcmFkb3gyNC5jb20vc2svcGFyYWRveC10ZXN0aW1vbmlhbHMvIj48aW1nIHNyYz0iL3dwLWNvbnRlbnQvdXBsb2Fkcy8yMDI1LzA5L0dyb3VwLTc0Ny5wbmciIGFsdD0iQ0hJUCI+PC9hPgogICAgICAgICAgICA8L2Rpdj4KICAgICAgICAgICAgPGRpdiBjbGFzcz0iZGV0YWlsZWQtcmV2aWV3X19pbWFnZSI+CiAgICAgICAgICAgICAgICA8YSBocmVmPSJodHRwczovL3BhcmFkb3gyNC5jb20vc2svcGFyYWRveC10ZXN0aW1vbmlhbHMvIj48aW1nIHNyYz0iL3dwLWNvbnRlbnQvdXBsb2Fkcy8yMDI1LzA5L05leHRQbGF5ZXIuaXQtMS5wbmciIGFsdD0iTmV4dFBsYXllciI+PC9hPgogICAgICAgICAgICA8L2Rpdj4KICAgICAgICAgICAgPGRpdiBjbGFzcz0iZGV0YWlsZWQtcmV2aWV3X19pbWFnZSI+CiAgICAgICAgICAgICAgICA8YSBocmVmPSJodHRwczovL3BhcmFkb3gyNC5jb20vc2svcGFyYWRveC10ZXN0aW1vbmlhbHMvIj48aW1nIHNyYz0iL3dwLWNvbnRlbnQvdXBsb2Fkcy8yMDI1LzA5L0NoYWlyUEMtMS5wbmciIGFsdD0iUEMgc3RvbGnEjWthIj48L2E+CiAgICAgICAgICAgIDwvZGl2PgogICAgICAgIDwvZGl2PgoKICAgIDwvZGl2Pgo=[\/vc_raw_html][product_images images=&#8220;19117&#8243;][product_action header=&#8220;Vylep\u0161i si svoj z\u00e1\u017eitok zo sedenia e\u0161te dnes!&#8220; text=&#8220;Zrevolucionizuj svoj pracovn\u00fd priestor a hern\u00fa zostavu s na\u0161ou stoli\u010dkou Commander. Za\u017ei bezkonkuren\u010dn\u00e9 pohodlie a \u0161pi\u010dkov\u00fd dizajn.&#8220; button_text=&#8220;Pridaj COMMANDER Bordov\u00e1 B\u00e9\u017eov\u00e1 do ko\u0161\u00edka&#8220; main_image=&#8220;16079&#8243; mobile_image=&#8220;16070&#8243;][testimontial_review_list header=&#8220;Recenzie &amp; tla\u010d&#8220; review_0=&#8220;Pozri si recenziu Ultimate Lunar Trace od Alexis Prieto na Youtube&#8220; background_image_0=&#8220;19917&#8243; play_image_0=&#8220;19926&#8243; flag_image_0=&#8220;19935&#8243; link_0=&#8220;https:\/\/www.youtube.com\/watch?v=yQZF2XwK89c&#8220; review_1=&#8220;Ultimate Black Raven recenzovan\u00fd t\u00edmom CHIP na Youtube&#8220; background_image_1=&#8220;20033&#8243; play_image_1=&#8220;19926&#8243; flag_image_1=&#8220;20105&#8243; link_1=&#8220;https:\/\/www.youtube.com\/watch?v=WTlwHwej9C0&#8243; review_2=&#8220;N\u00e1zor na Commander Sunrise Hero od NextPlayer.it&#8220; background_image_2=&#8220;20006&#8243; play_image_2=&#8220;20117&#8243; flag_image_2=&#8220;20096&#8243; link_2=&#8220;https:\/\/www.nextplayer.it\/paradox-sedia-gaming-serie-commander-recensione\/&#8220;][\/vc_column][\/vc_row]<\/p>\n<\/div>","protected":false},"excerpt":{"rendered":"<p><span style=\"font-weight: 400;\">Nech sa dobrodru\u017estv\u00e1 za\u010dn\u00fa! <\/span><\/p>\n<ul>\n<li style=\"font-weight: 400;\" aria-level=\"1\"><b>Estetika velite\u013ea vesm\u00edrnej lode in\u0161pirovan\u00e1 sci-fi: <\/b><span style=\"font-weight: 400;\">Odv\u00e1\u017eny, pohlcuj\u00faci dizajn in\u0161pirovan\u00fd velite\u013esk\u00fdm kreslom, ide\u00e1lny pre jedine\u010dn\u00e9 zostavy.<\/span><\/li>\n<li style=\"font-weight: 400;\" aria-level=\"1\"><b>Zemit\u00e9 t\u00f3ny pre sofistikovan\u00e9 hern\u00e9 zostavy:<\/b><span style=\"font-weight: 400;\"> Kombinuje dramatick\u00fa siluetu so zemitou, rafinovanou farebnou paletou.<\/span><\/li>\n<li style=\"font-weight: 400;\" aria-level=\"1\"><b>Ergonomick\u00fd komfort s charakterom:<\/b><span style=\"font-weight: 400;\"> Stvoren\u00e1 pre t\u00fdch, ktor\u00ed chc\u00fa \u0161t\u00fdl a funk\u010dnos\u0165 v rovnakej miere.<\/span><\/li>\n<\/ul>\n<p><b>Pre hr\u00e1\u010dov h\u013eadaj\u00facich jedine\u010dn\u00fd charakter s dospel\u00fdm vkusom:<\/b><span style=\"font-weight: 400;\"> Rovnov\u00e1ha odv\u00e1\u017enej estetiky a kvality bez dosiahnutia pr\u00e9miovej cenovej kateg\u00f3rie.<\/span><\/p>\n","protected":false},"featured_media":25412,"template":"","meta":[],"product_cat":[383,384],"product_tag":[],"class_list":{"0":"post-25410","1":"product","2":"type-product","3":"status-publish","4":"has-post-thumbnail","6":"product_cat-herne-stolicky","7":"product_cat-kolekcia-commander","8":"","10":"first","11":"instock","12":"taxable","13":"shipping-taxable","14":"purchasable","15":"product-type-simple"},"_links":{"self":[{"href":"https:\/\/paradox24.com\/sk\/wp-json\/wp\/v2\/product\/25410","targetHints":{"allow":["GET"]}}],"collection":[{"href":"https:\/\/paradox24.com\/sk\/wp-json\/wp\/v2\/product"}],"about":[{"href":"https:\/\/paradox24.com\/sk\/wp-json\/wp\/v2\/types\/product"}],"wp:featuredmedia":[{"embeddable":true,"href":"https:\/\/paradox24.com\/sk\/wp-json\/wp\/v2\/media\/25412"}],"wp:attachment":[{"href":"https:\/\/paradox24.com\/sk\/wp-json\/wp\/v2\/media?parent=25410"}],"wp:term":[{"taxonomy":"product_cat","embeddable":true,"href":"https:\/\/paradox24.com\/sk\/wp-json\/wp\/v2\/product_cat?post=25410"},{"taxonomy":"product_tag","embeddable":true,"href":"https:\/\/paradox24.com\/sk\/wp-json\/wp\/v2\/product_tag?post=25410"}],"curies":[{"name":"wp","href":"https:\/\/api.w.org\/{rel}","templated":true}]}}