{"id":31061,"date":"2024-07-23T20:13:34","date_gmt":"2024-07-23T19:13:34","guid":{"rendered":"https:\/\/paradox24.com\/kosik\/"},"modified":"2026-02-27T13:23:19","modified_gmt":"2026-02-27T12:23:19","slug":"kosik","status":"publish","type":"page","link":"https:\/\/paradox24.com\/sk\/kosik\/","title":{"rendered":"Ko\u0161\u00edk"},"content":{"rendered":"<div data-block-name=\"woocommerce\/cart\" class=\"wp-block-woocommerce-cart alignwide is-loading\"><div data-block-name=\"woocommerce\/filled-cart-block\" class=\"wp-block-woocommerce-filled-cart-block\"><div data-block-name=\"woocommerce\/cart-items-block\" class=\"wp-block-woocommerce-cart-items-block\"><div data-block-name=\"woocommerce\/cart-line-items-block\" class=\"wp-block-woocommerce-cart-line-items-block\"><\/div>\n\n<div data-block-name=\"woocommerce\/cart-cross-sells-block\" class=\"wp-block-woocommerce-cart-cross-sells-block\"><h2 class=\"wp-block-heading has-large-font-size\">Mohlo by v\u00e1s zauj\u00edma\u0165&#8230;<\/h2>\n\n<div data-block-name=\"woocommerce\/cart-cross-sells-products-block\" class=\"wp-block-woocommerce-cart-cross-sells-products-block\"><\/div><\/div><\/div>\n\n<div data-block-name=\"woocommerce\/cart-totals-block\" class=\"wp-block-woocommerce-cart-totals-block\"><div data-block-name=\"woocommerce\/cart-order-summary-block\" class=\"wp-block-woocommerce-cart-order-summary-block\"><div data-block-name=\"woocommerce\/cart-order-summary-heading-block\" class=\"wp-block-woocommerce-cart-order-summary-heading-block\"><\/div><div data-block-name=\"woocommerce\/cart-order-summary-coupon-form-block\" class=\"wp-block-woocommerce-cart-order-summary-coupon-form-block\"><\/div><div data-block-name=\"woocommerce\/cart-order-summary-totals-block\" class=\"wp-block-woocommerce-cart-order-summary-totals-block\">\n<div data-block-name=\"woocommerce\/cart-order-summary-subtotal-block\" class=\"wp-block-woocommerce-cart-order-summary-subtotal-block\"><\/div>\n<div data-block-name=\"woocommerce\/cart-order-summary-discount-block\" class=\"wp-block-woocommerce-cart-order-summary-discount-block\"><\/div>\n<div data-block-name=\"woocommerce\/cart-order-summary-fee-block\" class=\"wp-block-woocommerce-cart-order-summary-fee-block\"><\/div>\n<div data-block-name=\"woocommerce\/cart-order-summary-shipping-block\" class=\"wp-block-woocommerce-cart-order-summary-shipping-block\"><\/div>\n<div data-block-name=\"woocommerce\/cart-order-summary-taxes-block\" class=\"wp-block-woocommerce-cart-order-summary-taxes-block\"><\/div><\/div><\/div>\n\n<div data-block-name=\"woocommerce\/cart-express-payment-block\" class=\"wp-block-woocommerce-cart-express-payment-block\"><\/div>\n\n<div data-block-name=\"woocommerce\/proceed-to-checkout-block\" class=\"wp-block-woocommerce-proceed-to-checkout-block\"><\/div>\n\n<div data-block-name=\"woocommerce\/cart-accepted-payment-methods-block\" class=\"wp-block-woocommerce-cart-accepted-payment-methods-block\"><\/div><\/div><\/div>\n\n<div data-block-name=\"woocommerce\/empty-cart-block\" class=\"wp-block-woocommerce-empty-cart-block\"><h2 class=\"wp-block-heading has-text-align-center with-empty-cart-icon wc-block-cart__empty-cart__title\">V\u00e1\u0161 ko\u0161\u00edk je moment\u00e1lne pr\u00e1zdny!<\/h2>\n\n<hr class=\"wp-block-separator has-alpha-channel-opacity is-style-dots\"\/>\n\n<h2 class=\"wp-block-heading has-text-align-center\">Novinky v obchode<\/h2>\n\n<div data-block-name=\"woocommerce\/product-new\" data-columns=\"4\" data-rows=\"1\" class=\"wc-block-grid wp-block-product-new wp-block-woocommerce-product-new wc-block-product-new has-4-columns\"><ul class=\"wc-block-grid__products\"><li class=\"wc-block-grid__product\"><span class=\"gtm4wp_productdata\" style=\"display:none; visibility:hidden;\" data-gtm4wp_product_data=\"{&quot;internal_id&quot;:25089,&quot;item_id&quot;:25089,&quot;item_name&quot;:&quot;Hern\\u00e1 stoli\\u010dka Paradox Commander Sand Storm&quot;,&quot;sku&quot;:&quot;PX-CM-005-SB&quot;,&quot;price&quot;:339,&quot;stocklevel&quot;:0,&quot;stockstatus&quot;:&quot;outofstock&quot;,&quot;google_business_vertical&quot;:&quot;retail&quot;,&quot;item_category&quot;:&quot;Kolekcia Commander&quot;,&quot;id&quot;:25089,&quot;productlink&quot;:&quot;https:\\\/\\\/paradox24.com\\\/sk\\\/produkt\\\/paradox-commander-sand-storm\\\/&quot;,&quot;item_list_name&quot;:&quot;General Product List&quot;,&quot;index&quot;:0,&quot;product_type&quot;:&quot;simple&quot;,&quot;item_brand&quot;:&quot;&quot;}\"><\/span>\n\t\t\t\t<a href=\"https:\/\/paradox24.com\/sk\/produkt\/paradox-commander-sand-storm\/\" class=\"wc-block-grid__product-link\">\n\t\t\t\t\t\n\t\t\t\t\t<div class=\"wc-block-grid__product-image\"><img loading=\"lazy\" decoding=\"async\" width=\"400\" height=\"533\" src=\"https:\/\/paradox24.com\/wp-content\/uploads\/2024\/10\/241215_3x4_Coomander_sand_storm_test632_detail_01-400x533.png\" class=\"attachment-woocommerce_thumbnail size-woocommerce_thumbnail\" alt=\"Hern\u00e1 stoli\u010dka Paradox Commander Sand Storm\" srcset=\"https:\/\/paradox24.com\/wp-content\/uploads\/2024\/10\/241215_3x4_Coomander_sand_storm_test632_detail_01-400x533.png 400w, https:\/\/paradox24.com\/wp-content\/uploads\/2024\/10\/241215_3x4_Coomander_sand_storm_test632_detail_01-600x800.png 600w, https:\/\/paradox24.com\/wp-content\/uploads\/2024\/10\/241215_3x4_Coomander_sand_storm_test632_detail_01-225x300.png 225w, https:\/\/paradox24.com\/wp-content\/uploads\/2024\/10\/241215_3x4_Coomander_sand_storm_test632_detail_01-768x1024.png 768w, https:\/\/paradox24.com\/wp-content\/uploads\/2024\/10\/241215_3x4_Coomander_sand_storm_test632_detail_01-450x600.png 450w, https:\/\/paradox24.com\/wp-content\/uploads\/2024\/10\/241215_3x4_Coomander_sand_storm_test632_detail_01.png 900w\" sizes=\"auto, (max-width: 400px) 100vw, 400px\" data-wp-pid=\"25090\" \/><\/div>\n\t\t\t\t\t<div class=\"wc-block-grid__product-title\">Hern\u00e1 stoli\u010dka Paradox Commander Sand Storm<\/div>\n\t\t\t\t<\/a>\n\t\t\t\t<div class=\"wc-block-grid__product-price price\"><span class=\"woocommerce-Price-amount amount\">339,00&nbsp;<span class=\"woocommerce-Price-currencySymbol\">&euro;<\/span><\/span><\/div>\n\t\t\t\t\n\t\t\t\t<div class=\"wp-block-button wc-block-grid__product-add-to-cart\"><a href=\"https:\/\/paradox24.com\/sk\/produkt\/paradox-commander-sand-storm\/\" aria-label=\"Zistite viac o &ldquo;Hern\u00e1 stoli\u010dka Paradox Commander Sand Storm&rdquo;\" data-quantity=\"1\" data-product_id=\"25089\" data-product_sku=\"PX-CM-005-SB\" data-price=\"339\" rel=\"nofollow\" class=\"wp-block-button__link  add_to_cart_button\">Viac info<\/a><\/div>\n\t\t\t<\/li><li class=\"wc-block-grid__product\"><span class=\"gtm4wp_productdata\" style=\"display:none; visibility:hidden;\" data-gtm4wp_product_data=\"{&quot;internal_id&quot;:24961,&quot;item_id&quot;:24961,&quot;item_name&quot;:&quot;Hern\\u00e1 stoli\\u010dka Paradox Commander Oce\\u00e1nska modr\\u00e1&quot;,&quot;sku&quot;:&quot;PX-CM-004-DBO&quot;,&quot;price&quot;:349,&quot;stocklevel&quot;:0,&quot;stockstatus&quot;:&quot;outofstock&quot;,&quot;google_business_vertical&quot;:&quot;retail&quot;,&quot;item_category&quot;:&quot;Nezaraden\\u00e9&quot;,&quot;id&quot;:24961,&quot;productlink&quot;:&quot;https:\\\/\\\/paradox24.com\\\/sk\\\/produkt\\\/paradox-commander-ocean-blue\\\/&quot;,&quot;item_list_name&quot;:&quot;General Product List&quot;,&quot;index&quot;:0,&quot;product_type&quot;:&quot;simple&quot;,&quot;item_brand&quot;:&quot;&quot;}\"><\/span>\n\t\t\t\t<a href=\"https:\/\/paradox24.com\/sk\/produkt\/paradox-commander-ocean-blue\/\" class=\"wc-block-grid__product-link\">\n\t\t\t\t\t\n\t\t\t\t\t<div class=\"wc-block-grid__product-image\"><img loading=\"lazy\" decoding=\"async\" width=\"400\" height=\"533\" src=\"https:\/\/paradox24.com\/wp-content\/uploads\/2024\/10\/241212_3x4_Commander_ocean_blue_leather474_detail_02-400x533.png\" class=\"attachment-woocommerce_thumbnail size-woocommerce_thumbnail\" alt=\"Hern\u00e1 stoli\u010dka Paradox Commander Oce\u00e1nska modr\u00e1\" srcset=\"https:\/\/paradox24.com\/wp-content\/uploads\/2024\/10\/241212_3x4_Commander_ocean_blue_leather474_detail_02-400x533.png 400w, https:\/\/paradox24.com\/wp-content\/uploads\/2024\/10\/241212_3x4_Commander_ocean_blue_leather474_detail_02-600x800.png 600w, https:\/\/paradox24.com\/wp-content\/uploads\/2024\/10\/241212_3x4_Commander_ocean_blue_leather474_detail_02-225x300.png 225w, https:\/\/paradox24.com\/wp-content\/uploads\/2024\/10\/241212_3x4_Commander_ocean_blue_leather474_detail_02-768x1024.png 768w, https:\/\/paradox24.com\/wp-content\/uploads\/2024\/10\/241212_3x4_Commander_ocean_blue_leather474_detail_02-450x600.png 450w, https:\/\/paradox24.com\/wp-content\/uploads\/2024\/10\/241212_3x4_Commander_ocean_blue_leather474_detail_02.png 900w\" sizes=\"auto, (max-width: 400px) 100vw, 400px\" data-wp-pid=\"24962\" \/><\/div>\n\t\t\t\t\t<div class=\"wc-block-grid__product-title\">Hern\u00e1 stoli\u010dka Paradox Commander Oce\u00e1nska modr\u00e1<\/div>\n\t\t\t\t<\/a>\n\t\t\t\t<div class=\"wc-block-grid__product-price price\"><span class=\"woocommerce-Price-amount amount\">349,00&nbsp;<span class=\"woocommerce-Price-currencySymbol\">&euro;<\/span><\/span><\/div>\n\t\t\t\t<div class=\"wc-block-grid__product-rating\"><div class=\"star-rating\" role=\"img\" aria-label=\"Hodnotenie 5.00 z 5\"><span style=\"width:100%\">Hodnotenie <strong class=\"rating\">5.00<\/strong> z 5 na z\u00e1klade <span class=\"rating\">1<\/span> z\u00e1kazn\u00edckej recenzie<\/span><\/div><\/div>\n\t\t\t\t<div class=\"wp-block-button wc-block-grid__product-add-to-cart\"><a href=\"https:\/\/paradox24.com\/sk\/produkt\/paradox-commander-ocean-blue\/\" aria-label=\"Zistite viac o &ldquo;Hern\u00e1 stoli\u010dka Paradox Commander Oce\u00e1nska modr\u00e1&rdquo;\" data-quantity=\"1\" data-product_id=\"24961\" data-product_sku=\"PX-CM-004-DBO\" data-price=\"349\" rel=\"nofollow\" class=\"wp-block-button__link  add_to_cart_button\">Viac info<\/a><\/div>\n\t\t\t<\/li><li class=\"wc-block-grid__product\"><span class=\"gtm4wp_productdata\" style=\"display:none; visibility:hidden;\" data-gtm4wp_product_data=\"{&quot;internal_id&quot;:25410,&quot;item_id&quot;:25410,&quot;item_name&quot;:&quot;Hern\\u00e1 stoli\\u010dka Paradox Commander Bordov\\u00e1 B\\u00e9\\u017eov\\u00e1&quot;,&quot;sku&quot;:&quot;PX-CM-031-BRB&quot;,&quot;price&quot;:309,&quot;stocklevel&quot;:47,&quot;stockstatus&quot;:&quot;instock&quot;,&quot;google_business_vertical&quot;:&quot;retail&quot;,&quot;item_category&quot;:&quot;Kolekcia Commander&quot;,&quot;id&quot;:25410,&quot;productlink&quot;:&quot;https:\\\/\\\/paradox24.com\\\/sk\\\/produkt\\\/paradox-commander-burgundy-beige\\\/&quot;,&quot;item_list_name&quot;:&quot;General Product List&quot;,&quot;index&quot;:0,&quot;product_type&quot;:&quot;simple&quot;,&quot;item_brand&quot;:&quot;&quot;}\"><\/span>\n\t\t\t\t<a href=\"https:\/\/paradox24.com\/sk\/produkt\/paradox-commander-burgundy-beige\/\" class=\"wc-block-grid__product-link\">\n\t\t\t\t\t\n\t\t\t\t\t<div class=\"wc-block-grid__product-image\"><img loading=\"lazy\" decoding=\"async\" width=\"400\" height=\"533\" src=\"https:\/\/paradox24.com\/wp-content\/uploads\/2024\/10\/241216_3x4_Commander_burgundy_beige_test641_detail_01-400x533.png\" class=\"attachment-woocommerce_thumbnail size-woocommerce_thumbnail\" alt=\"Hern\u00e1 stoli\u010dka Paradox Commander Bordov\u00e1 B\u00e9\u017eov\u00e1\" srcset=\"https:\/\/paradox24.com\/wp-content\/uploads\/2024\/10\/241216_3x4_Commander_burgundy_beige_test641_detail_01-400x533.png 400w, https:\/\/paradox24.com\/wp-content\/uploads\/2024\/10\/241216_3x4_Commander_burgundy_beige_test641_detail_01-600x800.png 600w, https:\/\/paradox24.com\/wp-content\/uploads\/2024\/10\/241216_3x4_Commander_burgundy_beige_test641_detail_01-225x300.png 225w, https:\/\/paradox24.com\/wp-content\/uploads\/2024\/10\/241216_3x4_Commander_burgundy_beige_test641_detail_01-768x1024.png 768w, https:\/\/paradox24.com\/wp-content\/uploads\/2024\/10\/241216_3x4_Commander_burgundy_beige_test641_detail_01-450x600.png 450w, https:\/\/paradox24.com\/wp-content\/uploads\/2024\/10\/241216_3x4_Commander_burgundy_beige_test641_detail_01.png 900w\" sizes=\"auto, (max-width: 400px) 100vw, 400px\" data-wp-pid=\"25412\" \/><\/div>\n\t\t\t\t\t<div class=\"wc-block-grid__product-title\">Hern\u00e1 stoli\u010dka Paradox Commander Bordov\u00e1 B\u00e9\u017eov\u00e1<\/div>\n\t\t\t\t<\/a>\n\t\t\t\t<div class=\"wc-block-grid__product-price price\"><span class=\"woocommerce-Price-amount amount\">309,00&nbsp;<span class=\"woocommerce-Price-currencySymbol\">&euro;<\/span><\/span><\/div>\n\t\t\t\t<div class=\"wc-block-grid__product-rating\"><div class=\"star-rating\" role=\"img\" aria-label=\"Hodnotenie 4.63 z 5\"><span style=\"width:92.6%\">Hodnotenie <strong class=\"rating\">4.63<\/strong> z 5 na z\u00e1klade <span class=\"rating\">19<\/span> z\u00e1kazn\u00edckych recenzi\u00ed<\/span><\/div><\/div>\n\t\t\t\t<div class=\"wp-block-button wc-block-grid__product-add-to-cart\"><a href=\"?add-to-cart=25410\" aria-label=\"Add to cart: &ldquo;Hern\u00e1 stoli\u010dka Paradox Commander Bordov\u00e1 B\u00e9\u017eov\u00e1&rdquo;\" data-quantity=\"1\" data-product_id=\"25410\" data-product_sku=\"PX-CM-031-BRB\" data-price=\"309\" rel=\"nofollow\" class=\"wp-block-button__link  add_to_cart_button ajax_add_to_cart\">Prida\u0165 do ko\u0161\u00edka<\/a><\/div>\n\t\t\t<\/li><li class=\"wc-block-grid__product\"><span class=\"gtm4wp_productdata\" style=\"display:none; visibility:hidden;\" data-gtm4wp_product_data=\"{&quot;internal_id&quot;:25262,&quot;item_id&quot;:25262,&quot;item_name&quot;:&quot;Hern\\u00e1 stoli\\u010dka Paradox Commander Sunrise Hero&quot;,&quot;sku&quot;:&quot;PX-CM-004-ODG&quot;,&quot;price&quot;:349,&quot;stocklevel&quot;:6,&quot;stockstatus&quot;:&quot;instock&quot;,&quot;google_business_vertical&quot;:&quot;retail&quot;,&quot;item_category&quot;:&quot;Kolekcia Commander&quot;,&quot;id&quot;:25262,&quot;productlink&quot;:&quot;https:\\\/\\\/paradox24.com\\\/sk\\\/produkt\\\/paradox-commander-sunrise-hero\\\/&quot;,&quot;item_list_name&quot;:&quot;General Product List&quot;,&quot;index&quot;:0,&quot;product_type&quot;:&quot;simple&quot;,&quot;item_brand&quot;:&quot;&quot;}\"><\/span>\n\t\t\t\t<a href=\"https:\/\/paradox24.com\/sk\/produkt\/paradox-commander-sunrise-hero\/\" class=\"wc-block-grid__product-link\">\n\t\t\t\t\t\n\t\t\t\t\t<div class=\"wc-block-grid__product-image\"><img loading=\"lazy\" decoding=\"async\" width=\"400\" height=\"533\" src=\"https:\/\/paradox24.com\/wp-content\/uploads\/2024\/10\/241213_3x4_Commander_sunrise_test616_detail_01-400x533.png\" class=\"attachment-woocommerce_thumbnail size-woocommerce_thumbnail\" alt=\"Hern\u00e1 stoli\u010dka Paradox Commander Sunrise Hero\" srcset=\"https:\/\/paradox24.com\/wp-content\/uploads\/2024\/10\/241213_3x4_Commander_sunrise_test616_detail_01-400x533.png 400w, https:\/\/paradox24.com\/wp-content\/uploads\/2024\/10\/241213_3x4_Commander_sunrise_test616_detail_01-600x800.png 600w, https:\/\/paradox24.com\/wp-content\/uploads\/2024\/10\/241213_3x4_Commander_sunrise_test616_detail_01-225x300.png 225w, https:\/\/paradox24.com\/wp-content\/uploads\/2024\/10\/241213_3x4_Commander_sunrise_test616_detail_01-768x1024.png 768w, https:\/\/paradox24.com\/wp-content\/uploads\/2024\/10\/241213_3x4_Commander_sunrise_test616_detail_01-450x600.png 450w, https:\/\/paradox24.com\/wp-content\/uploads\/2024\/10\/241213_3x4_Commander_sunrise_test616_detail_01.png 900w\" sizes=\"auto, (max-width: 400px) 100vw, 400px\" data-wp-pid=\"25274\" \/><\/div>\n\t\t\t\t\t<div class=\"wc-block-grid__product-title\">Hern\u00e1 stoli\u010dka Paradox Commander Sunrise Hero<\/div>\n\t\t\t\t<\/a>\n\t\t\t\t<div class=\"wc-block-grid__product-price price\"><span class=\"woocommerce-Price-amount amount\">349,00&nbsp;<span class=\"woocommerce-Price-currencySymbol\">&euro;<\/span><\/span><\/div>\n\t\t\t\t\n\t\t\t\t<div class=\"wp-block-button wc-block-grid__product-add-to-cart\"><a href=\"?add-to-cart=25262\" aria-label=\"Add to cart: &ldquo;Hern\u00e1 stoli\u010dka Paradox Commander Sunrise Hero&rdquo;\" data-quantity=\"1\" data-product_id=\"25262\" data-product_sku=\"PX-CM-004-ODG\" data-price=\"349\" rel=\"nofollow\" class=\"wp-block-button__link  add_to_cart_button ajax_add_to_cart\">Prida\u0165 do ko\u0161\u00edka<\/a><\/div>\n\t\t\t<\/li><\/ul><\/div><\/div><\/div>","protected":false},"excerpt":{"rendered":"Mohlo by v\u00e1s zauj\u00edma\u0165... V\u00e1\u0161 ko\u0161\u00edk je moment\u00e1lne pr\u00e1zdny! Novinky v obchode","protected":false},"author":2,"featured_media":0,"parent":0,"menu_order":0,"comment_status":"closed","ping_status":"closed","template":"","meta":{"footnotes":""},"class_list":["post-31061","page","type-page","status-publish","hentry","no-thumb"],"_links":{"self":[{"href":"https:\/\/paradox24.com\/sk\/wp-json\/wp\/v2\/pages\/31061","targetHints":{"allow":["GET"]}}],"collection":[{"href":"https:\/\/paradox24.com\/sk\/wp-json\/wp\/v2\/pages"}],"about":[{"href":"https:\/\/paradox24.com\/sk\/wp-json\/wp\/v2\/types\/page"}],"author":[{"embeddable":true,"href":"https:\/\/paradox24.com\/sk\/wp-json\/wp\/v2\/users\/2"}],"replies":[{"embeddable":true,"href":"https:\/\/paradox24.com\/sk\/wp-json\/wp\/v2\/comments?post=31061"}],"version-history":[{"count":0,"href":"https:\/\/paradox24.com\/sk\/wp-json\/wp\/v2\/pages\/31061\/revisions"}],"wp:attachment":[{"href":"https:\/\/paradox24.com\/sk\/wp-json\/wp\/v2\/media?parent=31061"}],"curies":[{"name":"wp","href":"https:\/\/api.w.org\/{rel}","templated":true}]}}