{"id":30756,"date":"2024-07-25T08:58:12","date_gmt":"2024-07-25T07:58:12","guid":{"rendered":"https:\/\/paradox24.com\/refund-policy\/"},"modified":"2026-02-23T16:47:38","modified_gmt":"2026-02-23T15:47:38","slug":"refund-policy","status":"publish","type":"page","link":"https:\/\/paradox24.com\/sk\/refund-policy\/","title":{"rendered":"Politika vr\u00e1tenia pe\u0148az\u00ed"},"content":{"rendered":"<div class=\"wpb-content-wrapper\"><p>[vc_row][vc_column][vc_column_text css=&#8220;&#8220;]<\/p>\n<p>M\u00e1me 100-d\u0148ov\u00fa lehotu na vr\u00e1tenie, \u010do znamen\u00e1, \u017ee m\u00e1te 100 dn\u00ed od doru\u010denia tovaru na to, aby ste o vr\u00e1tenie po\u017eiadali.<\/p>\n<p>Ak chcete za\u010da\u0165 vr\u00e1tenie, m\u00f4\u017eete n\u00e1s kontaktova\u0165 na <a href=\"mailto:hello@paradox24.com\">hello@paradox24.com<\/a>. Upozor\u0148ujeme, \u017ee vr\u00e1tenia je potrebn\u00e9 zasiela\u0165 na nasleduj\u00facu adresu: Omnipack Fulfillment Center, hala DC04 rampa 55, Aleja Katowicka 66, 05-830 Nadarzyn, Po\u013esko<\/p>\n<p>Polo\u017eky zaslan\u00e9 sp\u00e4\u0165 n\u00e1m bez predch\u00e1dzaj\u00faceho \u017eiadosti o vr\u00e1tenie nebud\u00fa prijat\u00e9.<\/p>\n<p>V\u017edy n\u00e1s m\u00f4\u017eete kontaktova\u0165 pre ak\u00e9ko\u013evek ot\u00e1zky t\u00fdkaj\u00face sa vr\u00e1tenia na <a href=\"mailto:hello@paradox24.com\">hello@paradox24.com<\/a>.<\/p>\n<p><strong>\u0160kody a probl\u00e9my<\/strong><br \/>Pros\u00edm, skontrolujte va\u0161u objedn\u00e1vku pri prijat\u00ed a okam\u017eite n\u00e1s kontaktujte, ak je tovar chybn\u00fd, po\u0161koden\u00fd alebo ak dostanete nespr\u00e1vny tovar, aby sme mohli probl\u00e9m vyhodnoti\u0165 a vyrie\u0161i\u0165.<\/p>\n<p><strong>V\u00fdnimky \/ nevratn\u00e9 polo\u017eky<\/strong><br \/>Niektor\u00e9 typy polo\u017eiek nie je mo\u017en\u00e9 vr\u00e1ti\u0165, ako s\u00fa r\u00fdchlo sa kaziace tovary (napr\u00edklad potraviny, kvety alebo rastliny), produkty na mieru (napr\u00edklad \u0161peci\u00e1lne objedn\u00e1vky alebo personalizovan\u00e9 polo\u017eky) a potreby osobnej starostlivosti (napr\u00edklad kozmetick\u00e9 produkty). Tie\u017e neprij\u00edmame vr\u00e1tenie nebezpe\u010dn\u00fdch materi\u00e1lov, hor\u013eav\u00fdch kvapal\u00edn alebo plynov. Ak m\u00e1te ot\u00e1zky alebo obavy t\u00fdkaj\u00face sa v\u00e1\u0161ho konkr\u00e9tneho predmetu, pros\u00edm, kontaktujte n\u00e1s.<\/p>\n<p><strong>Burzy<\/strong><br \/>Najr\u00fdchlej\u0161\u00ed sp\u00f4sob, ako si by\u0165 ist\u00fd, \u017ee dostanete to, \u010do chcete, je vr\u00e1ti\u0165 tovar, ktor\u00fd u\u017e m\u00e1te, a ke\u010f je vr\u00e1tenie prijat\u00e9, urobi\u0165 samostatn\u00fd n\u00e1kup pre nov\u00fd produkt.<\/p>\n<p><strong>14-d\u0148ov\u00e9 obdobie ochladenia Eur\u00f3pskej \u00fanie<\/strong><br \/>Napriek vy\u0161\u0161ie uveden\u00e9mu, ak je tovar zasielan\u00fd do Eur\u00f3pskej \u00fanie, m\u00e1te pr\u00e1vo zru\u0161i\u0165 alebo vr\u00e1ti\u0165 objedn\u00e1vku do 14 dn\u00ed, z ak\u00e9hoko\u013evek d\u00f4vodu a bez od\u00f4vodnenia.<\/p>\n<p>[\/vc_column_text][\/vc_column][\/vc_row]<\/p>\n<\/div>","protected":false},"excerpt":{"rendered":"<p>[vc_row][vc_column][vc_column_text css=&#8220;&#8220;] M\u00e1me 100-d\u0148ov\u00fa lehotu na vr\u00e1tenie, \u010do znamen\u00e1, \u017ee m\u00e1te 100 dn\u00ed od doru\u010denia tovaru na to, aby ste o vr\u00e1tenie po\u017eiadali. Ak chcete za\u010da\u0165 vr\u00e1tenie, m\u00f4\u017eete n\u00e1s kontaktova\u0165 na hello@paradox24.com. Upozor\u0148ujeme, \u017ee vr\u00e1tenia je potrebn\u00e9 zasiela\u0165 na nasleduj\u00facu adresu: Omnipack Fulfillment Center, hala DC04 rampa 55, Aleja Katowicka 66, 05-830 Nadarzyn, Po\u013esko Polo\u017eky [&hellip;]<\/p>\n","protected":false},"author":2,"featured_media":0,"parent":0,"menu_order":0,"comment_status":"closed","ping_status":"closed","template":"","meta":{"footnotes":""},"class_list":["post-30756","page","type-page","status-publish","hentry","no-thumb"],"_links":{"self":[{"href":"https:\/\/paradox24.com\/sk\/wp-json\/wp\/v2\/pages\/30756","targetHints":{"allow":["GET"]}}],"collection":[{"href":"https:\/\/paradox24.com\/sk\/wp-json\/wp\/v2\/pages"}],"about":[{"href":"https:\/\/paradox24.com\/sk\/wp-json\/wp\/v2\/types\/page"}],"author":[{"embeddable":true,"href":"https:\/\/paradox24.com\/sk\/wp-json\/wp\/v2\/users\/2"}],"replies":[{"embeddable":true,"href":"https:\/\/paradox24.com\/sk\/wp-json\/wp\/v2\/comments?post=30756"}],"version-history":[{"count":6,"href":"https:\/\/paradox24.com\/sk\/wp-json\/wp\/v2\/pages\/30756\/revisions"}],"predecessor-version":[{"id":30768,"href":"https:\/\/paradox24.com\/sk\/wp-json\/wp\/v2\/pages\/30756\/revisions\/30768"}],"wp:attachment":[{"href":"https:\/\/paradox24.com\/sk\/wp-json\/wp\/v2\/media?parent=30756"}],"curies":[{"name":"wp","href":"https:\/\/api.w.org\/{rel}","templated":true}]}}