{"id":30551,"date":"2018-06-01T08:19:29","date_gmt":"2018-06-01T07:19:29","guid":{"rendered":"https:\/\/paradox24.com\/about\/"},"modified":"2026-02-23T16:56:17","modified_gmt":"2026-02-23T15:56:17","slug":"about","status":"publish","type":"page","link":"https:\/\/paradox24.com\/sk\/about\/","title":{"rendered":"O n\u00e1s"},"content":{"rendered":"<div class=\"wpb-content-wrapper\"><p>[vc_row full_width=&#8220;stretch_row_content_no_spaces&#8220; el_class=&#8220;supro-no-padding-left supro-no-padding-right&#8220;][vc_column][vc_column_text css=&#8220;.vc_custom_1729797872336{margin-bottom: 0px !important;}&#8220;]<\/p>\n<div class=\"about-us heading\">\n<div class=\"heading-content\">\n<h2>Ahoj!<\/h2>\n<p><strong>Sme Paradox!<\/strong> Tvor\u00edme <strong>v\u00fdkonn\u00e9 sedadl\u00e1<\/strong>, aby sme v\u00e1m pomohli <strong>maximalizova\u0165 v\u00e1\u0161 potenci\u00e1l<\/strong> v pr\u00e1ci aj v hre. Na\u0161e dizajny sp\u00e1jaj\u00fa <strong>ergonomick\u00fa podporu<\/strong>, <strong>pr\u00e9miov\u00fa kvalitu<\/strong> a <strong>in\u0161pirat\u00edvnu estetiku<\/strong>, aby pozdvihli ak\u00fdko\u013evek priestor.<\/p>\n<\/div>\n<p><img decoding=\"async\" src=\"https:\/\/paradox24.com\/wp-content\/uploads\/2024\/10\/3-razem_01-1.png\" alt=\"Obr\u00e1zok na pozad\u00ed\" \/><\/p>\n<\/div>\n<p>[\/vc_column_text][vc_column_text css=&#8220;.vc_custom_1729798099020{margin-bottom: 0px !important;background-color: #222222 !important;}&#8220; el_class=&#8220;.about-us .info .info&#8211;white&#8220;]<\/p>\n<h2>Kto sme.<\/h2>\n<p>V Paradox Gaming sme <strong>skupina v\u00e1\u0161niv\u00fdch podnikate\u013eov<\/strong> s celkov\u00fdmi <strong>250 rokmi<\/strong> sk\u00fasenost\u00ed v r\u00f4znych odvetviach. Na\u0161e r\u00f4znorod\u00e9 sk\u00fasenosti v <strong>v\u00fdvoji produktov<\/strong>, <strong>dizajne<\/strong>, <strong>e-commerce<\/strong>, poradenstve, reklame, pohostinstve, akci\u00e1ch, mestskej architekt\u00fare, kozmetike a spotrebnom tovare n\u00e1m dali jedine\u010dn\u00fa perspekt\u00edvu na dizajn produktov a potreby z\u00e1kazn\u00edkov.[\/vc_column_text][vc_column_text css=&#8220;.vc_custom_1729798671318{margin-bottom: 0px !important;background-color: #ffffff !important;}&#8220; el_class=&#8220;.about-us .info&#8220;]<\/p>\n<h3>Stretnite sa so zakladaj\u00facim t\u00edmom:<\/h3>\n<div class=\"founder\">\n<div class=\"founder-image\"><img loading=\"lazy\" decoding=\"async\" src=\"https:\/\/paradox24.com\/wp-content\/uploads\/2024\/10\/IMG_9627-BW-1.png\" alt=\"Przemek Kowalewski\" width=\"400\" height=\"400\" \/><\/div>\n<div class=\"founder-content\">\n<p><strong>Przemek Kowalewski, CEO<\/strong><\/p>\n<p>Strategick\u00fd vizion\u00e1r a inov\u00e1tor e-commerce. Przemek, b\u00fdval\u00fd mana\u017e\u00e9r vo Westwing (e-commerce pre domov a dekor\u00e1cie), prin\u00e1\u0161a odbornos\u0165 vo v\u00fdvoji produktov, n\u00e1kupu a v\u00fdrobe, ako aj v e-commerce a digit\u00e1lnom marketingu. B\u00fdval\u00fd konzultant McKinsey s bystr\u00fdm okom pre obchodn\u00fa strat\u00e9giu a prev\u00e1dzku.<\/p>\n<\/div>\n<\/div>\n<div class=\"founder\">\n<div class=\"founder-image\"><img loading=\"lazy\" decoding=\"async\" src=\"https:\/\/paradox24.com\/wp-content\/uploads\/2024\/10\/IMG_9627-BW-1-2.png\" alt=\"Pawe\u0142 Miklaszewski\" width=\"400\" height=\"400\" \/><\/div>\n<div class=\"founder-content\">\n<p><strong>Pawe\u0142 Miklaszewski, Chief Creative Officer<\/strong><\/p>\n<p>Kreat\u00edvna sila v Paradox. Pawe\u0142 je tie\u017e zakladate\u013eom ocenenej 360 agent\u00fary &#8222;Walk Group&#8220; a dizajnov\u00e9ho butiku &#8222;Walk with David&#8220;, prin\u00e1\u0161aj\u00fac bohatstvo dizajnovej a kreat\u00edvnej odbornosti do Paradox. Jeho p\u00f4sobiv\u00e1 zbierka ocenen\u00ed, vr\u00e1tane Cannes Lion, viacer\u00fdch KTR Awards, Effies a mnoh\u00fdch \u010fal\u0161\u00edch, sved\u010d\u00ed o jeho pr\u00edstupe zameranom na spotrebite\u013ea.<\/p>\n<\/div>\n<\/div>\n<h3>N\u00e1\u0161 hlavn\u00fd dizajn\u00e9r:<\/h3>\n<div class=\"founder\">\n<div class=\"founder-image\"><img loading=\"lazy\" decoding=\"async\" src=\"https:\/\/paradox24.com\/wp-content\/uploads\/2024\/10\/IMG_9627-BW-1-1.png\" alt=\"David Racchi\" width=\"400\" height=\"400\" \/><\/div>\n<div class=\"founder-content\">\n<p><strong>David Racchi, Chief Designer<\/strong><\/p>\n<p>David, Austr\u00e1l\u010dan s glob\u00e1lnou perspekt\u00edvou, prin\u00e1\u0161a medzin\u00e1rodn\u00fd \u0161mrnc do svojej pr\u00e1ce, formovan\u00fd sk\u00fasenos\u0165ami v Melbourne, \u0160panielsku a Argent\u00edne. Jeho dizajny zah\u0155\u0148aj\u00fa produktov\u00fd dizajn, obalov\u00fd dizajn, branding, reklamu a viac, pri\u010dom ka\u017ed\u00fd kus odr\u00e1\u017ea jeho jedine\u010dn\u00fd pr\u00edstup sp\u00e1jaj\u00faci jednoduchos\u0165 s storytellingom. Jeho talent bol uznan\u00fd na glob\u00e1lnej sc\u00e9ne, vr\u00e1tane prest\u00ed\u017eneho Gold Cannes Lion.<\/p>\n<\/div>\n<\/div>\n<p>[\/vc_column_text][vc_column_text css=&#8220;.vc_custom_1729542358975{margin-bottom: 0px !important;background-color: #222222 !important;}&#8220; el_class=&#8220;.about-us .info .info&#8211;white&#8220;]<\/p>\n<h2>N\u00e1\u0161 pr\u00edbeh.<\/h2>\n<p>Zrod Paradox Gaming nebol hollywoodskym trilerom, ale mysl\u00edme si, \u017ee je to pr\u00edbeh, ktor\u00fd stoj\u00ed za to rozpr\u00e1va\u0165.<\/p>\n<p>V\u0161etko za\u010dalo jednoduchou v\u00fdpravou: n\u00e1js\u0165 dokonal\u00fa kancel\u00e1rsku stoli\u010dku.<br \/>\nKe\u010f sme h\u013eadali, uvedomili sme si, \u017ee trh pon\u00fakal dve neuspokojiv\u00e9 extr\u00e9my \u2013 form\u00e1lne, neergonomick\u00e9 stoli\u010dky<br \/>\nalebo hern\u00e9 stoli\u010dky s neatrakt\u00edvnym dizajnom. T\u00e1to medzera na trhu zap\u00e1lila my\u0161lienku.<\/p>\n<p>Na\u0161a l\u00e1ska k dizajnu a tvorbe fyzick\u00fdch produktov \u017eivila na\u0161u v\u00e1\u0161e\u0148. Potom, v lete 2022,<br \/>\nsa naskytla pr\u00edle\u017eitos\u0165. Z\u00edskali sme spolo\u010dnos\u0165 s malou obchodnou jednotkou pred\u00e1vaj\u00facou nezna\u010dkov\u00e9 hern\u00e9 stoli\u010dky. T\u00e1to akviz\u00edcia bola katalyz\u00e1torom, ktor\u00fd sme potrebovali.<\/p>\n<p>Rozhodli sme sa \u00faplne prepracova\u0165 produktov\u00e9 portf\u00f3lio a vytvori\u0165 zna\u010dku, ktor\u00e1 by zrevolucionizovala koncept hern\u00fdch stoli\u010diek. A tak sa narodil Paradox.<\/p>\n<p>Od n\u00e1\u0161ho zalo\u017eenia v roku 2022 sme sa plne venovali zdokona\u013eovaniu z\u00e1\u017eitku Paradox!<br \/>\nVytvorili sme viac ako 200 jedine\u010dn\u00fdch dizajnov stoli\u010diek a viac ako 30 prototypov, cestovali sme naprie\u010d troma kontinentami<br \/>\nnav\u0161t\u00edvi\u0165 10+ v\u00fdrobn\u00fdch zariaden\u00ed a hovorili sme so stovkami pou\u017e\u00edvate\u013eov.<\/p>\n<p class=\"motto\"><strong>Ale \u010do je najd\u00f4le\u017eitej\u0161ie, vytvorili sme stoli\u010dky, ktor\u00e9 milujeme a pou\u017e\u00edvame ka\u017ed\u00fd de\u0148.<\/strong><\/p>\n<p>[\/vc_column_text][vc_column_text css=&#8220;.vc_custom_1729542370996{margin-bottom: 0px !important;background-color: #e3e3e3 !important;}&#8220; el_class=&#8220;.about-us .info&#8220;]<\/p>\n<h2>Na\u0161a filozofia.<\/h2>\n<p>Pam\u00e4t\u00e1te si, ke\u010f boli tenisky len na behanie? Potom pri\u0161iel Nike a povedal: &#8222;Hej, tieto top\u00e1nky m\u00f4\u017ee\u0161 nosi\u0165 ka\u017ed\u00fd de\u0148! S\u00fa \u0161t\u00fdlov\u00e9, pohodln\u00e9 a odoln\u00e9.&#8220;<\/p>\n<p>Prij\u00edmame podobn\u00fd pr\u00edstup k hern\u00fdm stoli\u010dk\u00e1m. Ver\u00edme, \u017ee skvel\u00e1 stoli\u010dka na pr\u00e1cu a hru by mala by\u0165 viac ako len funk\u010dn\u00e1. Mala by by\u0165:<\/p>\n<ul>\n<li>Ergonomick\u00e1 a pohodln\u00e1 na dlh\u00e9 sedenie<\/li>\n<li>Vyhl\u00e1senie s mimoriadnym dizajnom<\/li>\n<li>Odoln\u00e1 a vysokej kvality, aby vydr\u017eala sk\u00fa\u0161ku \u010dasu<\/li>\n<\/ul>\n<p class=\"motto\"><strong>V Paradoxe vyz\u00fdvame predstavu, \u017ee hern\u00e9 stoli\u010dky s\u00fa len pre hr\u00e1\u010dov. Tvor\u00edme stoli\u010dky, ktor\u00e9 podporuj\u00fa v\u00e1\u0161 \u017eivotn\u00fd \u0161t\u00fdl, \u010di u\u017e dob\u00fdvate virtu\u00e1lne svety alebo svoj pracovn\u00fd de\u0148.<\/strong><\/p>\n<p>[\/vc_column_text][vc_column_text css=&#8220;.vc_custom_1729541822753{margin-bottom: 0px !important;background-color: #ffffff !important;}&#8220; el_class=&#8220;.about-us .info&#8220;]<\/p>\n<h2>Na\u0161a misia.<\/h2>\n<p>Na\u0161a misia je jednoduch\u00e1, ale ambici\u00f3zna:<\/p>\n<ol>\n<li>Pon\u00faknu\u0165 v\u00e1m ergonomick\u00fa, vysokokvalitn\u00fa stoli\u010dku s v\u00fdnimo\u010dn\u00fdm dizajnom.<\/li>\n<li>Podporova\u0165 v\u00e1s po\u010das dlh\u00fdch hod\u00edn sedenia a zlep\u0161i\u0165 v\u00e1\u0161 v\u00fdkon.<\/li>\n<li>Prin\u00e1\u0161a\u0165 v\u00e1m rados\u0165 zaka\u017ed\u00fdm, ke\u010f sa pozriete na svoju stoli\u010dku.<\/li>\n<li>Vytv\u00e1ra\u0165 produkty, ktor\u00e9 vydr\u017eia sk\u00fa\u0161ku \u010dasu.<\/li>\n<\/ol>\n<p><strong>Ale nejde len o kone\u010dn\u00fd produkt. Sme odhodlan\u00ed bavi\u0165 sa po\u010das cel\u00e9ho procesu \u2013 od dizajnu a v\u00fdroby po doru\u010denie. Ver\u00edme, \u017ee ke\u010f si u\u017e\u00edvame to, \u010do rob\u00edme, odr\u00e1\u017ea sa to v kvalite na\u0161ich produktov a spokojnosti na\u0161ich z\u00e1kazn\u00edkov.<\/strong>[\/vc_column_text][vc_column_text css=&#8220;.vc_custom_1729542376551{margin-bottom: 0px !important;background-color: #e3e3e3 !important;}&#8220; el_class=&#8220;.about-us .info&#8220;]<\/p>\n<h2>Na\u0161e hodnoty.<\/h2>\n<p>V jadre Paradox Gaming s\u00fa na\u0161e vodcovsk\u00e9 princ\u00edpy:<\/p>\n<ol>\n<li><strong>Inov\u00e1cia<\/strong>: Neust\u00e1le pos\u00favame hranice dizajnu stoli\u010diek a funk\u010dnosti.<\/li>\n<li><strong>Kvalita<\/strong>: Nikdy nekompropn\u00edme na materi\u00e1loch alebo remesle na\u0161ich produktov.<\/li>\n<li><strong>Spokojnos\u0165 z\u00e1kazn\u00edkov<\/strong>: Va\u0161e pohodlie a \u0161\u0165astie s\u00fa na\u0161e najvy\u0161\u0161ie priority.<\/li>\n<li><strong>Udr\u017eate\u013enos\u0165<\/strong>: Sme odhodlan\u00ed k environment\u00e1lne zodpovedn\u00fdm v\u00fdrobn\u00fdm praktik\u00e1m.<\/li>\n<li><strong>Transparentnos\u0165<\/strong>: Ver\u00edme v otvoren\u00fa komunik\u00e1ciu s na\u0161imi z\u00e1kazn\u00edkmi a partnermi.<\/li>\n<\/ol>\n<p class=\"motto\"><strong>Tieto hodnoty informuj\u00fa ka\u017ed\u00e9 rozhodnutie, ktor\u00e9 urob\u00edme, od v\u00fdberu dizajnu po z\u00e1kazn\u00edcke praktiky.<\/strong><\/p>\n<p>[\/vc_column_text][vc_column_text css=&#8220;.vc_custom_1729544085070{margin-bottom: 0px !important;background-color: #ffffff !important;}&#8220; el_class=&#8220;.about-us .info&#8220;]<\/p>\n<h3>S\u00fa\u010das\u0165 eco24 Group.<\/h3>\n<p>Ako s\u00fa\u010das\u0165 eco24 Group profituje Paradox zo \u0161ir\u0161ej misie: vytv\u00e1ra\u0165 inovat\u00edvne, udr\u017eate\u013en\u00e9 a dizajnom orientovan\u00e9 produkty v rade odvetv\u00ed.[\/vc_column_text][vc_column_text css=&#8220;.vc_custom_1729542300549{margin-bottom: 0px !important;background-color: #bf403a !important;}&#8220; el_class=&#8220;.about-us .info .info&#8211;center .info&#8211;white&#8220;]<\/p>\n<h2>Pripojte sa k Paradox revol\u00facii.<\/h2>\n<p>Pripraven\u00ed za\u017ei\u0165 dokonal\u00fa kombin\u00e1ciu \u0161t\u00fdlu, pohodlia a funk\u010dnosti?<br \/>\nPresk\u00famajte na\u0161u ponuku hern\u00fdch stoli\u010diek Paradox a n\u00e1jdite t\u00fa, ktor\u00e1 k v\u00e1m hovor\u00ed.<\/p>\n<p>M\u00e1te ot\u00e1zky alebo potrebujete pomoc? N\u00e1\u0161 t\u00edm je v\u017edy tu, aby pomohol.<br \/>\nKontaktujte n\u00e1s e\u0161te dnes a za\u010dnime konverz\u00e1ciu o va\u0161ej dokonalej stoli\u010dke<br \/>\nna <a href=\"mailto:hello@paradox24.com\">hello@paradox24.com<\/a><\/p>\n<p class=\"motto\"><strong>Vitajte v Paradoxe \u2013 kde sa pohodlie stret\u00e1va so \u0161t\u00fdlom a funkcia s formou!<\/strong><\/p>\n<p>[\/vc_column_text][\/vc_column][\/vc_row]<\/p>\n<\/div>","protected":false},"excerpt":{"rendered":"<p>[vc_row full_width=&#8220;stretch_row_content_no_spaces&#8220; el_class=&#8220;supro-no-padding-left supro-no-padding-right&#8220;][vc_column][vc_column_text css=&#8220;.vc_custom_1729797872336{margin-bottom: 0px !important;}&#8220;] Ahoj! Sme Paradox! Tvor\u00edme v\u00fdkonn\u00e9 sedadl\u00e1, aby sme v\u00e1m pomohli maximalizova\u0165 v\u00e1\u0161 potenci\u00e1l v pr\u00e1ci aj v hre. Na\u0161e dizajny sp\u00e1jaj\u00fa ergonomick\u00fa podporu, pr\u00e9miov\u00fa kvalitu a in\u0161pirat\u00edvnu estetiku, aby pozdvihli ak\u00fdko\u013evek priestor. [\/vc_column_text][vc_column_text css=&#8220;.vc_custom_1729798099020{margin-bottom: 0px !important;background-color: #222222 !important;}&#8220; el_class=&#8220;.about-us .info .info&#8211;white&#8220;] Kto sme. V Paradox Gaming sme skupina [&hellip;]<\/p>\n","protected":false},"author":2,"featured_media":0,"parent":0,"menu_order":0,"comment_status":"closed","ping_status":"closed","template":"template-fullwidth.php","meta":{"footnotes":""},"class_list":["post-30551","page","type-page","status-publish","hentry","no-thumb"],"_links":{"self":[{"href":"https:\/\/paradox24.com\/sk\/wp-json\/wp\/v2\/pages\/30551","targetHints":{"allow":["GET"]}}],"collection":[{"href":"https:\/\/paradox24.com\/sk\/wp-json\/wp\/v2\/pages"}],"about":[{"href":"https:\/\/paradox24.com\/sk\/wp-json\/wp\/v2\/types\/page"}],"author":[{"embeddable":true,"href":"https:\/\/paradox24.com\/sk\/wp-json\/wp\/v2\/users\/2"}],"replies":[{"embeddable":true,"href":"https:\/\/paradox24.com\/sk\/wp-json\/wp\/v2\/comments?post=30551"}],"version-history":[{"count":11,"href":"https:\/\/paradox24.com\/sk\/wp-json\/wp\/v2\/pages\/30551\/revisions"}],"predecessor-version":[{"id":30805,"href":"https:\/\/paradox24.com\/sk\/wp-json\/wp\/v2\/pages\/30551\/revisions\/30805"}],"wp:attachment":[{"href":"https:\/\/paradox24.com\/sk\/wp-json\/wp\/v2\/media?parent=30551"}],"curies":[{"name":"wp","href":"https:\/\/api.w.org\/{rel}","templated":true}]}}