{"id":30544,"date":"2024-07-25T08:58:11","date_gmt":"2024-07-25T07:58:11","guid":{"rendered":"https:\/\/paradox24.com\/privacy-policy\/"},"modified":"2026-02-23T16:38:14","modified_gmt":"2026-02-23T15:38:14","slug":"privacy-policy","status":"publish","type":"page","link":"https:\/\/paradox24.com\/sk\/privacy-policy\/","title":{"rendered":"Z\u00e1sady ochrany s\u00fakromia"},"content":{"rendered":"<p><\/p><h2 class=\"wp-block-heading\">V\u00e1\u017een\u00fd pou\u017e\u00edvate\u013e!<\/h2><p>Z\u00e1le\u017e\u00ed n\u00e1m na va\u0161om s\u00fakrom\u00ed a chceme, aby ste sa pri vyu\u017e\u00edvan\u00ed na\u0161ich slu\u017eieb c\u00edtili pohodlne. Preto ni\u017e\u0161ie uv\u00e1dzame najd\u00f4le\u017eitej\u0161ie inform\u00e1cie o politike spracovania va\u0161ich osobn\u00fdch \u00fadajov a o cookies, ktor\u00e9 pou\u017e\u00edva n\u00e1\u0161 obchod. Tieto inform\u00e1cie boli pripraven\u00e9 v s\u00favislosti s GDPR, teda v\u0161eobecn\u00fdm nariaden\u00edm o ochrane \u00fadajov.  <\/p><h2 class=\"wp-block-heading\">KONTROL\u00d3R OSOBN\u00ddCH \u00daDAJOV<\/h2><p>ECO24 SP\u00d3\u0141KA Z OGRANICZON\u0104 ODPOWIEDZIALNO\u015aCI\u0104 so s\u00eddlom na ul. Algierska 17K, 03-977 Var\u0161ava, Po\u013esko, zap\u00edsan\u00e1 do N\u00e1rodn\u00e9ho s\u00fadneho registra &#8211; Register podnikate\u013eov S\u0104D REJONOWY DLA M.ST. WARSZAWY W WARSZAWIE,XIII WYDZIA\u0141 GOSPODARCZY KRAJOWEGO REGISTRU S\u0104DOWEGO, pod \u010d\u00edslom KRS (N\u00e1rodn\u00fd s\u00fadny register) \u010d\u00edslo 0001061741, identifika\u010dn\u00e9 \u010d\u00edslo Eur\u00f3pskej \u00fanie s DPH PL5214039048, REGON (N\u00e1rodn\u00fd \u00faradn\u00fd register obchodn\u00e9ho registra) 52659871100000, po\u010diato\u010dn\u00fd kapit\u00e1l 1000000,00 PLN. <\/p><p>Ak n\u00e1s chcete kontaktova\u0165 v s\u00favislosti so spracovan\u00edm va\u0161ich osobn\u00fdch \u00fadajov, pros\u00edm, nap\u00ed\u0161te n\u00e1m na: contact@paradox24.com.<\/p><h2 class=\"wp-block-heading\">VA\u0160E PR\u00c1VA<\/h2><p>M\u00e1te pr\u00e1vo po\u017eiada\u0165:<\/p><ul class=\"wp-block-list\"><li>pr\u00edstup k va\u0161im osobn\u00fdm \u00fadajom, vr\u00e1tane z\u00edskania k\u00f3pie va\u0161ich \u00fadajov (\u010dl\u00e1nok 15 GDPR alebo, ak je to relevantn\u00e9, \u010dl\u00e1nok 13 ods. 1(f) GDPR),<\/li>\n\n<li>ich n\u00e1prava (\u010dl\u00e1nok 16 GDPR),<\/li>\n\n<li>vymazanie (\u010dl\u00e1nok 17 GDPR),<\/li>\n\n<li>obmedzenie ich spracovania (\u010dl\u00e1nok 18 GDPR),<\/li>\n\n<li>prevod \u00fadajov na in\u00e9ho kontrol\u00f3ra (\u010dl\u00e1nok 20 GDPR),<\/li><\/ul><p>a pr\u00e1vo:<\/p><ul class=\"wp-block-list\"><li>Kedyko\u013evek namietajte proti spracovaniu va\u0161ich osobn\u00fdch \u00fadajov:<ul class=\"wp-block-list\"><li>na z\u00e1klade va\u0161ej konkr\u00e9tnej situ\u00e1cie \u2013 pokia\u013e ide o spracovanie va\u0161ich osobn\u00fdch \u00fadajov pod\u013ea \u010dl\u00e1nku 6 ods. 1(f) GDPR (t. j. opr\u00e1vnen\u00e9 z\u00e1ujmy, ktor\u00e9 presadzujeme);<\/li>\n\n<li>ak s\u00fa va\u0161e osobn\u00e9 \u00fadaje spracovan\u00e9 na \u00fa\u010dely priameho marketingu, v rozsahu, v akom tak\u00e9to spracovanie s\u00favis\u00ed s tak\u00fdmto priamym marketingom (\u010dl. 21, odst. 2 GDPR).<\/li><\/ul><\/li><\/ul><p>Kontaktujte n\u00e1s, ak chcete uplatni\u0165 svoje pr\u00e1va. M\u00f4\u017eete namieta\u0165 proti n\u00e1\u0161mu pou\u017e\u00edvaniu cookies (o \u010dom si pre\u010d\u00edtate ni\u017e\u0161ie) najm\u00e4 pomocou pr\u00edslu\u0161n\u00fdch nastaven\u00ed vo va\u0161om prehliada\u010di. <\/p><p>Ak sa domnievate, \u017ee va\u0161e \u00fadaje s\u00fa spracov\u00e1van\u00e9 nez\u00e1konne, m\u00f4\u017eete poda\u0165 s\u0165a\u017enos\u0165 na pr\u00edslu\u0161n\u00fd org\u00e1n na ochranu \u00fadajov.<\/p><h2 class=\"wp-block-heading\">OSOBN\u00c9 \u00daDAJE A S\u00daKROMIE<\/h2><p>Va\u0161e \u00fadaje spracov\u00e1vame na \u00fa\u010dely s\u00favisiace s prev\u00e1dzkou obchodu a poskytovan\u00edm slu\u017eieb, ktor\u00e9 v \u0148om pon\u00fakame. Ni\u017e\u0161ie n\u00e1jdete podrobn\u00e9 inform\u00e1cie o spracovan\u00ed va\u0161ich \u00fadajov v z\u00e1vislosti od va\u0161ich aktiv\u00edt. <\/p><h3 class=\"wp-block-heading\">1. Zadanie objedn\u00e1vky v obchode &#8211; \u010cas\u0165 1<\/h3><figure class=\"wp-block-table\"><table class=\"has-fixed-layout\"><tbody><tr><th>Na ak\u00fd \u00fa\u010del spracov\u00e1vame va\u0161e d\u00e1ta?<\/th><\/tr><tr><td>na spracovanie va\u0161ej objedn\u00e1vky<\/td><\/tr><tr><th>Na z\u00e1klade \u010doho spracov\u00e1vame va\u0161e d\u00e1ta?<\/th><\/tr><tr><td>k\u00fapna zmluva (\u010dl\u00e1nok 6, odst. 1(b) GDPR)<\/td><td>pr\u00e1vna povinnos\u0165, s\u00favisiaca s \u00fa\u010dtovn\u00edctvom, povinnos\u0165 spracov\u00e1va\u0165 va\u0161e osobn\u00e9 \u00fadaje (\u010dl\u00e1nok 6 ods. 1(c) GDPR)<\/td><\/tr><tr><th>Ako dlho budeme spracov\u00e1va\u0165 va\u0161e d\u00e1ta?<\/th><\/tr><tr><td>po\u010das trvania spom\u00ednanej zmluvy<\/td><td>a\u017e do vypr\u0161ania na\u0161ich pr\u00e1vnych povinnost\u00ed s\u00favisiacich s \u00fa\u010dtovn\u00edctvom<\/td><\/tr><tr><td>Okrem toho bud\u00fa va\u0161e \u00fadaje spracovan\u00e9 a\u017e do uplynutia obdobia, po\u010das ktor\u00e9ho m\u00f4\u017eu by\u0165 n\u00e1roky uplatnen\u00e9 \u2013 bu\u010f vami, alebo nami<br\/>(viac inform\u00e1ci\u00ed n\u00e1jdete v poslednej tabu\u013eke tejto \u010dasti)<\/td><\/tr><tr><th>\u010co sa stane, ak \u00fadaje neposkytnete?<\/th><\/tr><tr><td>Nebudete m\u00f4c\u0165 objedna\u0165<\/td><\/tr><\/tbody><\/table><\/figure><h3 class=\"wp-block-heading\">2. Zadanie objedn\u00e1vky v obchode &#8211; \u010cas\u0165 2<\/h3><figure class=\"wp-block-table\"><table class=\"has-fixed-layout\"><tbody><tr><th>Na ak\u00fd \u00fa\u010del spracov\u00e1vame va\u0161e d\u00e1ta?<\/th><\/tr><tr><td>zlep\u0161ovanie kvality na\u0161ich slu\u017eieb v\u010faka sp\u00e4tnej v\u00e4zbe od pou\u017e\u00edvate\u013eov prostredn\u00edctvom slu\u017eby prieskumu spokojnosti<\/td><\/tr><tr><th>Na z\u00e1klade \u010doho spracov\u00e1vame va\u0161e d\u00e1ta?<\/th><\/tr><tr><td>na\u0161\u00edm opr\u00e1vnen\u00fdm z\u00e1ujmom na spracovan\u00ed va\u0161ich \u00fadajov za \u00fa\u010delom vykonania prieskumov va\u0161ej spokojnosti s na\u0161imi slu\u017ebami (\u010dl\u00e1nok 6 ods. 1(f) GDPR)<\/td><\/tr><tr><th>Ako dlho budeme spracov\u00e1va\u0165 va\u0161e d\u00e1ta?<\/th><\/tr><tr><td>ak neposkytnete sp\u00e4tn\u00fa v\u00e4zbu, po\u010das obdobia 30 dn\u00ed od n\u00e1kupu alebo k\u00fdm nezoh\u013eadn\u00edme va\u0161u n\u00e1mietku vo\u010di spracovaniu; a ak poskytnete sp\u00e4tn\u00fa v\u00e4zbu \u2013 a\u017e k\u00fdm nebude vymazan\u00e1 alebo k\u00fdm nezoh\u013eadn\u00edme va\u0161u n\u00e1mietku vo\u010di spracovaniu*<\/td><\/tr><tr><td>Okrem toho bud\u00fa va\u0161e \u00fadaje spracovan\u00e9 a\u017e do uplynutia obdobia, po\u010das ktor\u00e9ho m\u00f4\u017eu by\u0165 n\u00e1roky uplatnen\u00e9 \u2013 bu\u010f vami, alebo nami<br\/>(viac inform\u00e1ci\u00ed n\u00e1jdete v poslednej tabu\u013eke tejto \u010dasti)<\/td><\/tr><tr><th>\u010co sa stane, ak \u00fadaje neposkytnete?<\/th><\/tr><tr><td>V\u00e1\u0161 n\u00e1zor na na\u0161e slu\u017eby nebudeme bra\u0165 do \u00favahy pri \u010fal\u0161om rozvoji na\u0161ich slu\u017eieb<\/td><\/tr><\/tbody><\/table><\/figure><p>*pod\u013ea toho, \u010do je relevantn\u00e9 v konkr\u00e9tnom pr\u00edpade<\/p><h3 class=\"wp-block-heading\">3. Vytvorenie \u00fa\u010dtu v obchode<\/h3><figure class=\"wp-block-table\"><table class=\"has-fixed-layout\"><tbody><tr><th>Na ak\u00fd \u00fa\u010del spracov\u00e1vame va\u0161e d\u00e1ta?<\/th><\/tr><tr><td>na uzavretie zmluvy o zriaden\u00ed \u00fa\u010dtu v obchode<\/td><\/tr><tr><th>Na z\u00e1klade \u010doho spracov\u00e1vame va\u0161e d\u00e1ta?<\/th><\/tr><tr><td>zmluvu o poskytovan\u00ed slu\u017eieb (\u010dl\u00e1nok 6 ods. 1(b) GDPR)<\/td><\/tr><tr><th>Ako dlho budeme spracov\u00e1va\u0165 va\u0161e d\u00e1ta?<\/th><\/tr><tr><td>po\u010das trvania spom\u00ednanej zmluvy<\/td><\/tr><tr><td>Okrem toho bud\u00fa va\u0161e \u00fadaje spracovan\u00e9 a\u017e do uplynutia obdobia, po\u010das ktor\u00e9ho m\u00f4\u017eu by\u0165 n\u00e1roky uplatnen\u00e9 \u2013 bu\u010f vami, alebo nami<br\/>(viac inform\u00e1ci\u00ed n\u00e1jdete v poslednej tabu\u013eke tejto \u010dasti)<\/td><\/tr><tr><th>\u010co sa stane, ak \u00fadaje neposkytnete?<\/th><\/tr><tr><td>Nebudete m\u00f4c\u0165 vytvori\u0165 \u00fa\u010det a pou\u017e\u00edva\u0165 jeho funkcie, ako je prezeranie hist\u00f3rie objedn\u00e1vok alebo kontrola stavu objedn\u00e1vky<\/td><\/tr><\/tbody><\/table><\/figure><h3 class=\"wp-block-heading\">4. Kontaktova\u0165 n\u00e1s (napr. polo\u017ei\u0165 ot\u00e1zku)<\/h3><figure class=\"wp-block-table\"><table class=\"has-fixed-layout\"><tbody><tr><th>Na ak\u00fd \u00fa\u010del spracov\u00e1vame va\u0161e d\u00e1ta?<\/th><\/tr><tr><td>aby som odpovedal na va\u0161e ot\u00e1zky alebo po\u017eiadavky<\/td><\/tr><tr><th>Na z\u00e1klade \u010doho spracov\u00e1vame va\u0161e d\u00e1ta?<\/th><\/tr><tr><td>zmluva alebo kroky prijat\u00e9 na va\u0161u \u017eiados\u0165 pred uzavret\u00edm zmluvy (\u010dl\u00e1nok 6 ods. 1(b) GDPR) \u2013 ak sa v\u00e1\u0161 dopyt alebo po\u017eiadavka t\u00fdka zmluvy, ktorej sme alebo m\u00f4\u017eeme by\u0165 zmluvnou stranou<\/td><td>n\u00e1\u0161ho opr\u00e1vnen\u00e9ho z\u00e1ujmu na spracovan\u00ed va\u0161ich \u00fadajov za \u00fa\u010delom komunik\u00e1cie s vami (\u010dl\u00e1nok 6, odst. 1(f) GDPR) \u2013 ak v\u00e1\u0161 dopyt alebo \u017eiados\u0165 nes\u00favis\u00ed so zmluvou<\/td><\/tr><tr><th>Ako dlho budeme spracov\u00e1va\u0165 va\u0161e d\u00e1ta?<\/th><\/tr><tr><td>po\u010das trvania zmluvy, ktor\u00e1 n\u00e1s via\u017ee, alebo ak zmluva nie je uzavret\u00e1 \u2013 do uplynutia lehoty na n\u00e1rok \u2013 pozri posledn\u00fa tabu\u013eku tejto \u010dasti<\/td><td>A\u017e do uplynutia lehoty na podanie n\u00e1roku \u2013 pozrite si posledn\u00fa tabu\u013eku v tejto \u010dasti alebo k\u00fdm nezoh\u013eadn\u00edme va\u0161u n\u00e1mietku vo\u010di spracovaniu*<\/td><\/tr><tr><td>Okrem toho bud\u00fa va\u0161e \u00fadaje spracovan\u00e9 a\u017e do uplynutia obdobia, po\u010das ktor\u00e9ho m\u00f4\u017eu by\u0165 n\u00e1roky uplatnen\u00e9 \u2013 bu\u010f vami, alebo nami<br\/>(viac inform\u00e1ci\u00ed n\u00e1jdete v poslednej tabu\u013eke tejto \u010dasti)<\/td><\/tr><tr><th>\u010co sa stane, ak \u00fadaje neposkytnete?<\/th><\/tr><tr><td>Na va\u0161u \u017eiados\u0165 nebudeme schopn\u00ed odpoveda\u0165<\/td><\/tr><\/tbody><\/table><\/figure><p>*pod\u013ea toho, \u010do je relevantn\u00e9 v konkr\u00e9tnom pr\u00edpade<br\/><\/p><h3 class=\"wp-block-heading\">5. Nastavenia prehliada\u010da alebo in\u00e9 podobn\u00e9 opatrenia umo\u017e\u0148uj\u00face analytick\u00e9 aktivity<\/h3><figure class=\"wp-block-table\"><table class=\"has-fixed-layout\"><tbody><tr><th>Na ak\u00fd \u00fa\u010del spracov\u00e1vame va\u0161e d\u00e1ta?<\/th><\/tr><tr><td>analyzova\u0165, ako obchod pou\u017e\u00edvate a v \u0148om sa orientujete, aby ste zlep\u0161ili jeho funk\u010dnos\u0165<br\/>(viac si pre\u010d\u00edtajte v \u010dastiach &#8222;Analytika&#8220; a &#8222;Cookies&#8220; v na\u0161ich Z\u00e1sad\u00e1ch ochrany s\u00fakromia)<\/td><\/tr><tr><th>Na z\u00e1klade \u010doho spracov\u00e1vame va\u0161e d\u00e1ta?<\/th><\/tr><tr><td>n\u00e1\u0161 opr\u00e1vnen\u00fd z\u00e1ujem na spracovan\u00ed \u00fadajov na vy\u0161\u0161ie uveden\u00e9 \u00fa\u010dely<br\/>(\u010cl\u00e1nok 6, odst. 1(f) GDPR)<\/td><\/tr><tr><th>Ako dlho budeme spracov\u00e1va\u0165 va\u0161e d\u00e1ta?<\/th><\/tr><tr><td>k\u00fdm cookies pou\u017e\u00edvan\u00e9 na analytick\u00e9 \u00fa\u010dely nevypr\u0161ia alebo ich nevyma\u017eete*<\/td><\/tr><tr><th>\u010co sa stane, ak \u00fadaje neposkytnete?<\/th><\/tr><tr><td>nebudeme bra\u0165 do \u00favahy sp\u00f4sob, ak\u00fdm obchod pou\u017e\u00edvate a navigujete pri jeho v\u00fdvoji<\/td><\/tr><\/tbody><\/table><\/figure><p>*pod\u013ea toho, \u010do je relevantn\u00e9 v konkr\u00e9tnom pr\u00edpade<br\/><\/p><h3 class=\"wp-block-heading\">6. V\u00e1\u0161 s\u00fahlas s prij\u00edman\u00edm marketingov\u00e9ho obsahu od n\u00e1s (napr. inform\u00e1ci\u00ed o \u0161peci\u00e1lnych ponuk\u00e1ch)<\/h3><figure class=\"wp-block-table\"><table class=\"has-fixed-layout\"><tbody><tr><th>Na ak\u00fd \u00fa\u010del spracov\u00e1vame va\u0161e d\u00e1ta?<\/th><\/tr><tr><td>na zasielanie marketingov\u00fdch inform\u00e1ci\u00ed, najm\u00e4 \u0161peci\u00e1lnych pon\u00fak<\/td><td>analyzova\u0165 efekt\u00edvnos\u0165 odosielan\u00fdch spr\u00e1v, aby sme stanovili v\u0161eobecn\u00e9 princ\u00edpy efekt\u00edvneho vysielania spr\u00e1v v na\u0161ej obchodnej \u010dinnosti<br\/>(viac v \u010dasti &#8222;Analytick\u00e9 aktivity&#8220; v Z\u00e1sad\u00e1ch ochrany s\u00fakromia)<\/td><\/tr><tr><th>Na z\u00e1klade \u010doho spracov\u00e1vame va\u0161e d\u00e1ta?<\/th><\/tr><tr><td>v\u00e1\u0161 s\u00fahlas s na\u0161imi marketingov\u00fdmi aktivitami (\u010dl\u00e1nok 6, odst. 1(a) GDPR)<\/td><td>n\u00e1\u0161 opr\u00e1vnen\u00fd z\u00e1ujem na spracovan\u00ed \u00fadajov na vy\u0161\u0161ie uveden\u00e9 \u00fa\u010dely<br\/>(\u010cl\u00e1nok 6, odst. 1(f) GDPR)<\/td><\/tr><tr><th>Ako dlho budeme spracov\u00e1va\u0165 va\u0161e d\u00e1ta?<\/th><\/tr><tr><td>K\u00fdm neodvolate svoj s\u00fahlas \u2013 pam\u00e4tajte, \u017ee ho m\u00f4\u017eete kedyko\u013evek odvola\u0165. Odvolanie s\u00fahlasu neovplyv\u0148uje z\u00e1konnos\u0165 spracovania na z\u00e1klade s\u00fahlasu pred jeho odobrat\u00edm. <\/td><td>k\u00fdm nezoh\u013eadn\u00edme va\u0161u n\u00e1mietku vo\u010di spracovaniu<\/td><\/tr><tr><td>Okrem toho bud\u00fa va\u0161e \u00fadaje spracovan\u00e9 a\u017e do uplynutia obdobia, po\u010das ktor\u00e9ho m\u00f4\u017eu by\u0165 n\u00e1roky uplatnen\u00e9 \u2013 bu\u010f vami, alebo nami<br\/>(viac inform\u00e1ci\u00ed n\u00e1jdete v poslednej tabu\u013eke tejto \u010dasti)<\/td><\/tr><tr><th>\u010co sa stane, ak \u00fadaje neposkytnete?<\/th><\/tr><tr><td>Nedostanete na\u0161e marketingov\u00e9 materi\u00e1ly vr\u00e1tane inform\u00e1ci\u00ed o na\u0161ich \u0161peci\u00e1lnych ponuk\u00e1ch<\/td><\/tr><\/tbody><\/table><\/figure><h3 class=\"wp-block-heading\">7. Prihl\u00e1senie na odber newslettera<\/h3><figure class=\"wp-block-table\"><table class=\"has-fixed-layout\"><tbody><tr><th>Na ak\u00fd \u00fa\u010del spracov\u00e1vame va\u0161e d\u00e1ta?<\/th><\/tr><tr><td>aby sme v\u00e1m posielali n\u00e1\u0161 newsletter<\/td><td>analyzova\u0165 efekt\u00edvnos\u0165 odosielan\u00fdch spr\u00e1v, aby sme stanovili v\u0161eobecn\u00e9 princ\u00edpy efekt\u00edvneho vysielania spr\u00e1v v na\u0161ej obchodnej \u010dinnosti<br\/>(viac v \u010dasti &#8222;Analytick\u00e9 aktivity&#8220; v Z\u00e1sad\u00e1ch ochrany s\u00fakromia)<\/td><\/tr><tr><th>Na z\u00e1klade \u010doho spracov\u00e1vame va\u0161e d\u00e1ta?<\/th><\/tr><tr><td>zmluva o slu\u017eb\u00e1ch zasielania newslettera (\u010dl\u00e1nok 6, odst. 1(b) GDPR)<\/td><td>n\u00e1\u0161 opr\u00e1vnen\u00fd z\u00e1ujem na spracovan\u00ed \u00fadajov na vy\u0161\u0161ie uveden\u00e9 \u00fa\u010dely<br\/>(\u010cl\u00e1nok 6, odst. 1(f) GDPR)<\/td><\/tr><tr><th>Ako dlho budeme spracov\u00e1va\u0165 va\u0161e d\u00e1ta?<\/th><\/tr><tr><td>K\u00fdm sa neodhl\u00e1site z n\u00e1\u0161ho newslettera<\/td><td>k\u00fdm nezoh\u013eadn\u00edme va\u0161u n\u00e1mietku vo\u010di spracovaniu<\/td><\/tr><tr><td>Okrem toho bud\u00fa va\u0161e \u00fadaje spracovan\u00e9 a\u017e do uplynutia obdobia, po\u010das ktor\u00e9ho m\u00f4\u017eu by\u0165 n\u00e1roky uplatnen\u00e9 \u2013 bu\u010f vami, alebo nami<br\/>(viac inform\u00e1ci\u00ed n\u00e1jdete v poslednej tabu\u013eke tejto \u010dasti)<\/td><\/tr><tr><th>\u010co sa stane, ak \u00fadaje neposkytnete?<\/th><\/tr><tr><td>nebudete m\u00f4c\u0165 z\u00edska\u0165 inform\u00e1cie o obchode a na\u0161ich slu\u017eb\u00e1ch<\/td><\/tr><\/tbody><\/table><\/figure><h3 class=\"wp-block-heading\">8. Ak\u00fdko\u013evek \u010din alebo opomenutie, ktor\u00e9 m\u00f4\u017ee vies\u0165 k n\u00e1roku t\u00fdkaj\u00facemu sa obchodu alebo na\u0161ich slu\u017eieb<\/h3><figure class=\"wp-block-table\"><table class=\"has-fixed-layout\"><tbody><tr><th>Na ak\u00fd \u00fa\u010del spracov\u00e1vame va\u0161e d\u00e1ta?<\/th><\/tr><tr><td>preuk\u00e1za\u0165, uplatni\u0165 alebo br\u00e1ni\u0165 mo\u017en\u00e9 n\u00e1roky t\u00fdkaj\u00face sa uzavretej zmluvy alebo poskytovan\u00fdch slu\u017eieb<\/td><\/tr><tr><th>Na z\u00e1klade \u010doho spracov\u00e1vame va\u0161e d\u00e1ta?<\/th><\/tr><tr><td>na\u0161\u00edm opr\u00e1vnen\u00fdm z\u00e1ujmom spracov\u00e1va\u0165 va\u0161e osobn\u00e9 \u00fadaje na \u00fa\u010dely uveden\u00e9 vy\u0161\u0161ie (\u010dl\u00e1nok 6, odst. 1(f) GDPR)<\/td><\/tr><tr><th>Ako dlho budeme spracov\u00e1va\u0165 va\u0161e d\u00e1ta?<\/th><\/tr><tr><td>a\u017e do uplynutia lehoty na uplatnenie n\u00e1roku alebo k\u00fdm nezoh\u013eadn\u00edme va\u0161u n\u00e1mietku vo\u010di spracovaniu \u00fadajov*<\/td><\/tr><tr><th>\u010co sa stane, ak \u00fadaje neposkytnete?<\/th><\/tr><tr><td>Neschopnos\u0165 preuk\u00e1za\u0165, uplatni\u0165 alebo obh\u00e1ji\u0165 n\u00e1roky<\/td><\/tr><\/tbody><\/table><\/figure><p>*pod\u013ea toho, \u010do je relevantn\u00e9 v konkr\u00e9tnom pr\u00edpade<br\/><\/p><h2 class=\"wp-block-heading\">ZVEREJNENIE \u00daDAJOV<\/h2><p>Ak sa rozhodnete zanecha\u0165 koment\u00e1r, bude vidite\u013en\u00fd, rovnako ako va\u0161a prez\u00fdvka, pre ostatn\u00fdch pou\u017e\u00edvate\u013eov Shopu.<\/p><p>Va\u0161u e-mailov\u00fa adresu neprezr\u00e1dzame in\u00fdm pou\u017e\u00edvate\u013eom \u2013 pokia\u013e tak neurob\u00edte sami.<\/p><h2 class=\"wp-block-heading\">ANALYTICK\u00c9 AKTIVITY<\/h2><p>Ako s\u00fa\u010das\u0165 webovej str\u00e1nky obchodu vykon\u00e1vame analytick\u00e9 aktivity, aby bola intuit\u00edvnej\u0161ia a pr\u00edstupnej\u0161ia \u2013 urob\u00edme to, ak tak\u00e9to aktivity umo\u017en\u00edte. V r\u00e1mci anal\u00fdzy zoh\u013eadn\u00edme sp\u00f4sob, ak\u00fdm sa pohybujete v Obchode, napr\u00edklad, ko\u013eko \u010dasu str\u00e1vite na konkr\u00e9tnej podstr\u00e1nke alebo kde v Obchode klik\u00e1te. To n\u00e1m umo\u017e\u0148uje optimalizova\u0165 rozlo\u017eenie, vzh\u013ead a obsah obchodu po\u010das jeho v\u00fdvoja, aby sme zlep\u0161ili jeho funk\u010dnos\u0165.  <\/p><p>Okrem toho, ak si \u017eel\u00e1te dost\u00e1va\u0165 marketingov\u00e9 spr\u00e1vy alebo newsletter od n\u00e1s, m\u00f4\u017eeme analyzova\u0165 efekt\u00edvnos\u0165 doru\u010denia, ktor\u00e9 sme vykonali. Napr\u00edklad m\u00f4\u017eeme skontrolova\u0165, \u010di a ako to ovplyvnilo aktivitu v na\u0161om obchode. Tak\u00e9to aktivity n\u00e1m pom\u00f4\u017eu nastavi\u0165 v\u0161eobecn\u00e9 pravidl\u00e1 pre odosielanie tak\u00fdchto spr\u00e1v \u2013 napr\u00edklad pokia\u013e ide o optim\u00e1lne hodiny odosielania alebo o tom, ako formulova\u0165 efekt\u00edvny obsah.  <\/p><h2 class=\"wp-block-heading\">BEZPE\u010cNOS\u0164 D\u00c1T<\/h2><p>Pri spracovan\u00ed va\u0161ich osobn\u00fdch \u00fadajov pou\u017e\u00edvame organiza\u010dn\u00e9 a technick\u00e9 prostriedky v s\u00falade s platn\u00fdmi z\u00e1konmi, vr\u00e1tane \u0161ifrovania spojenia pomocou protokolu SSL\/TLS.<\/p><h2 class=\"wp-block-heading\">COOKIES<\/h2><p>N\u00e1\u0161 obchod, rovnako ako v\u00e4\u010d\u0161ina webov\u00fdch str\u00e1nok, pou\u017e\u00edva takzvan\u00e9 cookies. Tieto su\u0161ienky: <\/p><ul class=\"wp-block-list\"><li>s\u00fa ulo\u017een\u00e9 v pam\u00e4ti v\u00e1\u0161ho zariadenia (po\u010d\u00edta\u010d, telef\u00f3n a pod.);<\/li>\n\n<li>Neme\u0148te nastavenia svojho zariadenia.<\/li><\/ul><p>V na\u0161om obchode sa cookies pou\u017e\u00edvaj\u00fa na:<\/p><ul class=\"wp-block-list\"><li>\u0160tatistick\u00e9 \u00fa\u010dely,<\/li>\n\n<li>marketingov\u00e9 \u00fa\u010dely,<\/li><\/ul><p>Ak sa chcete nau\u010di\u0165, ako spravova\u0165 cookies, vr\u00e1tane ich vypnutia vo va\u0161om prehliada\u010di, m\u00f4\u017eete pou\u017ei\u0165 s\u00fabor pomoci vo va\u0161om prehliada\u010di. Viac sa o tom dozviete stla\u010den\u00edm F1 vo va\u0161om prehliada\u010di. Okrem toho s\u00fa vhodn\u00e9 tipy dostupn\u00e9 na nasleduj\u00facich str\u00e1nkach, v z\u00e1vislosti od prehliada\u010da, ktor\u00fd pou\u017e\u00edvate:  <\/p><ul class=\"wp-block-list\"><li><a href=\"https:\/\/support.google.com\/chrome\/answer\/95647?hl=en\" target=\"_blank\" rel=\"noreferrer noopener\">Google Chrome<\/a><\/li>\n\n<li><a href=\"https:\/\/help.opera.com\/en\/latest\/web-preferences\/#cookies\" target=\"_blank\" rel=\"noreferrer noopener\">Opera<\/a><\/li>\n\n<li><a href=\"https:\/\/support.apple.com\/en-gb\/guide\/safari\/sfri11471\/mac\" target=\"_blank\" rel=\"noreferrer noopener\">Safari<\/a><\/li>\n\n<li><a href=\"https:\/\/support.mozilla.org\/en-US\/kb\/cookies-information-websites-store-on-your-computer\" target=\"_blank\" rel=\"noreferrer noopener\">Mozilla Firefox<\/a><\/li>\n\n<li><a href=\"https:\/\/support.microsoft.com\/en-gb\/help\/4468242\/microsoft-edge-browsing-data-and-privacy\" target=\"_blank\" rel=\"noreferrer noopener\">Microsoft Edge<\/a><\/li><\/ul><p>Ni\u017e\u0161ie n\u00e1jdete inform\u00e1cie o funkci\u00e1ch cookies, ktor\u00e9 spracov\u00e1vame, a o ich platnosti.<\/p><figure class=\"wp-block-table\"><table class=\"has-fixed-layout\"><tbody><tr><th>N\u00e1zov su\u0161ienky<\/th><th>Obdobie platnosti cookie<\/th><th>Funkcia cookie<\/th><\/tr><tr><td>&#8222;_ga&#8220;<\/td><td>Trvanie rel\u00e1cie<\/td><td>sledovanie aktivity pou\u017e\u00edvate\u013eov na \u0161tatistick\u00e9 \u00fa\u010dely<\/td><\/tr><\/tbody><\/table><\/figure><p>Pou\u017eit\u00edm vhodn\u00fdch mo\u017enost\u00ed vo va\u0161om prehliada\u010di m\u00f4\u017eete kedyko\u013evek:<\/p><ul class=\"wp-block-list\"><li>Vyma\u017ete cookies,<\/li>\n\n<li>V bud\u00facnosti zablokujte pou\u017e\u00edvanie cookies.<\/li><\/ul><p>V tak\u00fdchto pr\u00edpadoch ich u\u017e nebudeme spracov\u00e1va\u0165.<\/p><h2 class=\"wp-block-heading\">EXTERN\u00c9 SLU\u017dBY \/ PR\u00cdJEMCOVIA D\u00c1T<\/h2><p>Pou\u017e\u00edvame extern\u00e9 slu\u017eby, ktor\u00e9 n\u00e1m pom\u00e1haj\u00fa v na\u0161om podnikan\u00ed. Zverujeme im spracovanie va\u0161ich \u00fadajov \u2013 t\u00edto spracovatelia spracov\u00e1vaj\u00fa \u00fadaje len na na\u0161u zdokumentovan\u00fa \u017eiados\u0165. <\/p><p>Ni\u017e\u0161ie n\u00e1jdete zoznam pr\u00edjemcov va\u0161ich \u00fadajov:<\/p><figure class=\"wp-block-table\"><table class=\"has-fixed-layout\"><tbody><tr><th>AKCIA<\/th><th>PR\u00cdJEMCOVIA D\u00c1T<\/th><th>PRENOSY OSOBN\u00ddCH \u00daDAJOV DO KRAJ\u00cdN MIMO EUR\u00d3PSKEJ \u00daNIE<\/th><\/tr><tr><th rowspan=\"4\">ak\u00e1ko\u013evek \u010dinnos\u0165 spojen\u00e1 s obchodom<\/th><td>Poskytovate\u013e hostingu<\/td><td>sa nekon\u00e1<\/td><\/tr><tr><td>entita poskytuj\u00faca n\u00e1m technick\u00fa a IT podporu<\/td><td>sa nekon\u00e1<\/td><\/tr><tr><td>Osoby, ktor\u00e9 s nami spolupracuj\u00fa na z\u00e1klade ob\u010dianskopr\u00e1vnych zml\u00fav, podporuj\u00face na\u0161e s\u00fa\u010dasn\u00e9 aktivity<\/td><td>sa nekon\u00e1<\/td><\/tr><tr><td>Poskytovate\u013e predajn\u00e9ho softv\u00e9ru<\/td><td>sa nekon\u00e1<\/td><\/tr><tr><th>nav\u0161t\u00edvi\u0165 obchod s nastaveniami, ktor\u00e9 umo\u017e\u0148uj\u00fa realiz\u00e1ciu marketingov\u00fdch aktiv\u00edt<\/th><td>Poskytovate\u013e marketingov\u00fdch slu\u017eieb<\/td><td>sa nekon\u00e1<\/td><\/tr><tr><th>nav\u0161t\u00edvi\u0165 obchod s nastaven\u00edm, ktor\u00e9 umo\u017e\u0148uj\u00fa vykon\u00e1va\u0165 analytick\u00e9 aktivity<\/th><td>entita umo\u017e\u0148uj\u00faca analytick\u00e9 aktivity v obchode<\/td><td>sa nekon\u00e1<\/td><\/tr><tr><th rowspan=\"7\">Zad\u00e1te objedn\u00e1vku v obchode<\/th><td>Platobn\u00fd procesor<\/td><td>sa nekon\u00e1<\/td><\/tr><tr><td>Subjekt, ktor\u00fd v\u00e1m dod\u00e1va produkt<\/td><td>sa nekon\u00e1<\/td><\/tr><tr><td>poskytovate\u013e softv\u00e9ru na u\u013eah\u010denie podnikania (napr. \u00fa\u010dtovn\u00fd softv\u00e9r)<\/td><td>sa nekon\u00e1<\/td><\/tr><tr><td>poskytovate\u013e \u0161tandardn\u00e9ho kancel\u00e1rskeho softv\u00e9ru (vr\u00e1tane e-mailov\u00fdch schr\u00e1nok)<\/td><td>sa nekon\u00e1<\/td><\/tr><tr><td>Ve\u013ekoobchodn\u00edk<\/td><td>sa nekon\u00e1<\/td><\/tr><tr><td>\u00da\u010dtovn\u00e1 kancel\u00e1ria<\/td><td>sa nekon\u00e1<\/td><\/tr><tr><td>Poskytovate\u013e spl\u00e1tkov\u00fdch slu\u017eieb<\/td><td>sa nekon\u00e1<\/td><\/tr><tr><th>prihl\u00e1senie sa na odber newslettera alebo s\u00fahlas s marketingom<\/th><td>Subjekt poskytuj\u00faci newsletter alebo marketingov\u00e9 spr\u00e1vy<\/td><td>sa nekon\u00e1<\/td><\/tr><tr><th>pou\u017e\u00edvanie online chatu dostupn\u00e9ho v obchode<\/th><td>poskytovate\u013e online chatu dostupn\u00e9ho v obchode<\/td><td>sa nekon\u00e1<\/td><\/tr><tr><th>va\u0161e vyu\u017e\u00edvanie slu\u017eieb poskytovan\u00fdch n\u00e1m v s\u00favislosti so Shopom prostredn\u00edctvom soci\u00e1lnych m\u00e9di\u00ed<\/th><td>Soci\u00e1lne siete<\/td><td>sa nekon\u00e1<\/td><\/tr><tr><th>\u00fa\u010das\u0165 na prieskume spokojnosti s na\u0161imi slu\u017ebami alebo produktmi<\/th><td>subjekty umo\u017e\u0148uj\u00face zverej\u0148ovanie n\u00e1zorov o obchode alebo produktoch a ich porovn\u00e1vanie<\/td><td>sa nekon\u00e1<\/td><\/tr><tr><th>Kontaktovanie n\u00e1s (napr. s ot\u00e1zkou)<\/th><td>poskytovate\u013e \u0161tandardn\u00e9ho kancel\u00e1rskeho softv\u00e9ru (vr\u00e1tane e-mailov\u00fdch schr\u00e1nok)<\/td><td>sa nekon\u00e1<\/td><\/tr><\/tbody><\/table><\/figure><p>Okrem toho:<\/p><p>relevantn\u00e9 verejn\u00e9 org\u00e1ny v rozsahu, v akom sme povinn\u00ed im poskytn\u00fa\u0165 \u00fadaje.<\/p>","protected":false},"excerpt":{"rendered":"<p>V\u00e1\u017een\u00fd pou\u017e\u00edvate\u013e! Z\u00e1le\u017e\u00ed n\u00e1m na va\u0161om s\u00fakrom\u00ed a chceme, aby ste sa pri vyu\u017e\u00edvan\u00ed na\u0161ich slu\u017eieb c\u00edtili pohodlne. Preto ni\u017e\u0161ie uv\u00e1dzame najd\u00f4le\u017eitej\u0161ie inform\u00e1cie o politike spracovania va\u0161ich osobn\u00fdch \u00fadajov a o cookies, ktor\u00e9 pou\u017e\u00edva n\u00e1\u0161 obchod. Tieto inform\u00e1cie boli pripraven\u00e9 v s\u00favislosti s GDPR, teda v\u0161eobecn\u00fdm nariaden\u00edm o ochrane \u00fadajov. KONTROL\u00d3R OSOBN\u00ddCH \u00daDAJOV ECO24 SP\u00d3\u0141KA [&hellip;]<\/p>\n","protected":false},"author":2,"featured_media":0,"parent":0,"menu_order":0,"comment_status":"closed","ping_status":"closed","template":"","meta":{"footnotes":""},"class_list":["post-30544","page","type-page","status-publish","hentry","no-thumb"],"_links":{"self":[{"href":"https:\/\/paradox24.com\/sk\/wp-json\/wp\/v2\/pages\/30544","targetHints":{"allow":["GET"]}}],"collection":[{"href":"https:\/\/paradox24.com\/sk\/wp-json\/wp\/v2\/pages"}],"about":[{"href":"https:\/\/paradox24.com\/sk\/wp-json\/wp\/v2\/types\/page"}],"author":[{"embeddable":true,"href":"https:\/\/paradox24.com\/sk\/wp-json\/wp\/v2\/users\/2"}],"replies":[{"embeddable":true,"href":"https:\/\/paradox24.com\/sk\/wp-json\/wp\/v2\/comments?post=30544"}],"version-history":[{"count":1,"href":"https:\/\/paradox24.com\/sk\/wp-json\/wp\/v2\/pages\/30544\/revisions"}],"predecessor-version":[{"id":30545,"href":"https:\/\/paradox24.com\/sk\/wp-json\/wp\/v2\/pages\/30544\/revisions\/30545"}],"wp:attachment":[{"href":"https:\/\/paradox24.com\/sk\/wp-json\/wp\/v2\/media?parent=30544"}],"curies":[{"name":"wp","href":"https:\/\/api.w.org\/{rel}","templated":true}]}}