{"id":8551,"date":"2024-10-21T12:30:37","date_gmt":"2024-10-21T11:30:37","guid":{"rendered":"https:\/\/paradox24.com\/product\/paradox-vanguard-red-runiq-black-w-red-stich\/"},"modified":"2026-04-30T11:38:52","modified_gmt":"2026-04-30T10:38:52","slug":"paradox-vanguard-red-runiq-black-w-red-stich","status":"publish","type":"product","link":"https:\/\/paradox24.com\/ro\/produs\/paradox-vanguard-red-runiq-black-w-red-stich\/","title":{"rendered":"Scaun Gaming Paradox Vanguard Red Runiq"},"content":{"rendered":"<div class=\"wpb-content-wrapper\"><p>[vc_row full_width=&#8221;stretch_row&#8221; equal_height=&#8221;yes&#8221; content_placement=&#8221;middle&#8221; css=&#8221;.vc_custom_1736350206512{margin-right: 10% !important;margin-left: 10% !important;}&#8221;][vc_column][vc_column_text css=&#8221;&#8221;]<\/p>\n<h3 style=\"text-align: center\">Paradox Vanguard &#8211; Alegerea Performan\u021bei<\/h3>\n<p>[\/vc_column_text][vc_empty_space height=&#8221;16px&#8221;][vc_row_inner equal_height=&#8221;yes&#8221; content_placement=&#8221;middle&#8221;][vc_column_inner width=&#8221;1\/2&#8243;][vc_single_image image=&#8221;7536&#8243; img_size=&#8221;500&#215;500&#8243; alignment=&#8221;center&#8221; onclick=&#8221;link_image&#8221; css=&#8221;&#8221;][\/vc_column_inner][vc_column_inner width=&#8221;1\/2&#8243;][vc_column_text css=&#8221;&#8221;]<\/p>\n<h4 style=\"text-align: center\">\n            <strong>Calitate \u00een fiecare detaliu<\/strong><br \/>\n          <\/h4>\n<p style=\"text-align: center\">Eco-pielea TechRX II de \u00eenalt\u0103 calitate este durabil\u0103, pl\u0103cut\u0103 la atingere \u0219i prietenoas\u0103 cu mediul.<br \/>\nAccentele de catifea ofer\u0103 acea senza\u021bie de performan\u021b\u0103. La fel \u0219i cus\u0103turile distinctive \u00een contrast, care amintesc de ma\u0219inile de curse \u0219i accesoriile fashion de lux. <\/p>\n<p>[\/vc_column_text][\/vc_column_inner][\/vc_row_inner][vc_row_inner equal_height=&#8221;yes&#8221; content_placement=&#8221;middle&#8221; el_class=&#8221;swap-on-mobile&#8221;][vc_column_inner width=&#8221;1\/2&#8243;][vc_column_text css=&#8221;&#8221;]<\/p>\n<h4 style=\"text-align: center\">\n            <strong>Suport lombar<\/strong><br \/>\n          <\/h4>\n<p style=\"text-align: center\">Seria Vanguard include o pern\u0103 lombar\u0103 care \u00ee\u021bi aliniaz\u0103 coloana \u0219i reduce tensiunea din zona inferioar\u0103 a spatelui. Realizat\u0103 din spum\u0103 cu memorie \u0219i \u00eembr\u0103cat\u0103 \u00een catifea \u00een culoarea scaunului, \u00eembin\u0103 perfect suportul ergonomic cu rafinamentul estetic. <\/p>\n<p>[\/vc_column_text][\/vc_column_inner][vc_column_inner width=&#8221;1\/2&#8243;][vc_single_image image=&#8221;7512&#8243; img_size=&#8221;500&#215;500&#8243; alignment=&#8221;center&#8221; onclick=&#8221;link_image&#8221; css=&#8221;&#8221;][\/vc_column_inner][\/vc_row_inner][vc_row_inner equal_height=&#8221;yes&#8221; content_placement=&#8221;middle&#8221;][vc_column_inner width=&#8221;1\/2&#8243;][vc_single_image image=&#8221;7548&#8243; img_size=&#8221;500&#215;500&#8243; alignment=&#8221;center&#8221; onclick=&#8221;link_image&#8221; css=&#8221;&#8221;][\/vc_column_inner][vc_column_inner width=&#8221;1\/2&#8243;][vc_column_text css=&#8221;&#8221;]<\/p>\n<h4 style=\"text-align: center\">\n            <strong>\u00cen\u0103l\u021bime reglabil\u0103<\/strong><br \/>\n          <\/h4>\n<p style=\"text-align: center\">\n            <span style=\"font-weight: 400\">Perfect adaptat pentru persoane cu \u00een\u0103l\u021bimi \u00eentre 165 \u0219i 185 cm. Mecanismul pneumatic avansat TitanCore face reglarea \u00een\u0103l\u021bimii foarte simpl\u0103: trage doar maneta \u0219i ridic\u0103-te u\u0219or pentru a cre\u0219te \u00een\u0103l\u021bimea, sau las\u0103-te \u00een jos pentru a o reduce.<br \/>Pozi\u021bia ergonomic\u0103 ideal\u0103 este la \u00eendem\u00e2n\u0103 &#8211; genunchii \u0219i coatele ar trebui s\u0103 formeze un unghi de 90 de grade c\u00e2nd bra\u021bele sunt pe birou. Concentreaz\u0103-te \u00een special pe pozi\u021bia coatelor pentru confort \u0219i productivitate optim\u0103.<br \/>\n<\/span>\n          <\/p>\n<p>[\/vc_column_text][\/vc_column_inner][\/vc_row_inner][vc_row_inner equal_height=&#8221;yes&#8221; content_placement=&#8221;middle&#8221; el_class=&#8221;swap-on-mobile&#8221;][vc_column_inner width=&#8221;1\/2&#8243;][vc_column_text css=&#8221;&#8221;]<\/p>\n<h4 style=\"text-align: center\">\n            <strong>Sp\u0103tar reglabil &#8211; de la munc\u0103 la relaxare<\/strong><br \/>\n          <\/h4>\n<p style=\"text-align: center\">\n            <span style=\"font-weight: 400\">Regleaz\u0103 \u0219i blocheaz\u0103 sp\u0103tarul \u00een patru pozi\u021bii &#8211; de la focusare dreapt\u0103 la relaxare complet\u0103. Schimb\u0103-\u021bi pozi\u021bia liber pe parcursul zilei pentru a-\u021bi men\u021bine mu\u0219chii relaxa\u021bi, \u00een timp ce suporturile laterale te \u021bin ferm \u00een pozi\u021bie. Ajusteaz\u0103 rezisten\u021ba \u00eenclin\u0103rii \u00een func\u021bie de greutatea \u0219i preferin\u021bele tale cu o simpl\u0103 rotire a butonului.  <\/span>\n          <\/p>\n<p>[\/vc_column_text][\/vc_column_inner][vc_column_inner width=&#8221;1\/2&#8243;][vc_single_image image=&#8221;7540&#8243; img_size=&#8221;500&#215;500&#8243; alignment=&#8221;center&#8221; onclick=&#8221;link_image&#8221; css=&#8221;&#8221;][\/vc_column_inner][\/vc_row_inner][vc_row_inner equal_height=&#8221;yes&#8221; rtl_reverse=&#8221;yes&#8221; content_placement=&#8221;middle&#8221;][vc_column_inner width=&#8221;1\/2&#8243;][vc_single_image image=&#8221;7520&#8243; img_size=&#8221;500&#215;500&#8243; alignment=&#8221;center&#8221; onclick=&#8221;link_image&#8221; css=&#8221;&#8221;][\/vc_column_inner][vc_column_inner width=&#8221;1\/2&#8243;][vc_column_text css=&#8221;&#8221;]<\/p>\n<h4 style=\"text-align: center\">\n            <strong>Pern\u0103 confortabil\u0103<\/strong><br \/>\n          <\/h4>\n<p style=\"text-align: center\">Tetierea inteligent\u0103 \u00eendepline\u0219te dou\u0103 roluri &#8211; ofer\u0103 suport perfect \u0219i adaug\u0103 stil scaunului t\u0103u. Datorit\u0103 magne\u021bilor puternici \u00eencorpora\u021bi, o po\u021bi ata\u0219a sau deta\u0219a u\u0219or oric\u00e2nd dore\u0219ti. <\/p>\n<p>[\/vc_column_text][\/vc_column_inner][\/vc_row_inner][vc_row_inner equal_height=&#8221;yes&#8221; content_placement=&#8221;middle&#8221; el_class=&#8221;swap-on-mobile&#8221;][vc_column_inner width=&#8221;1\/2&#8243;][vc_column_text css=&#8221;&#8221;]<\/p>\n<h4 style=\"text-align: center\">\n            <strong>Cotiere FlexMotion 2D<\/strong><br \/>\n          <\/h4>\n<p style=\"text-align: center\">Regleaz\u0103 \u00een\u0103l\u021bimea pentru pozi\u021bia perfect\u0103 \u0219i g\u0103se\u0219te cel mai bun unghi pentru bra\u021bele \u0219i \u00eencheieturile tale.<\/p>\n<p>[\/vc_column_text][\/vc_column_inner][vc_column_inner el_class=&#8221;twoje-kolumny-selector&#8221; width=&#8221;1\/2&#8243; el_id=&#8221;twoje-kolumny-selector&#8221;][vc_single_image image=&#8221;7532&#8243; img_size=&#8221;500&#215;500&#8243; onclick=&#8221;link_image&#8221; css=&#8221;&#8221;][\/vc_column_inner][\/vc_row_inner][vc_row_inner equal_height=&#8221;yes&#8221; content_placement=&#8221;middle&#8221;][vc_column_inner width=&#8221;1\/2&#8243;][vc_single_image image=&#8221;7556&#8243; img_size=&#8221;500&#215;500&#8243; alignment=&#8221;center&#8221; onclick=&#8221;link_image&#8221; css=&#8221;&#8221;][\/vc_column_inner][vc_column_inner width=&#8221;1\/2&#8243;][vc_column_text css=&#8221;&#8221;]<\/p>\n<h4 style=\"text-align: center\">\n            <strong>Baz\u0103 TitanCore<\/strong><br \/>\n          <\/h4>\n<p style=\"text-align: center\">Construit s\u0103 suporte p\u00e2n\u0103 la 120 de kilograme, acest scaun garanteaz\u0103 fiabilitate \u0219i siguran\u021b\u0103 de durat\u0103 &#8211; o alegere excelent\u0103 at\u00e2t pentru uz profesional, c\u00e2t \u0219i personal.<\/p>\n<p>[\/vc_column_text][\/vc_column_inner][\/vc_row_inner][vc_row_inner equal_height=&#8221;yes&#8221; content_placement=&#8221;middle&#8221;][vc_column_inner width=&#8221;1\/2&#8243;][vc_column_text css=&#8221;&#8221;]<\/p>\n<h4 style=\"text-align: center\">\n            <strong>Rotile QuickSpin 360\u00b0<\/strong><br \/>\n          <\/h4>\n<p style=\"text-align: center\">Func\u021bia de rotire la 360 de grade \u00ee\u021bi permite s\u0103 te mi\u0219ti f\u0103r\u0103 efort \u00een orice direc\u021bie, oferind flexibilitate maxim\u0103 \u0219i acces u\u0219or la \u00eentregul spa\u021biu din jurul biroului &#8211; totul \u00een deplin\u0103 lini\u0219te.<\/p>\n<p>[\/vc_column_text][\/vc_column_inner][vc_column_inner width=&#8221;1\/2&#8243;][vc_single_image image=&#8221;7516&#8243; img_size=&#8221;500&#215;500&#8243; alignment=&#8221;center&#8221; css=&#8221;&#8221;][\/vc_column_inner][\/vc_row_inner][vc_row_inner equal_height=&#8221;yes&#8221; content_placement=&#8221;middle&#8221; el_class=&#8221;swap-on-mobile&#8221;][vc_column_inner width=&#8221;1\/2&#8243;][vc_single_image image=&#8221;7560&#8243; img_size=&#8221;500&#215;500&#8243; alignment=&#8221;center&#8221; onclick=&#8221;link_image&#8221; css=&#8221;&#8221;][\/vc_column_inner][vc_column_inner width=&#8221;1\/2&#8243;][vc_column_text css=&#8221;&#8221;]<\/p>\n<h4 style=\"text-align: center\">\n            <strong>Asamblare simpl\u0103<\/strong><br \/>\n          <\/h4>\n<p style=\"text-align: center\">Instruc\u021biunile clare cu imagini te ghideaz\u0103 prin asamblare \u00een mai pu\u021bin de 20 de minute. Singur sau cu un prieten &#8211; ne-am asigurat c\u0103 procesul este foarte simplu. <\/p>\n<p>[\/vc_column_text][\/vc_column_inner][\/vc_row_inner][vc_column_text css=&#8221;&#8221;][\/vc_column_text][vc_empty_space height=&#8221;16px&#8221;][vc_column_text css=&#8221;&#8221;]<\/p>\n<h4 style=\"text-align: center\">\n            <strong>Experimenteaz\u0103 un nou nivel de confort!<\/strong><br \/>\n          <\/h4>\n<p style=\"text-align: center\">\n            <span style=\"font-weight: 400\">Toate produsele noastre sunt expediate din depozitul din Polonia. Utiliz\u0103m companii de livrare specializate (DHL, DPD, Geis). Timpul de livrare depinde de loca\u021bia dvs., dar de obicei dureaz\u0103 2-3 zile lucr\u0103toare (amesteca\u021bi maximul de p\u00e2n\u0103 la 5 zile). Pachetul dvs. poate fi \u00eemp\u0103r\u021bit \u0219i trimis \u00een mai multe cutii \/ livr\u0103ri (\u00een special dac\u0103 comanda\u021bi mai mult de 1 articol). Toate coletele sunt asigurate. La primirea coletului, v\u0103 rug\u0103m s\u0103 verifica\u021bi starea coletului \u0219i s\u0103 scrie\u021bi protocolul cu curierul.     <\/span>\n          <\/p>\n<h4 style=\"text-align: center\">\n            <strong>Garan\u021bie<\/strong><br \/>\n          <\/h4>\n<p style=\"text-align: center\">\n            <span style=\"font-weight: 400\">Oferim 2 ani garan\u021bie pentru clien\u021bii persoane fizice \u0219i 1 an garan\u021bie pentru clien\u021bii business.<\/span>\n          <\/p>\n<h4 style=\"text-align: center\">\n            <strong>Asigurarea calit\u0103\u021bii <\/strong><br \/>\n          <\/h4>\n<p style=\"text-align: center\">\n            <span style=\"font-weight: 400\">Scaunele noastre respect\u0103 normele riguroase ale Uniunii Europene (EN) \u0219i standardele americane BIFMA. Fiecare model trece prin 200.000 de cicluri de testare, incluz\u00e2nd:<br \/>&#8211; Teste de \u00eenc\u0103rcare dinamic\u0103 \u0219i static\u0103<br \/>&#8211; Teste de durabilitate pentru \u0219ezut \u0219i sp\u0103tar<br \/>&#8211; Teste pentru cotiere<br \/>&#8211; Teste ale mecanismelor de rotire \u0219i \u00eenclinare<br \/>&#8211; Teste pentru rotile<br \/>&#8211; Teste de stabilitate<\/p>\n<p>Este ca \u0219i cum cineva s-ar a\u0219eza pe scaun de 200.000 de ori! Astfel, po\u021bi fi sigur c\u0103 Commander-ul t\u0103u va rezista ani de zile de utilizare intens\u0103. <\/span>\n          <\/p>\n<p>[\/vc_column_text][\/vc_column][\/vc_row]<\/p>\n<p>[product_images images=&#8221;19104&#8243;]<\/p>\n<\/div>","protected":false},"excerpt":{"rendered":"<ul>\n<li style=\"font-weight: 400;\" aria-level=\"1\"><b>Pentru gamerii care doresc calitate premium f\u0103r\u0103 compromisuri:<\/b><span style=\"font-weight: 400;\"> Ideal pentru cei care caut\u0103 confort fiabil \u0219i stilat la un pre\u021b accesibil.<br \/><\/span><\/li>\n<li style=\"font-weight: 400;\" aria-level=\"1\"><b>Echilibru perfect \u00eentre stil \u0219i func\u021bionalitate: <\/b><span style=\"font-weight: 400;\">Ofer\u0103 un design \u00eendr\u0103zne\u021b care \u00ee\u021bi exprim\u0103 personalitatea f\u0103r\u0103 a sacrifica calitatea.<\/span><\/li>\n<li style=\"font-weight: 400;\" aria-level=\"1\"><b>Materiale de \u00eenalt\u0103 calitate la un pre\u021b inteligent: <\/b><span style=\"font-weight: 400;\">Construit cu materiale durabile pentru confort \u0219i suport.<br \/><\/span><\/li>\n<\/ul>\n<p><b>Op\u021biuni estetice versatile: <\/b> <span style=\"font-weight: 400;\">De la design minimalist la modele mai elaborate &#8211; pentru toate gusturile.<\/span><\/p>\n","protected":false},"featured_media":6061,"template":"","meta":[],"product_cat":[122,120],"product_tag":[],"class_list":{"0":"post-8551","1":"product","2":"type-product","3":"status-publish","4":"has-post-thumbnail","6":"product_cat-colectia-vanguard","7":"product_cat-scaune-de-gaming","8":"","10":"first","11":"instock","12":"taxable","13":"shipping-taxable","14":"purchasable","15":"product-type-simple"},"_links":{"self":[{"href":"https:\/\/paradox24.com\/ro\/wp-json\/wp\/v2\/product\/8551","targetHints":{"allow":["GET"]}}],"collection":[{"href":"https:\/\/paradox24.com\/ro\/wp-json\/wp\/v2\/product"}],"about":[{"href":"https:\/\/paradox24.com\/ro\/wp-json\/wp\/v2\/types\/product"}],"wp:featuredmedia":[{"embeddable":true,"href":"https:\/\/paradox24.com\/ro\/wp-json\/wp\/v2\/media\/6061"}],"wp:attachment":[{"href":"https:\/\/paradox24.com\/ro\/wp-json\/wp\/v2\/media?parent=8551"}],"wp:term":[{"taxonomy":"product_cat","embeddable":true,"href":"https:\/\/paradox24.com\/ro\/wp-json\/wp\/v2\/product_cat?post=8551"},{"taxonomy":"product_tag","embeddable":true,"href":"https:\/\/paradox24.com\/ro\/wp-json\/wp\/v2\/product_tag?post=8551"}],"curies":[{"name":"wp","href":"https:\/\/api.w.org\/{rel}","templated":true}]}}