{"id":8363,"date":"2024-10-21T12:30:36","date_gmt":"2024-10-21T11:30:36","guid":{"rendered":"https:\/\/paradox24.com\/product\/paradox-ultimate-lunar-trace\/"},"modified":"2026-04-30T11:32:10","modified_gmt":"2026-04-30T10:32:10","slug":"paradox-ultimate-lunar-trace","status":"publish","type":"product","link":"https:\/\/paradox24.com\/ro\/produs\/paradox-ultimate-lunar-trace\/","title":{"rendered":"Scaun Gaming Paradox Ultimate Lunar Trace"},"content":{"rendered":"<div class=\"wpb-content-wrapper\"><p>[vc_row full_width=&#8221;stretch_row&#8221; equal_height=&#8221;yes&#8221; content_placement=&#8221;middle&#8221; css=&#8221;.vc_custom_1736683150728{margin-right: 10% !important;margin-left: 10% !important;}&#8221;][vc_column][vc_column_text css=&#8221;&#8221;]<\/p>\n<h3 style=\"text-align: center\">Paradox Ultimate &#8211; Esen\u021ba Profesionalismului<\/h3>\n<p>[\/vc_column_text][vc_empty_space height=&#8221;16px&#8221;][vc_row_inner equal_height=&#8221;yes&#8221; content_placement=&#8221;middle&#8221;][vc_column_inner width=&#8221;1\/2&#8243;][vc_single_image image=&#8221;8198&#8243; img_size=&#8221;500&#215;500&#8243; alignment=&#8221;center&#8221; onclick=&#8221;link_image&#8221; css=&#8221;&#8221;][\/vc_column_inner][vc_column_inner width=&#8221;1\/2&#8243;][vc_column_text css=&#8221;&#8221;]<\/p>\n<h4 style=\"text-align: center\"><strong>Calitate \u00een fiecare detaliu<\/strong><\/h4>\n<p style=\"text-align: center\">Eco-pielea NextGen de \u00eenalt\u0103 calitate combin\u0103 durabilitatea cu o atingere pl\u0103cut\u0103, fiind \u00een acela\u0219i timp prietenoas\u0103 cu mediul. Accentele din Alcantara ofer\u0103 acea senza\u021bie sport deosebit\u0103. La fel \u0219i cus\u0103turile \u00een contrast, care amintesc de ma\u0219inile de curse \u0219i accesoriile fashion de lux. <\/p>\n<p>[\/vc_column_text][\/vc_column_inner][\/vc_row_inner][vc_row_inner equal_height=&#8221;yes&#8221; content_placement=&#8221;middle&#8221; el_class=&#8221;swap-on-mobile&#8221;][vc_column_inner width=&#8221;1\/2&#8243;][vc_column_text css=&#8221;&#8221;]<\/p>\n<h4 style=\"text-align: center\">LumbarPro \u00eencorporat<\/h4>\n<p style=\"text-align: center\">Seria Paradox Ultimate include sistemul LumbarPro &#8211; un suport reglabil \u00een dou\u0103 dimensiuni, conceput s\u0103-\u021bi alinieze coloana \u0219i s\u0103 reduc\u0103 tensiunea din zona lombar\u0103. Integrat discret \u00een sp\u0103tar, combin\u0103 elegan\u021ba cu excelen\u021ba ergonomic\u0103. <\/p>\n<p>[\/vc_column_text][\/vc_column_inner][vc_column_inner width=&#8221;1\/2&#8243;][vc_single_image image=&#8221;8223&#8243; img_size=&#8221;500&#215;500&#8243; alignment=&#8221;center&#8221; onclick=&#8221;link_image&#8221; css=&#8221;&#8221;][\/vc_column_inner][\/vc_row_inner][vc_row_inner equal_height=&#8221;yes&#8221; content_placement=&#8221;middle&#8221;][vc_column_inner width=&#8221;1\/2&#8243;][vc_single_image image=&#8221;8247&#8243; img_size=&#8221;500&#215;500&#8243; alignment=&#8221;center&#8221; onclick=&#8221;link_image&#8221; css=&#8221;&#8221;][\/vc_column_inner][vc_column_inner width=&#8221;1\/2&#8243;][vc_column_text css=&#8221;&#8221;]<\/p>\n<h4 style=\"text-align: center\"><strong>\u00cen\u0103l\u021bime reglabil\u0103<\/strong><\/h4>\n<p style=\"text-align: center\"><span style=\"font-weight: 400\">Perfect adaptat pentru persoane cu \u00een\u0103l\u021bimea \u00eentre 165 \u0219i 185 cm. Mecanismul pneumatic avansat face reglarea \u00een\u0103l\u021bimii foarte simpl\u0103 &#8211; trage doar maneta \u0219i ridic\u0103-te u\u0219or pentru a cre\u0219te \u00een\u0103l\u021bimea, sau las\u0103-te \u00een jos pentru a o reduce.  Pozi\u021bia ergonomic\u0103 ideal\u0103 este la \u00eendem\u00e2n\u0103: genunchii \u0219i coatele ar trebui s\u0103 formeze un unghi de 90 de grade c\u00e2nd \u00ee\u021bi sprijini bra\u021bele pe birou. Concentreaz\u0103-te \u00een special pe pozi\u021bia coatelor &#8211; cheia unui lucru confortabil \u0219i eficient.<br \/>\n<\/span><\/p>\n<p>[\/vc_column_text][\/vc_column_inner][\/vc_row_inner][vc_row_inner equal_height=&#8221;yes&#8221; content_placement=&#8221;middle&#8221; el_class=&#8221;swap-on-mobile&#8221;][vc_column_inner width=&#8221;1\/2&#8243;][vc_column_text css=&#8221;&#8221;]<\/p>\n<h4 style=\"text-align: center\"><strong>Sp\u0103tar reglabil &#8211; de la munc\u0103 la relaxare<\/strong><\/h4>\n<p style=\"text-align: center\">Regleaz\u0103 \u0219i blocheaz\u0103 sp\u0103tarul \u00een patru pozi\u021bii dup\u0103 nevoi. Fie c\u0103 te joci, lucrezi sau iei o pauz\u0103, schimbarea unghiului sp\u0103tarului ajut\u0103 la reducerea tensiunii, \u00eembun\u0103t\u0103\u021birea posturii \u0219i men\u021binerea mu\u0219chilor relaxa\u021bi pe tot parcursul zilei.<br \/>Po\u021bi ajusta rezisten\u021ba \u00eenclin\u0103rii sp\u0103tarului \u00een func\u021bie de greutatea \u0219i preferin\u021bele tale. Rote\u0219te simplu butonul de sub \u0219ezut spre st\u00e2nga sau dreapta!   <\/p>\n<p>[\/vc_column_text][\/vc_column_inner][vc_column_inner width=&#8221;1\/2&#8243;][vc_single_image image=&#8221;8194&#8243; img_size=&#8221;500&#215;500&#8243; alignment=&#8221;center&#8221; onclick=&#8221;link_image&#8221; css=&#8221;&#8221;][\/vc_column_inner][\/vc_row_inner][vc_row_inner equal_height=&#8221;yes&#8221; rtl_reverse=&#8221;yes&#8221; content_placement=&#8221;middle&#8221;][vc_column_inner width=&#8221;1\/2&#8243;][vc_single_image image=&#8221;8235&#8243; img_size=&#8221;500&#215;500&#8243; alignment=&#8221;center&#8221; onclick=&#8221;link_image&#8221; css=&#8221;&#8221;][\/vc_column_inner][vc_column_inner width=&#8221;1\/2&#8243;][vc_column_text css=&#8221;&#8221;]<\/p>\n<h4 style=\"text-align: center\">Tetier\u0103 cu magnet puternic<\/h4>\n<p style=\"text-align: center\">Tetierea inteligent\u0103 \u00eendepline\u0219te dou\u0103 roluri &#8211; ofer\u0103 suport perfect \u0219i adaug\u0103 stil scaunului t\u0103u. Datorit\u0103 magne\u021bilor puternici \u00eencorpora\u021bi, o po\u021bi ata\u0219a sau deta\u0219a u\u0219or oric\u00e2nd dore\u0219ti. <\/p>\n<p>[\/vc_column_text][\/vc_column_inner][\/vc_row_inner][vc_row_inner equal_height=&#8221;yes&#8221; content_placement=&#8221;middle&#8221; el_class=&#8221;swap-on-mobile&#8221;][vc_column_inner width=&#8221;1\/2&#8243;][vc_column_text css=&#8221;&#8221;]<\/p>\n<h4 style=\"text-align: center\"><strong>Cotiere FlexMotion 4D<\/strong><\/h4>\n<p style=\"text-align: center\">Libertate total\u0103 de reglare: sus-jos pentru \u00een\u0103l\u021bimea perfect\u0103, fa\u021b\u0103-spate pentru raza optim\u0103 de ac\u021biune, lateral pentru pozi\u021bionare mai bun\u0103, plus rota\u021bie pentru pozi\u021bia natural\u0103 a \u00eencheieturilor. Cu FlexMotion 4D \u00ee\u021bi g\u0103se\u0219ti pozi\u021bia ideal\u0103 \u00eentr-o clip\u0103.<\/p>\n<p>[\/vc_column_text][\/vc_column_inner][vc_column_inner el_class=&#8221;twoje-kolumny-selector&#8221; width=&#8221;1\/2&#8243; el_id=&#8221;twoje-kolumny-selector&#8221;][vc_single_image image=&#8221;8223&#8243; img_size=&#8221;500&#215;500&#8243; onclick=&#8221;link_image&#8221; css=&#8221;&#8221;][\/vc_column_inner][\/vc_row_inner][vc_row_inner equal_height=&#8221;yes&#8221; content_placement=&#8221;middle&#8221;][vc_column_inner width=&#8221;1\/2&#8243;][vc_single_image image=&#8221;8190&#8243; img_size=&#8221;500&#215;500&#8243; alignment=&#8221;center&#8221; onclick=&#8221;link_image&#8221; css=&#8221;&#8221;][\/vc_column_inner][vc_column_inner width=&#8221;1\/2&#8243;][vc_column_text css=&#8221;&#8221;]<\/p>\n<h4 style=\"text-align: center\"><strong>Baz\u0103 TitanCore<\/strong><\/h4>\n<p style=\"text-align: center\">Solid\u0103 ca st\u00e2nca &#8211; suport\u0103 p\u00e2n\u0103 la 125 de kilograme. Garan\u021bia ta pentru stabilitate \u0219i siguran\u021b\u0103, fie c\u0103 lucrezi la proiecte importante sau te joci jocul preferat.<\/p>\n<p>[\/vc_column_text][\/vc_column_inner][\/vc_row_inner][vc_row_inner equal_height=&#8221;yes&#8221; content_placement=&#8221;middle&#8221;][vc_column_inner width=&#8221;1\/2&#8243;][vc_column_text css=&#8221;&#8221;]<\/p>\n<h4 style=\"text-align: center\"><strong>Rotile QuickSpin 360\u00b0<\/strong><\/h4>\n<p style=\"text-align: center\">Func\u021bia de rotire la 360 de grade \u00ee\u021bi permite s\u0103 te mi\u0219ti f\u0103r\u0103 efort \u00een orice direc\u021bie, oferind flexibilitate maxim\u0103 \u0219i acces u\u0219or la \u00eentregul spa\u021biu din jurul biroului &#8211; totul \u00een deplin\u0103 lini\u0219te.<\/p>\n<p>[\/vc_column_text][\/vc_column_inner][vc_column_inner width=&#8221;1\/2&#8243;][vc_single_image image=&#8221;8206&#8243; img_size=&#8221;500&#215;500&#8243; alignment=&#8221;center&#8221; css=&#8221;&#8221;][\/vc_column_inner][\/vc_row_inner][vc_row_inner equal_height=&#8221;yes&#8221; content_placement=&#8221;middle&#8221; el_class=&#8221;swap-on-mobile&#8221;][vc_column_inner width=&#8221;1\/2&#8243;][vc_single_image image=&#8221;8227&#8243; img_size=&#8221;500&#215;500&#8243; alignment=&#8221;center&#8221; onclick=&#8221;link_image&#8221; css=&#8221;&#8221;][\/vc_column_inner][vc_column_inner width=&#8221;1\/2&#8243;][vc_column_text css=&#8221;&#8221;]<\/p>\n<h4 style=\"text-align: center\"><strong>Asamblare simpl\u0103<\/strong><\/h4>\n<p style=\"text-align: center\">Instruc\u021biunile clare cu imagini te ghideaz\u0103 prin asamblare \u00een mai pu\u021bin de 20 de minute. Singur sau cu un prieten &#8211; ne-am asigurat c\u0103 procesul este foarte simplu. <\/p>\n<p>[\/vc_column_text][\/vc_column_inner][\/vc_row_inner][vc_column_text css=&#8221;&#8221;][\/vc_column_text][vc_empty_space height=&#8221;16px&#8221;][vc_column_text css=&#8221;&#8221;]<\/p>\n<h4 style=\"text-align: center\"><strong>Experimenteaz\u0103 un nou nivel de confort!<\/strong><\/h4>\n<p style=\"text-align: center\"><span style=\"font-weight: 400\">Toate produsele noastre sunt expediate din depozitul din Polonia. Utiliz\u0103m companii de livrare specializate (DHL, DPD, Geis). Timpul de livrare depinde de loca\u021bia dvs., dar de obicei dureaz\u0103 2-3 zile lucr\u0103toare (amesteca\u021bi maximul de p\u00e2n\u0103 la 5 zile). Pachetul dvs. poate fi \u00eemp\u0103r\u021bit \u0219i trimis \u00een mai multe cutii \/ livr\u0103ri (\u00een special dac\u0103 comanda\u021bi mai mult de 1 articol). Toate coletele sunt asigurate. La primirea coletului, v\u0103 rug\u0103m s\u0103 verifica\u021bi starea coletului \u0219i s\u0103 scrie\u021bi protocolul cu curierul.     <\/span><\/p>\n<h4 style=\"text-align: center\"><strong>Garan\u021bie<\/strong><\/h4>\n<p style=\"text-align: center\"><span style=\"font-weight: 400\">Oferim 2 ani garan\u021bie pentru clien\u021bii persoane fizice \u0219i 1 an garan\u021bie pentru clien\u021bii business.<\/span><\/p>\n<h4 style=\"text-align: center\"><strong>Asigurarea calit\u0103\u021bii <\/strong><\/h4>\n<p style=\"text-align: center\"><span style=\"font-weight: 400\">Scaunele noastre respect\u0103 normele riguroase ale Uniunii Europene (EN) \u0219i standardele americane BIFMA. Fiecare model trece prin 200.000 de cicluri de testare, incluz\u00e2nd:<br \/>&#8211; Teste de \u00eenc\u0103rcare dinamic\u0103 \u0219i static\u0103<br \/>&#8211; Teste de durabilitate pentru \u0219ezut \u0219i sp\u0103tar<br \/>&#8211; Teste pentru cotiere<br \/>&#8211; Teste ale mecanismelor de rotire \u0219i \u00eenclinare<br \/>&#8211; Teste pentru rotile<br \/>&#8211; Teste de stabilitate<\/p>\n<p>Este ca \u0219i cum cineva s-ar a\u0219eza pe scaun de 200.000 de ori! Astfel, po\u021bi fi sigur c\u0103 Commander-ul t\u0103u va rezista ani de zile de utilizare intens\u0103. <\/span><\/p>\n<p>[\/vc_column_text][\/vc_column][\/vc_row]<\/p>\n<p>[product_images images=&#8221;17382&#8243;]<\/p>\n<\/div>","protected":false},"excerpt":{"rendered":"<p><span style=\"font-weight: 400\">Design minimalist dar distinctiv, materiale de cea mai \u00eenalt\u0103 calitate \u0219i confort care te ajut\u0103 s\u0103-\u021bi atingi obiectivele. <\/span><\/p>\n<ul>\n<li style=\"font-weight: 400\"><b>Pentru cei care pre\u021buiesc excelen\u021ba subtil\u0103<\/b>: <span style=\"font-weight: 400\">Perfect pentru profesioni\u0219ti \u0219i gameri pasiona\u021bi care caut\u0103 s\u0103 investeasc\u0103 \u00een lux \u0219i rafinament. <\/span><\/li>\n<li style=\"font-weight: 400\"><b>Design minimalist, atemporal<\/b>: <span style=\"font-weight: 400\">Elegant \u0219i discret &#8211; se integreaz\u0103 perfect \u00een orice setup profesional sau de gaming de \u00eenalt\u0103 clas\u0103.<\/span><\/li>\n<li style=\"font-weight: 400\"><b>Materiale premium \u00een fiecare detaliu<\/b>: <span style=\"font-weight: 400\">Creat cu cele mai fine materiale pentru durabilitate \u0219i confort superior.<\/span><\/li>\n<li style=\"font-weight: 400\"><b>Mecanisme superioare pentru ergonomie perfect\u0103:<\/b><span style=\"font-weight: 400\"> Reglaje avansate pentru o experien\u021b\u0103 personalizat\u0103 la cel mai \u00eenalt nivel.<br \/><\/span><\/li>\n<li><b>Spum\u0103 modelat\u0103 la rece de \u00eenalt\u0103 densitate:<\/b> Amortizare superioar\u0103 a scaunului care \u00ee\u0219i p\u0103streaz\u0103 forma ani de zile \u2014 f\u0103r\u0103 l\u0103sare, f\u0103r\u0103 pete plate.<\/li>\n<\/ul>\n","protected":false},"featured_media":5532,"template":"","meta":[],"product_cat":[124,120],"product_tag":[],"class_list":{"0":"post-8363","1":"product","2":"type-product","3":"status-publish","4":"has-post-thumbnail","6":"product_cat-colectia-ultimate","7":"product_cat-scaune-de-gaming","8":"","10":"first","11":"instock","12":"taxable","13":"shipping-taxable","14":"purchasable","15":"product-type-simple"},"_links":{"self":[{"href":"https:\/\/paradox24.com\/ro\/wp-json\/wp\/v2\/product\/8363","targetHints":{"allow":["GET"]}}],"collection":[{"href":"https:\/\/paradox24.com\/ro\/wp-json\/wp\/v2\/product"}],"about":[{"href":"https:\/\/paradox24.com\/ro\/wp-json\/wp\/v2\/types\/product"}],"wp:featuredmedia":[{"embeddable":true,"href":"https:\/\/paradox24.com\/ro\/wp-json\/wp\/v2\/media\/5532"}],"wp:attachment":[{"href":"https:\/\/paradox24.com\/ro\/wp-json\/wp\/v2\/media?parent=8363"}],"wp:term":[{"taxonomy":"product_cat","embeddable":true,"href":"https:\/\/paradox24.com\/ro\/wp-json\/wp\/v2\/product_cat?post=8363"},{"taxonomy":"product_tag","embeddable":true,"href":"https:\/\/paradox24.com\/ro\/wp-json\/wp\/v2\/product_tag?post=8363"}],"curies":[{"name":"wp","href":"https:\/\/api.w.org\/{rel}","templated":true}]}}