{"id":8357,"date":"2024-10-21T12:30:37","date_gmt":"2024-10-21T11:30:37","guid":{"rendered":"https:\/\/paradox24.com\/product\/paradox-vanguard-red-tuxs\/"},"modified":"2026-04-30T11:38:53","modified_gmt":"2026-04-30T10:38:53","slug":"paradox-vanguard-red-tuxs","status":"publish","type":"product","link":"https:\/\/paradox24.com\/ro\/produs\/paradox-vanguard-red-tuxs\/","title":{"rendered":"Scaun Gaming Paradox Vanguard Red Tuxs"},"content":{"rendered":"<div class=\"wpb-content-wrapper\"><p>[vc_row full_width=&#8221;stretch_row_content_no_spaces&#8221;][vc_column][product_info text_color=&#8221;product-info&#8211;white&#8221; text_position=&#8221;product-info__content&#8211;left&#8221; header=&#8221;Paradox Vanguard&#8221; text_1=&#8221;Alegerea Performan\u021bei&#8221; main_image=&#8221;16196&#8243; mobile_image=&#8221;16205&#8243;][\/product_info][product_element position=&#8221;left&#8221; header=&#8221;Calitate \u00een toate privin\u021bele&#8221; images=&#8221;16341&#8243;]Eco-pielea TechRX II de \u00eenalt\u0103 calitate este durabil\u0103, neted\u0103 \u0219i ecologic\u0103. Accentele de catifea asigur\u0103 aceast\u0103 senza\u021bie de performan\u021b\u0103. La fel \u0219i cus\u0103turile contrastante distinctive care amintesc de ma\u0219inile de curse sau accesoriile de mod\u0103 de lux.[\/product_element][product_element header=&#8221;Suport pentru Perna Lombar\u0103&#8221; images=&#8221;16332&#8243;]Seria Vanguard include o pern\u0103 lombar\u0103 care \u00ee\u021bi aliniaz\u0103 coloana \u0219i reduce tensiunea din zona inferioar\u0103 a spatelui. Realizat\u0103 din spum\u0103 cu memorie \u0219i \u00eembr\u0103cat\u0103 \u00een catifea \u00een culoarea scaunului, \u00eembin\u0103 perfect suportul ergonomic cu rafinamentul estetic. [\/product_element][product_info main_image=&#8221;16323&#8243; mobile_image=&#8221;16350&#8243;][\/product_info][product_element position=&#8221;left&#8221; header=&#8221;Scaun cu \u00cen\u0103l\u021bime Reglabil\u0103&#8221; images=&#8221;16314&#8243;]Perfect adaptat pentru persoane cu \u00een\u0103l\u021bimi \u00eentre 165 \u0219i 185 cm. Mecanismul pneumatic avansat TitanCore face reglarea \u00een\u0103l\u021bimii foarte simpl\u0103: trage doar maneta \u0219i ridic\u0103-te u\u0219or pentru a cre\u0219te \u00een\u0103l\u021bimea, sau las\u0103-te \u00een jos pentru a o reduce.<br \/>Pozi\u021bia ergonomic\u0103 ideal\u0103 este la \u00eendem\u00e2n\u0103 &#8211; genunchii \u0219i coatele ar trebui s\u0103 formeze un unghi de 90 de grade c\u00e2nd bra\u021bele sunt pe birou. Concentreaz\u0103-te \u00een special pe pozi\u021bia coatelor pentru confort \u0219i productivitate optim\u0103.   [\/product_element][product_element header=&#8221;Pozi\u021bii personalizabile ale sp\u0103tarului p\u00e2n\u0103 la pozi\u021bie plat\u0103&#8221; images=&#8221;16305&#8243;]Ajusta\u021bi \u0219i bloca\u021bi sp\u0103tarul \u00een patru pozi\u021bii \u2013 de la focalizare vertical\u0103 la reclinare relaxat\u0103. Schimba\u021bi-v\u0103 pozi\u021bia \u00een mod liber pe parcursul zilei pentru a men\u021bine mu\u0219chii relaxa\u021bi, \u00een timp ce suporturile laterale v\u0103 men\u021bin sigur \u00een pozi\u021bie. Regla\u021bi fin rezisten\u021ba la \u00eenclinare pentru a se potrivi greut\u0103\u021bii \u0219i preferin\u021belor dumneavoastr\u0103 de confort cu o simpl\u0103 rotire a unui buton.  [\/product_element][product_element position=&#8221;left&#8221; header=&#8221;Pern\u0103 pentru Tetier\u0103&#8221; images=&#8221;16296&#8243;]Perna de cap inteligent\u0103 \u00eendepline\u0219te o dubl\u0103 func\u021bie \u2013 oferindu-v\u0103 suport perfect \u00een timp ce adaug\u0103 stil scaunului dumneavoastr\u0103. Datorit\u0103 magne\u021bilor puternici \u00eencorpora\u021bi, o pute\u021bi fixa sau deta\u0219a cu u\u0219urin\u021b\u0103 oric\u00e2nd dori\u021bi. [\/product_element][product_info main_image=&#8221;16287&#8243; mobile_image=&#8221;16223&#8243;][\/product_info][product_element header=&#8221;Cotiere FlexMotion 2D&#8221; images=&#8221;16278&#8243;]Ajusta\u021bi-le \u00een sus \u0219i \u00een jos pentru a ob\u021bine \u00een\u0103l\u021bimea perfect\u0103 \u0219i pentru a g\u0103si cel mai bun unghi pentru bra\u021be \u0219i \u00eencheieturi[\/product_element]. [product_element position=&#8221;left&#8221; header=&#8221;Baza TitanCore&#8221; images=&#8221;16269&#8243;]Construit s\u0103 suporte p\u00e2n\u0103 la 135 de kilograme, acest scaun garanteaz\u0103 fiabilitate \u0219i siguran\u021b\u0103 de lung\u0103 durat\u0103, f\u0103c\u00e2ndu-l o alegere excelent\u0103 at\u00e2t pentru uz profesional, c\u00e2t \u0219i personal[\/product_element]. [product_element header=&#8221;Rotile QuickSpin 360\u00b0&#8221; images=&#8221;16260&#8243;]Func\u021bia de rotire cu 360 de grade v\u0103 permite s\u0103 v\u0103 roti\u021bi f\u0103r\u0103 efort \u00een orice direc\u021bie, oferind flexibilitate maxim\u0103 \u0219i acces u\u0219or la toate zonele biroului \u0219i \u00eemprejurimilor \u2013 totul \u00een t\u0103cere.[\/product_element][product_element position=&#8221;left&#8221; header=&#8221;Asamblare U\u0219oar\u0103&#8221; images=&#8221;16251&#8243;]Instruc\u021biunile vizuale clare v\u0103 permit s\u0103 asambla\u021bi scaunul \u00een mai pu\u021bin de 20 de minute. Fie c\u0103 face\u021bi treaba singur sau cu un prieten \u2013 ne-am asigurat c\u0103 este u\u0219or. [\/product_element][product_images images=&#8221;19104&#8243;][product_action header=&#8221;\u00cembun\u0103t\u0103\u021be\u0219te-\u021bi experien\u021ba de \u0219ezut ast\u0103zi!&#8221; text=&#8221;Revolu\u021bioneaz\u0103-\u021bi spa\u021biul de lucru \u0219i configura\u021bia de gaming cu scaunul nostru Vanguard. Experimenteaz\u0103 confortul de neegalat \u0219i calitatea premium.&#8221; button_text=&#8221;Add VANGUARD Red Tuxs to cart&#8221; main_image=&#8221;16242&#8243; mobile_image=&#8221;16233&#8243;][\/vc_column][\/vc_row]<\/p>\n<\/div>","protected":false},"excerpt":{"rendered":"<ul>\n<li style=\"font-weight: 400;\" aria-level=\"1\"><b>Pentru gamerii care doresc calitate premium f\u0103r\u0103 compromisuri:<\/b><span style=\"font-weight: 400;\"> Ideal pentru cei care caut\u0103 confort fiabil \u0219i stilat la un pre\u021b accesibil.<br \/><\/span><\/li>\n<li style=\"font-weight: 400;\" aria-level=\"1\"><b>Echilibru perfect \u00eentre stil \u0219i func\u021bionalitate: <\/b><span style=\"font-weight: 400;\">Ofer\u0103 un design \u00eendr\u0103zne\u021b care \u00ee\u021bi exprim\u0103 personalitatea f\u0103r\u0103 a sacrifica calitatea.<\/span><\/li>\n<li style=\"font-weight: 400;\" aria-level=\"1\"><b>Materiale de \u00eenalt\u0103 calitate la un pre\u021b inteligent: <\/b><span style=\"font-weight: 400;\">Construit cu materiale durabile pentru confort \u0219i suport.<br \/><\/span><\/li>\n<\/ul>\n<p><b>Op\u021biuni estetice versatile: <\/b> <span style=\"font-weight: 400;\">De la design minimalist la modele mai elaborate &#8211; pentru toate gusturile.<\/span><\/p>\n","protected":false},"featured_media":6057,"template":"","meta":[],"product_cat":[122,120],"product_tag":[],"class_list":{"0":"post-8357","1":"product","2":"type-product","3":"status-publish","4":"has-post-thumbnail","6":"product_cat-colectia-vanguard","7":"product_cat-scaune-de-gaming","8":"","10":"first","11":"instock","12":"taxable","13":"shipping-taxable","14":"purchasable","15":"product-type-simple"},"_links":{"self":[{"href":"https:\/\/paradox24.com\/ro\/wp-json\/wp\/v2\/product\/8357","targetHints":{"allow":["GET"]}}],"collection":[{"href":"https:\/\/paradox24.com\/ro\/wp-json\/wp\/v2\/product"}],"about":[{"href":"https:\/\/paradox24.com\/ro\/wp-json\/wp\/v2\/types\/product"}],"wp:featuredmedia":[{"embeddable":true,"href":"https:\/\/paradox24.com\/ro\/wp-json\/wp\/v2\/media\/6057"}],"wp:attachment":[{"href":"https:\/\/paradox24.com\/ro\/wp-json\/wp\/v2\/media?parent=8357"}],"wp:term":[{"taxonomy":"product_cat","embeddable":true,"href":"https:\/\/paradox24.com\/ro\/wp-json\/wp\/v2\/product_cat?post=8357"},{"taxonomy":"product_tag","embeddable":true,"href":"https:\/\/paradox24.com\/ro\/wp-json\/wp\/v2\/product_tag?post=8357"}],"curies":[{"name":"wp","href":"https:\/\/api.w.org\/{rel}","templated":true}]}}