{"id":8353,"date":"2024-10-21T12:30:38","date_gmt":"2024-10-21T11:30:38","guid":{"rendered":"https:\/\/paradox24.com\/product\/paradox-commander-obsidian-blade\/"},"modified":"2026-04-30T11:38:34","modified_gmt":"2026-04-30T10:38:34","slug":"paradox-commander-obsidian-blade","status":"publish","type":"product","link":"https:\/\/paradox24.com\/ro\/produs\/paradox-commander-obsidian-blade\/","title":{"rendered":"Scaun Gaming Paradox Commander Obsidian Blade"},"content":{"rendered":"<div class=\"wpb-content-wrapper\"><p>[vc_row full_width=&#8221;stretch_row_content_no_spaces&#8221;][vc_column][product_info text_color=&#8221;product-info&#8211;white&#8221; text_position=&#8221;product-info__content&#8211;left&#8221; header=&#8221;Paradox Commander&#8221; text_1=&#8221;the Commander\u2019s seat&#8221; main_image=&#8221;17111&#8243; mobile_image=&#8221;17238&#8243;][\/product_info][product_element position=&#8221;left&#8221; header=&#8221;Quality all the way&#8221; images=&#8221;17229&#8243;]Eco-pielea NextGen de \u00eenalt\u0103 calitate combin\u0103 durabilitatea cu o atingere pl\u0103cut\u0103, fiind \u00een acela\u0219i timp prietenoas\u0103 cu mediul. Accentele de catifea \u0219i cus\u0103turile \u00een contrast amintesc de ma\u0219inile de curse \u0219i accesoriile de mod\u0103 de lux, oferind un aspect sportiv sofisticat. [\/product_element][product_element header=&#8221;Lumbar pIllow support&#8221; images=&#8221;17220&#8243;]Seria Commander include o pern\u0103 lombar\u0103 care \u00ee\u021bi aliniaz\u0103 coloana \u0219i reduce tensiunea din zona inferioar\u0103 a spatelui. Realizat\u0103 din spum\u0103 cu memorie \u0219i \u00eembr\u0103cat\u0103 \u00een catifea \u00een culoarea scaunului, \u00eembin\u0103 perfect suportul ergonomic cu rafinamentul estetic. [\/product_element][product_element position=&#8221;left&#8221; header=&#8221;Height-adjustable seat&#8221; images=&#8221;17211&#8243;]Perfect adaptat pentru persoane cu \u00een\u0103l\u021bimea \u00eentre 165 \u0219i 185 cm. Mecanismul pneumatic avansat face reglarea \u00een\u0103l\u021bimii foarte simpl\u0103 &#8211; trage doar maneta \u0219i ridic\u0103-te u\u0219or pentru a cre\u0219te \u00een\u0103l\u021bimea, sau las\u0103-te \u00een jos pentru a o reduce.  Pozi\u021bia ergonomic\u0103 ideal\u0103 este la \u00eendem\u00e2n\u0103: genunchii \u0219i coatele ar trebui s\u0103 formeze un unghi de 90 de grade c\u00e2nd \u00ee\u021bi sprijini bra\u021bele pe birou. Concentreaz\u0103-te \u00een special pe pozi\u021bia coatelor &#8211; cheia unui lucru confortabil \u0219i eficient. [\/product_element][product_element header=&#8221;Customizable backrest positions up to flat&#8221; images=&#8221;17202&#8243;]Regleaz\u0103 \u0219i blocheaz\u0103 sp\u0103tarul \u00een patru pozi\u021bii pentru a se potrivi nevoilor tale. Indiferent dac\u0103 joci, lucrezi sau faci o pauz\u0103, schimbarea unghiului sp\u0103tarului ajut\u0103 la reducerea tensiunii, \u00eembun\u0103t\u0103\u021birea posturii \u0219i men\u021binerea mu\u0219chilor relaxa\u021bi pe parcursul zilei. Po\u021bi ajusta rezisten\u021ba \u00eenclin\u0103rii sp\u0103tarului \u00een func\u021bie de greutatea corporal\u0103 \u0219i preferin\u021bele tale. Pur \u0219i simplu rote\u0219te butonul de sub scaunul t\u0103u spre st\u00e2nga sau dreapta!   [\/product_element][product_element position=&#8221;left&#8221; header=&#8221;Headrest pillow&#8221; images=&#8221;17193&#8243;]Perna de cap inteligent\u0103 \u00eendepline\u0219te o dubl\u0103 func\u021bie \u2013 oferindu-v\u0103 suport perfect \u00een timp ce adaug\u0103 stil scaunului dumneavoastr\u0103. Datorit\u0103 magne\u021bilor puternici \u00eencorpora\u021bi, o pute\u021bi fixa sau deta\u0219a cu u\u0219urin\u021b\u0103 oric\u00e2nd dori\u021bi. [\/product_element][product_info main_image=&#8221;17184&#8243; mobile_image=&#8221;17166&#8243;][\/product_info][product_element header=&#8221;FlexMotion 4D Armrests&#8221; images=&#8221;17175&#8243;]Ajusteaz\u0103-le \u00een sus \u0219i \u00een jos pentru a ob\u021bine \u00een\u0103l\u021bimea perfect\u0103, gliseaz\u0103-le \u00eenainte \u0219i \u00eenapoi pentru o atingere optim\u0103, deplaseaz\u0103-le lateral pentru pozi\u021bia lateral\u0103 ideal\u0103 \u0219i rote\u0219te-le pentru a g\u0103si cel mai bun unghi pentru bra\u021be \u0219i \u00eencheieturi[\/product_element]. [product_element position=&#8221;left&#8221; header=&#8221;TitanCore base&#8221; images=&#8221;17157&#8243;]Construit pentru a sus\u021bine p\u00e2n\u0103 la 135 de kilograme, acest scaun garanteaz\u0103 fiabilitate \u0219i siguran\u021b\u0103 de lung\u0103 durat\u0103, f\u0103c\u00e2ndu-l o alegere excelent\u0103 at\u00e2t pentru uz profesional, c\u00e2t \u0219i persona[\/product_element]l. [product_element header=&#8221;QuickSpin 360\u00b0 Casters&#8221; images=&#8221;17148&#8243;]Func\u021bia de rotire la 360 de grade \u00ee\u021bi permite s\u0103 te rote\u0219ti f\u0103r\u0103 efort \u00een orice direc\u021bie, oferind flexibilitate maxim\u0103 \u0219i acces u\u0219or la toate zonele biroului t\u0103u \u0219i \u00eemprejurimi\u2014totul \u00een t\u0103cere.[\/product_element][product_element position=&#8221;left&#8221; header=&#8221;Easy Assembly&#8221; images=&#8221;17139&#8243;]Instruc\u021biunile vizuale clare v\u0103 permit s\u0103 asambla\u021bi scaunul \u00een mai pu\u021bin de 20 de minute. Fie c\u0103 face\u021bi treaba singur sau cu un prieten \u2013 ne-am asigurat c\u0103 este u\u0219or. [\/product_element][product_images images=&#8221;19117&#8243;][product_action header=&#8221;Upgrade your seating experience today!&#8221; text=&#8221;Revolu\u021bioneaz\u0103-\u021bi spa\u021biul de lucru \u0219i configura\u021bia de gaming cu scaunul nostru Commander. Experimenteaz\u0103 confortul de neegalat \u0219i designul superior.&#8221; button_text=&#8221;Add COMMANDER Obsidian Blade to cart&#8221; main_image=&#8221;17130&#8243; mobile_image=&#8221;17121&#8243;][\/vc_column][\/vc_row]<\/p>\n<\/div>","protected":false},"excerpt":{"rendered":"<p><span style=\"font-weight: 400;\">\u00cencepe aventura! <\/span><\/p>\n<ul>\n<li style=\"font-weight: 400;\" aria-level=\"1\"><b>Design inspirat din sci-fi:<\/b> <span style=\"font-weight: 400;\">\u00cendr\u0103zne\u021b \u0219i imersiv, ca scaunul unui comandant de nav\u0103 spa\u021bial\u0103 &#8211; perfect pentru setup-ul t\u0103u unic.<\/span><\/li>\n<li style=\"font-weight: 400;\" aria-level=\"1\"><b>Tonuri p\u0103m\u00e2nte\u0219ti pentru setup-uri sofisticate<\/b>: <span style=\"font-weight: 400;\">O siluet\u0103 dramatic\u0103 \u00eembinat\u0103 cu o palet\u0103 de culori rafinat\u0103 \u0219i natural\u0103.<\/span><\/li>\n<li style=\"font-weight: 400;\" aria-level=\"1\"><b>Confort ergonomic cu caracter:<\/b><span style=\"font-weight: 400;\"> Creat pentru cei care \u00ee\u0219i doresc stil \u0219i func\u021bionalitate \u00een egal\u0103 m\u0103sur\u0103.<br \/><\/span><\/li>\n<\/ul>\n<p><b>Pentru juc\u0103torii care caut\u0103 un caracter unic<\/b>: <span style=\"font-weight: 400;\">Un echilibru perfect \u00eentre design \u00eendr\u0103zne\u021b \u0219i calitate, la un pre\u021b accesibil.<\/span><\/p>\n","protected":false},"featured_media":6557,"template":"","meta":[],"product_cat":[121,120],"product_tag":[],"class_list":{"0":"post-8353","1":"product","2":"type-product","3":"status-publish","4":"has-post-thumbnail","6":"product_cat-colectia-comandant","7":"product_cat-scaune-de-gaming","8":"","10":"first","11":"instock","12":"taxable","13":"shipping-taxable","14":"purchasable","15":"product-type-simple"},"_links":{"self":[{"href":"https:\/\/paradox24.com\/ro\/wp-json\/wp\/v2\/product\/8353","targetHints":{"allow":["GET"]}}],"collection":[{"href":"https:\/\/paradox24.com\/ro\/wp-json\/wp\/v2\/product"}],"about":[{"href":"https:\/\/paradox24.com\/ro\/wp-json\/wp\/v2\/types\/product"}],"wp:featuredmedia":[{"embeddable":true,"href":"https:\/\/paradox24.com\/ro\/wp-json\/wp\/v2\/media\/6557"}],"wp:attachment":[{"href":"https:\/\/paradox24.com\/ro\/wp-json\/wp\/v2\/media?parent=8353"}],"wp:term":[{"taxonomy":"product_cat","embeddable":true,"href":"https:\/\/paradox24.com\/ro\/wp-json\/wp\/v2\/product_cat?post=8353"},{"taxonomy":"product_tag","embeddable":true,"href":"https:\/\/paradox24.com\/ro\/wp-json\/wp\/v2\/product_tag?post=8353"}],"curies":[{"name":"wp","href":"https:\/\/api.w.org\/{rel}","templated":true}]}}