{"id":5324,"date":"2024-10-23T13:13:24","date_gmt":"2024-10-23T11:13:24","guid":{"rendered":"https:\/\/paradox24.com\/product\/cana-termica-paradox-de-la-fellow-gri\/"},"modified":"2024-10-23T13:13:24","modified_gmt":"2024-10-23T11:13:24","slug":"cana-termica-paradox-de-la-fellow-gri","status":"publish","type":"product","link":"https:\/\/paradox24.com\/ro\/produs\/cana-termica-paradox-de-la-fellow-gri\/","title":{"rendered":"Cana Termic\u0103 Paradox de la Fellow \u2013 Gri"},"content":{"rendered":"","protected":false},"excerpt":{"rendered":"<p><span data-sheets-root=\"1\">Paradox de la Fellow \u2013 pentru c\u0103 via\u021ba este un joc, iar fiecare juc\u0103tor merit\u0103 un power-up. Proiectat\u0103 pentru mi\u0219c\u0103ri \u00eendr\u0103zne\u021be \u0219i momente de neuitat, aceast\u0103 can\u0103 elegant\u0103 \u0219i rezistent\u0103 la stropire \u00ee\u021bi permite s\u0103 savurezi pe deplin aroma cafelei tale \u00een mi\u0219care. Joac\u0103 intens, bea puternic \u0219i \u00eencepe ziua ca un adev\u0103rat campion!  <\/span><\/p>\n","protected":false},"featured_media":5301,"template":"","meta":[],"product_cat":[100],"product_tag":[],"class_list":{"0":"post-5324","1":"product","2":"type-product","3":"status-publish","4":"has-post-thumbnail","6":"product_cat-thermal-mugs","7":"","9":"first","10":"instock","11":"taxable","12":"shipping-taxable","13":"purchasable","14":"product-type-simple"},"_links":{"self":[{"href":"https:\/\/paradox24.com\/ro\/wp-json\/wp\/v2\/product\/5324","targetHints":{"allow":["GET"]}}],"collection":[{"href":"https:\/\/paradox24.com\/ro\/wp-json\/wp\/v2\/product"}],"about":[{"href":"https:\/\/paradox24.com\/ro\/wp-json\/wp\/v2\/types\/product"}],"wp:featuredmedia":[{"embeddable":true,"href":"https:\/\/paradox24.com\/ro\/wp-json\/wp\/v2\/media\/5301"}],"wp:attachment":[{"href":"https:\/\/paradox24.com\/ro\/wp-json\/wp\/v2\/media?parent=5324"}],"wp:term":[{"taxonomy":"product_cat","embeddable":true,"href":"https:\/\/paradox24.com\/ro\/wp-json\/wp\/v2\/product_cat?post=5324"},{"taxonomy":"product_tag","embeddable":true,"href":"https:\/\/paradox24.com\/ro\/wp-json\/wp\/v2\/product_tag?post=5324"}],"curies":[{"name":"wp","href":"https:\/\/api.w.org\/{rel}","templated":true}]}}