{"id":3649,"date":"2024-07-25T08:58:11","date_gmt":"2024-07-25T07:58:11","guid":{"rendered":"https:\/\/paradox24.com\/politica-de-confidentialitate\/"},"modified":"2024-10-13T14:25:13","modified_gmt":"2024-10-13T14:25:13","slug":"politica-de-confidentialitate","status":"publish","type":"page","link":"https:\/\/paradox24.com\/ro\/politica-de-confidentialitate\/","title":{"rendered":"Politica de confiden\u021bialitate"},"content":{"rendered":"<p><\/p><h2 class=\"wp-block-heading\">Drag\u0103 utilizator!<\/h2><p>Ne pas\u0103 de confiden\u021bialitatea dumneavoastr\u0103 \u0219i dorim s\u0103 v\u0103 sim\u021bi\u021bi confortabil atunci c\u00e2nd utiliza\u021bi serviciile noastre. Prin urmare, mai jos v\u0103 prezent\u0103m cele mai importante informa\u021bii privind politica de prelucrare a datelor dvs. personale \u0219i privind modulele cookie care sunt utilizate de magazinul nostru. Aceste informa\u021bii au fost preg\u0103tite cu privire la GDPR, adic\u0103 regulamentul general privind protec\u021bia datelor.  <\/p><h2 class=\"wp-block-heading\">OPERATORUL DE DATE CU CARACTER PERSONAL<\/h2><p>ECO24 SP\u00d3\u0141KA Z OGRANICZON\u0104 ODPOWIEDZIALNO\u015aCI\u0104 cu sediul social \u00een ul. Algierska 17K, 03-977 Warszawa, Polonia, \u00eenscris\u0103 \u00een Registrul Judiciar Na\u021bional &#8211; Registrul \u00centreprinz\u0103torilor prin S\u0104D REJONOWY DLA M.ST.WARSZAWY W WARSZAWIE,XIII WYDZIA\u0141 GOSPODARCZY KRAJOWEGO REJESTRU S\u0104DOWEGO, cu num\u0103rul KRS (Registrul Judiciar Na\u021bional) 0001061741, num\u0103rul de identificare TVA al Uniunii Europene PL5214039048, num\u0103rul REGON (Registrul Na\u021bional Oficial al Comer\u021bului) 52659871100000, capitalul ini\u021bial PLN 100000,00. <\/p><p>Dac\u0103 dori\u021bi s\u0103 ne contacta\u021bi \u00een leg\u0103tur\u0103 cu prelucrarea de c\u0103tre noi a datelor dumneavoastr\u0103 cu caracter personal, v\u0103 rug\u0103m s\u0103 ne trimite\u021bi un e-mail la adresa: contact@paradox24.com.<\/p><h2 class=\"wp-block-heading\">DREPTURILE DUMNEAVOASTR\u0102<\/h2><p>Ave\u021bi dreptul s\u0103 solicita\u021bi:<\/p><ul class=\"wp-block-list\"><li>accesul la datele dumneavoastr\u0103 cu caracter personal, inclusiv ob\u021binerea unei copii a datelor dumneavoastr\u0103 [articolul 15 din GDPR sau, dac\u0103 este cazul, articolul 13 sec. 1 litera (f) din GDPR),<\/li>\n\n<li>rectificarea acestora (articolul 16 din GDPR),<\/li>\n\n<li>\u0219tergerea (articolul 17 din GDPR),<\/li>\n\n<li>restric\u021bionarea prelucr\u0103rii acestora (articolul 18 din GDPR),<\/li>\n\n<li>transferul de date c\u0103tre un alt operator (articolul 20 din GDPR),<\/li><\/ul><p>\u0219i dreptul de a:<\/p><ul class=\"wp-block-list\"><li>s\u0103 v\u0103 opune\u021bi \u00een orice moment prelucr\u0103rii datelor dumneavoastr\u0103 cu caracter personal:<ul class=\"wp-block-list\"><li>din motive legate de situa\u021bia dumneavoastr\u0103 particular\u0103 &#8211; \u00een ceea ce prive\u0219te prelucrarea datelor dumneavoastr\u0103 cu caracter personal \u00een temeiul articolului 6 sec. 1 litera (f) din GDPR (\u0219i anume interesele legitime urm\u0103rite de noi);<\/li>\n\n<li>\u00een cazul \u00een care datele dvs. cu caracter personal sunt prelucrate \u00een scopuri de marketing direct, \u00een m\u0103sura \u00een care o astfel de prelucrare este legat\u0103 de un astfel de marketing direct (art. 21 alin. 2 din RGPD).<\/li><\/ul><\/li><\/ul><p>Contacta\u021bi-ne dac\u0103 dori\u021bi s\u0103 v\u0103 exercita\u021bi drepturile. V\u0103 pute\u021bi opune utiliz\u0103rii de c\u0103tre noi a modulelor cookie (despre care ve\u021bi citi mai jos), \u00een special prin utilizarea set\u0103rilor corespunz\u0103toare ale browserului dumneavoastr\u0103. <\/p><p>Dac\u0103 considera\u021bi c\u0103 datele dumneavoastr\u0103 sunt prelucrate ilegal, pute\u021bi depune o pl\u00e2ngere la autoritatea competent\u0103 pentru protec\u021bia datelor.<\/p><h2 class=\"wp-block-heading\">DATE CU CARACTER PERSONAL \u0218I CONFIDEN\u021aIALITATE<\/h2><p>Datele dvs. sunt prelucrate de noi \u00een scopuri legate de func\u021bionarea Magazinului \u0219i de furnizarea serviciilor oferite \u00een cadrul acestuia. Mai jos ve\u021bi g\u0103si informa\u021bii detaliate privind prelucrarea datelor dvs. \u00een func\u021bie de activit\u0103\u021bile dvs. <\/p><h3 class=\"wp-block-heading\">1. Plasarea unei comenzi \u00een magazin &#8211; Partea 1<\/h3><figure class=\"wp-block-table\"><table class=\"has-fixed-layout\"><tbody><tr><th>\u00cen ce scop prelucr\u0103m datele dumneavoastr\u0103?<\/th><\/tr><tr><td>pentru a procesa comanda dvs.<\/td><\/tr><tr><th>Pe ce baz\u0103 prelucr\u0103m datele dumneavoastr\u0103?<\/th><\/tr><tr><td>un contract de v\u00e2nzare [articolul 6 sec. 1 litera (b) din GDPR)<\/td><td>obliga\u021bia legal\u0103, legat\u0103 de contabilitate, care ne oblig\u0103 s\u0103 prelucr\u0103m datele dumneavoastr\u0103 cu caracter personal [articolul 6 sec. 1(c) din GDPR)<\/td><\/tr><tr><th>Pentru c\u00e2t timp vom prelucra datele dumneavoastr\u0103?<\/th><\/tr><tr><td>pe durata contractului sus-men\u021bionat<\/td><td>p\u00e2n\u0103 la expirarea obliga\u021biilor noastre legale legate de contabilitate<\/td><\/tr><tr><td>\u00een plus, datele dumneavoastr\u0103 vor fi prelucrate p\u00e2n\u0103 la expirarea perioadei \u00een care pot fi formulate preten\u021bii &#8211; fie de c\u0103tre dumneavoastr\u0103, fie de c\u0103tre noi<br\/>(a se vedea ultimul tabel din aceast\u0103 parte pentru mai multe informa\u021bii)<\/td><\/tr><tr><th>Ce se \u00eent\u00e2mpl\u0103 dac\u0103 nu furniza\u021bi datele?<\/th><\/tr><tr><td>nu ve\u021bi putea plasa o comand\u0103<\/td><\/tr><\/tbody><\/table><\/figure><h3 class=\"wp-block-heading\">2. Plasarea unei comenzi \u00een magazin &#8211; Partea 2<\/h3><figure class=\"wp-block-table\"><table class=\"has-fixed-layout\"><tbody><tr><th>\u00cen ce scop prelucr\u0103m datele dumneavoastr\u0103?<\/th><\/tr><tr><td>\u00eembun\u0103t\u0103\u021birea calit\u0103\u021bii serviciilor noastre datorit\u0103 feedback-ului furnizat de utilizatori prin intermediul serviciului de sondaj de satisfac\u021bie<\/td><\/tr><tr><th>Pe ce baz\u0103 prelucr\u0103m datele dumneavoastr\u0103?<\/th><\/tr><tr><td>interesul nostru legitim de a prelucra datele dumneavoastr\u0103 \u00een scopul realiz\u0103rii de sondaje privind satisfac\u021bia dumneavoastr\u0103 cu privire la serviciile noastre [articolul 6 sec. 1 litera (f) din GDPR)<\/td><\/tr><tr><th>Pentru c\u00e2t timp vom prelucra datele dumneavoastr\u0103?<\/th><\/tr><tr><td>dac\u0103 nu furniza\u021bi feedback, pentru o perioad\u0103 de 30 de zile de la achizi\u021bie sau p\u00e2n\u0103 c\u00e2nd lu\u0103m \u00een considerare obiec\u021bia dumneavoastr\u0103 cu privire la prelucrare; \u0219i dac\u0103 furniza\u021bi feedback &#8211; p\u00e2n\u0103 c\u00e2nd acesta este \u0219ters sau p\u00e2n\u0103 c\u00e2nd lu\u0103m \u00een considerare obiec\u021bia dumneavoastr\u0103 cu privire la prelucrare*<\/td><\/tr><tr><td>\u00een plus, datele dumneavoastr\u0103 vor fi prelucrate p\u00e2n\u0103 la expirarea perioadei \u00een care pot fi formulate preten\u021bii &#8211; fie de c\u0103tre dumneavoastr\u0103, fie de c\u0103tre noi<br\/>(a se vedea ultimul tabel din aceast\u0103 parte pentru mai multe informa\u021bii)<\/td><\/tr><tr><th>Ce se \u00eent\u00e2mpl\u0103 dac\u0103 nu furniza\u021bi datele?<\/th><\/tr><tr><td>nu vom lua \u00een considerare opinia dumneavoastr\u0103 cu privire la serviciile noastre \u00een dezvoltarea ulterioar\u0103 a serviciilor noastre<\/td><\/tr><\/tbody><\/table><\/figure><p>* oricare dintre acestea este aplicabil\u0103 \u00eentr-un anumit caz<\/p><h3 class=\"wp-block-heading\">3. Crearea unui cont \u00een magazin<\/h3><figure class=\"wp-block-table\"><table class=\"has-fixed-layout\"><tbody><tr><th>\u00cen ce scop prelucr\u0103m datele dumneavoastr\u0103?<\/th><\/tr><tr><td>s\u0103 \u00eencheie un contract pentru furnizarea unui cont \u00een Shop<\/td><\/tr><tr><th>Pe ce baz\u0103 prelucr\u0103m datele dumneavoastr\u0103?<\/th><\/tr><tr><td>un contract de prestare de servicii [articolul 6 sec. 1 litera (b) din GDPR)<\/td><\/tr><tr><th>Pentru c\u00e2t timp vom prelucra datele dumneavoastr\u0103?<\/th><\/tr><tr><td>pe durata contractului sus-men\u021bionat<\/td><\/tr><tr><td>\u00een plus, datele dumneavoastr\u0103 vor fi prelucrate p\u00e2n\u0103 la expirarea perioadei \u00een care pot fi formulate preten\u021bii &#8211; fie de c\u0103tre dumneavoastr\u0103, fie de c\u0103tre noi<br\/>(a se vedea ultimul tabel din aceast\u0103 parte pentru mai multe informa\u021bii)<\/td><\/tr><tr><th>Ce se \u00eent\u00e2mpl\u0103 dac\u0103 nu furniza\u021bi datele?<\/th><\/tr><tr><td>nu ve\u021bi putea s\u0103 v\u0103 crea\u021bi un cont \u0219i s\u0103 utiliza\u021bi func\u021biile acestuia, cum ar fi vizualizarea istoricului comenzilor sau verificarea situa\u021biei comenzilor dvs.<\/td><\/tr><\/tbody><\/table><\/figure><h3 class=\"wp-block-heading\">4. Contacta\u021bi-ne (de exemplu, pentru a pune o \u00eentrebare)<\/h3><figure class=\"wp-block-table\"><table class=\"has-fixed-layout\"><tbody><tr><th>\u00cen ce scop prelucr\u0103m datele dumneavoastr\u0103?<\/th><\/tr><tr><td>pentru a r\u0103spunde \u00eentreb\u0103rilor sau solicit\u0103rilor dumneavoastr\u0103<\/td><\/tr><tr><th>Pe ce baz\u0103 prelucr\u0103m datele dumneavoastr\u0103?<\/th><\/tr><tr><td>un contract sau ac\u021biuni \u00eentreprinse la cererea dumneavoastr\u0103 \u00eenainte de \u00eencheierea unui contract [articolul 6 sec. 1(b) din GDPR) &#8211; \u00een cazul \u00een care \u00eentrebarea sau solicitarea dumneavoastr\u0103 se refer\u0103 la un contract la care suntem sau putem fi parte<\/td><td>interesul nostru legitim \u00een prelucrarea datelor dumneavoastr\u0103 \u00een scopul comunic\u0103rii cu dumneavoastr\u0103 [articolul 6 sec. 1 litera (f) din GDPR) &#8211; \u00een cazul \u00een care \u00eentrebarea sau solicitarea dvs. nu este legat\u0103 de un contract<\/td><\/tr><tr><th>Pentru c\u00e2t timp vom prelucra datele dumneavoastr\u0103?<\/th><\/tr><tr><td>pe durata contractului care ne oblig\u0103 sau, dac\u0103 nu s-a \u00eencheiat niciun contract, p\u00e2n\u0103 la expirarea perioadei de desp\u0103gubire &#8211; a se vedea ultimul tabel din prezenta parte<\/td><td>p\u00e2n\u0103 la expirarea perioadei de revendicare &#8211; a se vedea ultimul tabel din aceast\u0103 parte sau p\u00e2n\u0103 la luarea \u00een considerare a opozi\u021biei dumneavoastr\u0103 la prelucrare*<\/td><\/tr><tr><td>\u00een plus, datele dumneavoastr\u0103 vor fi prelucrate p\u00e2n\u0103 la expirarea perioadei \u00een care pot fi formulate preten\u021bii &#8211; fie de c\u0103tre dumneavoastr\u0103, fie de c\u0103tre noi<br\/>(a se vedea ultimul tabel din aceast\u0103 parte pentru mai multe informa\u021bii)<\/td><\/tr><tr><th>Ce se \u00eent\u00e2mpl\u0103 dac\u0103 nu furniza\u021bi datele?<\/th><\/tr><tr><td>nu vom fi \u00een m\u0103sur\u0103 s\u0103 r\u0103spundem \u00eentreb\u0103rii sau solicit\u0103rii dumneavoastr\u0103<\/td><\/tr><\/tbody><\/table><\/figure><p>* oricare dintre acestea este aplicabil\u0103 \u00eentr-un anumit caz<br\/><\/p><h3 class=\"wp-block-heading\">5. Set\u0103ri ale browserului sau alte ac\u021biuni similare care permit activit\u0103\u021bi analitice<\/h3><figure class=\"wp-block-table\"><table class=\"has-fixed-layout\"><tbody><tr><th>\u00cen ce scop prelucr\u0103m datele dumneavoastr\u0103?<\/th><\/tr><tr><td>pentru a analiza modul \u00een care utiliza\u021bi \u0219i naviga\u021bi prin Magazin \u00een vederea \u00eembun\u0103t\u0103\u021birii func\u021bionalit\u0103\u021bii acestuia<br\/>(citi\u021bi mai multe \u00een sec\u021biunile &#8222;Analiz\u0103&#8221; \u0219i &#8222;Module cookie&#8221; din Politica noastr\u0103 de confiden\u021bialitate)<\/td><\/tr><tr><th>Pe ce baz\u0103 prelucr\u0103m datele dumneavoastr\u0103?<\/th><\/tr><tr><td>interesul nostru legitim \u00een prelucrarea datelor \u00een scopul men\u021bionat mai sus<br\/>[articolul 6 sec. 1 litera (f) din GDPR)<\/td><\/tr><tr><th>Pentru c\u00e2t timp vom prelucra datele dumneavoastr\u0103?<\/th><\/tr><tr><td>p\u00e2n\u0103 c\u00e2nd modulele cookie utilizate \u00een scopuri analitice expir\u0103 sau sunt \u0219terse de dumneavoastr\u0103*<\/td><\/tr><tr><th>Ce se \u00eent\u00e2mpl\u0103 dac\u0103 nu furniza\u021bi datele?<\/th><\/tr><tr><td>nu vom lua \u00een considerare modul \u00een care utiliza\u021bi \u0219i naviga\u021bi prin Magazin atunci c\u00e2nd lucr\u0103m la dezvoltarea acestuia<\/td><\/tr><\/tbody><\/table><\/figure><p>* oricare dintre acestea este aplicabil\u0103 \u00eentr-un anumit caz<br\/><\/p><h3 class=\"wp-block-heading\">6. Consim\u021b\u0103m\u00e2ntul dumneavoastr\u0103 de a primi con\u021binut de marketing din partea noastr\u0103 (de exemplu, informa\u021bii privind ofertele speciale)<\/h3><figure class=\"wp-block-table\"><table class=\"has-fixed-layout\"><tbody><tr><th>\u00cen ce scop prelucr\u0103m datele dumneavoastr\u0103?<\/th><\/tr><tr><td>pentru a trimite informa\u021bii de marketing, \u00een special oferte speciale<\/td><td>pentru a analiza eficien\u021ba mesajelor pe care le trimitem, \u00een vederea stabilirii principiilor generale pentru mesaje eficiente \u00een activitatea noastr\u0103 comercial\u0103<br\/>(citi\u021bi mai multe \u00een sec\u021biunea &#8222;Activit\u0103\u021bi analitice&#8221; din Politica de confiden\u021bialitate)<\/td><\/tr><tr><th>Pe ce baz\u0103 prelucr\u0103m datele dumneavoastr\u0103?<\/th><\/tr><tr><td>consim\u021b\u0103m\u00e2ntul dumneavoastr\u0103 pentru activit\u0103\u021bile noastre de marketing [articolul 6 sec. 1(a) din GDPR)<\/td><td>interesul nostru legitim \u00een prelucrarea datelor \u00een scopul men\u021bionat mai sus<br\/>[articolul 6 sec. 1 litera (f) din GDPR)<\/td><\/tr><tr><th>Pentru c\u00e2t timp vom prelucra datele dumneavoastr\u0103?<\/th><\/tr><tr><td>p\u00e2n\u0103 c\u00e2nd v\u0103 retrage\u021bi consim\u021b\u0103m\u00e2ntul &#8211; re\u021bine\u021bi, v\u0103 pute\u021bi retrage consim\u021b\u0103m\u00e2ntul \u00een orice moment. Retragerea consim\u021b\u0103m\u00e2ntului nu afecteaz\u0103 legalitatea prelucr\u0103rii bazate pe consim\u021b\u0103m\u00e2nt \u00eenainte de retragerea acestuia. <\/td><td>p\u00e2n\u0103 la luarea \u00een considerare a opozi\u021biei dumneavoastr\u0103 fa\u021b\u0103 de prelucrare<\/td><\/tr><tr><td>\u00een plus, datele dumneavoastr\u0103 vor fi prelucrate p\u00e2n\u0103 la expirarea perioadei \u00een care pot fi formulate preten\u021bii &#8211; fie de c\u0103tre dumneavoastr\u0103, fie de c\u0103tre noi<br\/>(a se vedea ultimul tabel din aceast\u0103 parte pentru mai multe informa\u021bii)<\/td><\/tr><tr><th>Ce se \u00eent\u00e2mpl\u0103 dac\u0103 nu furniza\u021bi datele?<\/th><\/tr><tr><td>nu ve\u021bi primi materialele noastre de marketing, inclusiv informa\u021bii despre ofertele noastre speciale<\/td><\/tr><\/tbody><\/table><\/figure><h3 class=\"wp-block-heading\">7. \u00censcrierea la buletinul informativ<\/h3><figure class=\"wp-block-table\"><table class=\"has-fixed-layout\"><tbody><tr><th>\u00cen ce scop prelucr\u0103m datele dumneavoastr\u0103?<\/th><\/tr><tr><td>pentru a v\u0103 trimite buletinul nostru informativ<\/td><td>pentru a analiza eficien\u021ba mesajelor pe care le trimitem, \u00een vederea stabilirii principiilor generale pentru mesaje eficiente \u00een activitatea noastr\u0103 comercial\u0103<br\/>(citi\u021bi mai multe \u00een sec\u021biunea &#8222;Activit\u0103\u021bi analitice&#8221; din Politica de confiden\u021bialitate)<\/td><\/tr><tr><th>Pe ce baz\u0103 prelucr\u0103m datele dumneavoastr\u0103?<\/th><\/tr><tr><td>un contract pentru servicii de trimitere a unui buletin informativ [articolul 6 sec. 1 litera (b) din GDPR)<\/td><td>interesul nostru legitim \u00een prelucrarea datelor \u00een scopul men\u021bionat mai sus<br\/>[articolul 6 sec. 1 litera (f) din GDPR)<\/td><\/tr><tr><th>Pentru c\u00e2t timp vom prelucra datele dumneavoastr\u0103?<\/th><\/tr><tr><td>p\u00e2n\u0103 c\u00e2nd v\u0103 dezabona\u021bi de la buletinul nostru informativ<\/td><td>p\u00e2n\u0103 la luarea \u00een considerare a opozi\u021biei dumneavoastr\u0103 fa\u021b\u0103 de prelucrare<\/td><\/tr><tr><td>\u00een plus, datele dumneavoastr\u0103 vor fi prelucrate p\u00e2n\u0103 la expirarea perioadei \u00een care pot fi formulate preten\u021bii &#8211; fie de c\u0103tre dumneavoastr\u0103, fie de c\u0103tre noi<br\/>(a se vedea ultimul tabel din aceast\u0103 parte pentru mai multe informa\u021bii)<\/td><\/tr><tr><th>Ce se \u00eent\u00e2mpl\u0103 dac\u0103 nu furniza\u021bi datele?<\/th><\/tr><tr><td>nu ve\u021bi putea primi informa\u021bii privind Magazinul \u0219i serviciile noastre<\/td><\/tr><\/tbody><\/table><\/figure><h3 class=\"wp-block-heading\">8. Orice act sau omisiune care poate da na\u0219tere unei reclama\u021bii referitoare la Magazin sau la serviciile noastre<\/h3><figure class=\"wp-block-table\"><table class=\"has-fixed-layout\"><tbody><tr><th>\u00cen ce scop prelucr\u0103m datele dumneavoastr\u0103?<\/th><\/tr><tr><td>pentru a stabili, sus\u021bine sau ap\u0103ra eventualele reclama\u021bii legate de contractul \u00eencheiat sau de serviciile furnizate<\/td><\/tr><tr><th>Pe ce baz\u0103 prelucr\u0103m datele dumneavoastr\u0103?<\/th><\/tr><tr><td>interesul nostru legitim de a prelucra datele dumneavoastr\u0103 cu caracter personal \u00een scopul men\u021bionat mai sus [articolul 6 sec. 1 litera (f) din GDPR)<\/td><\/tr><tr><th>Pentru c\u00e2t timp vom prelucra datele dumneavoastr\u0103?<\/th><\/tr><tr><td>p\u00e2n\u0103 la expirarea perioadei de revendicare sau p\u00e2n\u0103 c\u00e2nd lu\u0103m \u00een considerare obiec\u021bia dumneavoastr\u0103 cu privire la prelucrarea datelor*<\/td><\/tr><tr><th>Ce se \u00eent\u00e2mpl\u0103 dac\u0103 nu furniza\u021bi datele?<\/th><\/tr><tr><td>incapacitatea de a stabili, sus\u021bine sau ap\u0103ra revendic\u0103ri<\/td><\/tr><\/tbody><\/table><\/figure><p>* oricare dintre acestea este aplicabil\u0103 \u00eentr-un anumit caz<br\/><\/p><h2 class=\"wp-block-heading\">PUBLICAREA DATELOR<\/h2><p>Dac\u0103 alege\u021bi s\u0103 l\u0103sa\u021bi un comentariu, acesta va fi vizibil, la fel ca \u0219i porecla dumneavoastr\u0103, pentru ceilal\u021bi utilizatori ai Magazinului.<\/p><p>Nu divulg\u0103m adresa dvs. de e-mail altor utilizatori, cu excep\u021bia cazului \u00een care o face\u021bi dvs. personal.<\/p><h2 class=\"wp-block-heading\">ACTIVIT\u0102\u021aI ANALITICE<\/h2><p>Ca parte a site-ului web al Magazinului, efectu\u0103m activit\u0103\u021bi analitice pentru a-l face mai intuitiv \u0219i mai accesibil &#8211; vom face acest lucru dac\u0103 permite\u021bi astfel de activit\u0103\u021bi. Ca parte a analizei, vom lua \u00een considerare modul \u00een care naviga\u021bi \u00een Magazin, de exemplu, c\u00e2t timp petrece\u021bi pe o anumit\u0103 subpagin\u0103 sau unde face\u021bi clic \u00een Magazin. Acest lucru ne permite s\u0103 optimiz\u0103m structura, aspectul \u0219i con\u021binutul Magazinului pe m\u0103sur\u0103 ce lucr\u0103m la dezvoltarea acestuia, pentru a-i \u00eembun\u0103t\u0103\u021bi func\u021bionalitatea.  <\/p><p>\u00cen plus, dac\u0103 dori\u021bi s\u0103 primi\u021bi mesaje de marketing sau buletine informative de la noi, putem analiza eficien\u021ba trimiterii po\u0219tale pe care am efectuat-o. De exemplu, putem verifica dac\u0103 \u0219i cum a afectat aceasta activitatea \u00een magazinul nostru. Astfel de activit\u0103\u021bi ne vor ajuta s\u0103 stabilim reguli generale pentru trimiterea unor astfel de mesaje &#8211; de exemplu, \u00een ceea ce prive\u0219te orele optime de trimitere sau determinarea modului de a formula un con\u021binut eficient.  <\/p><h2 class=\"wp-block-heading\">SECURITATEA DATELOR<\/h2><p>Atunci c\u00e2nd prelucr\u0103m datele dumneavoastr\u0103 cu caracter personal, utiliz\u0103m mijloace organizatorice \u0219i tehnice \u00een conformitate cu legisla\u021bia aplicabil\u0103, inclusiv criptarea conexiunii utiliz\u00e2nd protocolul SSL\/TLS.<\/p><h2 class=\"wp-block-heading\">COOKIES<\/h2><p>Magazinul nostru, ca majoritatea site-urilor web, utilizeaz\u0103 a\u0219a-numitele module cookie. Aceste module cookie: <\/p><ul class=\"wp-block-list\"><li>sunt salvate \u00een memoria dispozitivului dvs. (computer, telefon etc.);<\/li>\n\n<li>nu modifica\u021bi set\u0103rile dispozitivului dvs.<\/li><\/ul><p>\u00cen magazinul nostru, cookie-urile sunt utilizate pentru:<\/p><ul class=\"wp-block-list\"><li>scopuri statistice,<\/li>\n\n<li>scopuri de marketing,<\/li><\/ul><p>Pentru a afla cum s\u0103 gestiona\u021bi modulele cookie, inclusiv cum s\u0103 le dezactiva\u021bi \u00een browserul dumneavoastr\u0103, pute\u021bi utiliza fi\u0219ierul de ajutor al browserului dumneavoastr\u0103. Pute\u021bi afla mai multe despre acest lucru ap\u0103s\u00e2nd F1 \u00een browserul dumneavoastr\u0103. \u00cen plus, pute\u021bi g\u0103si sfaturi adecvate pe urm\u0103toarele pagini, \u00een func\u021bie de browserul pe care \u00eel utiliza\u021bi:  <\/p><ul class=\"wp-block-list\"><li><a href=\"https:\/\/support.google.com\/chrome\/answer\/95647?hl=en\" target=\"_blank\" rel=\"noreferrer noopener\">Google Chrome<\/a><\/li>\n\n<li><a href=\"https:\/\/help.opera.com\/en\/latest\/web-preferences\/#cookies\" target=\"_blank\" rel=\"noreferrer noopener\">Oper\u0103<\/a><\/li>\n\n<li><a href=\"https:\/\/support.apple.com\/en-gb\/guide\/safari\/sfri11471\/mac\" target=\"_blank\" rel=\"noreferrer noopener\">Safari<\/a><\/li>\n\n<li><a href=\"https:\/\/support.mozilla.org\/en-US\/kb\/cookies-information-websites-store-on-your-computer\" target=\"_blank\" rel=\"noreferrer noopener\">Mozilla Firefox<\/a><\/li>\n\n<li><a href=\"https:\/\/support.microsoft.com\/en-gb\/help\/4468242\/microsoft-edge-browsing-data-and-privacy\" target=\"_blank\" rel=\"noreferrer noopener\">Microsoft Edge<\/a><\/li><\/ul><p>Mai jos pute\u021bi g\u0103si informa\u021bii privind func\u021biile modulelor cookie pe care le proces\u0103m \u0219i perioada lor de valabilitate.<\/p><figure class=\"wp-block-table\"><table class=\"has-fixed-layout\"><tbody><tr><th>Numele cookie-ului<\/th><th>Perioada de valabilitate a cookie-ului<\/th><th>Func\u021bia Cookie<\/th><\/tr><tr><td>&#8222;_ga&#8221;<\/td><td>durata sesiunii<\/td><td>urm\u0103rirea activit\u0103\u021bii utilizatorilor \u00een scopuri statistice<\/td><\/tr><\/tbody><\/table><\/figure><p>Utiliz\u00e2nd op\u021biunile corespunz\u0103toare ale browserului dumneavoastr\u0103, pute\u021bi \u00een orice moment:<\/p><ul class=\"wp-block-list\"><li>\u0219terge\u021bi modulele cookie,<\/li>\n\n<li>s\u0103 bloca\u021bi utilizarea cookie-urilor \u00een viitor.<\/li><\/ul><p>\u00cen astfel de cazuri, nu le vom mai prelucra.<\/p><h2 class=\"wp-block-heading\">SERVICII EXTERNE \/ DESTINATARI DE DATE<\/h2><p>Utiliz\u0103m servicii externe pentru a ne ajuta \u00een activitatea noastr\u0103. Le \u00eencredin\u021b\u0103m prelucrarea datelor dumneavoastr\u0103 &#8211; ace\u0219ti procesatori prelucreaz\u0103 datele numai la solicitarea noastr\u0103 documentat\u0103. <\/p><p>Mai jos ve\u021bi g\u0103si o list\u0103 a destinatarilor datelor dumneavoastr\u0103:<\/p><figure class=\"wp-block-table\"><table class=\"has-fixed-layout\"><tbody><tr><th>AC\u021aIUNE<\/th><th>DESTINATARI DE DATE<\/th><th>TRANSFERURI DE DATE CU CARACTER PERSONAL C\u0102TRE \u021a\u0102RI DIN AFARA UNIUNII EUROPENE<\/th><\/tr><tr><th rowspan=\"4\">orice ac\u021biune legat\u0103 de magazin<\/th><td>furnizor de g\u0103zduire<\/td><td>nu are loc<\/td><\/tr><tr><td>entitatea care ne furnizeaz\u0103 asisten\u021b\u0103 tehnic\u0103\/IT<\/td><td>nu are loc<\/td><\/tr><tr><td>persoane care coopereaz\u0103 cu noi pe baza unor contracte de drept civil, care sprijin\u0103 activit\u0103\u021bile noastre curente<\/td><td>nu are loc<\/td><\/tr><tr><td>furnizor de software de v\u00e2nz\u0103ri<\/td><td>nu are loc<\/td><\/tr><tr><th>vizitarea Magazinului cu set\u0103ri care permit desf\u0103\u0219urarea de activit\u0103\u021bi de marketing<\/th><td>furnizor de servicii de marketing<\/td><td>nu are loc<\/td><\/tr><tr><th>vizitarea magazinului cu set\u0103ri care permit desf\u0103\u0219urarea activit\u0103\u021bilor analitice<\/th><td>entitate care permite activit\u0103\u021bi analitice \u00een magazin<\/td><td>nu are loc<\/td><\/tr><tr><th rowspan=\"7\">plasarea unei comenzi \u00een magazin<\/th><td>procesator de pl\u0103\u021bi<\/td><td>nu are loc<\/td><\/tr><tr><td>entitatea care v\u0103 furnizeaz\u0103 produsul<\/td><td>nu are loc<\/td><\/tr><tr><td>furnizor de software de facilitare a afacerilor (de exemplu, software de contabilitate)<\/td><td>nu are loc<\/td><\/tr><tr><td>furnizor de software de birou standard (inclusiv cutii de e-mail)<\/td><td>nu are loc<\/td><\/tr><tr><td>angrosistul<\/td><td>nu are loc<\/td><\/tr><tr><td>birou de contabilitate<\/td><td>nu are loc<\/td><\/tr><tr><td>furnizor de servicii \u00een rate<\/td><td>nu are loc<\/td><\/tr><tr><th>abonarea la buletinul informativ sau consim\u021b\u0103m\u00e2ntul pentru marketing<\/th><td>entitate care furnizeaz\u0103 buletine informative sau servicii de mesagerie de marketing<\/td><td>nu are loc<\/td><\/tr><tr><th>utilizarea chat-ului online disponibil \u00een magazin<\/th><td>furnizor al chat-ului online disponibil \u00een magazin<\/td><td>nu are loc<\/td><\/tr><tr><th>utilizarea de c\u0103tre dvs. a serviciilor pe care ni le furniza\u021bi \u00een leg\u0103tur\u0103 cu Magazinul prin intermediul platformelor social media<\/th><td>platforme de social media<\/td><td>nu are loc<\/td><\/tr><tr><th>participarea la un sondaj de satisfac\u021bie privind serviciile sau produsele noastre<\/th><td>entit\u0103\u021bi care permit postarea de opinii despre magazin sau produse \u0219i compararea acestora<\/td><td>nu are loc<\/td><\/tr><tr><th>s\u0103 ne contacta\u021bi (de exemplu, pentru a pune o \u00eentrebare)<\/th><td>furnizor de software de birou standard (inclusiv cutii de e-mail)<\/td><td>nu are loc<\/td><\/tr><\/tbody><\/table><\/figure><p>\u00cen plus:<\/p><p>autorit\u0103\u021bile publice relevante, \u00een m\u0103sura \u00een care suntem obliga\u021bi s\u0103 le furniz\u0103m datele.<\/p>","protected":false},"excerpt":{"rendered":"<p>Drag\u0103 utilizator! Ne pas\u0103 de confiden\u021bialitatea dumneavoastr\u0103 \u0219i dorim s\u0103 v\u0103 sim\u021bi\u021bi confortabil atunci c\u00e2nd utiliza\u021bi serviciile noastre. Prin urmare, mai jos v\u0103 prezent\u0103m cele mai importante informa\u021bii privind politica de prelucrare a datelor dvs. personale \u0219i privind modulele cookie care sunt utilizate de magazinul nostru. Aceste informa\u021bii au fost preg\u0103tite cu privire la GDPR, [&hellip;]<\/p>\n","protected":false},"author":2,"featured_media":0,"parent":0,"menu_order":0,"comment_status":"closed","ping_status":"closed","template":"","meta":{"footnotes":""},"class_list":["post-3649","page","type-page","status-publish","hentry","no-thumb"],"_links":{"self":[{"href":"https:\/\/paradox24.com\/ro\/wp-json\/wp\/v2\/pages\/3649","targetHints":{"allow":["GET"]}}],"collection":[{"href":"https:\/\/paradox24.com\/ro\/wp-json\/wp\/v2\/pages"}],"about":[{"href":"https:\/\/paradox24.com\/ro\/wp-json\/wp\/v2\/types\/page"}],"author":[{"embeddable":true,"href":"https:\/\/paradox24.com\/ro\/wp-json\/wp\/v2\/users\/2"}],"replies":[{"embeddable":true,"href":"https:\/\/paradox24.com\/ro\/wp-json\/wp\/v2\/comments?post=3649"}],"version-history":[{"count":0,"href":"https:\/\/paradox24.com\/ro\/wp-json\/wp\/v2\/pages\/3649\/revisions"}],"wp:attachment":[{"href":"https:\/\/paradox24.com\/ro\/wp-json\/wp\/v2\/media?parent=3649"}],"curies":[{"name":"wp","href":"https:\/\/api.w.org\/{rel}","templated":true}]}}