{"id":3572,"date":"2024-07-25T08:58:12","date_gmt":"2024-07-25T07:58:12","guid":{"rendered":"https:\/\/paradox24.com\/politica-de-rambursare\/"},"modified":"2026-02-23T16:50:12","modified_gmt":"2026-02-23T15:50:12","slug":"politica-de-rambursare","status":"publish","type":"page","link":"https:\/\/paradox24.com\/ro\/politica-de-rambursare\/","title":{"rendered":"Politica de rambursare"},"content":{"rendered":"<div class=\"wpb-content-wrapper\"><p>[vc_row][vc_column][vc_column_text css=&#8221;&#8221;]<\/p>\n<p>Avem o politic\u0103 de returnare de 100 de zile, ceea ce \u00eenseamn\u0103 c\u0103 ave\u021bi la dispozi\u021bie 100 de zile de la primirea articolului pentru a solicita o returnare.<\/p>\n<p>Pentru a \u00eencepe o returnare, ne pute\u021bi contacta la <a href=\"mailto:hello@paradox24.com\">hello@paradox24.com<\/a>. V\u0103 rug\u0103m s\u0103 re\u021bine\u021bi c\u0103 return\u0103rile vor trebui trimise la urm\u0103toarea adres\u0103: Omnipack Fulfillment Center, sala DC04 ramp 55, Aleja Katowicka 66, 05-830 Nadarzyn<\/p>\n<p>Dac\u0103 returul dvs. este acceptat, v\u0103 vom trimite o etichet\u0103 de returnare, precum \u0219i instruc\u021biuni despre cum \u0219i unde s\u0103 trimite\u021bi pachetul. Articolele trimise \u00eenapoi la noi f\u0103r\u0103 a solicita mai \u00eent\u00e2i o returnare nu vor fi acceptate.<\/p>\n<p>Ne pute\u021bi contacta oric\u00e2nd pentru orice \u00eentrebare legat\u0103 de returnare la <a href=\"mailto:hello@paradox24.com\">hello@paradox24.com.<\/a><\/p>\n<p><strong>Daune \u0219i probleme<\/strong><br \/>V\u0103 rug\u0103m s\u0103 inspecta\u021bi comanda la recep\u021bie \u0219i s\u0103 ne contacta\u021bi imediat dac\u0103 articolul este defect, deteriorat sau dac\u0103 a\u021bi primit un articol gre\u0219it, astfel \u00eenc\u00e2t s\u0103 putem evalua problema \u0219i s\u0103 o rezolv\u0103m.<\/p>\n<p><strong>Excep\u021bii \/ articole care nu pot fi returnate<\/strong><br \/>Anumite tipuri de articole nu pot fi returnate, cum ar fi produsele perisabile (cum ar fi alimentele, florile sau plantele), produsele personalizate (cum ar fi comenzile speciale sau articolele personalizate) \u0219i produsele de \u00eengrijire personal\u0103 (cum ar fi produsele de \u00eenfrumuse\u021bare). De asemenea, nu accept\u0103m return\u0103ri pentru materiale periculoase, lichide inflamabile sau gaze. V\u0103 rug\u0103m s\u0103 ne contacta\u021bi dac\u0103 ave\u021bi \u00eentreb\u0103ri sau nel\u0103muriri cu privire la articolul dvs. specific.<\/p>\n<p><strong>Schimburi<\/strong><br \/>Cea mai rapid\u0103 modalitate de a v\u0103 asigura c\u0103 ob\u021bine\u021bi ceea ce dori\u021bi este s\u0103 returna\u021bi articolul pe care \u00eel ave\u021bi \u0219i, odat\u0103 ce returul este acceptat, s\u0103 face\u021bi o achizi\u021bie separat\u0103 pentru noul articol.<\/p>\n<p><strong>Uniunea European\u0103 Perioada de 14 zile<\/strong><br \/>F\u0103r\u0103 a aduce atingere celor de mai sus, dac\u0103 marfa este expediat\u0103 \u00een Uniunea European\u0103, ave\u021bi dreptul s\u0103 anula\u021bi sau s\u0103 returna\u021bi comanda \u00een termen de 14 zile, din orice motiv \u0219i f\u0103r\u0103 o justificare.<\/p>\n<p>[\/vc_column_text][\/vc_column][\/vc_row]<\/p>\n<\/div>","protected":false},"excerpt":{"rendered":"<p>[vc_row][vc_column][vc_column_text css=&#8221;&#8221;] Avem o politic\u0103 de returnare de 100 de zile, ceea ce \u00eenseamn\u0103 c\u0103 ave\u021bi la dispozi\u021bie 100 de zile de la primirea articolului pentru a solicita o returnare. Pentru a \u00eencepe o returnare, ne pute\u021bi contacta la hello@paradox24.com. V\u0103 rug\u0103m s\u0103 re\u021bine\u021bi c\u0103 return\u0103rile vor trebui trimise la urm\u0103toarea adres\u0103: Omnipack Fulfillment Center, [&hellip;]<\/p>\n","protected":false},"author":2,"featured_media":0,"parent":0,"menu_order":0,"comment_status":"closed","ping_status":"closed","template":"","meta":{"footnotes":""},"class_list":["post-3572","page","type-page","status-publish","hentry","no-thumb"],"_links":{"self":[{"href":"https:\/\/paradox24.com\/ro\/wp-json\/wp\/v2\/pages\/3572","targetHints":{"allow":["GET"]}}],"collection":[{"href":"https:\/\/paradox24.com\/ro\/wp-json\/wp\/v2\/pages"}],"about":[{"href":"https:\/\/paradox24.com\/ro\/wp-json\/wp\/v2\/types\/page"}],"author":[{"embeddable":true,"href":"https:\/\/paradox24.com\/ro\/wp-json\/wp\/v2\/users\/2"}],"replies":[{"embeddable":true,"href":"https:\/\/paradox24.com\/ro\/wp-json\/wp\/v2\/comments?post=3572"}],"version-history":[{"count":4,"href":"https:\/\/paradox24.com\/ro\/wp-json\/wp\/v2\/pages\/3572\/revisions"}],"predecessor-version":[{"id":30799,"href":"https:\/\/paradox24.com\/ro\/wp-json\/wp\/v2\/pages\/3572\/revisions\/30799"}],"wp:attachment":[{"href":"https:\/\/paradox24.com\/ro\/wp-json\/wp\/v2\/media?parent=3572"}],"curies":[{"name":"wp","href":"https:\/\/api.w.org\/{rel}","templated":true}]}}