{"id":2699,"date":"2018-06-01T08:19:29","date_gmt":"2018-06-01T07:19:29","guid":{"rendered":"https:\/\/paradox24.com\/despre\/"},"modified":"2026-02-23T16:57:16","modified_gmt":"2026-02-23T15:57:16","slug":"despre","status":"publish","type":"page","link":"https:\/\/paradox24.com\/ro\/despre\/","title":{"rendered":"Despre"},"content":{"rendered":"<div class=\"wpb-content-wrapper\"><p>[vc_row full_width=&#8221;stretch_row_content_no_spaces&#8221; el_class=&#8221;supro-no-padding-left supro-no-padding-right&#8221;][vc_column][vc_column_text css=&#8221;.vc_custom_1729797872336{margin-bottom: 0px !important;}&#8221;]<\/p>\n<div class=\"about-us heading\">\n<div class=\"heading-content\">\n<h2>Salut!<\/h2>\n<p><strong>Noi suntem Paradox!<\/strong> Cre\u0103m <strong>scaune de \u00eenalt\u0103 performan\u021b\u0103<\/strong> pentru a te ajuta s\u0103 <strong>\u00ee\u021bi maximizezi poten\u021bialul<\/strong> at\u00e2t la munc\u0103, c\u00e2t \u0219i \u00een joac\u0103. Designurile noastre \u00eembin\u0103 <strong>suport ergonomic<\/strong>, <strong>calitate premium<\/strong> \u0219i <strong>estetic\u0103 inspiratoare<\/strong> pentru a eleva orice spa\u021biu.<\/p>\n<\/div>\n<p><img decoding=\"async\" src=\"https:\/\/paradox24.com\/wp-content\/uploads\/2024\/10\/3-razem_01-1.png\" alt=\"Imagine de fundal\" \/><\/p>\n<\/div>\n<p>[\/vc_column_text][vc_column_text css=&#8221;.vc_custom_1729798099020{margin-bottom: 0px !important;background-color: #222222 !important;}&#8221; el_class=&#8221;.about-us .info .info&#8211;white&#8221;]<\/p>\n<h2>Cine suntem.<\/h2>\n<p>La Paradox Gaming, suntem un <strong>grup de antreprenori pasiona\u021bi<\/strong> cu un total de <strong>250 de ani<\/strong> de experien\u021b\u0103 \u00een diverse industrii. Background-urile noastre diverse \u00een <strong>dezvoltarea de produse<\/strong>, <strong>design<\/strong>, <strong>e-commerce<\/strong>, consultan\u021b\u0103, publicitate, ospitalitate, evenimente, arhitectur\u0103 urban\u0103, cosmetice \u0219i bunuri de consum ne-au oferit o perspectiv\u0103 unic\u0103 asupra designului de produse \u0219i a nevoilor clien\u021bilor.[\/vc_column_text][vc_column_text css=&#8221;.vc_custom_1729798671318{margin-bottom: 0px !important;background-color: #ffffff !important;}&#8221; el_class=&#8221;.about-us .info&#8221;]<\/p>\n<h3>\u00cent\u00e2lne\u0219te echipa fondatoare:<\/h3>\n<div class=\"founder\">\n<div class=\"founder-image\"><img loading=\"lazy\" decoding=\"async\" src=\"https:\/\/paradox24.com\/wp-content\/uploads\/2024\/10\/IMG_9627-BW-1.png\" alt=\"Przemek Kowalewski\" width=\"400\" height=\"400\" \/><\/div>\n<div class=\"founder-content\">\n<p><strong>Przemek Kowalewski, CEO<\/strong><\/p>\n<p>Vizionarul strategic \u0219i inovatorul \u00een e-commerce. Przemek, fost executiv la Westwing (e-commerce pentru cas\u0103 \u0219i decor), aduce expertiz\u0103 \u00een dezvoltarea de produse, achizi\u021bii \u0219i produc\u021bie, precum \u0219i \u00een e-commerce \u0219i marketing digital. Fost consultant McKinsey cu o privire ascu\u021bit\u0103 pentru strategia \u0219i opera\u021biunile de afaceri.<\/p>\n<\/div>\n<\/div>\n<div class=\"founder\">\n<div class=\"founder-image\"><img loading=\"lazy\" decoding=\"async\" src=\"https:\/\/paradox24.com\/wp-content\/uploads\/2024\/10\/IMG_9627-BW-1-2.png\" alt=\"Pawe\u0142 Miklaszewski\" width=\"400\" height=\"400\" \/><\/div>\n<div class=\"founder-content\">\n<p><strong>Pawe\u0142 Miklaszewski, Chief Creative Officer<\/strong><\/p>\n<p>For\u021ba creativ\u0103 de la Paradox. Pawe\u0142 este, de asemenea, fondatorul agen\u021biei 360 premiate &#8222;Walk Group&#8221; \u0219i al buticului de design &#8222;Walk with David&#8221;, aduc\u00e2nd o bog\u0103\u021bie de expertiz\u0103 \u00een design \u0219i creativitate la Paradox. Impresionanta sa colec\u021bie de distinc\u021bii, inclusiv un Cannes Lion, multiple KTR Awards, Effies \u0219i multe altele, este o dovad\u0103 a abord\u0103rii sale centrate pe consumator.<\/p>\n<\/div>\n<\/div>\n<h3>Chief Designer-ul nostru:<\/h3>\n<div class=\"founder\">\n<div class=\"founder-image\"><img loading=\"lazy\" decoding=\"async\" src=\"https:\/\/paradox24.com\/wp-content\/uploads\/2024\/10\/IMG_9627-BW-1-1.png\" alt=\"David Racchi\" width=\"400\" height=\"400\" \/><\/div>\n<div class=\"founder-content\">\n<p><strong>David Racchi, Chief Designer<\/strong><\/p>\n<p>David, un australian cu o perspectiv\u0103 global\u0103, aduce un flair interna\u021bional \u00een munca sa, format de experien\u021be \u00een Melbourne, Spania \u0219i Argentina. Designurile sale acoper\u0103 design de produse, design de ambalaje, branding, publicitate \u0219i multe altele, fiecare pies\u0103 reflect\u00e2nd abordarea sa unic\u0103 de a uni simplitatea cu storytelling-ul. Talentul s\u0103u a fost recunoscut pe scena global\u0103, inclusiv cu un prestigios Gold Cannes Lion.<\/p>\n<\/div>\n<\/div>\n<p>[\/vc_column_text][vc_column_text css=&#8221;.vc_custom_1729542358975{margin-bottom: 0px !important;background-color: #222222 !important;}&#8221; el_class=&#8221;.about-us .info .info&#8211;white&#8221;]<\/p>\n<h2>Povestea noastr\u0103.<\/h2>\n<p>Na\u0219terea Paradox Gaming nu a fost un thriller hollywoodian, dar credem c\u0103 este o poveste care merit\u0103 spus\u0103.<\/p>\n<p>Totul a \u00eenceput cu o c\u0103utare simpl\u0103: g\u0103sirea scaunului de birou perfect.<br \/>\n\u00cen timp ce c\u0103utam, am realizat c\u0103 pia\u021ba oferea dou\u0103 extreme nesatisf\u0103c\u0103toare \u2013 scaune formale, ne-ergonomice<br \/>\nsau scaune de gaming cu designuri neatractive. Aceast\u0103 lacun\u0103 de pe pia\u021b\u0103 a aprins o idee.<\/p>\n<p>Dragostea noastr\u0103 pentru design \u0219i crearea de produse fizice a alimentat pasiunea noastr\u0103. Apoi, \u00een vara anului 2022,<br \/>\na ap\u0103rut o oportunitate. Am achizi\u021bionat o companie cu o unitate de afaceri mic\u0103 care vindea scaune de gaming f\u0103r\u0103 marc\u0103. Aceast\u0103 achizi\u021bie a fost catalizatorul de care aveam nevoie.<\/p>\n<p>Am decis s\u0103 revizuim complet portofoliul de produse \u0219i s\u0103 cre\u0103m un brand care s\u0103 revolu\u021bioneze conceptul de scaune de gaming. \u0218i a\u0219a s-a n\u0103scut Paradox.<\/p>\n<p>De la \u00eenfiin\u021barea noastr\u0103 \u00een 2022, ne-am dedicat \u00een \u00eentregime perfec\u021bion\u0103rii experien\u021bei Paradox!<br \/>\nAm creat peste 200 de designuri unice de scaune \u0219i peste 30 de prototipuri, am c\u0103l\u0103torit pe trei continente<br \/>\npentru a vizita 10+ facilit\u0103\u021bi de fabrica\u021bie \u0219i am vorbit cu sute de utilizatori.<\/p>\n<p class=\"motto\"><strong>Dar cel mai important, am creat scaune pe care le iubim \u0219i le folosim \u00een fiecare zi.<\/strong><\/p>\n<p>[\/vc_column_text][vc_column_text css=&#8221;.vc_custom_1729542370996{margin-bottom: 0px !important;background-color: #e3e3e3 !important;}&#8221; el_class=&#8221;.about-us .info&#8221;]<\/p>\n<h2>Filozofia noastr\u0103.<\/h2>\n<p>\u00ce\u021bi aminte\u0219ti c\u00e2nd adida\u0219ii erau doar pentru alergare? Apoi a venit Nike \u0219i a spus: &#8222;Hei, po\u021bi purta ace\u0219ti pantofi \u00een fiecare zi! Sunt stilosi, confortabili \u0219i durabili.&#8221;<\/p>\n<p>Lu\u0103m o abordare similar\u0103 cu scaunele de gaming. Credem c\u0103 un scaun grozav pentru munc\u0103 \u0219i joac\u0103 ar trebui s\u0103 fie mai mult dec\u00e2t func\u021bional. Ar trebui s\u0103 fie:<\/p>\n<ul>\n<li>Egonomic \u0219i confortabil pentru acele sesiuni lungi de stat pe scaun<\/li>\n<li>O pies\u0103 de declara\u021bie cu un design extraordinar<\/li>\n<li>Durabil \u0219i de \u00eenalt\u0103 calitate pentru a rezista testului timpului<\/li>\n<\/ul>\n<p class=\"motto\"><strong>La Paradox, provoc\u0103m no\u021biunea c\u0103 scaunele de gaming sunt doar pentru gameri. Cre\u0103m scaune care \u00ee\u021bi sus\u021bin stilul de via\u021b\u0103, fie c\u0103 cucere\u0219ti lumi virtuale sau ziua ta de lucru.<\/strong><\/p>\n<p>[\/vc_column_text][vc_column_text css=&#8221;.vc_custom_1729541822753{margin-bottom: 0px !important;background-color: #ffffff !important;}&#8221; el_class=&#8221;.about-us .info&#8221;]<\/p>\n<h2>Misiunea noastr\u0103.<\/h2>\n<p>Misiunea noastr\u0103 este simpl\u0103, dar ambi\u021bioas\u0103:<\/p>\n<ol>\n<li>S\u0103 \u00ee\u021bi oferim un scaun ergonomic, de \u00eenalt\u0103 calitate, cu un design excep\u021bional.<\/li>\n<li>S\u0103 te sus\u021binem \u00een timpul orelor lungi de stat pe scaun \u0219i s\u0103 \u00ee\u021bi \u00eembun\u0103t\u0103\u021bim performan\u021ba.<\/li>\n<li>S\u0103 \u00ee\u021bi aducem bucurie de fiecare dat\u0103 c\u00e2nd te ui\u021bi la scaunul t\u0103u.<\/li>\n<li>S\u0103 cre\u0103m produse care rezist\u0103 testului timpului.<\/li>\n<\/ol>\n<p><strong>Dar nu este vorba doar despre produsul final. Ne-am angajat s\u0103 ne distr\u0103m pe tot parcursul procesului \u2013 de la design \u0219i fabrica\u021bie p\u00e2n\u0103 la livrare. Credem c\u0103 atunci c\u00e2nd ne bucur\u0103m de ceea ce facem, se reflect\u0103 \u00een calitatea produselor noastre \u0219i \u00een satisfac\u021bia clien\u021bilor no\u0219tri.<\/strong>[\/vc_column_text][vc_column_text css=&#8221;.vc_custom_1729542376551{margin-bottom: 0px !important;background-color: #e3e3e3 !important;}&#8221; el_class=&#8221;.about-us .info&#8221;]<\/p>\n<h2>Valorile noastre.<\/h2>\n<p>\u00cen centrul Paradox Gaming se afl\u0103 principiile noastre c\u0103l\u0103uzitoare:<\/p>\n<ol>\n<li><strong>Inova\u021bie<\/strong>: \u00cempingem constant grani\u021bele designului de scaune \u0219i func\u021bionalit\u0103\u021bii.<\/li>\n<li><strong>Calitate<\/strong>: Nu facem niciodat\u0103 compromisuri \u00een ceea ce prive\u0219te materialele sau me\u0219te\u0219ugul produselor noastre.<\/li>\n<li><strong>Satisfac\u021bia clien\u021bilor<\/strong>: Confortul \u0219i fericirea ta sunt priorit\u0103\u021bile noastre supreme.<\/li>\n<li><strong>Sustenabilitate<\/strong>: Suntem dedica\u021bi practicilor de fabrica\u021bie responsabile fa\u021b\u0103 de mediu.<\/li>\n<li><strong>Transparen\u021b\u0103<\/strong>: Credem \u00een comunicarea deschis\u0103 cu clien\u021bii \u0219i partenerii no\u0219tri.<\/li>\n<\/ol>\n<p class=\"motto\"><strong>Aceste valori informeaz\u0103 fiecare decizie pe care o lu\u0103m, de la alegerile de design la practicile de servicii pentru clien\u021bi.<\/strong><\/p>\n<p>[\/vc_column_text][vc_column_text css=&#8221;.vc_custom_1729544085070{margin-bottom: 0px !important;background-color: #ffffff !important;}&#8221; el_class=&#8221;.about-us .info&#8221;]<\/p>\n<h3>Parte a grupului eco24.<\/h3>\n<p>Ca parte a grupului eco24, Paradox beneficiaz\u0103 de o misiune mai larg\u0103: de a crea produse inovatoare, sustenabile \u0219i orientate spre design \u00eentr-o gam\u0103 de industrii.[\/vc_column_text][vc_column_text css=&#8221;.vc_custom_1729542300549{margin-bottom: 0px !important;background-color: #bf403a !important;}&#8221; el_class=&#8221;.about-us .info .info&#8211;center .info&#8211;white&#8221;]<\/p>\n<h2>Al\u0103tur\u0103-te revolu\u021biei Paradox.<\/h2>\n<p>Gata s\u0103 experimentezi amestecul perfect de stil, confort \u0219i func\u021bionalitate?<br \/>\nExploreaz\u0103 gama noastr\u0103 de scaune de gaming Paradox \u0219i g\u0103se\u0219te-l pe cel care \u00ee\u021bi vorbe\u0219te.<\/p>\n<p>Ai \u00eentreb\u0103ri sau ai nevoie de asisten\u021b\u0103? Echipa noastr\u0103 este \u00eentotdeauna aici pentru a ajuta.<br \/>\nContacteaz\u0103-ne ast\u0103zi \u0219i s\u0103 \u00eencepem o conversa\u021bie despre scaunul t\u0103u perfect<br \/>\nla <a href=\"mailto:hello@paradox24.com\">hello@paradox24.com<\/a><\/p>\n<p class=\"motto\"><strong>Bine ai venit la Paradox \u2013 unde confortul \u00eent\u00e2lne\u0219te stilul, iar func\u021bia \u00eent\u00e2lne\u0219te forma!<\/strong><\/p>\n<p>[\/vc_column_text][\/vc_column][\/vc_row]<\/p>\n<\/div>","protected":false},"excerpt":{"rendered":"<p>[vc_row full_width=&#8221;stretch_row_content_no_spaces&#8221; el_class=&#8221;supro-no-padding-left supro-no-padding-right&#8221;][vc_column][vc_column_text css=&#8221;.vc_custom_1729797872336{margin-bottom: 0px !important;}&#8221;] Salut! Noi suntem Paradox! Cre\u0103m scaune de \u00eenalt\u0103 performan\u021b\u0103 pentru a te ajuta s\u0103 \u00ee\u021bi maximizezi poten\u021bialul at\u00e2t la munc\u0103, c\u00e2t \u0219i \u00een joac\u0103. Designurile noastre \u00eembin\u0103 suport ergonomic, calitate premium \u0219i estetic\u0103 inspiratoare pentru a eleva orice spa\u021biu. [\/vc_column_text][vc_column_text css=&#8221;.vc_custom_1729798099020{margin-bottom: 0px !important;background-color: #222222 !important;}&#8221; el_class=&#8221;.about-us .info .info&#8211;white&#8221;] [&hellip;]<\/p>\n","protected":false},"author":2,"featured_media":0,"parent":0,"menu_order":0,"comment_status":"closed","ping_status":"closed","template":"template-fullwidth.php","meta":{"footnotes":""},"class_list":["post-2699","page","type-page","status-publish","hentry","no-thumb"],"_links":{"self":[{"href":"https:\/\/paradox24.com\/ro\/wp-json\/wp\/v2\/pages\/2699","targetHints":{"allow":["GET"]}}],"collection":[{"href":"https:\/\/paradox24.com\/ro\/wp-json\/wp\/v2\/pages"}],"about":[{"href":"https:\/\/paradox24.com\/ro\/wp-json\/wp\/v2\/types\/page"}],"author":[{"embeddable":true,"href":"https:\/\/paradox24.com\/ro\/wp-json\/wp\/v2\/users\/2"}],"replies":[{"embeddable":true,"href":"https:\/\/paradox24.com\/ro\/wp-json\/wp\/v2\/comments?post=2699"}],"version-history":[{"count":1,"href":"https:\/\/paradox24.com\/ro\/wp-json\/wp\/v2\/pages\/2699\/revisions"}],"predecessor-version":[{"id":30807,"href":"https:\/\/paradox24.com\/ro\/wp-json\/wp\/v2\/pages\/2699\/revisions\/30807"}],"wp:attachment":[{"href":"https:\/\/paradox24.com\/ro\/wp-json\/wp\/v2\/media?parent=2699"}],"curies":[{"name":"wp","href":"https:\/\/api.w.org\/{rel}","templated":true}]}}