{"id":8274,"date":"2024-10-21T12:30:37","date_gmt":"2024-10-21T11:30:37","guid":{"rendered":"https:\/\/paradox24.com\/product\/paradox-vanguard-crimson-arovs\/"},"modified":"2026-04-30T11:39:33","modified_gmt":"2026-04-30T10:39:33","slug":"paradox-vanguard-crimson-arovs","status":"publish","type":"product","link":"https:\/\/paradox24.com\/pl\/produkt\/paradox-vanguard-crimson-arovs\/","title":{"rendered":"Fotel Gamingowy Paradox Vanguard Crimson Arovs"},"content":{"rendered":"<div class=\"wpb-content-wrapper\"><p>[vc_row full_width=&#8221;stretch_row_content_no_spaces&#8221;][vc_column][product_info text_color=&#8221;product-info&#8211;white&#8221; text_position=&#8221;product-info__content&#8211;left&#8221; header=&#8221;Paradox Vanguard&#8221; text_1=&#8221;Wyb\u00f3r dla wymagaj\u0105cych&#8221; main_image=&#8221;17664&#8243; mobile_image=&#8221;17809&#8243;][\/product_info][product_element position=&#8221;left&#8221; header=&#8221;Jako\u015b\u0107 w ka\u017cdym detalu&#8221; images=&#8221;17800&#8243;]Wysokiej jako\u015bci ekosk\u00f3ra TechRX II jest trwa\u0142a, g\u0142adka i ekologiczna. Akcenty z weluru zapewniaj\u0105 to wyj\u0105tkowe, profesjonalne odczucie. Podobnie jak charakterystyczne kontrastowe przeszycia przywodz\u0105ce na my\u015bl samochody wy\u015bcigowe czy luksusowe akcesoria modowe.[\/product_element][product_element header=&#8221;Podparcie odcinka l\u0119d\u017awiowego&#8221; images=&#8221;17791&#8243;]W serii Vanguard znajdziesz poduszk\u0119 l\u0119d\u017awiow\u0105, kt\u00f3ra zadba o Tw\u00f3j kr\u0119gos\u0142up i pomo\u017ce rozlu\u017ani\u0107 dolne partie plec\u00f3w. Jest wykonana z pianki z pami\u0119ci\u0105 kszta\u0142tu i otulona welurem w tym samym kolorze co fotel &#8211; to idealne po\u0142\u0105czenie ergonomii i stylu.. [\/product_element][product_info main_image=&#8221;17782&#8243; mobile_image=&#8221;17773&#8243;][\/product_info][product_element position=&#8221;left&#8221; header=&#8221;Regulacja wysoko\u015bci&#8221; images=&#8221;17764&#8243;]Fotel idealnie dopasuje si\u0119 do os\u00f3b o wzro\u015bcie od 165 do 185 cm dzi\u0119ki w pe\u0142ni regulowanemu siedzisku. Zaawansowany mechanizm pneumatyczny TitanCore sprawia, \u017ce zmiana wysoko\u015bci to pestka &#8211; po prostu poci\u0105gnij d\u017awigni\u0119 i lekko si\u0119 unie\u015b, \u017ceby podwy\u017cszy\u0107 siedzisko, albo oprzyj sw\u00f3j ci\u0119\u017car, by je obni\u017cy\u0107.<br \/>Idealna pozycja ergonomiczna jest na wyci\u0105gni\u0119cie r\u0119ki: kolana i \u0142okcie powinny by\u0107 ugi\u0119te pod k\u0105tem 90 stopni, gdy opierasz r\u0119ce na biurku. Skup si\u0119 szczeg\u00f3lnie na u\u0142o\u017ceniu \u0142okci &#8211; to klucz do wygodnej i efektywnej pracy.   [\/product_element][product_element header=&#8221;Oparcie z regulacj\u0105 \u2013 prawie do pozycji le\u017c\u0105cej&#8221; images=&#8221;17755&#8243;]Reguluj i blokuj oparcie w czterech pozycjach \u2013 od wyprostowanej pozycji do pracy po wygodne odchylenie relaksacyjne. Zmieniaj pozycj\u0119 swobodnie przez ca\u0142y dzie\u0144, aby utrzyma\u0107 mi\u0119\u015bnie w rozlu\u017anieniu, podczas gdy boczne wzmocnienia pewnie Ci\u0119 podtrzymuj\u0105. Dostosuj op\u00f3r wychylania do swojej wagi i preferencji komfortu prostym obrotem pokr\u0119t\u0142a.  [\/product_element][product_element position=&#8221;left&#8221; header=&#8221;Komfortowa poduszka&#8221; images=&#8221;17746&#8243;]Inteligentna poduszka pod g\u0142ow\u0119 spe\u0142nia podw\u00f3jn\u0105 rol\u0119 &#8211; zapewnia doskona\u0142e podparcie, a jednocze\u015bnie dodaje stylu Twojemu fotelowi. Dzi\u0119ki wbudowanym silnym magnesom mo\u017cna j\u0105 \u0142atwo za\u0142o\u017cy\u0107 lub zdj\u0105\u0107 w dowolnym momencie. [\/product_element][product_info main_image=&#8221;17737&#8243; mobile_image=&#8221;17728&#8243;][\/product_info][product_element header=&#8221;Pod\u0142okietniki FlexMotion 2D&#8221; images=&#8221;17719&#8243;]Reguluj je w g\u00f3r\u0119 i w d\u00f3\u0142, aby osi\u0105gn\u0105\u0107 idealn\u0105 wysoko\u015b\u0107 i znale\u017a\u0107 najlepszy k\u0105t dla ramion i nadgarstk\u00f3w.[\/product_element] [product_element position=&#8221;left&#8221; header=&#8221;Podstawa TitanCore&#8221; images=&#8221;17710&#8243;]Zaprojektowany do ud\u017awigni\u0119cia do 135 kilogram\u00f3w, ten fotel gwarantuje d\u0142ugotrwa\u0142\u0105 niezawodno\u015b\u0107 i bezpiecze\u0144stwo, co czyni go doskona\u0142ym wyborem zar\u00f3wno do u\u017cytku profesjonalnego, jak i domowego. [\/product_element][product_element header=&#8221;K\u00f3\u0142ka QuickSpin 360\u00b0&#8221; images=&#8221;17701&#8243;]Funkcja obrotu 360 stopni pozwala na bezwysi\u0142kowe obracanie si\u0119 w ka\u017cdym kierunku, zapewniaj\u0105c maksymaln\u0105 elastyczno\u015b\u0107 i \u0142atwy dost\u0119p do wszystkich obszar\u00f3w biurka i otoczenia \u2013 a wszystko to w ca\u0142kowitej ciszy.[\/product_element][product_element position=&#8221;left&#8221; header=&#8221;Prosty monta\u017c&#8221; images=&#8221;17692&#8243;]Przejrzyste instrukcje wizualne umo\u017cliwiaj\u0105 z\u0142o\u017cenie fotela w mniej ni\u017c 20 minut. Niezale\u017cnie od tego, czy robisz to sam, czy z przyjacielem &#8211; upewnili\u015bmy si\u0119, \u017ce jest to \u0142atwe. [\/product_element][product_images images=&#8221;19104&#8243;][product_action header=&#8221;Zadbaj o wygod\u0119 siedzenia ju\u017c dzi\u015b!&#8221; text=&#8221;Zrewolucjonizuj miejsce pracy i stanowisko gamingowe dzi\u0119ki naszemu fotelowi Vanguard. Do\u015bwiadcz niezr\u00f3wnanego komfortu i najwy\u017cszej jako\u015bci.&#8221; button_text=&#8221;Dodaj VANGUARD Crimson Arovs do koszyka&#8221; main_image=&#8221;17682&#8243; mobile_image=&#8221;17673&#8243;][\/vc_column][\/vc_row]<\/p>\n<\/div>","protected":false},"excerpt":{"rendered":"<ul>\n<li style=\"font-weight: 400;\" aria-level=\"1\"><b>Dla graczy, kt\u00f3rzy szukaj\u0105 najlepszego stosunku jako\u015bci do ceny<\/b>: <span style=\"font-weight: 400;\">Idealny dla tych, kt\u00f3rzy ceni\u0105 niezawodny komfort, jako\u015b\u0107 i styl w rozs\u0105dnej cenie<\/span><\/li>\n<li style=\"font-weight: 400;\" aria-level=\"1\"><b>Doskona\u0142e po\u0142\u0105czenie stylu i funkcjonalno\u015bci: <\/b><span style=\"font-weight: 400;\">Wyrazisty design pozwala pokaza\u0107 charakter, nie rezygnuj\u0105c z wysokiej jako\u015bci mechanizm\u00f3w<\/span><\/li>\n<li style=\"font-weight: 400;\" aria-level=\"1\"><b>Wysokiej klasy materia\u0142y w przyst\u0119pnej cenie <\/b><span style=\"font-weight: 400;\">Stworzone z trwa\u0142ych materia\u0142\u00f3w, kt\u00f3re zapewniaj\u0105 komfort i wsparcie <\/span><\/li>\n<\/ul>\n<p><b>R\u00f3\u017cnorodno\u015b\u0107 styl\u00f3w: <\/b><span style=\"font-weight: 400;\">Od minimalistycznych po bardziej wyraziste wzory &#8211; ka\u017cdy znajdzie co\u015b dla siebie<\/span><\/p>\n","protected":false},"featured_media":5779,"template":"","meta":[],"product_cat":[117,115],"product_tag":[],"class_list":{"0":"post-8274","1":"product","2":"type-product","3":"status-publish","4":"has-post-thumbnail","6":"product_cat-kolekcja-vanguard","7":"product_cat-fotele-gamingowe","8":"","10":"first","11":"instock","12":"sale","13":"taxable","14":"shipping-taxable","15":"purchasable","16":"product-type-simple"},"_links":{"self":[{"href":"https:\/\/paradox24.com\/pl\/wp-json\/wp\/v2\/product\/8274","targetHints":{"allow":["GET"]}}],"collection":[{"href":"https:\/\/paradox24.com\/pl\/wp-json\/wp\/v2\/product"}],"about":[{"href":"https:\/\/paradox24.com\/pl\/wp-json\/wp\/v2\/types\/product"}],"wp:featuredmedia":[{"embeddable":true,"href":"https:\/\/paradox24.com\/pl\/wp-json\/wp\/v2\/media\/5779"}],"wp:attachment":[{"href":"https:\/\/paradox24.com\/pl\/wp-json\/wp\/v2\/media?parent=8274"}],"wp:term":[{"taxonomy":"product_cat","embeddable":true,"href":"https:\/\/paradox24.com\/pl\/wp-json\/wp\/v2\/product_cat?post=8274"},{"taxonomy":"product_tag","embeddable":true,"href":"https:\/\/paradox24.com\/pl\/wp-json\/wp\/v2\/product_tag?post=8274"}],"curies":[{"name":"wp","href":"https:\/\/api.w.org\/{rel}","templated":true}]}}