{"id":8273,"date":"2024-10-21T12:30:36","date_gmt":"2024-10-21T11:30:36","guid":{"rendered":"https:\/\/paradox24.com\/product\/paradox-ultimate-dark-lava-black-with-red-stich\/"},"modified":"2026-04-30T11:31:48","modified_gmt":"2026-04-30T10:31:48","slug":"paradox-ultimate-dark-lava-black-with-red-stich","status":"publish","type":"product","link":"https:\/\/paradox24.com\/pl\/produkt\/paradox-ultimate-dark-lava-black-with-red-stich\/","title":{"rendered":"Fotel Gamingowy Paradox Ultimate Dark Lava"},"content":{"rendered":"<div class=\"wpb-content-wrapper\"><p>[vc_row full_width=&#8221;stretch_row_content_no_spaces&#8221;][vc_column][product_info text_color=&#8221;product-info&#8211;white&#8221; text_position=&#8221;product-info__content&#8211;left&#8221; header=&#8221;Paradox Ultimate&#8221; text_1=&#8221;Esencja Profesjonalizmu&#8221; main_image=&#8221;16522&#8243; mobile_image=&#8221;16666&#8243;][\/product_info][product_element position=&#8221;left&#8221; header=&#8221;Jako\u015b\u0107 w ka\u017cdym detalu&#8221; images=&#8221;16657&#8243;]Wysokiej klasy ekosk\u00f3ra nowej generacji \u0142\u0105czy w sobie trwa\u0142o\u015b\u0107, przyjemno\u015b\u0107 dotyku i ekologiczne podej\u015bcie. Wstawki z Alcantary podkre\u015blaj\u0105 sportowy charakter, a wyraziste kontrastowe przeszycia nawi\u0105zuj\u0105 do estetyki samochod\u00f3w wy\u015bcigowych i ekskluzywnych dodatk\u00f3w modowych. <\/p>\n<p class=\"whitespace-normal break-words\"><strong>Pianka formowana na zimno o wysokiej g\u0119sto\u015bci<\/strong> \u2014 ta sama technika produkcji stosowana w fotelach samochodowych i meblach premium. W przeciwie\u0144stwie do standardowej pianki, pianka formowana na zimno zachowuje kszta\u0142t i spr\u0119\u017cysto\u015b\u0107 przez tysi\u0105ce godzin u\u017cytkowania. W po\u0142\u0105czeniu z poduszkami l\u0119d\u017awiowymi i zag\u0142\u00f3wkowymi z pianki memory, zapewnia komfort, kt\u00f3ry trwa.<\/p>\n<p>[\/product_element][product_element header=&#8221;Wbudowane LumbarPro&#8221; images=&#8221;16648&#8243;]Fotele z serii Paradox Ultimate maj\u0105 system LumbarPro &#8211; regulowane w dw\u00f3ch p\u0142aszczyznach wsparcie, kt\u00f3re idealnie uk\u0142ada kr\u0119gos\u0142up i redukuje napi\u0119cie w dolnych partiach plec\u00f3w. Ukryty w oparciu system to po\u0142\u0105czenie eleganckiego designu i ergonomicznej perfekcji.<br \/>\n[\/product_element][product_info main_image=&#8221;16639&#8243; mobile_image=&#8221;16630&#8243;][\/product_info][product_element position=&#8221;left&#8221; header=&#8221;Regulacja wysoko\u015bci&#8221; images=&#8221;16621&#8243;]Fotel dopasuje si\u0119 idealnie do os\u00f3b o wzro\u015bcie od 165 do 185 cm. Zaawansowany mechanizm pneumatyczny sprawia, \u017ce zmiana wysoko\u015bci to pestka &#8211; wystarczy poci\u0105gn\u0105\u0107 d\u017awigni\u0119 i lekko si\u0119 unie\u015b\u0107, by podwy\u017cszy\u0107 siedzisko, albo oprze\u0107 si\u0119 ca\u0142ym ci\u0119\u017carem, by je obni\u017cy\u0107. Osi\u0105gni\u0119cie idealnej pozycji jest proste &#8211; kolana i \u0142okcie powinny by\u0107 ugi\u0119te pod k\u0105tem 90 stopni, gdy opierasz r\u0119ce na biurku. Zwr\u00f3\u0107 szczeg\u00f3ln\u0105 uwag\u0119 na u\u0142o\u017cenie \u0142okci &#8211; to klucz do wygodnej i efektywnej pracy. [\/product_element][product_element header=&#8221;Oparcie z regulacj\u0105 \u2013 prawie do pozycji le\u017c\u0105cej&#8221; images=&#8221;16612&#8243;]Reguluj i blokuj oparcie w czterech pozycjach, aby dopasowa\u0107 je do swoich potrzeb. Niezale\u017cnie od tego, czy grasz, pracujesz, czy robisz sobie przerw\u0119, zmiana k\u0105ta oparcia pomaga zmniejszy\u0107 obci\u0105\u017cenie, poprawi\u0107 postaw\u0119 i utrzyma\u0107 rozlu\u017anione mi\u0119\u015bnie przez ca\u0142y dzie\u0144. Op\u00f3r pochylenia oparcia mo\u017cna regulowa\u0107 w zale\u017cno\u015bci od masy cia\u0142a i preferencji. Wystarczy przekr\u0119ci\u0107 pokr\u0119t\u0142o pod siedziskiem w lewo lub w prawo! [\/product_element][product_element position=&#8221;left&#8221; header=&#8221;Poduszka \u2013 zag\u0142\u00f3wek na magnes&#8221; images=&#8221;16603&#8243;]Inteligentna poduszka pod g\u0142ow\u0119 spe\u0142nia podw\u00f3jn\u0105 rol\u0119 &#8211; zapewnia doskona\u0142e podparcie, a jednocze\u015bnie dodaje stylu Twojemu fotelowi. Dzi\u0119ki wbudowanym silnym magnesom mo\u017cna j\u0105 \u0142atwo za\u0142o\u017cy\u0107 lub zdj\u0105\u0107 w dowolnym momencie. [\/product_element][product_info main_image=&#8221;16594&#8243; mobile_image=&#8221;16585&#8243;][\/product_info][product_element header=&#8221;Pod\u0142okietniki FlexMotion 4D&#8221; images=&#8221;16576&#8243;]Reguluj je w g\u00f3r\u0119 i w d\u00f3\u0142, aby uzyska\u0107 idealn\u0105 wysoko\u015b\u0107, przesuwaj je do przodu i do ty\u0142u, aby uzyska\u0107 optymalny zasi\u0119g, przesuwaj je na boki, aby uzyska\u0107 idealn\u0105 pozycj\u0119 boczn\u0105, i obracaj je, aby znale\u017a\u0107 najlepszy k\u0105t dla ramion i nadgarstk\u00f3w.[\/product_element][product_element position=&#8221;left&#8221; header=&#8221;Podstawa TitanCore&#8221; images=&#8221;16567&#8243;]Krzes\u0142o wytrzymuje obci\u0105\u017cenie do 135 kilogram\u00f3w, co gwarantuje d\u0142ugotrwa\u0142\u0105 niezawodno\u015b\u0107 i bezpiecze\u0144stwo, dzi\u0119ki czemu jest doskona\u0142ym wyborem zar\u00f3wno do u\u017cytku profesjonalnego, jak i osobistego.[\/product_element][product_element header=&#8221;K\u00f3\u0142ka QuickSpin 360\u00b0&#8221; images=&#8221;16558&#8243;]Funkcja obrotu o 360 stopni pozwala bez wysi\u0142ku obraca\u0107 si\u0119 w dowolnym kierunku, zapewniaj\u0105c maksymaln\u0105 elastyczno\u015b\u0107 i \u0142atwy dost\u0119p do wszystkich obszar\u00f3w biurka i otoczenia &#8211; a wszystko to w ciszy.[\/product_element][product_element position=&#8221;left&#8221; header=&#8221;Prosty monta\u017c&#8221; images=&#8221;16549&#8243;]Przejrzyste instrukcje wizualne umo\u017cliwiaj\u0105 z\u0142o\u017cenie fotela w mniej ni\u017c 20 minut. Niezale\u017cnie od tego, czy robisz to sam, czy z przyjacielem &#8211; upewnili\u015bmy si\u0119, \u017ce jest to \u0142atwe. [\/product_element][product_images images=&#8221;17382&#8243;][product_action header=&#8221;Zadbaj o wygod\u0119 siedzenia ju\u017c dzi\u015b!&#8221; text=&#8221;Zrewolucjonizuj swoje miejsce pracy i zabawy dzi\u0119ki Paradox Ultimate. Ciesz si\u0119 niezr\u00f3wnanym komfortem.&#8221; button_text=&#8221;Dodaj ULTIMATE Dark Lava do koszyka&#8221; main_image=&#8221;16540&#8243; mobile_image=&#8221;16531&#8243;][\/vc_column][\/vc_row]<\/p>\n<\/div>","protected":false},"excerpt":{"rendered":"<p><span style=\"font-weight: 400\">Minimalistyczny, a zarazem charakterystyczny design, najwy\u017cszej jako\u015bci materia\u0142y i komfort, kt\u00f3ry pomo\u017ce Ci osi\u0105gn\u0105\u0107 wi\u0119cej. <\/span><\/p>\n<ul>\n<li style=\"font-weight: 400\"><b>Dla tych, kt\u00f3rzy ceni\u0105 subteln\u0105 doskona\u0142o\u015b\u0107:<\/b> <span style=\"font-weight: 400\">Stworzony dla profesjonalist\u00f3w i zapalonych graczy, kt\u00f3rzy szukaj\u0105 luksusu w najlepszym wydaniu.<\/span><\/li>\n<li style=\"font-weight: 400\"><b>Ponadczasowy, minimalistyczny design<\/b>: <span style=\"font-weight: 400\">Elegancki i stonowany &#8211; idealnie wpasuje si\u0119 zar\u00f3wno w profesjonalne biuro, jak i zaawansowane stanowisko gamingowe.<\/span><\/li>\n<li style=\"font-weight: 400\"><b>Najwy\u017csza jako\u015b\u0107 w ka\u017cdym detalu:<\/b><span style=\"font-weight: 400\"> Stworzone z wyselekcjonowanych materia\u0142\u00f3w, kt\u00f3re gwarantuj\u0105 trwa\u0142o\u015b\u0107 i wyj\u0105tkowy komfort.<br \/><\/span><\/li>\n<li><b>Pianka formowana na zimno o wysokiej g\u0119sto\u015bci:<\/b> Doskona\u0142a amortyzacja siedzenia, kt\u00f3ra utrzymuje kszta\u0142t przez lata \u2014 bez obwisania, bez p\u0142askich miejsc.<\/li>\n<li style=\"font-weight: 400\"><b>Zaawansowana ergonomia:<\/b><span style=\"font-weight: 400\"> Szeroki zakres regulacji pozwala dopasowa\u0107 fotel idealnie do Twoich potrzeb.<br \/><\/span><\/li>\n<\/ul>\n","protected":false},"featured_media":5609,"template":"","meta":[],"product_cat":[118,115],"product_tag":[],"class_list":{"0":"post-8273","1":"product","2":"type-product","3":"status-publish","4":"has-post-thumbnail","6":"product_cat-ultimate-collection-pl","7":"product_cat-fotele-gamingowe","8":"","10":"first","11":"instock","12":"taxable","13":"shipping-taxable","14":"purchasable","15":"product-type-simple"},"_links":{"self":[{"href":"https:\/\/paradox24.com\/pl\/wp-json\/wp\/v2\/product\/8273","targetHints":{"allow":["GET"]}}],"collection":[{"href":"https:\/\/paradox24.com\/pl\/wp-json\/wp\/v2\/product"}],"about":[{"href":"https:\/\/paradox24.com\/pl\/wp-json\/wp\/v2\/types\/product"}],"wp:featuredmedia":[{"embeddable":true,"href":"https:\/\/paradox24.com\/pl\/wp-json\/wp\/v2\/media\/5609"}],"wp:attachment":[{"href":"https:\/\/paradox24.com\/pl\/wp-json\/wp\/v2\/media?parent=8273"}],"wp:term":[{"taxonomy":"product_cat","embeddable":true,"href":"https:\/\/paradox24.com\/pl\/wp-json\/wp\/v2\/product_cat?post=8273"},{"taxonomy":"product_tag","embeddable":true,"href":"https:\/\/paradox24.com\/pl\/wp-json\/wp\/v2\/product_tag?post=8273"}],"curies":[{"name":"wp","href":"https:\/\/api.w.org\/{rel}","templated":true}]}}