{"id":8261,"date":"2024-10-21T12:30:39","date_gmt":"2024-10-21T11:30:39","guid":{"rendered":"https:\/\/paradox24.com\/product\/paradox-commander-military-green\/"},"modified":"2026-04-30T11:41:42","modified_gmt":"2026-04-30T10:41:42","slug":"paradox-commander-military-green","status":"publish","type":"product","link":"https:\/\/paradox24.com\/pl\/produkt\/paradox-commander-military-green\/","title":{"rendered":"Fotel Gamingowy Paradox Commander Military Green"},"content":{"rendered":"<div class=\"wpb-content-wrapper\"><p>[vc_row full_width=&#8221;stretch_row_content_no_spaces&#8221;][vc_column][product_info text_color=&#8221;product-info&#8211;white&#8221; header=&#8221;Paradox Commander&#8221; text_1=&#8221;Fotel dow\u00f3dcy&#8221; main_image=&#8221;17102&#8243; mobile_image=&#8221;17093&#8243;][\/product_info][product_element position=&#8221;left&#8221; header=&#8221;Jako\u015b\u0107 w ka\u017cdym detalu&#8221; images=&#8221;17084&#8243;]Wysokiej jako\u015bci eko-sk\u00f3ra NextGen \u0142\u0105czy w sobie trwa\u0142o\u015b\u0107 i przyjemno\u015b\u0107 dotyku, pozostaj\u0105c przy tym przyjazn\u0105 dla \u015brodowiska. Welurowe akcenty i precyzyjne przeszycia przypominaj\u0105ce te z luksusowych aut wy\u015bcigowych nadaj\u0105 fotelowi sportowego sznytu.[\/product_element][product_element header=&#8221;Podparcie odcinka l\u0119d\u017awiowego&#8221; images=&#8221;17075&#8243;]W serii Commander znajdziesz poduszk\u0119 l\u0119d\u017awiow\u0105, kt\u00f3ra zadba o Tw\u00f3j kr\u0119gos\u0142up i pomo\u017ce rozlu\u017ani\u0107 dolne partie plec\u00f3w. Wykonana z pianki z pami\u0119ci\u0105 kszta\u0142tu i otulona welurem w kolorze fotela, \u0142\u0105czy w sobie ergonomiczne wsparcie ze stylowym wyko\u0144czeniem.[\/product_element][product_element position=&#8221;left&#8221; header=&#8221;Regulacja wysoko\u015bci&#8221; images=&#8221;17066&#8243;]Fotel dopasuje si\u0119 idealnie do os\u00f3b o wzro\u015bcie od 165 do 185 cm. Zaawansowany mechanizm pneumatyczny sprawia, \u017ce zmiana wysoko\u015bci to pestka \u2013 wystarczy poci\u0105gn\u0105\u0107 d\u017awigni\u0119 i lekko si\u0119 unie\u015b\u0107, by podwy\u017cszy\u0107 siedzisko, albo oprze\u0107 si\u0119 ca\u0142ym ci\u0119\u017carem, by je obni\u017cy\u0107. Osi\u0105gni\u0119cie idealnej pozycji jest proste \u2013 kolana i \u0142okcie powinny by\u0107 ugi\u0119te pod k\u0105tem 90 stopni, gdy opierasz r\u0119ce na biurku. Zwr\u00f3\u0107 szczeg\u00f3ln\u0105 uwag\u0119 na u\u0142o\u017cenie \u0142okci \u2013 to klucz do wygodnej i efektywnej pracy.[\/product_element][product_element header=&#8221;Regulowane oparcie \u2013 od pracy po relaks&#8221; images=&#8221;17057&#8243;]Reguluj i blokuj oparcie w czterech pozycjach, aby dopasowa\u0107 je do swoich potrzeb. Niezale\u017cnie od tego, czy grasz, pracujesz, czy robisz sobie przerw\u0119, zmiana k\u0105ta oparcia pomaga zmniejszy\u0107 obci\u0105\u017cenie, poprawi\u0107 postaw\u0119 i utrzyma\u0107 rozlu\u017anione mi\u0119\u015bnie przez ca\u0142y dzie\u0144. Op\u00f3r pochylenia oparcia mo\u017cna regulowa\u0107 w zale\u017cno\u015bci od masy cia\u0142a i preferencji. Wystarczy przekr\u0119ci\u0107 pokr\u0119t\u0142o pod siedziskiem w lewo lub w prawo![\/product_element][product_element position=&#8221;left&#8221; header=&#8221;Komfortowa poduszka&#8221; images=&#8221;17048&#8243;]Inteligentna poduszka pod g\u0142ow\u0119 spe\u0142nia podw\u00f3jn\u0105 rol\u0119 \u2013 zapewnia doskona\u0142e podparcie, a jednocze\u015bnie dodaje stylu Twojemu fotelowi.[\/product_element][product_info main_image=&#8221;17039&#8243; mobile_image=&#8221;16976&#8243;][\/product_info][product_element header=&#8221;Pod\u0142okietniki FlexMotion 4D&#8221; images=&#8221;17030&#8243;]Reguluj je w g\u00f3r\u0119 i w d\u00f3\u0142, aby uzyska\u0107 idealn\u0105 wysoko\u015b\u0107, przesuwaj je do przodu i do ty\u0142u, aby uzyska\u0107 optymalny zasi\u0119g, przesuwaj je na boki, aby uzyska\u0107 idealn\u0105 pozycj\u0119 boczn\u0105, i obracaj je, aby znale\u017a\u0107 najlepszy k\u0105t dla ramion i nadgarstk\u00f3w.[\/product_element][product_element position=&#8221;left&#8221; header=&#8221;Podstawa TitanCore&#8221; images=&#8221;17021&#8243;]Krzes\u0142o wytrzymuje obci\u0105\u017cenie do 135 kilogram\u00f3w, co gwarantuje d\u0142ugotrwa\u0142\u0105 niezawodno\u015b\u0107 i bezpiecze\u0144stwo, dzi\u0119ki czemu jest doskona\u0142ym wyborem zar\u00f3wno do u\u017cytku profesjonalnego, jak i osobistego.[\/product_element][product_element header=&#8221;K\u00f3\u0142ka QuickSpin 360\u00b0&#8221; images=&#8221;17012&#8243;]Funkcja obrotu o 360 stopni pozwala bez wysi\u0142ku obraca\u0107 si\u0119 w dowolnym kierunku, zapewniaj\u0105c maksymaln\u0105 elastyczno\u015b\u0107 i \u0142atwy dost\u0119p do wszystkich obszar\u00f3w biurka i otoczenia \u2013 a wszystko to w ciszy.[\/product_element][product_element position=&#8221;left&#8221; header=&#8221;Prosty monta\u017c&#8221; images=&#8221;17003&#8243;]<\/p>\n<div class=\"product-element product-element--left\">\n<div class=\"product-element__half product-element__half--two\">\n<div class=\"product-element__content\">\n<p>Przejrzyste instrukcje wizualne umo\u017cliwiaj\u0105 z\u0142o\u017cenie fotela w mniej ni\u017c 20 minut. Niezale\u017cnie od tego, czy robisz to sam, czy z przyjacielem \u2013 upewnili\u015bmy si\u0119, \u017ce jest to \u0142atwe.<\/p>\n<\/div>\n<\/div>\n<\/div>\n<p>[\/product_element][product_images images=&#8221;19117&#8243;][product_action header=&#8221;Zadbaj o wygod\u0119 siedzenia ju\u017c dzi\u015b!&#8221; text=&#8221;Zrewolucjonizuj swoje miejsce pracy i zabawy dzi\u0119ki Paradox Ultimate. Ciesz si\u0119 niezr\u00f3wnanym komfortem.&#8221; button_text=&#8221;Dodaj Commander Military Green do koszyka&#8221; main_image=&#8221;16994&#8243; mobile_image=&#8221;16985&#8243;][\/vc_column][\/vc_row]<\/p>\n<\/div>","protected":false},"excerpt":{"rendered":"<p>Rozpocznij swoj\u0105 przygod\u0119!<\/p>\n<ul>\n<li aria-level=\"&quot;1&quot;\"><b>Design inspirowany kokpitem statku kosmicznego<\/b>: Odwa\u017cny, wci\u0105gaj\u0105cy styl, kt\u00f3ry przeniesie Twoje stanowisko na zupe\u0142nie nowy poziom.<\/li>\n<li aria-level=\"&quot;1&quot;\"><b>Ziemiste tony dla wyrafinowanych setup\u00f3w:<\/b> Dynamiczna sylwetka spotyka si\u0119 tu ze stonowan\u0105, dojrza\u0142\u0105 palet\u0105 kolor\u00f3w.<\/li>\n<li aria-level=\"&quot;1&quot;\"><b>Ergonomia z charakterem:<\/b> Stworzony dla tych, kt\u00f3rzy nie chc\u0105 wybiera\u0107 mi\u0119dzy stylem a funkcjonalno\u015bci\u0105.<\/li>\n<\/ul>\n<p><b>Dla graczy szukaj\u0105cych wyj\u0105tkowego charakteru:<\/b> Idealne po\u0142\u0105czenie wyrazistego designu i jako\u015bci w rozs\u0105dnej cenie.<\/p>\n","protected":false},"featured_media":6496,"template":"","meta":[],"product_cat":[116,115],"product_tag":[],"class_list":{"0":"post-8261","1":"product","2":"type-product","3":"status-publish","4":"has-post-thumbnail","6":"product_cat-kolekcja-commander","7":"product_cat-fotele-gamingowe","8":"","10":"first","11":"instock","12":"sale","13":"taxable","14":"shipping-taxable","15":"purchasable","16":"product-type-simple"},"_links":{"self":[{"href":"https:\/\/paradox24.com\/pl\/wp-json\/wp\/v2\/product\/8261","targetHints":{"allow":["GET"]}}],"collection":[{"href":"https:\/\/paradox24.com\/pl\/wp-json\/wp\/v2\/product"}],"about":[{"href":"https:\/\/paradox24.com\/pl\/wp-json\/wp\/v2\/types\/product"}],"wp:featuredmedia":[{"embeddable":true,"href":"https:\/\/paradox24.com\/pl\/wp-json\/wp\/v2\/media\/6496"}],"wp:attachment":[{"href":"https:\/\/paradox24.com\/pl\/wp-json\/wp\/v2\/media?parent=8261"}],"wp:term":[{"taxonomy":"product_cat","embeddable":true,"href":"https:\/\/paradox24.com\/pl\/wp-json\/wp\/v2\/product_cat?post=8261"},{"taxonomy":"product_tag","embeddable":true,"href":"https:\/\/paradox24.com\/pl\/wp-json\/wp\/v2\/product_tag?post=8261"}],"curies":[{"name":"wp","href":"https:\/\/api.w.org\/{rel}","templated":true}]}}