{"id":5319,"date":"2024-10-23T13:14:41","date_gmt":"2024-10-23T11:14:41","guid":{"rendered":"https:\/\/paradox24.com\/product\/paradox-by-fellow-red\/"},"modified":"2025-02-09T22:05:46","modified_gmt":"2025-02-09T20:05:46","slug":"kubek-termiczny-paradox-by-fellow-czerwony","status":"publish","type":"product","link":"https:\/\/paradox24.com\/pl\/produkt\/kubek-termiczny-paradox-by-fellow-czerwony\/","title":{"rendered":"Kubek termiczny Paradox marki Fellow &#8211; czerwony"},"content":{"rendered":"","protected":false},"excerpt":{"rendered":"<p><span data-sheets-root=\"1\">Paradox by Fellow \u2013 bo \u017cycie to gra, a ka\u017cdy z nas zas\u0142uguje na wzmocnienie! Stworzony z my\u015bl\u0105 o niezapomnianych chwilach. Ten elegancki, minimalistyczny, odporny na zachlapania kubek pozwoli Ci cieszy\u0107 si\u0119 g\u0142\u0119bokim smakiem kawy. Graj na pe\u0142nych obrotach i zaczynaj dzie\u0144 jak zwyci\u0119zca! <\/span><\/p>\n","protected":false},"featured_media":5216,"template":"","meta":[],"product_cat":[100],"product_tag":[],"class_list":{"0":"post-5319","1":"product","2":"type-product","3":"status-publish","4":"has-post-thumbnail","6":"product_cat-thermal-mugs","7":"","9":"first","10":"instock","11":"taxable","12":"shipping-taxable","13":"purchasable","14":"product-type-simple"},"_links":{"self":[{"href":"https:\/\/paradox24.com\/pl\/wp-json\/wp\/v2\/product\/5319","targetHints":{"allow":["GET"]}}],"collection":[{"href":"https:\/\/paradox24.com\/pl\/wp-json\/wp\/v2\/product"}],"about":[{"href":"https:\/\/paradox24.com\/pl\/wp-json\/wp\/v2\/types\/product"}],"wp:featuredmedia":[{"embeddable":true,"href":"https:\/\/paradox24.com\/pl\/wp-json\/wp\/v2\/media\/5216"}],"wp:attachment":[{"href":"https:\/\/paradox24.com\/pl\/wp-json\/wp\/v2\/media?parent=5319"}],"wp:term":[{"taxonomy":"product_cat","embeddable":true,"href":"https:\/\/paradox24.com\/pl\/wp-json\/wp\/v2\/product_cat?post=5319"},{"taxonomy":"product_tag","embeddable":true,"href":"https:\/\/paradox24.com\/pl\/wp-json\/wp\/v2\/product_tag?post=5319"}],"curies":[{"name":"wp","href":"https:\/\/api.w.org\/{rel}","templated":true}]}}