{"id":8616,"date":"2025-01-10T23:31:41","date_gmt":"2025-01-10T22:31:41","guid":{"rendered":"https:\/\/paradox24.com\/ultimate-collection\/"},"modified":"2026-02-23T23:41:08","modified_gmt":"2026-02-23T22:41:08","slug":"kolekcja-ultimate","status":"publish","type":"page","link":"https:\/\/paradox24.com\/pl\/kolekcja-ultimate\/","title":{"rendered":"Kolekcja Ultimate"},"content":{"rendered":"<div class=\"wpb-content-wrapper\"><p>[vc_row full_width=&#8221;stretch_row_content_no_spaces&#8221;][vc_column][vc_raw_html css=&#8221;&#8221;]ICAgIDxkaXYgY2xhc3M9Im1haW4tbGFuZGluZyI+CiAgICAgICAgPGRpdiBjbGFzcz0ibWFpbi1sYW5kaW5nX19jb250ZW50Ij4KICAgICAgICAgICAgPGgyPld5YsOzciBwcm9mZXNqb25hbGlzdMOzdzwvaDI+CiAgICAgICAgICAgIDxwPi08L3A+CiAgICAgICAgICAgIDxpbWcgc3JjPSIvd3AtY29udGVudC91cGxvYWRzLzIwMjQvMTIvdWx0aW1hdGUuc3ZnIj4KICAgICAgICA8L2Rpdj4KICAgICAgICA8aW1nIGNsYXNzPSJtYWluLWxhbmRpbmdfX2JhY2tncm91bmQiIHNyYz0iL3dwLWNvbnRlbnQvdXBsb2Fkcy8yMDI1LzAxL3VsdGltYXRlLWNvbGxlY3Rpb24ucG5nIj4KICAgICAgICA8aW1nIGNsYXNzPSJtYWluLWxhbmRpbmdfX2JhY2tncm91bmQgbWFpbi1sYW5kaW5nX19iYWNrZ3JvdW5kLS1tb2JpbGUiIHNyYz0iL3dwLWNvbnRlbnQvdXBsb2Fkcy8yMDI1LzAxL3VsdGltYXRlLWNvbGxlY3Rpb24tbW9iaWxlLnBuZyI+CiAgICA8L2Rpdj4K[\/vc_raw_html][\/vc_column][\/vc_row][vc_row full_width=&#8221;stretch_row_content_no_spaces&#8221; el_class=&#8221;collection-container collection-container&#8211;black&#8221;][vc_column][vc_raw_html css=&#8221;&#8221;]PGRpdiBjbGFzcz0iY29sbGVjdGlvbi1zbG9nYW4iPgogICA8aDE+S29sZWtjamEgUGFyYWRveCBVbHRpbWF0ZTwvaDE+CiAgIDxwPkZvdGVsZSwga3TDs3JlIHBvbW9nxIUgQ2kgd3lrb3J6eXN0YcSHIHBlxYJuacSZIHBvdGVuY2phxYJ1IHphcsOzd25vIHcgcHJhY3ksIGphayBpIHBvZGN6YXMgcm96cnl3a2kuPC9wPgogICA8cD5NaW5pbWFsaXN0eWN6bnksIHBvbmFkY3phc293eSBkZXNpZ248L3A+CiAgIDxwIGNsYXNzPSJjb2xsZWN0aW9uLXNsb2dhbi0tc21hbGwiPkVsZWdhbmNraSBpIHN0b25vd2FueSAtIGlkZWFsbmllIHdwYXN1amUgc2nEmSB6YXLDs3dubyB3IHByb2Zlc2pvbmFsbmUgYml1cm8sIGphayBpIHphYXdhbnNvd2FuZSBzdGFub3dpc2tvIGdhbWluZ293ZS48L3A+CjwvZGl2Pg==[\/vc_raw_html][vc_raw_html css=&#8221;&#8221;]CiAgICA8ZGl2IGNsYXNzPSJjb2xsZWN0aW9uLWluZm8iPgogICAgICAgIAogICAgICAgIDxkaXYgY2xhc3M9ImNvbGxlY3Rpb24taW5mb19fY29udGVudCBjb2xsZWN0aW9uLWluZm9fX2xvZ28iPgogICAgICAgICAgICA8aW1nIHNyYz0iL3dwLWNvbnRlbnQvdXBsb2Fkcy8yMDI1LzAxL3VsdGltYXRlLWx1bmFyLXRyYWNlLnN2ZyI+CiAgICAgICAgPC9kaXY+CiAgICAgICAgCiAgICAgICAgPGltZyBjbGFzcz0iY29sbGVjdGlvbi1pbmZvX19pbWFnZSBjb2xsZWN0aW9uLWluZm9fX2ltYWdlLS1tb2JpbGUiIHNyYz0iL3dwLWNvbnRlbnQvdXBsb2Fkcy8yMDI1LzAxL3VsdGltYXRlLWVzc2VudGlhbC1tb2JpbGUucG5nIj4KICAgIAogICAgICAgIDxkaXYgY2xhc3M9ImNvbGxlY3Rpb24taW5mb19fY29udGVudCI+CiAgICAgICAgICAgIDxoMj5Fc2VuY2phIFByb2Zlc2pvbmFsaXptdTwvaDI+CiAgICAgICAgICAgIDxwPkdkemllIG1pbmltYWxpc3R5Y3pueSBkZXNpZ24gc3BvdHlrYSBzacSZIHogYmV6a29tcHJvbWlzb3d5bSBrdW5zenRlbS4gU2VyaWEgVWx0aW1hdGUgdG8ga3dpbnRlc2VuY2phIHBld25vxZtjaSBzaWViaWUgdHljaCwga3TDs3J6eSBwcnpld29kesSFIHBvcHJ6ZXogZG9za29uYcWCb8WbxIcuIDwvcD4KICAgICAgICAgICAgIFtwcm9kdWN0X3VybCBpZD0iMzkxMyIgbmFtZT0iRG93aWVkeiBzacSZIHdpxJljZWoiIGNsYXNzPSJjb2xsZWN0aW9uLWluZm9fX2FjdGlvbiIgL10KICAgICAgICA8L2Rpdj4KCiAgICAgICAKICAgICAgICA8aW1nIGNsYXNzPSJjb2xsZWN0aW9uLWluZm9fX2ltYWdlIiBzcmM9Ii93cC1jb250ZW50L3VwbG9hZHMvMjAyNS8wMS91bHRpbWF0ZS1lc3NlbnRpYWwucG5nIj4KICAgIDwvZGl2PgogICAg[\/vc_raw_html][vc_raw_html css=&#8221;&#8221;]ICAgICAgICA8ZGl2IGNsYXNzPSJjb2xsZWN0aW9uLXRocmVlIj4KICAgICAgICAgICAgPGRpdiBjbGFzcz0iY29sbGVjdGlvbi10aHJlZV9faXRlbSI+CiAgICAgICAgICAgICAgICBbcHJvZHVjdF91cmwgaWQ9IjM5MTMiXQogICAgICAgICAgICAgICAgPGltZyBjbGFzcz0iY29sbGVjdGlvbi10aHJlZV9faW1hZ2UiIHNyYz0iL3dwLWNvbnRlbnQvdXBsb2Fkcy8yMDI1LzAxL3VsdGltYXRlLWNvbGxlY3Rpb24tY2hhaXItZ3JleS5wbmciPgogICAgICAgICAgICAgICAgWy9wcm9kdWN0X3VybF0KICAgICAgICAgICAgICAgIFtwcm9kdWN0X3VybCBpZD0iMzkxMyJdCiAgICAgICAgICAgICAgICA8aW1nIGNsYXNzPSJjb2xsZWN0aW9uLXRocmVlX19pbWFnZSBjb2xsZWN0aW9uLXRocmVlX19pbWFnZS0tbW9iaWxlIiBzcmM9Ii93cC1jb250ZW50L3VwbG9hZHMvMjAyNS8wMS91bHRpbWF0ZS1jb2xsZWN0aW9uLWNoYWlyLWdyZXktbW9iaWxlLnBuZyI+CiAgICAgICAgICAgICAgICBbL3Byb2R1Y3RfdXJsXQogICAgICAgICAgICAgICAgPGRpdiBjbGFzcz0iY29sbGVjdGlvbi10aHJlZV9fYWN0aW9uIj4KICAgICAgICAgICAgICAgICAgICA8aDQ+W3Byb2R1Y3RfdXJsIGlkPSIzOTEzIiBuYW1lPSJVTFRJTUFURSBMdW5hciBUcmFjZSIgL108L2g0PgogICAgICAgICAgICAgICAgICAgIFtwcm9kdWN0X3ByaWNlIGlkPSIzOTEzIiAvXQogICAgICAgICAgICAgICAgPC9kaXY+CiAgICAgICAgICAgIDwvZGl2PgoKICAgICAgICAgICAgPGRpdiBjbGFzcz0iY29sbGVjdGlvbi10aHJlZV9faXRlbSI+CiAgICAgICAgICAgICAgICA8aW1nIGNsYXNzPSJjb2xsZWN0aW9uLXRocmVlX19pbWFnZSIgc3JjPSIvd3AtY29udGVudC91cGxvYWRzLzIwMjUvMDEvdWx0aW1hdGUtY29sbGVjdGlvbi1ncmV5LWNoYWlyLTEucG5nIj4KICAgICAgICAgICAgICAgIDxpbWcgY2xhc3M9ImNvbGxlY3Rpb24tdGhyZWVfX2ltYWdlIGNvbGxlY3Rpb24tdGhyZWVfX2ltYWdlLS1tb2JpbGUiIHNyYz0iL3dwLWNvbnRlbnQvdXBsb2Fkcy8yMDI1LzAxL3VsdGltYXRlLWNvbGxlY3Rpb24tZ3JleS1jaGFpci0xLW1vYmlsZS5wbmciPgogICAgICAgICAgICA8L2Rpdj4KCiAgICAgICAgICAgIDxkaXYgY2xhc3M9ImNvbGxlY3Rpb24tdGhyZWVfX2l0ZW0gY29sbGVjdGlvbi10aHJlZV9faXRlbS0tbGFyZ2UiPgogICAgICAgICAgICAgICAgPGltZyBjbGFzcz0iY29sbGVjdGlvbi10aHJlZV9faW1hZ2UiIHNyYz0iL3dwLWNvbnRlbnQvdXBsb2Fkcy8yMDI1LzAxL3VsdGltYXRlLWNvbGxlY3Rpb24tZXNzZW50aWFsLXRocmVlLnBuZyI+CiAgICAgICAgICAgICAgICA8aW1nIGNsYXNzPSJjb2xsZWN0aW9uLXRocmVlX19pbWFnZSBjb2xsZWN0aW9uLXRocmVlX19pbWFnZS0tbW9iaWxlIiBzcmM9Ii93cC1jb250ZW50L3VwbG9hZHMvMjAyNS8wMS91bHRpbWF0ZS1jb2xsZWN0aW9uLXNpdHRpbmctMi5wbmciPgogICAgICAgICAgICA8L2Rpdj4KICAgICAgICA8L2Rpdj4=[\/vc_raw_html][vc_raw_html css=&#8221;&#8221;]CiAgICA8ZGl2IGNsYXNzPSJjb2xsZWN0aW9uLWluZm8gY29sbGVjdGlvbi1pbmZvLS1yZXZlcnNlIj4KICAgICAgICAKICAgICAgICA8ZGl2IGNsYXNzPSJjb2xsZWN0aW9uLWluZm9fX2NvbnRlbnQgY29sbGVjdGlvbi1pbmZvX19sb2dvIj4KICAgICAgICAgICAgPGltZyBzcmM9Ii93cC1jb250ZW50L3VwbG9hZHMvMjAyNS8wMS91bHRpbWF0ZS1kYXJrLWxhdmEuc3ZnIj4KICAgICAgICA8L2Rpdj4KICAgICAgICAKICAgICAgICA8aW1nIGNsYXNzPSJjb2xsZWN0aW9uLWluZm9fX2ltYWdlIGNvbGxlY3Rpb24taW5mb19faW1hZ2UtLW1vYmlsZSIgc3JjPSIvd3AtY29udGVudC91cGxvYWRzLzIwMjUvMDEvdWx0aW1hdGUtY29sbGVjdGlvbi1ib3hpbmctbW9iaWxlLnBuZyI+CiAgICAKICAgICAgICA8ZGl2IGNsYXNzPSJjb2xsZWN0aW9uLWluZm9fX2NvbnRlbnQiPgogICAgICAgICAgICA8aDI+SW7FvHluaWVyaWEgRG9za29uYcWCb8WbY2k8L2gyPgogICAgICAgICAgICA8cD5OYWp3ecW8c3plaiBrbGFzeSBla28tc2vDs3JhIG5vd2VqIGdlbmVyYWNqaSBsdWIgQ29yZHVyYSB6IGFrY2VudGFtaSB6IEFsY2FudGFyeS4gTmFqbGVwc3p5IHcgc3dvamVqIGtsYXNpZSBtZWNoYW5pem0gVGl0YW5Qcm8uIEJvIHByYXdkeml3ZSBtaXN0cnpvc3R3byB0a3dpIHcgaGFybW9uaWpueW0gcG\/FgsSFY3plbml1IGx1a3N1c3UgaSB0cndhxYJvxZtjaS4gIDwvcD4KW3Byb2R1Y3RfdXJsIGlkPSIzOTE0IiBuYW1lPSJEb3dpZWR6IHNpxJkgd2nEmWNlaiIgY2xhc3M9ImNvbGxlY3Rpb24taW5mb19fYWN0aW9uIiAvXQogICAgICAgIDwvZGl2PgoKICAgICAgIAogICAgICAgIDxpbWcgY2xhc3M9ImNvbGxlY3Rpb24taW5mb19faW1hZ2UiIHNyYz0iL3dwLWNvbnRlbnQvdXBsb2Fkcy8yMDI1LzAxL3VsdGltYXRlLWNvbGxlY3Rpb24tYm94aW5nLTEucG5nIj4KICAgIDwvZGl2PgogICAg[\/vc_raw_html][vc_raw_html css=&#8221;&#8221;]CiAgICA8ZGl2IGNsYXNzPSJjb2xsZWN0aW9uLWluZm8iPgogICAgICAgIAogICAgICAgIDxpbWcgY2xhc3M9ImNvbGxlY3Rpb24taW5mb19faW1hZ2UgY29sbGVjdGlvbi1pbmZvX19pbWFnZS0tbW9iaWxlIiBzcmM9Ii93cC1jb250ZW50L3VwbG9hZHMvMjAyNS8wMS91bHRpbWF0ZS1jb2xsZWN0aW9uLXB1cmUtZm9ybS1tb2JpbGUucG5nIj4KICAgIAogICAgICAgIDxkaXYgY2xhc3M9ImNvbGxlY3Rpb24taW5mb19fY29udGVudCI+CiAgICAgICAgICAgIDxoMj5XeWRham5vxZvEhyB3IGN6eXN0ZWogcG9zdGFjaTwvaDI+CiAgICAgICAgICAgIDxwPlphcHJvamVrdG93YW55IHogbXnFm2zEhSBvIGRvc2tvbmHFgm\/Fm2NpIGkgd3lwb3NhxbxvbnkgdyBuYXN6IG5hamJhcmR6aWVqIHphYXdhbnNvd2FueSBzeXN0ZW0gTHVtYmFyUHJvIDJEIGkgcG9kxYJva2lldG5pa2kgRmxleE1vdGlvbiA0RCwgdyBwb8WCxIVjemVuaXUgeiB6c3luY2hyb25pem93YW55bSBtZWNoYW5pem1lbSBwb2NoeWxhbmlhLCBrdMOzcnkgYmxva3VqZSBzacSZIHcgY3p0ZXJlY2ggcG96eWNqYWNoIGRvIDEzNSBzdG9wbmkuIFBvbmlld2HFvCBwcm9mZXNqb25hbGnFm2NpIG5pZSB0eWxrbyByb2JpxIUgLSBvbmkgc2nEmSBkb3Nrb25hbMSFLiA8L3A+CiAgICAgICAgPC9kaXY+CgogICAgICAgCiAgICAgICAgPGltZyBjbGFzcz0iY29sbGVjdGlvbi1pbmZvX19pbWFnZSIgc3JjPSIvd3AtY29udGVudC91cGxvYWRzLzIwMjUvMDEvdWx0aW1hdGUtY29sbGVjdGlvbi1wdXJlLWZvcm0ucG5nIj4KICAgIDwvZGl2PgogICAg[\/vc_raw_html][vc_raw_html css=&#8221;&#8221;]ICAgICAgICA8ZGl2IGNsYXNzPSJjb2xsZWN0aW9uLXRocmVlIj4KICAgICAgICAgICAgPGRpdiBjbGFzcz0iY29sbGVjdGlvbi10aHJlZV9faXRlbSBjb2xsZWN0aW9uLXRocmVlX19pdGVtLS1sYXJnZSI+CiAgICAgICAgICAgICAgICA8aW1nIGNsYXNzPSJjb2xsZWN0aW9uLXRocmVlX19pbWFnZSIgc3JjPSIvd3AtY29udGVudC91cGxvYWRzLzIwMjUvMDEvdGhyZWUtcGVyZm9ybWFuY2UtMS5wbmciPgogICAgICAgICAgICAgICAgPGltZyBjbGFzcz0iY29sbGVjdGlvbi10aHJlZV9faW1hZ2UgY29sbGVjdGlvbi10aHJlZV9faW1hZ2UtLW1vYmlsZSIgc3JjPSIvd3AtY29udGVudC91cGxvYWRzLzIwMjUvMDEvdGhyZWUtcGVyZm9ybWFuY2UtMS1tb2JpbGUucG5nIj4KICAgICAgICAgICAgPC9kaXY+CgogICAgICAgICAgICA8ZGl2IGNsYXNzPSJjb2xsZWN0aW9uLXRocmVlX19pdGVtIj4KICAgICAgICAgICAgICAgIDxpbWcgY2xhc3M9ImNvbGxlY3Rpb24tdGhyZWVfX2ltYWdlIiBzcmM9Ii93cC1jb250ZW50L3VwbG9hZHMvMjAyNS8wMS90aHJlZS1wZXJmb3JtYW5jZS0yLnBuZyI+CiAgICAgICAgICAgICAgICA8aW1nIGNsYXNzPSJjb2xsZWN0aW9uLXRocmVlX19pbWFnZSBjb2xsZWN0aW9uLXRocmVlX19pbWFnZS0tbW9iaWxlIiBzcmM9Ii93cC1jb250ZW50L3VwbG9hZHMvMjAyNS8wMS90aHJlZS1wZXJmb3JtYW5jZS0yLW1vYmlsZS5wbmciPgogICAgICAgICAgICA8L2Rpdj4KCiAgICAgICAgICAgIDxkaXYgY2xhc3M9ImNvbGxlY3Rpb24tdGhyZWVfX2l0ZW0iPgogICAgICAgICAgICAgICAgW3Byb2R1Y3RfdXJsIGlkPSIzOTE0Il0KICAgICAgICAgICAgICAgIDxpbWcgY2xhc3M9ImNvbGxlY3Rpb24tdGhyZWVfX2ltYWdlIiBzcmM9Ii93cC1jb250ZW50L3VwbG9hZHMvMjAyNS8wMS90aHJlZS1wZXJmb3JtYW5jZS0zLnBuZyI+CiAgICAgICAgICAgICAgICBbL3Byb2R1Y3RfdXJsXQogICAgICAgICAgICAgICAgW3Byb2R1Y3RfdXJsIGlkPSIzOTE0Il0KICAgICAgICAgICAgICAgIDxpbWcgY2xhc3M9ImNvbGxlY3Rpb24tdGhyZWVfX2ltYWdlIGNvbGxlY3Rpb24tdGhyZWVfX2ltYWdlLS1tb2JpbGUiIHNyYz0iL3dwLWNvbnRlbnQvdXBsb2Fkcy8yMDI1LzAxL3RocmVlLXBlcmZvcm1hbmNlLTMtbW9iaWxlLnBuZyI+CiAgICAgICAgICAgICAgICBbL3Byb2R1Y3RfdXJsXQogICAgICAgICAgICAgICAgPGRpdiBjbGFzcz0iY29sbGVjdGlvbi10aHJlZV9fYWN0aW9uIj4KICAgICAgICAgICAgICAgICAgICA8aDQ+W3Byb2R1Y3RfdXJsIGlkPSIzOTE0IiBuYW1lPSJVTFRJTUFURSBEYXJrIExhdmEiIC9dPC9oND4KICAgICAgICAgICAgICAgICAgICBbcHJvZHVjdF9wcmljZSBpZD0iMzkxNCIgL10KICAgICAgICAgICAgICAgIDwvZGl2PgogICAgICAgICAgICA8L2Rpdj4KICAgICAgICA8L2Rpdj4=[\/vc_raw_html][vc_raw_html css=&#8221;&#8221;]CiAgICA8ZGl2IGNsYXNzPSJjb2xsZWN0aW9uLWluZm8iPgogICAgICAgIAogICAgPGRpdiBjbGFzcz0iY29sbGVjdGlvbi1pbmZvX19jb250ZW50IGNvbGxlY3Rpb24taW5mb19fbG9nbyI+CiAgICAgICAgICAgIDxpbWcgc3JjPSIvd3AtY29udGVudC91cGxvYWRzLzIwMjUvMDEvdWx0aW1hdGUtc3BhY2UtZm9yY2Uuc3ZnIj4KICAgICAgICA8L2Rpdj4KICAgICAgICAKICAgICAgICA8aW1nIGNsYXNzPSJjb2xsZWN0aW9uLWluZm9fX2ltYWdlIGNvbGxlY3Rpb24taW5mb19faW1hZ2UtLW1vYmlsZSIgc3JjPSIvd3AtY29udGVudC91cGxvYWRzLzIwMjUvMDEvdWx0aW1hdGUtY29sbGVjdGlvbi1yZWQtY2hhaXItNi5wbmciPgogICAgCiAgICAgICAgPGRpdiBjbGFzcz0iY29sbGVjdGlvbi1pbmZvX19jb250ZW50Ij4KICAgICAgICAgICAgPGgyPld6bmllxZsgU3dvasSFIFd5ZGFqbm\/Fm8SHIG5hIFd5xbxzenkgUG96aW9tPC9oMj4KICAgICAgICAgICAgPHA+V3lyYWZpbm93YW5hIGFkYXB0YWN5am5vxZvEhy4gUG9kxYJva2lldG5pa2kgNEQgaSB3aWVsb3BvenljeWpueSBtZWNoYW5pem0gcG9jaHlsZW5pYSwga3TDs3JlIHdzcMOzxYJncmFqxIUgeiBUd29pbSByeXRtZW0gcHJhY3kuIFR3w7NqIGZvdGVsIHBvd2luaWVuIGR6aWHFgmHEhyByw7N3bmllIGludGVsaWdlbnRuaWUgamFrIFR5LiAgPC9wPgpbcHJvZHVjdF91cmwgaWQ9IjM5MTUiIG5hbWU9IkRvd2llZHogc2nEmSB3acSZY2VqIiBjbGFzcz0iY29sbGVjdGlvbi1pbmZvX19hY3Rpb24iIC9dCiAgICAgICAgPC9kaXY+CgogICAgICAgCiAgICAgICAgPGltZyBjbGFzcz0iY29sbGVjdGlvbi1pbmZvX19pbWFnZSIgc3JjPSIvd3AtY29udGVudC91cGxvYWRzLzIwMjUvMDEvdWx0aW1hdGUtY29sbGVjdGlvbi1wZXJmb3JtYW5jZS5wbmciPgogICAgPC9kaXY+CiAgICA=[\/vc_raw_html][vc_raw_html css=&#8221;&#8221;]ICAgICAgICA8ZGl2IGNsYXNzPSJjb2xsZWN0aW9uLXRocmVlIj4KICAgICAgICAgICAgPGRpdiBjbGFzcz0iY29sbGVjdGlvbi10aHJlZV9faXRlbSI+CiAgICAgICAgICAgICAgICBbcHJvZHVjdF91cmwgaWQ9IjM5MTUiXQogICAgICAgICAgICAgICAgPGltZyBjbGFzcz0iY29sbGVjdGlvbi10aHJlZV9faW1hZ2UiIHNyYz0iL3dwLWNvbnRlbnQvdXBsb2Fkcy8yMDI1LzAxL3VsdGltYXRlLWNvbGxlY3Rpb24tcmVkLWNoYWlyLTMucG5nIj4KICAgICAgICAgICAgICAgIFsvcHJvZHVjdF91cmxdCiAgICAgICAgICAgICAgICBbcHJvZHVjdF91cmwgaWQ9IjM5MTUiXQogICAgICAgICAgICAgICAgPGltZyBjbGFzcz0iY29sbGVjdGlvbi10aHJlZV9faW1hZ2UgY29sbGVjdGlvbi10aHJlZV9faW1hZ2UtLW1vYmlsZSIgc3JjPSIvd3AtY29udGVudC91cGxvYWRzLzIwMjUvMDEvdWx0aW1hdGUtY29sbGVjdGlvbi1yZWQtY2hhaXItbW9iaWxlLnBuZyI+CiAgICAgICAgICAgICAgICBbL3Byb2R1Y3RfdXJsXQogICAgICAgICAgICAgICAgPGRpdiBjbGFzcz0iY29sbGVjdGlvbi10aHJlZV9fYWN0aW9uIj4KICAgICAgICAgICAgICAgICAgICA8aDQ+W3Byb2R1Y3RfdXJsIGlkPSIzOTE1IiBuYW1lPSJVTFRJTUFURSBTcGFjZSBGb3JjZSIgL108L2g0PgogICAgICAgICAgICAgICAgICAgIFtwcm9kdWN0X3ByaWNlIGlkPSIzOTE1IiAvXQogICAgICAgICAgICAgICAgPC9kaXY+CiAgICAgICAgICAgIDwvZGl2PgoKICAgICAgICAgICAgPGRpdiBjbGFzcz0iY29sbGVjdGlvbi10aHJlZV9faXRlbSBjb2xsZWN0aW9uLXRocmVlX19pdGVtLS1sYXJnZSI+CiAgICAgICAgICAgICAgICA8aW1nIGNsYXNzPSJjb2xsZWN0aW9uLXRocmVlX19pbWFnZSIgc3JjPSIvd3AtY29udGVudC91cGxvYWRzLzIwMjUvMDEvdWx0aW1hdGUtY29sbGVjdGlvbi1lc2VudGlhbC1yZWQtdGhyZWUucG5nIj4KICAgICAgICAgICAgICAgIDxpbWcgY2xhc3M9ImNvbGxlY3Rpb24tdGhyZWVfX2ltYWdlIGNvbGxlY3Rpb24tdGhyZWVfX2ltYWdlLS1tb2JpbGUiIHNyYz0iL3dwLWNvbnRlbnQvdXBsb2Fkcy8yMDI1LzAxL3VsdGltYXRlLWNvbGxlY3Rpb24tc2l0dGluZy0xLnBuZyI+CiAgICAgICAgICAgIDwvZGl2PgoKICAgICAgICAgICAgPGRpdiBjbGFzcz0iY29sbGVjdGlvbi10aHJlZV9faXRlbSI+CiAgICAgICAgICAgICAgICA8aW1nIGNsYXNzPSJjb2xsZWN0aW9uLXRocmVlX19pbWFnZSIgc3JjPSIvd3AtY29udGVudC91cGxvYWRzLzIwMjUvMDEvdWx0aW1hdGUtY29sbGVjdGlvbi1yZWQtY2hhaXItNC5wbmciPgogICAgICAgICAgICAgICAgPGltZyBjbGFzcz0iY29sbGVjdGlvbi10aHJlZV9faW1hZ2UgY29sbGVjdGlvbi10aHJlZV9faW1hZ2UtLW1vYmlsZSIgc3JjPSIvd3AtY29udGVudC91cGxvYWRzLzIwMjUvMDEvdWx0aW1hdGUtY29sbGVjdGlvbi1yZWQtY2hhaXItNS1tb2JpbGUucG5nIj4KICAgICAgICAgICAgPC9kaXY+CiAgICAgICAgPC9kaXY+[\/vc_raw_html][vc_raw_html css=&#8221;&#8221;]CiAgICA8ZGl2IGNsYXNzPSJjb2xsZWN0aW9uLWluZm8gY29sbGVjdGlvbi1pbmZvLS1yZXZlcnNlIj4KICAgIDxkaXYgY2xhc3M9ImNvbGxlY3Rpb24taW5mb19fY29udGVudCBjb2xsZWN0aW9uLWluZm9fX2xvZ28iPgogICAgICAgICAgICA8aW1nIHNyYz0iL3dwLWNvbnRlbnQvdXBsb2Fkcy8yMDI1LzAxL3VsdGltYXRlLWJsYWNrLXJhdmVuLnN2ZyI+CiAgICA8L2Rpdj4KICAgICAgICAKICAgICAgICA8aW1nIGNsYXNzPSJjb2xsZWN0aW9uLWluZm9fX2ltYWdlIGNvbGxlY3Rpb24taW5mb19faW1hZ2UtLW1vYmlsZSIgc3JjPSIvd3AtY29udGVudC91cGxvYWRzLzIwMjUvMDEvdWx0aW1hdGUtY29sbGVjdGlvbi1sb29rcy1tb2JpbGUucG5nIj4KICAgIAogICAgICAgIDxkaXYgY2xhc3M9ImNvbGxlY3Rpb24taW5mb19fY29udGVudCI+CiAgICAgICAgICAgIDxoMj5XeWdsxIVkIGkgd3l0cnp5bWHFgm\/Fm8SHIGtsYXN5IHByZW1pdW08L2gyPgogICAgICAgICAgICA8cD5OYXN6IG1vZGVsIFVsdGltYXRlIEJsYWNrIFJhdmVuIHd5a29uYW55IGplc3QgeiBtYXRlcmlhxYJ1IENvcmR1cmEsIHN0d29yem9uZWdvIHBpZXJ3b3RuaWUgZG8gemFzdG9zb3dhxYQgbWlsaXRhcm55Y2ggaSBvdXRkb29yb3d5Y2guPC9wPgpbcHJvZHVjdF91cmwgaWQ9IjM5MTIiIG5hbWU9IkRvd2llZHogc2nEmSB3acSZY2VqIiBjbGFzcz0iY29sbGVjdGlvbi1pbmZvX19hY3Rpb24iIC9dCiAgICAgICAgPC9kaXY+CgogICAgICAgCiAgICAgICAgPGltZyBjbGFzcz0iY29sbGVjdGlvbi1pbmZvX19pbWFnZSIgc3JjPSIvd3AtY29udGVudC91cGxvYWRzLzIwMjUvMDEvdWx0aW1hdGUtY29sbGVjdGlvbi1sb29rcy5wbmciPgogICAgPC9kaXY+CiAgICA=[\/vc_raw_html][vc_raw_html css=&#8221;&#8221;]CiAgICA8ZGl2IGNsYXNzPSJjb2xsZWN0aW9uLWluZm8iPgogICAgICAgIAogICAgICAgIDxpbWcgY2xhc3M9ImNvbGxlY3Rpb24taW5mb19faW1hZ2UgY29sbGVjdGlvbi1pbmZvX19pbWFnZS0tbW9iaWxlIiBzcmM9Ii93cC1jb250ZW50L3VwbG9hZHMvMjAyNS8wMS91bHRpbWF0ZS1jb2xsZWN0aW9uLWJsYWNrLWNoYWlyLTQtbW9iaWxlLnBuZyI+CiAgICAKICAgICAgICA8ZGl2IGNsYXNzPSJjb2xsZWN0aW9uLWluZm9fX2NvbnRlbnQiPgogICAgICAgICAgICA8aDI+U3VidGVsbnkgQXV0b3J5dGV0PC9oMj4KICAgICAgICAgICAgPHA+Q3p5c3RlIGxpbmllLiBQcnplbXnFm2xhbnkgZGVzaWduLiBQb25hZGN6YXNvd2EgZWxlZ2FuY2phLiBEbGEgcHJvZmVzam9uYWxpc3TDs3csIGt0w7Nyenkgd2llZHrEhSwgxbxlIHByYXdkeml3YSBzacWCYSBwcnplbWF3aWEgcG9wcnpleiBvYmVjbm\/Fm8SHLCBuaWUgcHJ6ZXogbWFuaWZlc3RhY2rEmS4gICA8L3A+CiAgICAgICAgPC9kaXY+CgogICAgICAgCiAgICAgICAgPGltZyBjbGFzcz0iY29sbGVjdGlvbi1pbmZvX19pbWFnZSIgc3JjPSIvd3AtY29udGVudC91cGxvYWRzLzIwMjUvMDEvdWx0aW1hdGUtY29sbGVjdGlvbi1ibGFjay1jaGFpci00LnBuZyI+CiAgICA8L2Rpdj4KICAgIA==[\/vc_raw_html][vc_raw_html css=&#8221;&#8221;]ICAgICAgICA8ZGl2IGNsYXNzPSJjb2xsZWN0aW9uLXRocmVlIj4KICAgICAgICAgICAgPGRpdiBjbGFzcz0iY29sbGVjdGlvbi10aHJlZV9faXRlbSI+CiAgICAgICAgICAgICAgICA8aW1nIGNsYXNzPSJjb2xsZWN0aW9uLXRocmVlX19pbWFnZSIgc3JjPSIvd3AtY29udGVudC91cGxvYWRzLzIwMjUvMDEvdWx0aW1hdGUtY29sbGVjdGlvbi1ibGFjay1jaGFpci0yLnBuZyI+CiAgICAgICAgICAgICAgICA8aW1nIGNsYXNzPSJjb2xsZWN0aW9uLXRocmVlX19pbWFnZSBjb2xsZWN0aW9uLXRocmVlX19pbWFnZS0tbW9iaWxlIiBzcmM9Ii93cC1jb250ZW50L3VwbG9hZHMvMjAyNS8wMS90aHJlZS1hdXRob3JpdHktMy1tb2JpbGUucG5nIj4KICAgICAgICAgICAgPC9kaXY+CgogICAgICAgICAgICA8ZGl2IGNsYXNzPSJjb2xsZWN0aW9uLXRocmVlX19pdGVtIj4KICAgICAgICAgICAgICAgIFtwcm9kdWN0X3VybCBpZD0iMzkxMiJdCiAgICAgICAgICAgICAgICA8aW1nIGNsYXNzPSJjb2xsZWN0aW9uLXRocmVlX19pbWFnZSIgc3JjPSIvd3AtY29udGVudC91cGxvYWRzLzIwMjUvMDEvdWx0aW1hdGUtY29sbGVjdGlvbi1ibGFjay1jaGFpci5wbmciPgogICAgICAgICAgICAgICAgWy9wcm9kdWN0X3VybF0KICAgICAgICAgICAgICAgIFtwcm9kdWN0X3VybCBpZD0iMzkxMiJdCiAgICAgICAgICAgICAgICA8aW1nIGNsYXNzPSJjb2xsZWN0aW9uLXRocmVlX19pbWFnZSBjb2xsZWN0aW9uLXRocmVlX19pbWFnZS0tbW9iaWxlIiBzcmM9Ii93cC1jb250ZW50L3VwbG9hZHMvMjAyNS8wMS91bHRpbWF0ZS1jb2xsZWN0aW9uLWJsYWNrLWNoYWlyLW1vYmlsZS5wbmciPgogICAgICAgICAgICAgICAgWy9wcm9kdWN0X3VybF0KICAgICAgICAgICAgICAgICAgICAgICAgICAgICAgICA8ZGl2IGNsYXNzPSJjb2xsZWN0aW9uLXRocmVlX19hY3Rpb24iPgogICAgICAgICAgICAgICAgICAgIDxoND5bcHJvZHVjdF91cmwgaWQ9IjM5MTIiIG5hbWU9IlVMVElNQVRFIEJsYWNrIFJhdmVuIiAvXTwvaDQ+CiAgICAgICAgICAgICAgICAgICAgW3Byb2R1Y3RfcHJpY2UgaWQ9IjM5MTIiIC9dCiAgICAgICAgICAgICAgICA8L2Rpdj4KICAgICAgICAgICAgPC9kaXY+CgogICAgICAgICAgICA8ZGl2IGNsYXNzPSJjb2xsZWN0aW9uLXRocmVlX19pdGVtIGNvbGxlY3Rpb24tdGhyZWVfX2l0ZW0tLWxhcmdlIj4KICAgICAgICAgICAgICAgIDxpbWcgY2xhc3M9ImNvbGxlY3Rpb24tdGhyZWVfX2ltYWdlIiBzcmM9Ii93cC1jb250ZW50L3VwbG9hZHMvMjAyNS8wMS90aHJlZS1hdXRob3JpdHktMy5wbmciPgogICAgICAgICAgICAgICAgPGltZyBjbGFzcz0iY29sbGVjdGlvbi10aHJlZV9faW1hZ2UgY29sbGVjdGlvbi10aHJlZV9faW1hZ2UtLW1vYmlsZSIgc3JjPSIvd3AtY29udGVudC91cGxvYWRzLzIwMjUvMDEvdWx0aW1hdGUtY29sbGVjdGlvbi1ibGFjay1jaGFpci0zLnBuZyI+CiAgICAgICAgICAgIDwvZGl2PgogICAgICAgIDwvZGl2Pg==[\/vc_raw_html][\/vc_column][\/vc_row]<\/p>\n<\/div>","protected":false},"excerpt":{"rendered":"<p>Kolekcja Paradox Ultimate \u2014 flagowy fotel gamingowy z piank\u0105 formowan\u0105 na zimno o wysokiej g\u0119sto\u015bci, magnetyczn\u0105 poduszk\u0105 l\u0119d\u017awiow\u0105 z pianki memory, pod\u0142okietnikami 4D, mechanizmem multiblock. Premium eco-sk\u00f3ra, odchylenie 150\u00b0, no\u015bno\u015b\u0107 150kg. 4 kolory. 100-dniowy zwrot.<\/p>\n","protected":false},"author":1,"featured_media":0,"parent":0,"menu_order":0,"comment_status":"closed","ping_status":"closed","template":"template-fullwidth.php","meta":{"footnotes":""},"class_list":["post-8616","page","type-page","status-publish","hentry","no-thumb"],"_links":{"self":[{"href":"https:\/\/paradox24.com\/pl\/wp-json\/wp\/v2\/pages\/8616","targetHints":{"allow":["GET"]}}],"collection":[{"href":"https:\/\/paradox24.com\/pl\/wp-json\/wp\/v2\/pages"}],"about":[{"href":"https:\/\/paradox24.com\/pl\/wp-json\/wp\/v2\/types\/page"}],"author":[{"embeddable":true,"href":"https:\/\/paradox24.com\/pl\/wp-json\/wp\/v2\/users\/1"}],"replies":[{"embeddable":true,"href":"https:\/\/paradox24.com\/pl\/wp-json\/wp\/v2\/comments?post=8616"}],"version-history":[{"count":2,"href":"https:\/\/paradox24.com\/pl\/wp-json\/wp\/v2\/pages\/8616\/revisions"}],"predecessor-version":[{"id":30935,"href":"https:\/\/paradox24.com\/pl\/wp-json\/wp\/v2\/pages\/8616\/revisions\/30935"}],"wp:attachment":[{"href":"https:\/\/paradox24.com\/pl\/wp-json\/wp\/v2\/media?parent=8616"}],"curies":[{"name":"wp","href":"https:\/\/api.w.org\/{rel}","templated":true}]}}