{"id":6695,"date":"2024-12-31T17:27:01","date_gmt":"2024-12-31T16:27:01","guid":{"rendered":"https:\/\/paradox24.com\/main-page\/"},"modified":"2026-03-05T12:38:31","modified_gmt":"2026-03-05T11:38:31","slug":"main-page","status":"publish","type":"page","link":"https:\/\/paradox24.com\/pl\/","title":{"rendered":"Strona g\u0142\u00f3wna"},"content":{"rendered":"<div class=\"wpb-content-wrapper\"><p>[vc_row full_width=&#8221;stretch_row_content_no_spaces&#8221; el_class=&#8221;supro-container&#8221;][vc_column][vc_raw_html css=&#8221;&#8221;]PGRpdiBjbGFzcz0iaGV5LXBhcmFkb3giPgo8aDE+SGVqITxzcGFuPkplc3RlxZtteSBQYXJhZG94ITwvc3Bhbj48L2gxPgoKPHA+VHdvcnp5bXkgc3VwZXIgZm90ZWxlLCBrdMOzcmUgcG96d29sxIUgQ2kgbWFrc3ltYWxuaWUgd3lrb3J6eXN0YcSHIFR3w7NqIHBvdGVuY2phxYIg4oCTIHphcsOzd25vIHcgcHJhY3ksIGphayBpIHBvZGN6YXMgcm96cnl3a2kuPC9wPgo8L2Rpdj4=[\/vc_raw_html][\/vc_column][\/vc_row][vc_row full_width=&#8221;stretch_row_content_no_spaces&#8221;][vc_column][vc_raw_html css=&#8221;&#8221;]JTNDc3R5bGUlM0UlMEEucHgyNC1wcm9tby1iYW5uZXIlMjAlN0IlMEElMDlwYWRkaW5nJTNBJTIwMjBweCUzQiUwQSU3RCUwQS5weDI0LXByb21vLWJhbm5lcl9faXRlbSUyMCU3QiUwQSUwOWRpc3BsYXklM0ElMjBibG9jayUzQiUwQSUwOXdpZHRoJTNBJTIwMTAwJTI1JTNCJTBBJTA5Ym9yZGVyLXJhZGl1cyUzQSUyMDE2cHglM0IlMEElMDlvdmVyZmxvdyUzQSUyMGhpZGRlbiUzQiUwQSU3RCUwQS5weDI0LXByb21vLWJhbm5lcl9faXRlbSUyMGltZyUyMCU3QiUwQSUwOXdpZHRoJTNBJTIwMTAwJTI1JTNCJTBBJTA5aGVpZ2h0JTNBJTIwYXV0byUzQiUwQSUwOWRpc3BsYXklM0ElMjBibG9jayUzQiUwQSU3RCUwQSU0MG1lZGlhJTIwJTI4bWF4LXdpZHRoJTNBJTIwNzY4cHglMjklMjAlN0IlMEElMDkucHgyNC1wcm9tby1iYW5uZXIlMjAlN0IlMEElMDklMDlwYWRkaW5nJTNBJTIwMCUzQiUwQSUwOSU3RCUwQSUwOS5weDI0LXByb21vLWJhbm5lcl9faXRlbSUyMCU3QiUwQSUwOSUwOWJvcmRlci1yYWRpdXMlM0ElMjAwJTNCJTBBJTA5JTdEJTBBJTdEJTBBJTBBJTNDJTJGc3R5bGUlM0UlMEElMEElM0NkaXYlMjBjbGFzcyUzRCUyMm1haW4tbGFuZGluZyUyMG1haW4tbGFuZGluZy0tYmxhY2slMjIlM0UlMEElMDklM0NkaXYlMjBjbGFzcyUzRCUyMm1haW4tbGFuZGluZ19fY29udGVudCUyMiUzRSUwQSUwOSUwOSUzQ2gyJTNFRXJnb25vbWlhJTIwdyUyMG5hamN6eXN0c3plaiUzQyUyRmgyJTNFJTBBJTA5JTA5JTNDcCUzRXBvc3RhY2klM0MlMkZwJTNFJTBBJTA5JTA5JTNDaW1nJTIwc3JjJTNEJTIyJTJGd3AtY29udGVudCUyRnVwbG9hZHMlMkYyMDI1JTJGMDElMkZlcmdvLWJsYWNrLnN2ZyUyMiUyMCUyRiUzRSUwQSUwOSUwOSUzQ2RpdiUyMGNsYXNzJTNEJTIybWFpbi1sYW5kaW5nX19hY3Rpb24lMjIlM0UlMEElMDklMDklMDklNUJwb3N0X3VybCUyMGlkJTNEJTIyOTEyMSUyMiUyMG5hbWUlM0QlMjJEb3dpZWR6JTIwc2klQzQlOTklMjB3aSVDNCU5OWNlaiUyMiUyMCUyRiU1RCUwQSUwOSUwOSUwOSU1QnBvc3RfdXJsJTIwaWQlM0QlMjI5MTIxJTIyJTIwbmFtZSUzRCUyMkt1cCUyMiUyMCUyRiU1RCUwQSUwOSUwOSUzQyUyRmRpdiUzRSUwQSUwOSUzQyUyRmRpdiUzRSUwQSUwOSUzQ2ltZyUyMGNsYXNzJTNEJTIybWFpbi1sYW5kaW5nX19iYWNrZ3JvdW5kJTIyJTIwc3JjJTNEJTIyJTJGd3AtY29udGVudCUyRnVwbG9hZHMlMkYyMDI1JTJGMDElMkZlcmdvb25lLnBuZyUyMiUyMCUyRiUzRSUwQSUwOSUzQ2ltZyUyMGNsYXNzJTNEJTIybWFpbi1sYW5kaW5nX19iYWNrZ3JvdW5kJTIwbWFpbi1sYW5kaW5nX19iYWNrZ3JvdW5kLS1tb2JpbGUlMjIlMjBzcmMlM0QlMjIlMkZ3cC1jb250ZW50JTJGdXBsb2FkcyUyRjIwMjUlMkYwMSUyRmVyZ29vbmUtbW9iaWxlLnBuZyUyMiUyMCUyRiUzRSUwQSUzQyUyRmRpdiUzRSUwQSUwQSUzQ2RpdiUyMGNsYXNzJTNEJTIybWFpbi1sYW5kaW5nJTIwbWFpbi1sYW5kaW5nLS1ibGFjayUyMiUzRSUwQSUwOSUzQ2RpdiUyMGNsYXNzJTNEJTIybWFpbi1sYW5kaW5nX19jb250ZW50JTIyJTNFJTBBJTA5JTA5JTNDaDIlM0VQZXJmZWtjamElMjB3JTIwa2ElQzUlQkNkeW0lMjBkZXRhbHUlM0MlMkZoMiUzRSUwQSUwOSUwOSUzQ2RpdiUyMHN0eWxlJTNEJTIybWFyZ2luJTNBJTIwMjRweCUyMDAlMjAxNnB4JTIwMCUzQiUyMHRleHQtYWxpZ24lM0ElMjBsZWZ0JTNCJTIyJTNFJTNDc3ZnJTIwc3R5bGUlM0QlMjJ3aWR0aCUzQSUyMDEwMCUyNSUzQiUyMGhlaWdodCUzQSUyMGF1dG8lM0IlMjIlMjB2ZXJzaW9uJTNEJTIyMS4wJTIyJTIweG1sbnMlM0QlMjJodHRwJTNBJTJGJTJGd3d3LnczLm9yZyUyRjIwMDAlMkZzdmclMjIlMjB2aWV3Qm94JTNEJTIyMCUyMDAlMjAxMzAwLjAwMDAwMCUyMDk5LjAwMDAwMCUyMiUwQSUyMHByZXNlcnZlQXNwZWN0UmF0aW8lM0QlMjJ4TWluWU1pZCUyMG1lZXQlMjIlM0UlMEElMEElM0NnJTIwdHJhbnNmb3JtJTNEJTIydHJhbnNsYXRlJTI4MC4wMDAwMDAlMkM5OS4wMDAwMDAlMjklMjBzY2FsZSUyODAuMTAwMDAwJTJDLTAuMTAwMDAwJTI5JTIyJTBBZmlsbCUzRCUyMiUyMzAwMDAwMCUyMiUyMHN0cm9rZSUzRCUyMm5vbmUlMjIlM0UlMEElM0NwYXRoJTIwZCUzRCUyMk01OTkwJTIwOTI3JTIwYy0zMCUyMC0xNiUyMC01MSUyMC0zNyUyMC02NyUyMC02NyUyMC0yMyUyMC00MyUyMC0yMyUyMC00NiUyMC0yMyUyMC00MTclMjBsMCUwQS0zNzMlMjA3NSUyMDAlMjA3NSUyMDAlMjAyJTIwMzg3JTIwMyUyMDM4OCUyMDIxNSUyMC0zNjQlMjBjMTQ4JTIwLTI1MCUyMDIyNSUyMC0zNzElMjAyNDglMjAtMzg5JTIwNjQlMjAtNDklMjAxNjYlMEEtNDAlMjAyMjElMjAyMCUyMDExJTIwMTElMjAxMTQlMjAxODAlMjAyMjglMjAzNzQlMjAxMTQlMjAxOTQlMjAyMTAlMjAzNTMlMjAyMTMlMjAzNTQlMjAzJTIwMCUyMDQlMjAtMTczJTIwMiUyMC0zODUlMEFsLTIlMjAtMzg1JTIwNzUlMjAwJTIwNzUlMjAwJTIwMCUyMDM3NiUyMGMwJTIwNDE5JTIwMCUyMDQyMCUyMC02OCUyMDQ3MiUyMC0zMCUyMDIzJTIwLTQ2JTIwMjclMjAtOTclMjAyNyUyMC05OSUyMDAlMEEtMTA0JTIwLTYlMjAtMzM2JTIwLTM5OSUyMC0xMTIlMjAtMTkwJTIwLTIwNyUyMC0zNDYlMjAtMjExJTIwLTM0NiUyMC00JTIwMCUyMC0zOSUyMDU1JTIwLTc5JTIwMTIzJTIwLTMyMSUwQTU0NSUyMC0zNDIlMjA1NzglMjAtMzg0JTIwNjAzJTIwLTUzJTIwMzElMjAtMTA4JTIwMzElMjAtMTY1JTIwMXolMjIlMkYlM0UlMEElM0NwYXRoJTIwZCUzRCUyMk05NDM5JTIwOTI3JTIwYy0zOCUyMC0yMCUyMC03NiUyMC02OCUyMC0yOTElMjAtMzY4JTIwLTEzNiUyMC0xODklMjAtMjcwJTIwLTM3NyUyMC0yOTglMjAtNDE2JTBBbC01MSUyMC03MyUyMDk1JTIwMCUyMDk1JTIwMCUyMDY4JTIwMTAwJTIwNjglMjA5OSUyMDQwMCUyMDAlMjA0MDAlMjAwJTIwNjklMjAtOTklMjA2OSUyMC0xMDAlMjA5NCUyMDAlMjBjNzUlMjAwJTIwOTIlMjAzJTBBODYlMjAxMyUyMC0xMCUyMDE2JTIwLTI5MiUyMDQwOSUyMC00NjUlMjA2NDklMjAtMTA3JTIwMTQ4JTIwLTEzNSUyMDE3OSUyMC0xNzElMjAxOTclMjAtNTclMjAyNyUyMC0xMTMlMjAyNyUwQS0xNjglMjAtMnolMjBtMjI1JTIwLTI5MiUyMGM3NSUyMC0xMDclMjAxMzYlMjAtMTk5JTIwMTM2JTIwLTIwNSUyMDAlMjAtNiUyMC0xMDYlMjAtOSUyMC0yNzUlMjAtOSUyMC0xODIlMjAwJTBBLTI3NSUyMDMlMjAtMjc1JTIwMTAlMjAwJTIwMTAlMjAyNjglMjAzOTklMjAyNzUlMjAzOTklMjAyJTIwMCUyMDY0JTIwLTg4JTIwMTM5JTIwLTE5NXolMjIlMkYlM0UlMEElM0NwYXRoJTIwZCUzRCUyMk0xMDQyMyUyMDkyNSUyMGMtMjclMjAtMTYlMjAtNDklMjAtNDAlMjAtNjIlMjAtNjglMjAtMjAlMjAtNDIlMjAtMjElMjAtNTklMjAtMjElMjAtNDE1JTIwbDAlMEEtMzcyJTIwNzUlMjAwJTIwNzUlMjAwJTIwMCUyMDM3NiUyMGMwJTIwMjA3JTIwMyUyMDM3NCUyMDglMjAzNzIlMjA0JTIwLTElMjAxNjQlMjAtMTYzJTIwMzU3JTIwLTM1OCUyMDE5MiUyMC0xOTUlMjAzNjUlMEEtMzY1JTIwMzg1JTIwLTM3NyUyMDc0JTIwLTQ4JTIwMTc0JTIwLTIzJTIwMjI3JTIwNTYlMjAyMyUyMDM0JTIwMjMlMjAzNSUyMDIzJTIwNDE4JTIwbDAlMjAzODQlMjAtNzIlMjAtMyUyMC03MyUyMC0zJTBBLTUlMjAtMzc0JTIwLTUlMjAtMzc0JTIwLTM1MyUyMDM1OSUyMGMtMTk1JTIwMTk3JTIwLTM3MCUyMDM2OSUyMC0zOTAlMjAzODElMjAtNTElMjAzMSUyMC0xMTUlMjAzMCUyMC0xNjklMjAtMnolMjIlMkYlM0UlMEElM0NwYXRoJTIwZCUzRCUyMk0zNzklMjA5MzMlMjBjLTE1JTIwLTIlMjAtNTElMjAtMTglMjAtODAlMjAtMzYlMjAtNDElMjAtMjUlMjAtNjAlMjAtNDUlMjAtODElMjAtODYlMjBsLTI4JTIwLTUzJTBBMCUyMC0yNDUlMjBjMCUyMC0xNTUlMjA0JTIwLTI2MCUyMDExJTIwLTI4NCUyMDE2JTIwLTUwJTIwNjElMjAtMTA1JTIwMTEyJTIwLTEzMiUyMDQyJTIwLTIyJTIwNDglMjAtMjIlMjA1MzAlMjAtMjUlMEFsNDg3JTIwLTMlMjAwJTIwNzYlMjAwJTIwNzUlMjAtNDk1JTIwMCUyMC00OTUlMjAwJTIwMCUyMDEwNSUyMDAlMjAxMDUlMjA0OTUlMjAwJTIwNDk1JTIwMCUyMDAlMjA3NSUyMDAlMjA3NSUyMC00OTUlMjAwJTBBLTQ5NSUyMDAlMjAwJTIwMTA1JTIwMCUyMDEwNSUyMDQ5NSUyMDAlMjA0OTUlMjAwJTIwMCUyMDc1JTIwMCUyMDc1JTIwLTQ2MiUyMC0xJTIwYy0yNTUlMjAtMSUyMC00NzUlMjAtNCUyMC00ODklMjAtNnolMjIlMkYlM0UlMEElM0NwYXRoJTIwZCUzRCUyMk0xNTEwJTIwNTA1JTIwbDAlMjAtNDM1JTIwNzUlMjAwJTIwNzUlMjAwJTIwMCUyMDEzMCUyMDAlMjAxMzAlMjA0MjAlMjAwJTIwNDIwJTIwMCUyMDAlMjAtMTMwJTIwMCUyMC0xMzAlMEE3NSUyMDAlMjA3NSUyMDAlMjAwJTIwMTA4JTIwYzAlMjAxMjAlMjAtMTclMjAxNzIlMjAtNjUlMjAyMTAlMjBsLTI3JTIwMjIlMjAzMCUyMDI1JTIwYzUwJTIwNDIlMjA2NSUyMDk3JTIwNjAlMjAyMjIlMjAtNCUwQTExOCUyMC0yMCUyMDE2MyUyMC03NSUyMDIxNSUyMC02NiUyMDYzJTIwLTYxJTIwNjMlMjAtNTg1JTIwNjYlMjBsLTQ3OCUyMDMlMjAwJTIwLTQzNnolMjBtOTg1JTIwMTMwJTIwbDAlMjAtMTUwJTBBLTQxNyUyMC0yJTIwLTQxOCUyMC0zJTIwMCUyMDE1NSUyMDAlMjAxNTUlMjA0MTglMjAtMiUyMDQxNyUyMC0zJTIwMCUyMC0xNTB6JTIyJTJGJTNFJTBBJTNDcGF0aCUyMGQlM0QlMjJNMjk5NyUyMDkyNiUyMGMtNjIlMjAtMTclMjAtMTE2JTIwLTYxJTIwLTE0NyUyMC0xMjIlMjAtMjUlMjAtNDglMjAtMjUlMjAtNTIlMjAtMjUlMjAtMjk0JTIwMCUwQS0yMTMlMjAyJTIwLTI1MSUyMDE4JTIwLTI5MiUyMDIyJTIwLTU3JTIwODklMjAtMTE5JTIwMTQ1JTIwLTEzNiUyMDUyJTIwLTE2JTIwNzYwJTIwLTE3JTIwODE1JTIwLTElMjA0NyUyMDEzJTIwMTExJTBBNjklMjAxNDAlMjAxMjMlMjAxOSUyMDM2JTIwMjIlMjA2MCUyMDI1JTIwMjA5JTIwbDQlMjAxNjclMjAtMjk2JTIwMCUyMC0yOTYlMjAwJTIwMCUyMC03NSUyMDAlMjAtNzUlMjAyMjAlMjAwJTIwMjIwJTIwMCUwQTAlMjAtMTA1JTIwMCUyMC0xMDUlMjAtNDIwJTIwMCUyMC00MjAlMjAwJTIwMCUyMDI4NSUyMDAlMjAyODUlMjA0OTUlMjAwJTIwNDk2JTIwMCUyMC0zJTIwNzMlMjAtMyUyMDcyJTIwLTQ2MCUyMDIlMEFjLTM1MCUyMDElMjAtNDcxJTIwLTElMjAtNTA4JTIwLTExeiUyMiUyRiUzRSUwQSUzQ3BhdGglMjBkJTNEJTIyTTQzMTglMjA5MjYlMjBjLTYxJTIwLTE2JTIwLTExMSUyMC01NiUyMC0xNDUlMjAtMTE0JTIwbC0yOCUyMC00NyUyMDAlMjAtMjYwJTIwYzAlMjAtMjQ4JTIwMSUwQS0yNjIlMjAyMiUyMC0zMDElMjAyOSUyMC01NCUyMDkzJTIwLTExMCUyMDE0MCUyMC0xMjMlMjAyNCUyMC03JTIwMTc4JTIwLTExJTIwNDA5JTIwLTExJTIwNDExJTIwMCUyMDQyOSUyMDIlMjA0OTIlMEE2MyUyMDE5JTIwMTglMjA0MyUyMDUwJTIwNTUlMjA3MiUyMDIxJTIwMzglMjAyMiUyMDUzJTIwMjIlMjAyOTUlMjAwJTIwMjU0JTIwMCUyMDI1NiUyMC0yNiUyMDMwNSUyMC0zMiUyMDYyJTIwLTkzJTIwMTEwJTBBLTE1OSUyMDEyNCUyMC03NCUyMDE2JTIwLTcyMSUyMDE0JTIwLTc4MiUyMC0zeiUyMG04MTclMjAtNDIxJTIwbDAlMjAtMjgwJTIwLTQyMCUyMDAlMjAtNDIwJTIwMCUyMC0zJTIwMjcwJTIwYy0xJTBBMTQ4JTIwMCUyMDI3NSUyMDMlMjAyODIlMjAzJTIwMTElMjA5MSUyMDEzJTIwNDIyJTIwMTElMjBsNDE4JTIwLTMlMjAwJTIwLTI4MHolMjIlMkYlM0UlMEElM0NwYXRoJTIwZCUzRCUyMk03NTEwJTIwNTA1JTIwbDAlMjAtNDM1JTIwNzUlMjAwJTIwNzUlMjAwJTIwMCUyMDQzNSUyMDAlMjA0MzUlMjAtNzUlMjAwJTIwLTc1JTIwMCUyMDAlMjAtNDM1eiUyMiUyRiUzRSUwQSUzQ3BhdGglMjBkJTNEJTIyTTc4NDAlMjA1OTQlMjBjMCUyMC0zMzIlMjAxJTIwLTM1MCUyMDIxJTIwLTM5MSUyMDI1JTIwLTUzJTIwODYlMjAtMTA2JTIwMTM4JTIwLTEyMSUyMDI2JTIwLTglMjAxNTMlMEEtMTIlMjAzOTUlMjAtMTIlMjBsMzU2JTIwMCUyMDAlMjA3NSUyMDAlMjA3NSUyMC0zODAlMjAwJTIwLTM4MCUyMDAlMjAtMiUyMDM1NyUyMC0zJTIwMzU4JTIwLTcyJTIwMyUyMC03MyUyMDMlMjAwJTIwLTM0N3olMjIlMkYlM0UlMEElM0NwYXRoJTIwZCUzRCUyMk0xMTg1NSUyMDkzMSUyMGMtNzclMjAtMjAlMjAtMTU1JTIwLTkwJTIwLTE3NSUyMC0xNTglMjAtOCUyMC0yNSUyMC0xMCUyMC0xMjMlMjAtOCUyMC0yODklMjBsMyUwQS0yNTElMjAzMCUyMC00OSUyMGMxOSUyMC0zMCUyMDQ5JTIwLTYwJTIwNzklMjAtNzklMjBsNDklMjAtMzAlMjAzODMlMjAtMyUyMGMyNDQlMjAtMiUyMDM5OCUyMDElMjA0MjIlMjA4JTIwNjMlMjAxNiUwQTEyMSUyMDY1JTIwMTQ4JTIwMTIzJTIwMjMlMjA1MSUyMDI0JTIwNTklMjAyNCUyMDMwMCUyMDAlMjAyNzQlMjAtMyUyMDI5MyUyMC02MyUyMDM1NSUyMC0xOCUyMDE5JTIwLTUwJTIwNDMlMjAtNzIlMjA1NSUwQS0zOSUyMDIxJTIwLTUxJTIwMjIlMjAtNDE1JTIwMjQlMjAtMjA2JTIwMSUyMC0zODglMjAtMiUyMC00MDUlMjAtNnolMjBtODA1JTIwLTQyNiUyMGwwJTIwLTI4NSUyMC00MjAlMjAwJTIwLTQyMCUwQTAlMjAwJTIwMjg1JTIwMCUyMDI4NSUyMDQyMCUyMDAlMjA0MjAlMjAwJTIwMCUyMC0yODV6JTIyJTJGJTNFJTBBJTNDJTJGZyUzRSUwQSUzQyUyRnN2ZyUzRSUzQyUyRmRpdiUzRSUwQSUwOSUwOSUzQ2RpdiUyMGNsYXNzJTNEJTIybWFpbi1sYW5kaW5nX19hY3Rpb24lMjIlM0UlMEElMDklMDklMDklNUJwb3N0X3VybCUyMGlkJTNEJTIyMzAwODAlMjIlMjBuYW1lJTNEJTIyRG93aWVkeiUyMHNpJUM0JTk5JTIwd2klQzQlOTljZWolMjIlMjAlMkYlNUQlMEElMDklMDklMDklNUJwb3N0X3VybCUyMGlkJTNEJTIyMzAwODAlMjIlMjBuYW1lJTNEJTIyS3VwJTIyJTIwJTJGJTVEJTBBJTA5JTA5JTNDJTJGZGl2JTNFJTBBJTA5JTNDJTJGZGl2JTNFJTBBJTA5JTNDaW1nJTIwY2xhc3MlM0QlMjJtYWluLWxhbmRpbmdfX2JhY2tncm91bmQlMjIlMjBzcmMlM0QlMjIlMkZ3cC1jb250ZW50JTJGdXBsb2FkcyUyRjIwMjYlMkYwMyUyRkVyZ29fTWlsYW5vX0hlcm9fZGVza3RvcC5qcGVnJTIyJTIwJTJGJTNFJTBBJTA5JTNDaW1nJTIwY2xhc3MlM0QlMjJtYWluLWxhbmRpbmdfX2JhY2tncm91bmQlMjBtYWluLWxhbmRpbmdfX2JhY2tncm91bmQtLW1vYmlsZSUyMiUyMHNyYyUzRCUyMiUyRndwLWNvbnRlbnQlMkZ1cGxvYWRzJTJGMjAyNiUyRjAzJTJGRXJnb19NaWxhbm9fSGVyb19tb2JpbGUucG5nJTIyJTIwJTJGJTNFJTBBJTNDJTJGZGl2JTNFJTBBJTBBJTNDZGl2JTIwY2xhc3MlM0QlMjJtYWluLWxhbmRpbmclMjBtYWluLWxhbmRpbmctLWxpZ2h0JTIyJTNFJTBBJTA5JTNDZGl2JTIwY2xhc3MlM0QlMjJtYWluLWxhbmRpbmdfX2NvbnRlbnQlMjIlM0UlMEElMDklMDklM0NoMiUzRVRvJTJDJTIwY28lMjB3eWJpZXJhaiVDNCU4NSUzQyUyRmgyJTNFJTBBJTA5JTA5JTNDcCUzRXByb2Zlc2pvbmFsaSVDNSU5QmNpJTNDJTJGcCUzRSUwQSUwOSUwOSUzQ2ltZyUyMHNyYyUzRCUyMiUyRndwLWNvbnRlbnQlMkZ1cGxvYWRzJTJGMjAyNCUyRjEyJTJGdWx0aW1hdGUuc3ZnJTIyJTIwJTJGJTNFJTBBJTA5JTA5JTNDZGl2JTIwY2xhc3MlM0QlMjJtYWluLWxhbmRpbmdfX2FjdGlvbiUyMiUzRSUwQSUwOSUwOSUwOSU1QnBvc3RfdXJsJTIwaWQlM0QlMjI3NzEwJTIyJTIwbmFtZSUzRCUyMkRvd2llZHolMjBzaSVDNCU5OSUyMHdpJUM0JTk5Y2VqJTIyJTIwJTJGJTVEJTBBJTA5JTA5JTA5JTVCcG9zdF91cmwlMjBpZCUzRCUyMjc3MTAlMjIlMjBuYW1lJTNEJTIyS3VwJTIyJTIwJTJGJTVEJTBBJTA5JTA5JTNDJTJGZGl2JTNFJTBBJTA5JTNDJTJGZGl2JTNFJTBBJTA5JTNDaW1nJTIwY2xhc3MlM0QlMjJtYWluLWxhbmRpbmdfX2JhY2tncm91bmQlMjIlMjBzcmMlM0QlMjIlMkZ3cC1jb250ZW50JTJGdXBsb2FkcyUyRjIwMjQlMkYxMiUyRnVsdGltYXRlLnBuZyUyMiUyMCUyRiUzRSUwQSUwOSUzQ2ltZyUyMGNsYXNzJTNEJTIybWFpbi1sYW5kaW5nX19iYWNrZ3JvdW5kJTIwbWFpbi1sYW5kaW5nX19iYWNrZ3JvdW5kLS1tb2JpbGUlMjIlMjBzcmMlM0QlMjIlMkZ3cC1jb250ZW50JTJGdXBsb2FkcyUyRjIwMjQlMkYxMiUyRnVsdGltYXRlLW1vYmlsZS5wbmclMjIlMjAlMkYlM0UlMEElM0MlMkZkaXYlM0UlMEElMEElM0NkaXYlMjBjbGFzcyUzRCUyMm1haW4tbGFuZGluZyUyMiUzRSUwQSUwOSUzQ2RpdiUyMGNsYXNzJTNEJTIybWFpbi1sYW5kaW5nX19jb250ZW50JTIyJTNFJTBBJTA5JTA5JTNDaDIlM0VGb3RlbCUyMGRsYSUyMHR5Y2glMkMlMjBjbyUzQyUyRmgyJTNFJTBBJTA5JTA5JTNDcCUzRWRvd29keiVDNCU4NSUzQyUyRnAlM0UlMEElMDklMDklM0NpbWclMjBzcmMlM0QlMjIlMkZ3cC1jb250ZW50JTJGdXBsb2FkcyUyRjIwMjUlMkYwMSUyRmNvbW1hbmRlci5zdmclMjIlMjAlMkYlM0UlMEElMDklMDklM0NkaXYlMjBjbGFzcyUzRCUyMm1haW4tbGFuZGluZ19fYWN0aW9uJTIyJTNFJTBBJTA5JTA5JTA5JTVCcG9zdF91cmwlMjBpZCUzRCUyMjg4NjQlMjIlMjBuYW1lJTNEJTIyRG93aWVkeiUyMHNpJUM0JTk5JTIwd2klQzQlOTljZWolMjIlMjAlMkYlNUQlMEElMDklMDklMDklNUJwb3N0X3VybCUyMGlkJTNEJTIyODg2NCUyMiUyMG5hbWUlM0QlMjJLdXAlMjIlMjAlMkYlNUQlMEElMDklMDklM0MlMkZkaXYlM0UlMEElMDklM0MlMkZkaXYlM0UlMEElMDklM0NpbWclMjBjbGFzcyUzRCUyMm1haW4tbGFuZGluZ19fYmFja2dyb3VuZCUyMiUyMHNyYyUzRCUyMiUyRndwLWNvbnRlbnQlMkZ1cGxvYWRzJTJGMjAyNSUyRjAxJTJGY29tbWFuZGVyLnBuZyUyMiUyMCUyRiUzRSUwQSUwOSUzQ2ltZyUyMGNsYXNzJTNEJTIybWFpbi1sYW5kaW5nX19iYWNrZ3JvdW5kJTIwbWFpbi1sYW5kaW5nX19iYWNrZ3JvdW5kLS1tb2JpbGUlMjIlMjBzcmMlM0QlMjIlMkZ3cC1jb250ZW50JTJGdXBsb2FkcyUyRjIwMjUlMkYwMSUyRmNvbW1hbmRlci1tb2JpbGUucG5nJTIyJTIwJTJGJTNFJTBBJTNDJTJGZGl2JTNFJTBBJTBBJTNDZGl2JTIwY2xhc3MlM0QlMjJtYWluLWxhbmRpbmclMjIlM0UlMEElMDklM0NkaXYlMjBjbGFzcyUzRCUyMm1haW4tbGFuZGluZ19fY29udGVudCUyMiUzRSUwQSUwOSUwOSUzQ2gyJTNFVGFtJTIwZ2R6aWUlMjBsaWN6eSUyMHNpJUM0JTk5JTNDJTJGaDIlM0UlMEElMDklMDklM0NwJTNFd3lkYWpubyVDNSU5QiVDNCU4NyUzQyUyRnAlM0UlMEElMDklMDklM0NpbWclMjBzcmMlM0QlMjIlMkZ3cC1jb250ZW50JTJGdXBsb2FkcyUyRjIwMjUlMkYwMSUyRnZhbmd1YXJkLnN2ZyUyMiUyMCUyRiUzRSUwQSUwOSUwOSUzQ2RpdiUyMGNsYXNzJTNEJTIybWFpbi1sYW5kaW5nX19hY3Rpb24lMjIlM0UlMEElMDklMDklMDklNUJwb3N0X3VybCUyMGlkJTNEJTIyODY3NSUyMiUyMG5hbWUlM0QlMjJEb3dpZWR6JTIwc2klQzQlOTklMjB3aSVDNCU5OWNlaiUyMiUyMCUyRiU1RCUwQSUwOSUwOSUwOSU1QnBvc3RfdXJsJTIwaWQlM0QlMjI4Njc1JTIyJTIwbmFtZSUzRCUyMkt1cCUyMiUyMCUyRiU1RCUwQSUwOSUwOSUzQyUyRmRpdiUzRSUwQSUwOSUzQyUyRmRpdiUzRSUwQSUwOSUzQ2ltZyUyMGNsYXNzJTNEJTIybWFpbi1sYW5kaW5nX19iYWNrZ3JvdW5kJTIyJTIwc3JjJTNEJTIyJTJGd3AtY29udGVudCUyRnVwbG9hZHMlMkYyMDI1JTJGMDElMkZ2YW5ndWFyZC5wbmclMjIlMjAlMkYlM0UlMEElMDklM0NpbWclMjBjbGFzcyUzRCUyMm1haW4tbGFuZGluZ19fYmFja2dyb3VuZCUyMG1haW4tbGFuZGluZ19fYmFja2dyb3VuZC0tbW9iaWxlJTIyJTIwc3JjJTNEJTIyJTJGd3AtY29udGVudCUyRnVwbG9hZHMlMkYyMDI1JTJGMDElMkZ2YW5ndWFyZC1tb2JpbGUucG5nJTIyJTIwJTJGJTNFJTBBJTNDJTJGZGl2JTNF[\/vc_raw_html][\/vc_column][\/vc_row]<\/p>\n<\/div>","protected":false},"excerpt":{"rendered":"<p>Premium krzes\u0142a ergonomiczne i gamingowe zaprojektowane w Europie. 5 kolekcji: Ergo Milano Pro, Ergo One, Ultimate, Vanguard, Commander. 9 punkt\u00f3w regulacji, pod\u0142okietniki 5D, oddychaj\u0105ca siatka. 100-dniowy zwrot, darmowa dostawa w UE. Kup teraz.<\/p>\n","protected":false},"author":1,"featured_media":0,"parent":0,"menu_order":0,"comment_status":"closed","ping_status":"closed","template":"template-fullwidth.php","meta":{"footnotes":""},"class_list":["post-6695","page","type-page","status-publish","hentry","no-thumb"],"_links":{"self":[{"href":"https:\/\/paradox24.com\/pl\/wp-json\/wp\/v2\/pages\/6695","targetHints":{"allow":["GET"]}}],"collection":[{"href":"https:\/\/paradox24.com\/pl\/wp-json\/wp\/v2\/pages"}],"about":[{"href":"https:\/\/paradox24.com\/pl\/wp-json\/wp\/v2\/types\/page"}],"author":[{"embeddable":true,"href":"https:\/\/paradox24.com\/pl\/wp-json\/wp\/v2\/users\/1"}],"replies":[{"embeddable":true,"href":"https:\/\/paradox24.com\/pl\/wp-json\/wp\/v2\/comments?post=6695"}],"version-history":[{"count":20,"href":"https:\/\/paradox24.com\/pl\/wp-json\/wp\/v2\/pages\/6695\/revisions"}],"predecessor-version":[{"id":31490,"href":"https:\/\/paradox24.com\/pl\/wp-json\/wp\/v2\/pages\/6695\/revisions\/31490"}],"wp:attachment":[{"href":"https:\/\/paradox24.com\/pl\/wp-json\/wp\/v2\/media?parent=6695"}],"curies":[{"name":"wp","href":"https:\/\/api.w.org\/{rel}","templated":true}]}}