{"id":30374,"date":"2026-02-20T21:45:00","date_gmt":"2026-02-20T20:45:00","guid":{"rendered":"https:\/\/paradox24.com\/ergo-milano-collection\/"},"modified":"2026-03-04T14:26:46","modified_gmt":"2026-03-04T13:26:46","slug":"ergo-milano-collection","status":"publish","type":"page","link":"https:\/\/paradox24.com\/pl\/ergo-milano-collection\/","title":{"rendered":"Kolekcja Ergo Milano Pro"},"content":{"rendered":"<div class=\"wpb-content-wrapper\"><p>[vc_row][vc_column][vc_single_image image=&#8221;29997&#8243; img_size=&#8221;full&#8221; css=&#8221;.vc_custom_1{display:none!important;}&#8221;][\/vc_column][\/vc_row][vc_row css=&#8221;.vc_custom_1{margin:0 !important;padding:0 !important;height:0;overflow:hidden;}&#8221;][vc_column][vc_column_text]Kolekcja Paradox Ergo Milano Pro. W\u0142oski mechanizm synchroniczny Donati, wysokiej jako\u015bci korea\u0144ska siatka, aluminiowa podstawa. 9 punkt\u00f3w regulacji, pod\u0142okietniki 5D, zintegrowany podn\u00f3\u017cek. Dost\u0119pne w szaro\u015bci i czerni. Certyfikowane BIFMA i EN 1335.<img loading=\"lazy\" decoding=\"async\" src=\"https:\/\/paradox24.com\/wp-content\/uploads\/2026\/02\/Ergo_Milano_collection_page_hero_1-1.png\" alt=\"Ergo Milano Pro Collection\" width=\"1200\" height=\"854\" \/>[\/vc_column_text][\/vc_column][\/vc_row][vc_row full_width=&#8221;stretch_row_content_no_spaces&#8221;][vc_column][vc_raw_html css=&#8221;&#8221;]JTIwJTIwJTIwJTIwJTNDZGl2JTIwY2xhc3MlM0QlMjJtYWluLWxhbmRpbmclMjBtYWluLWxhbmRpbmctLWxpZ2h0JTIyJTNFJTBBJTIwJTIwJTIwJTIwJTIwJTIwJTIwJTIwJTNDZGl2JTIwY2xhc3MlM0QlMjJtYWluLWxhbmRpbmdfX2NvbnRlbnQlMjIlM0UlMEElMjAlMjAlMjAlMjAlMjAlMjAlMjAlMjAlMjAlMjAlMjAlMjAlM0NoMiUzRUVyZ29ub21pY3puZSUyMFByZW1pdW0lMjBLcnplcyVDNSU4Mm8lM0MlMkZoMiUzRSUwQSUyMCUyMCUyMCUyMCUyMCUyMCUyMCUyMCUyMCUyMCUyMCUyMCUzQ2RpdiUyMHN0eWxlJTNEJTIybWFyZ2luJTNBJTIwMTZweCUyMDAlM0IlMjB0ZXh0LWFsaWduJTNBJTIwbGVmdCUzQiUyMiUzRSUzQ3N2ZyUyMHN0eWxlJTNEJTIyd2lkdGglM0ElMjAxMDAlMjUlM0IlMjBtYXgtaGVpZ2h0JTNBJTIwOTlweCUzQiUyMGhlaWdodCUzQSUyMGF1dG8lM0IlMjIlMjB2ZXJzaW9uJTNEJTIyMS4wJTIyJTIweG1sbnMlM0QlMjJodHRwJTNBJTJGJTJGd3d3LnczLm9yZyUyRjIwMDAlMkZzdmclMjIlMjB2aWV3Qm94JTNEJTIyMCUyMDAlMjAxMzAwLjAwMDAwMCUyMDk5LjAwMDAwMCUyMiUwQSUyMHByZXNlcnZlQXNwZWN0UmF0aW8lM0QlMjJ4TWluWU1pZCUyMG1lZXQlMjIlM0UlMEElMEElM0NnJTIwdHJhbnNmb3JtJTNEJTIydHJhbnNsYXRlJTI4MC4wMDAwMDAlMkM5OS4wMDAwMDAlMjklMjBzY2FsZSUyODAuMTAwMDAwJTJDLTAuMTAwMDAwJTI5JTIyJTBBZmlsbCUzRCUyMiUyM0ZGRkZGRiUyMiUyMHN0cm9rZSUzRCUyMm5vbmUlMjIlM0UlMEElM0NwYXRoJTIwZCUzRCUyMk01OTkwJTIwOTI3JTIwYy0zMCUyMC0xNiUyMC01MSUyMC0zNyUyMC02NyUyMC02NyUyMC0yMyUyMC00MyUyMC0yMyUyMC00NiUyMC0yMyUyMC00MTclMjBsMCUwQS0zNzMlMjA3NSUyMDAlMjA3NSUyMDAlMjAyJTIwMzg3JTIwMyUyMDM4OCUyMDIxNSUyMC0zNjQlMjBjMTQ4JTIwLTI1MCUyMDIyNSUyMC0zNzElMjAyNDglMjAtMzg5JTIwNjQlMjAtNDklMjAxNjYlMEEtNDAlMjAyMjElMjAyMCUyMDExJTIwMTElMjAxMTQlMjAxODAlMjAyMjglMjAzNzQlMjAxMTQlMjAxOTQlMjAyMTAlMjAzNTMlMjAyMTMlMjAzNTQlMjAzJTIwMCUyMDQlMjAtMTczJTIwMiUyMC0zODUlMEFsLTIlMjAtMzg1JTIwNzUlMjAwJTIwNzUlMjAwJTIwMCUyMDM3NiUyMGMwJTIwNDE5JTIwMCUyMDQyMCUyMC02OCUyMDQ3MiUyMC0zMCUyMDIzJTIwLTQ2JTIwMjclMjAtOTclMjAyNyUyMC05OSUyMDAlMEEtMTA0JTIwLTYlMjAtMzM2JTIwLTM5OSUyMC0xMTIlMjAtMTkwJTIwLTIwNyUyMC0zNDYlMjAtMjExJTIwLTM0NiUyMC00JTIwMCUyMC0zOSUyMDU1JTIwLTc5JTIwMTIzJTIwLTMyMSUwQTU0NSUyMC0zNDIlMjA1NzglMjAtMzg0JTIwNjAzJTIwLTUzJTIwMzElMjAtMTA4JTIwMzElMjAtMTY1JTIwMXolMjIlMkYlM0UlMEElM0NwYXRoJTIwZCUzRCUyMk05NDM5JTIwOTI3JTIwYy0zOCUyMC0yMCUyMC03NiUyMC02OCUyMC0yOTElMjAtMzY4JTIwLTEzNiUyMC0xODklMjAtMjcwJTIwLTM3NyUyMC0yOTglMjAtNDE2JTBBbC01MSUyMC03MyUyMDk1JTIwMCUyMDk1JTIwMCUyMDY4JTIwMTAwJTIwNjglMjA5OSUyMDQwMCUyMDAlMjA0MDAlMjAwJTIwNjklMjAtOTklMjA2OSUyMC0xMDAlMjA5NCUyMDAlMjBjNzUlMjAwJTIwOTIlMjAzJTBBODYlMjAxMyUyMC0xMCUyMDE2JTIwLTI5MiUyMDQwOSUyMC00NjUlMjA2NDklMjAtMTA3JTIwMTQ4JTIwLTEzNSUyMDE3OSUyMC0xNzElMjAxOTclMjAtNTclMjAyNyUyMC0xMTMlMjAyNyUwQS0xNjglMjAtMnolMjBtMjI1JTIwLTI5MiUyMGM3NSUyMC0xMDclMjAxMzYlMjAtMTk5JTIwMTM2JTIwLTIwNSUyMDAlMjAtNiUyMC0xMDYlMjAtOSUyMC0yNzUlMjAtOSUyMC0xODIlMjAwJTBBLTI3NSUyMDMlMjAtMjc1JTIwMTAlMjAwJTIwMTAlMjAyNjglMjAzOTklMjAyNzUlMjAzOTklMjAyJTIwMCUyMDY0JTIwLTg4JTIwMTM5JTIwLTE5NXolMjIlMkYlM0UlMEElM0NwYXRoJTIwZCUzRCUyMk0xMDQyMyUyMDkyNSUyMGMtMjclMjAtMTYlMjAtNDklMjAtNDAlMjAtNjIlMjAtNjglMjAtMjAlMjAtNDIlMjAtMjElMjAtNTklMjAtMjElMjAtNDE1JTIwbDAlMEEtMzcyJTIwNzUlMjAwJTIwNzUlMjAwJTIwMCUyMDM3NiUyMGMwJTIwMjA3JTIwMyUyMDM3NCUyMDglMjAzNzIlMjA0JTIwLTElMjAxNjQlMjAtMTYzJTIwMzU3JTIwLTM1OCUyMDE5MiUyMC0xOTUlMjAzNjUlMEEtMzY1JTIwMzg1JTIwLTM3NyUyMDc0JTIwLTQ4JTIwMTc0JTIwLTIzJTIwMjI3JTIwNTYlMjAyMyUyMDM0JTIwMjMlMjAzNSUyMDIzJTIwNDE4JTIwbDAlMjAzODQlMjAtNzIlMjAtMyUyMC03MyUyMC0zJTBBLTUlMjAtMzc0JTIwLTUlMjAtMzc0JTIwLTM1MyUyMDM1OSUyMGMtMTk1JTIwMTk3JTIwLTM3MCUyMDM2OSUyMC0zOTAlMjAzODElMjAtNTElMjAzMSUyMC0xMTUlMjAzMCUyMC0xNjklMjAtMnolMjIlMkYlM0UlMEElM0NwYXRoJTIwZCUzRCUyMk0zNzklMjA5MzMlMjBjLTE1JTIwLTIlMjAtNTElMjAtMTglMjAtODAlMjAtMzYlMjAtNDElMjAtMjUlMjAtNjAlMjAtNDUlMjAtODElMjAtODYlMjBsLTI4JTIwLTUzJTBBMCUyMC0yNDUlMjBjMCUyMC0xNTUlMjA0JTIwLTI2MCUyMDExJTIwLTI4NCUyMDE2JTIwLTUwJTIwNjElMjAtMTA1JTIwMTEyJTIwLTEzMiUyMDQyJTIwLTIyJTIwNDglMjAtMjIlMjA1MzAlMjAtMjUlMEFsNDg3JTIwLTMlMjAwJTIwNzYlMjAwJTIwNzUlMjAtNDk1JTIwMCUyMC00OTUlMjAwJTIwMCUyMDEwNSUyMDAlMjAxMDUlMjA0OTUlMjAwJTIwNDk1JTIwMCUyMDAlMjA3NSUyMDAlMjA3NSUyMC00OTUlMjAwJTBBLTQ5NSUyMDAlMjAwJTIwMTA1JTIwMCUyMDEwNSUyMDQ5NSUyMDAlMjA0OTUlMjAwJTIwMCUyMDc1JTIwMCUyMDc1JTIwLTQ2MiUyMC0xJTIwYy0yNTUlMjAtMSUyMC00NzUlMjAtNCUyMC00ODklMjAtNnolMjIlMkYlM0UlMEElM0NwYXRoJTIwZCUzRCUyMk0xNTEwJTIwNTA1JTIwbDAlMjAtNDM1JTIwNzUlMjAwJTIwNzUlMjAwJTIwMCUyMDEzMCUyMDAlMjAxMzAlMjA0MjAlMjAwJTIwNDIwJTIwMCUyMDAlMjAtMTMwJTIwMCUyMC0xMzAlMEE3NSUyMDAlMjA3NSUyMDAlMjAwJTIwMTA4JTIwYzAlMjAxMjAlMjAtMTclMjAxNzIlMjAtNjUlMjAyMTAlMjBsLTI3JTIwMjIlMjAzMCUyMDI1JTIwYzUwJTIwNDIlMjA2NSUyMDk3JTIwNjAlMjAyMjIlMjAtNCUwQTExOCUyMC0yMCUyMDE2MyUyMC03NSUyMDIxNSUyMC02NiUyMDYzJTIwLTYxJTIwNjMlMjAtNTg1JTIwNjYlMjBsLTQ3OCUyMDMlMjAwJTIwLTQzNnolMjBtOTg1JTIwMTMwJTIwbDAlMjAtMTUwJTBBLTQxNyUyMC0yJTIwLTQxOCUyMC0zJTIwMCUyMDE1NSUyMDAlMjAxNTUlMjA0MTglMjAtMiUyMDQxNyUyMC0zJTIwMCUyMC0xNTB6JTIyJTJGJTNFJTBBJTNDcGF0aCUyMGQlM0QlMjJNMjk5NyUyMDkyNiUyMGMtNjIlMjAtMTclMjAtMTE2JTIwLTYxJTIwLTE0NyUyMC0xMjIlMjAtMjUlMjAtNDglMjAtMjUlMjAtNTIlMjAtMjUlMjAtMjk0JTIwMCUwQS0yMTMlMjAyJTIwLTI1MSUyMDE4JTIwLTI5MiUyMDIyJTIwLTU3JTIwODklMjAtMTE5JTIwMTQ1JTIwLTEzNiUyMDUyJTIwLTE2JTIwNzYwJTIwLTE3JTIwODE1JTIwLTElMjA0NyUyMDEzJTIwMTExJTBBNjklMjAxNDAlMjAxMjMlMjAxOSUyMDM2JTIwMjIlMjA2MCUyMDI1JTIwMjA5JTIwbDQlMjAxNjclMjAtMjk2JTIwMCUyMC0yOTYlMjAwJTIwMCUyMC03NSUyMDAlMjAtNzUlMjAyMjAlMjAwJTIwMjIwJTIwMCUwQTAlMjAtMTA1JTIwMCUyMC0xMDUlMjAtNDIwJTIwMCUyMC00MjAlMjAwJTIwMCUyMDI4NSUyMDAlMjAyODUlMjA0OTUlMjAwJTIwNDk2JTIwMCUyMC0zJTIwNzMlMjAtMyUyMDcyJTIwLTQ2MCUyMDIlMEFjLTM1MCUyMDElMjAtNDcxJTIwLTElMjAtNTA4JTIwLTExeiUyMiUyRiUzRSUwQSUzQ3BhdGglMjBkJTNEJTIyTTQzMTglMjA5MjYlMjBjLTYxJTIwLTE2JTIwLTExMSUyMC01NiUyMC0xNDUlMjAtMTE0JTIwbC0yOCUyMC00NyUyMDAlMjAtMjYwJTIwYzAlMjAtMjQ4JTIwMSUwQS0yNjIlMjAyMiUyMC0zMDElMjAyOSUyMC01NCUyMDkzJTIwLTExMCUyMDE0MCUyMC0xMjMlMjAyNCUyMC03JTIwMTc4JTIwLTExJTIwNDA5JTIwLTExJTIwNDExJTIwMCUyMDQyOSUyMDIlMjA0OTIlMEE2MyUyMDE5JTIwMTglMjA0MyUyMDUwJTIwNTUlMjA3MiUyMDIxJTIwMzglMjAyMiUyMDUzJTIwMjIlMjAyOTUlMjAwJTIwMjU0JTIwMCUyMDI1NiUyMC0yNiUyMDMwNSUyMC0zMiUyMDYyJTIwLTkzJTIwMTEwJTBBLTE1OSUyMDEyNCUyMC03NCUyMDE2JTIwLTcyMSUyMDE0JTIwLTc4MiUyMC0zeiUyMG04MTclMjAtNDIxJTIwbDAlMjAtMjgwJTIwLTQyMCUyMDAlMjAtNDIwJTIwMCUyMC0zJTIwMjcwJTIwYy0xJTBBMTQ4JTIwMCUyMDI3NSUyMDMlMjAyODIlMjAzJTIwMTElMjA5MSUyMDEzJTIwNDIyJTIwMTElMjBsNDE4JTIwLTMlMjAwJTIwLTI4MHolMjIlMkYlM0UlMEElM0NwYXRoJTIwZCUzRCUyMk03NTEwJTIwNTA1JTIwbDAlMjAtNDM1JTIwNzUlMjAwJTIwNzUlMjAwJTIwMCUyMDQzNSUyMDAlMjA0MzUlMjAtNzUlMjAwJTIwLTc1JTIwMCUyMDAlMjAtNDM1eiUyMiUyRiUzRSUwQSUzQ3BhdGglMjBkJTNEJTIyTTc4NDAlMjA1OTQlMjBjMCUyMC0zMzIlMjAxJTIwLTM1MCUyMDIxJTIwLTM5MSUyMDI1JTIwLTUzJTIwODYlMjAtMTA2JTIwMTM4JTIwLTEyMSUyMDI2JTIwLTglMjAxNTMlMEEtMTIlMjAzOTUlMjAtMTIlMjBsMzU2JTIwMCUyMDAlMjA3NSUyMDAlMjA3NSUyMC0zODAlMjAwJTIwLTM4MCUyMDAlMjAtMiUyMDM1NyUyMC0zJTIwMzU4JTIwLTcyJTIwMyUyMC03MyUyMDMlMjAwJTIwLTM0N3olMjIlMkYlM0UlMEElM0NwYXRoJTIwZCUzRCUyMk0xMTg1NSUyMDkzMSUyMGMtNzclMjAtMjAlMjAtMTU1JTIwLTkwJTIwLTE3NSUyMC0xNTglMjAtOCUyMC0yNSUyMC0xMCUyMC0xMjMlMjAtOCUyMC0yODklMjBsMyUwQS0yNTElMjAzMCUyMC00OSUyMGMxOSUyMC0zMCUyMDQ5JTIwLTYwJTIwNzklMjAtNzklMjBsNDklMjAtMzAlMjAzODMlMjAtMyUyMGMyNDQlMjAtMiUyMDM5OCUyMDElMjA0MjIlMjA4JTIwNjMlMjAxNiUwQTEyMSUyMDY1JTIwMTQ4JTIwMTIzJTIwMjMlMjA1MSUyMDI0JTIwNTklMjAyNCUyMDMwMCUyMDAlMjAyNzQlMjAtMyUyMDI5MyUyMC02MyUyMDM1NSUyMC0xOCUyMDE5JTIwLTUwJTIwNDMlMjAtNzIlMjA1NSUwQS0zOSUyMDIxJTIwLTUxJTIwMjIlMjAtNDE1JTIwMjQlMjAtMjA2JTIwMSUyMC0zODglMjAtMiUyMC00MDUlMjAtNnolMjBtODA1JTIwLTQyNiUyMGwwJTIwLTI4NSUyMC00MjAlMjAwJTIwLTQyMCUwQTAlMjAwJTIwMjg1JTIwMCUyMDI4NSUyMDQyMCUyMDAlMjA0MjAlMjAwJTIwMCUyMC0yODV6JTIyJTJGJTNFJTBBJTNDJTJGZyUzRSUwQSUzQyUyRnN2ZyUzRSUzQyUyRmRpdiUzRSUwQSUyMCUyMCUyMCUyMCUyMCUyMCUyMCUyMCUyMCUyMCUyMCUyMCUzQ2RpdiUyMGNsYXNzJTNEJTIybWFpbi1sYW5kaW5nX19hY3Rpb24lMjIlM0UlMEElMjAlMjAlMjAlMjAlMjAlMjAlMjAlMjAlMjAlMjAlMjAlMjAlMjAlMjAlMjAlMjAlNUJwb3N0X3VybCUyMGlkJTNEJTIyMzAzNzQlMjIlMjBuYW1lJTNEJTIyRG93aWVkeiUyMHNpJUM0JTk5JTIwd2klQzQlOTljZWolMjIlMjAlMkYlNUQlMEElMjAlMjAlMjAlMjAlMjAlMjAlMjAlMjAlMjAlMjAlMjAlMjAlMjAlMjAlMjAlMjAlNUJwb3N0X3VybCUyMGlkJTNEJTIyMjg1MDElMjIlMjBuYW1lJTNEJTIyS3VwJTIyJTIwJTJGJTVEJTBBJTIwJTIwJTIwJTIwJTIwJTIwJTIwJTIwJTIwJTIwJTIwJTIwJTNDJTJGZGl2JTNFJTBBJTIwJTIwJTIwJTIwJTIwJTIwJTIwJTIwJTNDJTJGZGl2JTNFJTBBJTIwJTIwJTIwJTIwJTIwJTIwJTIwJTIwJTNDaW1nJTIwY2xhc3MlM0QlMjJtYWluLWxhbmRpbmdfX2JhY2tncm91bmQlMjIlMjBzcmMlM0QlMjIlMkZ3cC1jb250ZW50JTJGdXBsb2FkcyUyRjIwMjYlMkYwMiUyRkVyZ29fTWlsYW5vX2NvbGxlY3Rpb25fcGFnZV9oZXJvXzEtMS5wbmclMjIlM0UlMEElMjAlMjAlMjAlMjAlMjAlMjAlMjAlMjAlM0NpbWclMjBjbGFzcyUzRCUyMm1haW4tbGFuZGluZ19fYmFja2dyb3VuZCUyMG1haW4tbGFuZGluZ19fYmFja2dyb3VuZC0tbW9iaWxlJTIyJTIwc3JjJTNEJTIyJTJGd3AtY29udGVudCUyRnVwbG9hZHMlMkYyMDI2JTJGMDIlMkZFcmdvX01pbGFub19jb2xsZWN0aW9uX3BhZ2VfaGVyb18xLTEtbW9iaWxlLnBuZyUyMiUzRSUwQSUyMCUyMCUyMCUyMCUzQyUyRmRpdiUzRSUwQQ==[\/vc_raw_html][\/vc_column][\/vc_row][vc_row full_width=&#8221;stretch_row_content_no_spaces&#8221; el_class=&#8221;collection-container collection-container&#8211;white&#8221;][vc_column][vc_raw_html css=&#8221;&#8221;]PGRpdiBjbGFzcz0iY29sbGVjdGlvbi1zbG9nYW4gY29sbGVjdGlvbi1zbG9nYW4tLWJsYWNrIj4KICAgPGgxPktvbGVrY2phIFBhcmFkb3ggRXJnbyBNaWxhbm8gUHJvPC9oMT4KICAgPHA+V8WCb3NraSBtZWNoYW5pem0gRG9uYXRpLiBXeXNva2llaiBqYWtvxZtjaSBrb3JlYcWEc2thIHNpYXRrYS4gQWx1bWluaW93YSBwb2RzdGF3YS4gWmFwcm9qZWt0b3dhbmUgZGxhIHR5Y2gsIGt0w7NyenkgbmllIHV6bmFqxIUga29tcHJvbWlzw7N3LjwvcD4KICAgPHAgY2xhc3M9ImNvbGxlY3Rpb24tc2xvZ2FuLS1zbWFsbCI+RGxhIHByb2Zlc2pvbmFsaXN0w7N3LCBrdMOzcnp5IHd5bWFnYWrEhSBuYWpsZXBzemVnbzogOSBwdW5rdMOzdyByZWd1bGFjamksIHBvZMWCb2tpZXRuaWtpIDVELCB6aW50ZWdyb3dhbnkgcG9kbsOzxbxlay4gQ2VydHlmaWtvd2FuZSBCSUZNQSBpIEVOIDEzMzUuIEZsYWdvd3kgbW9kZWwgeiBlcmdvbm9taWN6bmVqIGxpbmlpIFBhcmFkb3guPC9wPgo8L2Rpdj4=[\/vc_raw_html][product_collection_video button_action=&#8221;Zobacz film&#8221; banner=&#8221;30086&#8243; banner_mobile=&#8221;30101&#8243; video_url=&#8221;29022&#8243;][vc_raw_html css=&#8221;&#8221;]JTBBJTIwJTIwJTIwJTIwJTNDZGl2JTIwY2xhc3MlM0QlMjJjb2xsZWN0aW9uLWluZm8lMjBjb2xsZWN0aW9uLWluZm8tLXJldmVyc2UlMjIlM0UlMEElMjAlMjAlMjAlMjAlMjAlMjAlMjAlMjAlMEElMjAlMjAlMjAlMjAlMjAlMjAlMjAlMjAlM0NpbWclMjBjbGFzcyUzRCUyMmNvbGxlY3Rpb24taW5mb19faW1hZ2UlMjBjb2xsZWN0aW9uLWluZm9fX2ltYWdlLS1tb2JpbGUlMjIlMjBzcmMlM0QlMjIlMkZ3cC1jb250ZW50JTJGdXBsb2FkcyUyRjIwMjYlMkYwMiUyRkVyZ29fTWlsbGFub19ncmV5X2NvbGxlY3Rpb25fQWdhLXNjYWxlZC0yLW1vYmlsZS5wbmclMjIlM0UlMEElMjAlMjAlMjAlMjAlMEElMjAlMjAlMjAlMjAlMjAlMjAlMjAlMjAlM0NkaXYlMjBjbGFzcyUzRCUyMmNvbGxlY3Rpb24taW5mb19fY29udGVudCUyMGNvbGxlY3Rpb24taW5mb19fY29udGVudC0tYmxhY2slMjIlM0UlMEElMjAlMjAlMjAlMjAlMjAlMjAlMjAlMjAlMjAlMjAlMjAlMjAlM0NoMiUzRVNwb2tvam5hJTIwcGV3bm8lQzUlOUIlQzQlODclMjB3JTIwa2ElQzUlQkNkeW0lMjBvZGNpZW5pdSUyMCVDNSU5QndpYXQlQzUlODJhJTNDJTJGaDIlM0UlMEElMjAlMjAlMjAlMjAlMjAlMjAlMjAlMjAlMjAlMjAlMjAlMjAlMjAlMjAlMjAlMjAlMjAlMjAlMjAlMjAlMjAlMjAlMjAlMjAlMjAlMjAlMjAlMjAlMjAlMjAlMjAlMjAlMjAlMjAlMjAlMjAlMjAlNUJwcm9kdWN0X3VybCUyMGlkJTNEJTIyMjg1MDElMjIlMjBuYW1lJTNEJTIyRG93aWVkeiUyMHNpJUM0JTk5JTIwd2klQzQlOTljZWolMjIlMjBjbGFzcyUzRCUyMmNvbGxlY3Rpb24taW5mb19fYWN0aW9uJTIwY29sbGVjdGlvbi1pbmZvX19hY3Rpb24tLWJvdHRvbSUyMiUyMCUyRiU1RCUwQSUyMCUyMCUyMCUyMCUyMCUyMCUyMCUyMCUzQyUyRmRpdiUzRSUwQSUwQSUyMCUyMCUyMCUyMCUyMCUyMCUyMCUwQSUyMCUyMCUyMCUyMCUyMCUyMCUyMCUyMCUzQ2ltZyUyMGNsYXNzJTNEJTIyY29sbGVjdGlvbi1pbmZvX19pbWFnZSUyMiUyMHNyYyUzRCUyMiUyRndwLWNvbnRlbnQlMkZ1cGxvYWRzJTJGMjAyNiUyRjAyJTJGRXJnb19NaWxsYW5vX2dyZXlfY29sbGVjdGlvbl9BZ2Etc2NhbGVkLTIuanBlZyUyMiUzRSUwQSUyMCUyMCUyMCUyMCUzQyUyRmRpdiUzRSUwQSUyMCUyMCUyMCUyMA==[\/vc_raw_html][vc_raw_html css=&#8221;&#8221;]ICAgICAgICA8ZGl2IGNsYXNzPSJjb2xsZWN0aW9uLXRocmVlIj4KICAgICAgICAgICAgCiAgICAgICAgICAgICAgICAgICAgICAgIDxkaXYgY2xhc3M9ImNvbGxlY3Rpb24tdGhyZWVfX2l0ZW0iPgogICAgICAgICAgICAgICAgW3Byb2R1Y3RfdXJsIGlkPSIyODUwMSJdCiAgICAgICAgICAgICAgICA8aW1nIGNsYXNzPSJjb2xsZWN0aW9uLXRocmVlX19pbWFnZSIgc3JjPSIvd3AtY29udGVudC91cGxvYWRzLzIwMjYvMDIvZXJnby1taWxhbm8tZ3JleS0xLTEucG5nIj4KICAgICAgICAgICAgICAgIFsvcHJvZHVjdF91cmxdCiAgICAgICAgICAgICAgICBbcHJvZHVjdF91cmwgaWQ9IjI4NTAxIl0KICAgICAgICAgICAgICAgIDxpbWcgY2xhc3M9ImNvbGxlY3Rpb24tdGhyZWVfX2ltYWdlIGNvbGxlY3Rpb24tdGhyZWVfX2ltYWdlLS1tb2JpbGUiIHNyYz0iL3dwLWNvbnRlbnQvdXBsb2Fkcy8yMDI2LzAyL2VyZ28tbWlsYW5vLWdyZXktMS0xLW1vYmlsZS5wbmciPgogICAgICAgICAgICAgICAgWy9wcm9kdWN0X3VybF0KICAgICAgICAgICAgICAgIDxkaXYgY2xhc3M9ImNvbGxlY3Rpb24tdGhyZWVfX2FjdGlvbiI+CiAgICAgICAgICAgICAgICAgICAgPGg0Pltwcm9kdWN0X3VybCBpZD0iMjg1MDEiIG5hbWU9IkVSR08gTUlMQU5PIFBSTyBHcmV5IiAvXTwvaDQ+CiAgICAgICAgICAgICAgICAgICAgW3Byb2R1Y3RfcHJpY2UgaWQ9IjI4NTAxIiAvXQogICAgICAgICAgICAgICAgPC9kaXY+CiAgICAgICAgICAgIDwvZGl2PgogICAgICAgICAgICAKICAgICAgICAgICAgICAgICAgICAgICAgICAgICAgICAgICAgPGRpdiBjbGFzcz0iY29sbGVjdGlvbi10aHJlZV9faXRlbSBjb2xsZWN0aW9uLXRocmVlX19pdGVtLS1sYXJnZSI+CiAgICAgICAgICAgICAgICA8aW1nIGNsYXNzPSJjb2xsZWN0aW9uLXRocmVlX19pbWFnZSIgc3JjPSIvd3AtY29udGVudC91cGxvYWRzLzIwMjYvMDIvZXJnby1taWxhbm8tZ3JleS0yLTEucG5nIj4KICAgICAgICAgICAgPC9kaXY+CgogICAgICAgICAgICA8ZGl2IGNsYXNzPSJjb2xsZWN0aW9uLXRocmVlX19pdGVtIj4KICAgICAgICAgICAgICAgIDxpbWcgY2xhc3M9ImNvbGxlY3Rpb24tdGhyZWVfX2ltYWdlIiBzcmM9Ii93cC1jb250ZW50L3VwbG9hZHMvMjAyNS8wMS9lcmdvLWdyZXktMy5wbmciPgogICAgICAgICAgICAgICAgPGltZyBjbGFzcz0iY29sbGVjdGlvbi10aHJlZV9faW1hZ2UgY29sbGVjdGlvbi10aHJlZV9faW1hZ2UtLW1vYmlsZSIgc3JjPSIvd3AtY29udGVudC91cGxvYWRzLzIwMjYvMDIvZXJnby1taWxhbm8tZ3JleS0yLTEtbW9iaWxlLnBuZyI+CiAgICAgICAgICAgIDwvZGl2PgoKICAgICAgICA8L2Rpdj4=[\/vc_raw_html][vc_raw_html css=&#8221;&#8221;]JTBBJTIwJTIwJTIwJTIwJTNDZGl2JTIwY2xhc3MlM0QlMjJjb2xsZWN0aW9uLWluZm8lMjBjb2xsZWN0aW9uLWluZm8tLXJldmVyc2UlMjIlM0UlMEElMjAlMjAlMjAlMjAlMjAlMjAlMjAlMjAlMEElMjAlMjAlMjAlMjAlMjAlMjAlMjAlMjAlM0NpbWclMjBjbGFzcyUzRCUyMmNvbGxlY3Rpb24taW5mb19faW1hZ2UlMjBjb2xsZWN0aW9uLWluZm9fX2ltYWdlLS1tb2JpbGUlMjIlMjBzcmMlM0QlMjIlMkZ3cC1jb250ZW50JTJGdXBsb2FkcyUyRjIwMjYlMkYwMiUyRmVyZ28tbWlsYW5vLWJsYWNrLWhlcm8tMS1tb2JpbGUucG5nJTIyJTNFJTBBJTIwJTIwJTIwJTIwJTBBJTIwJTIwJTIwJTIwJTIwJTIwJTIwJTIwJTNDZGl2JTIwY2xhc3MlM0QlMjJjb2xsZWN0aW9uLWluZm9fX2NvbnRlbnQlMjBjb2xsZWN0aW9uLWluZm9fX2NvbnRlbnQtLWJsYWNrJTIyJTNFJTBBJTIwJTIwJTIwJTIwJTIwJTIwJTIwJTIwJTIwJTIwJTIwJTIwJTNDaDIlM0VQb25hZGN6YXNvd3klMjB3eWIlQzMlQjNyJTIwZG8lMjBrYSVDNSVCQ2RlaiUyMHByemVzdHJ6ZW5pJTIwcm9ib2N6ZWolM0MlMkZoMiUzRSUwQSUyMCUyMCUyMCUyMCUyMCUyMCUyMCUyMCUyMCUyMCUyMCUyMCUyMCUyMCUyMCUyMCUyMCUyMCUyMCUyMCUyMCUyMCUyMCUyMCUyMCU1QnByb2R1Y3RfdXJsJTIwaWQlM0QlMjIyODA5NSUyMiUyMG5hbWUlM0QlMjJEb3dpZWR6JTIwc2klQzQlOTklMjB3aSVDNCU5OWNlaiUyMiUyMGNsYXNzJTNEJTIyY29sbGVjdGlvbi1pbmZvX19hY3Rpb24lMjBjb2xsZWN0aW9uLWluZm9fX2FjdGlvbi0tYm90dG9tJTIyJTIwJTJGJTVEJTBBJTIwJTIwJTIwJTIwJTIwJTIwJTIwJTIwJTNDJTJGZGl2JTNFJTBBJTBBJTIwJTIwJTIwJTIwJTIwJTIwJTIwJTBBJTIwJTIwJTIwJTIwJTIwJTIwJTIwJTIwJTNDaW1nJTIwY2xhc3MlM0QlMjJjb2xsZWN0aW9uLWluZm9fX2ltYWdlJTIyJTIwc3JjJTNEJTIyJTJGd3AtY29udGVudCUyRnVwbG9hZHMlMkYyMDI2JTJGMDIlMkZlcmdvLW1pbGFuby1ibGFjay1oZXJvLTEucG5nJTIyJTNFJTBBJTIwJTIwJTIwJTIwJTNDJTJGZGl2JTNFJTBBJTIwJTIwJTIwJTIw[\/vc_raw_html][vc_raw_html css=&#8221;&#8221;]ICAgICAgICA8ZGl2IGNsYXNzPSJjb2xsZWN0aW9uLXRocmVlIj4KICAgICAgICAgICAgCiAgICAgICAgICAgICAgICAgICAgICAgICAgICAgICAgICAgIDxkaXYgY2xhc3M9ImNvbGxlY3Rpb24tdGhyZWVfX2l0ZW0gY29sbGVjdGlvbi10aHJlZV9faXRlbS0tbGFyZ2UiPgogICAgICAgICAgICAgICAgPGltZyBjbGFzcz0iY29sbGVjdGlvbi10aHJlZV9faW1hZ2UiIHNyYz0iL3dwLWNvbnRlbnQvdXBsb2Fkcy8yMDI2LzAyL2VyZ28tbWlsYW5vLWJsYWNrLTEtMS5wbmciPgogICAgICAgICAgICA8L2Rpdj4KCiAgICAgICAgICAgIDxkaXYgY2xhc3M9ImNvbGxlY3Rpb24tdGhyZWVfX2l0ZW0iPgogICAgICAgICAgICAgICAgW3Byb2R1Y3RfdXJsIGlkPSIyODA5NSJdCiAgICAgICAgICAgICAgICA8aW1nIGNsYXNzPSJjb2xsZWN0aW9uLXRocmVlX19pbWFnZSIgc3JjPSIvd3AtY29udGVudC91cGxvYWRzLzIwMjYvMDIvZXJnby1taWxhbm8tYmxhY2stMi1wcm9kdWN0LTEucG5nIj4KICAgICAgICAgICAgICAgIFsvcHJvZHVjdF91cmxdCiAgICAgICAgICAgICAgICBbcHJvZHVjdF91cmwgaWQ9IjI4MDk1Il0KICAgICAgICAgICAgICAgIDxpbWcgY2xhc3M9ImNvbGxlY3Rpb24tdGhyZWVfX2ltYWdlIGNvbGxlY3Rpb24tdGhyZWVfX2ltYWdlLS1tb2JpbGUiIHNyYz0iL3dwLWNvbnRlbnQvdXBsb2Fkcy8yMDI2LzAyL2VyZ28tbWlsYW5vLWJsYWNrLTItcHJvZHVjdC0xLW1vYmlsZS5wbmciPgogICAgICAgICAgICAgICAgWy9wcm9kdWN0X3VybF0KICAgICAgICAgICAgICAgIDxkaXYgY2xhc3M9ImNvbGxlY3Rpb24tdGhyZWVfX2FjdGlvbiI+CiAgICAgICAgICAgICAgICAgICAgPGg0Pltwcm9kdWN0X3VybCBpZD0iMjgwOTUiIG5hbWU9IkVSR08gTUlMQU5PIFBSTyBCbGFjayIgL108L2g0PgogICAgICAgICAgICAgICAgICAgIFtwcm9kdWN0X3ByaWNlIGlkPSIyODA5NSIgL10KICAgICAgICAgICAgICAgIDwvZGl2PgogICAgICAgICAgICA8L2Rpdj4KCiAgICAgICAgICAgIDxkaXYgY2xhc3M9ImNvbGxlY3Rpb24tdGhyZWVfX2l0ZW0iPgogICAgICAgICAgICAgICAgPGltZyBjbGFzcz0iY29sbGVjdGlvbi10aHJlZV9faW1hZ2UiIHNyYz0iL3dwLWNvbnRlbnQvdXBsb2Fkcy8yMDI1LzAxL2VyZ28tYmxhY2stMy5wbmciPgogICAgICAgICAgICAgICAgPGltZyBjbGFzcz0iY29sbGVjdGlvbi10aHJlZV9faW1hZ2UgY29sbGVjdGlvbi10aHJlZV9faW1hZ2UtLW1vYmlsZSIgc3JjPSIvd3AtY29udGVudC91cGxvYWRzLzIwMjYvMDIvZXJnby1taWxhbm8tYmxhY2stMS0xLW1vYmlsZS5wbmciPgogICAgICAgICAgICA8L2Rpdj4KCiAgICAgICAgPC9kaXY+[\/vc_raw_html][other_collections header=&#8221;Sprawd\u017a inne kolekcje&#8221; action_button_1_0=&#8221;Dowiedz si\u0119 wi\u0119cej&#8221; action_button_2_0=&#8221;Kup&#8221; text_1_1=&#8221;Fotel dow\u00f3dcy&#8221; text_2_1=&#8221;-&#8221; action_button_1_1=&#8221;Dowiedz si\u0119 wi\u0119cej&#8221; action_button_2_1=&#8221;Kup&#8221; page_id_1=&#8221;8864&#8243; background_image_1=&#8221;6831&#8243; logo_1=&#8221;6807&#8243; text_1_2=&#8221;Krzes\u0142o o najwy\u017cszej jako\u015bci&#8221; text_2_2=&#8221;ergonomia&#8221; action_button_1_2=&#8221;Dowiedz si\u0119 wi\u0119cej&#8221; action_button_2_2=&#8221;Kup&#8221; page_id_2=&#8221;9121&#8243; background_image_2=&#8221;6835&#8243; logo_2=&#8221;6811&#8243; text_1_0=&#8221;Wyb\u00f3r dla wymagaj\u0105cych&#8221; text_2_0=&#8221;-&#8221; page_id_0=&#8221;8675&#8243; background_image_0=&#8221;8724&#8243; logo_0=&#8221;6803&#8243;][\/vc_column][\/vc_row]<\/p>\n<\/div>","protected":false},"excerpt":{"rendered":"<p>Odkryj Ergo Milano Pro \u2014 premium fotel ergonomiczny \u0142\u0105cz\u0105cy w\u0142oski design z zaawansowan\u0105 technologi\u0105 komfortu.<\/p>\n","protected":false},"author":9688,"featured_media":29997,"parent":0,"menu_order":0,"comment_status":"closed","ping_status":"closed","template":"template-fullwidth.php","meta":{"footnotes":""},"class_list":["post-30374","page","type-page","status-publish","has-post-thumbnail","hentry",""],"_links":{"self":[{"href":"https:\/\/paradox24.com\/pl\/wp-json\/wp\/v2\/pages\/30374","targetHints":{"allow":["GET"]}}],"collection":[{"href":"https:\/\/paradox24.com\/pl\/wp-json\/wp\/v2\/pages"}],"about":[{"href":"https:\/\/paradox24.com\/pl\/wp-json\/wp\/v2\/types\/page"}],"author":[{"embeddable":true,"href":"https:\/\/paradox24.com\/pl\/wp-json\/wp\/v2\/users\/9688"}],"replies":[{"embeddable":true,"href":"https:\/\/paradox24.com\/pl\/wp-json\/wp\/v2\/comments?post=30374"}],"version-history":[{"count":16,"href":"https:\/\/paradox24.com\/pl\/wp-json\/wp\/v2\/pages\/30374\/revisions"}],"predecessor-version":[{"id":31471,"href":"https:\/\/paradox24.com\/pl\/wp-json\/wp\/v2\/pages\/30374\/revisions\/31471"}],"wp:featuredmedia":[{"embeddable":true,"href":"https:\/\/paradox24.com\/pl\/wp-json\/wp\/v2\/media\/29997"}],"wp:attachment":[{"href":"https:\/\/paradox24.com\/pl\/wp-json\/wp\/v2\/media?parent=30374"}],"curies":[{"name":"wp","href":"https:\/\/api.w.org\/{rel}","templated":true}]}}