{"id":2698,"date":"2018-06-01T08:19:29","date_gmt":"2018-06-01T07:19:29","guid":{"rendered":"https:\/\/paradox24.com\/o-nas\/"},"modified":"2024-10-24T23:00:41","modified_gmt":"2024-10-24T21:00:41","slug":"o","status":"publish","type":"page","link":"https:\/\/paradox24.com\/pl\/o\/","title":{"rendered":"O Nas"},"content":{"rendered":"<div class=\"wpb-content-wrapper\"><p>[vc_row full_width=&#8221;stretch_row_content_no_spaces&#8221; el_class=&#8221;supro-no-padding-left supro-no-padding-right&#8221;][vc_column][vc_column_text css=&#8221;.vc_custom_1729797872336{margin-bottom: 0px !important;}&#8221;]<\/p>\n<div class=\"about-us heading\">\n<div class=\"heading-content\">\n<h2>Hej!<\/h2>\n<p><strong>Witaj w Paradox<\/strong>! Tworzymy <strong>fotele najwy\u017cszej klasy<\/strong>, kt\u00f3re pomog\u0105 Ci o<strong>si\u0105gn\u0105\u0107 pe\u0142ni\u0119 mo\u017cliwo\u015bci<\/strong> &#8211; zar\u00f3wno w pracy, jak i podczas rozrywki. Nasze projekty to idealne po\u0142\u0105czenie <strong>ergonomicznego<\/strong> <strong>wsparcia<\/strong>, <strong>najwy\u017cszej<\/strong> <strong>jako\u015bci<\/strong> wykonania i <strong>inspiruj\u0105cego<\/strong> <strong>designu<\/strong>, kt\u00f3re odmieni ka\u017cde wn\u0119trze. <\/p>\n<\/div>\n<p><img decoding=\"async\" src=\"https:\/\/paradox24.com\/wp-content\/uploads\/2024\/10\/3-razem_01-1.png\" alt=\"Obraz t\u0142a\"><\/p>\n<\/div>\n<p>[\/vc_column_text][vc_column_text css=&#8221;.vc_custom_1729798099020{margin-bottom: 0px !important;background-color: #222222 !important;}&#8221; el_class=&#8221;.about-us .info .info&#8211;white&#8221;]<\/p>\n<h2>Kim jeste\u015bmy.<\/h2>\n<p>Paradox to zesp\u00f3\u0142 <strong>pasjonat\u00f3w i przedsi\u0119biorc\u00f3w<\/strong>, kt\u00f3rzy razem maj\u0105 ponad <strong>250 lat<\/strong> do\u015bwiadczenia w r\u00f3\u017cnych bran\u017cach. Ka\u017cdy z nas zdobywa\u0142 wiedz\u0119 i umiej\u0119tno\u015bci w takich obszarach jak <strong>rozw\u00f3j produkt\u00f3w<\/strong>, <strong>design<\/strong>, <strong>e-commerce<\/strong>, doradztwo, reklama, turystyka, events, architektura miejska, kosmetyki oraz FMCG. To w\u0142a\u015bnie ta r\u00f3\u017cnorodno\u015b\u0107 do\u015bwiadcze\u0144 pozwala nam doskonale rozumie\u0107 potrzeby klient\u00f3w i tworzy\u0107 wyj\u0105tkowe rozwi\u0105zania.[\/vc_column_text][vc_column_text css=&#8221;.vc_custom_1729798671318{margin-bottom: 0px !important;background-color: #ffffff !important;}&#8221; el_class=&#8221;.about-us .info&#8221;]<\/p>\n<h3>Poznaj zesp\u00f3\u0142 za\u0142o\u017cycielski:<\/h3>\n<div class=\"founder\">\n<div class=\"founder-image\"><img loading=\"lazy\" decoding=\"async\" src=\"https:\/\/paradox24.com\/wp-content\/uploads\/2024\/10\/IMG_9627-BW-1.png\" alt=\"Przemek Kowalewski\" width=\"400\" height=\"400\"><\/div>\n<div class=\"founder-content\">\n<p><strong>Przemek Kowalewski, CEO<\/strong><\/p>\n<p>Strategiczny wizjoner i innowator e-commerce. Przemek, jako by\u0142y dyrektor zarz\u0105dzaj\u0105cy Westwing, wiod\u0105cej platformy wyposa\u017cenia wn\u0119trz, zna \u015bwietnie ka\u017cdy aspekt biznesu: od rozwoju produktu, przez zarz\u0105dzanie produkcj\u0105, po marketing internetowy. Jego do\u015bwiadczenie w McKinsey da\u0142o mu wyj\u0105tkowe spojrzenie na strategi\u0119 i prowadzenie firmy.  <\/p>\n<\/div>\n<\/div>\n<div class=\"founder\">\n<div class=\"founder-image\"><img loading=\"lazy\" decoding=\"async\" src=\"https:\/\/paradox24.com\/wp-content\/uploads\/2024\/10\/IMG_9627-BW-1-2.png\" alt=\"Pawe\u0142 Miklaszewski\" width=\"400\" height=\"400\"><\/div>\n<div class=\"founder-content\">\n<p><strong>Pawe\u0142 Miklaszewski, Chief Creative Officer<\/strong><\/p>\n<p>Si\u0142a kreatywna w Paradox. Pawe\u0142 jest r\u00f3wnie\u017c za\u0142o\u017cycielem wielokrotnie nagradzanej agencji 360 &#8222;Walk Group&#8221; i butiku projektowego &#8222;Walk with David&#8221;, wnosz\u0105c do Paradox bogactwo wiedzy na temat designu i tworzenia sp\u00f3jnych kolekcji. Jego imponuj\u0105ca kolekcja wyr\u00f3\u017cnie\u0144, w tym Cannes Lion, wiele nagr\u00f3d KTR, Effies i wiele innych, jest \u015bwiadectwem jego podej\u015bcia zorientowanego zar\u00f3wno na estetyk\u0119 jak i na cz\u0142owieka.  <\/p>\n<\/div>\n<\/div>\n<h3>Nasz g\u0142\u00f3wny projektant:<\/h3>\n<div class=\"founder\">\n<div class=\"founder-image\"><img loading=\"lazy\" decoding=\"async\" src=\"https:\/\/paradox24.com\/wp-content\/uploads\/2024\/10\/IMG_9627-BW-1-1.png\" alt=\"David Racchi\" width=\"400\" height=\"400\"><\/div>\n<div class=\"founder-content\">\n<p><strong>David Racchi, g\u0142\u00f3wny projektant<\/strong><\/p>\n<p>David, Australijczyk z globalnym spojrzeniem, wnosi do swojej pracy mi\u0119dzynarodowy klimat, ukszta\u0142towany przez do\u015bwiadczenia z Melbourne, Hiszpanii i Argentyny. Jego projekty obejmuj\u0105 projektowanie produkt\u00f3w, projektowanie opakowa\u0144, branding, reklam\u0119 i wiele innych, a ka\u017cdy z nich odzwierciedla jego unikalne podej\u015bcie do \u0142\u0105czenia prostoty z opowiadaniem historii. Jego talent zosta\u0142 doceniony na arenie mi\u0119dzynarodowej, w tym presti\u017cowym Z\u0142otym Lwem Cannes. Druga po\u0142owa butiku designerskiego &#8222;Walk with David&#8221;  <\/p>\n<\/div>\n<\/div>\n<p>[\/vc_column_text][vc_column_text css=&#8221;.vc_custom_1729542358975{margin-bottom: 0px !important;background-color: #222222 !important;}&#8221; el_class=&#8221;.about-us .info .info&#8211;white&#8221;]<\/p>\n<h2>Nasza historia.<\/h2>\n<p>Narodziny Paradox Gaming nie by\u0142y hollywoodzkim thrillerem, ale uwa\u017camy, \u017ce jest to historia warta opowiedzenia. Wszystko zacz\u0119\u0142o si\u0119 od prostego zadania: znalezienia idealnego krzes\u0142a biurowego.<br \/>\nPodczas poszukiwa\u0144 zdali\u015bmy sobie spraw\u0119, \u017ce rynek oferuje dwie niesatysfakcjonuj\u0105ce skrajno\u015bci &#8211; formalne, nieergonomiczne krzes\u0142a<br \/>\nlub fotele gamingowe o nieatrakcyjnych wzorach. Ta luka na rynku zaowocowa\u0142a pomys\u0142em. Nasza mi\u0142o\u015b\u0107 do projektowania i tworzenia produkt\u00f3w fizycznych podsyca\u0142a nasz\u0105 pasj\u0119. Nast\u0119pnie, latem 2022 roku,<br \/>\nnadarzy\u0142a si\u0119 okazja. Przej\u0119li\u015bmy firm\u0119 z ma\u0142\u0105 jednostk\u0105 biznesow\u0105 sprzedaj\u0105c\u0105 niemarkowe fotele do gier. To przej\u0119cie by\u0142o katalizatorem, kt\u00f3rego potrzebowali\u015bmy. Postanowili\u015bmy ca\u0142kowicie zmieni\u0107 portfolio produkt\u00f3w i stworzy\u0107 mark\u0119, kt\u00f3ra zrewolucjonizuje koncepcj\u0119 foteli gamingowych. I tak w\u0142a\u015bnie narodzi\u0142 si\u0119 Paradox. Od momentu powstania w 2022 roku ca\u0142kowicie po\u015bwi\u0119cili\u015bmy si\u0119 doskonaleniu do\u015bwiadczenia Paradox!<br \/>\nStworzyli\u015bmy ponad 200 unikalnych projekt\u00f3w krzese\u0142 i ponad 30 prototyp\u00f3w, podr\u00f3\u017cowali\u015bmy po trzech kontynentach<br \/>\n, aby odwiedzi\u0107 ponad 10 zak\u0142ad\u00f3w produkcyjnych i rozmawiali\u015bmy z setkami u\u017cytkownik\u00f3w.<\/p>\n<p class=\"motto\"><strong>Ale co najwa\u017cniejsze, stworzyli\u015bmy krzes\u0142a, kt\u00f3re kochamy i kt\u00f3rych u\u017cywamy na co dzie\u0144.<\/strong><\/p>\n<p>[\/vc_column_text][vc_column_text css=&#8221;.vc_custom_1729542370996{margin-bottom: 0px !important;background-color: #e3e3e3 !important;}&#8221; el_class=&#8221;.about-us .info&#8221;]<\/p>\n<h2>Nasza filozofia.<\/h2>\n<p>Pami\u0119tasz, kiedy sneakersy by\u0142y tylko do biegania? Potem pojawi\u0142a si\u0119 firma Nike i powiedzia\u0142a: &#8222;Hej, te buty mo\u017cesz nosi\u0107 na co dzie\u0144! S\u0105 stylowe, wygodne i trwa\u0142e&#8221;. Podobne podej\u015bcie stosujemy w przypadku foteli gamingowych. Wierzymy, \u017ce \u015bwietny fotel do pracy i zabawy powinien by\u0107 nie tylko funkcjonalny. Powinien by\u0107: <\/p>\n<ul>\n<li>Ergonomiczny i wygodny podczas d\u0142ugich sesji na siedz\u0105co<\/li>\n<li>Wyrazisty, o wysokiej estetyce<\/li>\n<li>Trwa\u0142y, oferuj\u0105cy wysok\u0105 jako\u015b\u0107, kt\u00f3ra wytrzyma pr\u00f3b\u0119 czasu<\/li>\n<\/ul>\n<p class=\"motto\"><strong>W Paradox kwestionujemy pogl\u0105d, \u017ce fotele gamingowe s\u0105 tylko dla graczy. Tworzymy krzes\u0142a, kt\u00f3re wspieraj\u0105 Tw\u00f3j styl \u017cycia, niezale\u017cnie od tego, czy podbijasz wirtualne \u015bwiaty, czy podbijasz sw\u00f3j dzie\u0144 pracy. <\/strong><\/p>\n<p>[\/vc_column_text][vc_column_text css=&#8221;.vc_custom_1729541822753{margin-bottom: 0px !important;background-color: #ffffff !important;}&#8221; el_class=&#8221;.about-us .info&#8221;]<\/p>\n<h2>Nasza misja.<\/h2>\n<p>Nasza misja jest prosta, ale ambitna:<\/p>\n<ol>\n<li>Aby zaoferowa\u0107 ergonomiczne, wysokiej jako\u015bci fotel o wyj\u0105tkowym designie.<\/li>\n<li>Zwi\u0119ksza\u0107 Twoj\u0105 wydajno\u015b\u0107 poprzez wsparcie cia\u0142a podczas d\u0142ugich godzin na siedz\u0105co<\/li>\n<li>Sprawia\u0107 Ci rado\u015b\u0107 za ka\u017cdym razem, gdy patrzysz na sw\u00f3j fotel.<\/li>\n<li>Tworzy\u0107 produkty, kt\u00f3re przetrwaj\u0105 pr\u00f3b\u0119 czasu.<\/li>\n<\/ol>\n<p><strong>Bo dla nas liczy si\u0119 nie tylko efekt ko\u0144cowy. Chcemy, \u017ceby ca\u0142a przygoda z Paradox &#8211; od pierwszego pomys\u0142u, przez produkcj\u0119, a\u017c po dostaw\u0119 fotela do Twojego domu &#8211; by\u0142a czyst\u0105 przyjemno\u015bci\u0105. Wierzymy, \u017ce nasza pasja i rado\u015b\u0107 z tworzenia przek\u0142ada si\u0119 na jako\u015b\u0107 produkt\u00f3w i u\u015bmiech na twarzach naszych klient\u00f3w.  <\/strong>[\/vc_column_text][vc_column_text css=&#8221;.vc_custom_1729542376551{margin-bottom: 0px !important;background-color: #e3e3e3 !important;}&#8221; el_class=&#8221;.about-us .info&#8221;]<\/p>\n<h2>Nasze warto\u015bci.<\/h2>\n<p>U podstaw Paradox Gaming le\u017c\u0105 nasze warto\u015bci:<\/p>\n<ol>\n<li><strong>Innowacyjno\u015b\u0107<\/strong>: Nieustannie przesuwamy granice designu i funkcjonalno\u015bci foteli.<\/li>\n<li><strong>Jako\u015b\u0107<\/strong>: Nigdy nie idziemy na kompromis w kwestii materia\u0142\u00f3w i wykonania naszych produkt\u00f3w.<\/li>\n<li><strong>Zadowolenie klienta<\/strong>: Komfort i zadowolenie klienta s\u0105 naszymi priorytetami.<\/li>\n<li><strong>Zr\u00f3wnowa\u017cony rozw\u00f3j<\/strong>: Anga\u017cujemy si\u0119 w odpowiedzialne \u015brodowiskowo praktyki produkcyjne.<\/li>\n<li><strong>Przejrzysto\u015b\u0107<\/strong>: Wierzymy w otwart\u0105 komunikacj\u0119 z naszymi klientami i partnerami.<\/li>\n<\/ol>\n<p class=\"motto\"><strong>Warto\u015bci te wp\u0142ywaj\u0105 na ka\u017cd\u0105 podejmowan\u0105 przez nas decyzj\u0119, od wybor\u00f3w projektowych po praktyki obs\u0142ugi klienta.<\/strong><\/p>\n<p>[\/vc_column_text][vc_column_text css=&#8221;.vc_custom_1729544085070{margin-bottom: 0px !important;background-color: #ffffff !important;}&#8221; el_class=&#8221;.about-us .info&#8221;]<\/p>\n<h3>Cz\u0119\u015b\u0107 grupy eco24.<\/h3>\n<p>Jako cz\u0119\u015b\u0107 Grupy eco24, Paradox korzysta z szerszej misji: tworzenia innowacyjnych, zr\u00f3wnowa\u017conych i designerskich produkt\u00f3w w wielu bran\u017cach.[\/vc_column_text][vc_column_text css=&#8221;.vc_custom_1729542300549{margin-bottom: 0px !important;background-color: #bf403a !important;}&#8221; el_class=&#8221;.about-us .info .info&#8211;center .info&#8211;white&#8221;]<\/p>\n<h2>Do\u0142\u0105cz do Paradox Revolution.<\/h2>\n<p>Chcesz do\u015bwiadczy\u0107 idealnego po\u0142\u0105czenia stylu, wygody i funkcjonalno\u015bci? Zapoznaj si\u0119 z nasz\u0105 ofert\u0105 foteli gamingowych Paradox i znajd\u017a ten, kt\u00f3ry do Ciebie przemawia. Masz pytania lub potrzebujesz pomocy? Nasz zesp\u00f3\u0142 zawsze s\u0142u\u017cy pomoc\u0105.<br \/>\nSkontaktuj si\u0119 z nami ju\u017c dzi\u015b i rozpocznijmy rozmow\u0119 o Twoim idealnym fotelu<br \/>\nna <a href=\"mailto:hello@paradox24.com\">hello@paradox24.com<\/a><\/p>\n<p class=\"motto\"><strong>Witamy w Paradox &#8211; gdzie komfort \u0142\u0105czy si\u0119 ze stylem, a funkcjonalno\u015b\u0107 z form\u0105!<\/strong><\/p>\n<p>[\/vc_column_text][\/vc_column][\/vc_row]<\/p>\n<\/div>","protected":false},"excerpt":{"rendered":"<p>[vc_row full_width=&#8221;stretch_row_content_no_spaces&#8221; el_class=&#8221;supro-no-padding-left supro-no-padding-right&#8221;][vc_column][vc_column_text css=&#8221;.vc_custom_1729797872336{margin-bottom: 0px !important;}&#8221;] Hej! Witaj w Paradox! Tworzymy fotele najwy\u017cszej klasy, kt\u00f3re pomog\u0105 Ci osi\u0105gn\u0105\u0107 pe\u0142ni\u0119 mo\u017cliwo\u015bci &#8211; zar\u00f3wno w pracy, jak i podczas rozrywki. Nasze projekty to idealne po\u0142\u0105czenie ergonomicznego wsparcia, najwy\u017cszej jako\u015bci wykonania i inspiruj\u0105cego designu, kt\u00f3re odmieni ka\u017cde wn\u0119trze. [\/vc_column_text][vc_column_text css=&#8221;.vc_custom_1729798099020{margin-bottom: 0px !important;background-color: #222222 !important;}&#8221; el_class=&#8221;.about-us .info .info&#8211;white&#8221;] [&hellip;]<\/p>\n","protected":false},"author":2,"featured_media":0,"parent":0,"menu_order":0,"comment_status":"closed","ping_status":"closed","template":"template-fullwidth.php","meta":{"footnotes":""},"class_list":["post-2698","page","type-page","status-publish","hentry","no-thumb"],"_links":{"self":[{"href":"https:\/\/paradox24.com\/pl\/wp-json\/wp\/v2\/pages\/2698","targetHints":{"allow":["GET"]}}],"collection":[{"href":"https:\/\/paradox24.com\/pl\/wp-json\/wp\/v2\/pages"}],"about":[{"href":"https:\/\/paradox24.com\/pl\/wp-json\/wp\/v2\/types\/page"}],"author":[{"embeddable":true,"href":"https:\/\/paradox24.com\/pl\/wp-json\/wp\/v2\/users\/2"}],"replies":[{"embeddable":true,"href":"https:\/\/paradox24.com\/pl\/wp-json\/wp\/v2\/comments?post=2698"}],"version-history":[{"count":0,"href":"https:\/\/paradox24.com\/pl\/wp-json\/wp\/v2\/pages\/2698\/revisions"}],"wp:attachment":[{"href":"https:\/\/paradox24.com\/pl\/wp-json\/wp\/v2\/media?parent=2698"}],"curies":[{"name":"wp","href":"https:\/\/api.w.org\/{rel}","templated":true}]}}