{"id":2671,"date":"2024-07-25T08:58:12","date_gmt":"2024-07-25T07:58:12","guid":{"rendered":"https:\/\/paradox24.com\/polityka-zwrotow\/"},"modified":"2026-04-23T15:14:54","modified_gmt":"2026-04-23T14:14:54","slug":"polityka-zwrotow","status":"publish","type":"page","link":"https:\/\/paradox24.com\/pl\/polityka-zwrotow\/","title":{"rendered":"Polityka zwrot\u00f3w"},"content":{"rendered":"<div class=\"wpb-content-wrapper\"><p>[vc_row][vc_column][vc_column_text css=&#8221;&#8221;]Mamy 100 dniow\u0105 polityk\u0119 zwrot\u00f3w, co oznacza, \u017ce masz 100 dni od otrzymania przedmiotu na za\u017c\u0105danie zwrotu.<\/p>\n<p>Aby rozpocz\u0105\u0107 zwrot, mo\u017cna skontaktowa\u0107 si\u0119 z nami pod adresem <a href=\"mailto:hello@paradox24.com\">hello@paradox24.com<\/a>. Zwroty nale\u017cy przesy\u0142a\u0107 na nast\u0119puj\u0105cy adres:  <strong>Eco24 sp. z o.o. ul. Algierska 17k, 03-977 Warszawa, Poland<\/strong><\/p>\n<p>Przedmioty odes\u0142ane do nas bez uprzedniej pro\u015bby o zwrot nie zostan\u0105 przyj\u0119te.<\/p>\n<p>Zawsze mo\u017cesz skontaktowa\u0107 si\u0119 z nami w sprawie wszelkich pyta\u0144 dotycz\u0105cych zwrot\u00f3w pod adresem <a href=\"mailto:hello@paradox24.com\">hello@paradox24.com.<\/a><\/p>\n<p><strong>Uszkodzenia i problemy<\/strong><br \/>\nProsimy o sprawdzenie zam\u00f3wienia po jego otrzymaniu i natychmiastowy kontakt z nami, je\u015bli produkt jest wadliwy, uszkodzony lub je\u015bli otrzyma\u0142e\u015b niew\u0142a\u015bciwy produkt, aby\u015bmy mogli oceni\u0107 problem i go naprawi\u0107.<\/p>\n<p><strong>Wyj\u0105tki \/ przedmioty niepodlegaj\u0105ce zwrotowi<\/strong><br \/>\nNiekt\u00f3re rodzaje przedmiot\u00f3w nie mog\u0105 zosta\u0107 zwr\u00f3cone, na przyk\u0142ad towary \u0142atwo psuj\u0105ce si\u0119 (takie jak \u017cywno\u015b\u0107, kwiaty lub ro\u015bliny), produkty niestandardowe (takie jak zam\u00f3wienia specjalne lub przedmioty spersonalizowane) oraz produkty higieny osobistej (takie jak produkty kosmetyczne). Nie przyjmujemy r\u00f3wnie\u017c zwrot\u00f3w materia\u0142\u00f3w niebezpiecznych, \u0142atwopalnych cieczy lub gaz\u00f3w. Skontaktuj si\u0119 z nami, je\u015bli masz pytania lub w\u0105tpliwo\u015bci dotycz\u0105ce konkretnego produktu.<\/p>\n<p><strong>Wymiana<\/strong><br \/>\nNajszybszym sposobem, aby upewni\u0107 si\u0119, \u017ce otrzymasz to, czego chcesz, jest zwrot przedmiotu, kt\u00f3ry posiadasz, a po zaakceptowaniu zwrotu dokonaj osobnego zakupu nowego przedmiotu.<\/p>\n<p><strong>Unia Europejska 14-dniowy okres odst\u0105pienia od umowy<\/strong><br \/>\nNiezale\u017cnie od powy\u017cszego, je\u015bli towar jest wysy\u0142any do Unii Europejskiej, masz prawo anulowa\u0107 lub zwr\u00f3ci\u0107 zam\u00f3wienie w ci\u0105gu 14 dni, z dowolnego powodu i bez uzasadnienia.[\/vc_column_text][\/vc_column][\/vc_row]<\/p>\n<\/div>","protected":false},"excerpt":{"rendered":"<p>[vc_row][vc_column][vc_column_text css=&#8221;&#8221;]Mamy 100 dniow\u0105 polityk\u0119 zwrot\u00f3w, co oznacza, \u017ce masz 100 dni od otrzymania przedmiotu na za\u017c\u0105danie zwrotu. Aby rozpocz\u0105\u0107 zwrot, mo\u017cna skontaktowa\u0107 si\u0119 z nami pod adresem hello@paradox24.com. Zwroty nale\u017cy przesy\u0142a\u0107 na nast\u0119puj\u0105cy adres: Eco24 sp. z o.o. ul. Algierska 17k, 03-977 Warszawa, Poland Przedmioty odes\u0142ane do nas bez uprzedniej pro\u015bby o zwrot nie [&hellip;]<\/p>\n","protected":false},"author":2,"featured_media":0,"parent":0,"menu_order":0,"comment_status":"closed","ping_status":"closed","template":"","meta":{"footnotes":""},"class_list":["post-2671","page","type-page","status-publish","hentry","no-thumb"],"_links":{"self":[{"href":"https:\/\/paradox24.com\/pl\/wp-json\/wp\/v2\/pages\/2671","targetHints":{"allow":["GET"]}}],"collection":[{"href":"https:\/\/paradox24.com\/pl\/wp-json\/wp\/v2\/pages"}],"about":[{"href":"https:\/\/paradox24.com\/pl\/wp-json\/wp\/v2\/types\/page"}],"author":[{"embeddable":true,"href":"https:\/\/paradox24.com\/pl\/wp-json\/wp\/v2\/users\/2"}],"replies":[{"embeddable":true,"href":"https:\/\/paradox24.com\/pl\/wp-json\/wp\/v2\/comments?post=2671"}],"version-history":[{"count":7,"href":"https:\/\/paradox24.com\/pl\/wp-json\/wp\/v2\/pages\/2671\/revisions"}],"predecessor-version":[{"id":33204,"href":"https:\/\/paradox24.com\/pl\/wp-json\/wp\/v2\/pages\/2671\/revisions\/33204"}],"wp:attachment":[{"href":"https:\/\/paradox24.com\/pl\/wp-json\/wp\/v2\/media?parent=2671"}],"curies":[{"name":"wp","href":"https:\/\/api.w.org\/{rel}","templated":true}]}}