{"id":12342,"date":"2024-10-21T12:30:36","date_gmt":"2024-10-21T11:30:36","guid":{"rendered":"https:\/\/paradox24.com\/product\/paradox-ultimate-dark-lava-black-with-red-stich\/"},"modified":"2026-02-23T23:44:53","modified_gmt":"2026-02-23T22:44:53","slug":"paradox-ultimate-dark-lava-black-with-red-stich","status":"publish","type":"product","link":"https:\/\/paradox24.com\/it\/prodotto\/paradox-ultimate-dark-lava-black-with-red-stich\/","title":{"rendered":"Sedia Gaming Paradox Ultimate Dark Lava"},"content":{"rendered":"<div class=\"wpb-content-wrapper\"><p>[vc_row full_width=&#8221;stretch_row_content_no_spaces&#8221;][vc_column][product_info text_color=&#8221;product-info&#8211;white&#8221; text_position=&#8221;product-info__content&#8211;left&#8221; header=&#8221;Paradox Ultimate&#8221; text_1=&#8221;L\u2019Essenziale del Professionista&#8221; main_image=&#8221;16522&#8243; mobile_image=&#8221;16666&#8243;][\/product_info][product_element position=&#8221;left&#8221; header=&#8221;Qualit\u00e0 in ogni dettaglio&#8221; images=&#8221;16657&#8243;]La pelle eco Next-Gen di alta qualit\u00e0 \u00e8 durevole, piacevole al tatto ed ecologica. Gli accenti in Alcantara ti danno quella sensazione di prestazioni sportive. Come anche le distintive cuciture a contrasto che ricordano le auto da corsa o gli accessori di moda di lusso. <\/p>\n<p class=\"whitespace-normal break-words\"><strong>Schiuma stampata a freddo ad alta densit\u00e0<\/strong> \u2014 la stessa tecnica di produzione utilizzata nei sedili automobilistici e nei mobili premium. A differenza della schiuma standard, la schiuma stampata a freddo mantiene la sua forma e resilienza per migliaia di ore di utilizzo. Combinata con i cuscini lombari e poggiatesta in memory foam, offre un comfort che dura.<\/p>\n<p>[\/product_element][product_element header=&#8221;LumbarPro integrato&#8221; images=&#8221;16648&#8243;]La serie Paradox Ultimate presenta LumbarPro, un sistema di supporto bidimensionale regolabile progettato per allineare la colonna vertebrale e alleviare la tensione lombare. Discretamente integrato nello schienale, combina eleganza ed eccellenza ergonomica. [\/product_element][product_info main_image=&#8221;16639&#8243; mobile_image=&#8221;16630&#8243;][\/product_info][product_element position=&#8221;left&#8221; header=&#8221;Seduta Regolabile in Altezza&#8221; images=&#8221;16621&#8243;]Perfettamente adatta a persone tra 165 e 185 cm, la nostra seduta completamente regolabile assicura una vestibilit\u00e0 personalizzata. Il meccanismo pneumatico avanzato permette una regolazione dell&#8217;altezza senza sforzo: basta tirare la leva e sollevare leggermente per alzare la seduta, o premere mentre si \u00e8 seduti per abbassarla.  Raggiungi facilmente la posizione ergonomica ideale: le ginocchia dovrebbero formare un angolo di 90 gradi, e i gomiti dovrebbero riposare comodamente a un angolo di 90 gradi sulla scrivania. Privilegia il posizionamento dei gomiti per ottimizzare sia il comfort che la produttivit\u00e0. [\/product_element][product_element header=&#8221;Posizioni Regolabili dello Schienale fino a Piatto&#8221; images=&#8221;16612&#8243;]la e blocca lo schienale in quattro posizioni per adattarlo alle tue esigenze. Che tu stia giocando, lavorando o facendo una pausa, cambiare l&#8217;angolo dello schienale aiuta a ridurre la tensione, migliorare la postura e mantenere i muscoli rilassati durante tutta la giornata. Puoi regolare la resistenza all&#8217;inclinazione dello schienale in base al tuo peso corporeo e alle tue preferenze. Semplicemente ruota la manopola sotto il tuo sedile a sinistra o a destra!   [\/product_element][product_element position=&#8221;left&#8221; header=&#8221;Poggiatesta con magnete forte&#8221; images=&#8221;16603&#8243;]Il cuscino per la testa intelligente svolge una doppia funzione \u2013 offrendoti un supporto perfetto mentre aggiunge stile alla tua sedia. Grazie ai potenti magneti incorporati, puoi facilmente agganciarlo o sganciarlo ogni volta che vuoi. [\/product_element][product_info main_image=&#8221;16594&#8243; mobile_image=&#8221;16585&#8243;][\/product_info][product_element header=&#8221;Braccioli FlexMotion 4D&#8221; images=&#8221;16576&#8243;]Regolali su e gi\u00f9 per ottenere l&#8217;altezza perfetta, falli scorrere avanti e indietro per una portata ottimale, spostali lateralmente per la posizione laterale ideale e ruotali per trovare l&#8217;angolo migliore per braccia e polsi[\/product_element]. [product_element position=&#8221;left&#8221; header=&#8221;Base TitanCore&#8221; images=&#8221;16567&#8243;]Costruita per sostenere fino a 135 chilogrammi, questa sedia garantisce affidabilit\u00e0 e sicurezza durature, rendendola una scelta eccellente sia per uso professionale che personale[\/product_element][product_element header=&#8221;Rotelle QuickSpin 360\u00b0&#8221; images=&#8221;16558&#8243;]. La funzione girevole a 360 gradi ti consente di ruotare senza sforzo in qualsiasi direzione, fornendo la massima flessibilit\u00e0 e facile accesso a tutte le aree della tua scrivania e dintorni\u2014tutto in silenzio.[\/product_element][product_element position=&#8221;left&#8221; header=&#8221;Assemblaggio Facile&#8221; images=&#8221;16549&#8243;]Le istruzioni visive chiare ti permettono di assemblare la sedia in meno di 20 minuti. Che tu faccia il lavoro da solo o con un amico \u2013 ci siamo assicurati che sia facile. [\/product_element][product_images images=&#8221;17382&#8243;][product_action header=&#8221;Migliora la tua esperienza di seduta oggi stesso!&#8221; text=&#8221;Rivoluziona il tuo spazio di lavoro e la tua postazione gaming con la nostra sedia Commander. Sperimenta il comfort senza pari e il design superiore.&#8221; button_text=&#8221;Add ULTIMATE Dark Lava to cart&#8221; main_image=&#8221;16540&#8243; mobile_image=&#8221;16531&#8243;][\/vc_column][\/vc_row]<\/p>\n<\/div>","protected":false},"excerpt":{"rendered":"<p><span style=\"font-weight: 400\">Design minimalista ma distintivo, materiali di alta qualit\u00e0 e comfort per aiutarti a raggiungere i tuoi obiettivi. <\/span><\/p>\n<ul>\n<li style=\"font-weight: 400\"><b>Per chi esige un&#8217;eccellenza sobria: <\/b><span style=\"font-weight: 400\">Perfetto per professionisti e appassionati di gaming che cercano lusso e raffinatezza.<br \/><\/span><\/li>\n<li style=\"font-weight: 400\"><b>Design minimalista e senza tempo: <\/b><span style=\"font-weight: 400\">Elegante e discreto, si integra perfettamente in qualsiasi setup professionale o gaming di alta gamma.<\/span><\/li>\n<li style=\"font-weight: 400\"><b>Materiali di prima qualit\u00e0:<\/b><span style=\"font-weight: 400\"> Realizzato con i migliori materiali per durabilit\u00e0 e comfort premium.<br \/><\/span><\/li>\n<li style=\"font-weight: 400\"><b>Meccanismi superiori per un&#8217;ergonomia perfetta:<\/b><span style=\"font-weight: 400\"> Regolabilit\u00e0 avanzata per un&#8217;esperienza altamente personalizzata.<\/span><\/li>\n<li><b>Schiuma stampata a freddo ad alta densit\u00e0:<\/b> Imbottitura superiore del sedile che mantiene la forma per anni \u2014 nessun cedimento, nessun punto piatto.<\/li>\n<\/ul>\n","protected":false},"featured_media":12343,"template":"","meta":[],"product_cat":[175,154],"product_tag":[],"class_list":{"0":"post-12342","1":"product","2":"type-product","3":"status-publish","4":"has-post-thumbnail","6":"product_cat-collezione-ultimate","7":"product_cat-sedie-gaming","8":"","10":"first","11":"outofstock","12":"taxable","13":"shipping-taxable","14":"purchasable","15":"product-type-simple"},"_links":{"self":[{"href":"https:\/\/paradox24.com\/it\/wp-json\/wp\/v2\/product\/12342","targetHints":{"allow":["GET"]}}],"collection":[{"href":"https:\/\/paradox24.com\/it\/wp-json\/wp\/v2\/product"}],"about":[{"href":"https:\/\/paradox24.com\/it\/wp-json\/wp\/v2\/types\/product"}],"wp:featuredmedia":[{"embeddable":true,"href":"https:\/\/paradox24.com\/it\/wp-json\/wp\/v2\/media\/12343"}],"wp:attachment":[{"href":"https:\/\/paradox24.com\/it\/wp-json\/wp\/v2\/media?parent=12342"}],"wp:term":[{"taxonomy":"product_cat","embeddable":true,"href":"https:\/\/paradox24.com\/it\/wp-json\/wp\/v2\/product_cat?post=12342"},{"taxonomy":"product_tag","embeddable":true,"href":"https:\/\/paradox24.com\/it\/wp-json\/wp\/v2\/product_tag?post=12342"}],"curies":[{"name":"wp","href":"https:\/\/api.w.org\/{rel}","templated":true}]}}