{"id":11143,"date":"2024-10-21T12:30:38","date_gmt":"2024-10-21T11:30:38","guid":{"rendered":"https:\/\/paradox24.com\/product\/paradox-vanguard-pink-princess\/"},"modified":"2026-04-30T11:38:26","modified_gmt":"2026-04-30T10:38:26","slug":"paradox-vanguard-pink-princess","status":"publish","type":"product","link":"https:\/\/paradox24.com\/it\/prodotto\/paradox-vanguard-pink-princess\/","title":{"rendered":"Sedia Gaming Paradox Vanguard Pink Princess"},"content":{"rendered":"<div class=\"wpb-content-wrapper\"><p>[vc_row full_width=&#8221;stretch_row_content_no_spaces&#8221;][vc_column][product_info text_color=&#8221;product-info&#8211;white&#8221; text_position=&#8221;product-info__content&#8211;left&#8221; header=&#8221;Paradox Vanguard&#8221; text_1=&#8221;La Scelta Performance&#8221; main_image=&#8221;17963&#8243; mobile_image=&#8221;17954&#8243;][\/product_info][product_element position=&#8221;left&#8221; header=&#8221;Qualit\u00e0 fino in fondo&#8221; images=&#8221;17945&#8243;]L&#8217;eco-pelle TechRX II di alta qualit\u00e0 \u00e8 resistente, liscia ed ecologica. Gli accenti in velluto garantiscono questa sensazione di prestazione. Cos\u00ec come le cuciture a contrasto distintive che ricordano le auto da corsa o gli accessori moda di alta gamma.[\/product_element][product_element header=&#8221;Supporto Cuscino Lombare&#8221; images=&#8221;17936&#8243;]La Serie Vanguard presenta un cuscino lombare che allinea la colonna vertebrale e allevia la tensione nella zona lombare. Realizzato in memory foam reattivo e rivestito in velluto coordinato, combina perfettamente il supporto ergonomico con la raffinatezza estetica. [\/product_element][product_info main_image=&#8221;17927&#8243; mobile_image=&#8221;17918&#8243;][\/product_info][product_element position=&#8221;left&#8221; header=&#8221;Sedile Regolabile in Altezza&#8221; images=&#8221;17909&#8243;]Perfettamente adatta a persone tra 165 e 185 cm, la nostra seduta completamente regolabile assicura una vestibilit\u00e0 personalizzata. Il meccanismo pneumatico avanzato TitanCore permette una regolazione dell&#8217;altezza senza sforzo: basta tirare la leva e sollevare leggermente per alzare la seduta, o premere mentre si \u00e8 seduti per abbassarla. Raggiungi facilmente la posizione ergonomica ideale &#8211; le ginocchia dovrebbero formare un angolo di 90 gradi, e i gomiti dovrebbero riposare comodamente a un angolo di 90 gradi sulla scrivania. Privilegia il posizionamento dei gomiti per ottimizzare sia il comfort che la produttivit\u00e0.   [\/product_element][product_element header=&#8221;Posizioni personalizzabili dello schienale fino alla posizione piatta&#8221; images=&#8221;17900&#8243;]gola e blocca lo schienale in quattro posizioni \u2013 dalla concentrazione eretta al rilassamento reclinato. Cambia la tua posizione liberamente durante il giorno per mantenere i muscoli rilassati, mentre i supporti laterali ti tengono saldamente in posizione. Regola finemente la resistenza all&#8217;inclinazione per adattarla al tuo peso e alle tue preferenze di comfort con una semplice rotazione di una manopola.  [\/product_element][product_element position=&#8221;left&#8221; header=&#8221;Cuscino Poggiatesta&#8221; images=&#8221;17891&#8243;]Il cuscino per la testa intelligente svolge una doppia funzione \u2013 offrendoti un supporto perfetto mentre aggiunge stile alla tua sedia. Grazie ai potenti magneti incorporati, puoi facilmente agganciarlo o sganciarlo ogni volta che vuoi. [\/product_element][product_info main_image=&#8221;17882&#8243; mobile_image=&#8221;17873&#8243;][\/product_info][product_element header=&#8221;Braccioli FlexMotion 2D&#8221; images=&#8221;17864&#8243;]Regolali su e gi\u00f9 per raggiungere l&#8217;altezza perfetta e trovare l&#8217;angolo migliore per le tue braccia e polsi. [\/product_element][product_element position=&#8221;left&#8221; header=&#8221;Base TitanCore&#8221; images=&#8221;17854&#8243;]Costruita per sopportare fino a 135 chilogrammi, questa sedia garantisce affidabilit\u00e0 e sicurezza durature, rendendola una scelta eccellente sia per uso professionale che personale[\/product_element].[product_element header=&#8221;Rotelle QuickSpin 360\u00b0&#8221; images=&#8221;17845&#8243;] La funzione di rotazione a 360 gradi ti permette di ruotare senza sforzo in qualsiasi direzione, fornendo massima flessibilit\u00e0 e facile accesso a tutte le aree della tua scrivania e dintorni \u2013 tutto in silenzio.[\/product_element][product_element position=&#8221;left&#8221; header=&#8221;Assemblaggio Facile&#8221; images=&#8221;17836&#8243;]Le istruzioni visive chiare ti permettono di assemblare la sedia in meno di 20 minuti. Che tu faccia il lavoro da solo o con un amico \u2013 ci siamo assicurati che sia facile. [\/product_element][product_images images=&#8221;19104&#8243;][product_action header=&#8221;Migliora la tua esperienza di seduta oggi stesso!&#8221; text=&#8221;Rivoluziona il tuo spazio di lavoro e la tua postazione gaming con la nostra sedia Vanguard. Sperimenta il comfort senza pari e la qualit\u00e0 premium.&#8221; button_text=&#8221;Add VANGUARD Pink Princess to cart&#8221; main_image=&#8221;17827&#8243; mobile_image=&#8221;17818&#8243;][\/vc_column][\/vc_row]<\/p>\n<\/div>","protected":false},"excerpt":{"rendered":"<ul>\n<li style=\"font-weight: 400;\" aria-level=\"1\"><b>Per i Giocatori che Vogliono Qualit\u00e0 Premium senza Compromessi:<\/b><span style=\"font-weight: 400;\"> Ideale per chi cerca comfort affidabile e stiloso a un prezzo accessibile. <\/span><\/li>\n<li style=\"font-weight: 400;\" aria-level=\"1\"><b>Perfetto Equilibrio tra Stile e Funzionalit\u00e0: <\/b><span style=\"font-weight: 400;\">Offre un design audace per esprimere la personalit\u00e0 senza sacrificare la qualit\u00e0.<br \/><\/span><\/li>\n<li style=\"font-weight: 400;\" aria-level=\"1\"><b>qualit\u00e0. Materiali di Alta Qualit\u00e0 a un Prezzo Intelligente: <\/b><span style=\"font-weight: 400;\">Costruita con materiali durevoli per comfort e supporto. <\/span><\/li>\n<\/ul>\n<p><b>Opzioni Estetiche Versatili:<\/b><span style=\"font-weight: 400;\"> Spazia da design minimalisti a pi\u00f9 elaborati, soddisfacendo gusti diversi.<br \/><\/span><\/p>\n","protected":false},"featured_media":11144,"template":"","meta":[],"product_cat":[162,154],"product_tag":[],"class_list":{"0":"post-11143","1":"product","2":"type-product","3":"status-publish","4":"has-post-thumbnail","6":"product_cat-collezione-vanguard","7":"product_cat-sedie-gaming","8":"","10":"first","11":"instock","12":"sale","13":"taxable","14":"shipping-taxable","15":"purchasable","16":"product-type-simple"},"_links":{"self":[{"href":"https:\/\/paradox24.com\/it\/wp-json\/wp\/v2\/product\/11143","targetHints":{"allow":["GET"]}}],"collection":[{"href":"https:\/\/paradox24.com\/it\/wp-json\/wp\/v2\/product"}],"about":[{"href":"https:\/\/paradox24.com\/it\/wp-json\/wp\/v2\/types\/product"}],"wp:featuredmedia":[{"embeddable":true,"href":"https:\/\/paradox24.com\/it\/wp-json\/wp\/v2\/media\/11144"}],"wp:attachment":[{"href":"https:\/\/paradox24.com\/it\/wp-json\/wp\/v2\/media?parent=11143"}],"wp:term":[{"taxonomy":"product_cat","embeddable":true,"href":"https:\/\/paradox24.com\/it\/wp-json\/wp\/v2\/product_cat?post=11143"},{"taxonomy":"product_tag","embeddable":true,"href":"https:\/\/paradox24.com\/it\/wp-json\/wp\/v2\/product_tag?post=11143"}],"curies":[{"name":"wp","href":"https:\/\/api.w.org\/{rel}","templated":true}]}}