{"id":30564,"date":"2018-06-01T08:19:29","date_gmt":"2018-06-01T07:19:29","guid":{"rendered":"https:\/\/paradox24.com\/about\/"},"modified":"2026-02-23T16:48:53","modified_gmt":"2026-02-23T15:48:53","slug":"about","status":"publish","type":"page","link":"https:\/\/paradox24.com\/it\/about\/","title":{"rendered":"Informazioni"},"content":{"rendered":"<div class=\"wpb-content-wrapper\"><p>[vc_row full_width=&#8221;stretch_row_content_no_spaces&#8221; el_class=&#8221;supro-no-padding-left supro-no-padding-right&#8221;][vc_column][vc_column_text css=&#8221;.vc_custom_1729797872336{margin-bottom: 0px !important;}&#8221;]<\/p>\n<div class=\"about-us heading\">\n<div class=\"heading-content\">\n<h2>Ehi!<\/h2>\n<p><strong>Siamo Paradox!<\/strong> Creiamo <strong>sedili ad alte prestazioni<\/strong> per aiutarti a <strong>massimizzare il tuo potenziale<\/strong> sia nel lavoro che nel gioco. I nostri design fondono <strong>supporto ergonomico<\/strong>, <strong>qualit\u00e0 premium<\/strong> e <strong>estetica ispiratrice<\/strong> per elevare qualsiasi spazio.<\/p>\n<\/div>\n<p><img decoding=\"async\" src=\"https:\/\/paradox24.com\/wp-content\/uploads\/2024\/10\/3-razem_01-1.png\" alt=\"Immagine di sfondo\" \/><\/p>\n<\/div>\n<p>[\/vc_column_text][vc_column_text css=&#8221;.vc_custom_1729798099020{margin-bottom: 0px !important;background-color: #222222 !important;}&#8221; el_class=&#8221;.about-us .info .info&#8211;white&#8221;]<\/p>\n<h2>Chi siamo.<\/h2>\n<p>A Paradox Gaming, siamo un <strong>gruppo di imprenditori appassionati<\/strong> con un totale di <strong>250 anni<\/strong> di esperienza in vari settori. I nostri background diversificati in <strong>sviluppo di prodotti<\/strong>, <strong>design<\/strong>, <strong>e-commerce<\/strong>, consulenza, pubblicit\u00e0, ospitalit\u00e0, eventi, architettura urbana, cosmetici e beni di consumo ci hanno dato una prospettiva unica sul design di prodotti e sulle esigenze dei clienti.[\/vc_column_text][vc_column_text css=&#8221;.vc_custom_1729798671318{margin-bottom: 0px !important;background-color: #ffffff !important;}&#8221; el_class=&#8221;.about-us .info&#8221;]<\/p>\n<h3>Incontra il team fondatore:<\/h3>\n<div class=\"founder\">\n<div class=\"founder-image\"><img loading=\"lazy\" decoding=\"async\" src=\"https:\/\/paradox24.com\/wp-content\/uploads\/2024\/10\/IMG_9627-BW-1.png\" alt=\"Przemek Kowalewski\" width=\"400\" height=\"400\" \/><\/div>\n<div class=\"founder-content\">\n<p><strong>Przemek Kowalewski, CEO<\/strong><\/p>\n<p>Il visionario strategico e innovatore dell&#8217;e-commerce. Przemek, ex dirigente presso Westwing (e-commerce per casa e decorazioni), porta competenze in sviluppo di prodotti, approvvigionamento e produzione, nonch\u00e9 in e-commerce e marketing digitale. Ex consulente McKinsey con un occhio acuto per la strategia e le operazioni aziendali.<\/p>\n<\/div>\n<\/div>\n<div class=\"founder\">\n<div class=\"founder-image\"><img loading=\"lazy\" decoding=\"async\" src=\"https:\/\/paradox24.com\/wp-content\/uploads\/2024\/10\/IMG_9627-BW-1-2.png\" alt=\"Pawe\u0142 Miklaszewski\" width=\"400\" height=\"400\" \/><\/div>\n<div class=\"founder-content\">\n<p><strong>Pawe\u0142 Miklaszewski, Chief Creative Officer<\/strong><\/p>\n<p>La forza creativa di Paradox. Pawe\u0142 \u00e8 anche il fondatore dell&#8217;agenzia 360 premiata &#8220;Walk Group&#8221; e della boutique di design &#8220;Walk with David&#8221;, portando una ricchezza di competenze in design e creativit\u00e0 a Paradox. La sua impressionante collezione di riconoscimenti, inclusi un Cannes Lion, molteplici KTR Awards, Effies e molti altri, testimonia il suo approccio incentrato sul consumatore.<\/p>\n<\/div>\n<\/div>\n<h3>Il nostro Chief Designer:<\/h3>\n<div class=\"founder\">\n<div class=\"founder-image\"><img loading=\"lazy\" decoding=\"async\" src=\"https:\/\/paradox24.com\/wp-content\/uploads\/2024\/10\/IMG_9627-BW-1-1.png\" alt=\"David Racchi\" width=\"400\" height=\"400\" \/><\/div>\n<div class=\"founder-content\">\n<p><strong>David Racchi, Chief Designer<\/strong><\/p>\n<p>David, un australiano con prospettiva globale, porta un flair internazionale al suo lavoro, modellato da esperienze a Melbourne, Spagna e Argentina. I suoi design spaziano dal design di prodotti, packaging, branding, pubblicit\u00e0 e altro, ogni pezzo riflettendo il suo approccio unico di sposare semplicit\u00e0 con storytelling. Il suo talento \u00e8 stato riconosciuto sulla scena globale, inclusi con un prestigioso Gold Cannes Lion.<\/p>\n<\/div>\n<\/div>\n<p>[\/vc_column_text][vc_column_text css=&#8221;.vc_custom_1729542358975{margin-bottom: 0px !important;background-color: #222222 !important;}&#8221; el_class=&#8221;.about-us .info .info&#8211;white&#8221;]<\/p>\n<h2>La nostra storia.<\/h2>\n<p>La nascita di Paradox Gaming non \u00e8 stata un thriller hollywoodiano, ma pensiamo sia una storia che vale la pena raccontare.<\/p>\n<p>Tutto \u00e8 iniziato con una semplice ricerca: trovare la sedia da ufficio perfetta.<br \/>\nMentre cercavamo, ci siamo resi conto che il mercato offriva due estremi insoddisfacenti \u2013 sedie formali non ergonomiche<br \/>\no sedie gaming con design poco appealing. Questa lacuna nel mercato ha acceso un&#8217;idea.<\/p>\n<p>Il nostro amore per il design e la creazione di prodotti fisici ha alimentato la nostra passione. Poi, nell&#8217;estate del 2022,<br \/>\nsi \u00e8 presentata un&#8217;opportunit\u00e0. Abbiamo acquisito un&#8217;azienda con una piccola unit\u00e0 aziendale che vendeva sedie gaming senza marchio. Questa acquisizione \u00e8 stata il catalizzatore di cui avevamo bisogno.<\/p>\n<p>Abbiamo deciso di rivedere completamente il portfolio di prodotti e creare un marchio che rivoluzionasse il concetto di sedie gaming. E proprio cos\u00ec, Paradox \u00e8 nato.<\/p>\n<p>Dalla nostra fondazione nel 2022, ci siamo dedicati interamente a perfezionare l&#8217;esperienza Paradox!<br \/>\nAbbiamo creato oltre 200 design unici di sedie e oltre 30 prototipi, viaggiato attraverso tre continenti<br \/>\nper visitare pi\u00f9 di 10 strutture di produzione e parlato con centinaia di utenti.<\/p>\n<p class=\"motto\"><strong>Ma la cosa pi\u00f9 importante, abbiamo creato sedie che amiamo e usiamo ogni giorno.<\/strong><\/p>\n<p>[\/vc_column_text][vc_column_text css=&#8221;.vc_custom_1729542370996{margin-bottom: 0px !important;background-color: #e3e3e3 !important;}&#8221; el_class=&#8221;.about-us .info&#8221;]<\/p>\n<h2>La nostra filosofia.<\/h2>\n<p>Ricordi quando le sneakers erano solo per correre? Poi \u00e8 arrivato Nike e ha detto: &#8220;Ehi, puoi indossare queste scarpe ogni giorno! Sono stilose, comode e durature.&#8221;<\/p>\n<p>Stiamo adottando un approccio simile con le sedie gaming. Crediamo che una grande sedia per lavoro e gioco debba essere pi\u00f9 che funzionale. Dovrebbe essere:<\/p>\n<ul>\n<li>Ergonomica e comoda per quelle lunghe sessioni sedute<\/li>\n<li>Un pezzo di dichiarazione con design straordinario<\/li>\n<li>Duratura e di alta qualit\u00e0 per resistere alla prova del tempo<\/li>\n<\/ul>\n<p class=\"motto\"><strong>A Paradox, stiamo sfidando la nozione che le sedie gaming siano solo per i gamer. Stiamo creando sedie che supportano il tuo stile di vita, che tu stia conquistando mondi virtuali o il tuo giorno lavorativo.<\/strong><\/p>\n<p>[\/vc_column_text][vc_column_text css=&#8221;.vc_custom_1729541822753{margin-bottom: 0px !important;background-color: #ffffff !important;}&#8221; el_class=&#8221;.about-us .info&#8221;]<\/p>\n<h2>La nostra missione.<\/h2>\n<p>La nostra missione \u00e8 semplice ma ambiziosa:<\/p>\n<ol>\n<li>Offrirti una sedia ergonomica, di alta qualit\u00e0 con design eccezionale.<\/li>\n<li>Supportarti durante lunghe ore sedute e migliorare le tue prestazioni.<\/li>\n<li>Portarti gioia ogni volta che guardi la tua sedia.<\/li>\n<li>Creare prodotti che resistano alla prova del tempo.<\/li>\n<\/ol>\n<p><strong>Ma non si tratta solo del prodotto finale. Siamo impegnati a divertirci durante l&#8217;intero processo &#8211; dal design e produzione alla consegna. Crediamo che quando ci divertiamo in ci\u00f2 che facciamo, si rifletta nella qualit\u00e0 dei nostri prodotti e nella soddisfazione dei nostri clienti.<\/strong>[\/vc_column_text][vc_column_text css=&#8221;.vc_custom_1729542376551{margin-bottom: 0px !important;background-color: #e3e3e3 !important;}&#8221; el_class=&#8221;.about-us .info&#8221;]<\/p>\n<h2>I nostri valori.<\/h2>\n<p>Al cuore di Paradox Gaming ci sono i nostri principi guida:<\/p>\n<ol>\n<li><strong>Innovazione<\/strong>: Spingiamo costantemente i confini del design e della funzionalit\u00e0 delle sedie.<\/li>\n<li><strong>Qualit\u00e0<\/strong>: Non compromettiamo mai sui materiali o sull&#8217;artigianato dei nostri prodotti.<\/li>\n<li><strong>Soddisfazione del cliente<\/strong>: Il tuo comfort e felicit\u00e0 sono le nostre priorit\u00e0 principali.<\/li>\n<li><strong>Sostenibilit\u00e0<\/strong>: Siamo impegnati in pratiche di produzione responsabili verso l&#8217;ambiente.<\/li>\n<li><strong>Trasparenza<\/strong>: Crediamo in una comunicazione aperta con i nostri clienti e partner.<\/li>\n<\/ol>\n<p class=\"motto\"><strong>Questi valori informano ogni decisione che prendiamo, dalle scelte di design alle pratiche di servizio clienti.<\/strong><\/p>\n<p>[\/vc_column_text][vc_column_text css=&#8221;.vc_custom_1729544085070{margin-bottom: 0px !important;background-color: #ffffff !important;}&#8221; el_class=&#8221;.about-us .info&#8221;]<\/p>\n<h3>Parte del gruppo eco24.<\/h3>\n<p>Come parte del gruppo eco24, Paradox beneficia di una missione pi\u00f9 ampia: creare prodotti innovativi, sostenibili e orientati al design in una gamma di industrie.[\/vc_column_text][vc_column_text css=&#8221;.vc_custom_1729542300549{margin-bottom: 0px !important;background-color: #bf403a !important;}&#8221; el_class=&#8221;.about-us .info .info&#8211;center .info&#8211;white&#8221;]<\/p>\n<h2>Unisciti alla rivoluzione Paradox.<\/h2>\n<p>Pronto a sperimentare la miscela perfetta di stile, comfort e funzionalit\u00e0?<br \/>\nEsplora la nostra gamma di sedie gaming Paradox e trova quella che ti parla.<\/p>\n<p>Hai domande o hai bisogno di assistenza? Il nostro team \u00e8 sempre qui per aiutare.<br \/>\nContattaci oggi e iniziamo una conversazione sulla tua sedia perfetta<br \/>\na <a href=\"mailto:hello@paradox24.com\">hello@paradox24.com<\/a><\/p>\n<p class=\"motto\"><strong>Benvenuto in Paradox \u2013 dove il comfort incontra lo stile, e la funzione incontra la forma!<\/strong><\/p>\n<p>[\/vc_column_text][\/vc_column][\/vc_row]<\/p>\n<\/div>","protected":false},"excerpt":{"rendered":"<p>[vc_row full_width=&#8221;stretch_row_content_no_spaces&#8221; el_class=&#8221;supro-no-padding-left supro-no-padding-right&#8221;][vc_column][vc_column_text css=&#8221;.vc_custom_1729797872336{margin-bottom: 0px !important;}&#8221;] Ehi! Siamo Paradox! Creiamo sedili ad alte prestazioni per aiutarti a massimizzare il tuo potenziale sia nel lavoro che nel gioco. I nostri design fondono supporto ergonomico, qualit\u00e0 premium e estetica ispiratrice per elevare qualsiasi spazio. [\/vc_column_text][vc_column_text css=&#8221;.vc_custom_1729798099020{margin-bottom: 0px !important;background-color: #222222 !important;}&#8221; el_class=&#8221;.about-us .info .info&#8211;white&#8221;] Chi siamo. A [&hellip;]<\/p>\n","protected":false},"author":2,"featured_media":0,"parent":0,"menu_order":0,"comment_status":"closed","ping_status":"closed","template":"template-fullwidth.php","meta":{"footnotes":""},"class_list":["post-30564","page","type-page","status-publish","hentry","no-thumb"],"_links":{"self":[{"href":"https:\/\/paradox24.com\/it\/wp-json\/wp\/v2\/pages\/30564","targetHints":{"allow":["GET"]}}],"collection":[{"href":"https:\/\/paradox24.com\/it\/wp-json\/wp\/v2\/pages"}],"about":[{"href":"https:\/\/paradox24.com\/it\/wp-json\/wp\/v2\/types\/page"}],"author":[{"embeddable":true,"href":"https:\/\/paradox24.com\/it\/wp-json\/wp\/v2\/users\/2"}],"replies":[{"embeddable":true,"href":"https:\/\/paradox24.com\/it\/wp-json\/wp\/v2\/comments?post=30564"}],"version-history":[{"count":9,"href":"https:\/\/paradox24.com\/it\/wp-json\/wp\/v2\/pages\/30564\/revisions"}],"predecessor-version":[{"id":30796,"href":"https:\/\/paradox24.com\/it\/wp-json\/wp\/v2\/pages\/30564\/revisions\/30796"}],"wp:attachment":[{"href":"https:\/\/paradox24.com\/it\/wp-json\/wp\/v2\/media?parent=30564"}],"curies":[{"name":"wp","href":"https:\/\/api.w.org\/{rel}","templated":true}]}}