{"id":13294,"date":"2025-02-04T23:41:39","date_gmt":"2025-02-04T22:41:39","guid":{"rendered":"https:\/\/paradox24.com\/paradox-testimonials\/"},"modified":"2026-02-23T23:05:27","modified_gmt":"2026-02-23T22:05:27","slug":"paradox-testimonials","status":"publish","type":"page","link":"https:\/\/paradox24.com\/it\/paradox-testimonials\/","title":{"rendered":"Testimonianze"},"content":{"rendered":"<div class=\"wpb-content-wrapper\"><p>[vc_row full_width=&#8221;stretch_row_content_no_spaces&#8221; el_class=&#8221;supro-container&#8221;][vc_column][vc_raw_html css=&#8221;&#8221;]PGRpdiBjbGFzcz0iaGV5LXBhcmFkb3giPgo8aDE+PHNwYW4+U3RvcmllIHZlcmUgZGEgZ2lvY2F0b3JpIHZlcmk8L3NwYW4+PC9oMT4KCjxwPlNjb3ByaSBwZXJjaMOpIGkgZ2FtZXIgZSBpIHByb2Zlc3Npb25pc3RpIHNjZWxnb25vIFBhcmFkb3ggcGVyIGxhIGxvcm8gZXNwZXJpZW56YSBkaSBzZWR1dGEgZGVmaW5pdGl2YTwvcD4KPC9kaXY+[\/vc_raw_html][\/vc_column][\/vc_row][vc_row full_width=&#8221;stretch_row_content_no_spaces&#8221; el_class=&#8221;supro-container&#8221;][vc_column width=&#8221;1\/2&#8243;][vc_raw_html css=&#8221;&#8221;]PGRpdiBjbGFzcz0idGVzdGltb250aWFsIj4KICAgIDxkaXYgY2xhc3M9InRlc3RpbW9udGlhbF9fcGVyc29uIj4KICAgICAgICA8ZGl2IGNsYXNzPSJ0ZXN0aW1vbnRpYWxfX2F2YXRhciI+CiAgICAgICAgICAgIDxpbWcgc3JjPSJodHRwczovL3BhcmFkb3gyNC5jb20vd3AtY29udGVudC91cGxvYWRzLzIwMjUvMDIvZmFjZV8xLnBuZyI+CiAgICAgICAgPC9kaXY+CgogICAgICAgIDxkaXYgY2xhc3M9InRlc3RpbW9udGlhbF9fZGF0YSI+CiAgICAgICAgICAgIDxoND5NaWNoYWwgS2F6aW1pZXJjemFrPC9oND4KICAgICAgICAgICAgPHA+Q0VPLCBBZ2VuemlhIHB1YmJsaWNpdGFyaWEgSGVhcnQgYW5kIEJyYWluPC9wPgogICAgICAgICAgICA8ZGl2IGNsYXNzPSJ0ZXN0aW1vbnRpYWxfX2xpbmtzIj4KICAgICAgICAgICAgICAgICAgICAgICAgICAgICAgICA8YSBocmVmPSJodHRwczovL3d3dy5saW5rZWRpbi5jb20vaW4vbWljaGFsa2F6aW1pZXJjemFrLyIgcmVsPSJub2ZvbGxvdyBub3JlZmVycmVyIG5vb3BlbmVyIj48aW1nIHNyYz0iL3dwLWNvbnRlbnQvdXBsb2Fkcy8yMDI1LzAyL3NvY2lhbF9saW5rZWRpbi5zdmciPjwvYT4KICAgICAgICAgICAgPC9kaXY+CiAgICAgICAgICAgIDxkaXYgY2xhc3M9InRlc3RpbW9udGlhbF9fc3RhcnMiPgogICAgICAgICAgICAgICAgPGltZyBzcmM9Ii93cC1jb250ZW50L3VwbG9hZHMvMjAyNS8wMi90ZXN0aW1vbnRpYWxfc3Rhci5zdmciPgogICAgICAgICAgICAgICAgICAgICAgICAgICAgICAgIDxpbWcgc3JjPSIvd3AtY29udGVudC91cGxvYWRzLzIwMjUvMDIvdGVzdGltb250aWFsX3N0YXIuc3ZnIj4KICAgICAgICAgICAgICAgICAgICAgICAgICAgICAgICAgICAgICAgICAgICAgICAgPGltZyBzcmM9Ii93cC1jb250ZW50L3VwbG9hZHMvMjAyNS8wMi90ZXN0aW1vbnRpYWxfc3Rhci5zdmciPgogICAgICAgICAgICAgICAgICAgICAgICAgICAgICAgICAgICAgICAgICAgICAgICAgICAgICAgICAgICAgICAgPGltZyBzcmM9Ii93cC1jb250ZW50L3VwbG9hZHMvMjAyNS8wMi90ZXN0aW1vbnRpYWxfc3Rhci5zdmciPgogICAgICAgICAgICAgICAgICAgICAgICAgICAgICAgICAgICAgICAgICAgICAgICAgICAgICAgICAgICAgICAgICAgICAgICAgICAgICAgIDxpbWcgc3JjPSIvd3AtY29udGVudC91cGxvYWRzLzIwMjUvMDIvdGVzdGltb250aWFsX3N0YXIuc3ZnIj4KICAgICAgICAgICAgPC9kaXY+CiAgICAgICAgPC9kaXY+CiAgICA8L2Rpdj4KICAgIDxkaXYgY2xhc3M9InRlc3RpbW9udGlhbF9fY29udGVudCI+CkNvbWUgYXBwYXNzaW9uYXRvIGRpIGJ1b24gZGVzaWduLCBzb25vIHN0YXRvIHN1Yml0byBhdHRyYXR0byBkYWxsJ2VzdGV0aWNhIGRpIFBhcmFkb3guIExhIHNlZGlhIHNpIGZvbmRlIHBlcmZldHRhbWVudGUgbmVsIG1pbyB1ZmZpY2lvIG9mZnJlbmRvIHVuIGNvbWZvcnQgZWNjZXppb25hbGUuIMOIIGJlbGxvIHZlZGVyZSBzZWRpZSBkYSBnYW1pbmcgY2hlIG5vbiBzY2VuZG9ubyBhIGNvbXByb21lc3NpIHN1IHN0aWxlIG8gcHJvZmVzc2lvbmFsaXTDoC4gIAogICAgPC9kaXY+CjwvZGl2Pg==[\/vc_raw_html][\/vc_column][vc_column width=&#8221;1\/2&#8243;][vc_raw_html css=&#8221;&#8221;]PGRpdiBjbGFzcz0idGVzdGltb250aWFsIj4KICAgIDxkaXYgY2xhc3M9InRlc3RpbW9udGlhbF9fcGVyc29uIj4KICAgICAgICA8ZGl2IGNsYXNzPSJ0ZXN0aW1vbnRpYWxfX2F2YXRhciI+CiAgICAgICAgICAgIDxpbWcgc3JjPSJodHRwczovL3BhcmFkb3gyNC5jb20vd3AtY29udGVudC91cGxvYWRzLzIwMjUvMDIvZmFjZV8yLnBuZyI+CiAgICAgICAgPC9kaXY+CgogICAgICAgIDxkaXYgY2xhc3M9InRlc3RpbW9udGlhbF9fZGF0YSI+CiAgICAgICAgICAgIDxoND5QcnplbXlzxYJhdyBHb8WCb8WbPC9oND4KICAgICAgICAgICAgPHA+Q29udGVudCBDcmVhdG9yIGRpIExhdGFqxIVjeSBUYXRhICBEZXRlbnRvcmUgZGVsIHJlY29yZCBtb25kaWFsZSBGQUk8L3A+CiAgICAgICAgICAgIDxkaXYgY2xhc3M9InRlc3RpbW9udGlhbF9fbGlua3MiPgogICAgICAgICAgICAgICAgICAgICAgICAgICAgICAgICAgICAgICAgICAgICAgICAgICAgICAgICAgICAgICAgPGEgaHJlZj0iaHR0cHM6Ly93d3cuZmFjZWJvb2suY29tL3d3dy5wb2xhdGFqbXkuaW5mbyIgcmVsPSJub2ZvbGxvdyBub3JlZmVycmVyIG5vb3BlbmVyIj48aW1nIHNyYz0iL3dwLWNvbnRlbnQvdXBsb2Fkcy8yMDI1LzAyL3NvY2lhbF9mYWNlYm9vay5zdmciPjwvYT4KICAgICAgICAgICAgICAgICAgICAgICAgICAgICAgICA8YSBocmVmPSJodHRwczovL3d3dy5pbnN0YWdyYW0uY29tL2xhdGFqYWN5dGF0YSIgcmVsPSJub2ZvbGxvdyBub3JlZmVycmVyIG5vb3BlbmVyIj48aW1nIHNyYz0iL3dwLWNvbnRlbnQvdXBsb2Fkcy8yMDI1LzAyL3NvY2lhbF9pbnN0YS5zdmciPjwvYT4gCiAgICAgICAgICAgICAgICAgICAgICAgICAgICAgICAgCiAgICAgICAgICAgIDwvZGl2PgogICAgICAgICAgICA8ZGl2IGNsYXNzPSJ0ZXN0aW1vbnRpYWxfX3N0YXJzIj4KICAgICAgICAgICAgICAgIDxpbWcgc3JjPSIvd3AtY29udGVudC91cGxvYWRzLzIwMjUvMDIvdGVzdGltb250aWFsX3N0YXIuc3ZnIj4KICAgICAgICAgICAgICAgICAgICAgICAgICAgICAgICA8aW1nIHNyYz0iL3dwLWNvbnRlbnQvdXBsb2Fkcy8yMDI1LzAyL3Rlc3RpbW9udGlhbF9zdGFyLnN2ZyI+CiAgICAgICAgICAgICAgICAgICAgICAgICAgICAgICAgICAgICAgICAgICAgICAgIDxpbWcgc3JjPSIvd3AtY29udGVudC91cGxvYWRzLzIwMjUvMDIvdGVzdGltb250aWFsX3N0YXIuc3ZnIj4KICAgICAgICAgICAgICAgICAgICAgICAgICAgICAgICAgICAgICAgICAgICAgICAgICAgICAgICAgICAgICAgIDxpbWcgc3JjPSIvd3AtY29udGVudC91cGxvYWRzLzIwMjUvMDIvdGVzdGltb250aWFsX3N0YXIuc3ZnIj4KICAgICAgICAgICAgICAgICAgICAgICAgICAgICAgICAgICAgICAgICAgICAgICAgICAgICAgICAgICAgICAgICAgICAgICAgICAgICAgICA8aW1nIHNyYz0iL3dwLWNvbnRlbnQvdXBsb2Fkcy8yMDI1LzAyL3Rlc3RpbW9udGlhbF9zdGFyLnN2ZyI+CiAgICAgICAgICAgIDwvZGl2PgogICAgICAgIDwvZGl2PgogICAgPC9kaXY+CiAgICA8ZGl2IGNsYXNzPSJ0ZXN0aW1vbnRpYWxfX2NvbnRlbnQiPgpUcmEgc2Vzc2lvbmkgZGkgYWxsZW5hbWVudG8sIGNvbXBldGl6aW9uaSBlIHBpYW5pZmljYXppb25lIGRlaSBwcm9zc2ltaSB2b2xpLCBwYXNzbyBsdW5naGUgb3JlIGFsbGEgc2NyaXZhbmlhLiBMZSBwcmVzdGF6aW9uaSBkZWxsYSBtaWEgc2VkaWEgUGFyYWRveCBzb25vIGVjY2V6aW9uYWxpIC0gaWwgc3VwcG9ydG8gZXJnb25vbWljbyBlIGwnYWRhdHRhYmlsaXTDoCBtaSBtYW50ZW5nb25vIGNvbW9kbyBlIGNvbmNlbnRyYXRvIHNpYSBxdWFuZG8gYW5hbGl6em8gbGUgY29uZGl6aW9uaSBtZXRlbywgcHJlcGFybyBzdHJhdGVnaWUgZGkgdm9sbyBvIHBhc3NvIG5vdHRpIGluc29ubmkgYSBlc2VyY2l0YXJtaSBzdWkgc2ltdWxhdG9yaSBkaSB2b2xvLiAKICAgIDwvZGl2Pgo8L2Rpdj4=[\/vc_raw_html][\/vc_column][\/vc_row][vc_row full_width=&#8221;stretch_row_content_no_spaces&#8221; el_class=&#8221;supro-container&#8221;][vc_column width=&#8221;1\/2&#8243;][vc_raw_html css=&#8221;&#8221;]PGRpdiBjbGFzcz0idGVzdGltb250aWFsIj4KICAgIDxkaXYgY2xhc3M9InRlc3RpbW9udGlhbF9fcGVyc29uIj4KICAgICAgICA8ZGl2IGNsYXNzPSJ0ZXN0aW1vbnRpYWxfX2F2YXRhciI+CiAgICAgICAgICAgIDxpbWcgc3JjPSJodHRwczovL3BhcmFkb3gyNC5jb20vd3AtY29udGVudC91cGxvYWRzLzIwMjUvMDIvZmFjZV8zLnBuZyI+CiAgICAgICAgPC9kaXY+CgogICAgICAgIDxkaXYgY2xhc3M9InRlc3RpbW9udGlhbF9fZGF0YSI+CiAgICAgICAgICAgIDxoND5JdmFuIEthYmlzaGV2PC9oND4KICAgICAgICAgICAgPHA+QWxsZW5hdG9yZSBGdW56aW9uYWxlIGUgS2V0dGxlYmVsbCAvIFBlcnNvbmFsIFRyYWluZXIsIDxicj5DYW1waW9uZSBOYXppb25hbGUgSUtNRiBkZWxsYSBNZXp6YSBNYXJhdG9uYSBLZXR0bGViZWxsPGJyPiA8L3A+CiAgICAgICAgICAgIDxkaXYgY2xhc3M9InRlc3RpbW9udGlhbF9fbGlua3MiPgogICAgICAgICAgICAgICAgIDxhIGhyZWY9Imh0dHBzOi8vd3d3Lmluc3RhZ3JhbS5jb20va2FiaXNoZXZfdmFuaWEvP2hsPXBsIiByZWw9Im5vZm9sbG93IG5vcmVmZXJyZXIgbm9vcGVuZXIiPjxpbWcgc3JjPSIvd3AtY29udGVudC91cGxvYWRzLzIwMjUvMDIvc29jaWFsX2luc3RhLnN2ZyI+PC9hPiAKICAgICAgICAgICAgICAgICAgICAgICAgICAgICAgICA8YSByZWw9Im5vZm9sbG93IG5vcmVmZXJyZXIgbm9vcGVuZXIiIGhyZWY9Imh0dHBzOi8vd3d3LmZhY2Vib29rLmNvbS9wcm9maWxlLnBocD9pZD0xMDAwMTE0NDE1ODE1MzgiPjxpbWcgc3JjPSIvd3AtY29udGVudC91cGxvYWRzLzIwMjUvMDIvc29jaWFsX2ZhY2Vib29rLnN2ZyI+PC9hPgogICAgICAgICAgICA8L2Rpdj4KICAgICAgICAgICAgPGRpdiBjbGFzcz0idGVzdGltb250aWFsX19zdGFycyI+CiAgICAgICAgICAgICAgICA8aW1nIHNyYz0iL3dwLWNvbnRlbnQvdXBsb2Fkcy8yMDI1LzAyL3Rlc3RpbW9udGlhbF9zdGFyLnN2ZyI+CiAgICAgICAgICAgICAgICAgICAgICAgICAgICAgICAgPGltZyBzcmM9Ii93cC1jb250ZW50L3VwbG9hZHMvMjAyNS8wMi90ZXN0aW1vbnRpYWxfc3Rhci5zdmciPgogICAgICAgICAgICAgICAgICAgICAgICAgICAgICAgICAgICAgICAgICAgICAgICA8aW1nIHNyYz0iL3dwLWNvbnRlbnQvdXBsb2Fkcy8yMDI1LzAyL3Rlc3RpbW9udGlhbF9zdGFyLnN2ZyI+CiAgICAgICAgICAgICAgICAgICAgICAgICAgICAgICAgICAgICAgICAgICAgICAgICAgICAgICAgICAgICAgICA8aW1nIHNyYz0iL3dwLWNvbnRlbnQvdXBsb2Fkcy8yMDI1LzAyL3Rlc3RpbW9udGlhbF9zdGFyLnN2ZyI+CiAgICAgICAgICAgICAgICAgICAgICAgICAgICAgICAgICAgICAgICAgICAgICAgICAgICAgICAgICAgICAgICAgICAgICAgICAgICAgICAgPGltZyBzcmM9Ii93cC1jb250ZW50L3VwbG9hZHMvMjAyNS8wMi90ZXN0aW1vbnRpYWxfc3Rhci5zdmciPgogICAgICAgICAgICA8L2Rpdj4KICAgICAgICA8L2Rpdj4KICAgIDwvZGl2PgogICAgPGRpdiBjbGFzcz0idGVzdGltb250aWFsX19jb250ZW50Ij4KQ29tZSBwZXJzb25hbCB0cmFpbmVyLCBjYXBpc2NvIGwnaW1wb3J0YW56YSBkaSB1bmEgcG9zdHVyYSBjb3JyZXR0YSBlIGRlbCBzdXBwb3J0byBsb21iYXJlLiBJbCBkZXNpZ24gZXJnb25vbWljbyBkZWxsYSBzZWRpYSBQYXJhZG94IMOoIGVjY2V6aW9uYWxlIC0gbWFudGllbmUgdW4gcGVyZmV0dG8gYWxsaW5lYW1lbnRvIGRlbGxhIGNvbG9ubmEgdmVydGVicmFsZSBkdXJhbnRlIGx1bmdoZSBzZXNzaW9uaSBkaSBnaW9jbyBvIG9yZSBkaSBsYXZvcm8uIEZpbmFsbWVudGUgdW5hIHNlZGlhIGRhIGdhbWluZyBjaGUgZMOgIGRhdnZlcm8gcHJpb3JpdMOgIGFsIGJlbmVzc2VyZSBmaXNpY28uICAKICAgIDwvZGl2Pgo8L2Rpdj4=[\/vc_raw_html][\/vc_column][vc_column width=&#8221;1\/2&#8243;][vc_raw_html css=&#8221;&#8221;]PGRpdiBjbGFzcz0idGVzdGltb250aWFsIj4KICAgIDxkaXYgY2xhc3M9InRlc3RpbW9udGlhbF9fcGVyc29uIj4KICAgICAgICA8ZGl2IGNsYXNzPSJ0ZXN0aW1vbnRpYWxfX2F2YXRhciI+CiAgICAgICAgICAgIDxpbWcgc3JjPSJodHRwczovL3BhcmFkb3gyNC5jb20vd3AtY29udGVudC91cGxvYWRzLzIwMjUvMDIvZmFjZV80LnBuZyI+CiAgICAgICAgPC9kaXY+CgogICAgICAgIDxkaXYgY2xhc3M9InRlc3RpbW9udGlhbF9fZGF0YSI+CiAgICAgICAgICAgIDxoND5NaWtvxYJhaiBPdmNhcmljPC9oND4KICAgICAgICAgICAgPHA+SW1wcmVuZGl0b3JlIEluc3VydGVjaCwgRm9uZGF0b3JlIGRpIE1vdmNhci5hcHA8L3A+CiAgICAgICAgICAgIDxkaXYgY2xhc3M9InRlc3RpbW9udGlhbF9fbGlua3MiPgogICAgICAgICAgICAgICAgICAgICAgICAgICAgICAgIDxhIHJlbD0ibm9mb2xsb3cgbm9yZWZlcnJlciBub29wZW5lciIgaHJlZj0iaHR0cHM6Ly93d3cubGlua2VkaW4uY29tL2luL21pa29sYWpvdmNhcmljLyI+PGltZyBzcmM9Ii93cC1jb250ZW50L3VwbG9hZHMvMjAyNS8wMi9zb2NpYWxfbGlua2VkaW4uc3ZnIj48L2E+CiAgICAgICAgICAgIDwvZGl2PgogICAgICAgICAgICA8ZGl2IGNsYXNzPSJ0ZXN0aW1vbnRpYWxfX3N0YXJzIj4KICAgICAgICAgICAgICAgIDxpbWcgc3JjPSIvd3AtY29udGVudC91cGxvYWRzLzIwMjUvMDIvdGVzdGltb250aWFsX3N0YXIuc3ZnIj4KICAgICAgICAgICAgICAgICAgICAgICAgICAgICAgICA8aW1nIHNyYz0iL3dwLWNvbnRlbnQvdXBsb2Fkcy8yMDI1LzAyL3Rlc3RpbW9udGlhbF9zdGFyLnN2ZyI+CiAgICAgICAgICAgICAgICAgICAgICAgICAgICAgICAgICAgICAgICAgICAgICAgIDxpbWcgc3JjPSIvd3AtY29udGVudC91cGxvYWRzLzIwMjUvMDIvdGVzdGltb250aWFsX3N0YXIuc3ZnIj4KICAgICAgICAgICAgICAgICAgICAgICAgICAgICAgICAgICAgICAgICAgICAgICAgICAgICAgICAgICAgICAgIDxpbWcgc3JjPSIvd3AtY29udGVudC91cGxvYWRzLzIwMjUvMDIvdGVzdGltb250aWFsX3N0YXIuc3ZnIj4KICAgICAgICAgICAgICAgICAgICAgICAgICAgICAgICAgICAgICAgICAgICAgICAgICAgICAgICAgICAgICAgICAgICAgICAgICAgICAgICA8aW1nIHNyYz0iL3dwLWNvbnRlbnQvdXBsb2Fkcy8yMDI1LzAyL3Rlc3RpbW9udGlhbF9zdGFyLnN2ZyI+CiAgICAgICAgICAgIDwvZGl2PgogICAgICAgIDwvZGl2PgogICAgPC9kaXY+CiAgICA8ZGl2IGNsYXNzPSJ0ZXN0aW1vbnRpYWxfX2NvbnRlbnQiPgpMYXZvcmFyZSB0cmEgUG9sb25pYSBlIFJvbWFuaWEgcmljaGllZGUgbHVuZ2hlIG9yZSBhbGxhIHNjcml2YW5pYS4gTGEgc2VkaWEgUGFyYWRveCBjb21iaW5hIGNvbWZvcnQgZSBzb2Zpc3RpY2F0ZXp6YSAtIHBlcmZldHRhIHNpYSBwZXIgaW50ZW5zZSBzZXNzaW9uaSBkaSBsYXZvcm8gY2hlIHBlciB2aWRlb2NoaWFtYXRlIHByb2Zlc3Npb25hbGkuIExhIHF1YWxpdMOgIGNvc3RydXR0aXZhIMOoIGltcHJlc3Npb25hbnRlIGUgbGUgZnVuemlvbmkgZGkgcmVnb2xhemlvbmUgc29ubyBlc2F0dGFtZW50ZSBjacOyIGRpIGN1aSBhdmV2byBiaXNvZ25vLiAgCiAgICA8L2Rpdj4KPC9kaXY+[\/vc_raw_html][\/vc_column][\/vc_row][vc_row full_width=&#8221;stretch_row_content_no_spaces&#8221; el_class=&#8221;supro-container&#8221;][vc_column width=&#8221;1\/2&#8243;][vc_raw_html css=&#8221;&#8221;]PGRpdiBjbGFzcz0idGVzdGltb250aWFsIj4KICAgIDxkaXYgY2xhc3M9InRlc3RpbW9udGlhbF9fcGVyc29uIj4KICAgICAgICA8ZGl2IGNsYXNzPSJ0ZXN0aW1vbnRpYWxfX2F2YXRhciI+CiAgICAgICAgICAgIDxpbWcgc3JjPSJodHRwczovL3BhcmFkb3gyNC5jb20vd3AtY29udGVudC91cGxvYWRzLzIwMjUvMDIvZmFjZV81LnBuZyI+CiAgICAgICAgPC9kaXY+CgogICAgICAgIDxkaXYgY2xhc3M9InRlc3RpbW9udGlhbF9fZGF0YSI+CiAgICAgICAgICAgIDxoND5Sb2JlcnQgWmllbWJhPC9oND4KICAgICAgICAgICAgPHA+RGlyZXR0b3JlIEZpbmFuemlhcmlvLCBBZ2VuemlhIGRpIENvbXVuaWNhemlvbmUgV2FsazwvcD4KICAgICAgICAgICAgPGRpdiBjbGFzcz0idGVzdGltb250aWFsX19saW5rcyI+CiAgICAgICAgICAgICAgICAgICAgICAgICAgICAgICAgPGEgcmVsPSJub2ZvbGxvdyBub3JlZmVycmVyIG5vb3BlbmVyIiBocmVmPSJodHRwczovL3d3dy5saW5rZWRpbi5jb20vaW4vcm9iZXJ0LXppZW1iYS05NzAzMGEvIj48aW1nIHNyYz0iL3dwLWNvbnRlbnQvdXBsb2Fkcy8yMDI1LzAyL3NvY2lhbF9saW5rZWRpbi5zdmciPjwvYT4KICAgICAgICAgICAgPC9kaXY+CiAgICAgICAgICAgIDxkaXYgY2xhc3M9InRlc3RpbW9udGlhbF9fc3RhcnMiPgogICAgICAgICAgICAgICAgPGltZyBzcmM9Ii93cC1jb250ZW50L3VwbG9hZHMvMjAyNS8wMi90ZXN0aW1vbnRpYWxfc3Rhci5zdmciPgogICAgICAgICAgICAgICAgICAgICAgICAgICAgICAgIDxpbWcgc3JjPSIvd3AtY29udGVudC91cGxvYWRzLzIwMjUvMDIvdGVzdGltb250aWFsX3N0YXIuc3ZnIj4KICAgICAgICAgICAgICAgICAgICAgICAgICAgICAgICAgICAgICAgICAgICAgICAgPGltZyBzcmM9Ii93cC1jb250ZW50L3VwbG9hZHMvMjAyNS8wMi90ZXN0aW1vbnRpYWxfc3Rhci5zdmciPgogICAgICAgICAgICAgICAgICAgICAgICAgICAgICAgICAgICAgICAgICAgICAgICAgICAgICAgICAgICAgICAgPGltZyBzcmM9Ii93cC1jb250ZW50L3VwbG9hZHMvMjAyNS8wMi90ZXN0aW1vbnRpYWxfc3Rhci5zdmciPgogICAgICAgICAgICAgICAgICAgICAgICAgICAgICAgICAgICAgICAgICAgICAgICAgICAgICAgICAgICAgICAgICAgICAgICAgICAgICAgIDxpbWcgc3JjPSIvd3AtY29udGVudC91cGxvYWRzLzIwMjUvMDIvdGVzdGltb250aWFsX3N0YXIuc3ZnIj4KICAgICAgICAgICAgPC9kaXY+CiAgICAgICAgPC9kaXY+CiAgICA8L2Rpdj4KICAgIDxkaXYgY2xhc3M9InRlc3RpbW9udGlhbF9fY29udGVudCI+CkluIGZpbmFuemEsIGwnYXR0ZW56aW9uZSBhaSBkZXR0YWdsaSDDqCB0dXR0by4gQXBwcmV6em8gY29tZSBQYXJhZG94IHBvcnRpIGxhIHN0ZXNzYSBwcmVjaXNpb25lIG5lbGxlIGxvcm8gc2VkaWUuIEkgbWF0ZXJpYWxpIHByZW1pdW0gZSBpbCBkZXNpZ24gYXR0ZW50byBuZSBmYW5ubyB1biBpbnZlc3RpbWVudG8gY2hlIHZhbGUgbGEgcGVuYS4gSGEgbWlnbGlvcmF0byBzaWEgbGEgbWlhIGVzcGVyaWVuemEgZGkgZ2lvY28gY2hlIGxhIHByb2R1dHRpdml0w6AgbGF2b3JhdGl2YS4gICAKICAgIDwvZGl2Pgo8L2Rpdj4=[\/vc_raw_html][\/vc_column][vc_column width=&#8221;1\/2&#8243;][vc_raw_html css=&#8221;&#8221;]PGRpdiBjbGFzcz0idGVzdGltb250aWFsIj4KICAgIDxkaXYgY2xhc3M9InRlc3RpbW9udGlhbF9fcGVyc29uIj4KICAgICAgICA8ZGl2IGNsYXNzPSJ0ZXN0aW1vbnRpYWxfX2F2YXRhciI+CiAgICAgICAgICAgIDxpbWcgc3JjPSJodHRwczovL3BhcmFkb3gyNC5jb20vd3AtY29udGVudC91cGxvYWRzLzIwMjUvMDIvZmFjZV82LnBuZyI+CiAgICAgICAgPC9kaXY+CgogICAgICAgIDxkaXYgY2xhc3M9InRlc3RpbW9udGlhbF9fZGF0YSI+CiAgICAgICAgICAgIDxoND5XaWVzxYJhdyBNYWNoZXJ6ecWEc2tpPC9oND4KICAgICAgICAgICAgPHA+SW1wcmVuZGl0b3JlLCBDby1wcm9wcmlldGFyaW8gZGkgTGFiRmFybSBlIEdyYW50U3BvdDwvcD4KICAgICAgICAgICAgPGRpdiBjbGFzcz0idGVzdGltb250aWFsX19saW5rcyI+CiAgICAgICAgICAgICAgICAgICAgICAgICAgICAgICAgPGEgcmVsPSJub2ZvbGxvdyBub3JlZmVycmVyIG5vb3BlbmVyIiBocmVmPSJodHRwczovL3d3dy5saW5rZWRpbi5jb20vaW4vd2llc2xhdy1tYWNoZXJ6eW5za2ktMTIwNzQ1YTQvIj48aW1nIHNyYz0iL3dwLWNvbnRlbnQvdXBsb2Fkcy8yMDI1LzAyL3NvY2lhbF9saW5rZWRpbi5zdmciPjwvYT4KICAgICAgICAgICAgPC9kaXY+CiAgICAgICAgICAgIDxkaXYgY2xhc3M9InRlc3RpbW9udGlhbF9fc3RhcnMiPgogICAgICAgICAgICAgICAgPGltZyBzcmM9Ii93cC1jb250ZW50L3VwbG9hZHMvMjAyNS8wMi90ZXN0aW1vbnRpYWxfc3Rhci5zdmciPgogICAgICAgICAgICAgICAgICAgICAgICAgICAgICAgIDxpbWcgc3JjPSIvd3AtY29udGVudC91cGxvYWRzLzIwMjUvMDIvdGVzdGltb250aWFsX3N0YXIuc3ZnIj4KICAgICAgICAgICAgICAgICAgICAgICAgICAgICAgICAgICAgICAgICAgICAgICAgPGltZyBzcmM9Ii93cC1jb250ZW50L3VwbG9hZHMvMjAyNS8wMi90ZXN0aW1vbnRpYWxfc3Rhci5zdmciPgogICAgICAgICAgICAgICAgICAgICAgICAgICAgICAgICAgICAgICAgICAgICAgICAgICAgICAgICAgICAgICAgPGltZyBzcmM9Ii93cC1jb250ZW50L3VwbG9hZHMvMjAyNS8wMi90ZXN0aW1vbnRpYWxfc3Rhci5zdmciPgogICAgICAgICAgICAgICAgICAgICAgICAgICAgICAgICAgICAgICAgICAgICAgICAgICAgICAgICAgICAgICAgICAgICAgICAgICAgICAgIDxpbWcgc3JjPSIvd3AtY29udGVudC91cGxvYWRzLzIwMjUvMDIvdGVzdGltb250aWFsX3N0YXIuc3ZnIj4KICAgICAgICAgICAgPC9kaXY+CiAgICAgICAgPC9kaXY+CiAgICA8L2Rpdj4KICAgIDxkaXYgY2xhc3M9InRlc3RpbW9udGlhbF9fY29udGVudCI+Ckdlc3RpcmUgcGnDuSBhemllbmRlIHNpZ25pZmljYSBwYXNzYXJlIGlubnVtZXJldm9saSBvcmUgaW4gcGlhbmlmaWNhemlvbmUgc3RyYXRlZ2ljYSBlIHJpdW5pb25pIHZpcnR1YWxpLiBMYSBzZWRpYSBQYXJhZG94IGJpbGFuY2lhIHBlcmZldHRhbWVudGUgbCdlc3RldGljYSBwcm9mZXNzaW9uYWxlIGNvbiB1biBjb21mb3J0IGVjY2V6aW9uYWxlIC0gbGUgc3VlIGZ1bnppb25pIGVyZ29ub21pY2hlIGF2YW56YXRlIG1pIHN1cHBvcnRhbm8gZHVyYW50ZSBsdW5naGUgc2Vzc2lvbmkgZGVjaXNpb25hbGkgZSBpbnRlbnNlIHBhdXNlIGRpIGdpb2NvLiDDiCB1bm8gc3RydW1lbnRvIHNlcmlvIGNoZSBub24gc2NlbmRlIGEgY29tcHJvbWVzc2kgc3Ugc3RpbGUsIGZ1bnppb25hbGl0w6AgbyB2ZXJzYXRpbGl0w6AuICAKICAgIDwvZGl2Pgo8L2Rpdj4=[\/vc_raw_html][\/vc_column][\/vc_row][vc_row full_width=&#8221;stretch_row_content_no_spaces&#8221; el_class=&#8221;supro-container&#8221; css=&#8221;.vc_custom_1758227177793{margin-bottom: 25px !important;}&#8221;][vc_column][vc_raw_html css=&#8221;&#8221;]PGgyIGNsYXNzPSJjb250ZW50LWhlYWRlciI+UmVjZW5zaW9uaSBlIHJhc3NlZ25hIHN0YW1wYTwvaDI+[\/vc_raw_html][testimontial_review review=&#8221;\u201eCome appassionato di design pratico, sono rimasto piacevolmente sorpreso dalla qualit\u00e0 della sedia da gaming Paradox Ulitimate. Si adatta perfettamente al mio spazio di lavoro e offre un ottimo supporto durante le lunghe ore di utilizzo. \u00c8 bello trovare una sedia da gaming accessibile che combini comfort e un aspetto elegante.\u201d  &#8221; author=&#8221;Alexis Prieto&#8221; stats=&#8221;191.000 iscritti&#8221; header=&#8221;Guarda la recensione di Ultimate Lunar Trace di Alexis Prieto su Youtube&#8221; action_name=&#8221;Guarda il video&#8221; action_url=&#8221;https:\/\/www.youtube.com\/watch?v=yQZF2XwK89c&#8221; author_image=&#8221;19944&#8243; stars_image=&#8221;19908&#8243; background_image=&#8221;19917&#8243; play_image=&#8221;19926&#8243; flag_image=&#8221;19935&#8243;][testimontial_review review=&#8221;\u201eCome amante del design pratico, sono rimasto molto sorpreso dalla qualit\u00e0 della sedia da gaming Paradox Ultimate Black Raven. Si adatta perfettamente al mio ufficio e offre un supporto eccellente durante le lunghe ore di lavoro. \u00c8 bello trovare una sedia da gaming a un prezzo accessibile che unisca comfort e un aspetto elegante.\u201d  &#8221; author=&#8221;CHIP Polska&#8221; stats=&#8221;12.100 iscritti&#8221; header=&#8221;Ultimate Black Raven recensito dal team CHIP su Youtube&#8221; action_name=&#8221;Guarda il video&#8221; action_url=&#8221;https:\/\/www.youtube.com\/watch?v=WTlwHwej9C0&#8243; author_image=&#8221;20087&#8243; stars_image=&#8221;19908&#8243; background_image=&#8221;20033&#8243; play_image=&#8221;19926&#8243; flag_image=&#8221;20105&#8243;][testimontial_review review=&#8221;\u201cIl mercato delle sedie da gaming oggi assomiglia a un grande mercato pieno di insegne sgargianti, colori al neon e promesse da cataloghi dei sogni di ogni giocatore. In teoria abbiamo tutto: design aggressivo, supporti, regolazioni, beh, a volte compare anche l&#039;illuminazione RGB, come se dovesse alleggerire la colonna vertebrale.\u201d&#8221; header=&#8221;Leggi la recensione di Ultimate Black Raven sul sito web di CHIP Polska&#8221; action_name=&#8221;Leggi la recensione completa&#8221; action_url=&#8221;https:\/\/www.chip.pl\/2025\/05\/paradox-ultimate-black-raven-recenzja&#8221; author_image=&#8221;20087&#8243; stars_image=&#8221;19908&#8243; background_image=&#8221;20024&#8243; play_image=&#8221;20117&#8243; flag_image=&#8221;20105&#8243;][testimontial_review review=&#8221;\u201cMolte volte vi abbiamo detto che la sedia \u00e8 diventata una periferica in pi\u00f9 nell&#039;ecosistema del PC, ed \u00e8 anche una delle pi\u00f9 importanti perch\u00e9, dopo tutto, passiamo molte ore seduti e avere una buona sedia \u00e8 essenziale per non avere dolori e fastidi in seguito. Oggi vi presentiamo l&#039;analisi della Paradox Ultimate nel suo modello Black Raven (hanno diversi design molto belli tra cui scegliere), una sedia che si vanta di fornire la massima qualit\u00e0 e una grande ergonomia con un design minimalista e sobrio.\u201d&#8221; header=&#8221;La recensione di Ultimate Black Raven sul sito web di Hard Zone&#8221; action_name=&#8221;Leggi la recensione completa&#8221; action_url=&#8221;https:\/\/hardzone.es\/reviews\/perifericos\/paradox-ultimate-black-raven\/&#8221; author_image=&#8221;20127&#8243; stars_image=&#8221;19908&#8243; background_image=&#8221;20015&#8243; play_image=&#8221;20117&#8243; flag_image=&#8221;19935&#8243;][testimontial_review review=&#8221;\u201cParadox Commander Sunrise Hero ha un&#039;estetica ispirata alla fantascienza, un design audace e coinvolgente ispirato a una poltrona da comandante. Combina una silhouette drammatica con una palette di colori terrosi e raffinata. Dotata di un comfort ergonomico con un carattere unico e un equilibrio tra estetica audace e qualit\u00e0.\u201d&#8221; header=&#8221;L&#039;opinione su Commander Sunrise Hero&#8221; action_name=&#8221;Leggi la recensione completa&#8221; action_url=&#8221;https:\/\/www.nextplayer.it\/paradox-sedia-gaming-serie-commander-recensione\/&#8221; author_image=&#8221;20078&#8243; stars_image=&#8221;19908&#8243; background_image=&#8221;20006&#8243; play_image=&#8221;20117&#8243; flag_image=&#8221;20096&#8243;][testimontial_review review=&#8221;\u201cLa classifica delle sedie da gaming ti presenter\u00e0 i modelli pi\u00f9 comodi e resistenti. Su ognuna di esse potrai sederti per molte ore senza sentirti a disagio, potendo ottenere risultati migliori nei giochi. Guarda la mia classifica aggiornata con le recensioni e scegli qualcosa per te!\u201d&#8221; header=&#8221;Tre delle nostre sedie tra le migliori sedie da gaming del 2025 secondo Prorankingi.pl&#8221; action_name=&#8221;Leggi la recensione completa&#8221; action_url=&#8221;https:\/\/www.prorankingi.pl\/rankingi\/dla-graczy\/fotele-dla-graczy\/&#8221; author_image=&#8221;20069&#8243; stars_image=&#8221;19908&#8243; background_image=&#8221;20139&#8243; play_image=&#8221;20117&#8243; flag_image=&#8221;20105&#8243;][testimontial_review review=&#8221;\u201cMolte sedie da gaming o ergonomiche sono probabilmente comode, ma si presentano, secondo la mia opinione, o scadenti o troppo futuristiche. Non sono di mio gusto. Paradox Ultimate Black Raven \u00e8 equilibrata. Sia elegante che pratica. Non sembra un giocattolo nella stanza di un adolescente.\u201d&#8221; header=&#8221;Cosa pensano di Ultimate Black Raven in Programista&#8221; action_name=&#8221;Leggi la recensione completa&#8221; action_url=&#8221;https:\/\/programistamag.pl\/fotel-paradox-ultimate-black-raven-opinia-pisana-na-siedzaco\/&#8221; author_image=&#8221;20060&#8243; stars_image=&#8221;19908&#8243; background_image=&#8221;19988&#8243; play_image=&#8221;20117&#8243; flag_image=&#8221;20105&#8243;][testimontial_review review=&#8221;\u201cParadox Ultimate Black Raven \u00e8 una posizione interessante nel mercato delle sedie ergonomiche, non solo per i giocatori. Il modello si presenta in modo molto elegante e allo stesso tempo offre l&#039;accesso a molte opzioni che ne consentono la regolazione. Ma come si comporta nella pratica? Scopriremo tutto da questo materiale.\u201d&#8221; header=&#8221;La recensione di Ultimate Black Raven in Pure PC&#8221; action_name=&#8221;Leggi la recensione completa&#8221; action_url=&#8221;https:\/\/www.purepc.pl\/recenzja-paradox-ultimate-black-raven-elegancki-ergonomiczny-fotel-o-naprawde-duzych-mozliwosciach-sprawdz-co-oferuje&#8221; author_image=&#8221;20051&#8243; stars_image=&#8221;19908&#8243; background_image=&#8221;19979&#8243; play_image=&#8221;20117&#8243; flag_image=&#8221;20105&#8243;][testimontial_review review=&#8221;\u201cParadox Commander Obsidian Blade \u00e8 una sedia che unisce un ottimo aspetto, funzionalit\u00e0 e una realizzazione molto solida. Non \u00e8 solo un mobile per giocare, ma \u00e8 adatta anche come sedia per lavorare o studiare, soprattutto per le persone che trascorrono molte ore alla scrivania.\u201d&#8221; header=&#8221;Commander Obsidian Blade recensita da ChairPC&#8221; action_name=&#8221;Leggi la recensione completa&#8221; action_url=&#8221;https:\/\/chairpc.pl\/recenzje\/recenzja-paradox-commander-obsidian-blade\/&#8221; author_image=&#8221;20042&#8243; stars_image=&#8221;19908&#8243; background_image=&#8221;19970&#8243; play_image=&#8221;20117&#8243; flag_image=&#8221;20105&#8243;][\/vc_column][\/vc_row][vc_row full_width=&#8221;stretch_row_content_no_spaces&#8221; el_class=&#8221;supro-container&#8221; css=&#8221;.vc_custom_1739055726667{background-color: #6461FC !important;}&#8221;][vc_column][vc_raw_html css=&#8221;&#8221;]PGgyIGNsYXNzPSJjb250ZW50LWhlYWRlciBjb250ZW50LWhlYWRlci0td2hpdGUiPkRpZXRybyBsZSBxdWludGU8L2gyPjxkaXYgY2xhc3M9ImNvbnRlbnQtdmlkZW8iPjx2aWRlbyB3aWR0aD0iNDA1IiBoZWlnaHQ9IjcyMCIgY29udHJvbHM9IiIgYXV0b3BsYXk9IiIgbG9vcD0iIiBtdXRlZD0iIj4KPHNvdXJjZSB0eXBlPSJ2aWRlby9tcDQiIHNyYz0iL3dwLWNvbnRlbnQvdXBsb2Fkcy8yMDI1LzAyL2JlaGluZF9zY2Vucy5tcDQiPgpJbCB0dW8gYnJvd3NlciBub24gc3VwcG9ydGEgaWwgdGFnIHZpZGVvLjwvc291cmNlPjwvdmlkZW8+PC9kaXY+[\/vc_raw_html][\/vc_column][\/vc_row][vc_row full_width=&#8221;stretch_row_content_no_spaces&#8221; el_class=&#8221;supro-container&#8221;][vc_column][vc_raw_html css=&#8221;&#8221;]PGRpdiBjbGFzcz0idHJ1c3RlZHNob3BzIj4KICAgIDxkaXYgY2xhc3M9InRydXN0ZWRzaG9wc19fY29udGVudCI+CiAgICAgICAgPGltZyBzcmM9Imh0dHBzOi8vcGFyYWRveDI0LmNvbS93cC1jb250ZW50L3VwbG9hZHMvMjAyNS8wMi9leUp3WVhSb0lqb2lkSEoxYzNSbFpDMXphRzl3YzF3dlptbHNaVnd2T1VWTlkyMHlia2huYWxSdWFXdFhhSGg1WkVzdWNHNW5JbjBfdHJ1c3RlZC1zaG9wc19TS1p5WkJJYlVjc1c1UDV2cGM5SW9aSVA0dHRRaWJ6X0Jncm9KaDNmSFVjLTEucG5nIj4KICAgICAgICA8aDM+Q2VydGlmaWNhdG8gZGEgVHJ1c3RlZCBTaG9wczwvaDM+CiAgICAgICAgPHA+SWwgdHVvIGFjcXVpc3RvIMOoIHByb3RldHRvIGRhbCA8c3Ryb25nPm1hcmNoaW8gZGkgZmlkdWNpYSBsZWFkZXIgaW4gRXVyb3BhPC9zdHJvbmc+PC9wPgogICAgPC9kaXY+CiAgICAKICAgICAgICA8ZGl2IGNsYXNzPSJ0cnVzdGVkc2hvcHNfX2NvbnRlbnQiPgogICAgICAgIDxpbWcgc3JjPSJodHRwczovL3BhcmFkb3gyNC5jb20vd3AtY29udGVudC91cGxvYWRzLzIwMjUvMDIvZXlKd1lYUm9Jam9pZEhKMWMzUmxaQzF6YUc5d2Mxd3ZabWxzWlZ3dk9VVk5ZMjB5YmtobmFsUnVhV3RYYUhoNVpFc3VjRzVuSW4wX3RydXN0ZWQtc2hvcHNfU0taeVpCSWJVY3NXNVA1dnBjOUlvWklQNHR0UWliel9CZ3JvSmgzZkhVYy0xLnBuZyI+CiAgICAgICAgPGgzPlByb3RlemlvbmUgZGVsbCdhY3F1aXJlbnRlIGZpbm8gYSDigqwyLjUwMDwvaDM+CiAgICAgICAgPHA+SWwgdHVvIGFjcXVpc3RvIMOoIHByb3RldHRvIGRhbGxhIDxzdHJvbmc+Z2FyYW56aWEgZGkgVHJ1c3RlZCBTaG9wczwvc3Ryb25nPjwvcD4KICAgIDwvZGl2PgogICAgCiAgICAgICAgPGRpdiBjbGFzcz0idHJ1c3RlZHNob3BzX19jb250ZW50Ij4KICAgICAgICA8aW1nIHNyYz0iaHR0cHM6Ly9wYXJhZG94MjQuY29tL3dwLWNvbnRlbnQvdXBsb2Fkcy8yMDI1LzAyL2V5SndZWFJvSWpvaWRISjFjM1JsWkMxemFHOXdjMXd2Wm1sc1pWd3ZPVVZOWTIweWJraG5hbFJ1YVd0WGFIaDVaRXN1Y0c1bkluMF90cnVzdGVkLXNob3BzX1NLWnlaQkliVWNzVzVQNXZwYzlJb1pJUDR0dFFpYnpfQmdyb0poM2ZIVWMtMS5wbmciPgogICAgICAgIDxoMz5SZWNlbnNpb25pIFZlcmlmaWNhdGU8L2gzPgogICAgICAgIDxwPlR1dHRlIGxlIHJlY2Vuc2lvbmkgcHJvdmVuZ29ubyBkYSBhY3F1aXN0aSB2ZXJpZmljYXRpLCBnYXJhbnRlbmRvIGZlZWRiYWNrIGF1dGVudGljaS48L3A+CiAgICA8L2Rpdj4KPC9kaXY+[\/vc_raw_html][\/vc_column][\/vc_row]<\/p>\n<\/div>","protected":false},"excerpt":{"rendered":"<p>Recensioni e Testimonianze Paradox24. Leggi cosa dicono i clienti delle nostre sedie ergonomiche e gaming. Recensioni verificate TrustedShops. Vedi foto reali e esperienze dei proprietari di sedie Paradox in tutta Europa.<\/p>\n","protected":false},"author":1,"featured_media":0,"parent":0,"menu_order":0,"comment_status":"closed","ping_status":"closed","template":"template-fullwidth.php","meta":{"footnotes":""},"class_list":["post-13294","page","type-page","status-publish","hentry","no-thumb"],"_links":{"self":[{"href":"https:\/\/paradox24.com\/it\/wp-json\/wp\/v2\/pages\/13294","targetHints":{"allow":["GET"]}}],"collection":[{"href":"https:\/\/paradox24.com\/it\/wp-json\/wp\/v2\/pages"}],"about":[{"href":"https:\/\/paradox24.com\/it\/wp-json\/wp\/v2\/types\/page"}],"author":[{"embeddable":true,"href":"https:\/\/paradox24.com\/it\/wp-json\/wp\/v2\/users\/1"}],"replies":[{"embeddable":true,"href":"https:\/\/paradox24.com\/it\/wp-json\/wp\/v2\/comments?post=13294"}],"version-history":[{"count":14,"href":"https:\/\/paradox24.com\/it\/wp-json\/wp\/v2\/pages\/13294\/revisions"}],"predecessor-version":[{"id":30920,"href":"https:\/\/paradox24.com\/it\/wp-json\/wp\/v2\/pages\/13294\/revisions\/30920"}],"wp:attachment":[{"href":"https:\/\/paradox24.com\/it\/wp-json\/wp\/v2\/media?parent=13294"}],"curies":[{"name":"wp","href":"https:\/\/api.w.org\/{rel}","templated":true}]}}