{"id":12651,"date":"2024-07-25T08:58:12","date_gmt":"2024-07-25T07:58:12","guid":{"rendered":"https:\/\/paradox24.com\/politica-di-rimborso\/"},"modified":"2026-01-12T21:33:08","modified_gmt":"2026-01-12T20:33:08","slug":"politica-di-rimborso","status":"publish","type":"page","link":"https:\/\/paradox24.com\/it\/politica-di-rimborso\/","title":{"rendered":"Politica di rimborso"},"content":{"rendered":"<div class=\"wpb-content-wrapper\"><p>[vc_row][vc_column][vc_column_text css=&#8221;&#8221;]<\/p>\n<p>Abbiamo una politica di restituzione di 100 giorni, il che significa che hai 100 giorni di tempo dalla ricezione dell&#8217;articolo per richiedere un rimborso.<\/p>\n<p>Per avviare un reso, contattaci all&#8217;indirizzo <a href=\"mailto:hello@paradox24.com\">hello@paradox24.com<\/a>. Si prega di notare che i resi devono essere spediti al seguente indirizzo: Omnipack Fulfillment Center, sala DC04 dock 55, Aleja Katowicka 66, 05-830 Nadarzyn.<\/p>\n<p>Se il tuo reso viene accettato, ti invieremo un&#8217;etichetta di spedizione per il reso e le istruzioni su come e dove spedire il tuo pacco. Gli articoli che ci vengono restituiti senza previa richiesta di reso non saranno accettati.<\/p>\n<p>Puoi sempre contattarci per qualsiasi domanda sui resi a <a href=\"mailto:hello@paradox24.com\">hello@paradox24.com<\/a><\/p>\n<p><strong>Danni e problemi<\/strong><br \/>Si prega di controllare l&#8217;ordine al momento della ricezione e di contattarci immediatamente se l&#8217;articolo \u00e8 difettoso, danneggiato o se si riceve l&#8217;articolo sbagliato, in modo che possiamo valutare il problema e risolverlo.<\/p>\n<p><strong>Eccezioni \/ articoli non restituibili<\/strong><br \/>Alcuni tipi di articoli non possono essere restituiti, come i beni deperibili (come cibo, fiori o piante), i prodotti personalizzati (come ordini speciali o articoli personalizzati) e i prodotti per la cura personale (come i prodotti di bellezza). Inoltre, non accettiamo resi di materiali pericolosi, liquidi infiammabili o gas. Si prega di mettersi in contatto con noi in caso di domande o dubbi sul proprio articolo specifico.<\/p>\n<p><strong>Cambi<\/strong><br \/>Il modo pi\u00f9 rapido per assicurarsi di ottenere ci\u00f2 che si desidera \u00e8 restituire l&#8217;articolo che si ha e, una volta accettato il reso, effettuare un acquisto separato per il nuovo articolo.<\/p>\n<p><strong>Diritto di recesso di 14 giorni nell&#8217;Unione Europea<\/strong><br \/>Nonostante quanto sopra, se la merce viene spedita nell&#8217;Unione Europea, hai il diritto di annullare o restituire l&#8217;ordine entro 14 giorni, per qualsiasi motivo e senza giustificazione.<\/p>\n<p>[\/vc_column_text][\/vc_column][\/vc_row]<\/p>\n<\/div>","protected":false},"excerpt":{"rendered":"<p>[vc_row][vc_column][vc_column_text css=&#8221;&#8221;] Abbiamo una politica di restituzione di 100 giorni, il che significa che hai 100 giorni di tempo dalla ricezione dell&#8217;articolo per richiedere un rimborso. Per avviare un reso, contattaci all&#8217;indirizzo hello@paradox24.com. Si prega di notare che i resi devono essere spediti al seguente indirizzo: Omnipack Fulfillment Center, sala DC04 dock 55, Aleja Katowicka [&hellip;]<\/p>\n","protected":false},"author":2,"featured_media":0,"parent":0,"menu_order":0,"comment_status":"closed","ping_status":"closed","template":"","meta":{"footnotes":""},"class_list":["post-12651","page","type-page","status-publish","hentry","no-thumb"],"_links":{"self":[{"href":"https:\/\/paradox24.com\/it\/wp-json\/wp\/v2\/pages\/12651","targetHints":{"allow":["GET"]}}],"collection":[{"href":"https:\/\/paradox24.com\/it\/wp-json\/wp\/v2\/pages"}],"about":[{"href":"https:\/\/paradox24.com\/it\/wp-json\/wp\/v2\/types\/page"}],"author":[{"embeddable":true,"href":"https:\/\/paradox24.com\/it\/wp-json\/wp\/v2\/users\/2"}],"replies":[{"embeddable":true,"href":"https:\/\/paradox24.com\/it\/wp-json\/wp\/v2\/comments?post=12651"}],"version-history":[{"count":7,"href":"https:\/\/paradox24.com\/it\/wp-json\/wp\/v2\/pages\/12651\/revisions"}],"predecessor-version":[{"id":26985,"href":"https:\/\/paradox24.com\/it\/wp-json\/wp\/v2\/pages\/12651\/revisions\/26985"}],"wp:attachment":[{"href":"https:\/\/paradox24.com\/it\/wp-json\/wp\/v2\/media?parent=12651"}],"curies":[{"name":"wp","href":"https:\/\/api.w.org\/{rel}","templated":true}]}}