{"id":26307,"date":"2024-10-21T12:30:38","date_gmt":"2024-10-21T11:30:38","guid":{"rendered":"https:\/\/paradox24.com\/product\/paradox-vanguard-red-runiq-fabric\/"},"modified":"2026-04-30T11:38:43","modified_gmt":"2026-04-30T10:38:43","slug":"paradox-vanguard-red-runiq-fabric","status":"publish","type":"product","link":"https:\/\/paradox24.com\/hu\/termek\/paradox-vanguard-red-runiq-fabric\/","title":{"rendered":"Paradox Vanguard Gamer Sz\u00e9k, Piros Runiq Sz\u00f6vet"},"content":{"rendered":"<div class=\"wpb-content-wrapper\"><p>[vc_row full_width=&#8221;stretch_row_content_no_spaces&#8221;][vc_column][product_info text_color=&#8221;product-info&#8211;white&#8221; text_position=&#8221;product-info__content&#8211;left&#8221; header=&#8221;Paradox Vanguard&#8221; text_1=&#8221;A teljes\u00edtm\u00e9ny v\u00e1laszt\u00e1sa&#8221; main_image=&#8221;18125&#8243; mobile_image=&#8221;18260&#8243;][\/product_info][product_element position=&#8221;left&#8221; header=&#8221;Min\u0151s\u00e9g mindv\u00e9gig&#8221; images=&#8221;18269&#8243;]<span style=\"font-weight: 400\">Az AeroDur\u2122 sz\u00f6vet t\u00f6k\u00e9letes v\u00e1laszt\u00e1s j\u00e1t\u00e9ksz\u00e9khez: rendk\u00edv\u00fcl tart\u00f3s (Martindale tesztek 50 000 ciklus felett), extra l\u00e9g\u00e1tereszt\u0151 \u00e9s eleg\u00e1ns megjelen\u00e9s\u0171. A b\u00e1rsony bet\u00e9tek sportos \u00e9rzetet ny\u00fajtanak, ak\u00e1rcsak a jellegzetes kontrasztvarr\u00e1s, mely versenyaut\u00f3kra vagy pr\u00e9mium divatkieg\u00e9sz\u00edt\u0151kre eml\u00e9keztet.   <\/span>[\/product_element][product_element header=&#8221;Der\u00e9kt\u00e1masz p\u00e1rna&#8221; images=&#8221;18251&#8243;]A Vanguard sorozat der\u00e9kt\u00e1mogat\u00f3 p\u00e1rn\u00e1val rendelkezik, amely igaz\u00edtja a gerincedet \u00e9s enyh\u00edti az als\u00f3 h\u00e1ti fesz\u00fclts\u00e9get. Reszponz\u00edv mem\u00f3riahabb\u00f3l k\u00e9sz\u00fclt \u00e9s sz\u00ednben passzol\u00f3 b\u00e1rsonyba burkolva, z\u00f6kken\u0151mentesen \u00f6tv\u00f6zi az ergon\u00f3mikus t\u00e1mogat\u00e1st az eszt\u00e9tikai kifinomults\u00e1ggal.[\/product_element][product_info main_image=&#8221;18242&#8243; mobile_image=&#8221;18233&#8243;][\/product_info][product_element position=&#8221;left&#8221; header=&#8221;\u00c1ll\u00edthat\u00f3 magass\u00e1g\u00fa \u00fcl\u00e9s&#8221; images=&#8221;18224&#8243;]T\u00f6k\u00e9letesen illeszkedik a 165 \u00e9s 185 cm k\u00f6z\u00f6tti magass\u00e1g\u00fa szem\u00e9lyekhez, teljesen \u00e1ll\u00edthat\u00f3 \u00fcl\u00e9s\u00fcnk egyedi illeszked\u00e9st biztos\u00edt. A fejlett TitanCore pneumatikus mechanizmus k\u00f6nnyed magass\u00e1g\u00e1ll\u00edt\u00e1st tesz lehet\u0151v\u00e9: egyszer\u0171en h\u00fazd meg a kart \u00e9s emeld meg kiss\u00e9 az \u00fcl\u00e9st, vagy nyomd le \u00fclve, hogy lejjebb engedd. K\u00f6nnyed\u00e9n el\u00e9rheted az ide\u00e1lis ergon\u00f3mikus poz\u00edci\u00f3t \u2013 a t\u00e9rdednek 90 fokos sz\u00f6get kell alkotnia, \u00e9s a k\u00f6ny\u00f6k\u00f6dnek k\u00e9nyelmesen kell pihennie 90 fokos sz\u00f6gben az asztalodon. Helyezd el\u0151t\u00e9rbe a k\u00f6ny\u00f6k\u00f6d poz\u00edci\u00f3j\u00e1t a k\u00e9nyelem \u00e9s a produktivit\u00e1s optimaliz\u00e1l\u00e1s\u00e1hoz.[\/product_element][product_element header=&#8221;Testreszabhat\u00f3 h\u00e1tt\u00e1mla poz\u00edci\u00f3k, eg\u00e9szen fekv\u0151 helyzetig&#8221; images=&#8221;18215&#8243;]\u00c1ll\u00edtsd be \u00e9s r\u00f6gz\u00edtsd a h\u00e1tt\u00e1ml\u00e1t n\u00e9gy poz\u00edci\u00f3ban \u2013 az egyenes, f\u00f3kusz\u00e1lt tart\u00e1st\u00f3l a laza h\u00e1trad\u0151l\u00e9sig. V\u00e1ltoztasd szabadon a poz\u00edci\u00f3dat a nap folyam\u00e1n, hogy izmaid ellazuljanak, mik\u00f6zben az oldals\u00f3 t\u00e1maszok biztons\u00e1gosan a hely\u00e9n tartanak.  Finomhangold a d\u0151l\u00e9s ellen\u00e1ll\u00e1s\u00e1t a s\u00falyodhoz \u00e9s k\u00e9nyelmi preferenci\u00e1idhoz egy egyszer\u0171 gomb elforgat\u00e1s\u00e1val.[\/product_element][product_element position=&#8221;left&#8221; header=&#8221;Fejt\u00e1masz p\u00e1rna&#8221; images=&#8221;18206&#8243;]Az okos fejp\u00e1rna kett\u0151s feladatot l\u00e1t el \u2013 t\u00f6k\u00e9letes t\u00e1maszt ny\u00fajt, mik\u00f6zben st\u00edlust ad a sz\u00e9kednek. Er\u0151s be\u00e9p\u00edtett m\u00e1gneseknek k\u00f6sz\u00f6nhet\u0151en k\u00f6nnyed\u00e9n fel- \u00e9s lepattinthatod, amikor csak akarod.[\/product_element][product_info main_image=&#8221;18197&#8243; mobile_image=&#8221;18188&#8243;][\/product_info][product_element header=&#8221;FlexMotion 2D Kart\u00e1maszok&#8221; images=&#8221;18179&#8243;]\u00c1ll\u00edtsd \u0151ket fel \u00e9s le, hogy el\u00e9rd a t\u00f6k\u00e9letes magass\u00e1got, \u00e9s megtal\u00e1ld a legjobb sz\u00f6get a karjaid \u00e9s csukl\u00f3id sz\u00e1m\u00e1ra.[\/product_element][product_element position=&#8221;left&#8221; header=&#8221;TitanCore alap&#8221; images=&#8221;18170&#8243;]Ak\u00e1r 135 kilogramm teherb\u00edr\u00e1sra tervezve, ez a sz\u00e9k hossz\u00fa t\u00e1v\u00fa megb\u00edzhat\u00f3s\u00e1got \u00e9s biztons\u00e1got garant\u00e1l, \u00edgy kiv\u00e1l\u00f3 v\u00e1laszt\u00e1s professzion\u00e1lis \u00e9s szem\u00e9lyes haszn\u00e1latra egyar\u00e1nt.[\/product_element][product_element header=&#8221;QuickSpin 360\u00b0 G\u00f6rg\u0151k&#8221; images=&#8221;18161&#8243;]A 360 fokos forgathat\u00f3 funkci\u00f3 lehet\u0151v\u00e9 teszi, hogy k\u00f6nnyed\u00e9n forogj b\u00e1rmely ir\u00e1nyba, maxim\u00e1lis rugalmass\u00e1got \u00e9s k\u00f6nny\u0171 hozz\u00e1f\u00e9r\u00e9st biztos\u00edtva az asztalod \u00e9s k\u00f6rnyezeted minden ter\u00fclet\u00e9hez \u2013 mindez csendben.[\/product_element][product_element position=&#8221;left&#8221; header=&#8221;Egyszer\u0171 \u00f6sszeszerel\u00e9s&#8221; images=&#8221;18152&#8243;]Vil\u00e1gos vizu\u00e1lis \u00fatmutat\u00f3k seg\u00edts\u00e9g\u00e9vel 20 perc alatt \u00f6sszeszerelheted a sz\u00e9ket. Ak\u00e1r egyed\u00fcl, ak\u00e1r egy bar\u00e1toddal v\u00e9gzed a munk\u00e1t \u2013 gondoskodtunk r\u00f3la, hogy k\u00f6nny\u0171 legyen.[\/product_element][vc_raw_html css=&#8221;&#8221;]ICAgIDxkaXYgY2xhc3M9ImRldGFpbGVkLXJldmlldyI+CiAgICAgICAgPGgyPlLDqXN6bGV0ZXMgdsOpbGVtw6lueWVrZXQgb2x2YXNoYXRzeiBpdHQ6PC9oMj4KICAgICAgICA8ZGl2IGNsYXNzPSJkZXRhaWxlZC1yZXZpZXdfX2NvbnRlbnQiPgogICAgICAgICAgICA8ZGl2IGNsYXNzPSJkZXRhaWxlZC1yZXZpZXdfX2ltYWdlIj4KICAgICAgICAgICAgICAgIDxhIGhyZWY9Imh0dHBzOi8vcGFyYWRveDI0LmNvbS9odS9wYXJhZG94LXRlc3RpbW9uaWFscy8iPjxpbWcgc3JjPSIvd3AtY29udGVudC91cGxvYWRzLzIwMjUvMDkvSGFyZFpvbmUtMS5wbmciIGFsdD0iSGFyZFpvbmUiPjwvYT4KICAgICAgICAgICAgPC9kaXY+CiAgICAgICAgICAgIDxkaXYgY2xhc3M9ImRldGFpbGVkLXJldmlld19faW1hZ2UiPgogICAgICAgICAgICAgICAgPGEgaHJlZj0iaHR0cHM6Ly9wYXJhZG94MjQuY29tL2h1L3BhcmFkb3gtdGVzdGltb25pYWxzLyI+PGltZyBzcmM9Ii93cC1jb250ZW50L3VwbG9hZHMvMjAyNS8wOS9Hcm91cC03NDcucG5nIiBhbHQ9IkNISVAiPjwvYT4KICAgICAgICAgICAgPC9kaXY+CiAgICAgICAgICAgIDxkaXYgY2xhc3M9ImRldGFpbGVkLXJldmlld19faW1hZ2UiPgogICAgICAgICAgICAgICAgPGEgaHJlZj0iaHR0cHM6Ly9wYXJhZG94MjQuY29tL2h1L3BhcmFkb3gtdGVzdGltb25pYWxzLyI+PGltZyBzcmM9Ii93cC1jb250ZW50L3VwbG9hZHMvMjAyNS8wOS9OZXh0UGxheWVyLml0LTEucG5nIiBhbHQ9Ik5leHRQbGF5ZXIiPjwvYT4KICAgICAgICAgICAgPC9kaXY+CiAgICAgICAgICAgIDxkaXYgY2xhc3M9ImRldGFpbGVkLXJldmlld19faW1hZ2UiPgogICAgICAgICAgICAgICAgPGEgaHJlZj0iaHR0cHM6Ly9wYXJhZG94MjQuY29tL2h1L3BhcmFkb3gtdGVzdGltb25pYWxzLyI+PGltZyBzcmM9Ii93cC1jb250ZW50L3VwbG9hZHMvMjAyNS8wOS9DaGFpclBDLTEucG5nIiBhbHQ9IlBDIHN6w6lrIj48L2E+CiAgICAgICAgICAgIDwvZGl2PgogICAgICAgIDwvZGl2PgoKICAgIDwvZGl2Pgo=[\/vc_raw_html][product_images images=&#8221;19104&#8243;][product_action header=&#8221;Fejleszd \u00fcl\u00e9s\u00e9lm\u00e9nyedet m\u00e9g ma!&#8221; text=&#8221;Forradalmas\u00edtsd a munkater\u00fcletedet \u00e9s a gamer felszerel\u00e9sedet Vanguard sz\u00e9k\u00fcnkkel. Tapasztald meg a p\u00e1ratlan k\u00e9nyelmet \u00e9s a pr\u00e9mium min\u0151s\u00e9get.&#8221; button_text=&#8221;VANGUARD Piros Runiq Sz\u00f6vet kos\u00e1rba&#8221; main_image=&#8221;18143&#8243; mobile_image=&#8221;18134&#8243;][testimontial_review_list header=&#8221;V\u00e9lem\u00e9nyek &amp; Sajt\u00f3&#8221; review_0=&#8221;N\u00e9zd meg az Ultimate Lunar Trace \u00e9rt\u00e9kel\u00e9s\u00e9t Alexis Prieto-t\u00f3l a Youtube-on&#8221; background_image_0=&#8221;19917&#8243; play_image_0=&#8221;19926&#8243; flag_image_0=&#8221;19935&#8243; link_0=&#8221;https:\/\/www.youtube.com\/watch?v=yQZF2XwK89c&#8221; review_1=&#8221;Az Ultimate Black Raven \u00e9rt\u00e9kel\u00e9se a CHIP Team-t\u0151l a Youtube-on&#8221; background_image_1=&#8221;20033&#8243; play_image_1=&#8221;19926&#8243; flag_image_1=&#8221;20105&#8243; link_1=&#8221;https:\/\/www.youtube.com\/watch?v=WTlwHwej9C0&#8243; review_2=&#8221;V\u00e9lem\u00e9ny a Commander Sunrise Hero-r\u00f3l a NextPlayer.it-t\u0151l&#8221; background_image_2=&#8221;20006&#8243; play_image_2=&#8221;20117&#8243; flag_image_2=&#8221;20096&#8243; link_2=&#8221;https:\/\/www.nextplayer.it\/paradox-sedia-gaming-serie-commander-recensione\/&#8221;][\/vc_column][\/vc_row]<\/p>\n<\/div>","protected":false},"excerpt":{"rendered":"<ul>\n<li style=\"font-weight: 400;\" aria-level=\"1\"><b>Gamernek, aki kompromisszumok n\u00e9lk\u00fcl akar pr\u00e9mium min\u0151s\u00e9get:<\/b><span style=\"font-weight: 400;\"> Ide\u00e1lis azoknak, akik megb\u00edzhat\u00f3, st\u00edlusos k\u00e9nyelmet keresnek p\u00e9nzt\u00e1rcabar\u00e1t \u00e1ron.<\/span><\/li>\n<li style=\"font-weight: 400;\" aria-level=\"1\"><b>A st\u00edlus \u00e9s funkcionalit\u00e1s t\u00f6k\u00e9letes egyens\u00falya: <\/b><span style=\"font-weight: 400;\">Mer\u00e9sz diz\u00e1jnt k\u00edn\u00e1l a szem\u00e9lyis\u00e9g kifejez\u00e9s\u00e9re, min\u0151s\u00e9gi kompromisszumok n\u00e9lk\u00fcl.<\/span><\/li>\n<li style=\"font-weight: 400;\" aria-level=\"1\"><b>Kiv\u00e1l\u00f3 min\u0151s\u00e9g\u0171 anyagok okos \u00e1ron: <\/b><span style=\"font-weight: 400;\">Tart\u00f3s anyagokb\u00f3l k\u00e9sz\u00fclt a k\u00e9nyelem\u00e9rt \u00e9s a t\u00e1mogat\u00e1s\u00e9rt.<\/span><\/li>\n<li style=\"font-weight: 400;\" aria-level=\"1\"><b>Sokoldal\u00fa eszt\u00e9tikai lehet\u0151s\u00e9gek:<\/b><span style=\"font-weight: 400;\"> A minimalist\u00e1t\u00f3l az extravag\u00e1nsabb diz\u00e1jnokig terjed, sokf\u00e9le \u00edzl\u00e9snek megfelelve.<\/span><\/li>\n<\/ul>\n","protected":false},"featured_media":26317,"template":"","meta":[],"product_cat":[381,388],"product_tag":[],"class_list":{"0":"post-26307","1":"product","2":"type-product","3":"status-publish","4":"has-post-thumbnail","6":"product_cat-jatekszekek","7":"product_cat-vanguard-kollekcio","8":"","10":"first","11":"instock","12":"taxable","13":"shipping-taxable","14":"purchasable","15":"product-type-simple"},"_links":{"self":[{"href":"https:\/\/paradox24.com\/hu\/wp-json\/wp\/v2\/product\/26307","targetHints":{"allow":["GET"]}}],"collection":[{"href":"https:\/\/paradox24.com\/hu\/wp-json\/wp\/v2\/product"}],"about":[{"href":"https:\/\/paradox24.com\/hu\/wp-json\/wp\/v2\/types\/product"}],"wp:featuredmedia":[{"embeddable":true,"href":"https:\/\/paradox24.com\/hu\/wp-json\/wp\/v2\/media\/26317"}],"wp:attachment":[{"href":"https:\/\/paradox24.com\/hu\/wp-json\/wp\/v2\/media?parent=26307"}],"wp:term":[{"taxonomy":"product_cat","embeddable":true,"href":"https:\/\/paradox24.com\/hu\/wp-json\/wp\/v2\/product_cat?post=26307"},{"taxonomy":"product_tag","embeddable":true,"href":"https:\/\/paradox24.com\/hu\/wp-json\/wp\/v2\/product_tag?post=26307"}],"curies":[{"name":"wp","href":"https:\/\/api.w.org\/{rel}","templated":true}]}}