{"id":25659,"date":"2024-10-21T12:30:36","date_gmt":"2024-10-21T11:30:36","guid":{"rendered":"https:\/\/paradox24.com\/product\/paradox-ultimate-black-raven\/"},"modified":"2026-02-27T12:47:52","modified_gmt":"2026-02-27T11:47:52","slug":"paradox-ultimate-black-raven","status":"publish","type":"product","link":"https:\/\/paradox24.com\/hu\/termek\/paradox-ultimate-black-raven\/","title":{"rendered":"J\u00e1t\u00e9ksz\u00e9k Paradox Ultimate Black Raven"},"content":{"rendered":"<div class=\"wpb-content-wrapper\"><p>[vc_row full_width=&#8221;stretch_row_content_no_spaces&#8221;][vc_column][product_info text_color=&#8221;product-info&#8211;white&#8221; text_position=&#8221;product-info__content&#8211;left&#8221; header=&#8221;Paradox Ultimate&#8221; text_1=&#8221;a profik alapvet\u0151 kell\u00e9kei&#8221; main_image=&#8221;16820&#8243; mobile_image=&#8221;16811&#8243;][\/product_info][product_element position=&#8221;left&#8221; header=&#8221;Min\u0151s\u00e9g mindv\u00e9gig&#8221; images=&#8221;16802&#8243;]Cordura is a fabric originally designed for military and outdoor applications, now refined for your working space. It\u2019s prized for its abrasion resistance, strength, and long-lasting durability. Alcantara accents give you this sporty performance feel. So does the distinctive contrast stitching reminiscent of racing cars or high end fashion accessories.<\/p>\n<p class=\"whitespace-normal break-words\"><strong>Cold-molded high-density foam<\/strong> \u2014 the same production technique used in automotive seats and premium furniture. Unlike standard foam, cold-molded foam retains its shape and resilience over thousands of hours of use. Combined with the memory-foam lumbar and headrest pillows, it delivers comfort that lasts.<\/p>\n<p>[\/product_element][product_element header=&#8221;Be\u00e9p\u00edtett LumbarPro&#8221; images=&#8221;16793&#8243;]A Paradox Ultimate sorozat LumbarPro-val rendelkezik, egy \u00e1ll\u00edthat\u00f3 k\u00e9tdimenzi\u00f3s t\u00e1maszt\u00f3rendszerrel, amelyet a gerinced igaz\u00edt\u00e1s\u00e1ra \u00e9s az als\u00f3 h\u00e1ti fesz\u00fclts\u00e9g enyh\u00edt\u00e9s\u00e9re terveztek. Diszkr\u00e9ten be\u00e9p\u00edtve a h\u00e1tt\u00e1ml\u00e1ba, \u00f6tv\u00f6zi az eleganci\u00e1t az ergon\u00f3miai kiv\u00e1l\u00f3s\u00e1ggal.[\/product_element][product_info main_image=&#8221;16784&#8243; mobile_image=&#8221;16775&#8243;][\/product_info][product_element position=&#8221;left&#8221; header=&#8221;\u00c1ll\u00edthat\u00f3 magass\u00e1g\u00fa \u00fcl\u00e9s&#8221; images=&#8221;16766&#8243;]T\u00f6k\u00e9letesen illeszkedik a 165 \u00e9s 185 cm k\u00f6z\u00f6tti egy\u00e9nekhez, teljesen \u00e1ll\u00edthat\u00f3 \u00fcl\u00e9s\u00fcnk egyedi illeszked\u00e9st biztos\u00edt. A fejlett pneumatikus mechanizmus k\u00f6nnyed magass\u00e1g\u00e1ll\u00edt\u00e1st tesz lehet\u0151v\u00e9: egyszer\u0171en h\u00fazd meg a kart \u00e9s emeld meg kiss\u00e9 az \u00fcl\u00e9s emel\u00e9s\u00e9hez, vagy nyomd le \u00fclve az \u00fcl\u00e9s leenged\u00e9s\u00e9hez.  K\u00f6nnyed\u00e9n el\u00e9rheted az ide\u00e1lis ergon\u00f3mikus poz\u00edci\u00f3t \u2013 a t\u00e9rdednek 90 fokos sz\u00f6get kell alkotnia, \u00e9s a k\u00f6ny\u00f6k\u00f6dnek k\u00e9nyelmesen kell pihennie 90 fokos sz\u00f6gben az asztalodon. Helyezd el\u0151t\u00e9rbe a k\u00f6ny\u00f6k\u00f6d poz\u00edci\u00f3j\u00e1t a k\u00e9nyelem \u00e9s a produktivit\u00e1s optimaliz\u00e1l\u00e1s\u00e1hoz.[\/product_element][product_element header=&#8221;Testreszabhat\u00f3 h\u00e1tt\u00e1mla poz\u00edci\u00f3k, eg\u00e9szen fekv\u0151 helyzetig&#8221; images=&#8221;16757&#8243;]\u00c1ll\u00edtsd be \u00e9s r\u00f6gz\u00edtsd a h\u00e1tt\u00e1ml\u00e1t n\u00e9gy poz\u00edci\u00f3ban, ig\u00e9nyeid szerint. Ak\u00e1r j\u00e1tszol, dolgozol, vagy sz\u00fcnetet tartasz, a h\u00e1tt\u00e1mla sz\u00f6g\u00e9nek v\u00e1ltoztat\u00e1sa seg\u00edt cs\u00f6kkenteni a terhel\u00e9st, jav\u00edtani a testtart\u00e1st \u00e9s ellaz\u00edtani az izmaidat eg\u00e9sz nap. Be\u00e1ll\u00edthatod a h\u00e1tt\u00e1mla d\u0151l\u00e9ssz\u00f6g-ellen\u00e1ll\u00e1s\u00e1t tests\u00falyod \u00e9s preferenci\u00e1id alapj\u00e1n. Egyszer\u0171en ford\u00edtsd el a gombot az \u00fcl\u00e9sed alatt balra vagy jobbra![\/product_element][product_element position=&#8221;left&#8221; header=&#8221;Fejt\u00e1mla p\u00e1rna<br \/>\ner\u0151s m\u00e1gnessel&#8221; images=&#8221;16748&#8243;]Az okos fejp\u00e1rna kett\u0151s feladatot l\u00e1t el \u2013 t\u00f6k\u00e9letes t\u00e1maszt ny\u00fajt, mik\u00f6zben st\u00edlust ad a sz\u00e9kednek. Er\u0151s be\u00e9p\u00edtett m\u00e1gneseknek k\u00f6sz\u00f6nhet\u0151en k\u00f6nnyed\u00e9n fel- \u00e9s lepattinthatod, amikor csak akarod.[\/product_element][product_info main_image=&#8221;16739&#8243; mobile_image=&#8221;16730&#8243;][\/product_info][product_element header=&#8221;FlexMotion 4D Kart\u00e1maszok&#8221; images=&#8221;16721&#8243;]\u00c1ll\u00edtsd \u0151ket fel \u00e9s le a t\u00f6k\u00e9letes magass\u00e1g el\u00e9r\u00e9s\u00e9hez, cs\u00fasztasd \u0151ket el\u0151re \u00e9s h\u00e1tra az optim\u00e1lis el\u00e9rhet\u0151s\u00e9g\u00e9rt, mozgasd \u0151ket oldalra az ide\u00e1lis oldals\u00f3 poz\u00edci\u00f3\u00e9rt, \u00e9s forgasd \u0151ket, hogy megtal\u00e1ld a legjobb sz\u00f6get a karjaid \u00e9s csukl\u00f3id sz\u00e1m\u00e1ra.[\/product_element][product_element position=&#8221;left&#8221; header=&#8221;TitanCore alap&#8221; images=&#8221;16712&#8243;]Ak\u00e1r 135 kilogramm teherb\u00edr\u00e1sra tervezve, ez a sz\u00e9k hossz\u00fa t\u00e1v\u00fa megb\u00edzhat\u00f3s\u00e1got \u00e9s biztons\u00e1got garant\u00e1l, \u00edgy kiv\u00e1l\u00f3 v\u00e1laszt\u00e1s professzion\u00e1lis \u00e9s szem\u00e9lyes haszn\u00e1latra egyar\u00e1nt.[\/product_element][product_element header=&#8221;QuickSpin 360\u00b0 G\u00f6rg\u0151k&#8221; images=&#8221;16703&#8243;]A 360 fokos forgathat\u00f3 funkci\u00f3 lehet\u0151v\u00e9 teszi, hogy k\u00f6nnyed\u00e9n forogj b\u00e1rmely ir\u00e1nyba, maxim\u00e1lis rugalmass\u00e1got \u00e9s k\u00f6nny\u0171 hozz\u00e1f\u00e9r\u00e9st biztos\u00edtva az asztalod \u00e9s k\u00f6rnyezeted minden ter\u00fclet\u00e9hez \u2013 mindez csendben.[\/product_element][product_element position=&#8221;left&#8221; header=&#8221;Egyszer\u0171 \u00f6sszeszerel\u00e9s&#8221; images=&#8221;16694&#8243;]Vil\u00e1gos vizu\u00e1lis \u00fatmutat\u00f3k seg\u00edts\u00e9g\u00e9vel 20 perc alatt \u00f6sszeszerelheted a sz\u00e9ket. Ak\u00e1r egyed\u00fcl, ak\u00e1r egy bar\u00e1toddal v\u00e9gzed a munk\u00e1t \u2013 gondoskodtunk r\u00f3la, hogy k\u00f6nny\u0171 legyen.[\/product_element][vc_raw_html css=&#8221;&#8221;]ICAgIDxkaXYgY2xhc3M9ImRldGFpbGVkLXJldmlldyI+CiAgICAgICAgPGgyPlLDqXN6bGV0ZXMgdsOpbGVtw6lueWVrZXQgb2x2YXNoYXRzeiBpdHQ6PC9oMj4KICAgICAgICA8ZGl2IGNsYXNzPSJkZXRhaWxlZC1yZXZpZXdfX2NvbnRlbnQiPgogICAgICAgICAgICA8ZGl2IGNsYXNzPSJkZXRhaWxlZC1yZXZpZXdfX2ltYWdlIj4KICAgICAgICAgICAgICAgIDxhIGhyZWY9Imh0dHBzOi8vcGFyYWRveDI0LmNvbS9odS9wYXJhZG94LXRlc3RpbW9uaWFscy8iPjxpbWcgc3JjPSIvd3AtY29udGVudC91cGxvYWRzLzIwMjUvMDkvSGFyZFpvbmUtMS5wbmciIGFsdD0iSGFyZFpvbmUiPjwvYT4KICAgICAgICAgICAgPC9kaXY+CiAgICAgICAgICAgIDxkaXYgY2xhc3M9ImRldGFpbGVkLXJldmlld19faW1hZ2UiPgogICAgICAgICAgICAgICAgPGEgaHJlZj0iaHR0cHM6Ly9wYXJhZG94MjQuY29tL2h1L3BhcmFkb3gtdGVzdGltb25pYWxzLyI+PGltZyBzcmM9Ii93cC1jb250ZW50L3VwbG9hZHMvMjAyNS8wOS9Hcm91cC03NDcucG5nIiBhbHQ9IkNISVAiPjwvYT4KICAgICAgICAgICAgPC9kaXY+CiAgICAgICAgICAgIDxkaXYgY2xhc3M9ImRldGFpbGVkLXJldmlld19faW1hZ2UiPgogICAgICAgICAgICAgICAgPGEgaHJlZj0iaHR0cHM6Ly9wYXJhZG94MjQuY29tL2h1L3BhcmFkb3gtdGVzdGltb25pYWxzLyI+PGltZyBzcmM9Ii93cC1jb250ZW50L3VwbG9hZHMvMjAyNS8wOS9OZXh0UGxheWVyLml0LTEucG5nIiBhbHQ9Ik5leHRQbGF5ZXIiPjwvYT4KICAgICAgICAgICAgPC9kaXY+CiAgICAgICAgICAgIDxkaXYgY2xhc3M9ImRldGFpbGVkLXJldmlld19faW1hZ2UiPgogICAgICAgICAgICAgICAgPGEgaHJlZj0iaHR0cHM6Ly9wYXJhZG94MjQuY29tL2h1L3BhcmFkb3gtdGVzdGltb25pYWxzLyI+PGltZyBzcmM9Ii93cC1jb250ZW50L3VwbG9hZHMvMjAyNS8wOS9DaGFpclBDLTEucG5nIiBhbHQ9IlBDIHN6w6lrIj48L2E+CiAgICAgICAgICAgIDwvZGl2PgogICAgICAgIDwvZGl2PgoKICAgIDwvZGl2Pgo=[\/vc_raw_html][product_images images=&#8221;17382&#8243;][product_action header=&#8221;Fejleszd \u00fcl\u00e9s\u00e9lm\u00e9nyedet m\u00e9g ma!&#8221; text=&#8221;Forradalmas\u00edtsd munkatered \u00e9s j\u00e1t\u00e9kos k\u00f6rnyezeted Ultimate sz\u00e9k\u00fcnkkel. Tapasztald meg a p\u00e1ratlan k\u00e9nyelmet \u00e9s a professzion\u00e1lis kiv\u00e1l\u00f3s\u00e1got.&#8221; button_text=&#8221;Kos\u00e1rba az ULTIMATE Black Raven-t&#8221; main_image=&#8221;16685&#8243; mobile_image=&#8221;16676&#8243;][testimontial_review_list header=&#8221;V\u00e9lem\u00e9nyek &amp; Sajt\u00f3&#8221; review_0=&#8221;N\u00e9zd meg az Ultimate Lunar Trace \u00e9rt\u00e9kel\u00e9s\u00e9t Alexis Prieto-t\u00f3l a Youtube-on&#8221; background_image_0=&#8221;19917&#8243; play_image_0=&#8221;19926&#8243; flag_image_0=&#8221;19935&#8243; link_0=&#8221;https:\/\/www.youtube.com\/watch?v=yQZF2XwK89c&#8221; review_1=&#8221;Az Ultimate Black Raven \u00e9rt\u00e9kel\u00e9se a CHIP Team-t\u0151l a Youtube-on&#8221; background_image_1=&#8221;20033&#8243; play_image_1=&#8221;19926&#8243; flag_image_1=&#8221;20105&#8243; link_1=&#8221;https:\/\/www.youtube.com\/watch?v=WTlwHwej9C0&#8243; review_2=&#8221;V\u00e9lem\u00e9ny a Commander Sunrise Hero-r\u00f3l a NextPlayer.it-t\u0151l&#8221; background_image_2=&#8221;20006&#8243; play_image_2=&#8221;20117&#8243; flag_image_2=&#8221;20096&#8243; link_2=&#8221;https:\/\/www.nextplayer.it\/paradox-sedia-gaming-serie-commander-recensione\/&#8221;][\/vc_column][\/vc_row]<\/p>\n<\/div>","protected":false},"excerpt":{"rendered":"<p>Minimalista, m\u00e9gis jellegzetes design, kiv\u00e1l\u00f3 min\u0151s\u00e9g\u0171 anyagok \u00e9s k\u00e9nyelem, hogy el\u00e9rhesd c\u00e9ljaidat.<\/p>\n<ul>\n<li><b>Azoknak, akik a visszafogott kiv\u00e1l\u00f3s\u00e1got keresik: <\/b>T\u00f6k\u00e9letes profiknak \u00e9s lelkes j\u00e1t\u00e9kosoknak, akik luxusba \u00e9s kifinomults\u00e1gba fektetn\u00e9nek.<\/li>\n<li><b>Minimalista, id\u0151tlen design: <\/b>Eleg\u00e1ns \u00e9s visszafogott, k\u00f6nnyed\u00e9n illeszkedik b\u00e1rmilyen professzion\u00e1lis vagy cs\u00facskateg\u00f3ri\u00e1s j\u00e1t\u00e9kos k\u00f6rnyezetbe.<\/li>\n<li><b>A legmagasabb min\u0151s\u00e9g\u0171 anyagok:<\/b> A legfinomabb anyagokb\u00f3l k\u00e9sz\u00fclt a hossz\u00fa \u00e9lettartam \u00e9s a pr\u00e9mium k\u00e9nyelem \u00e9rdek\u00e9ben.<\/li>\n<li><b>Kiv\u00e1l\u00f3 mechanizmusok a t\u00f6k\u00e9letes ergon\u00f3mi\u00e1\u00e9rt:<\/b> Fejlett \u00e1ll\u00edthat\u00f3s\u00e1g a rendk\u00edv\u00fcl szem\u00e9lyre szabott \u00e9lm\u00e9ny\u00e9rt.<\/li>\n<li><b>Hidegen \u00f6nt\u00f6tt nagy s\u0171r\u0171s\u00e9g\u0171 hab:<\/b> Kiv\u00e1l\u00f3 \u00fcl\u00e9s p\u00e1rn\u00e1z\u00e1s, amely \u00e9vekig megtartja form\u00e1j\u00e1t \u2014 nincs megereszked\u00e9s, nincsenek lapos foltok.<\/li>\n<\/ul>\n","protected":false},"featured_media":25660,"template":"","meta":[],"product_cat":[381,390],"product_tag":[],"class_list":{"0":"post-25659","1":"product","2":"type-product","3":"status-publish","4":"has-post-thumbnail","6":"product_cat-jatekszekek","7":"product_cat-ultimate-kollekcio","8":"","10":"first","11":"outofstock","12":"sale","13":"taxable","14":"shipping-taxable","15":"purchasable","16":"product-type-simple"},"_links":{"self":[{"href":"https:\/\/paradox24.com\/hu\/wp-json\/wp\/v2\/product\/25659","targetHints":{"allow":["GET"]}}],"collection":[{"href":"https:\/\/paradox24.com\/hu\/wp-json\/wp\/v2\/product"}],"about":[{"href":"https:\/\/paradox24.com\/hu\/wp-json\/wp\/v2\/types\/product"}],"wp:featuredmedia":[{"embeddable":true,"href":"https:\/\/paradox24.com\/hu\/wp-json\/wp\/v2\/media\/25660"}],"wp:attachment":[{"href":"https:\/\/paradox24.com\/hu\/wp-json\/wp\/v2\/media?parent=25659"}],"wp:term":[{"taxonomy":"product_cat","embeddable":true,"href":"https:\/\/paradox24.com\/hu\/wp-json\/wp\/v2\/product_cat?post=25659"},{"taxonomy":"product_tag","embeddable":true,"href":"https:\/\/paradox24.com\/hu\/wp-json\/wp\/v2\/product_tag?post=25659"}],"curies":[{"name":"wp","href":"https:\/\/api.w.org\/{rel}","templated":true}]}}