{"id":31056,"date":"2024-07-23T20:13:34","date_gmt":"2024-07-23T19:13:34","guid":{"rendered":"https:\/\/paradox24.com\/kosar\/"},"modified":"2026-02-27T13:23:19","modified_gmt":"2026-02-27T12:23:19","slug":"kosar","status":"publish","type":"page","link":"https:\/\/paradox24.com\/hu\/kosar\/","title":{"rendered":"Kos\u00e1r"},"content":{"rendered":"<div data-block-name=\"woocommerce\/cart\" class=\"wp-block-woocommerce-cart alignwide is-loading\"><div data-block-name=\"woocommerce\/filled-cart-block\" class=\"wp-block-woocommerce-filled-cart-block\"><div data-block-name=\"woocommerce\/cart-items-block\" class=\"wp-block-woocommerce-cart-items-block\"><div data-block-name=\"woocommerce\/cart-line-items-block\" class=\"wp-block-woocommerce-cart-line-items-block\"><\/div>\n\n<div data-block-name=\"woocommerce\/cart-cross-sells-block\" class=\"wp-block-woocommerce-cart-cross-sells-block\"><h2 class=\"wp-block-heading has-large-font-size\">Tal\u00e1n \u00e9rdekelhetnek ezek&#8230;<\/h2>\n\n<div data-block-name=\"woocommerce\/cart-cross-sells-products-block\" class=\"wp-block-woocommerce-cart-cross-sells-products-block\"><\/div><\/div><\/div>\n\n<div data-block-name=\"woocommerce\/cart-totals-block\" class=\"wp-block-woocommerce-cart-totals-block\"><div data-block-name=\"woocommerce\/cart-order-summary-block\" class=\"wp-block-woocommerce-cart-order-summary-block\"><div data-block-name=\"woocommerce\/cart-order-summary-heading-block\" class=\"wp-block-woocommerce-cart-order-summary-heading-block\"><\/div><div data-block-name=\"woocommerce\/cart-order-summary-coupon-form-block\" class=\"wp-block-woocommerce-cart-order-summary-coupon-form-block\"><\/div><div data-block-name=\"woocommerce\/cart-order-summary-totals-block\" class=\"wp-block-woocommerce-cart-order-summary-totals-block\">\n<div data-block-name=\"woocommerce\/cart-order-summary-subtotal-block\" class=\"wp-block-woocommerce-cart-order-summary-subtotal-block\"><\/div>\n<div data-block-name=\"woocommerce\/cart-order-summary-discount-block\" class=\"wp-block-woocommerce-cart-order-summary-discount-block\"><\/div>\n<div data-block-name=\"woocommerce\/cart-order-summary-fee-block\" class=\"wp-block-woocommerce-cart-order-summary-fee-block\"><\/div>\n<div data-block-name=\"woocommerce\/cart-order-summary-shipping-block\" class=\"wp-block-woocommerce-cart-order-summary-shipping-block\"><\/div>\n<div data-block-name=\"woocommerce\/cart-order-summary-taxes-block\" class=\"wp-block-woocommerce-cart-order-summary-taxes-block\"><\/div><\/div><\/div>\n\n<div data-block-name=\"woocommerce\/cart-express-payment-block\" class=\"wp-block-woocommerce-cart-express-payment-block\"><\/div>\n\n<div data-block-name=\"woocommerce\/proceed-to-checkout-block\" class=\"wp-block-woocommerce-proceed-to-checkout-block\"><\/div>\n\n<div data-block-name=\"woocommerce\/cart-accepted-payment-methods-block\" class=\"wp-block-woocommerce-cart-accepted-payment-methods-block\"><\/div><\/div><\/div>\n\n<div data-block-name=\"woocommerce\/empty-cart-block\" class=\"wp-block-woocommerce-empty-cart-block\"><h2 class=\"wp-block-heading has-text-align-center with-empty-cart-icon wc-block-cart__empty-cart__title\">Jelenleg \u00fcres a kosarad.<\/h2>\n\n<hr class=\"wp-block-separator has-alpha-channel-opacity is-style-dots\"\/>\n\n<h2 class=\"wp-block-heading has-text-align-center\">\u00dajdons\u00e1gok<\/h2>\n\n<div data-block-name=\"woocommerce\/product-new\" data-columns=\"4\" data-rows=\"1\" class=\"wc-block-grid wp-block-product-new wp-block-woocommerce-product-new wc-block-product-new has-4-columns\"><ul class=\"wc-block-grid__products\"><li class=\"wc-block-grid__product\"><span class=\"gtm4wp_productdata\" style=\"display:none; visibility:hidden;\" data-gtm4wp_product_data=\"{&quot;internal_id&quot;:25120,&quot;item_id&quot;:25120,&quot;item_name&quot;:&quot;J\\u00e1t\\u00e9ksz\\u00e9k Paradox Commander Homokvihar&quot;,&quot;sku&quot;:&quot;PX-CM-005-SB&quot;,&quot;price&quot;:132549,&quot;stocklevel&quot;:0,&quot;stockstatus&quot;:&quot;outofstock&quot;,&quot;google_business_vertical&quot;:&quot;retail&quot;,&quot;item_category&quot;:&quot;Commander Kollekci\\u00f3&quot;,&quot;id&quot;:25120,&quot;productlink&quot;:&quot;https:\\\/\\\/paradox24.com\\\/hu\\\/termek\\\/paradox-commander-sand-storm\\\/&quot;,&quot;item_list_name&quot;:&quot;General Product List&quot;,&quot;index&quot;:0,&quot;product_type&quot;:&quot;simple&quot;,&quot;item_brand&quot;:&quot;&quot;}\"><\/span>\n\t\t\t\t<a href=\"https:\/\/paradox24.com\/hu\/termek\/paradox-commander-sand-storm\/\" class=\"wc-block-grid__product-link\">\n\t\t\t\t\t\n\t\t\t\t\t<div class=\"wc-block-grid__product-image\"><img loading=\"lazy\" decoding=\"async\" width=\"400\" height=\"533\" src=\"https:\/\/paradox24.com\/wp-content\/uploads\/2024\/10\/241215_3x4_Coomander_sand_storm_test632_detail_01-400x533.png\" class=\"attachment-woocommerce_thumbnail size-woocommerce_thumbnail\" alt=\"J\u00e1t\u00e9ksz\u00e9k Paradox Commander Homokvihar\" srcset=\"https:\/\/paradox24.com\/wp-content\/uploads\/2024\/10\/241215_3x4_Coomander_sand_storm_test632_detail_01-400x533.png 400w, https:\/\/paradox24.com\/wp-content\/uploads\/2024\/10\/241215_3x4_Coomander_sand_storm_test632_detail_01-600x800.png 600w, https:\/\/paradox24.com\/wp-content\/uploads\/2024\/10\/241215_3x4_Coomander_sand_storm_test632_detail_01-225x300.png 225w, https:\/\/paradox24.com\/wp-content\/uploads\/2024\/10\/241215_3x4_Coomander_sand_storm_test632_detail_01-768x1024.png 768w, https:\/\/paradox24.com\/wp-content\/uploads\/2024\/10\/241215_3x4_Coomander_sand_storm_test632_detail_01-450x600.png 450w, https:\/\/paradox24.com\/wp-content\/uploads\/2024\/10\/241215_3x4_Coomander_sand_storm_test632_detail_01.png 900w\" sizes=\"auto, (max-width: 400px) 100vw, 400px\" data-wp-pid=\"25121\" \/><\/div>\n\t\t\t\t\t<div class=\"wc-block-grid__product-title\">J\u00e1t\u00e9ksz\u00e9k Paradox Commander Homokvihar<\/div>\n\t\t\t\t<\/a>\n\t\t\t\t<div class=\"wc-block-grid__product-price price\"><span class=\"woocommerce-Price-amount amount\">132 549,00&nbsp;<span class=\"woocommerce-Price-currencySymbol\">&#070;&#116;<\/span><\/span><\/div>\n\t\t\t\t\n\t\t\t\t<div class=\"wp-block-button wc-block-grid__product-add-to-cart\"><a href=\"https:\/\/paradox24.com\/hu\/termek\/paradox-commander-sand-storm\/\" aria-label=\"&ldquo;J\u00e1t\u00e9ksz\u00e9k Paradox Commander Homokvihar&rdquo; term\u00e9kr\u0151l t\u00f6bb inform\u00e1ci\u00f3\" data-quantity=\"1\" data-product_id=\"25120\" data-product_sku=\"PX-CM-005-SB\" data-price=\"132549\" rel=\"nofollow\" class=\"wp-block-button__link  add_to_cart_button\">Tov\u00e1bb olvasom<\/a><\/div>\n\t\t\t<\/li><li class=\"wc-block-grid__product\"><span class=\"gtm4wp_productdata\" style=\"display:none; visibility:hidden;\" data-gtm4wp_product_data=\"{&quot;internal_id&quot;:24994,&quot;item_id&quot;:24994,&quot;item_name&quot;:&quot;J\\u00e1t\\u00e9ksz\\u00e9k Paradox Commander \\u00d3ce\\u00e1nk\\u00e9k&quot;,&quot;sku&quot;:&quot;PX-CM-004-DBO&quot;,&quot;price&quot;:136459,&quot;stocklevel&quot;:0,&quot;stockstatus&quot;:&quot;outofstock&quot;,&quot;google_business_vertical&quot;:&quot;retail&quot;,&quot;item_category&quot;:&quot;Besorolatlan&quot;,&quot;id&quot;:24994,&quot;productlink&quot;:&quot;https:\\\/\\\/paradox24.com\\\/hu\\\/termek\\\/paradox-commander-ocean-blue\\\/&quot;,&quot;item_list_name&quot;:&quot;General Product List&quot;,&quot;index&quot;:0,&quot;product_type&quot;:&quot;simple&quot;,&quot;item_brand&quot;:&quot;&quot;}\"><\/span>\n\t\t\t\t<a href=\"https:\/\/paradox24.com\/hu\/termek\/paradox-commander-ocean-blue\/\" class=\"wc-block-grid__product-link\">\n\t\t\t\t\t\n\t\t\t\t\t<div class=\"wc-block-grid__product-image\"><img loading=\"lazy\" decoding=\"async\" width=\"400\" height=\"533\" src=\"https:\/\/paradox24.com\/wp-content\/uploads\/2024\/10\/241212_3x4_Commander_ocean_blue_leather474_detail_02-400x533.png\" class=\"attachment-woocommerce_thumbnail size-woocommerce_thumbnail\" alt=\"J\u00e1t\u00e9ksz\u00e9k Paradox Commander \u00d3ce\u00e1nk\u00e9k\" srcset=\"https:\/\/paradox24.com\/wp-content\/uploads\/2024\/10\/241212_3x4_Commander_ocean_blue_leather474_detail_02-400x533.png 400w, https:\/\/paradox24.com\/wp-content\/uploads\/2024\/10\/241212_3x4_Commander_ocean_blue_leather474_detail_02-600x800.png 600w, https:\/\/paradox24.com\/wp-content\/uploads\/2024\/10\/241212_3x4_Commander_ocean_blue_leather474_detail_02-225x300.png 225w, https:\/\/paradox24.com\/wp-content\/uploads\/2024\/10\/241212_3x4_Commander_ocean_blue_leather474_detail_02-768x1024.png 768w, https:\/\/paradox24.com\/wp-content\/uploads\/2024\/10\/241212_3x4_Commander_ocean_blue_leather474_detail_02-450x600.png 450w, https:\/\/paradox24.com\/wp-content\/uploads\/2024\/10\/241212_3x4_Commander_ocean_blue_leather474_detail_02.png 900w\" sizes=\"auto, (max-width: 400px) 100vw, 400px\" data-wp-pid=\"24995\" \/><\/div>\n\t\t\t\t\t<div class=\"wc-block-grid__product-title\">J\u00e1t\u00e9ksz\u00e9k Paradox Commander \u00d3ce\u00e1nk\u00e9k<\/div>\n\t\t\t\t<\/a>\n\t\t\t\t<div class=\"wc-block-grid__product-price price\"><span class=\"woocommerce-Price-amount amount\">136 459,00&nbsp;<span class=\"woocommerce-Price-currencySymbol\">&#070;&#116;<\/span><\/span><\/div>\n\t\t\t\t<div class=\"wc-block-grid__product-rating\"><div class=\"star-rating\" role=\"img\" aria-label=\"\u00c9rt\u00e9kel\u00e9s: 5.00 \/ 5\"><span style=\"width:100%\">\u00c9rt\u00e9kel\u00e9s <strong class=\"rating\">5.00<\/strong> az 5-b\u0151l, <span class=\"rating\">1<\/span> \u00e9rt\u00e9kel\u00e9s alapj\u00e1n<\/span><\/div><\/div>\n\t\t\t\t<div class=\"wp-block-button wc-block-grid__product-add-to-cart\"><a href=\"https:\/\/paradox24.com\/hu\/termek\/paradox-commander-ocean-blue\/\" aria-label=\"&ldquo;J\u00e1t\u00e9ksz\u00e9k Paradox Commander \u00d3ce\u00e1nk\u00e9k&rdquo; term\u00e9kr\u0151l t\u00f6bb inform\u00e1ci\u00f3\" data-quantity=\"1\" data-product_id=\"24994\" data-product_sku=\"PX-CM-004-DBO\" data-price=\"136459\" rel=\"nofollow\" class=\"wp-block-button__link  add_to_cart_button\">Tov\u00e1bb olvasom<\/a><\/div>\n\t\t\t<\/li><li class=\"wc-block-grid__product\"><span class=\"gtm4wp_productdata\" style=\"display:none; visibility:hidden;\" data-gtm4wp_product_data=\"{&quot;internal_id&quot;:25925,&quot;item_id&quot;:25925,&quot;item_name&quot;:&quot;Gaming sz\\u00e9k Paradox Commander Military Green&quot;,&quot;sku&quot;:&quot;PX-CM-002-MG&quot;,&quot;price&quot;:93449,&quot;stocklevel&quot;:49,&quot;stockstatus&quot;:&quot;instock&quot;,&quot;google_business_vertical&quot;:&quot;retail&quot;,&quot;item_category&quot;:&quot;Commander Kollekci\\u00f3&quot;,&quot;id&quot;:25925,&quot;productlink&quot;:&quot;https:\\\/\\\/paradox24.com\\\/hu\\\/termek\\\/paradox-commander-military-green\\\/&quot;,&quot;item_list_name&quot;:&quot;General Product List&quot;,&quot;index&quot;:0,&quot;product_type&quot;:&quot;simple&quot;,&quot;item_brand&quot;:&quot;&quot;}\"><\/span>\n\t\t\t\t<a href=\"https:\/\/paradox24.com\/hu\/termek\/paradox-commander-military-green\/\" class=\"wc-block-grid__product-link\">\n\t\t\t\t\t<div class=\"wc-block-grid__product-onsale\">\n\t\t\t<span aria-hidden=\"true\">Akci\u00f3<\/span>\n\t\t\t<span class=\"screen-reader-text\">Akci\u00f3s term\u00e9k<\/span>\n\t\t<\/div>\n\t\t\t\t\t<div class=\"wc-block-grid__product-image\"><img loading=\"lazy\" decoding=\"async\" width=\"400\" height=\"533\" src=\"https:\/\/paradox24.com\/wp-content\/uploads\/2024\/10\/241216_3x4_Commander_military_green_test640_detail_01-400x533.png\" class=\"attachment-woocommerce_thumbnail size-woocommerce_thumbnail\" alt=\"Gaming sz\u00e9k Paradox Commander Military Green\" srcset=\"https:\/\/paradox24.com\/wp-content\/uploads\/2024\/10\/241216_3x4_Commander_military_green_test640_detail_01-400x533.png 400w, https:\/\/paradox24.com\/wp-content\/uploads\/2024\/10\/241216_3x4_Commander_military_green_test640_detail_01-600x800.png 600w, https:\/\/paradox24.com\/wp-content\/uploads\/2024\/10\/241216_3x4_Commander_military_green_test640_detail_01-225x300.png 225w, https:\/\/paradox24.com\/wp-content\/uploads\/2024\/10\/241216_3x4_Commander_military_green_test640_detail_01-768x1024.png 768w, https:\/\/paradox24.com\/wp-content\/uploads\/2024\/10\/241216_3x4_Commander_military_green_test640_detail_01-450x600.png 450w, https:\/\/paradox24.com\/wp-content\/uploads\/2024\/10\/241216_3x4_Commander_military_green_test640_detail_01.png 900w\" sizes=\"auto, (max-width: 400px) 100vw, 400px\" data-wp-pid=\"25926\" \/><\/div>\n\t\t\t\t\t<div class=\"wc-block-grid__product-title\">Gaming sz\u00e9k Paradox Commander Military Green<\/div>\n\t\t\t\t<\/a>\n\t\t\t\t<div class=\"wc-block-grid__product-price price\"><del aria-hidden=\"true\"><span class=\"woocommerce-Price-amount amount\">116 909,00&nbsp;<span class=\"woocommerce-Price-currencySymbol\">&#070;&#116;<\/span><\/span><\/del> <span class=\"screen-reader-text\">Original price was: 116 909,00&nbsp;&#070;&#116;.<\/span><ins aria-hidden=\"true\"><span class=\"woocommerce-Price-amount amount\">93 449,00&nbsp;<span class=\"woocommerce-Price-currencySymbol\">&#070;&#116;<\/span><\/span><\/ins><span class=\"screen-reader-text\">Current price is: 93 449,00&nbsp;&#070;&#116;.<\/span><\/div>\n\t\t\t\t<div class=\"wc-block-grid__product-rating\"><div class=\"star-rating\" role=\"img\" aria-label=\"\u00c9rt\u00e9kel\u00e9s: 4.57 \/ 5\"><span style=\"width:91.4%\">\u00c9rt\u00e9kel\u00e9s <strong class=\"rating\">4.57<\/strong> az 5-b\u0151l, <span class=\"rating\">14<\/span> \u00e9rt\u00e9kel\u00e9s alapj\u00e1n<\/span><\/div><\/div>\n\t\t\t\t<div class=\"wp-block-button wc-block-grid__product-add-to-cart\"><a href=\"?add-to-cart=25925\" aria-label=\"Kos\u00e1rba: &ldquo;Gaming sz\u00e9k Paradox Commander Military Green&rdquo;\" data-quantity=\"1\" data-product_id=\"25925\" data-product_sku=\"PX-CM-002-MG\" data-price=\"93449\" rel=\"nofollow\" class=\"wp-block-button__link  add_to_cart_button ajax_add_to_cart\">Kos\u00e1rba teszem<\/a><\/div>\n\t\t\t<\/li><li class=\"wc-block-grid__product\"><span class=\"gtm4wp_productdata\" style=\"display:none; visibility:hidden;\" data-gtm4wp_product_data=\"{&quot;internal_id&quot;:25321,&quot;item_id&quot;:25321,&quot;item_name&quot;:&quot;J\\u00e1t\\u00e9ksz\\u00e9k Paradox Commander Sunrise Hero&quot;,&quot;sku&quot;:&quot;PX-CM-004-ODG&quot;,&quot;price&quot;:136459,&quot;stocklevel&quot;:6,&quot;stockstatus&quot;:&quot;instock&quot;,&quot;google_business_vertical&quot;:&quot;retail&quot;,&quot;item_category&quot;:&quot;Commander Kollekci\\u00f3&quot;,&quot;id&quot;:25321,&quot;productlink&quot;:&quot;https:\\\/\\\/paradox24.com\\\/hu\\\/termek\\\/paradox-commander-sunrise-hero\\\/&quot;,&quot;item_list_name&quot;:&quot;General Product List&quot;,&quot;index&quot;:0,&quot;product_type&quot;:&quot;simple&quot;,&quot;item_brand&quot;:&quot;&quot;}\"><\/span>\n\t\t\t\t<a href=\"https:\/\/paradox24.com\/hu\/termek\/paradox-commander-sunrise-hero\/\" class=\"wc-block-grid__product-link\">\n\t\t\t\t\t\n\t\t\t\t\t<div class=\"wc-block-grid__product-image\"><img loading=\"lazy\" decoding=\"async\" width=\"400\" height=\"533\" src=\"https:\/\/paradox24.com\/wp-content\/uploads\/2024\/10\/241213_3x4_Commander_sunrise_test616_detail_01-400x533.png\" class=\"attachment-woocommerce_thumbnail size-woocommerce_thumbnail\" alt=\"J\u00e1t\u00e9ksz\u00e9k Paradox Commander Sunrise Hero\" srcset=\"https:\/\/paradox24.com\/wp-content\/uploads\/2024\/10\/241213_3x4_Commander_sunrise_test616_detail_01-400x533.png 400w, https:\/\/paradox24.com\/wp-content\/uploads\/2024\/10\/241213_3x4_Commander_sunrise_test616_detail_01-600x800.png 600w, https:\/\/paradox24.com\/wp-content\/uploads\/2024\/10\/241213_3x4_Commander_sunrise_test616_detail_01-225x300.png 225w, https:\/\/paradox24.com\/wp-content\/uploads\/2024\/10\/241213_3x4_Commander_sunrise_test616_detail_01-768x1024.png 768w, https:\/\/paradox24.com\/wp-content\/uploads\/2024\/10\/241213_3x4_Commander_sunrise_test616_detail_01-450x600.png 450w, https:\/\/paradox24.com\/wp-content\/uploads\/2024\/10\/241213_3x4_Commander_sunrise_test616_detail_01.png 900w\" sizes=\"auto, (max-width: 400px) 100vw, 400px\" data-wp-pid=\"25333\" \/><\/div>\n\t\t\t\t\t<div class=\"wc-block-grid__product-title\">J\u00e1t\u00e9ksz\u00e9k Paradox Commander Sunrise Hero<\/div>\n\t\t\t\t<\/a>\n\t\t\t\t<div class=\"wc-block-grid__product-price price\"><span class=\"woocommerce-Price-amount amount\">136 459,00&nbsp;<span class=\"woocommerce-Price-currencySymbol\">&#070;&#116;<\/span><\/span><\/div>\n\t\t\t\t\n\t\t\t\t<div class=\"wp-block-button wc-block-grid__product-add-to-cart\"><a href=\"?add-to-cart=25321\" aria-label=\"Kos\u00e1rba: &ldquo;J\u00e1t\u00e9ksz\u00e9k Paradox Commander Sunrise Hero&rdquo;\" data-quantity=\"1\" data-product_id=\"25321\" data-product_sku=\"PX-CM-004-ODG\" data-price=\"136459\" rel=\"nofollow\" class=\"wp-block-button__link  add_to_cart_button ajax_add_to_cart\">Kos\u00e1rba teszem<\/a><\/div>\n\t\t\t<\/li><\/ul><\/div><\/div><\/div>","protected":false},"excerpt":{"rendered":"Tal\u00e1n \u00e9rdekelhetnek ezek... Jelenleg \u00fcres a kosarad. \u00dajdons\u00e1gok","protected":false},"author":2,"featured_media":0,"parent":0,"menu_order":0,"comment_status":"closed","ping_status":"closed","template":"","meta":{"footnotes":""},"class_list":["post-31056","page","type-page","status-publish","hentry","no-thumb"],"_links":{"self":[{"href":"https:\/\/paradox24.com\/hu\/wp-json\/wp\/v2\/pages\/31056","targetHints":{"allow":["GET"]}}],"collection":[{"href":"https:\/\/paradox24.com\/hu\/wp-json\/wp\/v2\/pages"}],"about":[{"href":"https:\/\/paradox24.com\/hu\/wp-json\/wp\/v2\/types\/page"}],"author":[{"embeddable":true,"href":"https:\/\/paradox24.com\/hu\/wp-json\/wp\/v2\/users\/2"}],"replies":[{"embeddable":true,"href":"https:\/\/paradox24.com\/hu\/wp-json\/wp\/v2\/comments?post=31056"}],"version-history":[{"count":0,"href":"https:\/\/paradox24.com\/hu\/wp-json\/wp\/v2\/pages\/31056\/revisions"}],"wp:attachment":[{"href":"https:\/\/paradox24.com\/hu\/wp-json\/wp\/v2\/media?parent=31056"}],"curies":[{"name":"wp","href":"https:\/\/api.w.org\/{rel}","templated":true}]}}