{"id":30759,"date":"2024-07-25T08:58:12","date_gmt":"2024-07-25T07:58:12","guid":{"rendered":"https:\/\/paradox24.com\/refund-policy\/"},"modified":"2026-02-23T16:47:38","modified_gmt":"2026-02-23T15:47:38","slug":"refund-policy","status":"publish","type":"page","link":"https:\/\/paradox24.com\/hu\/refund-policy\/","title":{"rendered":"Visszat\u00e9r\u00edt\u00e9si szab\u00e1lyzat"},"content":{"rendered":"<div class=\"wpb-content-wrapper\"><p>[vc_row][vc_column][vc_column_text css=&#8221;&#8221;]<\/p>\n<p>Van 100 napos visszak\u00fcld\u00e9si szab\u00e1lyzatunk, ami azt jelenti, hogy a term\u00e9k \u00e1tv\u00e9tele ut\u00e1n 100 napod van visszak\u00fcld\u00e9st k\u00e9rni.<\/p>\n<p>A visszak\u00fcld\u00e9s megkezd\u00e9s\u00e9hez a <a href=\"mailto:hello@paradox24.com\">hello@paradox24.com<\/a> oldalon kereshet vel\u00fcnk. K\u00e9rj\u00fck, vegye figyelembe, hogy a visszak\u00fcld\u00e9seket a k\u00f6vetkez\u0151 c\u00edmre kell k\u00fcldeni: Omnipack Fulfillment Center, hall DC04 ramp 55, Aleja Katowicka 66, 05-830 Nadarzyn, Lengyelorsz\u00e1g<\/p>\n<p>Azokat a t\u00e9teleket, amelyeket visszak\u00fcldenek an\u00e9lk\u00fcl, hogy el\u0151bb visszak\u00fcld\u00e9st k\u00e9rn\u00e9nek, nem fogadj\u00e1k el.<\/p>\n<p>B\u00e1rmilyen visszak\u00fcld\u00e9si k\u00e9rd\u00e9ssel mindig felveheti vel\u00fcnk <a href=\"mailto:hello@paradox24.com\">a kapcsolatot a hello@paradox24.com-n<\/a>.<\/p>\n<p><strong>K\u00e1rok \u00e9s probl\u00e9m\u00e1k<\/strong><br \/>K\u00e9rj\u00fck, vizsg\u00e1lja meg rendel\u00e9s\u00e9t a k\u00e9zbev\u00e9telkor, \u00e9s azonnal vegye fel vel\u00fcnk a kapcsolatot, ha az term\u00e9k hib\u00e1s, s\u00e9r\u00fclt vagy rossz term\u00e9ket kap, hogy felm\u00e9rhess\u00fck a probl\u00e9m\u00e1t \u00e9s helyrehozzuk.<\/p>\n<p><strong>Kiv\u00e9telek \/ nem visszaadhat\u00f3 t\u00e1rgyak<\/strong><br \/>Bizonyos t\u00edpus\u00fa term\u00e9keket nem lehet visszak\u00fcldeni, p\u00e9ld\u00e1ul romland\u00f3 term\u00e9keket (p\u00e9ld\u00e1ul \u00e9lelmiszert, vir\u00e1gokat vagy n\u00f6v\u00e9nyeket), egyedi term\u00e9keket (p\u00e9ld\u00e1ul k\u00fcl\u00f6nleges rendel\u00e9seket vagy szem\u00e9lyre szabott t\u00e1rgyakat), valamint szem\u00e9lyes \u00e1pol\u00e1si term\u00e9keket (p\u00e9ld\u00e1ul sz\u00e9ps\u00e9g\u00e1pol\u00e1si term\u00e9keket). Tov\u00e1bb\u00e1 nem fogadunk visszak\u00fcld\u00e9st vesz\u00e9lyes anyagokra, gy\u00fal\u00e9kony folyad\u00e9kokra vagy g\u00e1zokra sem. K\u00e9rj\u00fck, vegye fel vel\u00fcnk a kapcsolatot, ha k\u00e9rd\u00e9se vagy agg\u00e1lya van a konkr\u00e9t term\u00e9k\u00e9vel kapcsolatban.<\/p>\n<p><strong>Csereprogramok<\/strong><br \/>A leggyorsabb m\u00f3dja annak, hogy megkapd, amit szeretn\u00e9l, ha visszaviszed a megl\u00e9v\u0151 term\u00e9ket, \u00e9s ha elfogadj\u00e1k a visszak\u00fcld\u00e9st, k\u00fcl\u00f6n v\u00e1s\u00e1rl\u00e1st hajtasz v\u00e9gre az \u00faj term\u00e9k\u00e9rt.<\/p>\n<p><strong>Eur\u00f3pai Uni\u00f3 14 napos leh\u0171t\u00e9si id\u0151szaka<\/strong><br \/>Mindezek ellen\u00e9re, ha az \u00e1rut az Eur\u00f3pai Uni\u00f3ba sz\u00e1ll\u00edtj\u00e1k, joga van 14 napon bel\u00fcl b\u00e1rmilyen okb\u00f3l \u00e9s indokolatlanul visszavonni vagy visszak\u00fcldeni a rendel\u00e9s\u00e9t.<\/p>\n<p>[\/vc_column_text][\/vc_column][\/vc_row]<\/p>\n<\/div>","protected":false},"excerpt":{"rendered":"<p>[vc_row][vc_column][vc_column_text css=&#8221;&#8221;] Van 100 napos visszak\u00fcld\u00e9si szab\u00e1lyzatunk, ami azt jelenti, hogy a term\u00e9k \u00e1tv\u00e9tele ut\u00e1n 100 napod van visszak\u00fcld\u00e9st k\u00e9rni. A visszak\u00fcld\u00e9s megkezd\u00e9s\u00e9hez a hello@paradox24.com oldalon kereshet vel\u00fcnk. K\u00e9rj\u00fck, vegye figyelembe, hogy a visszak\u00fcld\u00e9seket a k\u00f6vetkez\u0151 c\u00edmre kell k\u00fcldeni: Omnipack Fulfillment Center, hall DC04 ramp 55, Aleja Katowicka 66, 05-830 Nadarzyn, Lengyelorsz\u00e1g Azokat a t\u00e9teleket, [&hellip;]<\/p>\n","protected":false},"author":2,"featured_media":0,"parent":0,"menu_order":0,"comment_status":"closed","ping_status":"closed","template":"","meta":{"footnotes":""},"class_list":["post-30759","page","type-page","status-publish","hentry","no-thumb"],"_links":{"self":[{"href":"https:\/\/paradox24.com\/hu\/wp-json\/wp\/v2\/pages\/30759","targetHints":{"allow":["GET"]}}],"collection":[{"href":"https:\/\/paradox24.com\/hu\/wp-json\/wp\/v2\/pages"}],"about":[{"href":"https:\/\/paradox24.com\/hu\/wp-json\/wp\/v2\/types\/page"}],"author":[{"embeddable":true,"href":"https:\/\/paradox24.com\/hu\/wp-json\/wp\/v2\/users\/2"}],"replies":[{"embeddable":true,"href":"https:\/\/paradox24.com\/hu\/wp-json\/wp\/v2\/comments?post=30759"}],"version-history":[{"count":4,"href":"https:\/\/paradox24.com\/hu\/wp-json\/wp\/v2\/pages\/30759\/revisions"}],"predecessor-version":[{"id":30769,"href":"https:\/\/paradox24.com\/hu\/wp-json\/wp\/v2\/pages\/30759\/revisions\/30769"}],"wp:attachment":[{"href":"https:\/\/paradox24.com\/hu\/wp-json\/wp\/v2\/media?parent=30759"}],"curies":[{"name":"wp","href":"https:\/\/api.w.org\/{rel}","templated":true}]}}