{"id":30573,"date":"2018-06-01T08:19:29","date_gmt":"2018-06-01T07:19:29","guid":{"rendered":"https:\/\/paradox24.com\/about\/"},"modified":"2026-02-23T16:55:11","modified_gmt":"2026-02-23T15:55:11","slug":"about","status":"publish","type":"page","link":"https:\/\/paradox24.com\/hu\/about\/","title":{"rendered":"R\u00f3la"},"content":{"rendered":"<div class=\"wpb-content-wrapper\"><p>[vc_row full_width=&#8221;stretch_row_content_no_spaces&#8221; el_class=&#8221;supro-no-padding-left supro-no-padding-right&#8221;][vc_column][vc_column_text css=&#8221;.vc_custom_1729797872336{margin-bottom: 0px !important;}&#8221;]<\/p>\n<div class=\"about-us heading\">\n<div class=\"heading-content\">\n<h2>Szia!<\/h2>\n<p><strong>Mi vagyunk a Paradox!<\/strong> <strong>Teljes\u00edtm\u00e9ny-orient\u00e1lt \u00fcl\u00e9seket<\/strong> tervez\u00fcnk, hogy seg\u00edts\u00fcnk <strong>maximaliz\u00e1lni a potenci\u00e1lodat<\/strong> mind a munk\u00e1ban, mind a j\u00e1t\u00e9kban. Designjaink <strong>ergon\u00f3mikus t\u00e1mogat\u00e1st<\/strong>, <strong>pr\u00e9mium min\u0151s\u00e9get<\/strong> \u00e9s <strong>inspir\u00e1l\u00f3 eszt\u00e9tik\u00e1t<\/strong> \u00f6tv\u00f6znek, hogy emeljenek b\u00e1rmilyen teret.<\/p>\n<\/div>\n<p><img decoding=\"async\" src=\"https:\/\/paradox24.com\/wp-content\/uploads\/2024\/10\/3-razem_01-1.png\" alt=\"H\u00e1tt\u00e9rk\u00e9p\" \/><\/p>\n<\/div>\n<p>[\/vc_column_text][vc_column_text css=&#8221;.vc_custom_1729798099020{margin-bottom: 0px !important;background-color: #222222 !important;}&#8221; el_class=&#8221;.about-us .info .info&#8211;white&#8221;]<\/p>\n<h2>Kik vagyunk.<\/h2>\n<p>A Paradox Gaming-n\u00e1l <strong>lelkes v\u00e1llalkoz\u00f3k csoportja<\/strong> vagyunk, akik \u00f6sszesen <strong>250 \u00e9v<\/strong> tapasztalattal rendelkeznek k\u00fcl\u00f6nb\u00f6z\u0151 ipar\u00e1gakban. A <strong>term\u00e9kfejleszt\u00e9sben<\/strong>, <strong>designban<\/strong>, <strong>e-kereskedelemben<\/strong>, tan\u00e1csad\u00e1sban, rekl\u00e1moz\u00e1sban, vend\u00e9gl\u00e1t\u00e1sban, rendezv\u00e9nyekben, v\u00e1rosi \u00e9p\u00edt\u00e9szetben, kozmetikumokban \u00e9s fogyaszt\u00e1si cikkekben szerzett v\u00e1ltozatos tapasztalataink egyedi perspekt\u00edv\u00e1t adtak nek\u00fcnk a term\u00e9ktervez\u00e9sre \u00e9s az \u00fcgyfelek ig\u00e9nyeire.[\/vc_column_text][vc_column_text css=&#8221;.vc_custom_1729798671318{margin-bottom: 0px !important;background-color: #ffffff !important;}&#8221; el_class=&#8221;.about-us .info&#8221;]<\/p>\n<h3>Ismerd meg az alap\u00edt\u00f3 csapatot:<\/h3>\n<div class=\"founder\">\n<div class=\"founder-image\"><img loading=\"lazy\" decoding=\"async\" src=\"https:\/\/paradox24.com\/wp-content\/uploads\/2024\/10\/IMG_9627-BW-1.png\" alt=\"Przemek Kowalewski\" width=\"400\" height=\"400\" \/><\/div>\n<div class=\"founder-content\">\n<p><strong>Przemek Kowalewski, CEO<\/strong><\/p>\n<p>A strat\u00e9giai l\u00e1tnok \u00e9s az e-kereskedelem \u00faj\u00edt\u00f3ja. Przemek, a Westwing (otthon \u00e9s dekor e-kereskedelem) volt vezet\u0151je, szak\u00e9rtelemmel rendelkezik a term\u00e9kfejleszt\u00e9sben, a beszerz\u00e9sben \u00e9s a gy\u00e1rt\u00e1sban, valamint az e-kereskedelemben \u00e9s a digit\u00e1lis marketingben. Kor\u00e1bbi McKinsey-tan\u00e1csad\u00f3, \u00e9les szemmel az \u00fczleti strat\u00e9gi\u00e1ra \u00e9s m\u0171k\u00f6d\u00e9sre.<\/p>\n<\/div>\n<\/div>\n<div class=\"founder\">\n<div class=\"founder-image\"><img loading=\"lazy\" decoding=\"async\" src=\"https:\/\/paradox24.com\/wp-content\/uploads\/2024\/10\/IMG_9627-BW-1-2.png\" alt=\"Pawe\u0142 Miklaszewski\" width=\"400\" height=\"400\" \/><\/div>\n<div class=\"founder-content\">\n<p><strong>Pawe\u0142 Miklaszewski, Kreat\u00edv Igazgat\u00f3<\/strong><\/p>\n<p>A kreat\u00edv er\u0151 a Paradox-n\u00e1l. Pawe\u0142 a d\u00edjnyertes &#8222;Walk Group&#8221; 360-as \u00fcgyn\u00f6ks\u00e9g \u00e9s a &#8222;Walk with David&#8221; design butik alap\u00edt\u00f3ja is, gazdag design- \u00e9s kreat\u00edv szak\u00e9rtelemet hozva a Paradox-hoz. Leny\u0171g\u00f6z\u0151 elismer\u00e9sgy\u0171jtem\u00e9nye, bele\u00e9rtve egy Cannes Lion-t, sz\u00e1mos KTR-d\u00edjat, Effie-ket \u00e9s m\u00e9g sok m\u00e1st, tan\u00faskodik a fogyaszt\u00f3k\u00f6zpont\u00fa megk\u00f6zel\u00edt\u00e9s\u00e9r\u0151l.<\/p>\n<\/div>\n<\/div>\n<h3>F\u0151 tervez\u0151nk:<\/h3>\n<div class=\"founder\">\n<div class=\"founder-image\"><img loading=\"lazy\" decoding=\"async\" src=\"https:\/\/paradox24.com\/wp-content\/uploads\/2024\/10\/IMG_9627-BW-1-1.png\" alt=\"David Racchi\" width=\"400\" height=\"400\" \/><\/div>\n<div class=\"founder-content\">\n<p><strong>David Racchi, F\u0151 tervez\u0151<\/strong><\/p>\n<p>David, egy ausztr\u00e1l glob\u00e1lis perspekt\u00edv\u00e1val, nemzetk\u00f6zi szenved\u00e9lyt visz a munk\u00e1j\u00e1ba, amelyet a Melbourne-ben, Spanyolorsz\u00e1gban \u00e9s Argent\u00edn\u00e1ban szerzett tapasztalatok form\u00e1ltak. Designjai a term\u00e9ktervez\u00e9st\u0151l a csomagol\u00e1stervez\u00e9sen \u00e1t a m\u00e1rka\u00e9p\u00edt\u00e9sig \u00e9s a rekl\u00e1moz\u00e1sig terjednek, minden darab t\u00fckr\u00f6zi egyedi megk\u00f6zel\u00edt\u00e9s\u00e9t, amely az egyszer\u0171s\u00e9get \u00e9s a t\u00f6rt\u00e9netmes\u00e9l\u00e9st \u00f6tv\u00f6zi. Tehets\u00e9g\u00e9t a vil\u00e1g sz\u00ednpad\u00e1n is elismert\u00e9k, bele\u00e9rtve a rangos Arany Cannes Lion-t.<\/p>\n<\/div>\n<\/div>\n<p>[\/vc_column_text][vc_column_text css=&#8221;.vc_custom_1729542358975{margin-bottom: 0px !important;background-color: #222222 !important;}&#8221; el_class=&#8221;.about-us .info .info&#8211;white&#8221;]<\/p>\n<h2>T\u00f6rt\u00e9net\u00fcnk.<\/h2>\n<p>A Paradox Gaming sz\u00fclet\u00e9se nem volt hollywoodi thriller, de szerint\u00fcnk meg\u00e9ri elmes\u00e9lni.<\/p>\n<p>Minden egy egyszer\u0171 k\u00fcldet\u00e9ssel kezd\u0151d\u00f6tt: megtal\u00e1lni a t\u00f6k\u00e9letes irodai sz\u00e9ket.<br \/>\nAhogy kerest\u00fcnk, r\u00e1j\u00f6tt\u00fcnk, hogy a piac k\u00e9t el\u00e9gtelen v\u00e9gletet k\u00edn\u00e1lt \u2013 form\u00e1lis, nem ergonomikus sz\u00e9keket<br \/>\nvagy j\u00e1t\u00e9ksz\u00e9keket vonz\u00f3 diz\u00e1jn n\u00e9lk\u00fcl. Ez a piaci r\u00e9s adta az \u00f6tletet.<\/p>\n<p>A design ir\u00e1nti szeretet\u00fcnk \u00e9s a fizikai term\u00e9kek l\u00e9trehoz\u00e1sa t\u00e1pl\u00e1lta szenved\u00e9ly\u00fcnket. Azt\u00e1n 2022 nyar\u00e1n<br \/>\nmegjelent egy lehet\u0151s\u00e9g. Felv\u00e1s\u00e1roltunk egy v\u00e1llalatot egy kis \u00fczleti egys\u00e9ggel, amely m\u00e1rk\u00e1zatlan j\u00e1t\u00e9ksz\u00e9keket \u00e1rult. Ez a felv\u00e1s\u00e1rl\u00e1s volt a kataliz\u00e1tor, amire sz\u00fcks\u00e9g\u00fcnk volt.<\/p>\n<p>\u00dagy d\u00f6nt\u00f6tt\u00fcnk, hogy teljesen \u00e1talak\u00edtjuk a term\u00e9kportf\u00f3li\u00f3t, \u00e9s l\u00e9trehozunk egy m\u00e1rk\u00e1t, amely forradalmas\u00edtja a j\u00e1t\u00e9ksz\u00e9kek fogalm\u00e1t. \u00c9s \u00edgy sz\u00fcletett meg a Paradox.<\/p>\n<p>2022-es alap\u00edt\u00e1sunk \u00f3ta teljesen a Paradox \u00e9lm\u00e9ny t\u00f6k\u00e9letes\u00edt\u00e9s\u00e9nek szentelt\u00fck magunkat!<br \/>\nT\u00f6bb mint 200 egyedi sz\u00e9ktervet \u00e9s t\u00f6bb mint 30 protot\u00edpust k\u00e9sz\u00edtett\u00fcnk, h\u00e1rom kontinensen utaztunk<br \/>\n10+ gy\u00e1rt\u00f3\u00fczem megl\u00e1togat\u00e1s\u00e1ra, \u00e9s sz\u00e1zakkal besz\u00e9lgett\u00fcnk.<\/p>\n<p class=\"motto\"><strong>De ami a legfontosabb, olyan sz\u00e9keket k\u00e9sz\u00edtett\u00fcnk, amelyeket szeret\u00fcnk \u00e9s minden nap haszn\u00e1lunk.<\/strong><\/p>\n<p>[\/vc_column_text][vc_column_text css=&#8221;.vc_custom_1729542370996{margin-bottom: 0px !important;background-color: #e3e3e3 !important;}&#8221; el_class=&#8221;.about-us .info&#8221;]<\/p>\n<h2>Filoz\u00f3fi\u00e1nk.<\/h2>\n<p>Eml\u00e9kszel, amikor a sportcip\u0151k csak fut\u00e1sra val\u00f3k voltak? Azt\u00e1n j\u00f6tt a Nike, \u00e9s azt mondta: &#8222;H\u00e9, ezeket a cip\u0151ket mindennap viselheted! St\u00edlusosak, k\u00e9nyelmesek \u00e9s tart\u00f3sak.&#8221;<\/p>\n<p>Hasonl\u00f3 megk\u00f6zel\u00edt\u00e9st alkalmazunk a j\u00e1t\u00e9ksz\u00e9kekkel. \u00dagy gondoljuk, hogy egy nagyszer\u0171 sz\u00e9knek a munk\u00e1hoz \u00e9s a j\u00e1t\u00e9khoz nemcsak funkcion\u00e1lisnak kell lennie. A k\u00f6vetkez\u0151nek kell lennie:<\/p>\n<ul>\n<li>Ergon\u00f3mikus \u00e9s k\u00e9nyelmes a hossz\u00fa \u00fcl\u00e9sekhez<\/li>\n<li>Egy nyilatkozat darab k\u00fcl\u00f6nleges diz\u00e1jnnal<\/li>\n<li>Tart\u00f3s \u00e9s kiv\u00e1l\u00f3 min\u0151s\u00e9g\u0171, hogy ki\u00e1llja az id\u0151 pr\u00f3b\u00e1j\u00e1t<\/li>\n<\/ul>\n<p class=\"motto\"><strong>A Paradox-n\u00e1l kih\u00edvjuk azt a n\u00e9zetet, hogy a j\u00e1t\u00e9ksz\u00e9kek csak a j\u00e1t\u00e9kosoknak val\u00f3k. Olyan sz\u00e9keket k\u00e9sz\u00edt\u00fcnk, amelyek t\u00e1mogatj\u00e1k az \u00e9letm\u00f3dodat, ak\u00e1r virtu\u00e1lis vil\u00e1gokat h\u00f3d\u00edtasz el, ak\u00e1r a munkanapodat.<\/strong><\/p>\n<p>[\/vc_column_text][vc_column_text css=&#8221;.vc_custom_1729541822753{margin-bottom: 0px !important;background-color: #ffffff !important;}&#8221; el_class=&#8221;.about-us .info&#8221;]<\/p>\n<h2>K\u00fcldet\u00e9s\u00fcnk.<\/h2>\n<p>K\u00fcldet\u00e9s\u00fcnk egyszer\u0171, de ambici\u00f3zus:<\/p>\n<ol>\n<li>Ergonomikus, kiv\u00e1l\u00f3 min\u0151s\u00e9g\u0171 sz\u00e9ket k\u00edn\u00e1lni kiv\u00e9teles diz\u00e1jnnal.<\/li>\n<li>T\u00e1mogatni t\u00e9ged a hossz\u00fa \u00fcl\u00e9sek alatt \u00e9s jav\u00edtani a teljes\u00edtm\u00e9nyedet.<\/li>\n<li>\u00d6r\u00f6m\u00f6t hozni neked, amikor a sz\u00e9kedre n\u00e9zel.<\/li>\n<li>Olyan term\u00e9keket k\u00e9sz\u00edteni, amelyek ki\u00e1llj\u00e1k az id\u0151 pr\u00f3b\u00e1j\u00e1t.<\/li>\n<\/ol>\n<p><strong>De nemcsak a v\u00e9gs\u0151 term\u00e9kr\u0151l sz\u00f3l. Elk\u00f6telezettek vagyunk amellett, hogy j\u00f3l \u00e9rezz\u00fck magunkat az eg\u00e9sz folyamat sor\u00e1n \u2013 a tervez\u00e9st\u0151l \u00e9s gy\u00e1rt\u00e1st\u00f3l a sz\u00e1ll\u00edt\u00e1sig. \u00dagy gondoljuk, hogy amikor \u00e9lvezz\u00fck, amit csin\u00e1lunk, az t\u00fckr\u00f6z\u0151dik a term\u00e9keink min\u0151s\u00e9g\u00e9ben \u00e9s \u00fcgyfeleink el\u00e9gedetts\u00e9g\u00e9ben.<\/strong>[\/vc_column_text][vc_column_text css=&#8221;.vc_custom_1729542376551{margin-bottom: 0px !important;background-color: #e3e3e3 !important;}&#8221; el_class=&#8221;.about-us .info&#8221;]<\/p>\n<h2>\u00c9rt\u00e9keink.<\/h2>\n<p>A Paradox Gaming l\u00e9nyeg\u00e9ben az ir\u00e1nyad\u00f3 elveink \u00e1llnak:<\/p>\n<ol>\n<li><strong>Innov\u00e1ci\u00f3<\/strong>: Folyamatosan feszegetj\u00fck a sz\u00e9ktervez\u00e9s \u00e9s funkcionalit\u00e1s hat\u00e1rait.<\/li>\n<li><strong>Min\u0151s\u00e9g<\/strong>: Soha nem k\u00f6t\u00fcnk kompromisszumot a term\u00e9keink anyagaival vagy kivitelez\u00e9s\u00e9vel.<\/li>\n<li><strong>\u00dcgyf\u00e9l-el\u00e9gedetts\u00e9g<\/strong>: A k\u00e9nyelmed \u00e9s boldogs\u00e1god a legfontosabb priorit\u00e1sunk.<\/li>\n<li><strong>Fenntarthat\u00f3s\u00e1g<\/strong>: Elk\u00f6telezettek vagyunk a k\u00f6rnyezetbar\u00e1t gy\u00e1rt\u00e1si gyakorlatok mellett.<\/li>\n<li><strong>\u00c1tl\u00e1that\u00f3s\u00e1g<\/strong>: Nyitott kommunik\u00e1ci\u00f3ban hisz\u00fcnk \u00fcgyfeleinkkel \u00e9s partnereinkkel.<\/li>\n<\/ol>\n<p class=\"motto\"><strong>Ezek az \u00e9rt\u00e9kek t\u00e1j\u00e9koztatj\u00e1k minden d\u00f6nt\u00e9s\u00fcnket, a diz\u00e1jnv\u00e1laszt\u00e1sokt\u00f3l az \u00fcgyf\u00e9lszolg\u00e1lati gyakorlatokig.<\/strong><\/p>\n<p>[\/vc_column_text][vc_column_text css=&#8221;.vc_custom_1729544085070{margin-bottom: 0px !important;background-color: #ffffff !important;}&#8221; el_class=&#8221;.about-us .info&#8221;]<\/p>\n<h3>Az eco24 Group r\u00e9sze.<\/h3>\n<p>Az eco24 Group r\u00e9szek\u00e9nt a Paradox egy sz\u00e9lesebb k\u00fcldet\u00e9sb\u0151l profit\u00e1l: innovat\u00edv, fenntarthat\u00f3 \u00e9s design-orient\u00e1lt term\u00e9kek l\u00e9trehoz\u00e1sa k\u00fcl\u00f6nb\u00f6z\u0151 ipar\u00e1gakban.[\/vc_column_text][vc_column_text css=&#8221;.vc_custom_1729542300549{margin-bottom: 0px !important;background-color: #bf403a !important;}&#8221; el_class=&#8221;.about-us .info .info&#8211;center .info&#8211;white&#8221;]<\/p>\n<h2>Csatlakozz a Paradox forradalomhoz.<\/h2>\n<p>K\u00e9szen \u00e1llsz megtapasztalni a st\u00edlus, k\u00e9nyelem \u00e9s funkcionalit\u00e1s t\u00f6k\u00e9letes kever\u00e9k\u00e9t?<br \/>\nFedezd fel Paradox j\u00e1t\u00e9ksz\u00e9k k\u00edn\u00e1latunkat, \u00e9s tal\u00e1ld meg azt, amely hozz\u00e1d sz\u00f3l.<\/p>\n<p>K\u00e9rd\u00e9sed van, vagy seg\u00edts\u00e9gre van sz\u00fcks\u00e9ged? Csapatunk mindig itt van, hogy seg\u00edtsen.<br \/>\nVedd fel vel\u00fcnk a kapcsolatot m\u00e9g ma, \u00e9s kezdj\u00fck el a besz\u00e9lget\u00e9st a t\u00f6k\u00e9letes sz\u00e9kedr\u0151l<br \/>\na k\u00f6vetkez\u0151 c\u00edmen: <a href=\"mailto:hello@paradox24.com\">hello@paradox24.com<\/a><\/p>\n<p class=\"motto\"><strong>\u00dcdv\u00f6zl\u00fcnk a Paradox-n\u00e1l \u2013 ahol a k\u00e9nyelem tal\u00e1lkozik a st\u00edlussal, \u00e9s a funkci\u00f3 a form\u00e1val!<\/strong><\/p>\n<p>[\/vc_column_text][\/vc_column][\/vc_row]<\/p>\n<\/div>","protected":false},"excerpt":{"rendered":"<p>[vc_row full_width=&#8221;stretch_row_content_no_spaces&#8221; el_class=&#8221;supro-no-padding-left supro-no-padding-right&#8221;][vc_column][vc_column_text css=&#8221;.vc_custom_1729797872336{margin-bottom: 0px !important;}&#8221;] Szia! Mi vagyunk a Paradox! Teljes\u00edtm\u00e9ny-orient\u00e1lt \u00fcl\u00e9seket tervez\u00fcnk, hogy seg\u00edts\u00fcnk maximaliz\u00e1lni a potenci\u00e1lodat mind a munk\u00e1ban, mind a j\u00e1t\u00e9kban. Designjaink ergon\u00f3mikus t\u00e1mogat\u00e1st, pr\u00e9mium min\u0151s\u00e9get \u00e9s inspir\u00e1l\u00f3 eszt\u00e9tik\u00e1t \u00f6tv\u00f6znek, hogy emeljenek b\u00e1rmilyen teret. [\/vc_column_text][vc_column_text css=&#8221;.vc_custom_1729798099020{margin-bottom: 0px !important;background-color: #222222 !important;}&#8221; el_class=&#8221;.about-us .info .info&#8211;white&#8221;] Kik vagyunk. A Paradox Gaming-n\u00e1l lelkes v\u00e1llalkoz\u00f3k [&hellip;]<\/p>\n","protected":false},"author":2,"featured_media":0,"parent":0,"menu_order":0,"comment_status":"closed","ping_status":"closed","template":"template-fullwidth.php","meta":{"footnotes":""},"class_list":["post-30573","page","type-page","status-publish","hentry","no-thumb"],"_links":{"self":[{"href":"https:\/\/paradox24.com\/hu\/wp-json\/wp\/v2\/pages\/30573","targetHints":{"allow":["GET"]}}],"collection":[{"href":"https:\/\/paradox24.com\/hu\/wp-json\/wp\/v2\/pages"}],"about":[{"href":"https:\/\/paradox24.com\/hu\/wp-json\/wp\/v2\/types\/page"}],"author":[{"embeddable":true,"href":"https:\/\/paradox24.com\/hu\/wp-json\/wp\/v2\/users\/2"}],"replies":[{"embeddable":true,"href":"https:\/\/paradox24.com\/hu\/wp-json\/wp\/v2\/comments?post=30573"}],"version-history":[{"count":7,"href":"https:\/\/paradox24.com\/hu\/wp-json\/wp\/v2\/pages\/30573\/revisions"}],"predecessor-version":[{"id":30804,"href":"https:\/\/paradox24.com\/hu\/wp-json\/wp\/v2\/pages\/30573\/revisions\/30804"}],"wp:attachment":[{"href":"https:\/\/paradox24.com\/hu\/wp-json\/wp\/v2\/media?parent=30573"}],"curies":[{"name":"wp","href":"https:\/\/api.w.org\/{rel}","templated":true}]}}