{"id":26914,"date":"2025-01-17T19:21:58","date_gmt":"2025-01-17T18:21:58","guid":{"rendered":"https:\/\/paradox24.com\/ergo-one-collection\/"},"modified":"2026-02-23T22:59:32","modified_gmt":"2026-02-23T21:59:32","slug":"ergo-one-collection","status":"publish","type":"page","link":"https:\/\/paradox24.com\/hu\/ergo-one-collection\/","title":{"rendered":"Ergo One Kollekci\u00f3"},"content":{"rendered":"<div class=\"wpb-content-wrapper\"><p>[vc_row full_width=&#8221;stretch_row_content_no_spaces&#8221;][vc_column][vc_raw_html css=&#8221;&#8221;]ICAgIDxkaXYgY2xhc3M9Im1haW4tbGFuZGluZyI+CiAgICAgICAgPGRpdiBjbGFzcz0ibWFpbi1sYW5kaW5nX19jb250ZW50Ij4KICAgICAgICAgICAgPGgyPkVneSBzesOpayBhIHTDtmvDqWxldGVzPC9oMj4KICAgICAgICAgICAgPHA+ZXJnb27Ds21pw6F2YWw8L3A+CiAgICAgICAgICAgIDxpbWcgc3JjPSIvd3AtY29udGVudC91cGxvYWRzLzIwMjUvMDEvZXJnby1vbmUtd2hpdGUuc3ZnIj4KICAgICAgICAgICAgPGRpdiBjbGFzcz0ibWFpbi1sYW5kaW5nX19hY3Rpb24iPgogICAgICAgICAgICAgICAgW3Bvc3RfdXJsIGlkPSIzMzIwIiBuYW1lPSJMZWFybiBtb3JlIiAvXQogICAgICAgICAgICAgICAgW3Bvc3RfdXJsIGlkPSIzMzIwIiBuYW1lPSJCdXkiIC9dCiAgICAgICAgICAgIDwvZGl2PgogICAgICAgIDwvZGl2PgogICAgICAgIDxpbWcgY2xhc3M9Im1haW4tbGFuZGluZ19fYmFja2dyb3VuZCIgc3JjPSIvd3AtY29udGVudC91cGxvYWRzLzIwMjUvMDEvZXJnby1vbmUtbGFuZGluZy5wbmciPgogICAgICAgIDxpbWcgY2xhc3M9Im1haW4tbGFuZGluZ19fYmFja2dyb3VuZCBtYWluLWxhbmRpbmdfX2JhY2tncm91bmQtLW1vYmlsZSIgc3JjPSIvd3AtY29udGVudC91cGxvYWRzLzIwMjUvMDEvZXJnby1vbmUtbGFuZGluZy1tb2JpbGUucG5nIj4KICAgIDwvZGl2Pgo=[\/vc_raw_html][\/vc_column][\/vc_row][vc_row full_width=&#8221;stretch_row_content_no_spaces&#8221; el_class=&#8221;collection-container collection-container&#8211;white&#8221;][vc_column][vc_raw_html css=&#8221;&#8221;]PGRpdiBjbGFzcz0iY29sbGVjdGlvbi1zbG9nYW4gY29sbGVjdGlvbi1zbG9nYW4tLWJsYWNrIj4KICAgPGgxPlBhcmFkb3ggRXJnbyBPbmUgS29sbGVrY2nDszwvaDE+CiAgIDxwPkEgbW9kZXJuIHNva29sZGFsw7pzw6FnIGVzc3plbmNpw6FqYS4gVGVsamVzZW4gw6FsbMOtdGhhdMOzLCBsw6lnw6F0ZXJlc3p0xZEgaMOhbMOzcyBraWFsYWvDrXTDoXMgasOhdMOpa2hveiB2YWd5IG11bmthbWVuZXRla2hlei4gPC9wPgogICA8cCBjbGFzcz0iY29sbGVjdGlvbi1zbG9nYW4tLXNtYWxsIj5FbGhpdmF0b3R0IGZlbGhhc3puw6Fsw7NrbmFrLCBha2lrIMOpcnTDqWtlbGlrIGEga8OpbnllbG1ldCDDqXMgYSB0w6Ftb2dhdMOhc3Q6IElkZcOhbGlzIGF6b2tuYWssIGFraWsgZWzFkW55YmVuIHLDqXN6ZXPDrXRpayBheiBlcmdvbsOzbWnDoXQgw6lzIGF6IGVsZWfDoW5zLCB0YXJ0w6FzdCBhZMOzIGtpYWxha8OtdMOhc3QuPC9wPgo8L2Rpdj4=[\/vc_raw_html][product_collection_video button_action=&#8221;N\u00e9zd meg a vide\u00f3t&#8221; banner=&#8221;22381&#8243; banner_mobile=&#8221;22368&#8243; video_url=&#8221;23615&#8243;][vc_raw_html css=&#8221;&#8221;]ICAgIDxkaXYgY2xhc3M9ImRldGFpbGVkLXJldmlldyI+CiAgICAgICAgPGgyPlLDqXN6bGV0ZXMgdsOpbGVtw6lueWVrZXQgb2x2YXNoYXRzeiBpdHQ6PC9oMj4KICAgICAgICA8ZGl2IGNsYXNzPSJkZXRhaWxlZC1yZXZpZXdfX2NvbnRlbnQiPgogICAgICAgICAgICA8ZGl2IGNsYXNzPSJkZXRhaWxlZC1yZXZpZXdfX2ltYWdlIj4KICAgICAgICAgICAgICAgIDxhIGhyZWY9Imh0dHBzOi8vcGFyYWRveDI0LmNvbS9odS9wYXJhZG94LXRlc3RpbW9uaWFscy8iPjxpbWcgc3JjPSIvd3AtY29udGVudC91cGxvYWRzLzIwMjUvMDkvSGFyZFpvbmUtMS5wbmciIGFsdD0iSGFyZFpvbmUiPjwvYT4KICAgICAgICAgICAgPC9kaXY+CiAgICAgICAgICAgIDxkaXYgY2xhc3M9ImRldGFpbGVkLXJldmlld19faW1hZ2UiPgogICAgICAgICAgICAgICAgPGEgaHJlZj0iaHR0cHM6Ly9wYXJhZG94MjQuY29tL2h1L3BhcmFkb3gtdGVzdGltb25pYWxzLyI+PGltZyBzcmM9Ii93cC1jb250ZW50L3VwbG9hZHMvMjAyNS8wOS9Hcm91cC03NDcucG5nIiBhbHQ9IkNISVAiPjwvYT4KICAgICAgICAgICAgPC9kaXY+CiAgICAgICAgICAgIDxkaXYgY2xhc3M9ImRldGFpbGVkLXJldmlld19faW1hZ2UiPgogICAgICAgICAgICAgICAgPGEgaHJlZj0iaHR0cHM6Ly9wYXJhZG94MjQuY29tL2h1L3BhcmFkb3gtdGVzdGltb25pYWxzLyI+PGltZyBzcmM9Ii93cC1jb250ZW50L3VwbG9hZHMvMjAyNS8wOS9OZXh0UGxheWVyLml0LTEucG5nIiBhbHQ9Ik5leHRQbGF5ZXIiPjwvYT4KICAgICAgICAgICAgPC9kaXY+CiAgICAgICAgICAgIDxkaXYgY2xhc3M9ImRldGFpbGVkLXJldmlld19faW1hZ2UiPgogICAgICAgICAgICAgICAgPGEgaHJlZj0iaHR0cHM6Ly9wYXJhZG94MjQuY29tL2h1L3BhcmFkb3gtdGVzdGltb25pYWxzLyI+PGltZyBzcmM9Ii93cC1jb250ZW50L3VwbG9hZHMvMjAyNS8wOS9DaGFpclBDLTEucG5nIiBhbHQ9IlBDIHN6w6lrIj48L2E+CiAgICAgICAgICAgIDwvZGl2PgogICAgICAgIDwvZGl2PgoKICAgIDwvZGl2Pgo=[\/vc_raw_html][vc_raw_html css=&#8221;&#8221;]CiAgICA8ZGl2IGNsYXNzPSJjb2xsZWN0aW9uLWluZm8gY29sbGVjdGlvbi1pbmZvLS1yZXZlcnNlIj4KICAgICAgICAKICAgICAgICA8aW1nIGNsYXNzPSJjb2xsZWN0aW9uLWluZm9fX2ltYWdlIGNvbGxlY3Rpb24taW5mb19faW1hZ2UtLW1vYmlsZSIgc3JjPSIvd3AtY29udGVudC91cGxvYWRzLzIwMjUvMDEvZXJnby1ibGFjay1tYWluLW1vYmlsZS5wbmciPgogICAgCiAgICAgICAgPGRpdiBjbGFzcz0iY29sbGVjdGlvbi1pbmZvX19jb250ZW50IGNvbGxlY3Rpb24taW5mb19fY29udGVudC0tYmxhY2siPgogICAgICAgICAgICA8aDI+SGFybW9uaWt1cyBlZ3llbnPDumx5IGEgZnVua2Npw7Mgw6lzIGEgZGl2YXQga8O2esO2dHQ8L2gyPgogICAgICAgICAgICAgICAgICAgICAgICAgW3Byb2R1Y3RfdXJsIGlkPSIxMzM0IiBuYW1lPSJMZWFybiBtb3JlIiBjbGFzcz0iY29sbGVjdGlvbi1pbmZvX19hY3Rpb24gY29sbGVjdGlvbi1pbmZvX19hY3Rpb24tLWJvdHRvbSIgL10KICAgICAgICA8L2Rpdj4KCiAgICAgICAKICAgICAgICA8aW1nIGNsYXNzPSJjb2xsZWN0aW9uLWluZm9fX2ltYWdlIiBzcmM9Ii93cC1jb250ZW50L3VwbG9hZHMvMjAyNS8wMS9lcmdvLWJsYWNrLW1haW4ucG5nIj4KICAgIDwvZGl2PgogICAg[\/vc_raw_html][vc_raw_html css=&#8221;&#8221;]ICAgICAgICA8ZGl2IGNsYXNzPSJjb2xsZWN0aW9uLXRocmVlIj4KICAgICAgICAgICAgCiAgICAgICAgICAgICAgICAgICAgICAgICAgICAgICAgICAgIDxkaXYgY2xhc3M9ImNvbGxlY3Rpb24tdGhyZWVfX2l0ZW0gY29sbGVjdGlvbi10aHJlZV9faXRlbS0tbGFyZ2UiPgogICAgICAgICAgICAgICAgPGltZyBjbGFzcz0iY29sbGVjdGlvbi10aHJlZV9faW1hZ2UiIHNyYz0iL3dwLWNvbnRlbnQvdXBsb2Fkcy8yMDI1LzAxL2VyZ28tYmxhY2stMS5wbmciPgogICAgICAgICAgICA8L2Rpdj4KCiAgICAgICAgICAgIDxkaXYgY2xhc3M9ImNvbGxlY3Rpb24tdGhyZWVfX2l0ZW0iPgogICAgICAgICAgICAgICAgW3Byb2R1Y3RfdXJsIGlkPSIxMzM0Il0KICAgICAgICAgICAgICAgIDxpbWcgY2xhc3M9ImNvbGxlY3Rpb24tdGhyZWVfX2ltYWdlIiBzcmM9Ii93cC1jb250ZW50L3VwbG9hZHMvMjAyNS8wMS9lcmdvLWJsYWNrLTIucG5nIj4KICAgICAgICAgICAgICAgIFsvcHJvZHVjdF91cmxdCiAgICAgICAgICAgICAgICBbcHJvZHVjdF91cmwgaWQ9IjEzMzQiXQogICAgICAgICAgICAgICAgPGltZyBjbGFzcz0iY29sbGVjdGlvbi10aHJlZV9faW1hZ2UgY29sbGVjdGlvbi10aHJlZV9faW1hZ2UtLW1vYmlsZSIgc3JjPSIvd3AtY29udGVudC91cGxvYWRzLzIwMjUvMDEvZXJnby1ibGFjay0yLW1vYmlsZS5wbmciPgogICAgICAgICAgICAgICAgWy9wcm9kdWN0X3VybF0KICAgICAgICAgICAgICAgIDxkaXYgY2xhc3M9ImNvbGxlY3Rpb24tdGhyZWVfX2FjdGlvbiI+CiAgICAgICAgICAgICAgICAgICAgPGg0Pltwcm9kdWN0X3VybCBpZD0iMTMzNCIgbmFtZT0iRVJHTyBPTkUgQmxhY2siIC9dPC9oND4KICAgICAgICAgICAgICAgICAgICBbcHJvZHVjdF9wcmljZSBpZD0iMTMzNCIgL10KICAgICAgICAgICAgICAgIDwvZGl2PgogICAgICAgICAgICA8L2Rpdj4KCiAgICAgICAgICAgIDxkaXYgY2xhc3M9ImNvbGxlY3Rpb24tdGhyZWVfX2l0ZW0iPgogICAgICAgICAgICAgICAgPGltZyBjbGFzcz0iY29sbGVjdGlvbi10aHJlZV9faW1hZ2UiIHNyYz0iL3dwLWNvbnRlbnQvdXBsb2Fkcy8yMDI1LzAxL2VyZ28tYmxhY2stMy5wbmciPgogICAgICAgICAgICAgICAgPGltZyBjbGFzcz0iY29sbGVjdGlvbi10aHJlZV9faW1hZ2UgY29sbGVjdGlvbi10aHJlZV9faW1hZ2UtLW1vYmlsZSIgc3JjPSIvd3AtY29udGVudC91cGxvYWRzLzIwMjUvMDEvZXJnby1ibGFjay0zLW1vYmlsZS5wbmciPgogICAgICAgICAgICA8L2Rpdj4KCgogICAgICAgIDwvZGl2Pg==[\/vc_raw_html][vc_raw_html css=&#8221;&#8221;]CiAgICA8ZGl2IGNsYXNzPSJjb2xsZWN0aW9uLWluZm8gY29sbGVjdGlvbi1pbmZvLS1yZXZlcnNlIj4KICAgICAgICAKICAgICAgICA8aW1nIGNsYXNzPSJjb2xsZWN0aW9uLWluZm9fX2ltYWdlIGNvbGxlY3Rpb24taW5mb19faW1hZ2UtLW1vYmlsZSIgc3JjPSIvd3AtY29udGVudC91cGxvYWRzLzIwMjUvMDEvZXJnby1ncmV5LW1haW4tbW9iaWxlLnBuZyI+CiAgICAKICAgICAgICA8ZGl2IGNsYXNzPSJjb2xsZWN0aW9uLWluZm9fX2NvbnRlbnQgY29sbGVjdGlvbi1pbmZvX19jb250ZW50LS1ibGFjayI+CiAgICAgICAgICAgIDxoMj5FbGhpdmF0b3R0IGZlbGhhc3puw6Fsw7NrbmFrLCBha2lrIMOpcnTDqWtlbGlrIGEga8OpbnllbG1ldCDDqXMgYSB0w6Ftb2dhdMOhc3Q8L2gyPgogICAgICAgICAgICAgICAgICAgICAgICAgICAgICAgICAgICAgW3Byb2R1Y3RfdXJsIGlkPSIzOTI2IiBuYW1lPSJMZWFybiBtb3JlIiBjbGFzcz0iY29sbGVjdGlvbi1pbmZvX19hY3Rpb24gY29sbGVjdGlvbi1pbmZvX19hY3Rpb24tLWJvdHRvbSIgL10KICAgICAgICA8L2Rpdj4KCiAgICAgICAKICAgICAgICA8aW1nIGNsYXNzPSJjb2xsZWN0aW9uLWluZm9fX2ltYWdlIiBzcmM9Ii93cC1jb250ZW50L3VwbG9hZHMvMjAyNS8wMS9lcmdvLWdyZXktbWFpbi5wbmciPgogICAgPC9kaXY+CiAgICA=[\/vc_raw_html][vc_raw_html css=&#8221;&#8221;]ICAgICAgICA8ZGl2IGNsYXNzPSJjb2xsZWN0aW9uLXRocmVlIj4KICAgICAgICAgICAgCiAgICAgICAgICAgICAgICAgICAgICAgIDxkaXYgY2xhc3M9ImNvbGxlY3Rpb24tdGhyZWVfX2l0ZW0iPgogICAgICAgICAgICAgICAgW3Byb2R1Y3RfdXJsIGlkPSIxMjcwIl0KICAgICAgICAgICAgICAgIDxpbWcgY2xhc3M9ImNvbGxlY3Rpb24tdGhyZWVfX2ltYWdlIiBzcmM9Ii93cC1jb250ZW50L3VwbG9hZHMvMjAyNS8wMS9lcmdvLWdyZXktMS5wbmciPgogICAgICAgICAgICAgICAgWy9wcm9kdWN0X3VybF0KICAgICAgICAgICAgICAgIFtwcm9kdWN0X3VybCBpZD0iMTI3MCJdCiAgICAgICAgICAgICAgICA8aW1nIGNsYXNzPSJjb2xsZWN0aW9uLXRocmVlX19pbWFnZSBjb2xsZWN0aW9uLXRocmVlX19pbWFnZS0tbW9iaWxlIiBzcmM9Ii93cC1jb250ZW50L3VwbG9hZHMvMjAyNS8wMS9lcmdvLWdyZXktMS1tb2JpbGUucG5nIj4KICAgICAgICAgICAgICAgIFsvcHJvZHVjdF91cmxdCiAgICAgICAgICAgICAgICA8ZGl2IGNsYXNzPSJjb2xsZWN0aW9uLXRocmVlX19hY3Rpb24iPgogICAgICAgICAgICAgICAgICAgIDxoND5bcHJvZHVjdF91cmwgaWQ9IjEyNzAiIG5hbWU9IkVSR08gT05FIEdyZXkiIC9dPC9oND4KICAgICAgICAgICAgICAgICAgICBbcHJvZHVjdF9wcmljZSBpZD0iMTI3MCIgL10KICAgICAgICAgICAgICAgIDwvZGl2PgogICAgICAgICAgICA8L2Rpdj4KICAgICAgICAgICAgCiAgICAgICAgICAgICAgICAgICAgICAgICAgICAgICAgICAgIDxkaXYgY2xhc3M9ImNvbGxlY3Rpb24tdGhyZWVfX2l0ZW0gY29sbGVjdGlvbi10aHJlZV9faXRlbS0tbGFyZ2UiPgogICAgICAgICAgICAgICAgPGltZyBjbGFzcz0iY29sbGVjdGlvbi10aHJlZV9faW1hZ2UiIHNyYz0iL3dwLWNvbnRlbnQvdXBsb2Fkcy8yMDI1LzAxL2VyZ28tZ3JleS0yLnBuZyI+CiAgICAgICAgICAgIDwvZGl2PgoKCgogICAgICAgICAgICA8ZGl2IGNsYXNzPSJjb2xsZWN0aW9uLXRocmVlX19pdGVtIj4KICAgICAgICAgICAgICAgIDxpbWcgY2xhc3M9ImNvbGxlY3Rpb24tdGhyZWVfX2ltYWdlIiBzcmM9Ii93cC1jb250ZW50L3VwbG9hZHMvMjAyNS8wMS9lcmdvLWdyZXktMy5wbmciPgogICAgICAgICAgICAgICAgPGltZyBjbGFzcz0iY29sbGVjdGlvbi10aHJlZV9faW1hZ2UgY29sbGVjdGlvbi10aHJlZV9faW1hZ2UtLW1vYmlsZSIgc3JjPSIvd3AtY29udGVudC91cGxvYWRzLzIwMjUvMDEvZXJnby1ncmV5LTMtbW9iaWxlLnBuZyI+CiAgICAgICAgICAgIDwvZGl2PgoKCiAgICAgICAgPC9kaXY+[\/vc_raw_html][vc_raw_html css=&#8221;&#8221;]CiAgICA8ZGl2IGNsYXNzPSJjb2xsZWN0aW9uLWluZm8gY29sbGVjdGlvbi1pbmZvLS1yZXZlcnNlIj4KICAgICAgICAKICAgICAgICA8aW1nIGNsYXNzPSJjb2xsZWN0aW9uLWluZm9fX2ltYWdlIGNvbGxlY3Rpb24taW5mb19faW1hZ2UtLW1vYmlsZSIgc3JjPSIvd3AtY29udGVudC91cGxvYWRzLzIwMjUvMDEvZXJnby1yZWQtbWFpbi1tb2JpbGUucG5nIj4KICAgIAogICAgICAgIDxkaXYgY2xhc3M9ImNvbGxlY3Rpb24taW5mb19fY29udGVudCBjb2xsZWN0aW9uLWluZm9fX2NvbnRlbnQtLWJsYWNrIj4KICAgICAgICAgICAgPGgyPkVyZ29ub21pa3VzIGjDoWzDsyBhIGzDqWfDoXRlcmVzenTFkSBrw6lwZXNzw6lnw6lydDwvaDI+CiAgICAgICAgICAgICAgICAgICAgICAgICAgICAgICAgICAgICAgICAgICAgICAgICBbcHJvZHVjdF91cmwgaWQ9IjMzMjAiIG5hbWU9IkxlYXJuIG1vcmUiIGNsYXNzPSJjb2xsZWN0aW9uLWluZm9fX2FjdGlvbiBjb2xsZWN0aW9uLWluZm9fX2FjdGlvbi0tYm90dG9tIiAvXQogICAgICAgIDwvZGl2PgoKICAgICAgIAogICAgICAgIDxpbWcgY2xhc3M9ImNvbGxlY3Rpb24taW5mb19faW1hZ2UiIHNyYz0iL3dwLWNvbnRlbnQvdXBsb2Fkcy8yMDI1LzAxL2VyZ28tcmVkLW1haW4ucG5nIj4KICAgIDwvZGl2PgogICAg[\/vc_raw_html][vc_raw_html css=&#8221;&#8221;]ICAgICAgICA8ZGl2IGNsYXNzPSJjb2xsZWN0aW9uLXRocmVlIj4KICAgICAgICAgICAgCiAgICAgICAgICAgICAgICAgICAgICAgIDxkaXYgY2xhc3M9ImNvbGxlY3Rpb24tdGhyZWVfX2l0ZW0iPgogICAgICAgICAgICAgICAgPGltZyBjbGFzcz0iY29sbGVjdGlvbi10aHJlZV9faW1hZ2UiIHNyYz0iL3dwLWNvbnRlbnQvdXBsb2Fkcy8yMDI1LzAxL2VyZ28tcmVkLTEucG5nIj4KICAgICAgICAgICAgICAgIDxpbWcgY2xhc3M9ImNvbGxlY3Rpb24tdGhyZWVfX2ltYWdlIGNvbGxlY3Rpb24tdGhyZWVfX2ltYWdlLS1tb2JpbGUiIHNyYz0iL3dwLWNvbnRlbnQvdXBsb2Fkcy8yMDI1LzAxL2VyZ28tcmVkLTEtbW9iaWxlLnBuZyI+CiAgICAgICAgICAgIDwvZGl2PgogICAgICAgICAgICAKICAgICAgICAgICAgICAgICAgICAgICAgICAgICAgICAgICAgPGRpdiBjbGFzcz0iY29sbGVjdGlvbi10aHJlZV9faXRlbSBjb2xsZWN0aW9uLXRocmVlX19pdGVtLS1sYXJnZSI+CiAgICAgICAgICAgICAgICA8aW1nIGNsYXNzPSJjb2xsZWN0aW9uLXRocmVlX19pbWFnZSIgc3JjPSIvd3AtY29udGVudC91cGxvYWRzLzIwMjUvMDEvZXJnby1yZWQtMi5wbmciPgogICAgICAgICAgICA8L2Rpdj4KCgoKICAgICAgICAgICAgPGRpdiBjbGFzcz0iY29sbGVjdGlvbi10aHJlZV9faXRlbSI+CiAgICAgICAgICAgICAgICBbcHJvZHVjdF91cmwgaWQ9IjMzMjAiXQogICAgICAgICAgICAgICAgPGltZyBjbGFzcz0iY29sbGVjdGlvbi10aHJlZV9faW1hZ2UiIHNyYz0iL3dwLWNvbnRlbnQvdXBsb2Fkcy8yMDI1LzAxL2VyZ28tcmVkLTMucG5nIj4KICAgICAgICAgICAgICAgIFsvcHJvZHVjdF91cmxdCiAgICAgICAgICAgICAgICBbcHJvZHVjdF91cmwgaWQ9IjMzMjAiXQogICAgICAgICAgICAgICAgPGltZyBjbGFzcz0iY29sbGVjdGlvbi10aHJlZV9faW1hZ2UgY29sbGVjdGlvbi10aHJlZV9faW1hZ2UtLW1vYmlsZSIgc3JjPSIvd3AtY29udGVudC91cGxvYWRzLzIwMjUvMDEvZXJnby1yZWQtMy1tb2JpbGUucG5nIj4KICAgICAgICAgICAgICAgIFsvcHJvZHVjdF91cmxdCiAgICAgICAgICAgICAgICAgICAgICAgICAgICAgICAgPGRpdiBjbGFzcz0iY29sbGVjdGlvbi10aHJlZV9fYWN0aW9uIj4KICAgICAgICAgICAgICAgICAgICA8aDQ+W3Byb2R1Y3RfdXJsIGlkPSIzMzIwIiBuYW1lPSJFUkdPIE9ORSBSZWQiIC9dPC9oND4KICAgICAgICAgICAgICAgICAgICBbcHJvZHVjdF9wcmljZSBpZD0iMzMyMCIgL10KICAgICAgICAgICAgICAgIDwvZGl2PgogICAgICAgICAgICA8L2Rpdj4KCgogICAgICAgIDwvZGl2Pg==[\/vc_raw_html][other_collections header=&#8221;N\u00e9zd meg a t\u00f6bbi kollekci\u00f3t&#8221; text_1_0=&#8221;A profik&#8221; text_2_0=&#8221;alapvet\u0151 kell\u00e9kei&#8221; action_button_1_0=&#8221;Tudj meg t\u00f6bbet&#8221; action_button_2_0=&#8221;V\u00e1s\u00e1rl\u00e1s&#8221; page_id_0=&#8221;7710&#8243; background_image_0=&#8221;6711&#8243; logo_0=&#8221;6720&#8243; text_1_1=&#8221;A parancsnok&#8221; text_2_1=&#8221;\u00fcl\u00e9se&#8221; action_button_1_1=&#8221;Tudj meg t\u00f6bbet&#8221; action_button_2_1=&#8221;V\u00e1s\u00e1rl\u00e1s&#8221; page_id_1=&#8221;8864&#8243; background_image_1=&#8221;6831&#8243; logo_1=&#8221;6807&#8243; action_button_1_2=&#8221;Tudj meg t\u00f6bbet&#8221; action_button_2_2=&#8221;V\u00e1s\u00e1rl\u00e1s&#8221; text_1_2=&#8221;A teljes\u00edtm\u00e9ny&#8221; text_2_2=&#8221;v\u00e1laszt\u00e1sa&#8221; page_id_2=&#8221;8675&#8243; background_image_2=&#8221;8719&#8243; logo_2=&#8221;6803&#8243;][\/vc_column][\/vc_row]<\/p>\n<\/div>","protected":false},"excerpt":{"rendered":"<p>Paradox Ergo One Kollekci\u00f3 \u2014 l\u00e9legz\u0151 h\u00e1l\u00f3val ell\u00e1tott ergonomikus sz\u00e9k 8 \u00e1ll\u00edt\u00e1si ponttal. 4 z\u00e1rhat\u00f3 d\u0151l\u00e9spoz\u00edci\u00f3, 4D karf\u00e1k, \u00e1ll\u00edthat\u00f3 der\u00e9k- \u00e9s fejt\u00e1masz. BIFMA tan\u00fas\u00edtott, 120kg teherb\u00edr\u00e1s. El\u00e9rhet\u0151 sz\u00fcrke, piros, k\u00e9k sz\u00ednben. 100 napos visszak\u00fcld\u00e9s.<\/p>\n","protected":false},"author":1,"featured_media":0,"parent":0,"menu_order":0,"comment_status":"closed","ping_status":"closed","template":"template-fullwidth.php","meta":{"footnotes":""},"class_list":["post-26914","page","type-page","status-publish","hentry","no-thumb"],"_links":{"self":[{"href":"https:\/\/paradox24.com\/hu\/wp-json\/wp\/v2\/pages\/26914","targetHints":{"allow":["GET"]}}],"collection":[{"href":"https:\/\/paradox24.com\/hu\/wp-json\/wp\/v2\/pages"}],"about":[{"href":"https:\/\/paradox24.com\/hu\/wp-json\/wp\/v2\/types\/page"}],"author":[{"embeddable":true,"href":"https:\/\/paradox24.com\/hu\/wp-json\/wp\/v2\/users\/1"}],"replies":[{"embeddable":true,"href":"https:\/\/paradox24.com\/hu\/wp-json\/wp\/v2\/comments?post=26914"}],"version-history":[{"count":3,"href":"https:\/\/paradox24.com\/hu\/wp-json\/wp\/v2\/pages\/26914\/revisions"}],"predecessor-version":[{"id":30884,"href":"https:\/\/paradox24.com\/hu\/wp-json\/wp\/v2\/pages\/26914\/revisions\/30884"}],"wp:attachment":[{"href":"https:\/\/paradox24.com\/hu\/wp-json\/wp\/v2\/media?parent=26914"}],"curies":[{"name":"wp","href":"https:\/\/api.w.org\/{rel}","templated":true}]}}