{"id":26903,"date":"2025-01-10T23:31:41","date_gmt":"2025-01-10T22:31:41","guid":{"rendered":"https:\/\/paradox24.com\/ultimate-collection\/"},"modified":"2026-02-23T23:41:03","modified_gmt":"2026-02-23T22:41:03","slug":"ultimate-collection","status":"publish","type":"page","link":"https:\/\/paradox24.com\/hu\/ultimate-collection\/","title":{"rendered":"Ultimate Kollekci\u00f3"},"content":{"rendered":"<div class=\"wpb-content-wrapper\"><p>[vc_row full_width=&#8221;stretch_row_content_no_spaces&#8221;][vc_column][vc_raw_html css=&#8221;&#8221;]ICAgIDxkaXYgY2xhc3M9Im1haW4tbGFuZGluZyI+CiAgICAgICAgPGRpdiBjbGFzcz0ibWFpbi1sYW5kaW5nX19jb250ZW50Ij4KICAgICAgICAgICAgPGgyPkEgcHJvZmlrbmFrPC9oMj4KICAgICAgICAgICAgPHA+dsOhbGFzenTDoXNhPC9wPgogICAgICAgICAgICA8aW1nIHNyYz0iL3dwLWNvbnRlbnQvdXBsb2Fkcy8yMDI0LzEyL3VsdGltYXRlLnN2ZyI+CiAgICAgICAgPC9kaXY+CiAgICAgICAgPGltZyBjbGFzcz0ibWFpbi1sYW5kaW5nX19iYWNrZ3JvdW5kIiBzcmM9Ii93cC1jb250ZW50L3VwbG9hZHMvMjAyNS8wMS91bHRpbWF0ZS1jb2xsZWN0aW9uLnBuZyI+CiAgICAgICAgPGltZyBjbGFzcz0ibWFpbi1sYW5kaW5nX19iYWNrZ3JvdW5kIG1haW4tbGFuZGluZ19fYmFja2dyb3VuZC0tbW9iaWxlIiBzcmM9Ii93cC1jb250ZW50L3VwbG9hZHMvMjAyNS8wMS91bHRpbWF0ZS1jb2xsZWN0aW9uLW1vYmlsZS5wbmciPgogICAgPC9kaXY+Cg==[\/vc_raw_html][\/vc_column][\/vc_row][vc_row full_width=&#8221;stretch_row_content_no_spaces&#8221; el_class=&#8221;collection-container collection-container&#8211;black&#8221;][vc_column][vc_raw_html css=&#8221;&#8221;]PGRpdiBjbGFzcz0iY29sbGVjdGlvbi1zbG9nYW4iPgogICA8aDE+UGFyYWRveCBVbHRpbWF0ZSBLb2xsZWtjacOzPC9oMT4KICAgPHA+U3rDqWtlaywgbWVseWVra2VsIG1heGltYWxpesOhbGhhdG9kIGEgcG90ZW5jacOhbG9kYXQgbXVua8OhYmFuIMOpcyBqw6F0w6lrYmFuLjwvcD4KICAgPHA+TWluaW1hbGlzdGEsIGlkxZF0bGVuIGRlc2lnbjwvcD4KICAgPHAgY2xhc3M9ImNvbGxlY3Rpb24tc2xvZ2FuLS1zbWFsbCI+RWxlZ8OhbnMgw6lzIHZpc3N6YWZvZ290dCwga8O2bm55ZWTDqW4gaWxsZXN6a2VkaWsgYsOhcm1pbHllbiBwcm9mZXNzemlvbsOhbGlzIHZhZ3kgcHLDqW1pdW0gZ2FtZXIga8O2cm55ZXpldGJlLjwvcD4KPC9kaXY+[\/vc_raw_html][vc_raw_html css=&#8221;&#8221;]ICAgIDxkaXYgY2xhc3M9ImRldGFpbGVkLXJldmlldyBkZXRhaWxlZC1yZXZpZXctLXdoaXRlIj4KICAgICAgICA8aDI+UsOpc3psZXRlcyB2w6lsZW3DqW55ZWtldCBvbHZhc2hhdHN6IGl0dDo8L2gyPgogICAgICAgIDxkaXYgY2xhc3M9ImRldGFpbGVkLXJldmlld19fY29udGVudCI+CiAgICAgICAgICAgIDxkaXYgY2xhc3M9ImRldGFpbGVkLXJldmlld19faW1hZ2UiPgogICAgICAgICAgICAgICAgPGEgaHJlZj0iaHR0cHM6Ly9wYXJhZG94MjQuY29tL2h1L3BhcmFkb3gtdGVzdGltb25pYWxzLyI+PGltZyBzcmM9Ii93cC1jb250ZW50L3VwbG9hZHMvMjAyNS8wOS9IYXJkWm9uZS0xLnBuZyIgYWx0PSJIYXJkWm9uZSI+PC9hPgogICAgICAgICAgICA8L2Rpdj4KICAgICAgICAgICAgPGRpdiBjbGFzcz0iZGV0YWlsZWQtcmV2aWV3X19pbWFnZSI+CiAgICAgICAgICAgICAgICA8YSBocmVmPSJodHRwczovL3BhcmFkb3gyNC5jb20vaHUvcGFyYWRveC10ZXN0aW1vbmlhbHMvIj48aW1nIHNyYz0iL3dwLWNvbnRlbnQvdXBsb2Fkcy8yMDI1LzA5L0dyb3VwLTc0Ny5wbmciIGFsdD0iQ0hJUCI+PC9hPgogICAgICAgICAgICA8L2Rpdj4KICAgICAgICAgICAgPGRpdiBjbGFzcz0iZGV0YWlsZWQtcmV2aWV3X19pbWFnZSI+CiAgICAgICAgICAgICAgICA8YSBocmVmPSJodHRwczovL3BhcmFkb3gyNC5jb20vaHUvcGFyYWRveC10ZXN0aW1vbmlhbHMvIj48aW1nIHNyYz0iL3dwLWNvbnRlbnQvdXBsb2Fkcy8yMDI1LzA5L05leHRQbGF5ZXIuaXQtMS5wbmciIGFsdD0iTmV4dFBsYXllciI+PC9hPgogICAgICAgICAgICA8L2Rpdj4KICAgICAgICAgICAgPGRpdiBjbGFzcz0iZGV0YWlsZWQtcmV2aWV3X19pbWFnZSI+CiAgICAgICAgICAgICAgICA8YSBocmVmPSJodHRwczovL3BhcmFkb3gyNC5jb20vaHUvcGFyYWRveC10ZXN0aW1vbmlhbHMvIj48aW1nIHNyYz0iL3dwLWNvbnRlbnQvdXBsb2Fkcy8yMDI1LzA5L0NoYWlyUEMtMS5wbmciIGFsdD0iUEMgc3rDqWsiPjwvYT4KICAgICAgICAgICAgPC9kaXY+CiAgICAgICAgPC9kaXY+CgogICAgPC9kaXY+Cg==[\/vc_raw_html][vc_raw_html css=&#8221;&#8221;]CiAgICA8ZGl2IGNsYXNzPSJjb2xsZWN0aW9uLWluZm8iPgogICAgICAgIAogICAgICAgIDxkaXYgY2xhc3M9ImNvbGxlY3Rpb24taW5mb19fY29udGVudCBjb2xsZWN0aW9uLWluZm9fX2xvZ28iPgogICAgICAgICAgICA8aW1nIHNyYz0iL3dwLWNvbnRlbnQvdXBsb2Fkcy8yMDI1LzAxL3VsdGltYXRlLWx1bmFyLXRyYWNlLnN2ZyI+CiAgICAgICAgPC9kaXY+CiAgICAgICAgCiAgICAgICAgPGltZyBjbGFzcz0iY29sbGVjdGlvbi1pbmZvX19pbWFnZSBjb2xsZWN0aW9uLWluZm9fX2ltYWdlLS1tb2JpbGUiIHNyYz0iL3dwLWNvbnRlbnQvdXBsb2Fkcy8yMDI1LzAxL3VsdGltYXRlLWVzc2VudGlhbC1tb2JpbGUucG5nIj4KICAgIAogICAgICAgIDxkaXYgY2xhc3M9ImNvbGxlY3Rpb24taW5mb19fY29udGVudCI+CiAgICAgICAgICAgIDxoMj5BIHByb2ZpayBhbGFwZGFyYWJqYTwvaDI+CiAgICAgICAgICAgIDxwPkFob2wgYSBtaW5pbWFsaXN0YSBkZXNpZ24gdGFsw6Fsa296aWsgYSBrb21wcm9taXNzenVtbWVudGVzIGvDqXptxbF2ZXMgbWluxZFzw6lnZ2VsLiBBeiBVbHRpbWF0ZSBTZXJpZXMgbWVndGVzdGVzw610aSBhem9rIGNzZW5kZXMgbWFnYWJpenRvc3PDoWfDoXQsIGFraWsga2l2w6Fsw7Nzw6FndWtrYWwgdmV6ZXRuZWsuIDwvcD4KICAgICAgICAgICAgIFtwcm9kdWN0X3VybCBpZD0iMzkxMyIgbmFtZT0iTGVhcm4gbW9yZSIgY2xhc3M9ImNvbGxlY3Rpb24taW5mb19fYWN0aW9uIiAvXQogICAgICAgIDwvZGl2PgoKICAgICAgIAogICAgICAgIDxpbWcgY2xhc3M9ImNvbGxlY3Rpb24taW5mb19faW1hZ2UiIHNyYz0iL3dwLWNvbnRlbnQvdXBsb2Fkcy8yMDI1LzAxL3VsdGltYXRlLWVzc2VudGlhbC5wbmciPgogICAgPC9kaXY+CiAgICA=[\/vc_raw_html][vc_raw_html css=&#8221;&#8221;]ICAgICAgICA8ZGl2IGNsYXNzPSJjb2xsZWN0aW9uLXRocmVlIj4KICAgICAgICAgICAgPGRpdiBjbGFzcz0iY29sbGVjdGlvbi10aHJlZV9faXRlbSI+CiAgICAgICAgICAgICAgICBbcHJvZHVjdF91cmwgaWQ9IjM5MTMiXQogICAgICAgICAgICAgICAgPGltZyBjbGFzcz0iY29sbGVjdGlvbi10aHJlZV9faW1hZ2UiIHNyYz0iL3dwLWNvbnRlbnQvdXBsb2Fkcy8yMDI1LzAxL3VsdGltYXRlLWNvbGxlY3Rpb24tY2hhaXItZ3JleS5wbmciPgogICAgICAgICAgICAgICAgWy9wcm9kdWN0X3VybF0KICAgICAgICAgICAgICAgIFtwcm9kdWN0X3VybCBpZD0iMzkxMyJdCiAgICAgICAgICAgICAgICA8aW1nIGNsYXNzPSJjb2xsZWN0aW9uLXRocmVlX19pbWFnZSBjb2xsZWN0aW9uLXRocmVlX19pbWFnZS0tbW9iaWxlIiBzcmM9Ii93cC1jb250ZW50L3VwbG9hZHMvMjAyNS8wMS91bHRpbWF0ZS1jb2xsZWN0aW9uLWNoYWlyLWdyZXktbW9iaWxlLnBuZyI+CiAgICAgICAgICAgICAgICBbL3Byb2R1Y3RfdXJsXQogICAgICAgICAgICAgICAgPGRpdiBjbGFzcz0iY29sbGVjdGlvbi10aHJlZV9fYWN0aW9uIj4KICAgICAgICAgICAgICAgICAgICA8aDQ+W3Byb2R1Y3RfdXJsIGlkPSIzOTEzIiBuYW1lPSJVTFRJTUFURSBMdW5hciBUcmFjZSIgL108L2g0PgogICAgICAgICAgICAgICAgICAgIFtwcm9kdWN0X3ByaWNlIGlkPSIzOTEzIiAvXQogICAgICAgICAgICAgICAgPC9kaXY+CiAgICAgICAgICAgIDwvZGl2PgoKICAgICAgICAgICAgPGRpdiBjbGFzcz0iY29sbGVjdGlvbi10aHJlZV9faXRlbSI+CiAgICAgICAgICAgICAgICA8aW1nIGNsYXNzPSJjb2xsZWN0aW9uLXRocmVlX19pbWFnZSIgc3JjPSIvd3AtY29udGVudC91cGxvYWRzLzIwMjUvMDEvdWx0aW1hdGUtY29sbGVjdGlvbi1ncmV5LWNoYWlyLTEucG5nIj4KICAgICAgICAgICAgICAgIDxpbWcgY2xhc3M9ImNvbGxlY3Rpb24tdGhyZWVfX2ltYWdlIGNvbGxlY3Rpb24tdGhyZWVfX2ltYWdlLS1tb2JpbGUiIHNyYz0iL3dwLWNvbnRlbnQvdXBsb2Fkcy8yMDI1LzAxL3VsdGltYXRlLWNvbGxlY3Rpb24tZ3JleS1jaGFpci0xLW1vYmlsZS5wbmciPgogICAgICAgICAgICA8L2Rpdj4KCiAgICAgICAgICAgIDxkaXYgY2xhc3M9ImNvbGxlY3Rpb24tdGhyZWVfX2l0ZW0gY29sbGVjdGlvbi10aHJlZV9faXRlbS0tbGFyZ2UiPgogICAgICAgICAgICAgICAgPGltZyBjbGFzcz0iY29sbGVjdGlvbi10aHJlZV9faW1hZ2UiIHNyYz0iL3dwLWNvbnRlbnQvdXBsb2Fkcy8yMDI1LzAxL3VsdGltYXRlLWNvbGxlY3Rpb24tZXNzZW50aWFsLXRocmVlLnBuZyI+CiAgICAgICAgICAgICAgICA8aW1nIGNsYXNzPSJjb2xsZWN0aW9uLXRocmVlX19pbWFnZSBjb2xsZWN0aW9uLXRocmVlX19pbWFnZS0tbW9iaWxlIiBzcmM9Ii93cC1jb250ZW50L3VwbG9hZHMvMjAyNS8wMS91bHRpbWF0ZS1jb2xsZWN0aW9uLXNpdHRpbmctMi5wbmciPgogICAgICAgICAgICA8L2Rpdj4KICAgICAgICA8L2Rpdj4=[\/vc_raw_html][vc_raw_html css=&#8221;&#8221;]CiAgICA8ZGl2IGNsYXNzPSJjb2xsZWN0aW9uLWluZm8gY29sbGVjdGlvbi1pbmZvLS1yZXZlcnNlIj4KICAgICAgICAKICAgICAgICA8ZGl2IGNsYXNzPSJjb2xsZWN0aW9uLWluZm9fX2NvbnRlbnQgY29sbGVjdGlvbi1pbmZvX19sb2dvIj4KICAgICAgICAgICAgPGltZyBzcmM9Ii93cC1jb250ZW50L3VwbG9hZHMvMjAyNS8wMS91bHRpbWF0ZS1kYXJrLWxhdmEuc3ZnIj4KICAgICAgICA8L2Rpdj4KICAgICAgICAKICAgICAgICA8aW1nIGNsYXNzPSJjb2xsZWN0aW9uLWluZm9fX2ltYWdlIGNvbGxlY3Rpb24taW5mb19faW1hZ2UtLW1vYmlsZSIgc3JjPSIvd3AtY29udGVudC91cGxvYWRzLzIwMjUvMDEvdWx0aW1hdGUtY29sbGVjdGlvbi1ib3hpbmctbW9iaWxlLnBuZyI+CiAgICAKICAgICAgICA8ZGl2IGNsYXNzPSJjb2xsZWN0aW9uLWluZm9fX2NvbnRlbnQiPgogICAgICAgICAgICA8aDI+S2l2w6Fsw7Nzw6FncmEgZmVqbGVzenR2ZTwvaDI+CiAgICAgICAgICAgIDxwPlByw6ltaXVtIE5leHQtR2VuIMO2a29ixZFyIHZhZ3kgQ29yZHVyYSBBbGNhbnRhcmEgZMOtc3rDrXTDqXNzZWwuIEthdGVnw7NyacOhasOhYmFuIGxlZ2pvYmIgVGl0YW5Qcm8gbWVjaGFuaXptdXMuIE1lcnQgYXogaWdhemkgbWVzdGVyc8OpZyBhIGx1eHVzIMOpcyBhIHRhcnTDs3Nzw6FnIGhhcm1vbmlrdXMgw7Z0dsO2emV0w6liZW4gcmVqbGlrLiAgPC9wPgpbcHJvZHVjdF91cmwgaWQ9IjM5MTQiIG5hbWU9IkxlYXJuIG1vcmUiIGNsYXNzPSJjb2xsZWN0aW9uLWluZm9fX2FjdGlvbiIgL10KICAgICAgICA8L2Rpdj4KCiAgICAgICAKICAgICAgICA8aW1nIGNsYXNzPSJjb2xsZWN0aW9uLWluZm9fX2ltYWdlIiBzcmM9Ii93cC1jb250ZW50L3VwbG9hZHMvMjAyNS8wMS91bHRpbWF0ZS1jb2xsZWN0aW9uLWJveGluZy0xLnBuZyI+CiAgICA8L2Rpdj4KICAgIA==[\/vc_raw_html][vc_raw_html css=&#8221;&#8221;]CiAgICA8ZGl2IGNsYXNzPSJjb2xsZWN0aW9uLWluZm8iPgogICAgICAgIAogICAgICAgIDxpbWcgY2xhc3M9ImNvbGxlY3Rpb24taW5mb19faW1hZ2UgY29sbGVjdGlvbi1pbmZvX19pbWFnZS0tbW9iaWxlIiBzcmM9Ii93cC1jb250ZW50L3VwbG9hZHMvMjAyNS8wMS91bHRpbWF0ZS1jb2xsZWN0aW9uLXB1cmUtZm9ybS1tb2JpbGUucG5nIj4KICAgIAogICAgICAgIDxkaXYgY2xhc3M9ImNvbGxlY3Rpb24taW5mb19fY29udGVudCI+CiAgICAgICAgICAgIDxoMj5UaXN6dGEgdGVsamVzw610bcOpbnk8L2gyPgogICAgICAgICAgICA8cD5LaXbDoWzDs3PDoWdyYSBmZWpsZXN6dHZlLCBhIGxlZ2ZlamxldHRlYmIgTHVtYmFyUHJvIDJEIHJlbmRzemVyw7xua2tlbCDDqXMgRmxleE1vdGlvbiA0RCBrYXJ0w6FtYXN6YWlua2thbCwgcMOhcm9zw610dmEgZWd5IHN6aW5rcm9uIGTDtm50aGV0xZEgbWVjaGFuaXptdXNzYWwsIGFtZWx5IG7DqWd5IHBvesOtY2nDs2JhbiByw7ZnesOtdGhldMWRLCBha8OhciAxMzUgZm9raWcuIE1lcnQgYSBwcm9maWsgbmVtIGNzYWsgY3NpbsOhbGrDoWsg4oCTIMWRayBraWVtZWxrZWRuZWsuIDwvcD4KICAgICAgICAgICAgW3Byb2R1Y3RfdXJsIGlkPSIzOTE0IiBuYW1lPSJMZWFybiBtb3JlIiBjbGFzcz0iY29sbGVjdGlvbi1pbmZvX19hY3Rpb24iIC9dCiAgICAgICAgPC9kaXY+CgogICAgICAgCiAgICAgICAgPGltZyBjbGFzcz0iY29sbGVjdGlvbi1pbmZvX19pbWFnZSIgc3JjPSIvd3AtY29udGVudC91cGxvYWRzLzIwMjUvMDEvdWx0aW1hdGUtY29sbGVjdGlvbi1wdXJlLWZvcm0ucG5nIj4KICAgIDwvZGl2PgogICAg[\/vc_raw_html][vc_raw_html css=&#8221;&#8221;]ICAgICAgICA8ZGl2IGNsYXNzPSJjb2xsZWN0aW9uLXRocmVlIj4KICAgICAgICAgICAgPGRpdiBjbGFzcz0iY29sbGVjdGlvbi10aHJlZV9faXRlbSBjb2xsZWN0aW9uLXRocmVlX19pdGVtLS1sYXJnZSI+CiAgICAgICAgICAgICAgICA8aW1nIGNsYXNzPSJjb2xsZWN0aW9uLXRocmVlX19pbWFnZSIgc3JjPSIvd3AtY29udGVudC91cGxvYWRzLzIwMjUvMDEvdGhyZWUtcGVyZm9ybWFuY2UtMS5wbmciPgogICAgICAgICAgICAgICAgPGltZyBjbGFzcz0iY29sbGVjdGlvbi10aHJlZV9faW1hZ2UgY29sbGVjdGlvbi10aHJlZV9faW1hZ2UtLW1vYmlsZSIgc3JjPSIvd3AtY29udGVudC91cGxvYWRzLzIwMjUvMDEvdGhyZWUtcGVyZm9ybWFuY2UtMS1tb2JpbGUucG5nIj4KICAgICAgICAgICAgPC9kaXY+CgogICAgICAgICAgICA8ZGl2IGNsYXNzPSJjb2xsZWN0aW9uLXRocmVlX19pdGVtIj4KICAgICAgICAgICAgICAgIDxpbWcgY2xhc3M9ImNvbGxlY3Rpb24tdGhyZWVfX2ltYWdlIiBzcmM9Ii93cC1jb250ZW50L3VwbG9hZHMvMjAyNS8wMS90aHJlZS1wZXJmb3JtYW5jZS0yLnBuZyI+CiAgICAgICAgICAgICAgICA8aW1nIGNsYXNzPSJjb2xsZWN0aW9uLXRocmVlX19pbWFnZSBjb2xsZWN0aW9uLXRocmVlX19pbWFnZS0tbW9iaWxlIiBzcmM9Ii93cC1jb250ZW50L3VwbG9hZHMvMjAyNS8wMS90aHJlZS1wZXJmb3JtYW5jZS0yLW1vYmlsZS5wbmciPgogICAgICAgICAgICA8L2Rpdj4KCiAgICAgICAgICAgIDxkaXYgY2xhc3M9ImNvbGxlY3Rpb24tdGhyZWVfX2l0ZW0iPgogICAgICAgICAgICAgICAgW3Byb2R1Y3RfdXJsIGlkPSIzOTE0Il0KICAgICAgICAgICAgICAgIDxpbWcgY2xhc3M9ImNvbGxlY3Rpb24tdGhyZWVfX2ltYWdlIiBzcmM9Ii93cC1jb250ZW50L3VwbG9hZHMvMjAyNS8wMS90aHJlZS1wZXJmb3JtYW5jZS0zLnBuZyI+CiAgICAgICAgICAgICAgICBbL3Byb2R1Y3RfdXJsXQogICAgICAgICAgICAgICAgW3Byb2R1Y3RfdXJsIGlkPSIzOTE0Il0KICAgICAgICAgICAgICAgIDxpbWcgY2xhc3M9ImNvbGxlY3Rpb24tdGhyZWVfX2ltYWdlIGNvbGxlY3Rpb24tdGhyZWVfX2ltYWdlLS1tb2JpbGUiIHNyYz0iL3dwLWNvbnRlbnQvdXBsb2Fkcy8yMDI1LzAxL3RocmVlLXBlcmZvcm1hbmNlLTMtbW9iaWxlLnBuZyI+CiAgICAgICAgICAgICAgICBbL3Byb2R1Y3RfdXJsXQogICAgICAgICAgICAgICAgPGRpdiBjbGFzcz0iY29sbGVjdGlvbi10aHJlZV9fYWN0aW9uIj4KICAgICAgICAgICAgICAgICAgICA8aDQ+W3Byb2R1Y3RfdXJsIGlkPSIzOTE0IiBuYW1lPSJVTFRJTUFURSBEYXJrIExhdmEiIC9dPC9oND4KICAgICAgICAgICAgICAgICAgICBbcHJvZHVjdF9wcmljZSBpZD0iMzkxNCIgL10KICAgICAgICAgICAgICAgIDwvZGl2PgogICAgICAgICAgICA8L2Rpdj4KICAgICAgICA8L2Rpdj4=[\/vc_raw_html][vc_raw_html css=&#8221;&#8221;]CiAgICA8ZGl2IGNsYXNzPSJjb2xsZWN0aW9uLWluZm8iPgogICAgICAgIAogICAgPGRpdiBjbGFzcz0iY29sbGVjdGlvbi1pbmZvX19jb250ZW50IGNvbGxlY3Rpb24taW5mb19fbG9nbyI+CiAgICAgICAgICAgIDxpbWcgc3JjPSIvd3AtY29udGVudC91cGxvYWRzLzIwMjUvMDEvdWx0aW1hdGUtc3BhY2UtZm9yY2Uuc3ZnIj4KICAgICAgICA8L2Rpdj4KICAgICAgICAKICAgICAgICA8aW1nIGNsYXNzPSJjb2xsZWN0aW9uLWluZm9fX2ltYWdlIGNvbGxlY3Rpb24taW5mb19faW1hZ2UtLW1vYmlsZSIgc3JjPSIvd3AtY29udGVudC91cGxvYWRzLzIwMjUvMDEvdWx0aW1hdGUtY29sbGVjdGlvbi1yZWQtY2hhaXItNi5wbmciPgogICAgCiAgICAgICAgPGRpdiBjbGFzcz0iY29sbGVjdGlvbi1pbmZvX19jb250ZW50Ij4KICAgICAgICAgICAgPGgyPkVtZWxkIG1hZ2FzYWJiIHN6aW50cmUgYSB0ZWxqZXPDrXRtw6lueWVkZXQ8L2gyPgogICAgICAgICAgICA8cD5LaWZpbm9tdWx0IGFsa2FsbWF6a29kw7Nrw6lwZXNzw6lnLiBBIDREIGthcnTDoW1hc3pvayDDqXMgYSB0w7ZiYnBvesOtY2nDs3MgZMO2bnRoZXTFkSBtZWNoYW5pem11cyBhIHJpdG11c29kZGFsIMO2c3N6aGFuZ2JhbiBtb3pvZ25hay4gQSBzesOpa2VkbmVrIG9seWFuIGludGVsbGlnZW5zZW4ga2VsbCBtxbFrw7ZkbmllLCBtaW50IG5la2VkLiAgPC9wPgpbcHJvZHVjdF91cmwgaWQ9IjM5MTUiIG5hbWU9IkxlYXJuIG1vcmUiIGNsYXNzPSJjb2xsZWN0aW9uLWluZm9fX2FjdGlvbiIgL10KICAgICAgICA8L2Rpdj4KCiAgICAgICAKICAgICAgICA8aW1nIGNsYXNzPSJjb2xsZWN0aW9uLWluZm9fX2ltYWdlIiBzcmM9Ii93cC1jb250ZW50L3VwbG9hZHMvMjAyNS8wMS91bHRpbWF0ZS1jb2xsZWN0aW9uLXBlcmZvcm1hbmNlLnBuZyI+CiAgICA8L2Rpdj4KICAgIA==[\/vc_raw_html][vc_raw_html css=&#8221;&#8221;]ICAgICAgICA8ZGl2IGNsYXNzPSJjb2xsZWN0aW9uLXRocmVlIj4KICAgICAgICAgICAgPGRpdiBjbGFzcz0iY29sbGVjdGlvbi10aHJlZV9faXRlbSI+CiAgICAgICAgICAgICAgICBbcHJvZHVjdF91cmwgaWQ9IjM5MTUiXQogICAgICAgICAgICAgICAgPGltZyBjbGFzcz0iY29sbGVjdGlvbi10aHJlZV9faW1hZ2UiIHNyYz0iL3dwLWNvbnRlbnQvdXBsb2Fkcy8yMDI1LzAxL3VsdGltYXRlLWNvbGxlY3Rpb24tcmVkLWNoYWlyLTMucG5nIj4KICAgICAgICAgICAgICAgIFsvcHJvZHVjdF91cmxdCiAgICAgICAgICAgICAgICBbcHJvZHVjdF91cmwgaWQ9IjM5MTUiXQogICAgICAgICAgICAgICAgPGltZyBjbGFzcz0iY29sbGVjdGlvbi10aHJlZV9faW1hZ2UgY29sbGVjdGlvbi10aHJlZV9faW1hZ2UtLW1vYmlsZSIgc3JjPSIvd3AtY29udGVudC91cGxvYWRzLzIwMjUvMDEvdWx0aW1hdGUtY29sbGVjdGlvbi1yZWQtY2hhaXItbW9iaWxlLnBuZyI+CiAgICAgICAgICAgICAgICBbL3Byb2R1Y3RfdXJsXQogICAgICAgICAgICAgICAgPGRpdiBjbGFzcz0iY29sbGVjdGlvbi10aHJlZV9fYWN0aW9uIj4KICAgICAgICAgICAgICAgICAgICA8aDQ+W3Byb2R1Y3RfdXJsIGlkPSIzOTE1IiBuYW1lPSJVTFRJTUFURSBTcGFjZSBGb3JjZSIgL108L2g0PgogICAgICAgICAgICAgICAgICAgIFtwcm9kdWN0X3ByaWNlIGlkPSIzOTE1IiAvXQogICAgICAgICAgICAgICAgPC9kaXY+CiAgICAgICAgICAgIDwvZGl2PgoKICAgICAgICAgICAgPGRpdiBjbGFzcz0iY29sbGVjdGlvbi10aHJlZV9faXRlbSBjb2xsZWN0aW9uLXRocmVlX19pdGVtLS1sYXJnZSI+CiAgICAgICAgICAgICAgICA8aW1nIGNsYXNzPSJjb2xsZWN0aW9uLXRocmVlX19pbWFnZSIgc3JjPSIvd3AtY29udGVudC91cGxvYWRzLzIwMjUvMDEvdWx0aW1hdGUtY29sbGVjdGlvbi1lc2VudGlhbC1yZWQtdGhyZWUucG5nIj4KICAgICAgICAgICAgICAgIDxpbWcgY2xhc3M9ImNvbGxlY3Rpb24tdGhyZWVfX2ltYWdlIGNvbGxlY3Rpb24tdGhyZWVfX2ltYWdlLS1tb2JpbGUiIHNyYz0iL3dwLWNvbnRlbnQvdXBsb2Fkcy8yMDI1LzAxL3VsdGltYXRlLWNvbGxlY3Rpb24tc2l0dGluZy0xLnBuZyI+CiAgICAgICAgICAgIDwvZGl2PgoKICAgICAgICAgICAgPGRpdiBjbGFzcz0iY29sbGVjdGlvbi10aHJlZV9faXRlbSI+CiAgICAgICAgICAgICAgICA8aW1nIGNsYXNzPSJjb2xsZWN0aW9uLXRocmVlX19pbWFnZSIgc3JjPSIvd3AtY29udGVudC91cGxvYWRzLzIwMjUvMDEvdWx0aW1hdGUtY29sbGVjdGlvbi1yZWQtY2hhaXItNC5wbmciPgogICAgICAgICAgICAgICAgPGltZyBjbGFzcz0iY29sbGVjdGlvbi10aHJlZV9faW1hZ2UgY29sbGVjdGlvbi10aHJlZV9faW1hZ2UtLW1vYmlsZSIgc3JjPSIvd3AtY29udGVudC91cGxvYWRzLzIwMjUvMDEvdWx0aW1hdGUtY29sbGVjdGlvbi1yZWQtY2hhaXItNS1tb2JpbGUucG5nIj4KICAgICAgICAgICAgPC9kaXY+CiAgICAgICAgPC9kaXY+[\/vc_raw_html][vc_raw_html css=&#8221;&#8221;]CiAgICA8ZGl2IGNsYXNzPSJjb2xsZWN0aW9uLWluZm8gY29sbGVjdGlvbi1pbmZvLS1yZXZlcnNlIj4KICAgIDxkaXYgY2xhc3M9ImNvbGxlY3Rpb24taW5mb19fY29udGVudCBjb2xsZWN0aW9uLWluZm9fX2xvZ28iPgogICAgICAgICAgICA8aW1nIHNyYz0iL3dwLWNvbnRlbnQvdXBsb2Fkcy8yMDI1LzAxL3VsdGltYXRlLWJsYWNrLXJhdmVuLnN2ZyI+CiAgICA8L2Rpdj4KICAgICAgICAKICAgICAgICA8aW1nIGNsYXNzPSJjb2xsZWN0aW9uLWluZm9fX2ltYWdlIGNvbGxlY3Rpb24taW5mb19faW1hZ2UtLW1vYmlsZSIgc3JjPSIvd3AtY29udGVudC91cGxvYWRzLzIwMjUvMDEvdWx0aW1hdGUtY29sbGVjdGlvbi1sb29rcy1tb2JpbGUucG5nIj4KICAgIAogICAgICAgIDxkaXYgY2xhc3M9ImNvbGxlY3Rpb24taW5mb19fY29udGVudCI+CiAgICAgICAgICAgIDxoMj5WZXpldMWRaSBtZWdqZWxlbsOpcywgcHLDqW1pdW0gdGFydMOzc3PDoWc8L2gyPgogICAgICAgICAgICA8cD5VbHRpbWF0ZSBCbGFjayBSYXZlbiBtb2RlbGzDvG5rIENvcmR1cmEgYW55YWdiw7NsIGvDqXN6w7xsdCwgZXJlZGV0aWxlZyBrYXRvbmFpIMOpcyBrw7xsdMOpcmkgaGFzem7DoWxhdHJhIGZlamxlc3p0dmUuPC9wPgpbcHJvZHVjdF91cmwgaWQ9IjM5MTIiIG5hbWU9IkxlYXJuIG1vcmUiIGNsYXNzPSJjb2xsZWN0aW9uLWluZm9fX2FjdGlvbiIgL10KICAgICAgICA8L2Rpdj4KCiAgICAgICAKICAgICAgICA8aW1nIGNsYXNzPSJjb2xsZWN0aW9uLWluZm9fX2ltYWdlIiBzcmM9Ii93cC1jb250ZW50L3VwbG9hZHMvMjAyNS8wMS91bHRpbWF0ZS1jb2xsZWN0aW9uLWxvb2tzLnBuZyI+CiAgICA8L2Rpdj4KICAgIA==[\/vc_raw_html][vc_raw_html css=&#8221;&#8221;]CiAgICA8ZGl2IGNsYXNzPSJjb2xsZWN0aW9uLWluZm8iPgogICAgICAgIAogICAgICAgIDxpbWcgY2xhc3M9ImNvbGxlY3Rpb24taW5mb19faW1hZ2UgY29sbGVjdGlvbi1pbmZvX19pbWFnZS0tbW9iaWxlIiBzcmM9Ii93cC1jb250ZW50L3VwbG9hZHMvMjAyNS8wMS91bHRpbWF0ZS1jb2xsZWN0aW9uLWJsYWNrLWNoYWlyLTQtbW9iaWxlLnBuZyI+CiAgICAKICAgICAgICA8ZGl2IGNsYXNzPSJjb2xsZWN0aW9uLWluZm9fX2NvbnRlbnQiPgogICAgICAgICAgICA8aDI+Vmlzc3phZm9nb3R0IHRla2ludMOpbHk8L2gyPgogICAgICAgICAgICA8cD5MZXRpc3p0dWx0IHZvbmFsYWsuIEPDqWx0dWRhdG9zIGRlc2lnbi4gSWTFkXRsZW4gZWxlZ2FuY2lhLiBBem9rbmFrIGEgcHJvZmlrbmFrLCBha2lrIHR1ZGrDoWssIGhvZ3kgYXogaWdhemkgZXLFkSBhIGplbGVubMOpdGVuIGtlcmVzenTDvGwgbnlpbHbDoW51bCBtZWcsIG5lbSBhIGhhbmdvcyBraWplbGVudMOpc2VrZW4uICAgPC9wPgogICAgICAgICAgICBbcHJvZHVjdF91cmwgaWQ9IjM5MTIiIG5hbWU9IkxlYXJuIG1vcmUiIGNsYXNzPSJjb2xsZWN0aW9uLWluZm9fX2FjdGlvbiIgL10KICAgICAgICA8L2Rpdj4KCiAgICAgICAKICAgICAgICA8aW1nIGNsYXNzPSJjb2xsZWN0aW9uLWluZm9fX2ltYWdlIiBzcmM9Ii93cC1jb250ZW50L3VwbG9hZHMvMjAyNS8wMS91bHRpbWF0ZS1jb2xsZWN0aW9uLWJsYWNrLWNoYWlyLTQucG5nIj4KICAgIDwvZGl2PgogICAg[\/vc_raw_html][vc_raw_html css=&#8221;&#8221;]ICAgICAgICA8ZGl2IGNsYXNzPSJjb2xsZWN0aW9uLXRocmVlIj4KICAgICAgICAgICAgPGRpdiBjbGFzcz0iY29sbGVjdGlvbi10aHJlZV9faXRlbSI+CiAgICAgICAgICAgICAgICA8aW1nIGNsYXNzPSJjb2xsZWN0aW9uLXRocmVlX19pbWFnZSIgc3JjPSIvd3AtY29udGVudC91cGxvYWRzLzIwMjUvMDEvdWx0aW1hdGUtY29sbGVjdGlvbi1ibGFjay1jaGFpci0yLnBuZyI+CiAgICAgICAgICAgICAgICA8aW1nIGNsYXNzPSJjb2xsZWN0aW9uLXRocmVlX19pbWFnZSBjb2xsZWN0aW9uLXRocmVlX19pbWFnZS0tbW9iaWxlIiBzcmM9Ii93cC1jb250ZW50L3VwbG9hZHMvMjAyNS8wMS90aHJlZS1hdXRob3JpdHktMy1tb2JpbGUucG5nIj4KICAgICAgICAgICAgPC9kaXY+CgogICAgICAgICAgICA8ZGl2IGNsYXNzPSJjb2xsZWN0aW9uLXRocmVlX19pdGVtIj4KICAgICAgICAgICAgICAgIFtwcm9kdWN0X3VybCBpZD0iMzkxMiJdCiAgICAgICAgICAgICAgICA8aW1nIGNsYXNzPSJjb2xsZWN0aW9uLXRocmVlX19pbWFnZSIgc3JjPSIvd3AtY29udGVudC91cGxvYWRzLzIwMjUvMDEvdWx0aW1hdGUtY29sbGVjdGlvbi1ibGFjay1jaGFpci5wbmciPgogICAgICAgICAgICAgICAgWy9wcm9kdWN0X3VybF0KICAgICAgICAgICAgICAgIFtwcm9kdWN0X3VybCBpZD0iMzkxMiJdCiAgICAgICAgICAgICAgICA8aW1nIGNsYXNzPSJjb2xsZWN0aW9uLXRocmVlX19pbWFnZSBjb2xsZWN0aW9uLXRocmVlX19pbWFnZS0tbW9iaWxlIiBzcmM9Ii93cC1jb250ZW50L3VwbG9hZHMvMjAyNS8wMS91bHRpbWF0ZS1jb2xsZWN0aW9uLWJsYWNrLWNoYWlyLW1vYmlsZS5wbmciPgogICAgICAgICAgICAgICAgWy9wcm9kdWN0X3VybF0KICAgICAgICAgICAgICAgICAgICAgICAgICAgICAgICA8ZGl2IGNsYXNzPSJjb2xsZWN0aW9uLXRocmVlX19hY3Rpb24iPgogICAgICAgICAgICAgICAgICAgIDxoND5bcHJvZHVjdF91cmwgaWQ9IjM5MTIiIG5hbWU9IlVMVElNQVRFIEJsYWNrIFJhdmVuIiAvXTwvaDQ+CiAgICAgICAgICAgICAgICAgICAgW3Byb2R1Y3RfcHJpY2UgaWQ9IjM5MTIiIC9dCiAgICAgICAgICAgICAgICA8L2Rpdj4KICAgICAgICAgICAgPC9kaXY+CgogICAgICAgICAgICA8ZGl2IGNsYXNzPSJjb2xsZWN0aW9uLXRocmVlX19pdGVtIGNvbGxlY3Rpb24tdGhyZWVfX2l0ZW0tLWxhcmdlIj4KICAgICAgICAgICAgICAgIDxpbWcgY2xhc3M9ImNvbGxlY3Rpb24tdGhyZWVfX2ltYWdlIiBzcmM9Ii93cC1jb250ZW50L3VwbG9hZHMvMjAyNS8wMS90aHJlZS1hdXRob3JpdHktMy5wbmciPgogICAgICAgICAgICAgICAgPGltZyBjbGFzcz0iY29sbGVjdGlvbi10aHJlZV9faW1hZ2UgY29sbGVjdGlvbi10aHJlZV9faW1hZ2UtLW1vYmlsZSIgc3JjPSIvd3AtY29udGVudC91cGxvYWRzLzIwMjUvMDEvdWx0aW1hdGUtY29sbGVjdGlvbi1ibGFjay1jaGFpci0zLnBuZyI+CiAgICAgICAgICAgIDwvZGl2PgogICAgICAgIDwvZGl2Pg==[\/vc_raw_html][other_collections header=&#8221;N\u00e9zd meg a t\u00f6bbi kollekci\u00f3t&#8221; action_button_1_0=&#8221;Tudj meg t\u00f6bbet&#8221; action_button_2_0=&#8221;V\u00e1s\u00e1rl\u00e1s&#8221; text_1_1=&#8221;A parancsnok&#8221; text_2_1=&#8221;\u00fcl\u00e9se&#8221; action_button_1_1=&#8221;Tudj meg t\u00f6bbet&#8221; action_button_2_1=&#8221;V\u00e1s\u00e1rl\u00e1s&#8221; page_id_1=&#8221;8864&#8243; background_image_1=&#8221;6831&#8243; logo_1=&#8221;6807&#8243; text_1_2=&#8221;Egy sz\u00e9k a t\u00f6k\u00e9letes&#8221; text_2_2=&#8221;ergon\u00f3mi\u00e1val&#8221; action_button_1_2=&#8221;Tudj meg t\u00f6bbet&#8221; action_button_2_2=&#8221;V\u00e1s\u00e1rl\u00e1s&#8221; page_id_2=&#8221;9121&#8243; background_image_2=&#8221;6835&#8243; logo_2=&#8221;6811&#8243; text_1_0=&#8221;A teljes\u00edtm\u00e9ny&#8221; text_2_0=&#8221;v\u00e1laszt\u00e1sa&#8221; page_id_0=&#8221;8675&#8243; background_image_0=&#8221;8724&#8243; logo_0=&#8221;6803&#8243;][\/vc_column][\/vc_row]<\/p>\n<\/div>","protected":false},"excerpt":{"rendered":"<p>Paradox Ultimate Kollekci\u00f3 \u2014 z\u00e1szl\u00f3shaj\u00f3 gaming sz\u00e9k hidegen \u00f6nt\u00f6tt nagy s\u0171r\u0171s\u00e9g\u0171 habbal, m\u00e1gneses memory-foam \u00e1gy\u00e9kt\u00e1masz, 4D karf\u00e1k, multiblock d\u0151l\u00e9s. Pr\u00e9mium eco-b\u0151r, 150\u00b0 d\u0151l\u00e9s, 150 kg. 4 sz\u00edn. 100 napos visszat\u00e9r\u00edt\u00e9s.<\/p>\n","protected":false},"author":1,"featured_media":0,"parent":0,"menu_order":0,"comment_status":"closed","ping_status":"closed","template":"template-fullwidth.php","meta":{"footnotes":""},"class_list":["post-26903","page","type-page","status-publish","hentry","no-thumb"],"_links":{"self":[{"href":"https:\/\/paradox24.com\/hu\/wp-json\/wp\/v2\/pages\/26903","targetHints":{"allow":["GET"]}}],"collection":[{"href":"https:\/\/paradox24.com\/hu\/wp-json\/wp\/v2\/pages"}],"about":[{"href":"https:\/\/paradox24.com\/hu\/wp-json\/wp\/v2\/types\/page"}],"author":[{"embeddable":true,"href":"https:\/\/paradox24.com\/hu\/wp-json\/wp\/v2\/users\/1"}],"replies":[{"embeddable":true,"href":"https:\/\/paradox24.com\/hu\/wp-json\/wp\/v2\/comments?post=26903"}],"version-history":[{"count":11,"href":"https:\/\/paradox24.com\/hu\/wp-json\/wp\/v2\/pages\/26903\/revisions"}],"predecessor-version":[{"id":30932,"href":"https:\/\/paradox24.com\/hu\/wp-json\/wp\/v2\/pages\/26903\/revisions\/30932"}],"wp:attachment":[{"href":"https:\/\/paradox24.com\/hu\/wp-json\/wp\/v2\/media?parent=26903"}],"curies":[{"name":"wp","href":"https:\/\/api.w.org\/{rel}","templated":true}]}}