{"id":26810,"date":"2024-12-31T17:27:01","date_gmt":"2024-12-31T16:27:01","guid":{"rendered":"https:\/\/paradox24.com\/main-page\/"},"modified":"2026-03-05T12:38:52","modified_gmt":"2026-03-05T11:38:52","slug":"main-page","status":"publish","type":"page","link":"https:\/\/paradox24.com\/hu\/","title":{"rendered":"F\u0151oldal"},"content":{"rendered":"<div class=\"wpb-content-wrapper\"><p>[vc_row full_width=&#8221;stretch_row_content_no_spaces&#8221; el_class=&#8221;supro-container&#8221;][vc_column][vc_raw_html css=&#8221;&#8221;]PGRpdiBjbGFzcz0iaGV5LXBhcmFkb3giPgo8aDE+U3ppYXN6dG9rITxzcGFuPk1pIHZhZ3l1bmsgYSBQYXJhZG94ITwvc3Bhbj48L2gxPgoKPHA+TmFneSB0ZWxqZXPDrXRtw6luecWxIHN6w6lrZWtldCBrw6lzesOtdMO8bmssIGhvZ3kgc2Vnw610c8O8bmsgbWF4aW1hbGl6w6FsbmkgYSBwb3RlbmNpw6Fsb2RhdCBtaW5kIGEgbXVua8OhYmFuLCBtaW5kIGEgasOhdMOpa2Jhbi48L3A+CjwvZGl2Pg==[\/vc_raw_html][\/vc_column][\/vc_row][vc_row full_width=&#8221;stretch_row_content_no_spaces&#8221;][vc_column][vc_raw_html css=&#8221;&#8221;]JTNDc3R5bGUlM0UlMEEucHgyNC1wcm9tby1iYW5uZXIlMjAlN0IlMEElMDlwYWRkaW5nJTNBJTIwMjBweCUzQiUwQSU3RCUwQS5weDI0LXByb21vLWJhbm5lcl9faXRlbSUyMCU3QiUwQSUwOWRpc3BsYXklM0ElMjBibG9jayUzQiUwQSUwOXdpZHRoJTNBJTIwMTAwJTI1JTNCJTBBJTA5Ym9yZGVyLXJhZGl1cyUzQSUyMDE2cHglM0IlMEElMDlvdmVyZmxvdyUzQSUyMGhpZGRlbiUzQiUwQSU3RCUwQS5weDI0LXByb21vLWJhbm5lcl9faXRlbSUyMGltZyUyMCU3QiUwQSUwOXdpZHRoJTNBJTIwMTAwJTI1JTNCJTBBJTA5aGVpZ2h0JTNBJTIwYXV0byUzQiUwQSUwOWRpc3BsYXklM0ElMjBibG9jayUzQiUwQSU3RCUwQSU0MG1lZGlhJTIwJTI4bWF4LXdpZHRoJTNBJTIwNzY4cHglMjklMjAlN0IlMEElMDkucHgyNC1wcm9tby1iYW5uZXIlMjAlN0IlMEElMDklMDlwYWRkaW5nJTNBJTIwMCUzQiUwQSUwOSU3RCUwQSUwOS5weDI0LXByb21vLWJhbm5lcl9faXRlbSUyMCU3QiUwQSUwOSUwOWJvcmRlci1yYWRpdXMlM0ElMjAwJTNCJTBBJTA5JTdEJTBBJTdEJTBBJTBBJTNDJTJGc3R5bGUlM0UlMEElMEElM0NkaXYlMjBjbGFzcyUzRCUyMm1haW4tbGFuZGluZyUyMG1haW4tbGFuZGluZy0tYmxhY2slMjIlM0UlMEElMDklM0NkaXYlMjBjbGFzcyUzRCUyMm1haW4tbGFuZGluZ19fY29udGVudCUyMiUzRSUwQSUwOSUwOSUzQ2gyJTNFQWhvbCUyMGF6JTIwZXJnb24lQzMlQjNtaWElM0MlMkZoMiUzRSUwQSUwOSUwOSUzQ3AlM0V0JUMzJUI2ayVDMyVBOWxldGVzJTNDJTJGcCUzRSUwQSUwOSUwOSUzQ2ltZyUyMHNyYyUzRCUyMiUyRndwLWNvbnRlbnQlMkZ1cGxvYWRzJTJGMjAyNSUyRjAxJTJGZXJnby1ibGFjay5zdmclMjIlMjAlMkYlM0UlMEElMDklMDklM0NkaXYlMjBjbGFzcyUzRCUyMm1haW4tbGFuZGluZ19fYWN0aW9uJTIyJTNFJTBBJTA5JTA5JTA5JTVCcG9zdF91cmwlMjBpZCUzRCUyMjkxMjElMjIlMjBuYW1lJTNEJTIyVHVkaiUyMG1lZyUyMHQlQzMlQjZiYmV0JTIyJTIwJTJGJTVEJTBBJTA5JTA5JTA5JTVCcG9zdF91cmwlMjBpZCUzRCUyMjkxMjElMjIlMjBuYW1lJTNEJTIyViVDMyVBMXMlQzMlQTFybCVDMyVBMXMlMjIlMjAlMkYlNUQlMEElMDklMDklM0MlMkZkaXYlM0UlMEElMDklM0MlMkZkaXYlM0UlMEElMDklM0NpbWclMjBjbGFzcyUzRCUyMm1haW4tbGFuZGluZ19fYmFja2dyb3VuZCUyMiUyMHNyYyUzRCUyMiUyRndwLWNvbnRlbnQlMkZ1cGxvYWRzJTJGMjAyNSUyRjAxJTJGZXJnb29uZS5wbmclMjIlMjAlMkYlM0UlMEElMDklM0NpbWclMjBjbGFzcyUzRCUyMm1haW4tbGFuZGluZ19fYmFja2dyb3VuZCUyMG1haW4tbGFuZGluZ19fYmFja2dyb3VuZC0tbW9iaWxlJTIyJTIwc3JjJTNEJTIyJTJGd3AtY29udGVudCUyRnVwbG9hZHMlMkYyMDI1JTJGMDElMkZlcmdvb25lLW1vYmlsZS5wbmclMjIlMjAlMkYlM0UlMEElM0MlMkZkaXYlM0UlMEElMEElM0NkaXYlMjBjbGFzcyUzRCUyMm1haW4tbGFuZGluZyUyMG1haW4tbGFuZGluZy0tbGlnaHQlMjIlM0UlMEElMDklM0NkaXYlMjBjbGFzcyUzRCUyMm1haW4tbGFuZGluZ19fY29udGVudCUyMiUzRSUwQSUwOSUwOSUzQ2gyJTNFQWhvbCUyMGF6JTIwJUMzJUJDbCVDMyVBOXMlMjBtJUM1JUIxdiVDMyVBOXN6ZXQlM0MlMkZoMiUzRSUwQSUwOSUwOSUzQ2RpdiUyMHN0eWxlJTNEJTIybWFyZ2luJTNBJTIwMjRweCUyMDAlMjAxNnB4JTIwMCUzQiUyMHRleHQtYWxpZ24lM0ElMjBsZWZ0JTNCJTIyJTNFJTNDc3ZnJTIwc3R5bGUlM0QlMjJ3aWR0aCUzQSUyMDEwMCUyNSUzQiUyMGhlaWdodCUzQSUyMGF1dG8lM0IlMjIlMjB2ZXJzaW9uJTNEJTIyMS4wJTIyJTIweG1sbnMlM0QlMjJodHRwJTNBJTJGJTJGd3d3LnczLm9yZyUyRjIwMDAlMkZzdmclMjIlMjB2aWV3Qm94JTNEJTIyMCUyMDAlMjAxMzAwLjAwMDAwMCUyMDk5LjAwMDAwMCUyMiUwQSUyMHByZXNlcnZlQXNwZWN0UmF0aW8lM0QlMjJ4TWluWU1pZCUyMG1lZXQlMjIlM0UlMEElMEElM0NnJTIwdHJhbnNmb3JtJTNEJTIydHJhbnNsYXRlJTI4MC4wMDAwMDAlMkM5OS4wMDAwMDAlMjklMjBzY2FsZSUyODAuMTAwMDAwJTJDLTAuMTAwMDAwJTI5JTIyJTBBZmlsbCUzRCUyMiUyMzAwMDAwMCUyMiUyMHN0cm9rZSUzRCUyMm5vbmUlMjIlM0UlMEElM0NwYXRoJTIwZCUzRCUyMk01OTkwJTIwOTI3JTIwYy0zMCUyMC0xNiUyMC01MSUyMC0zNyUyMC02NyUyMC02NyUyMC0yMyUyMC00MyUyMC0yMyUyMC00NiUyMC0yMyUyMC00MTclMjBsMCUwQS0zNzMlMjA3NSUyMDAlMjA3NSUyMDAlMjAyJTIwMzg3JTIwMyUyMDM4OCUyMDIxNSUyMC0zNjQlMjBjMTQ4JTIwLTI1MCUyMDIyNSUyMC0zNzElMjAyNDglMjAtMzg5JTIwNjQlMjAtNDklMjAxNjYlMEEtNDAlMjAyMjElMjAyMCUyMDExJTIwMTElMjAxMTQlMjAxODAlMjAyMjglMjAzNzQlMjAxMTQlMjAxOTQlMjAyMTAlMjAzNTMlMjAyMTMlMjAzNTQlMjAzJTIwMCUyMDQlMjAtMTczJTIwMiUyMC0zODUlMEFsLTIlMjAtMzg1JTIwNzUlMjAwJTIwNzUlMjAwJTIwMCUyMDM3NiUyMGMwJTIwNDE5JTIwMCUyMDQyMCUyMC02OCUyMDQ3MiUyMC0zMCUyMDIzJTIwLTQ2JTIwMjclMjAtOTclMjAyNyUyMC05OSUyMDAlMEEtMTA0JTIwLTYlMjAtMzM2JTIwLTM5OSUyMC0xMTIlMjAtMTkwJTIwLTIwNyUyMC0zNDYlMjAtMjExJTIwLTM0NiUyMC00JTIwMCUyMC0zOSUyMDU1JTIwLTc5JTIwMTIzJTIwLTMyMSUwQTU0NSUyMC0zNDIlMjA1NzglMjAtMzg0JTIwNjAzJTIwLTUzJTIwMzElMjAtMTA4JTIwMzElMjAtMTY1JTIwMXolMjIlMkYlM0UlMEElM0NwYXRoJTIwZCUzRCUyMk05NDM5JTIwOTI3JTIwYy0zOCUyMC0yMCUyMC03NiUyMC02OCUyMC0yOTElMjAtMzY4JTIwLTEzNiUyMC0xODklMjAtMjcwJTIwLTM3NyUyMC0yOTglMjAtNDE2JTBBbC01MSUyMC03MyUyMDk1JTIwMCUyMDk1JTIwMCUyMDY4JTIwMTAwJTIwNjglMjA5OSUyMDQwMCUyMDAlMjA0MDAlMjAwJTIwNjklMjAtOTklMjA2OSUyMC0xMDAlMjA5NCUyMDAlMjBjNzUlMjAwJTIwOTIlMjAzJTBBODYlMjAxMyUyMC0xMCUyMDE2JTIwLTI5MiUyMDQwOSUyMC00NjUlMjA2NDklMjAtMTA3JTIwMTQ4JTIwLTEzNSUyMDE3OSUyMC0xNzElMjAxOTclMjAtNTclMjAyNyUyMC0xMTMlMjAyNyUwQS0xNjglMjAtMnolMjBtMjI1JTIwLTI5MiUyMGM3NSUyMC0xMDclMjAxMzYlMjAtMTk5JTIwMTM2JTIwLTIwNSUyMDAlMjAtNiUyMC0xMDYlMjAtOSUyMC0yNzUlMjAtOSUyMC0xODIlMjAwJTBBLTI3NSUyMDMlMjAtMjc1JTIwMTAlMjAwJTIwMTAlMjAyNjglMjAzOTklMjAyNzUlMjAzOTklMjAyJTIwMCUyMDY0JTIwLTg4JTIwMTM5JTIwLTE5NXolMjIlMkYlM0UlMEElM0NwYXRoJTIwZCUzRCUyMk0xMDQyMyUyMDkyNSUyMGMtMjclMjAtMTYlMjAtNDklMjAtNDAlMjAtNjIlMjAtNjglMjAtMjAlMjAtNDIlMjAtMjElMjAtNTklMjAtMjElMjAtNDE1JTIwbDAlMEEtMzcyJTIwNzUlMjAwJTIwNzUlMjAwJTIwMCUyMDM3NiUyMGMwJTIwMjA3JTIwMyUyMDM3NCUyMDglMjAzNzIlMjA0JTIwLTElMjAxNjQlMjAtMTYzJTIwMzU3JTIwLTM1OCUyMDE5MiUyMC0xOTUlMjAzNjUlMEEtMzY1JTIwMzg1JTIwLTM3NyUyMDc0JTIwLTQ4JTIwMTc0JTIwLTIzJTIwMjI3JTIwNTYlMjAyMyUyMDM0JTIwMjMlMjAzNSUyMDIzJTIwNDE4JTIwbDAlMjAzODQlMjAtNzIlMjAtMyUyMC03MyUyMC0zJTBBLTUlMjAtMzc0JTIwLTUlMjAtMzc0JTIwLTM1MyUyMDM1OSUyMGMtMTk1JTIwMTk3JTIwLTM3MCUyMDM2OSUyMC0zOTAlMjAzODElMjAtNTElMjAzMSUyMC0xMTUlMjAzMCUyMC0xNjklMjAtMnolMjIlMkYlM0UlMEElM0NwYXRoJTIwZCUzRCUyMk0zNzklMjA5MzMlMjBjLTE1JTIwLTIlMjAtNTElMjAtMTglMjAtODAlMjAtMzYlMjAtNDElMjAtMjUlMjAtNjAlMjAtNDUlMjAtODElMjAtODYlMjBsLTI4JTIwLTUzJTBBMCUyMC0yNDUlMjBjMCUyMC0xNTUlMjA0JTIwLTI2MCUyMDExJTIwLTI4NCUyMDE2JTIwLTUwJTIwNjElMjAtMTA1JTIwMTEyJTIwLTEzMiUyMDQyJTIwLTIyJTIwNDglMjAtMjIlMjA1MzAlMjAtMjUlMEFsNDg3JTIwLTMlMjAwJTIwNzYlMjAwJTIwNzUlMjAtNDk1JTIwMCUyMC00OTUlMjAwJTIwMCUyMDEwNSUyMDAlMjAxMDUlMjA0OTUlMjAwJTIwNDk1JTIwMCUyMDAlMjA3NSUyMDAlMjA3NSUyMC00OTUlMjAwJTBBLTQ5NSUyMDAlMjAwJTIwMTA1JTIwMCUyMDEwNSUyMDQ5NSUyMDAlMjA0OTUlMjAwJTIwMCUyMDc1JTIwMCUyMDc1JTIwLTQ2MiUyMC0xJTIwYy0yNTUlMjAtMSUyMC00NzUlMjAtNCUyMC00ODklMjAtNnolMjIlMkYlM0UlMEElM0NwYXRoJTIwZCUzRCUyMk0xNTEwJTIwNTA1JTIwbDAlMjAtNDM1JTIwNzUlMjAwJTIwNzUlMjAwJTIwMCUyMDEzMCUyMDAlMjAxMzAlMjA0MjAlMjAwJTIwNDIwJTIwMCUyMDAlMjAtMTMwJTIwMCUyMC0xMzAlMEE3NSUyMDAlMjA3NSUyMDAlMjAwJTIwMTA4JTIwYzAlMjAxMjAlMjAtMTclMjAxNzIlMjAtNjUlMjAyMTAlMjBsLTI3JTIwMjIlMjAzMCUyMDI1JTIwYzUwJTIwNDIlMjA2NSUyMDk3JTIwNjAlMjAyMjIlMjAtNCUwQTExOCUyMC0yMCUyMDE2MyUyMC03NSUyMDIxNSUyMC02NiUyMDYzJTIwLTYxJTIwNjMlMjAtNTg1JTIwNjYlMjBsLTQ3OCUyMDMlMjAwJTIwLTQzNnolMjBtOTg1JTIwMTMwJTIwbDAlMjAtMTUwJTBBLTQxNyUyMC0yJTIwLTQxOCUyMC0zJTIwMCUyMDE1NSUyMDAlMjAxNTUlMjA0MTglMjAtMiUyMDQxNyUyMC0zJTIwMCUyMC0xNTB6JTIyJTJGJTNFJTBBJTNDcGF0aCUyMGQlM0QlMjJNMjk5NyUyMDkyNiUyMGMtNjIlMjAtMTclMjAtMTE2JTIwLTYxJTIwLTE0NyUyMC0xMjIlMjAtMjUlMjAtNDglMjAtMjUlMjAtNTIlMjAtMjUlMjAtMjk0JTIwMCUwQS0yMTMlMjAyJTIwLTI1MSUyMDE4JTIwLTI5MiUyMDIyJTIwLTU3JTIwODklMjAtMTE5JTIwMTQ1JTIwLTEzNiUyMDUyJTIwLTE2JTIwNzYwJTIwLTE3JTIwODE1JTIwLTElMjA0NyUyMDEzJTIwMTExJTBBNjklMjAxNDAlMjAxMjMlMjAxOSUyMDM2JTIwMjIlMjA2MCUyMDI1JTIwMjA5JTIwbDQlMjAxNjclMjAtMjk2JTIwMCUyMC0yOTYlMjAwJTIwMCUyMC03NSUyMDAlMjAtNzUlMjAyMjAlMjAwJTIwMjIwJTIwMCUwQTAlMjAtMTA1JTIwMCUyMC0xMDUlMjAtNDIwJTIwMCUyMC00MjAlMjAwJTIwMCUyMDI4NSUyMDAlMjAyODUlMjA0OTUlMjAwJTIwNDk2JTIwMCUyMC0zJTIwNzMlMjAtMyUyMDcyJTIwLTQ2MCUyMDIlMEFjLTM1MCUyMDElMjAtNDcxJTIwLTElMjAtNTA4JTIwLTExeiUyMiUyRiUzRSUwQSUzQ3BhdGglMjBkJTNEJTIyTTQzMTglMjA5MjYlMjBjLTYxJTIwLTE2JTIwLTExMSUyMC01NiUyMC0xNDUlMjAtMTE0JTIwbC0yOCUyMC00NyUyMDAlMjAtMjYwJTIwYzAlMjAtMjQ4JTIwMSUwQS0yNjIlMjAyMiUyMC0zMDElMjAyOSUyMC01NCUyMDkzJTIwLTExMCUyMDE0MCUyMC0xMjMlMjAyNCUyMC03JTIwMTc4JTIwLTExJTIwNDA5JTIwLTExJTIwNDExJTIwMCUyMDQyOSUyMDIlMjA0OTIlMEE2MyUyMDE5JTIwMTglMjA0MyUyMDUwJTIwNTUlMjA3MiUyMDIxJTIwMzglMjAyMiUyMDUzJTIwMjIlMjAyOTUlMjAwJTIwMjU0JTIwMCUyMDI1NiUyMC0yNiUyMDMwNSUyMC0zMiUyMDYyJTIwLTkzJTIwMTEwJTBBLTE1OSUyMDEyNCUyMC03NCUyMDE2JTIwLTcyMSUyMDE0JTIwLTc4MiUyMC0zeiUyMG04MTclMjAtNDIxJTIwbDAlMjAtMjgwJTIwLTQyMCUyMDAlMjAtNDIwJTIwMCUyMC0zJTIwMjcwJTIwYy0xJTBBMTQ4JTIwMCUyMDI3NSUyMDMlMjAyODIlMjAzJTIwMTElMjA5MSUyMDEzJTIwNDIyJTIwMTElMjBsNDE4JTIwLTMlMjAwJTIwLTI4MHolMjIlMkYlM0UlMEElM0NwYXRoJTIwZCUzRCUyMk03NTEwJTIwNTA1JTIwbDAlMjAtNDM1JTIwNzUlMjAwJTIwNzUlMjAwJTIwMCUyMDQzNSUyMDAlMjA0MzUlMjAtNzUlMjAwJTIwLTc1JTIwMCUyMDAlMjAtNDM1eiUyMiUyRiUzRSUwQSUzQ3BhdGglMjBkJTNEJTIyTTc4NDAlMjA1OTQlMjBjMCUyMC0zMzIlMjAxJTIwLTM1MCUyMDIxJTIwLTM5MSUyMDI1JTIwLTUzJTIwODYlMjAtMTA2JTIwMTM4JTIwLTEyMSUyMDI2JTIwLTglMjAxNTMlMEEtMTIlMjAzOTUlMjAtMTIlMjBsMzU2JTIwMCUyMDAlMjA3NSUyMDAlMjA3NSUyMC0zODAlMjAwJTIwLTM4MCUyMDAlMjAtMiUyMDM1NyUyMC0zJTIwMzU4JTIwLTcyJTIwMyUyMC03MyUyMDMlMjAwJTIwLTM0N3olMjIlMkYlM0UlMEElM0NwYXRoJTIwZCUzRCUyMk0xMTg1NSUyMDkzMSUyMGMtNzclMjAtMjAlMjAtMTU1JTIwLTkwJTIwLTE3NSUyMC0xNTglMjAtOCUyMC0yNSUyMC0xMCUyMC0xMjMlMjAtOCUyMC0yODklMjBsMyUwQS0yNTElMjAzMCUyMC00OSUyMGMxOSUyMC0zMCUyMDQ5JTIwLTYwJTIwNzklMjAtNzklMjBsNDklMjAtMzAlMjAzODMlMjAtMyUyMGMyNDQlMjAtMiUyMDM5OCUyMDElMjA0MjIlMjA4JTIwNjMlMjAxNiUwQTEyMSUyMDY1JTIwMTQ4JTIwMTIzJTIwMjMlMjA1MSUyMDI0JTIwNTklMjAyNCUyMDMwMCUyMDAlMjAyNzQlMjAtMyUyMDI5MyUyMC02MyUyMDM1NSUyMC0xOCUyMDE5JTIwLTUwJTIwNDMlMjAtNzIlMjA1NSUwQS0zOSUyMDIxJTIwLTUxJTIwMjIlMjAtNDE1JTIwMjQlMjAtMjA2JTIwMSUyMC0zODglMjAtMiUyMC00MDUlMjAtNnolMjBtODA1JTIwLTQyNiUyMGwwJTIwLTI4NSUyMC00MjAlMjAwJTIwLTQyMCUwQTAlMjAwJTIwMjg1JTIwMCUyMDI4NSUyMDQyMCUyMDAlMjA0MjAlMjAwJTIwMCUyMC0yODV6JTIyJTJGJTNFJTBBJTNDJTJGZyUzRSUwQSUzQyUyRnN2ZyUzRSUzQyUyRmRpdiUzRSUwQSUwOSUwOSUzQ2RpdiUyMGNsYXNzJTNEJTIybWFpbi1sYW5kaW5nX19hY3Rpb24lMjIlM0UlMEElMDklMDklMDklNUJwb3N0X3VybCUyMGlkJTNEJTIyMzAwODAlMjIlMjBuYW1lJTNEJTIyVHVkaiUyMG1lZyUyMHQlQzMlQjZiYmV0JTIyJTIwJTJGJTVEJTBBJTA5JTA5JTA5JTVCcG9zdF91cmwlMjBpZCUzRCUyMjMwMDgwJTIyJTIwbmFtZSUzRCUyMlYlQzMlQTFzJUMzJUExcmwlQzMlQTFzJTIyJTIwJTJGJTVEJTBBJTA5JTA5JTNDJTJGZGl2JTNFJTBBJTA5JTNDJTJGZGl2JTNFJTBBJTA5JTNDaW1nJTIwY2xhc3MlM0QlMjJtYWluLWxhbmRpbmdfX2JhY2tncm91bmQlMjIlMjBzcmMlM0QlMjIlMkZ3cC1jb250ZW50JTJGdXBsb2FkcyUyRjIwMjYlMkYwMyUyRkVyZ29fTWlsYW5vX0hlcm9fZGVza3RvcC5qcGVnJTIyJTIwJTJGJTNFJTBBJTA5JTNDaW1nJTIwY2xhc3MlM0QlMjJtYWluLWxhbmRpbmdfX2JhY2tncm91bmQlMjBtYWluLWxhbmRpbmdfX2JhY2tncm91bmQtLW1vYmlsZSUyMiUyMHNyYyUzRCUyMiUyRndwLWNvbnRlbnQlMkZ1cGxvYWRzJTJGMjAyNiUyRjAzJTJGRXJnb19NaWxhbm9fSGVyb19tb2JpbGUucG5nJTIyJTIwJTJGJTNFJTBBJTNDJTJGZGl2JTNFJTBBJTBBJTNDZGl2JTIwY2xhc3MlM0QlMjJtYWluLWxhbmRpbmclMjIlM0UlMEElMDklM0NkaXYlMjBjbGFzcyUzRCUyMm1haW4tbGFuZGluZ19fY29udGVudCUyMiUzRSUwQSUwOSUwOSUzQ2gyJTNFQW1pdCUyMG1pbmRlbiUyMHByb2ZpJTNDJTJGaDIlM0UlMEElMDklMDklM0NwJTNFdiVDMyVBMWxhc3p0JTNDJTJGcCUzRSUwQSUwOSUwOSUzQ2ltZyUyMHNyYyUzRCUyMiUyRndwLWNvbnRlbnQlMkZ1cGxvYWRzJTJGMjAyNCUyRjEyJTJGdWx0aW1hdGUuc3ZnJTIyJTIwJTJGJTNFJTBBJTA5JTA5JTNDZGl2JTIwY2xhc3MlM0QlMjJtYWluLWxhbmRpbmdfX2FjdGlvbiUyMiUzRSUwQSUwOSUwOSUwOSU1QnBvc3RfdXJsJTIwaWQlM0QlMjI3NzEwJTIyJTIwbmFtZSUzRCUyMlR1ZGolMjBtZWclMjB0JUMzJUI2YmJldCUyMiUyMCUyRiU1RCUwQSUwOSUwOSUwOSU1QnBvc3RfdXJsJTIwaWQlM0QlMjI3NzEwJTIyJTIwbmFtZSUzRCUyMlYlQzMlQTFzJUMzJUExcmwlQzMlQTFzJTIyJTIwJTJGJTVEJTBBJTA5JTA5JTNDJTJGZGl2JTNFJTBBJTA5JTNDJTJGZGl2JTNFJTBBJTA5JTNDaW1nJTIwY2xhc3MlM0QlMjJtYWluLWxhbmRpbmdfX2JhY2tncm91bmQlMjIlMjBzcmMlM0QlMjIlMkZ3cC1jb250ZW50JTJGdXBsb2FkcyUyRjIwMjQlMkYxMiUyRnVsdGltYXRlLnBuZyUyMiUyMCUyRiUzRSUwQSUwOSUzQ2ltZyUyMGNsYXNzJTNEJTIybWFpbi1sYW5kaW5nX19iYWNrZ3JvdW5kJTIwbWFpbi1sYW5kaW5nX19iYWNrZ3JvdW5kLS1tb2JpbGUlMjIlMjBzcmMlM0QlMjIlMkZ3cC1jb250ZW50JTJGdXBsb2FkcyUyRjIwMjQlMkYxMiUyRnVsdGltYXRlLW1vYmlsZS5wbmclMjIlMjAlMkYlM0UlMEElM0MlMkZkaXYlM0UlMEElMEElM0NkaXYlMjBjbGFzcyUzRCUyMm1haW4tbGFuZGluZyUyMiUzRSUwQSUwOSUzQ2RpdiUyMGNsYXNzJTNEJTIybWFpbi1sYW5kaW5nX19jb250ZW50JTIyJTNFJTBBJTA5JTA5JTNDaDIlM0VBaG9sJTIwYSUyMHZlemV0JUM1JTkxJTNDJTJGaDIlM0UlMEElMDklMDklM0NwJTNFcGFyYW5jc29sJTNDJTJGcCUzRSUwQSUwOSUwOSUzQ2ltZyUyMHNyYyUzRCUyMiUyRndwLWNvbnRlbnQlMkZ1cGxvYWRzJTJGMjAyNSUyRjAxJTJGY29tbWFuZGVyLnN2ZyUyMiUyMCUyRiUzRSUwQSUwOSUwOSUzQ2RpdiUyMGNsYXNzJTNEJTIybWFpbi1sYW5kaW5nX19hY3Rpb24lMjIlM0UlMEElMDklMDklMDklNUJwb3N0X3VybCUyMGlkJTNEJTIyODg2NCUyMiUyMG5hbWUlM0QlMjJUdWRqJTIwbWVnJTIwdCVDMyVCNmJiZXQlMjIlMjAlMkYlNUQlMEElMDklMDklMDklNUJwb3N0X3VybCUyMGlkJTNEJTIyODg2NCUyMiUyMG5hbWUlM0QlMjJWJUMzJUExcyVDMyVBMXJsJUMzJUExcyUyMiUyMCUyRiU1RCUwQSUwOSUwOSUzQyUyRmRpdiUzRSUwQSUwOSUzQyUyRmRpdiUzRSUwQSUwOSUzQ2ltZyUyMGNsYXNzJTNEJTIybWFpbi1sYW5kaW5nX19iYWNrZ3JvdW5kJTIyJTIwc3JjJTNEJTIyJTJGd3AtY29udGVudCUyRnVwbG9hZHMlMkYyMDI1JTJGMDElMkZjb21tYW5kZXIucG5nJTIyJTIwJTJGJTNFJTBBJTA5JTNDaW1nJTIwY2xhc3MlM0QlMjJtYWluLWxhbmRpbmdfX2JhY2tncm91bmQlMjBtYWluLWxhbmRpbmdfX2JhY2tncm91bmQtLW1vYmlsZSUyMiUyMHNyYyUzRCUyMiUyRndwLWNvbnRlbnQlMkZ1cGxvYWRzJTJGMjAyNSUyRjAxJTJGY29tbWFuZGVyLW1vYmlsZS5wbmclMjIlMjAlMkYlM0UlMEElM0MlMkZkaXYlM0UlMEElMEElM0NkaXYlMjBjbGFzcyUzRCUyMm1haW4tbGFuZGluZyUyMiUzRSUwQSUwOSUzQ2RpdiUyMGNsYXNzJTNEJTIybWFpbi1sYW5kaW5nX19jb250ZW50JTIyJTNFJTBBJTA5JTA5JTNDaDIlM0VBbWlrb3IlMjBhJTIwdGVsamVzJUMzJUFEdG0lQzMlQTlueSUzQyUyRmgyJTNFJTBBJTA5JTA5JTNDcCUzRXN6JUMzJUExbSVDMyVBRHQlM0MlMkZwJTNFJTBBJTA5JTA5JTNDaW1nJTIwc3JjJTNEJTIyJTJGd3AtY29udGVudCUyRnVwbG9hZHMlMkYyMDI1JTJGMDElMkZ2YW5ndWFyZC5zdmclMjIlMjAlMkYlM0UlMEElMDklMDklM0NkaXYlMjBjbGFzcyUzRCUyMm1haW4tbGFuZGluZ19fYWN0aW9uJTIyJTNFJTBBJTA5JTA5JTA5JTVCcG9zdF91cmwlMjBpZCUzRCUyMjg2NzUlMjIlMjBuYW1lJTNEJTIyVHVkaiUyMG1lZyUyMHQlQzMlQjZiYmV0JTIyJTIwJTJGJTVEJTBBJTA5JTA5JTA5JTVCcG9zdF91cmwlMjBpZCUzRCUyMjg2NzUlMjIlMjBuYW1lJTNEJTIyViVDMyVBMXMlQzMlQTFybCVDMyVBMXMlMjIlMjAlMkYlNUQlMEElMDklMDklM0MlMkZkaXYlM0UlMEElMDklM0MlMkZkaXYlM0UlMEElMDklM0NpbWclMjBjbGFzcyUzRCUyMm1haW4tbGFuZGluZ19fYmFja2dyb3VuZCUyMiUyMHNyYyUzRCUyMiUyRndwLWNvbnRlbnQlMkZ1cGxvYWRzJTJGMjAyNSUyRjAxJTJGdmFuZ3VhcmQucG5nJTIyJTIwJTJGJTNFJTBBJTA5JTNDaW1nJTIwY2xhc3MlM0QlMjJtYWluLWxhbmRpbmdfX2JhY2tncm91bmQlMjBtYWluLWxhbmRpbmdfX2JhY2tncm91bmQtLW1vYmlsZSUyMiUyMHNyYyUzRCUyMiUyRndwLWNvbnRlbnQlMkZ1cGxvYWRzJTJGMjAyNSUyRjAxJTJGdmFuZ3VhcmQtbW9iaWxlLnBuZyUyMiUyMCUyRiUzRSUwQSUzQyUyRmRpdiUzRQ==[\/vc_raw_html][\/vc_column][\/vc_row]<\/p>\n<\/div>","protected":false},"excerpt":{"rendered":"<p>Pr\u00e9mium ergon\u00f3mikus \u00e9s gaming sz\u00e9kek, Eur\u00f3p\u00e1ban tervezve. 5 kollekci\u00f3: Ergo Milano Pro, Ergo One, Ultimate, Vanguard, Commander. 9 be\u00e1ll\u00edt\u00e1si pont, 5D karf\u00e1k, l\u00e9legz\u0151 h\u00e1l\u00f3. 100 napos visszak\u00fcld\u00e9s, ingyenes EU sz\u00e1ll\u00edt\u00e1s. V\u00e1s\u00e1rolj most.<\/p>\n","protected":false},"author":1,"featured_media":0,"parent":0,"menu_order":0,"comment_status":"closed","ping_status":"closed","template":"template-fullwidth.php","meta":{"footnotes":""},"class_list":["post-26810","page","type-page","status-publish","hentry","no-thumb"],"_links":{"self":[{"href":"https:\/\/paradox24.com\/hu\/wp-json\/wp\/v2\/pages\/26810","targetHints":{"allow":["GET"]}}],"collection":[{"href":"https:\/\/paradox24.com\/hu\/wp-json\/wp\/v2\/pages"}],"about":[{"href":"https:\/\/paradox24.com\/hu\/wp-json\/wp\/v2\/types\/page"}],"author":[{"embeddable":true,"href":"https:\/\/paradox24.com\/hu\/wp-json\/wp\/v2\/users\/1"}],"replies":[{"embeddable":true,"href":"https:\/\/paradox24.com\/hu\/wp-json\/wp\/v2\/comments?post=26810"}],"version-history":[{"count":19,"href":"https:\/\/paradox24.com\/hu\/wp-json\/wp\/v2\/pages\/26810\/revisions"}],"predecessor-version":[{"id":31499,"href":"https:\/\/paradox24.com\/hu\/wp-json\/wp\/v2\/pages\/26810\/revisions\/31499"}],"wp:attachment":[{"href":"https:\/\/paradox24.com\/hu\/wp-json\/wp\/v2\/media?parent=26810"}],"curies":[{"name":"wp","href":"https:\/\/api.w.org\/{rel}","templated":true}]}}