{"id":14070,"date":"2024-10-21T12:30:37","date_gmt":"2024-10-21T11:30:37","guid":{"rendered":"https:\/\/paradox24.com\/product\/paradox-vanguard-crimson-arovs\/"},"modified":"2026-02-22T17:52:49","modified_gmt":"2026-02-22T16:52:49","slug":"paradox-vanguard-crimson-arovs","status":"publish","type":"product","link":"https:\/\/paradox24.com\/fr\/produit\/paradox-vanguard-crimson-arovs\/","title":{"rendered":"Chaise Gaming Paradox Vanguard Crimson Arovs"},"content":{"rendered":"<div class=\"wpb-content-wrapper\"><p>[vc_row full_width=\u00a0\u00bbstretch_row\u00a0\u00bb equal_height=\u00a0\u00bbyes\u00a0\u00bb content_placement=\u00a0\u00bbmiddle\u00a0\u00bb css=\u00a0\u00bb.vc_custom_1736350206512{margin-right: 10% !important;margin-left: 10% !important;}\u00a0\u00bb][vc_column][vc_column_text css=\u00a0\u00bb\u00a0\u00bb]<\/p>\n<h3 style=\"text-align: center\">Vanguard : Le Choix de la Performance<\/h3>\n<p>[\/vc_column_text][vc_empty_space height=\u00a0\u00bb16px\u00a0\u00bb][vc_row_inner equal_height=\u00a0\u00bbyes\u00a0\u00bb content_placement=\u00a0\u00bbmiddle\u00a0\u00bb][vc_column_inner width=\u00a0\u00bb1\/2&Prime;][vc_single_image image=\u00a0\u00bb7923&Prime; img_size=\u00a0\u00bb500&#215;500&Prime; alignment=\u00a0\u00bbcenter\u00a0\u00bb onclick=\u00a0\u00bblink_image\u00a0\u00bb css=\u00a0\u00bb\u00a0\u00bb][\/vc_column_inner][vc_column_inner width=\u00a0\u00bb1\/2&Prime;][vc_column_text css=\u00a0\u00bb\u00a0\u00bb]<\/p>\n<h4 style=\"text-align: center\"><strong>Qualit\u00e9 \u00e0 tous les niveaux<\/strong><\/h4>\n<p style=\"text-align: center\">Le cuir \u00e9cologique TechRX II de haute qualit\u00e9 est durable, lisse et respectueux de l&rsquo;environnement.<br \/>\nLes accents en velours assurent cette sensation de performance. Tout comme les surpiq\u00fbres contrast\u00e9es distinctives rappelant les voitures de course ou les accessoires de mode haut de gamme.<\/p>\n<p>[\/vc_column_text][\/vc_column_inner][\/vc_row_inner][vc_row_inner equal_height=\u00a0\u00bbyes\u00a0\u00bb content_placement=\u00a0\u00bbmiddle\u00a0\u00bb el_class=\u00a0\u00bbswap-on-mobile\u00a0\u00bb][vc_column_inner width=\u00a0\u00bb1\/2&Prime;][vc_column_text css=\u00a0\u00bb\u00a0\u00bb]<\/p>\n<h4 style=\"text-align: center\"><strong>Support Lombaire<\/strong><\/h4>\n<p style=\"text-align: center\">La S\u00e9rie Vanguard dispose d&rsquo;un coussin lombaire qui aligne votre colonne vert\u00e9brale et soulage les tensions du bas du dos. Fabriqu\u00e9 en mousse \u00e0 m\u00e9moire de forme r\u00e9active et envelopp\u00e9 de velours assorti, il combine parfaitement le soutien ergonomique et le raffinement esth\u00e9tique.<\/p>\n<p>[\/vc_column_text][\/vc_column_inner][vc_column_inner width=\u00a0\u00bb1\/2&Prime;][vc_single_image image=\u00a0\u00bb7887&Prime; img_size=\u00a0\u00bb500&#215;500&Prime; alignment=\u00a0\u00bbcenter\u00a0\u00bb onclick=\u00a0\u00bblink_image\u00a0\u00bb css=\u00a0\u00bb\u00a0\u00bb][\/vc_column_inner][\/vc_row_inner][vc_row_inner equal_height=\u00a0\u00bbyes\u00a0\u00bb content_placement=\u00a0\u00bbmiddle\u00a0\u00bb][vc_column_inner width=\u00a0\u00bb1\/2&Prime;][vc_single_image image=\u00a0\u00bb7895&Prime; img_size=\u00a0\u00bb500&#215;500&Prime; alignment=\u00a0\u00bbcenter\u00a0\u00bb onclick=\u00a0\u00bblink_image\u00a0\u00bb css=\u00a0\u00bb\u00a0\u00bb][\/vc_column_inner][vc_column_inner width=\u00a0\u00bb1\/2&Prime;][vc_column_text css=\u00a0\u00bb\u00a0\u00bb]<\/p>\n<h4 style=\"text-align: center\"><strong>Si\u00e8ge R\u00e9glable en Hauteur<\/strong><\/h4>\n<p style=\"text-align: center\"><span style=\"font-weight: 400\">Parfaitement adapt\u00e9 aux personnes entre 165 et 185 cm, notre si\u00e8ge enti\u00e8rement r\u00e9glable assure un ajustement personnalis\u00e9. Le m\u00e9canisme pneumatique avanc\u00e9 TitanCore permet un r\u00e9glage en hauteur sans effort : tirez simplement le levier et soulevez l\u00e9g\u00e8rement pour monter le si\u00e8ge, ou appuyez dessus en position assise pour le baisser. Atteignez facilement la position ergonomique id\u00e9ale &#8211; vos genoux doivent former un angle de 90 degr\u00e9s, et vos coudes doivent reposer confortablement \u00e0 un angle de 90 degr\u00e9s sur votre bureau. Privil\u00e9giez le positionnement des coudes pour optimiser \u00e0 la fois le confort et la productivit\u00e9.<br \/>\n<\/span><\/p>\n<p>[\/vc_column_text][\/vc_column_inner][\/vc_row_inner][vc_row_inner equal_height=\u00a0\u00bbyes\u00a0\u00bb content_placement=\u00a0\u00bbmiddle\u00a0\u00bb el_class=\u00a0\u00bbswap-on-mobile\u00a0\u00bb][vc_column_inner width=\u00a0\u00bb1\/2&Prime;][vc_column_text css=\u00a0\u00bb\u00a0\u00bb]<\/p>\n<h4 style=\"text-align: center\"><strong>Positions de Dossier Personnalisables jusqu&rsquo;\u00e0 Plat<\/strong><\/h4>\n<p style=\"text-align: center\"><span style=\"font-weight: 400\">Ajustez et verrouillez le dossier dans quatre positions &#8211; de la concentration droite \u00e0 l&rsquo;inclinaison d\u00e9tendue. Changez librement de position tout au long de la journ\u00e9e pour garder vos muscles d\u00e9tendus, tandis que les supports lat\u00e9raux vous maintiennent fermement en place. Affinez la r\u00e9sistance d&rsquo;inclinaison pour correspondre \u00e0 votre poids et \u00e0 votre pr\u00e9f\u00e9rence de confort avec un simple tour de molette. <\/span><\/p>\n<p>[\/vc_column_text][\/vc_column_inner][vc_column_inner width=\u00a0\u00bb1\/2&Prime;][vc_single_image image=\u00a0\u00bb7911&Prime; img_size=\u00a0\u00bb500&#215;500&Prime; alignment=\u00a0\u00bbcenter\u00a0\u00bb onclick=\u00a0\u00bblink_image\u00a0\u00bb css=\u00a0\u00bb\u00a0\u00bb][\/vc_column_inner][\/vc_row_inner][vc_row_inner equal_height=\u00a0\u00bbyes\u00a0\u00bb rtl_reverse=\u00a0\u00bbyes\u00a0\u00bb content_placement=\u00a0\u00bbmiddle\u00a0\u00bb][vc_column_inner width=\u00a0\u00bb1\/2&Prime;][vc_single_image image=\u00a0\u00bb7931&Prime; img_size=\u00a0\u00bb500&#215;500&Prime; alignment=\u00a0\u00bbcenter\u00a0\u00bb onclick=\u00a0\u00bblink_image\u00a0\u00bb css=\u00a0\u00bb\u00a0\u00bb][\/vc_column_inner][vc_column_inner width=\u00a0\u00bb1\/2&Prime;][vc_column_text css=\u00a0\u00bb\u00a0\u00bb]<\/p>\n<h4 style=\"text-align: center\"><strong>Appui-t\u00eate<\/strong><\/h4>\n<p style=\"text-align: center\">Le repose-t\u00eate intelligent remplit une double fonction &#8211; vous offrant un soutien parfait tout en ajoutant du style \u00e0 votre chaise. Gr\u00e2ce aux aimants int\u00e9gr\u00e9s puissants, vous pouvez facilement le fixer ou le retirer quand vous le souhaitez.<\/p>\n<p>[\/vc_column_text][\/vc_column_inner][\/vc_row_inner][vc_row_inner equal_height=\u00a0\u00bbyes\u00a0\u00bb content_placement=\u00a0\u00bbmiddle\u00a0\u00bb el_class=\u00a0\u00bbswap-on-mobile\u00a0\u00bb][vc_column_inner width=\u00a0\u00bb1\/2&Prime;][vc_column_text css=\u00a0\u00bb\u00a0\u00bb]<\/p>\n<h4 style=\"text-align: center\"><strong>Accoudoirs FlexMotion 2D<\/strong><\/h4>\n<p style=\"text-align: center\">Ajustez-les vers le haut et le bas pour atteindre la hauteur parfaite et trouver le meilleur angle pour vos bras et poignets.<\/p>\n<p>[\/vc_column_text][\/vc_column_inner][vc_column_inner el_class=\u00a0\u00bbtwoje-kolumny-selector\u00a0\u00bb width=\u00a0\u00bb1\/2&Prime; el_id=\u00a0\u00bbtwoje-kolumny-selector\u00a0\u00bb][vc_single_image image=\u00a0\u00bb7907&Prime; img_size=\u00a0\u00bb500&#215;500&Prime; onclick=\u00a0\u00bblink_image\u00a0\u00bb css=\u00a0\u00bb\u00a0\u00bb][\/vc_column_inner][\/vc_row_inner][vc_row_inner equal_height=\u00a0\u00bbyes\u00a0\u00bb content_placement=\u00a0\u00bbmiddle\u00a0\u00bb][vc_column_inner width=\u00a0\u00bb1\/2&Prime;][vc_single_image image=\u00a0\u00bb7943&Prime; img_size=\u00a0\u00bb500&#215;500&Prime; alignment=\u00a0\u00bbcenter\u00a0\u00bb onclick=\u00a0\u00bblink_image\u00a0\u00bb css=\u00a0\u00bb\u00a0\u00bb][\/vc_column_inner][vc_column_inner width=\u00a0\u00bb1\/2&Prime;][vc_column_text css=\u00a0\u00bb\u00a0\u00bb]<\/p>\n<h4 style=\"text-align: center\"><strong>Base TitanCore<\/strong><\/h4>\n<p style=\"text-align: center\">Con\u00e7u pour supporter jusqu&rsquo;\u00e0 120 kilogrammes, ce si\u00e8ge garantit une fiabilit\u00e9 et une s\u00e9curit\u00e9 durables, ce qui en fait un excellent choix tant pour un usage professionnel que personnel.<\/p>\n<p>[\/vc_column_text][\/vc_column_inner][\/vc_row_inner][vc_row_inner equal_height=\u00a0\u00bbyes\u00a0\u00bb content_placement=\u00a0\u00bbmiddle\u00a0\u00bb][vc_column_inner width=\u00a0\u00bb1\/2&Prime;][vc_column_text css=\u00a0\u00bb\u00a0\u00bb]<\/p>\n<h4 style=\"text-align: center\"><strong>Roulettes QuickSpin 360\u00b0<\/strong><\/h4>\n<p style=\"text-align: center\">La fonction de pivotement \u00e0 360 degr\u00e9s vous permet de tourner sans effort dans toutes les directions, offrant une flexibilit\u00e9 maximale et un acc\u00e8s facile \u00e0 toutes les zones de votre bureau et de votre environnement &#8211; le tout en silence.<\/p>\n<p>[\/vc_column_text][\/vc_column_inner][vc_column_inner width=\u00a0\u00bb1\/2&Prime;][vc_single_image image=\u00a0\u00bb7923&Prime; img_size=\u00a0\u00bb500&#215;500&Prime; alignment=\u00a0\u00bbcenter\u00a0\u00bb css=\u00a0\u00bb\u00a0\u00bb][\/vc_column_inner][\/vc_row_inner][vc_row_inner equal_height=\u00a0\u00bbyes\u00a0\u00bb content_placement=\u00a0\u00bbmiddle\u00a0\u00bb el_class=\u00a0\u00bbswap-on-mobile\u00a0\u00bb][vc_column_inner width=\u00a0\u00bb1\/2&Prime;][vc_single_image image=\u00a0\u00bb7903&Prime; img_size=\u00a0\u00bb500&#215;500&Prime; alignment=\u00a0\u00bbcenter\u00a0\u00bb onclick=\u00a0\u00bblink_image\u00a0\u00bb css=\u00a0\u00bb\u00a0\u00bb][\/vc_column_inner][vc_column_inner width=\u00a0\u00bb1\/2&Prime;][vc_column_text css=\u00a0\u00bb\u00a0\u00bb]<\/p>\n<h4 style=\"text-align: center\"><strong>Assemblage Facile<\/strong><\/h4>\n<p style=\"text-align: center\">Des instructions visuelles claires permettent d&rsquo;assembler la chaise en moins de 20 minutes. Que vous le fassiez seul ou avec un ami &#8211; nous avons fait en sorte que ce soit facile.<\/p>\n<p>[\/vc_column_text][\/vc_column_inner][\/vc_row_inner][vc_column_text css=\u00a0\u00bb\u00a0\u00bb][\/vc_column_text][vc_empty_space height=\u00a0\u00bb16px\u00a0\u00bb][vc_column_text css=\u00a0\u00bb\u00a0\u00bb]<\/p>\n<h4 style=\"text-align: center\"><strong>Informations d&rsquo;exp\u00e9dition<\/strong><\/h4>\n<p style=\"text-align: center\"><span style=\"font-weight: 400\">Tous nos produits sont exp\u00e9di\u00e9s depuis notre entrep\u00f4t en Pologne. Nous utilisons des soci\u00e9t\u00e9s de livraison sp\u00e9cialis\u00e9es (DHL, DPD, Geis). Le d\u00e9lai de livraison d\u00e9pend de votre localisation, mais prend g\u00e9n\u00e9ralement 2-3 jours ouvrables (maximum 5 jours). Votre colis peut \u00eatre divis\u00e9 et envoy\u00e9 en plusieurs bo\u00eetes\/livraisons (particuli\u00e8rement si vous commandez plus d&rsquo;un article). Tous les colis sont assur\u00e9s. \u00c0 la r\u00e9ception du colis, veuillez v\u00e9rifier son \u00e9tat et r\u00e9diger le protocole avec le coursier. <\/span><\/p>\n<h4 style=\"text-align: center\"><strong>Garantie<\/strong><\/h4>\n<p style=\"text-align: center\"><span style=\"font-weight: 400\">Nous offrons une garantie standard de 2 ans pour les particuliers et 1 an pour les professionnels.<\/span><\/p>\n<h4 style=\"text-align: center\"><strong>Assurance Qualit\u00e9 <\/strong><\/h4>\n<p style=\"text-align: center\"><span style=\"font-weight: 400\">Toutes nos chaises sont conformes aux normes tr\u00e8s strictes de l&rsquo;Union Europ\u00e9enne (EN) et aux normes am\u00e9ricaines (BIFMA &#8211; Business and Institutional Furniture Manufacturer&rsquo;s Association). Toutes nos chaises ont \u00e9t\u00e9 soumises \u00e0 200 000 cycles de tests, incluant des tests de charge dynamique et statique (imaginez une personne lourde s&rsquo;asseyant sur une chaise 200 000 fois !!!), des tests de durabilit\u00e9 du si\u00e8ge et du dossier, des tests de r\u00e9sistance des accoudoirs, des tests de pivotement, des tests du m\u00e9canisme d&rsquo;inclinaison, des tests de roulettes et des tests de stabilit\u00e9. <\/span><\/p>\n<p>[\/vc_column_text][\/vc_column][\/vc_row]<\/p>\n<p>[product_images images=\u00a0\u00bb19104&Prime;]<\/p>\n<\/div>","protected":false},"excerpt":{"rendered":"<ul>\n<li style=\"font-weight: 400;\" aria-level=\"1\"><b>Pour les Joueurs Qui Veulent une Qualit\u00e9 Premium sans Compromis:<\/b><span style=\"font-weight: 400;\"> Id\u00e9al pour ceux qui recherchent un confort fiable et \u00e9l\u00e9gant \u00e0 prix abordable.<br \/>\n<\/span><\/li>\n<li style=\"font-weight: 400;\" aria-level=\"1\"><b>\u00c9quilibre Parfait entre Style et Fonctionnalit\u00e9: <\/b><span style=\"font-weight: 400;\">Offre un design audacieux pour exprimer sa personnalit\u00e9 sans sacrifier la qualit\u00e9.<br \/>\n<\/span><\/li>\n<li style=\"font-weight: 400;\" aria-level=\"1\"><b>Mat\u00e9riaux de Haute Qualit\u00e9 \u00e0 un Prix Intelligent: <\/b><span style=\"font-weight: 400;\">Construit avec des mat\u00e9riaux durables pour le confort et le soutien.<br \/>\n<\/span><\/li>\n<\/ul>\n<p><b>Options Esth\u00e9tiques Polyvalentes:<\/b><span style=\"font-weight: 400;\"> Va des designs minimalistes aux plus \u00e9labor\u00e9s, r\u00e9pondant aux go\u00fbts divers.<br \/>\n<\/span><\/p>\n","protected":false},"featured_media":14071,"template":"","meta":[],"product_cat":[52,105],"product_tag":[],"class_list":{"0":"post-14070","1":"product","2":"type-product","3":"status-publish","4":"has-post-thumbnail","6":"product_cat-gaming-chairs","7":"product_cat-vanguard-collection","8":"","10":"first","11":"instock","12":"sale","13":"taxable","14":"shipping-taxable","15":"purchasable","16":"product-type-simple"},"_links":{"self":[{"href":"https:\/\/paradox24.com\/fr\/wp-json\/wp\/v2\/product\/14070","targetHints":{"allow":["GET"]}}],"collection":[{"href":"https:\/\/paradox24.com\/fr\/wp-json\/wp\/v2\/product"}],"about":[{"href":"https:\/\/paradox24.com\/fr\/wp-json\/wp\/v2\/types\/product"}],"wp:featuredmedia":[{"embeddable":true,"href":"https:\/\/paradox24.com\/fr\/wp-json\/wp\/v2\/media\/14071"}],"wp:attachment":[{"href":"https:\/\/paradox24.com\/fr\/wp-json\/wp\/v2\/media?parent=14070"}],"wp:term":[{"taxonomy":"product_cat","embeddable":true,"href":"https:\/\/paradox24.com\/fr\/wp-json\/wp\/v2\/product_cat?post=14070"},{"taxonomy":"product_tag","embeddable":true,"href":"https:\/\/paradox24.com\/fr\/wp-json\/wp\/v2\/product_tag?post=14070"}],"curies":[{"name":"wp","href":"https:\/\/api.w.org\/{rel}","templated":true}]}}