{"id":13106,"date":"2024-10-23T13:10:57","date_gmt":"2024-10-23T11:10:57","guid":{"rendered":"https:\/\/paradox24.com\/product\/paradox-by-fellow-black\/"},"modified":"2024-10-23T13:10:57","modified_gmt":"2024-10-23T11:10:57","slug":"paradox-by-fellow-black","status":"publish","type":"product","link":"https:\/\/paradox24.com\/fr\/produit\/paradox-by-fellow-black\/","title":{"rendered":"Mug Thermique Paradox par Fellow &#8211; Noir"},"content":{"rendered":"","protected":false},"excerpt":{"rendered":"<p><span data-sheets-root=\"1\">Paradox par Fellow \u2013 parce que la vie est un jeu, et chaque joueur m\u00e9rite un power-up. Con\u00e7u pour les mouvements audacieux et les moments inoubliables, ce mug \u00e9l\u00e9gant et anti-\u00e9claboussures vous permet de savourer pleinement le go\u00fbt de votre caf\u00e9 en d\u00e9placement. Jouez avec intensit\u00e9 et affrontez la journ\u00e9e comme un vrai champion !  <\/span><\/p>\n","protected":false},"featured_media":13107,"template":"","meta":[],"product_cat":[100],"product_tag":[],"class_list":{"0":"post-13106","1":"product","2":"type-product","3":"status-publish","4":"has-post-thumbnail","6":"product_cat-thermal-mugs","7":"","9":"first","10":"instock","11":"taxable","12":"shipping-taxable","13":"purchasable","14":"product-type-simple"},"_links":{"self":[{"href":"https:\/\/paradox24.com\/fr\/wp-json\/wp\/v2\/product\/13106","targetHints":{"allow":["GET"]}}],"collection":[{"href":"https:\/\/paradox24.com\/fr\/wp-json\/wp\/v2\/product"}],"about":[{"href":"https:\/\/paradox24.com\/fr\/wp-json\/wp\/v2\/types\/product"}],"wp:featuredmedia":[{"embeddable":true,"href":"https:\/\/paradox24.com\/fr\/wp-json\/wp\/v2\/media\/13107"}],"wp:attachment":[{"href":"https:\/\/paradox24.com\/fr\/wp-json\/wp\/v2\/media?parent=13106"}],"wp:term":[{"taxonomy":"product_cat","embeddable":true,"href":"https:\/\/paradox24.com\/fr\/wp-json\/wp\/v2\/product_cat?post=13106"},{"taxonomy":"product_tag","embeddable":true,"href":"https:\/\/paradox24.com\/fr\/wp-json\/wp\/v2\/product_tag?post=13106"}],"curies":[{"name":"wp","href":"https:\/\/api.w.org\/{rel}","templated":true}]}}