{"id":12951,"date":"2024-10-23T13:14:41","date_gmt":"2024-10-23T11:14:41","guid":{"rendered":"https:\/\/paradox24.com\/product\/paradox-by-fellow-red\/"},"modified":"2024-10-23T13:14:41","modified_gmt":"2024-10-23T11:14:41","slug":"paradox-by-fellow-red","status":"publish","type":"product","link":"https:\/\/paradox24.com\/fr\/produit\/paradox-by-fellow-red\/","title":{"rendered":"Mug Thermique Paradox par Fellow &#8211; Rouge"},"content":{"rendered":"","protected":false},"excerpt":{"rendered":"<p><span data-sheets-root=\"1\">Paradox par Fellow \u2013 parce que la vie est un jeu, et chaque joueur m\u00e9rite un power-up. Con\u00e7u pour les mouvements audacieux et les moments inoubliables, ce mug \u00e9l\u00e9gant et anti-\u00e9claboussures vous permet de savourer pleinement le go\u00fbt de votre caf\u00e9 en d\u00e9placement. Jouez avec intensit\u00e9 et affrontez la journ\u00e9e comme un vrai champion !  <\/span><\/p>\n","protected":false},"featured_media":12952,"template":"","meta":[],"product_cat":[100],"product_tag":[],"class_list":{"0":"post-12951","1":"product","2":"type-product","3":"status-publish","4":"has-post-thumbnail","6":"product_cat-thermal-mugs","7":"","9":"first","10":"instock","11":"taxable","12":"shipping-taxable","13":"purchasable","14":"product-type-simple"},"_links":{"self":[{"href":"https:\/\/paradox24.com\/fr\/wp-json\/wp\/v2\/product\/12951","targetHints":{"allow":["GET"]}}],"collection":[{"href":"https:\/\/paradox24.com\/fr\/wp-json\/wp\/v2\/product"}],"about":[{"href":"https:\/\/paradox24.com\/fr\/wp-json\/wp\/v2\/types\/product"}],"wp:featuredmedia":[{"embeddable":true,"href":"https:\/\/paradox24.com\/fr\/wp-json\/wp\/v2\/media\/12952"}],"wp:attachment":[{"href":"https:\/\/paradox24.com\/fr\/wp-json\/wp\/v2\/media?parent=12951"}],"wp:term":[{"taxonomy":"product_cat","embeddable":true,"href":"https:\/\/paradox24.com\/fr\/wp-json\/wp\/v2\/product_cat?post=12951"},{"taxonomy":"product_tag","embeddable":true,"href":"https:\/\/paradox24.com\/fr\/wp-json\/wp\/v2\/product_tag?post=12951"}],"curies":[{"name":"wp","href":"https:\/\/api.w.org\/{rel}","templated":true}]}}